{"id":31418,"date":"2024-05-21T14:03:13","date_gmt":"2024-05-21T12:03:13","guid":{"rendered":"https:\/\/www.geneva-lawyers.com\/minimo-imprescindible\/"},"modified":"2025-04-14T16:06:18","modified_gmt":"2025-04-14T14:06:18","slug":"minimo-imprescindible","status":"publish","type":"page","link":"https:\/\/www.geneva-lawyers.com\/es\/minimo-imprescindible\/","title":{"rendered":"M\u00ednimo imprescindible"},"content":{"rendered":"\t\t<div data-elementor-type=\"wp-page\" data-elementor-id=\"31418\" class=\"elementor elementor-31418 elementor-29024\" data-elementor-post-type=\"page\">\n\t\t\t\t\t\t<section class=\"elementor-section elementor-top-section elementor-element elementor-element-b221a50 elementor-section-boxed elementor-section-height-default elementor-section-height-default\" data-id=\"b221a50\" data-element_type=\"section\" data-e-type=\"section\" data-settings=\"{&quot;background_background&quot;:&quot;classic&quot;}\">\n\t\t\t\t\t\t\t<div class=\"elementor-background-overlay\"><\/div>\n\t\t\t\t\t\t\t<div class=\"elementor-container elementor-column-gap-default\">\n\t\t\t\t\t<div class=\"elementor-column elementor-col-100 elementor-top-column elementor-element elementor-element-7d5186b5\" data-id=\"7d5186b5\" data-element_type=\"column\" data-e-type=\"column\">\n\t\t\t<div class=\"elementor-widget-wrap elementor-element-populated\">\n\t\t\t\t\t\t<div class=\"elementor-element elementor-element-b5c0e3a elementor-widget-divider--view-line elementor-widget elementor-widget-divider\" data-id=\"b5c0e3a\" data-element_type=\"widget\" data-e-type=\"widget\" data-widget_type=\"divider.default\">\n\t\t\t\t<div class=\"elementor-widget-container\">\n\t\t\t\t\t\t\t<div class=\"elementor-divider\">\n\t\t\t<span class=\"elementor-divider-separator\">\n\t\t\t\t\t\t<\/span>\n\t\t<\/div>\n\t\t\t\t\t\t<\/div>\n\t\t\t\t<\/div>\n\t\t\t\t<div class=\"elementor-element elementor-element-764a6c6f elementor-align-center elementor-widget elementor-widget-button\" data-id=\"764a6c6f\" data-element_type=\"widget\" data-e-type=\"widget\" data-widget_type=\"button.default\">\n\t\t\t\t<div class=\"elementor-widget-container\">\n\t\t\t\t\t\t\t\t\t<div class=\"elementor-button-wrapper\">\n\t\t\t\t\t<a class=\"elementor-button elementor-button-link elementor-size-sm\" href=\"https:\/\/www.geneva-lawyers.com\/es\/contacto\/\">\n\t\t\t\t\t\t<span class=\"elementor-button-content-wrapper\">\n\t\t\t\t\t\t\t\t\t<span class=\"elementor-button-text\">Pide cita con un abogado<\/span>\n\t\t\t\t\t<\/span>\n\t\t\t\t\t<\/a>\n\t\t\t\t<\/div>\n\t\t\t\t\t\t\t\t<\/div>\n\t\t\t\t<\/div>\n\t\t\t\t\t<\/div>\n\t\t<\/div>\n\t\t\t\t\t<\/div>\n\t\t<\/section>\n\t\t\t\t<section class=\"elementor-section elementor-top-section elementor-element elementor-element-58897fac elementor-section-boxed elementor-section-height-default elementor-section-height-default\" data-id=\"58897fac\" data-element_type=\"section\" data-e-type=\"section\">\n\t\t\t\t\t\t<div class=\"elementor-container elementor-column-gap-default\">\n\t\t\t\t\t<div class=\"elementor-column elementor-col-100 elementor-top-column elementor-element elementor-element-412eeeb0\" data-id=\"412eeeb0\" data-element_type=\"column\" data-e-type=\"column\">\n\t\t\t<div class=\"elementor-widget-wrap elementor-element-populated\">\n\t\t\t\t\t\t<div class=\"elementor-element elementor-element-158cab51 elementor-widget elementor-widget-heading\" data-id=\"158cab51\" data-element_type=\"widget\" data-e-type=\"widget\" data-widget_type=\"heading.default\">\n\t\t\t\t<div class=\"elementor-widget-container\">\n\t\t\t\t\t<h2 class=\"elementor-heading-title elementor-size-default\">El m\u00ednimo vital en los procesos de divorcio\n\n<\/h2>\t\t\t\t<\/div>\n\t\t\t\t<\/div>\n\t\t\t\t<div class=\"elementor-element elementor-element-6e970b2c elementor-widget-divider--view-line elementor-widget elementor-widget-divider\" data-id=\"6e970b2c\" data-element_type=\"widget\" data-e-type=\"widget\" data-widget_type=\"divider.default\">\n\t\t\t\t<div class=\"elementor-widget-container\">\n\t\t\t\t\t\t\t<div class=\"elementor-divider\">\n\t\t\t<span class=\"elementor-divider-separator\">\n\t\t\t\t\t\t<\/span>\n\t\t<\/div>\n\t\t\t\t\t\t<\/div>\n\t\t\t\t<\/div>\n\t\t\t\t<div class=\"elementor-element elementor-element-265434b9 elementor-widget elementor-widget-text-editor\" data-id=\"265434b9\" data-element_type=\"widget\" data-e-type=\"widget\" data-widget_type=\"text-editor.default\">\n\t\t\t\t<div class=\"elementor-widget-container\">\n\t\t\t\t\t\t\t\t\t<p>El concepto de m\u00ednimo de subsistencia es un elemento fundamental y a menudo intrincado del derecho matrimonial suizo, especialmente en los casos de disoluci\u00f3n del matrimonio. Como principio b\u00e1sico, el m\u00ednimo de subsistencia abarca las necesidades econ\u00f3micas b\u00e1sicas que una persona debe poder satisfacer para llevar una vida decente y digna. Incluye los gastos de vivienda, alimentaci\u00f3n, vestido, educaci\u00f3n, gastos m\u00e9dicos y transporte.  <\/p><p>En el contexto del derecho matrimonial suizo, el m\u00ednimo vital adquiere especial importancia en caso de divorcio. Es fundamental en los debates sobre la pensi\u00f3n alimenticia de los c\u00f3nyuges, en los que los tribunales son responsables de garantizar que los c\u00f3nyuges divorciados dispongan de recursos suficientes para cubrir sus necesidades esenciales. Esta preocupaci\u00f3n est\u00e1 arraigada en el derecho suizo, que considera el matrimonio como una asociaci\u00f3n de apoyo mutuo, incluso despu\u00e9s de su disoluci\u00f3n.  <\/p><h3>Fundamentos jur\u00eddicos<\/h3><p>El m\u00ednimo vital en el derecho matrimonial suizo est\u00e1 estrechamente vinculado a la legislaci\u00f3n y jurisprudencia aplicables. Los art\u00edculos pertinentes del C\u00f3digo Civil suizo relativos al divorcio y a la obligaci\u00f3n de alimentos constituyen la base jur\u00eddica de este concepto. <\/p><p>El C\u00f3digo Civil suizo, sobre todo en sus disposiciones relativas al divorcio, aborda la cuesti\u00f3n de la pensi\u00f3n alimenticia del c\u00f3nyuge. Establece que cada c\u00f3nyuge debe contribuir a la manutenci\u00f3n del otro en funci\u00f3n de sus posibilidades, teniendo en cuenta el estilo de vida durante el matrimonio. As\u00ed, el m\u00ednimo de subsistencia est\u00e1 protegido por la ley, y los tribunales deben garantizar que las obligaciones de alimentos no reduzcan los medios de subsistencia de ninguno de los c\u00f3nyuges por debajo de este umbral.  <\/p><p>La definici\u00f3n precisa del m\u00ednimo de subsistencia incluye los elementos esenciales de la vida diaria. Abarca todos los gastos necesarios para garantizar la subsistencia de un individuo, como vivienda, alimentos, ropa, gastos m\u00e9dicos y otras necesidades fundamentales. La legislaci\u00f3n suiza no proporciona una lista exhaustiva de los elementos incluidos, lo que permite cierta flexibilidad a la hora de interpretar lo que constituye el m\u00ednimo de subsistencia para un individuo determinado.  <\/p><p>Aqu\u00ed es donde el papel de la jurisprudencia resulta crucial a la hora de interpretar y aplicar el m\u00ednimo de subsistencia. Las decisiones judiciales anteriores han establecido principios y directrices para determinar qu\u00e9 debe incluirse en el m\u00ednimo de subsistencia. Por ejemplo, los tribunales pueden haber dictaminado c\u00f3mo tratar las deudas u obligaciones econ\u00f3micas contra\u00eddas durante el matrimonio, o c\u00f3mo tener en cuenta las necesidades espec\u00edficas de un c\u00f3nyuge debido a su edad, salud o situaci\u00f3n laboral.  <\/p><h3>C\u00e1lculo y determinaci\u00f3n del m\u00ednimo de subsistencia<\/h3><p>El c\u00e1lculo y la determinaci\u00f3n del m\u00ednimo vital en los procesos de divorcio son pasos esenciales y complejos en la aplicaci\u00f3n de los principios recogidos en el Derecho matrimonial suizo. Estos pasos requieren un an\u00e1lisis exhaustivo de diversos factores y una aplicaci\u00f3n juiciosa de la ley. <\/p><p>El primer paso de este proceso consiste en examinar los elementos considerados al establecer el m\u00ednimo de subsistencia. Esto incluye analizar los ingresos, gastos, bienes y deudas de ambas partes. Los ingresos pueden incluir salarios, pensiones, inversiones y otras fuentes de ingresos regulares. Los gastos abarcan todos los gastos necesarios para mantener un nivel de vida decente, incluidos el alquiler, las facturas, los gastos m\u00e9dicos y los gastos educativos. Considerar los bienes y las deudas proporciona una visi\u00f3n global de la situaci\u00f3n econ\u00f3mica de los c\u00f3nyuges y ayuda a establecer un reparto justo y equitativo de los recursos.    <\/p><p>La situaci\u00f3n personal de los c\u00f3nyuges tambi\u00e9n es un factor determinante para calcular el m\u00ednimo de subsistencia. El n\u00famero de hijos, sus edades, el estado de salud de los c\u00f3nyuges, sus oportunidades laborales y su nivel de vida durante el matrimonio son factores que pueden influir en la cantidad definida como m\u00ednimo de subsistencia. Por ejemplo, un c\u00f3nyuge con la custodia de los hijos puede tener mayores necesidades econ\u00f3micas para cubrir los gastos de educaci\u00f3n y cuidado.  <\/p><p>Adem\u00e1s, la aplicaci\u00f3n de estos principios en casos concretos puede ilustrarse mediante ejemplos pr\u00e1cticos y jurisprudencia. Las decisiones judiciales en casos anteriores proporcionan orientaci\u00f3n y precedentes que ayudan a interpretar la ley en circunstancias concretas. Por ejemplo, una sentencia puede aclarar c\u00f3mo deben ajustarse las obligaciones de alimentos si uno de los c\u00f3nyuges obtiene un nuevo empleo con un salario m\u00e1s alto o si el otro c\u00f3nyuge se enfrenta a dificultades econ\u00f3micas imprevistas.  <\/p><h3>Consecuencias del incumplimiento del m\u00ednimo de subsistencia<\/h3><p>El incumplimiento del m\u00ednimo vital en un divorcio puede tener consecuencias importantes y variadas. Estas consecuencias afectan al c\u00f3nyuge acreedor, al c\u00f3nyuge deudor, a los hijos e incluso a la sociedad en general. Analizar estas consecuencias requiere un profundo conocimiento de las obligaciones y derechos legales de las partes implicadas.  <\/p><p>En primer lugar, est\u00e1n las obligaciones impuestas al c\u00f3nyuge deudor en caso de incumplimiento del m\u00ednimo de subsistencia del c\u00f3nyuge acreedor. El C\u00f3digo Civil suizo establece claramente que cada c\u00f3nyuge debe contribuir a la manutenci\u00f3n del otro en funci\u00f3n de sus capacidades y que el m\u00ednimo de subsistencia debe estar protegido. Si un c\u00f3nyuge incumple estas obligaciones, puede ser obligado a pagar da\u00f1os y perjuicios o incluso enfrentarse a sanciones penales. El incumplimiento de esta obligaci\u00f3n tambi\u00e9n puede influir en otras decisiones judiciales, como la custodia de los hijos o la divisi\u00f3n de bienes.   <\/p><p>En segundo lugar, existen recursos legales a disposici\u00f3n del c\u00f3nyuge acreedor en caso de incumplimiento del m\u00ednimo vital. \u00c9ste puede emprender acciones legales para hacer cumplir las obligaciones de alimentos o modificar los acuerdos existentes si han cambiado las circunstancias. Los tribunales suizos tienen autoridad para ordenar el pago de las pensiones alimenticias y pueden tomar medidas para garantizar el cumplimiento de estas obligaciones, como embargar bienes o cuentas bancarias.  <\/p><p>El impacto sobre los ni\u00f1os tambi\u00e9n es una consideraci\u00f3n importante. El m\u00ednimo de subsistencia incluye las necesidades de los ni\u00f1os, y el incumplimiento de estas obligaciones puede perjudicar su bienestar y desarrollo. Los ni\u00f1os pueden verse privados de oportunidades educativas, atenci\u00f3n m\u00e9dica o incluso alimentaci\u00f3n y vivienda adecuadas. Los tribunales se toman muy en serio el bienestar de los ni\u00f1os y pueden tomar medidas para garantizar que se satisfacen sus necesidades, aunque ello requiera modificar los acuerdos de custodia o manutenci\u00f3n.   <\/p><h3>Evoluci\u00f3n reciente y perspectivas de futuro<\/h3><p>La protecci\u00f3n del m\u00ednimo vital en el derecho matrimonial suizo plantea retos y problemas que reflejan la complejidad del propio concepto. Estos retos abarcan aspectos jur\u00eddicos, pr\u00e1cticos y \u00e9ticos, y su resoluci\u00f3n requiere una combinaci\u00f3n de conocimientos jur\u00eddicos, comprensi\u00f3n social y empat\u00eda. <\/p><p>En primer lugar, la falta de una definici\u00f3n precisa y detallada del m\u00ednimo de subsistencia en la legislaci\u00f3n puede plantear problemas. La flexibilidad de la definici\u00f3n del m\u00ednimo de subsistencia permite su aplicaci\u00f3n a circunstancias individuales, pero tambi\u00e9n puede dar lugar a incertidumbres e incoherencias en la aplicaci\u00f3n de la ley. Determinar el m\u00ednimo de subsistencia suele requerir un an\u00e1lisis caso por caso, y las diferencias de interpretaci\u00f3n pueden dar lugar a desigualdades en la aplicaci\u00f3n de la ley.  <\/p><p>En segundo lugar, los cambios en las circunstancias de las partes implicadas pueden plantear continuos retos a la hora de proteger el m\u00ednimo de subsistencia. Los cambios en los ingresos, la salud, la situaci\u00f3n laboral o incluso las necesidades de los hijos pueden exigir ajustes en las contribuciones a la pensi\u00f3n alimenticia. La naturaleza din\u00e1mica de estos factores dificulta el establecimiento de normas fijas, y el sistema jur\u00eddico debe ser capaz de responder r\u00e1pida y eficazmente a estos cambios.  <\/p><p>En tercer lugar, los conflictos entre el derecho a un m\u00ednimo de subsistencia y otros derechos y obligaciones tambi\u00e9n pueden plantear problemas. Por ejemplo, el derecho de uno de los c\u00f3nyuges a mantener su propio nivel de vida debe equilibrarse con la obligaci\u00f3n de mantener al otro c\u00f3nyuge y a los hijos. Equilibrar estos derechos contrapuestos requiere una evaluaci\u00f3n cuidadosa y una consideraci\u00f3n justa de todas las partes implicadas.  <\/p><p>Adem\u00e1s, los aspectos pr\u00e1cticos de la aplicaci\u00f3n de la ley tambi\u00e9n pueden crear obst\u00e1culos. Recopilar informaci\u00f3n precisa sobre ingresos, gastos, bienes y deudas puede ser un proceso laborioso y costoso. En los casos de no revelaci\u00f3n u ocultaci\u00f3n de bienes, determinar con precisi\u00f3n el m\u00ednimo de subsistencia puede resultar a\u00fan m\u00e1s complejo.  <\/p><p>En resumen, proteger el m\u00ednimo de subsistencia en el contexto del divorcio en Suiza es un proceso complejo y lleno de matices que presenta numerosos retos. Estos retos reflejan la naturaleza multidimensional del propio m\u00ednimo de subsistencia y requieren una combinaci\u00f3n de conocimientos jur\u00eddicos, experiencia pr\u00e1ctica y sensibilidad hacia las necesidades y los derechos de las personas. Esto subraya la importancia de una pr\u00e1ctica jur\u00eddica que sea a la vez t\u00e9cnicamente competente y \u00e9ticamente consciente de los valores humanos que est\u00e1n en el centro de estas cuestiones.  <\/p>\t\t\t\t\t\t\t\t<\/div>\n\t\t\t\t<\/div>\n\t\t\t\t\t<\/div>\n\t\t<\/div>\n\t\t\t\t\t<\/div>\n\t\t<\/section>\n\t\t\t\t<section class=\"elementor-section elementor-top-section elementor-element elementor-element-edd8f0e elementor-section-full_width elementor-section-height-min-height elementor-section-items-stretch elementor-section-content-middle elementor-section-height-default\" data-id=\"edd8f0e\" data-element_type=\"section\" data-e-type=\"section\" data-settings=\"{&quot;background_background&quot;:&quot;classic&quot;}\">\n\t\t\t\t\t\t<div class=\"elementor-container elementor-column-gap-no\">\n\t\t\t\t\t<div class=\"elementor-column elementor-col-50 elementor-top-column elementor-element elementor-element-4b617da1\" data-id=\"4b617da1\" data-element_type=\"column\" data-e-type=\"column\" data-settings=\"{&quot;background_background&quot;:&quot;classic&quot;}\">\n\t\t\t<div class=\"elementor-widget-wrap elementor-element-populated\">\n\t\t\t\t\t\t<div class=\"elementor-element elementor-element-6263c666 elementor-widget elementor-widget-spacer\" data-id=\"6263c666\" data-element_type=\"widget\" data-e-type=\"widget\" data-widget_type=\"spacer.default\">\n\t\t\t\t<div class=\"elementor-widget-container\">\n\t\t\t\t\t\t\t<div class=\"elementor-spacer\">\n\t\t\t<div class=\"elementor-spacer-inner\"><\/div>\n\t\t<\/div>\n\t\t\t\t\t\t<\/div>\n\t\t\t\t<\/div>\n\t\t\t\t\t<\/div>\n\t\t<\/div>\n\t\t\t\t<div class=\"elementor-column elementor-col-50 elementor-top-column elementor-element elementor-element-2a86b6d8\" data-id=\"2a86b6d8\" data-element_type=\"column\" data-e-type=\"column\" data-settings=\"{&quot;background_background&quot;:&quot;classic&quot;}\">\n\t\t\t<div class=\"elementor-widget-wrap elementor-element-populated\">\n\t\t\t\t\t\t<div class=\"elementor-element elementor-element-45f139a5 elementor-widget elementor-widget-heading\" data-id=\"45f139a5\" data-element_type=\"widget\" data-e-type=\"widget\" data-widget_type=\"heading.default\">\n\t\t\t\t<div class=\"elementor-widget-container\">\n\t\t\t\t\t<p class=\"elementor-heading-title elementor-size-default\">Consulta inicial  <\/p>\t\t\t\t<\/div>\n\t\t\t\t<\/div>\n\t\t\t\t<div class=\"elementor-element elementor-element-9fa5bd6 elementor-widget elementor-widget-heading\" data-id=\"9fa5bd6\" data-element_type=\"widget\" data-e-type=\"widget\" data-widget_type=\"heading.default\">\n\t\t\t\t<div class=\"elementor-widget-container\">\n\t\t\t\t\t<p class=\"elementor-heading-title elementor-size-default\">de 60 min a 220,00 CHF<\/p>\t\t\t\t<\/div>\n\t\t\t\t<\/div>\n\t\t\t\t<div class=\"elementor-element elementor-element-293a49a8 elementor-widget elementor-widget-text-editor\" data-id=\"293a49a8\" data-element_type=\"widget\" data-e-type=\"widget\" data-widget_type=\"text-editor.default\">\n\t\t\t\t<div class=\"elementor-widget-container\">\n\t\t\t\t\t\t\t\t\tDiscute tu situaci\u00f3n con un abogado especializado en Suiza.\n\t\t\t\t\t\t\t\t<\/div>\n\t\t\t\t<\/div>\n\t\t\t\t<div class=\"elementor-element elementor-element-2ec35057 elementor-widget-divider--view-line elementor-widget elementor-widget-divider\" data-id=\"2ec35057\" data-element_type=\"widget\" data-e-type=\"widget\" data-widget_type=\"divider.default\">\n\t\t\t\t<div class=\"elementor-widget-container\">\n\t\t\t\t\t\t\t<div class=\"elementor-divider\">\n\t\t\t<span class=\"elementor-divider-separator\">\n\t\t\t\t\t\t<\/span>\n\t\t<\/div>\n\t\t\t\t\t\t<\/div>\n\t\t\t\t<\/div>\n\t\t\t\t<div class=\"elementor-element elementor-element-1c96e137 elementor-widget elementor-widget-text-editor\" data-id=\"1c96e137\" data-element_type=\"widget\" data-e-type=\"widget\" data-widget_type=\"text-editor.default\">\n\t\t\t\t<div class=\"elementor-widget-container\">\n\t\t\t\t\t\t\t\t\t<p>\u00bfS\u00f3lo buscas una cita para hacer algunas preguntas?<br>\u00bfNo est\u00e1s seguro de los procedimientos que deseas realizar?<br>\u00bfTu situaci\u00f3n no est\u00e1 clara?<\/p><p><strong>Opta por una primera consulta con un abogado en Ginebra.<\/strong><\/p><p>Entonces decidir\u00e1s si quieres seguir adelante y nuestros abogados te dar\u00e1n el coste del procedimiento seg\u00fan tu caso. Citas disponibles en persona o por videoconferencia. <strong><br><\/strong><\/p>\t\t\t\t\t\t\t\t<\/div>\n\t\t\t\t<\/div>\n\t\t\t\t<div class=\"elementor-element elementor-element-4f144870 elementor-align-center elementor-widget elementor-widget-button\" data-id=\"4f144870\" data-element_type=\"widget\" data-e-type=\"widget\" data-widget_type=\"button.default\">\n\t\t\t\t<div class=\"elementor-widget-container\">\n\t\t\t\t\t\t\t\t\t<div class=\"elementor-button-wrapper\">\n\t\t\t\t\t<a class=\"elementor-button elementor-button-link elementor-size-sm\" href=\"https:\/\/www.geneva-lawyers.com\/es\/contacto\/\">\n\t\t\t\t\t\t<span class=\"elementor-button-content-wrapper\">\n\t\t\t\t\t\t\t\t\t<span class=\"elementor-button-text\">Pide cita con un abogado<\/span>\n\t\t\t\t\t<\/span>\n\t\t\t\t\t<\/a>\n\t\t\t\t<\/div>\n\t\t\t\t\t\t\t\t<\/div>\n\t\t\t\t<\/div>\n\t\t\t\t\t<\/div>\n\t\t<\/div>\n\t\t\t\t\t<\/div>\n\t\t<\/section>\n\t\t\t\t<\/div>\n\t\t","protected":false},"excerpt":{"rendered":"<p>Pide cita con un abogado El m\u00ednimo vital en los procesos de divorcio El concepto de m\u00ednimo de subsistencia es un elemento fundamental y a menudo intrincado del derecho matrimonial suizo, especialmente en los casos de disoluci\u00f3n del matrimonio. Como principio b\u00e1sico, el m\u00ednimo de subsistencia abarca las necesidades econ\u00f3micas b\u00e1sicas que una persona debe &#8230; <a title=\"M\u00ednimo imprescindible\" class=\"read-more\" href=\"https:\/\/www.geneva-lawyers.com\/es\/minimo-imprescindible\/\" aria-label=\"Leer m\u00e1s sobre M\u00ednimo imprescindible\">Leer m\u00e1s<\/a><\/p>\n","protected":false},"author":1,"featured_media":0,"parent":0,"menu_order":0,"comment_status":"closed","ping_status":"closed","template":"elementor_header_footer","meta":{"_acf_changed":false,"_seopress_robots_primary_cat":"","_seopress_titles_title":"","_seopress_titles_desc":"","_seopress_robots_index":"","footnotes":""},"class_list":["post-31418","page","type-page","status-publish"],"acf":[],"_links":{"self":[{"href":"https:\/\/www.geneva-lawyers.com\/es\/wp-json\/wp\/v2\/pages\/31418","targetHints":{"allow":["GET"]}}],"collection":[{"href":"https:\/\/www.geneva-lawyers.com\/es\/wp-json\/wp\/v2\/pages"}],"about":[{"href":"https:\/\/www.geneva-lawyers.com\/es\/wp-json\/wp\/v2\/types\/page"}],"author":[{"embeddable":true,"href":"https:\/\/www.geneva-lawyers.com\/es\/wp-json\/wp\/v2\/users\/1"}],"replies":[{"embeddable":true,"href":"https:\/\/www.geneva-lawyers.com\/es\/wp-json\/wp\/v2\/comments?post=31418"}],"version-history":[{"count":6,"href":"https:\/\/www.geneva-lawyers.com\/es\/wp-json\/wp\/v2\/pages\/31418\/revisions"}],"predecessor-version":[{"id":34152,"href":"https:\/\/www.geneva-lawyers.com\/es\/wp-json\/wp\/v2\/pages\/31418\/revisions\/34152"}],"wp:attachment":[{"href":"https:\/\/www.geneva-lawyers.com\/es\/wp-json\/wp\/v2\/media?parent=31418"}],"curies":[{"name":"wp","href":"https:\/\/api.w.org\/{rel}","templated":true}]}}