{"id":31424,"date":"2024-05-17T09:18:38","date_gmt":"2024-05-17T07:18:38","guid":{"rendered":"https:\/\/www.geneva-lawyers.com\/divorcio-en-suiza-obligacion-de-trabajar\/"},"modified":"2025-04-14T15:55:41","modified_gmt":"2025-04-14T13:55:41","slug":"divorcio-suiza-obligacion-trabajar","status":"publish","type":"page","link":"https:\/\/www.geneva-lawyers.com\/es\/divorcio-suiza-obligacion-trabajar\/","title":{"rendered":"Divorcio en Suiza: obligaci\u00f3n de trabajar"},"content":{"rendered":"\t\t<div data-elementor-type=\"wp-page\" data-elementor-id=\"31424\" class=\"elementor elementor-31424 elementor-29016\" data-elementor-post-type=\"page\">\n\t\t\t\t\t\t<section class=\"elementor-section elementor-top-section elementor-element elementor-element-183557fe elementor-section-boxed elementor-section-height-default elementor-section-height-default\" data-id=\"183557fe\" data-element_type=\"section\" data-e-type=\"section\" data-settings=\"{&quot;background_background&quot;:&quot;classic&quot;}\">\n\t\t\t\t\t\t\t<div class=\"elementor-background-overlay\"><\/div>\n\t\t\t\t\t\t\t<div class=\"elementor-container elementor-column-gap-default\">\n\t\t\t\t\t<div class=\"elementor-column elementor-col-100 elementor-top-column elementor-element elementor-element-6bf34a6c\" data-id=\"6bf34a6c\" data-element_type=\"column\" data-e-type=\"column\">\n\t\t\t<div class=\"elementor-widget-wrap elementor-element-populated\">\n\t\t\t\t\t\t<div class=\"elementor-element elementor-element-1184d24c elementor-widget-divider--view-line elementor-widget elementor-widget-divider\" data-id=\"1184d24c\" data-element_type=\"widget\" data-e-type=\"widget\" data-widget_type=\"divider.default\">\n\t\t\t\t<div class=\"elementor-widget-container\">\n\t\t\t\t\t\t\t<div class=\"elementor-divider\">\n\t\t\t<span class=\"elementor-divider-separator\">\n\t\t\t\t\t\t<\/span>\n\t\t<\/div>\n\t\t\t\t\t\t<\/div>\n\t\t\t\t<\/div>\n\t\t\t\t<div class=\"elementor-element elementor-element-3cb56ceb elementor-align-center elementor-widget elementor-widget-button\" data-id=\"3cb56ceb\" data-element_type=\"widget\" data-e-type=\"widget\" data-widget_type=\"button.default\">\n\t\t\t\t<div class=\"elementor-widget-container\">\n\t\t\t\t\t\t\t\t\t<div class=\"elementor-button-wrapper\">\n\t\t\t\t\t<a class=\"elementor-button elementor-button-link elementor-size-sm\" href=\"https:\/\/www.geneva-lawyers.com\/es\/contacto\/\">\n\t\t\t\t\t\t<span class=\"elementor-button-content-wrapper\">\n\t\t\t\t\t\t\t\t\t<span class=\"elementor-button-text\">Pide cita con un abogado<\/span>\n\t\t\t\t\t<\/span>\n\t\t\t\t\t<\/a>\n\t\t\t\t<\/div>\n\t\t\t\t\t\t\t\t<\/div>\n\t\t\t\t<\/div>\n\t\t\t\t\t<\/div>\n\t\t<\/div>\n\t\t\t\t\t<\/div>\n\t\t<\/section>\n\t\t\t\t<section class=\"elementor-section elementor-top-section elementor-element elementor-element-346e32c4 elementor-section-boxed elementor-section-height-default elementor-section-height-default\" data-id=\"346e32c4\" data-element_type=\"section\" data-e-type=\"section\">\n\t\t\t\t\t\t<div class=\"elementor-container elementor-column-gap-default\">\n\t\t\t\t\t<div class=\"elementor-column elementor-col-100 elementor-top-column elementor-element elementor-element-51fc5407\" data-id=\"51fc5407\" data-element_type=\"column\" data-e-type=\"column\">\n\t\t\t<div class=\"elementor-widget-wrap elementor-element-populated\">\n\t\t\t\t\t\t<div class=\"elementor-element elementor-element-5aae251e elementor-widget elementor-widget-heading\" data-id=\"5aae251e\" data-element_type=\"widget\" data-e-type=\"widget\" data-widget_type=\"heading.default\">\n\t\t\t\t<div class=\"elementor-widget-container\">\n\t\t\t\t\t<h2 class=\"elementor-heading-title elementor-size-default\">Obligaci\u00f3n de trabajar en caso de divorcio en Suiza\n<\/h2>\t\t\t\t<\/div>\n\t\t\t\t<\/div>\n\t\t\t\t<div class=\"elementor-element elementor-element-6a8cf6af elementor-widget-divider--view-line elementor-widget elementor-widget-divider\" data-id=\"6a8cf6af\" data-element_type=\"widget\" data-e-type=\"widget\" data-widget_type=\"divider.default\">\n\t\t\t\t<div class=\"elementor-widget-container\">\n\t\t\t\t\t\t\t<div class=\"elementor-divider\">\n\t\t\t<span class=\"elementor-divider-separator\">\n\t\t\t\t\t\t<\/span>\n\t\t<\/div>\n\t\t\t\t\t\t<\/div>\n\t\t\t\t<\/div>\n\t\t\t\t<div class=\"elementor-element elementor-element-796113b3 elementor-widget elementor-widget-text-editor\" data-id=\"796113b3\" data-element_type=\"widget\" data-e-type=\"widget\" data-widget_type=\"text-editor.default\">\n\t\t\t\t<div class=\"elementor-widget-container\">\n\t\t\t\t\t\t\t\t\t<div class=\"flex-1 overflow-hidden\"><div class=\"react-scroll-to-bottom--css-glktd-79elbk h-full\"><div class=\"react-scroll-to-bottom--css-glktd-1n7m0yu\"><div><div class=\"flex flex-col text-sm pb-9\"><div class=\"w-full text-token-text-primary\" dir=\"auto\" data-testid=\"conversation-turn-7\" data-scroll-anchor=\"true\"><div class=\"py-2 juice:py-[18px] px-3 text-base md:px-4 m-auto md:px-5 lg:px-1 xl:px-5\"><div class=\"mx-auto flex flex-1 gap-3 text-base juice:gap-4 juice:md:gap-6 md:max-w-3xl lg:max-w-[40rem] xl:max-w-[48rem]\"><div class=\"group\/conversation-turn relative flex w-full min-w-0 flex-col agent-turn\"><div class=\"flex-col gap-1 md:gap-3\"><div class=\"flex flex-grow flex-col max-w-full\"><div class=\"min-h-[20px] text-message flex flex-col items-start whitespace-pre-wrap break-words [.text-message+&amp;]:mt-5 juice:w-full juice:items-end overflow-x-auto gap-2\" dir=\"auto\" data-message-author-role=\"assistant\" data-message-id=\"bdb55c88-fa91-48be-a3e2-0e874bbd99da\"><div class=\"flex w-full flex-col gap-1 juice:empty:hidden juice:first:pt-[3px]\"><div class=\"markdown prose w-full break-words dark:prose-invert dark\"><p>La obligaci\u00f3n de trabajar en el derecho matrimonial suizo refleja la responsabilidad individual de cada c\u00f3nyuge de contribuir a su propia manutenci\u00f3n tras el divorcio. Este concepto se basa en las nociones de autonom\u00eda y responsabilidad personal, y forma parte esencial del modo en que la legislaci\u00f3n suiza aborda las cuestiones econ\u00f3micas en el contexto del divorcio. <\/p><p>En la legislaci\u00f3n suiza, el matrimonio se considera una asociaci\u00f3n en la que ambas partes tienen responsabilidades mutuas, incluido el deber de mantenerse mutuamente. Tras el divorcio, esta responsabilidad mutua no desaparece por completo, sino que evoluciona para reflejar la nueva realidad de las partes como individuos separados. La obligaci\u00f3n de trabajar resume esta evoluci\u00f3n al exigir a cada parte que haga esfuerzos razonables para mantenerse.  <\/p><p>Este principio no pretende ser punitivo ni gravoso. Por el contrario, se basa en una comprensi\u00f3n equilibrada de las capacidades y circunstancias de cada parte. Reconoce que, aunque el divorcio pone fin al matrimonio, no libera autom\u00e1ticamente a los c\u00f3nyuges de todas las responsabilidades que ten\u00edan como pareja casada.  <\/p><p>La obligaci\u00f3n de trabajar tambi\u00e9n est\u00e1 vinculada a otros aspectos del divorcio, como la pensi\u00f3n alimenticia del c\u00f3nyuge. Desempe\u00f1a un papel a la hora de determinar la necesidad y la cuant\u00eda de la pensi\u00f3n alimenticia que puede exigirse. Si un c\u00f3nyuge es capaz de trabajar pero decide no hacerlo, esto puede influir en la decisi\u00f3n del tribunal sobre la pensi\u00f3n alimenticia.  <\/p><h2>Criterios para la obligaci\u00f3n de trabajar<\/h2><p>La obligaci\u00f3n de trabajar en el derecho matrimonial suizo es un concepto matizado y polifac\u00e9tico. No se impone r\u00edgidamente, sino que se eval\u00faa en funci\u00f3n de varios criterios que tienen en cuenta la situaci\u00f3n individual de cada parte. <\/p><ul><li><strong>Edad<\/strong>: La edad es un factor clave en esta evaluaci\u00f3n. Una persona mayor, sobre todo si se acerca a la edad de jubilaci\u00f3n, puede tener dificultades para encontrar empleo. Las oportunidades de empleo pueden ser limitadas, y la empleabilidad puede disminuir con la edad. Por tanto, la obligaci\u00f3n de trabajar puede moderarse o incluso eximirse en funci\u00f3n de la edad del c\u00f3nyuge.   <\/li><li>La <strong>salud<\/strong>: La salud es otro criterio importante. Si una persona padece una enfermedad o discapacidad que le impide trabajar, la obligaci\u00f3n de buscar empleo se reduce naturalmente. La legislaci\u00f3n suiza reconoce que la capacidad para trabajar puede verse obstaculizada por problemas de salud, y esta consideraci\u00f3n se integra en la evaluaci\u00f3n de la obligaci\u00f3n de trabajar.  <\/li><li><strong>Cualificaciones profesionales y experiencia<\/strong>: Las cualificaciones profesionales y la experiencia tambi\u00e9n desempe\u00f1an un papel crucial. No se puede obligar a una persona a aceptar un trabajo que est\u00e9 muy por debajo de sus cualificaciones y experiencia. Por ejemplo, si un c\u00f3nyuge ha trabajado durante muchos a\u00f1os en un campo especializado, puede ser poco razonable esperar que acepte un trabajo que no se corresponde con sus conocimientos. La ley tiene en cuenta este factor para garantizar que la obligaci\u00f3n de trabajar sea equilibrada y justa.   <\/li><li><strong>Obligaciones familiares<\/strong>: Las obligaciones familiares pueden influir en la obligaci\u00f3n de trabajar. Si un c\u00f3nyuge tiene la custodia de los hijos y \u00e9stos requieren cuidados constantes, esto puede limitar significativamente su capacidad de trabajar. La legislaci\u00f3n suiza reconoce que la responsabilidad de cuidar a los hijos puede obstaculizar la capacidad de encontrar y aceptar un empleo, y esto se tiene en cuenta en la evaluaci\u00f3n de la obligaci\u00f3n de trabajar.  <\/li><\/ul><h2>Conexi\u00f3n con las contribuciones de mantenimiento<\/h2><p>Las pensiones alimenticias en el derecho matrimonial suizo tienen por objeto garantizar que se satisfagan las necesidades de cada parte tras el divorcio. Tienen en cuenta la realidad econ\u00f3mica de ambos c\u00f3nyuges y pretenden evitar una disparidad significativa en sus respectivos niveles de vida. Las contribuciones a la manutenci\u00f3n est\u00e1n profundamente vinculadas a la obligaci\u00f3n de trabajar, y estos dos aspectos suelen examinarse conjuntamente para garantizar un equilibrio justo y equitativo.  <\/p><p>La determinaci\u00f3n de las pensiones alimenticias tiene en cuenta diversos factores, como las necesidades y recursos de ambas partes, su salud, la duraci\u00f3n del matrimonio, entre otros. El objetivo es llegar a una soluci\u00f3n que tenga en cuenta la capacidad de cada c\u00f3nyuge para mantenerse, reconociendo al mismo tiempo las responsabilidades mutuas que pueden persistir tras el divorcio. <\/p><p>La relaci\u00f3n entre las pensiones alimenticias y la obligaci\u00f3n de trabajar es especialmente significativa. La obligaci\u00f3n de trabajar exige que cada c\u00f3nyuge haga esfuerzos razonables para mantenerse en la medida de sus posibilidades. Las pensiones alimenticias, en cambio, entran en juego cuando esos esfuerzos son insuficientes para garantizar un nivel de vida adecuado.  <\/p><p>Esta relaci\u00f3n es compleja y delicada. Si un c\u00f3nyuge puede trabajar pero no se esfuerza lo suficiente para hacerlo, esto puede reducir o incluso eliminar su derecho a las contribuciones de manutenci\u00f3n. En otras palabras, el tribunal puede considerar que un c\u00f3nyuge que descuida su obligaci\u00f3n de trabajar sin una raz\u00f3n v\u00e1lida no debe ser recompensado con contribuciones de manutenci\u00f3n por parte del otro c\u00f3nyuge.  <\/p><p>Sin embargo, esta relaci\u00f3n no es autom\u00e1tica, y la evaluaci\u00f3n debe hacerse caso por caso. Por ejemplo, si un c\u00f3nyuge no trabaja debido a responsabilidades familiares leg\u00edtimas, como la custodia de los hijos, o debido a problemas de salud, esta situaci\u00f3n puede justificar la aportaci\u00f3n de alimentos incluso en ausencia de empleo. <\/p><p>La obligaci\u00f3n de trabajar y la contribuci\u00f3n a la manutenci\u00f3n en el derecho matrimonial suizo reflejan la idea de que el divorcio no debe conducir a la precariedad econ\u00f3mica de ninguna de las partes. Equilibrar estos dos aspectos requiere una evaluaci\u00f3n detallada y sensible de las capacidades, necesidades y recursos de cada parte. Como tales, a menudo requieren los conocimientos de un abogado especializado para garantizar que los derechos y responsabilidades se eval\u00faan y aplican correctamente.  <\/p><\/div><\/div><\/div><\/div><\/div><\/div><\/div><\/div><\/div><\/div><\/div><\/div><\/div><\/div>\t\t\t\t\t\t\t\t<\/div>\n\t\t\t\t<\/div>\n\t\t\t\t\t<\/div>\n\t\t<\/div>\n\t\t\t\t\t<\/div>\n\t\t<\/section>\n\t\t\t\t<section class=\"elementor-section elementor-top-section elementor-element elementor-element-31778396 elementor-section-full_width elementor-section-height-min-height elementor-section-items-stretch elementor-section-content-middle elementor-section-height-default\" data-id=\"31778396\" data-element_type=\"section\" data-e-type=\"section\" data-settings=\"{&quot;background_background&quot;:&quot;classic&quot;}\">\n\t\t\t\t\t\t<div class=\"elementor-container elementor-column-gap-no\">\n\t\t\t\t\t<div class=\"elementor-column elementor-col-50 elementor-top-column elementor-element elementor-element-637bc38a\" data-id=\"637bc38a\" data-element_type=\"column\" data-e-type=\"column\" data-settings=\"{&quot;background_background&quot;:&quot;classic&quot;}\">\n\t\t\t<div class=\"elementor-widget-wrap elementor-element-populated\">\n\t\t\t\t\t\t<div class=\"elementor-element elementor-element-38c553f2 elementor-widget elementor-widget-spacer\" data-id=\"38c553f2\" data-element_type=\"widget\" data-e-type=\"widget\" data-widget_type=\"spacer.default\">\n\t\t\t\t<div class=\"elementor-widget-container\">\n\t\t\t\t\t\t\t<div class=\"elementor-spacer\">\n\t\t\t<div class=\"elementor-spacer-inner\"><\/div>\n\t\t<\/div>\n\t\t\t\t\t\t<\/div>\n\t\t\t\t<\/div>\n\t\t\t\t\t<\/div>\n\t\t<\/div>\n\t\t\t\t<div class=\"elementor-column elementor-col-50 elementor-top-column elementor-element elementor-element-b0953a8\" data-id=\"b0953a8\" data-element_type=\"column\" data-e-type=\"column\" data-settings=\"{&quot;background_background&quot;:&quot;classic&quot;}\">\n\t\t\t<div class=\"elementor-widget-wrap elementor-element-populated\">\n\t\t\t\t\t\t<div class=\"elementor-element elementor-element-520336f1 elementor-widget elementor-widget-heading\" data-id=\"520336f1\" data-element_type=\"widget\" data-e-type=\"widget\" data-widget_type=\"heading.default\">\n\t\t\t\t<div class=\"elementor-widget-container\">\n\t\t\t\t\t<p class=\"elementor-heading-title elementor-size-default\">Consulta inicial  <\/p>\t\t\t\t<\/div>\n\t\t\t\t<\/div>\n\t\t\t\t<div class=\"elementor-element elementor-element-57ffe8cf elementor-widget elementor-widget-heading\" data-id=\"57ffe8cf\" data-element_type=\"widget\" data-e-type=\"widget\" data-widget_type=\"heading.default\">\n\t\t\t\t<div class=\"elementor-widget-container\">\n\t\t\t\t\t<p class=\"elementor-heading-title elementor-size-default\">de 60 min a 220,00 CHF<\/p>\t\t\t\t<\/div>\n\t\t\t\t<\/div>\n\t\t\t\t<div class=\"elementor-element elementor-element-22ea3ac4 elementor-widget elementor-widget-text-editor\" data-id=\"22ea3ac4\" data-element_type=\"widget\" data-e-type=\"widget\" data-widget_type=\"text-editor.default\">\n\t\t\t\t<div class=\"elementor-widget-container\">\n\t\t\t\t\t\t\t\t\tDiscute tu situaci\u00f3n con un abogado especializado en Suiza.\n\t\t\t\t\t\t\t\t<\/div>\n\t\t\t\t<\/div>\n\t\t\t\t<div class=\"elementor-element elementor-element-bc8606d elementor-widget-divider--view-line elementor-widget elementor-widget-divider\" data-id=\"bc8606d\" data-element_type=\"widget\" data-e-type=\"widget\" data-widget_type=\"divider.default\">\n\t\t\t\t<div class=\"elementor-widget-container\">\n\t\t\t\t\t\t\t<div class=\"elementor-divider\">\n\t\t\t<span class=\"elementor-divider-separator\">\n\t\t\t\t\t\t<\/span>\n\t\t<\/div>\n\t\t\t\t\t\t<\/div>\n\t\t\t\t<\/div>\n\t\t\t\t<div class=\"elementor-element elementor-element-7653d674 elementor-widget elementor-widget-text-editor\" data-id=\"7653d674\" data-element_type=\"widget\" data-e-type=\"widget\" data-widget_type=\"text-editor.default\">\n\t\t\t\t<div class=\"elementor-widget-container\">\n\t\t\t\t\t\t\t\t\t<p>\u00bfS\u00f3lo buscas una cita para hacer algunas preguntas?<br>\u00bfNo est\u00e1s seguro de los procedimientos que deseas realizar?<br>\u00bfTu situaci\u00f3n no est\u00e1 clara?<\/p><p><strong>Opta por una primera consulta con un abogado en Ginebra.<\/strong><\/p><p>Entonces decidir\u00e1s si quieres seguir adelante y nuestros abogados te dar\u00e1n el coste del procedimiento seg\u00fan tu caso. Citas disponibles en persona o por videoconferencia. <strong><br><\/strong><\/p>\t\t\t\t\t\t\t\t<\/div>\n\t\t\t\t<\/div>\n\t\t\t\t<div class=\"elementor-element elementor-element-60e5b7e6 elementor-align-center elementor-widget elementor-widget-button\" data-id=\"60e5b7e6\" data-element_type=\"widget\" data-e-type=\"widget\" data-widget_type=\"button.default\">\n\t\t\t\t<div class=\"elementor-widget-container\">\n\t\t\t\t\t\t\t\t\t<div class=\"elementor-button-wrapper\">\n\t\t\t\t\t<a class=\"elementor-button elementor-button-link elementor-size-sm\" href=\"https:\/\/www.geneva-lawyers.com\/es\/contacto\/\">\n\t\t\t\t\t\t<span class=\"elementor-button-content-wrapper\">\n\t\t\t\t\t\t\t\t\t<span class=\"elementor-button-text\">Pide cita con un abogado<\/span>\n\t\t\t\t\t<\/span>\n\t\t\t\t\t<\/a>\n\t\t\t\t<\/div>\n\t\t\t\t\t\t\t\t<\/div>\n\t\t\t\t<\/div>\n\t\t\t\t\t<\/div>\n\t\t<\/div>\n\t\t\t\t\t<\/div>\n\t\t<\/section>\n\t\t\t\t<\/div>\n\t\t","protected":false},"excerpt":{"rendered":"<p>Pide cita con un abogado Obligaci\u00f3n de trabajar en caso de divorcio en Suiza La obligaci\u00f3n de trabajar en el derecho matrimonial suizo refleja la responsabilidad individual de cada c\u00f3nyuge de contribuir a su propia manutenci\u00f3n tras el divorcio. Este concepto se basa en las nociones de autonom\u00eda y responsabilidad personal, y forma parte esencial &#8230; <a title=\"Divorcio en Suiza: obligaci\u00f3n de trabajar\" class=\"read-more\" href=\"https:\/\/www.geneva-lawyers.com\/es\/divorcio-suiza-obligacion-trabajar\/\" aria-label=\"Leer m\u00e1s sobre Divorcio en Suiza: obligaci\u00f3n de trabajar\">Leer m\u00e1s<\/a><\/p>\n","protected":false},"author":1,"featured_media":0,"parent":0,"menu_order":0,"comment_status":"closed","ping_status":"closed","template":"elementor_header_footer","meta":{"_acf_changed":false,"_seopress_robots_primary_cat":"","_seopress_titles_title":"","_seopress_titles_desc":"","_seopress_robots_index":"","footnotes":""},"class_list":["post-31424","page","type-page","status-publish"],"acf":[],"_links":{"self":[{"href":"https:\/\/www.geneva-lawyers.com\/es\/wp-json\/wp\/v2\/pages\/31424","targetHints":{"allow":["GET"]}}],"collection":[{"href":"https:\/\/www.geneva-lawyers.com\/es\/wp-json\/wp\/v2\/pages"}],"about":[{"href":"https:\/\/www.geneva-lawyers.com\/es\/wp-json\/wp\/v2\/types\/page"}],"author":[{"embeddable":true,"href":"https:\/\/www.geneva-lawyers.com\/es\/wp-json\/wp\/v2\/users\/1"}],"replies":[{"embeddable":true,"href":"https:\/\/www.geneva-lawyers.com\/es\/wp-json\/wp\/v2\/comments?post=31424"}],"version-history":[{"count":6,"href":"https:\/\/www.geneva-lawyers.com\/es\/wp-json\/wp\/v2\/pages\/31424\/revisions"}],"predecessor-version":[{"id":34069,"href":"https:\/\/www.geneva-lawyers.com\/es\/wp-json\/wp\/v2\/pages\/31424\/revisions\/34069"}],"wp:attachment":[{"href":"https:\/\/www.geneva-lawyers.com\/es\/wp-json\/wp\/v2\/media?parent=31424"}],"curies":[{"name":"wp","href":"https:\/\/api.w.org\/{rel}","templated":true}]}}