{"id":31431,"date":"2024-05-17T09:13:06","date_gmt":"2024-05-17T07:13:06","guid":{"rendered":"https:\/\/www.geneva-lawyers.com\/division-del-2o-pilar-en-el-divorcio\/"},"modified":"2025-04-14T15:55:51","modified_gmt":"2025-04-14T13:55:51","slug":"division-2o-pilar-divorcio","status":"publish","type":"page","link":"https:\/\/www.geneva-lawyers.com\/es\/division-2o-pilar-divorcio\/","title":{"rendered":"Divisi\u00f3n del 2\u00ba Pilar en el Divorcio"},"content":{"rendered":"\t\t<div data-elementor-type=\"wp-page\" data-elementor-id=\"31431\" class=\"elementor elementor-31431 elementor-29007\" data-elementor-post-type=\"page\">\n\t\t\t\t\t\t<section class=\"elementor-section elementor-top-section elementor-element elementor-element-5fe250aa elementor-section-boxed elementor-section-height-default elementor-section-height-default\" data-id=\"5fe250aa\" data-element_type=\"section\" data-e-type=\"section\" data-settings=\"{&quot;background_background&quot;:&quot;classic&quot;}\">\n\t\t\t\t\t\t\t<div class=\"elementor-background-overlay\"><\/div>\n\t\t\t\t\t\t\t<div class=\"elementor-container elementor-column-gap-default\">\n\t\t\t\t\t<div class=\"elementor-column elementor-col-100 elementor-top-column elementor-element elementor-element-385ef70e\" data-id=\"385ef70e\" data-element_type=\"column\" data-e-type=\"column\">\n\t\t\t<div class=\"elementor-widget-wrap elementor-element-populated\">\n\t\t\t\t\t\t<div class=\"elementor-element elementor-element-d7f92cf elementor-widget-divider--view-line elementor-widget elementor-widget-divider\" data-id=\"d7f92cf\" data-element_type=\"widget\" data-e-type=\"widget\" data-widget_type=\"divider.default\">\n\t\t\t\t<div class=\"elementor-widget-container\">\n\t\t\t\t\t\t\t<div class=\"elementor-divider\">\n\t\t\t<span class=\"elementor-divider-separator\">\n\t\t\t\t\t\t<\/span>\n\t\t<\/div>\n\t\t\t\t\t\t<\/div>\n\t\t\t\t<\/div>\n\t\t\t\t<div class=\"elementor-element elementor-element-6fff69cb elementor-align-center elementor-widget elementor-widget-button\" data-id=\"6fff69cb\" data-element_type=\"widget\" data-e-type=\"widget\" data-widget_type=\"button.default\">\n\t\t\t\t<div class=\"elementor-widget-container\">\n\t\t\t\t\t\t\t\t\t<div class=\"elementor-button-wrapper\">\n\t\t\t\t\t<a class=\"elementor-button elementor-button-link elementor-size-sm\" href=\"https:\/\/www.geneva-lawyers.com\/es\/contacto\/\">\n\t\t\t\t\t\t<span class=\"elementor-button-content-wrapper\">\n\t\t\t\t\t\t\t\t\t<span class=\"elementor-button-text\">Pide cita con un abogado<\/span>\n\t\t\t\t\t<\/span>\n\t\t\t\t\t<\/a>\n\t\t\t\t<\/div>\n\t\t\t\t\t\t\t\t<\/div>\n\t\t\t\t<\/div>\n\t\t\t\t\t<\/div>\n\t\t<\/div>\n\t\t\t\t\t<\/div>\n\t\t<\/section>\n\t\t\t\t<section class=\"elementor-section elementor-top-section elementor-element elementor-element-457d6d39 elementor-section-boxed elementor-section-height-default elementor-section-height-default\" data-id=\"457d6d39\" data-element_type=\"section\" data-e-type=\"section\">\n\t\t\t\t\t\t<div class=\"elementor-container elementor-column-gap-default\">\n\t\t\t\t\t<div class=\"elementor-column elementor-col-100 elementor-top-column elementor-element elementor-element-7fd7d39\" data-id=\"7fd7d39\" data-element_type=\"column\" data-e-type=\"column\">\n\t\t\t<div class=\"elementor-widget-wrap elementor-element-populated\">\n\t\t\t\t\t\t<div class=\"elementor-element elementor-element-11db5bc4 elementor-widget elementor-widget-heading\" data-id=\"11db5bc4\" data-element_type=\"widget\" data-e-type=\"widget\" data-widget_type=\"heading.default\">\n\t\t\t\t<div class=\"elementor-widget-container\">\n\t\t\t\t\t<h2 class=\"elementor-heading-title elementor-size-default\">Divorcio suizo : Divisi\u00f3n del segundo pilar\n<\/h2>\t\t\t\t<\/div>\n\t\t\t\t<\/div>\n\t\t\t\t<div class=\"elementor-element elementor-element-1d8c0255 elementor-widget-divider--view-line elementor-widget elementor-widget-divider\" data-id=\"1d8c0255\" data-element_type=\"widget\" data-e-type=\"widget\" data-widget_type=\"divider.default\">\n\t\t\t\t<div class=\"elementor-widget-container\">\n\t\t\t\t\t\t\t<div class=\"elementor-divider\">\n\t\t\t<span class=\"elementor-divider-separator\">\n\t\t\t\t\t\t<\/span>\n\t\t<\/div>\n\t\t\t\t\t\t<\/div>\n\t\t\t\t<\/div>\n\t\t\t\t<div class=\"elementor-element elementor-element-1191901f elementor-widget elementor-widget-text-editor\" data-id=\"1191901f\" data-element_type=\"widget\" data-e-type=\"widget\" data-widget_type=\"text-editor.default\">\n\t\t\t\t<div class=\"elementor-widget-container\">\n\t\t\t\t\t\t\t\t\t<p>En el marco de un divorcio, ya sea unilateral o de mutuo acuerdo, la divisi\u00f3n del segundo pilar es una cuesti\u00f3n que debe decidir el juez. Esta cuesti\u00f3n se examina separadamente de la liquidaci\u00f3n del r\u00e9gimen econ\u00f3mico matrimonial. As\u00ed pues, en caso de divorcio, es esencial distinguir entre el segundo pilar y el tercer pilar. En funci\u00f3n del r\u00e9gimen econ\u00f3mico matrimonial aplicable, el tercer pilar se resolver\u00e1 durante la liquidaci\u00f3n del r\u00e9gimen econ\u00f3mico matrimonial.   <\/p><p>La divisi\u00f3n del segundo pilar es un aspecto del divorcio que el juez debe examinar obligatoriamente, lo que significa que es una cuesti\u00f3n que se revisa de oficio. Por tanto, el juez del divorcio tiene plena autoridad para examinar esta cuesti\u00f3n. En el contexto del divorcio, es esencial proporcionar al juez todos los documentos necesarios para determinar el importe de los activos de la pensi\u00f3n de jubilaci\u00f3n acumulados por cada c\u00f3nyuge durante el matrimonio.  <\/p><p>El art\u00edculo 122 del C\u00f3digo Civil suizo obliga, en general, a repartir a partes iguales los haberes de la pensi\u00f3n profesional acumulados por los c\u00f3nyuges durante el matrimonio hasta la fecha del procedimiento de divorcio.<\/p><p>Sin embargo, hay dos tipos de excepciones al principio de divisi\u00f3n por partes iguales. La ley prev\u00e9 excepciones acordadas por los c\u00f3nyuges, conocidas como excepciones convencionales, y las basadas en una decisi\u00f3n judicial. <\/p><h2>Excepciones acordadas por los c\u00f3nyuges<\/h2><p>Los c\u00f3nyuges pueden acordar renunciar a la divisi\u00f3n equitativa de los activos de la pensi\u00f3n de jubilaci\u00f3n o especificar una proporci\u00f3n de asignaci\u00f3n diferente (mayor o menor que la mitad). Este acuerdo suele formalizarse mediante una cl\u00e1usula en su acuerdo de divorcio. <\/p><p>Sin embargo, en caso de renuncia, los c\u00f3nyuges deben asegurarse de que sigue existiendo una cobertura adecuada de la pensi\u00f3n de vejez e invalidez para el c\u00f3nyuge que habr\u00eda sido el acreedor seg\u00fan la divisi\u00f3n igualitaria. Una cobertura de pensi\u00f3n adecuada no exige que cada c\u00f3nyuge tenga activos de pensi\u00f3n id\u00e9nticos o incluso comparables. Por tanto, el requisito de cobertura adecuada de la pensi\u00f3n no debe interpretarse de forma estricta.  <\/p><p>Determinadas circunstancias pueden justificar una dispensa, como un matrimonio breve, una diferencia de edad significativa entre los c\u00f3nyuges, un patrimonio sustancial por parte del c\u00f3nyuge con derecho a la divisi\u00f3n, etc.<\/p><p>Aunque los c\u00f3nyuges acuerden renunciar a la divisi\u00f3n, el juez conserva la facultad discrecional de no ratificar el acuerdo y puede equilibrar el patrimonio de pensiones profesionales de los c\u00f3nyuges.<\/p><h2>Excepciones decididas por el juez<\/h2><p>El juez tambi\u00e9n puede asignar menos de la mitad de las prestaciones adquiridas al c\u00f3nyuge acreedor o ninguna en absoluto por razones justificadas. Cuando la divisi\u00f3n equitativa resulte injusta, el juez podr\u00e1 apartarse de ella. <\/p><p>Entre las razones que pueden llevar al juez a desviarse de la norma se incluyen:<\/p><ul><li>El resultado de la liquidaci\u00f3n del r\u00e9gimen econ\u00f3mico matrimonial o la situaci\u00f3n econ\u00f3mica de los c\u00f3nyuges tras el divorcio. Por ejemplo, el juez podr\u00eda negarse a dividir el segundo pilar si los c\u00f3nyuges est\u00e1n bajo el r\u00e9gimen de separaci\u00f3n de bienes y el c\u00f3nyuge econ\u00f3micamente m\u00e1s fuerte ha acumulado una pensi\u00f3n en forma del tercer pilar exclusivamente, que no se dividir\u00e1 en la liquidaci\u00f3n del r\u00e9gimen econ\u00f3mico matrimonial, mientras que el c\u00f3nyuge econ\u00f3micamente m\u00e1s d\u00e9bil s\u00f3lo tiene un modesto segundo pilar. <\/li><li>Las necesidades de pensi\u00f3n de cada c\u00f3nyuge, teniendo en cuenta su diferencia de edad.<\/li><\/ul><p>La ley tambi\u00e9n permite al juez asignar m\u00e1s de la mitad de las prestaciones consolidadas si el c\u00f3nyuge se ocupa de los hijos comunes despu\u00e9s del divorcio. Esta opci\u00f3n pretende resolver la brecha en la pensi\u00f3n, que seguir\u00e1 aumentando tras el divorcio porque uno de los c\u00f3nyuges no podr\u00e1 cotizar tanto como el otro. Sin embargo, para que el juez decida sobre esta asignaci\u00f3n, es necesario que el c\u00f3nyuge deudor mantenga naturalmente una cobertura de pensi\u00f3n adecuada.  <\/p><p>En conclusi\u00f3n, aunque la decisi\u00f3n final sobre la divisi\u00f3n del segundo pilar corresponde al juez, el abogado debe examinar detenidamente esta cuesti\u00f3n. La divisi\u00f3n debe considerarse siempre junto con la liquidaci\u00f3n del r\u00e9gimen econ\u00f3mico matrimonial y la contribuci\u00f3n a la manutenci\u00f3n entre los c\u00f3nyuges, para determinar si debe aplicarse una divisi\u00f3n equitativa o si se justifica una desviaci\u00f3n. Por \u00faltimo, cabe se\u00f1alar que s\u00f3lo el juez suizo es competente para pronunciarse sobre la divisi\u00f3n del segundo pilar.  <\/p>\t\t\t\t\t\t\t\t<\/div>\n\t\t\t\t<\/div>\n\t\t\t\t\t<\/div>\n\t\t<\/div>\n\t\t\t\t\t<\/div>\n\t\t<\/section>\n\t\t\t\t<section class=\"elementor-section elementor-top-section elementor-element elementor-element-6472c4aa elementor-section-full_width elementor-section-height-min-height elementor-section-items-stretch elementor-section-content-middle elementor-section-height-default\" data-id=\"6472c4aa\" data-element_type=\"section\" data-e-type=\"section\" data-settings=\"{&quot;background_background&quot;:&quot;classic&quot;}\">\n\t\t\t\t\t\t<div class=\"elementor-container elementor-column-gap-no\">\n\t\t\t\t\t<div class=\"elementor-column elementor-col-50 elementor-top-column elementor-element elementor-element-1bb6ee00\" data-id=\"1bb6ee00\" data-element_type=\"column\" data-e-type=\"column\" data-settings=\"{&quot;background_background&quot;:&quot;classic&quot;}\">\n\t\t\t<div class=\"elementor-widget-wrap elementor-element-populated\">\n\t\t\t\t\t\t<div class=\"elementor-element elementor-element-2ddb092 elementor-widget elementor-widget-spacer\" data-id=\"2ddb092\" data-element_type=\"widget\" data-e-type=\"widget\" data-widget_type=\"spacer.default\">\n\t\t\t\t<div class=\"elementor-widget-container\">\n\t\t\t\t\t\t\t<div class=\"elementor-spacer\">\n\t\t\t<div class=\"elementor-spacer-inner\"><\/div>\n\t\t<\/div>\n\t\t\t\t\t\t<\/div>\n\t\t\t\t<\/div>\n\t\t\t\t\t<\/div>\n\t\t<\/div>\n\t\t\t\t<div class=\"elementor-column elementor-col-50 elementor-top-column elementor-element elementor-element-5fc08a5\" data-id=\"5fc08a5\" data-element_type=\"column\" data-e-type=\"column\" data-settings=\"{&quot;background_background&quot;:&quot;classic&quot;}\">\n\t\t\t<div class=\"elementor-widget-wrap elementor-element-populated\">\n\t\t\t\t\t\t<div class=\"elementor-element elementor-element-165ec924 elementor-widget elementor-widget-heading\" data-id=\"165ec924\" data-element_type=\"widget\" data-e-type=\"widget\" data-widget_type=\"heading.default\">\n\t\t\t\t<div class=\"elementor-widget-container\">\n\t\t\t\t\t<p class=\"elementor-heading-title elementor-size-default\">Consulta inicial  <\/p>\t\t\t\t<\/div>\n\t\t\t\t<\/div>\n\t\t\t\t<div class=\"elementor-element elementor-element-3e5c8ecf elementor-widget elementor-widget-heading\" data-id=\"3e5c8ecf\" data-element_type=\"widget\" data-e-type=\"widget\" data-widget_type=\"heading.default\">\n\t\t\t\t<div class=\"elementor-widget-container\">\n\t\t\t\t\t<p class=\"elementor-heading-title elementor-size-default\">de 60 min a 220,00 CHF<\/p>\t\t\t\t<\/div>\n\t\t\t\t<\/div>\n\t\t\t\t<div class=\"elementor-element elementor-element-3c707111 elementor-widget elementor-widget-text-editor\" data-id=\"3c707111\" data-element_type=\"widget\" data-e-type=\"widget\" data-widget_type=\"text-editor.default\">\n\t\t\t\t<div class=\"elementor-widget-container\">\n\t\t\t\t\t\t\t\t\tDiscute tu situaci\u00f3n con un abogado especializado en Suiza.\n\t\t\t\t\t\t\t\t<\/div>\n\t\t\t\t<\/div>\n\t\t\t\t<div class=\"elementor-element elementor-element-6af26b84 elementor-widget-divider--view-line elementor-widget elementor-widget-divider\" data-id=\"6af26b84\" data-element_type=\"widget\" data-e-type=\"widget\" data-widget_type=\"divider.default\">\n\t\t\t\t<div class=\"elementor-widget-container\">\n\t\t\t\t\t\t\t<div class=\"elementor-divider\">\n\t\t\t<span class=\"elementor-divider-separator\">\n\t\t\t\t\t\t<\/span>\n\t\t<\/div>\n\t\t\t\t\t\t<\/div>\n\t\t\t\t<\/div>\n\t\t\t\t<div class=\"elementor-element elementor-element-f0ab620 elementor-widget elementor-widget-text-editor\" data-id=\"f0ab620\" data-element_type=\"widget\" data-e-type=\"widget\" data-widget_type=\"text-editor.default\">\n\t\t\t\t<div class=\"elementor-widget-container\">\n\t\t\t\t\t\t\t\t\t<p>\u00bfS\u00f3lo buscas una cita para hacer algunas preguntas?<br>\u00bfNo est\u00e1s seguro de los procedimientos que deseas realizar?<br>\u00bfTu situaci\u00f3n no est\u00e1 clara?<\/p><p><strong>Opta por una primera consulta con un abogado en Ginebra.<\/strong><\/p><p>Entonces decidir\u00e1s si quieres seguir adelante y nuestros abogados te dar\u00e1n el coste del procedimiento seg\u00fan tu caso. Citas disponibles en persona o por videoconferencia. <strong><br><\/strong><\/p>\t\t\t\t\t\t\t\t<\/div>\n\t\t\t\t<\/div>\n\t\t\t\t<div class=\"elementor-element elementor-element-69f1de3b elementor-align-center elementor-widget elementor-widget-button\" data-id=\"69f1de3b\" data-element_type=\"widget\" data-e-type=\"widget\" data-widget_type=\"button.default\">\n\t\t\t\t<div class=\"elementor-widget-container\">\n\t\t\t\t\t\t\t\t\t<div class=\"elementor-button-wrapper\">\n\t\t\t\t\t<a class=\"elementor-button elementor-button-link elementor-size-sm\" href=\"https:\/\/www.geneva-lawyers.com\/es\/contacto\/\">\n\t\t\t\t\t\t<span class=\"elementor-button-content-wrapper\">\n\t\t\t\t\t\t\t\t\t<span class=\"elementor-button-text\">Pide cita con un abogado<\/span>\n\t\t\t\t\t<\/span>\n\t\t\t\t\t<\/a>\n\t\t\t\t<\/div>\n\t\t\t\t\t\t\t\t<\/div>\n\t\t\t\t<\/div>\n\t\t\t\t\t<\/div>\n\t\t<\/div>\n\t\t\t\t\t<\/div>\n\t\t<\/section>\n\t\t\t\t<\/div>\n\t\t","protected":false},"excerpt":{"rendered":"<p>Pide cita con un abogado Divorcio suizo : Divisi\u00f3n del segundo pilar En el marco de un divorcio, ya sea unilateral o de mutuo acuerdo, la divisi\u00f3n del segundo pilar es una cuesti\u00f3n que debe decidir el juez. Esta cuesti\u00f3n se examina separadamente de la liquidaci\u00f3n del r\u00e9gimen econ\u00f3mico matrimonial. As\u00ed pues, en caso de &#8230; <a title=\"Divisi\u00f3n del 2\u00ba Pilar en el Divorcio\" class=\"read-more\" href=\"https:\/\/www.geneva-lawyers.com\/es\/division-2o-pilar-divorcio\/\" aria-label=\"Leer m\u00e1s sobre Divisi\u00f3n del 2\u00ba Pilar en el Divorcio\">Leer m\u00e1s<\/a><\/p>\n","protected":false},"author":1,"featured_media":0,"parent":0,"menu_order":0,"comment_status":"closed","ping_status":"closed","template":"elementor_header_footer","meta":{"_acf_changed":false,"_seopress_robots_primary_cat":"","_seopress_titles_title":"","_seopress_titles_desc":"","_seopress_robots_index":"","footnotes":""},"class_list":["post-31431","page","type-page","status-publish"],"acf":[],"_links":{"self":[{"href":"https:\/\/www.geneva-lawyers.com\/es\/wp-json\/wp\/v2\/pages\/31431","targetHints":{"allow":["GET"]}}],"collection":[{"href":"https:\/\/www.geneva-lawyers.com\/es\/wp-json\/wp\/v2\/pages"}],"about":[{"href":"https:\/\/www.geneva-lawyers.com\/es\/wp-json\/wp\/v2\/types\/page"}],"author":[{"embeddable":true,"href":"https:\/\/www.geneva-lawyers.com\/es\/wp-json\/wp\/v2\/users\/1"}],"replies":[{"embeddable":true,"href":"https:\/\/www.geneva-lawyers.com\/es\/wp-json\/wp\/v2\/comments?post=31431"}],"version-history":[{"count":6,"href":"https:\/\/www.geneva-lawyers.com\/es\/wp-json\/wp\/v2\/pages\/31431\/revisions"}],"predecessor-version":[{"id":34075,"href":"https:\/\/www.geneva-lawyers.com\/es\/wp-json\/wp\/v2\/pages\/31431\/revisions\/34075"}],"wp:attachment":[{"href":"https:\/\/www.geneva-lawyers.com\/es\/wp-json\/wp\/v2\/media?parent=31431"}],"curies":[{"name":"wp","href":"https:\/\/api.w.org\/{rel}","templated":true}]}}