{"id":31435,"date":"2024-05-21T14:23:35","date_gmt":"2024-05-21T12:23:35","guid":{"rendered":"https:\/\/www.geneva-lawyers.com\/derechos-de-custodia-de-los-hijos\/"},"modified":"2025-04-14T16:12:48","modified_gmt":"2025-04-14T14:12:48","slug":"derechos-custodia-hijos","status":"publish","type":"page","link":"https:\/\/www.geneva-lawyers.com\/es\/derechos-custodia-hijos\/","title":{"rendered":"Derechos de custodia de los hijos"},"content":{"rendered":"\t\t<div data-elementor-type=\"wp-page\" data-elementor-id=\"31435\" class=\"elementor elementor-31435 elementor-29044\" data-elementor-post-type=\"page\">\n\t\t\t\t\t\t<section class=\"elementor-section elementor-top-section elementor-element elementor-element-12de37c1 elementor-section-boxed elementor-section-height-default elementor-section-height-default\" data-id=\"12de37c1\" data-element_type=\"section\" data-e-type=\"section\" data-settings=\"{&quot;background_background&quot;:&quot;classic&quot;}\">\n\t\t\t\t\t\t\t<div class=\"elementor-background-overlay\"><\/div>\n\t\t\t\t\t\t\t<div class=\"elementor-container elementor-column-gap-default\">\n\t\t\t\t\t<div class=\"elementor-column elementor-col-100 elementor-top-column elementor-element elementor-element-5e0ca0f6\" data-id=\"5e0ca0f6\" data-element_type=\"column\" data-e-type=\"column\">\n\t\t\t<div class=\"elementor-widget-wrap elementor-element-populated\">\n\t\t\t\t\t\t<div class=\"elementor-element elementor-element-59126edb elementor-widget-divider--view-line elementor-widget elementor-widget-divider\" data-id=\"59126edb\" data-element_type=\"widget\" data-e-type=\"widget\" data-widget_type=\"divider.default\">\n\t\t\t\t<div class=\"elementor-widget-container\">\n\t\t\t\t\t\t\t<div class=\"elementor-divider\">\n\t\t\t<span class=\"elementor-divider-separator\">\n\t\t\t\t\t\t<\/span>\n\t\t<\/div>\n\t\t\t\t\t\t<\/div>\n\t\t\t\t<\/div>\n\t\t\t\t<div class=\"elementor-element elementor-element-3a352ce9 elementor-align-center elementor-widget elementor-widget-button\" data-id=\"3a352ce9\" data-element_type=\"widget\" data-e-type=\"widget\" data-widget_type=\"button.default\">\n\t\t\t\t<div class=\"elementor-widget-container\">\n\t\t\t\t\t\t\t\t\t<div class=\"elementor-button-wrapper\">\n\t\t\t\t\t<a class=\"elementor-button elementor-button-link elementor-size-sm\" href=\"https:\/\/www.geneva-lawyers.com\/es\/contacto\/\">\n\t\t\t\t\t\t<span class=\"elementor-button-content-wrapper\">\n\t\t\t\t\t\t\t\t\t<span class=\"elementor-button-text\">Pide cita con un abogado<\/span>\n\t\t\t\t\t<\/span>\n\t\t\t\t\t<\/a>\n\t\t\t\t<\/div>\n\t\t\t\t\t\t\t\t<\/div>\n\t\t\t\t<\/div>\n\t\t\t\t\t<\/div>\n\t\t<\/div>\n\t\t\t\t\t<\/div>\n\t\t<\/section>\n\t\t\t\t<section class=\"elementor-section elementor-top-section elementor-element elementor-element-16865338 elementor-section-boxed elementor-section-height-default elementor-section-height-default\" data-id=\"16865338\" data-element_type=\"section\" data-e-type=\"section\">\n\t\t\t\t\t\t<div class=\"elementor-container elementor-column-gap-default\">\n\t\t\t\t\t<div class=\"elementor-column elementor-col-100 elementor-top-column elementor-element elementor-element-3b0cb163\" data-id=\"3b0cb163\" data-element_type=\"column\" data-e-type=\"column\">\n\t\t\t<div class=\"elementor-widget-wrap elementor-element-populated\">\n\t\t\t\t\t\t<div class=\"elementor-element elementor-element-526aff95 elementor-widget elementor-widget-heading\" data-id=\"526aff95\" data-element_type=\"widget\" data-e-type=\"widget\" data-widget_type=\"heading.default\">\n\t\t\t\t<div class=\"elementor-widget-container\">\n\t\t\t\t\t<h2 class=\"elementor-heading-title elementor-size-default\">Derechos de custodia de los hijos<\/h2>\t\t\t\t<\/div>\n\t\t\t\t<\/div>\n\t\t\t\t<div class=\"elementor-element elementor-element-57992e6a elementor-widget-divider--view-line elementor-widget elementor-widget-divider\" data-id=\"57992e6a\" data-element_type=\"widget\" data-e-type=\"widget\" data-widget_type=\"divider.default\">\n\t\t\t\t<div class=\"elementor-widget-container\">\n\t\t\t\t\t\t\t<div class=\"elementor-divider\">\n\t\t\t<span class=\"elementor-divider-separator\">\n\t\t\t\t\t\t<\/span>\n\t\t<\/div>\n\t\t\t\t\t\t<\/div>\n\t\t\t\t<\/div>\n\t\t\t\t<div class=\"elementor-element elementor-element-6a65a655 elementor-widget elementor-widget-text-editor\" data-id=\"6a65a655\" data-element_type=\"widget\" data-e-type=\"widget\" data-widget_type=\"text-editor.default\">\n\t\t\t\t<div class=\"elementor-widget-container\">\n\t\t\t\t\t\t\t\t\t<div class=\"flex flex-grow flex-col max-w-full\"><div class=\"min-h-[20px] text-message flex flex-col items-start whitespace-pre-wrap break-words [.text-message+&amp;]:mt-5 juice:w-full juice:items-end overflow-x-auto gap-2\" dir=\"auto\" data-message-author-role=\"assistant\" data-message-id=\"46b3b690-1daa-454d-8f7f-ca277f399c8f\"><div class=\"flex w-full flex-col gap-1 juice:empty:hidden juice:first:pt-[3px]\"><div class=\"markdown prose w-full break-words dark:prose-invert dark\"><p>La custodia de los hijos es un aspecto fundamental del derecho matrimonial y de familia en Suiza, que regula c\u00f3mo se asignan las responsabilidades parentales tras una separaci\u00f3n o divorcio. Abarca el cuidado diario del ni\u00f1o, incluidos aspectos como la educaci\u00f3n, la salud y el bienestar general. <\/p><h2>Determinaci\u00f3n de la custodia en Suiza<\/h2><p>En Suiza, las decisiones sobre la custodia de los hijos dan prioridad al inter\u00e9s superior del menor. Este principio rector garantiza que todas las decisiones sobre la custodia se centren en las necesidades y el bienestar del menor, abordando no s\u00f3lo las necesidades f\u00edsicas, sino tambi\u00e9n las emocionales, sociales y educativas. <\/p><p>La legislaci\u00f3n suiza reconoce varios tipos de custodia, como la custodia exclusiva, la custodia compartida y la custodia alterna. Cada tipo responde a situaciones familiares diferentes y a las necesidades espec\u00edficas del menor. La elecci\u00f3n del tipo de custodia suele ser el resultado de una minuciosa evaluaci\u00f3n judicial, en la que puede consultarse a profesionales especializados para que emitan sus dict\u00e1menes.  <\/p><h2>Diferencia entre patria potestad y derecho de custodia<\/h2><p>La patria potestad y el derecho de custodia, aunque a menudo se confunden, se refieren a aspectos diferentes de la responsabilidad parental en el derecho suizo. La patria potestad implica las responsabilidades generales de los padres hacia sus hijos, que abarcan la educaci\u00f3n, la salud y el bienestar general. Esta autoridad incluye la toma de decisiones importantes para la vida del ni\u00f1o, como la educaci\u00f3n escolar y religiosa, y suele seguir siendo compartida por los padres incluso despu\u00e9s de un divorcio.  <\/p><p>Los derechos de custodia, por otra parte, se refieren espec\u00edficamente al cuidado diario y al bienestar del menor. Esto incluye responsabilidades como proporcionar alimentos, alojamiento y atenci\u00f3n diaria. La custodia puede concederse a uno de los progenitores o compartirse entre ambos, en funci\u00f3n de lo que se considere mejor para el menor.  <\/p><p>Mientras que la patria potestad se refiere a las decisiones importantes en la vida del ni\u00f1o, la custodia se ocupa del cuidado cotidiano. En la legislaci\u00f3n suiza, estos dos aspectos se tratan por separado, y la custodia se convierte a menudo en una cuesti\u00f3n pol\u00e9mica durante las separaciones o divorcios. Los tribunales suizos hacen hincapi\u00e9 en el bienestar del menor al tomar estas decisiones, asegur\u00e1ndose de que las evaluaciones de la patria potestad y la custodia se realicen meticulosamente para centrarse en las necesidades e intereses del menor.  <\/p><h2>Categor\u00edas de custodia<\/h2><p>En Suiza, la custodia se clasifica en distintas categor\u00edas para satisfacer las diversas necesidades de las familias y los hijos. Estas categor\u00edas incluyen la custodia exclusiva, la custodia compartida y la custodia alterna. <\/p><ul><li><p><strong>Custodia exclusiva<\/strong>: Concede a uno de los progenitores la responsabilidad principal del menor, encarg\u00e1ndose de la mayor\u00eda, si no de todas, las responsabilidades y cuidados diarios. La custodia exclusiva suele concederse cuando uno de los progenitores no puede cumplir sus obligaciones parentales por motivos personales, profesionales o de otro tipo. <\/p><\/li><li><p><strong>Custodia compartida<\/strong>: Esto implica dividir las responsabilidades del ni\u00f1o entre ambos progenitores, lo que significa que cada uno de ellos se encarga de una parte de los cuidados y deberes diarios. La custodia compartida requiere una estrecha comunicaci\u00f3n y cooperaci\u00f3n entre los progenitores para garantizar una rutina estable y coherente para el ni\u00f1o. <\/p><\/li><li><p><strong>Custodia alterna<\/strong>: Este acuerdo permite al menor vivir alternativamente con cada progenitor seg\u00fan un horario preestablecido, con el objetivo de garantizar una distribuci\u00f3n equitativa del tiempo y las responsabilidades entre los progenitores. Puede ofrecer una experiencia equilibrada para el menor, pero requiere una coordinaci\u00f3n y cooperaci\u00f3n significativas entre los progenitores. <\/p><\/li><\/ul><p>Cada tipo de custodia tiene sus pros y sus contras, y se elige en funci\u00f3n de las necesidades espec\u00edficas del menor y de la situaci\u00f3n familiar. Los tribunales suizos se centran en el inter\u00e9s superior del menor a la hora de determinar la categor\u00eda de custodia adecuada, teniendo en cuenta factores como la edad del menor, sus necesidades emocionales y f\u00edsicas, y la capacidad de los padres para proporcionarle los cuidados adecuados. Entender estas categor\u00edas es esencial para comprender c\u00f3mo funciona la custodia en Suiza y su objetivo de proteger y apoyar el bienestar de los menores.  <\/p><h2>Criterios para la asignaci\u00f3n de la custodia<\/h2><p>En Suiza, asignar la custodia de un menor es una decisi\u00f3n judicial compleja que tiene en cuenta numerosos criterios, siendo primordial el inter\u00e9s superior del menor. Los tribunales examinan el bienestar f\u00edsico y mental del menor, su educaci\u00f3n y su desarrollo general para determinar el acuerdo m\u00e1s adecuado. <\/p><p>La capacidad de los padres es un factor clave en el proceso de toma de decisiones. Los jueces eval\u00faan la capacidad de cada progenitor para satisfacer las necesidades del ni\u00f1o, tanto emocionales como materiales, lo que incluye proporcionarle un hogar estable, una educaci\u00f3n adecuada y un entorno enriquecedor. <\/p><p>Tambi\u00e9n se tienen en cuenta las condiciones de vida de los padres, incluida la ubicaci\u00f3n geogr\u00e1fica, la estabilidad econ\u00f3mica y el entorno familiar m\u00e1s amplio, como la presencia de otros hijos o familiares.<\/p><p>Adem\u00e1s, se revisan las decisiones legales y las implicaciones judiciales, incluido cualquier acuerdo previo entre los padres o decisiones judiciales anteriores que afecten a la custodia.<\/p><p>Los tribunales suizos aplican estos criterios dentro del derecho de familia y de menores, haciendo hincapi\u00e9 en la protecci\u00f3n del menor. Las decisiones sobre la custodia se toman tras una cuidadosa evaluaci\u00f3n de todos los factores, con el objetivo primordial de servir al inter\u00e9s superior del menor. Los expertos en psicolog\u00eda infantil, servicios sociales y otros profesionales especializados suelen ayudar en este proceso para garantizar que las decisiones reflejen una comprensi\u00f3n global de las necesidades espec\u00edficas del menor.  <\/p><h2>Obligaciones de apoyo financiero<\/h2><p>La manutenci\u00f3n econ\u00f3mica en Suiza desempe\u00f1a un papel crucial en el contexto de la custodia de los hijos, ya que se refiere a las obligaciones econ\u00f3micas que deben cumplir los progenitores para cubrir las necesidades de sus hijos. Esta manutenci\u00f3n se calcula en funci\u00f3n de varios factores, como los ingresos de los padres, las necesidades del hijo y la capacidad de cada progenitor para contribuir. <\/p><p>En los casos de custodia exclusiva, el progenitor que no tiene la custodia suele estar obligado a pagar una pensi\u00f3n alimenticia para ayudar a cubrir los gastos asociados a la educaci\u00f3n y cuidado del ni\u00f1o. El tribunal determina la cuant\u00eda, teniendo en cuenta las circunstancias espec\u00edficas de cada familia. <\/p><p>En situaciones de custodia compartida o alterna, las obligaciones econ\u00f3micas pueden ser m\u00e1s complejas, ya que ambos progenitores comparten responsabilidades diarias. Los tribunales eval\u00faan entonces la contribuci\u00f3n econ\u00f3mica de cada progenitor en funci\u00f3n de su tiempo de custodia y sus recursos. <\/p><p>La legislaci\u00f3n suiza obliga a los padres a satisfacer adecuada y equitativamente las necesidades de sus hijos. Esto incluye las necesidades esenciales, como la alimentaci\u00f3n y la vivienda, as\u00ed como las necesidades educativas y las actividades extraescolares que contribuyan al desarrollo general del ni\u00f1o. <\/p><p>La manutenci\u00f3n econ\u00f3mica es un elemento vital de la custodia de los hijos en Suiza, que garantiza que las necesidades econ\u00f3micas del menor se satisfagan de forma justa y adecuada. Destaca la obligaci\u00f3n legal de los padres de proporcionar apoyo econ\u00f3mico continuo, independientemente del acuerdo de custodia. Los tribunales suizos se esfuerzan por garantizar que estas contribuciones sean justas y reflejen las necesidades y recursos de cada familia, siempre con el objetivo de proteger y promover el bienestar del menor.  <\/p><\/div><\/div><\/div><\/div>\t\t\t\t\t\t\t\t<\/div>\n\t\t\t\t<\/div>\n\t\t\t\t\t<\/div>\n\t\t<\/div>\n\t\t\t\t\t<\/div>\n\t\t<\/section>\n\t\t\t\t<section class=\"elementor-section elementor-top-section elementor-element elementor-element-1f46fa9d elementor-section-full_width elementor-section-height-min-height elementor-section-items-stretch elementor-section-content-middle elementor-section-height-default\" data-id=\"1f46fa9d\" data-element_type=\"section\" data-e-type=\"section\" data-settings=\"{&quot;background_background&quot;:&quot;classic&quot;}\">\n\t\t\t\t\t\t<div class=\"elementor-container elementor-column-gap-no\">\n\t\t\t\t\t<div class=\"elementor-column elementor-col-50 elementor-top-column elementor-element elementor-element-36bd48f1\" data-id=\"36bd48f1\" data-element_type=\"column\" data-e-type=\"column\" data-settings=\"{&quot;background_background&quot;:&quot;classic&quot;}\">\n\t\t\t<div class=\"elementor-widget-wrap elementor-element-populated\">\n\t\t\t\t\t\t<div class=\"elementor-element elementor-element-3c60bd19 elementor-widget elementor-widget-spacer\" data-id=\"3c60bd19\" data-element_type=\"widget\" data-e-type=\"widget\" data-widget_type=\"spacer.default\">\n\t\t\t\t<div class=\"elementor-widget-container\">\n\t\t\t\t\t\t\t<div class=\"elementor-spacer\">\n\t\t\t<div class=\"elementor-spacer-inner\"><\/div>\n\t\t<\/div>\n\t\t\t\t\t\t<\/div>\n\t\t\t\t<\/div>\n\t\t\t\t\t<\/div>\n\t\t<\/div>\n\t\t\t\t<div class=\"elementor-column elementor-col-50 elementor-top-column elementor-element elementor-element-2c371248\" data-id=\"2c371248\" data-element_type=\"column\" data-e-type=\"column\" data-settings=\"{&quot;background_background&quot;:&quot;classic&quot;}\">\n\t\t\t<div class=\"elementor-widget-wrap elementor-element-populated\">\n\t\t\t\t\t\t<div class=\"elementor-element elementor-element-e3c6af3 elementor-widget elementor-widget-heading\" data-id=\"e3c6af3\" data-element_type=\"widget\" data-e-type=\"widget\" data-widget_type=\"heading.default\">\n\t\t\t\t<div class=\"elementor-widget-container\">\n\t\t\t\t\t<p class=\"elementor-heading-title elementor-size-default\">Consulta inicial  <\/p>\t\t\t\t<\/div>\n\t\t\t\t<\/div>\n\t\t\t\t<div class=\"elementor-element elementor-element-6c6d115d elementor-widget elementor-widget-heading\" data-id=\"6c6d115d\" data-element_type=\"widget\" data-e-type=\"widget\" data-widget_type=\"heading.default\">\n\t\t\t\t<div class=\"elementor-widget-container\">\n\t\t\t\t\t<p class=\"elementor-heading-title elementor-size-default\">de 60 min a 220,00 CHF<\/p>\t\t\t\t<\/div>\n\t\t\t\t<\/div>\n\t\t\t\t<div class=\"elementor-element elementor-element-53bf8bd2 elementor-widget elementor-widget-text-editor\" data-id=\"53bf8bd2\" data-element_type=\"widget\" data-e-type=\"widget\" data-widget_type=\"text-editor.default\">\n\t\t\t\t<div class=\"elementor-widget-container\">\n\t\t\t\t\t\t\t\t\tDiscute tu situaci\u00f3n con un abogado especializado en Suiza.\n\t\t\t\t\t\t\t\t<\/div>\n\t\t\t\t<\/div>\n\t\t\t\t<div class=\"elementor-element elementor-element-66b2d64c elementor-widget-divider--view-line elementor-widget elementor-widget-divider\" data-id=\"66b2d64c\" data-element_type=\"widget\" data-e-type=\"widget\" data-widget_type=\"divider.default\">\n\t\t\t\t<div class=\"elementor-widget-container\">\n\t\t\t\t\t\t\t<div class=\"elementor-divider\">\n\t\t\t<span class=\"elementor-divider-separator\">\n\t\t\t\t\t\t<\/span>\n\t\t<\/div>\n\t\t\t\t\t\t<\/div>\n\t\t\t\t<\/div>\n\t\t\t\t<div class=\"elementor-element elementor-element-3bc5682f elementor-widget elementor-widget-text-editor\" data-id=\"3bc5682f\" data-element_type=\"widget\" data-e-type=\"widget\" data-widget_type=\"text-editor.default\">\n\t\t\t\t<div class=\"elementor-widget-container\">\n\t\t\t\t\t\t\t\t\t<p>\u00bfS\u00f3lo buscas una cita para hacer algunas preguntas?<br>\u00bfNo est\u00e1s seguro de los procedimientos que deseas realizar?<br>\u00bfTu situaci\u00f3n no est\u00e1 clara?<\/p><p><strong>Opta por una primera consulta con un abogado en Ginebra.<\/strong><\/p><p>Entonces decidir\u00e1s si quieres seguir adelante y nuestros abogados te dar\u00e1n el coste del procedimiento seg\u00fan tu caso. Citas disponibles en persona o por videoconferencia. <strong><br><\/strong><\/p>\t\t\t\t\t\t\t\t<\/div>\n\t\t\t\t<\/div>\n\t\t\t\t<div class=\"elementor-element elementor-element-40abaa69 elementor-align-center elementor-widget elementor-widget-button\" data-id=\"40abaa69\" data-element_type=\"widget\" data-e-type=\"widget\" data-widget_type=\"button.default\">\n\t\t\t\t<div class=\"elementor-widget-container\">\n\t\t\t\t\t\t\t\t\t<div class=\"elementor-button-wrapper\">\n\t\t\t\t\t<a class=\"elementor-button elementor-button-link elementor-size-sm\" href=\"https:\/\/www.geneva-lawyers.com\/es\/contacto\/\">\n\t\t\t\t\t\t<span class=\"elementor-button-content-wrapper\">\n\t\t\t\t\t\t\t\t\t<span class=\"elementor-button-text\">Pide cita con un abogado<\/span>\n\t\t\t\t\t<\/span>\n\t\t\t\t\t<\/a>\n\t\t\t\t<\/div>\n\t\t\t\t\t\t\t\t<\/div>\n\t\t\t\t<\/div>\n\t\t\t\t\t<\/div>\n\t\t<\/div>\n\t\t\t\t\t<\/div>\n\t\t<\/section>\n\t\t\t\t<\/div>\n\t\t","protected":false},"excerpt":{"rendered":"<p>Pide cita con un abogado Derechos de custodia de los hijos La custodia de los hijos es un aspecto fundamental del derecho matrimonial y de familia en Suiza, que regula c\u00f3mo se asignan las responsabilidades parentales tras una separaci\u00f3n o divorcio. Abarca el cuidado diario del ni\u00f1o, incluidos aspectos como la educaci\u00f3n, la salud y &#8230; <a title=\"Derechos de custodia de los hijos\" class=\"read-more\" href=\"https:\/\/www.geneva-lawyers.com\/es\/derechos-custodia-hijos\/\" aria-label=\"Leer m\u00e1s sobre Derechos de custodia de los hijos\">Leer m\u00e1s<\/a><\/p>\n","protected":false},"author":1,"featured_media":0,"parent":0,"menu_order":0,"comment_status":"closed","ping_status":"closed","template":"elementor_header_footer","meta":{"_acf_changed":false,"_seopress_robots_primary_cat":"","_seopress_titles_title":"","_seopress_titles_desc":"","_seopress_robots_index":"","footnotes":""},"class_list":["post-31435","page","type-page","status-publish"],"acf":[],"_links":{"self":[{"href":"https:\/\/www.geneva-lawyers.com\/es\/wp-json\/wp\/v2\/pages\/31435","targetHints":{"allow":["GET"]}}],"collection":[{"href":"https:\/\/www.geneva-lawyers.com\/es\/wp-json\/wp\/v2\/pages"}],"about":[{"href":"https:\/\/www.geneva-lawyers.com\/es\/wp-json\/wp\/v2\/types\/page"}],"author":[{"embeddable":true,"href":"https:\/\/www.geneva-lawyers.com\/es\/wp-json\/wp\/v2\/users\/1"}],"replies":[{"embeddable":true,"href":"https:\/\/www.geneva-lawyers.com\/es\/wp-json\/wp\/v2\/comments?post=31435"}],"version-history":[{"count":6,"href":"https:\/\/www.geneva-lawyers.com\/es\/wp-json\/wp\/v2\/pages\/31435\/revisions"}],"predecessor-version":[{"id":34243,"href":"https:\/\/www.geneva-lawyers.com\/es\/wp-json\/wp\/v2\/pages\/31435\/revisions\/34243"}],"wp:attachment":[{"href":"https:\/\/www.geneva-lawyers.com\/es\/wp-json\/wp\/v2\/media?parent=31435"}],"curies":[{"name":"wp","href":"https:\/\/api.w.org\/{rel}","templated":true}]}}