{"id":31441,"date":"2024-05-16T15:32:42","date_gmt":"2024-05-16T13:32:42","guid":{"rendered":"https:\/\/www.geneva-lawyers.com\/contribuciones-alimentarias-en-caso-de-divorcio\/"},"modified":"2025-04-14T15:39:35","modified_gmt":"2025-04-14T13:39:35","slug":"contribuciones-alimentarias-divorcio","status":"publish","type":"page","link":"https:\/\/www.geneva-lawyers.com\/es\/contribuciones-alimentarias-divorcio\/","title":{"rendered":"Contribuciones alimentarias en caso de divorcio"},"content":{"rendered":"\t\t<div data-elementor-type=\"wp-page\" data-elementor-id=\"31441\" class=\"elementor elementor-31441 elementor-28946\" data-elementor-post-type=\"page\">\n\t\t\t\t\t\t<section class=\"elementor-section elementor-top-section elementor-element elementor-element-3e06d582 elementor-section-boxed elementor-section-height-default elementor-section-height-default\" data-id=\"3e06d582\" data-element_type=\"section\" data-e-type=\"section\" data-settings=\"{&quot;background_background&quot;:&quot;classic&quot;}\">\n\t\t\t\t\t\t\t<div class=\"elementor-background-overlay\"><\/div>\n\t\t\t\t\t\t\t<div class=\"elementor-container elementor-column-gap-default\">\n\t\t\t\t\t<div class=\"elementor-column elementor-col-100 elementor-top-column elementor-element elementor-element-570f0176\" data-id=\"570f0176\" data-element_type=\"column\" data-e-type=\"column\">\n\t\t\t<div class=\"elementor-widget-wrap elementor-element-populated\">\n\t\t\t\t\t\t<div class=\"elementor-element elementor-element-58a851c5 elementor-widget-divider--view-line elementor-widget elementor-widget-divider\" data-id=\"58a851c5\" data-element_type=\"widget\" data-e-type=\"widget\" data-widget_type=\"divider.default\">\n\t\t\t\t<div class=\"elementor-widget-container\">\n\t\t\t\t\t\t\t<div class=\"elementor-divider\">\n\t\t\t<span class=\"elementor-divider-separator\">\n\t\t\t\t\t\t<\/span>\n\t\t<\/div>\n\t\t\t\t\t\t<\/div>\n\t\t\t\t<\/div>\n\t\t\t\t<div class=\"elementor-element elementor-element-1e9f629a elementor-align-center elementor-widget elementor-widget-button\" data-id=\"1e9f629a\" data-element_type=\"widget\" data-e-type=\"widget\" data-widget_type=\"button.default\">\n\t\t\t\t<div class=\"elementor-widget-container\">\n\t\t\t\t\t\t\t\t\t<div class=\"elementor-button-wrapper\">\n\t\t\t\t\t<a class=\"elementor-button elementor-button-link elementor-size-sm\" href=\"https:\/\/www.geneva-lawyers.com\/es\/contacto\/\">\n\t\t\t\t\t\t<span class=\"elementor-button-content-wrapper\">\n\t\t\t\t\t\t\t\t\t<span class=\"elementor-button-text\">Pide cita con un abogado<\/span>\n\t\t\t\t\t<\/span>\n\t\t\t\t\t<\/a>\n\t\t\t\t<\/div>\n\t\t\t\t\t\t\t\t<\/div>\n\t\t\t\t<\/div>\n\t\t\t\t\t<\/div>\n\t\t<\/div>\n\t\t\t\t\t<\/div>\n\t\t<\/section>\n\t\t\t\t<section class=\"elementor-section elementor-top-section elementor-element elementor-element-461a6910 elementor-section-boxed elementor-section-height-default elementor-section-height-default\" data-id=\"461a6910\" data-element_type=\"section\" data-e-type=\"section\">\n\t\t\t\t\t\t<div class=\"elementor-container elementor-column-gap-default\">\n\t\t\t\t\t<div class=\"elementor-column elementor-col-100 elementor-top-column elementor-element elementor-element-4d060cff\" data-id=\"4d060cff\" data-element_type=\"column\" data-e-type=\"column\">\n\t\t\t<div class=\"elementor-widget-wrap elementor-element-populated\">\n\t\t\t\t\t\t<div class=\"elementor-element elementor-element-7c4d3d8 elementor-widget elementor-widget-heading\" data-id=\"7c4d3d8\" data-element_type=\"widget\" data-e-type=\"widget\" data-widget_type=\"heading.default\">\n\t\t\t\t<div class=\"elementor-widget-container\">\n\t\t\t\t\t<h2 class=\"elementor-heading-title elementor-size-default\">Orden de prioridad de las contribuciones alimentarias en el divorcio en Suiza<\/h2>\t\t\t\t<\/div>\n\t\t\t\t<\/div>\n\t\t\t\t<div class=\"elementor-element elementor-element-44738074 elementor-widget-divider--view-line elementor-widget elementor-widget-divider\" data-id=\"44738074\" data-element_type=\"widget\" data-e-type=\"widget\" data-widget_type=\"divider.default\">\n\t\t\t\t<div class=\"elementor-widget-container\">\n\t\t\t\t\t\t\t<div class=\"elementor-divider\">\n\t\t\t<span class=\"elementor-divider-separator\">\n\t\t\t\t\t\t<\/span>\n\t\t<\/div>\n\t\t\t\t\t\t<\/div>\n\t\t\t\t<\/div>\n\t\t\t\t<div class=\"elementor-element elementor-element-4dcee888 elementor-widget elementor-widget-text-editor\" data-id=\"4dcee888\" data-element_type=\"widget\" data-e-type=\"widget\" data-widget_type=\"text-editor.default\">\n\t\t\t\t<div class=\"elementor-widget-container\">\n\t\t\t\t\t\t\t\t\t<div class=\"flex-1 overflow-hidden\"><div class=\"react-scroll-to-bottom--css-qfmvk-79elbk h-full\"><div class=\"react-scroll-to-bottom--css-qfmvk-1n7m0yu\"><div class=\"flex flex-col text-sm pb-9\"><div class=\"w-full text-token-text-primary\" dir=\"auto\" data-testid=\"conversation-turn-11\" data-scroll-anchor=\"true\"><div class=\"py-2 juice:py-[18px] px-3 text-base md:px-4 m-auto md:px-5 lg:px-1 xl:px-5\"><div class=\"mx-auto flex flex-1 gap-3 text-base juice:gap-4 juice:md:gap-6 md:max-w-3xl lg:max-w-[40rem] xl:max-w-[48rem]\"><div class=\"group\/conversation-turn relative flex w-full min-w-0 flex-col agent-turn\"><div class=\"flex-col gap-1 md:gap-3\"><div class=\"flex flex-grow flex-col max-w-full\"><div class=\"min-h-[20px] text-message flex flex-col items-start whitespace-pre-wrap break-words [.text-message+&amp;]:mt-5 juice:w-full juice:items-end overflow-x-auto gap-2\" dir=\"auto\" data-message-author-role=\"assistant\" data-message-id=\"fb65754e-2e7a-4016-b0ff-c9904266ff22\"><div class=\"flex w-full flex-col gap-1 juice:empty:hidden juice:first:pt-[3px]\"><div class=\"markdown prose w-full break-words dark:prose-invert dark\"><h2>Principio legal<\/h2><p>En t\u00e9rminos generales, el C\u00f3digo Civil suizo establece que la obligaci\u00f3n de proporcionar alimentos a un hijo menor tiene prioridad sobre otras obligaciones de alimentos del derecho de familia (art. 276a, apdo. 1 CC). Esta prioridad abarca toda la manutenci\u00f3n adecuada del hijo menor y, por tanto, tambi\u00e9n incluye la posible contribuci\u00f3n alimentaria (art. 285 CC). <\/p><p>Sin embargo, el juez puede apartarse de este principio en determinadas configuraciones. Este puede ser el caso, por ejemplo, cuando un hijo mayor de edad tiene derecho a alimentos, y conviene no perjudicarle (art. 276.2 CC). El objetivo es evitar que un hijo que cumple 18 a\u00f1os y cursa estudios en el momento del divorcio se encuentre de repente en una situaci\u00f3n de necesidad. Sin embargo, este matiz no colocar\u00e1 al hijo mayor de edad en una situaci\u00f3n de igualdad absoluta, ya que podr\u00eda encontrar un trabajo a tiempo parcial o una beca, mientras que un hijo menor no.   <\/p><h2>Orden de prioridad en una situaci\u00f3n de d\u00e9ficit<\/h2><h3>Hijo menor y c\u00f3nyuge<\/h3><p>Si los medios disponibles del deudor de alimentos son insuficientes para cubrir las necesidades de la familia, la pensi\u00f3n alimenticia del hijo menor tendr\u00e1 prioridad sobre la del c\u00f3nyuge divorciado. La pensi\u00f3n alimenticia tambi\u00e9n tendr\u00e1 prioridad sobre la del ex c\u00f3nyuge. Estas prioridades tambi\u00e9n se aplican a los hijos de otras posibles relaciones del deudor.  <\/p><p>En cuanto al m\u00e9todo de c\u00e1lculo, conviene cubrir primero el m\u00ednimo vital esencial del deudor seg\u00fan la ley de ejecuci\u00f3n, despu\u00e9s el del hijo menor, seguido de la contribuci\u00f3n alimenticia (establecida tambi\u00e9n seg\u00fan el m\u00ednimo vital esencial de la ley de ejecuci\u00f3n) y, por \u00faltimo, el m\u00ednimo vital del c\u00f3nyuge seg\u00fan la ley de ejecuci\u00f3n.<\/p><p>Una vez cubierto el m\u00ednimo vital de cada uno seg\u00fan el derecho de ejecuci\u00f3n, conviene comprobar si quedan recursos y, en caso afirmativo, se pueden cubrir algunas cargas del m\u00ednimo vital del derecho de familia, respetando el mismo orden de prioridad que antes.<\/p><p>La pensi\u00f3n alimenticia del hijo menor tambi\u00e9n tiene prioridad sobre la pensi\u00f3n alimenticia del c\u00f3nyuge con el que convive el deudor. Por tanto, los gastos del nuevo c\u00f3nyuge no deben incluirse en los del deudor de la pensi\u00f3n alimenticia del menor. \u00c9sta sigue siendo la norma aunque el nuevo c\u00f3nyuge no se ocupe \u00e9l mismo de su propia manutenci\u00f3n.  <\/p><h3>Hijo adulto y c\u00f3nyuge<\/h3><p>La contribuci\u00f3n al ex c\u00f3nyuge siempre prevalece sobre el mantenimiento del hijo mayor de edad en la educaci\u00f3n.<\/p><p>A pesar de la promulgaci\u00f3n del art\u00edculo 276 bis, apartado 2, del C\u00f3digo Civil, se sigue aplicando la jurisprudencia existente y se mantiene la prioridad concedida al ex c\u00f3nyuge.<\/p><h3>Hijo menor e hijo adulto<\/h3><p>El art\u00edculo 276 bis, apartado 2, del C\u00f3digo Civil permite calificar la primac\u00eda de la pensi\u00f3n alimenticia para el hijo menor en casos motivados.<\/p><p>Se trata de un margen de discrecionalidad que se deja al juez en funci\u00f3n de las circunstancias concretas del caso. Por tanto, esta disposici\u00f3n permite al juez apartarse del principio jur\u00eddico b\u00e1sico que da prioridad a la manutenci\u00f3n del hijo menor. <\/p><h2>Jurisprudencia reciente<\/h2><p>El 20 de abril de 2022, el Tribunal Federal tom\u00f3 una decisi\u00f3n en el caso de una familia ensamblada (TF 5A_382\/2021).<\/p><p>Se trataba de un caso en el que el primer hijo hab\u00eda nacido fuera del matrimonio. Despu\u00e9s de que los padres de este ni\u00f1o se separaran, la madre se volvi\u00f3 a casar y dio a luz a otro hijo. <\/p><p>El Tribunal Federal tuvo que pronunciarse sobre la concurrencia entre la obligaci\u00f3n de alimentos del primer padre y la obligaci\u00f3n de alimentos del marido de la madre, en virtud de los principios de la pensi\u00f3n alimenticia familiar durante el matrimonio. En su resoluci\u00f3n, consider\u00f3 que el padre del primer hijo ya no ten\u00eda la obligaci\u00f3n de prestar alimentos a dicho hijo, puesto que el padre del segundo hijo cubr\u00eda los gastos de subsistencia de la madre mediante sus ingresos procedentes de una actividad lucrativa. Para llegar a esta conclusi\u00f3n, el Tribunal Federal declar\u00f3 que, dado que la madre y su nuevo marido hab\u00edan acordado un reparto tradicional de tareas, en virtud del cual el marido proporcionaba dinero a la madre que, a cambio, se ocupaba del hogar y del hijo com\u00fan, los gastos de manutenci\u00f3n de este \u00faltimo estaban cubiertos. Por tanto, al no padecer d\u00e9ficit, no proced\u00eda fijar una pensi\u00f3n alimenticia a favor del hijo del primer matrimonio.   <\/p><p>Con esta jurisprudencia, el Tribunal Federal no respet\u00f3 la finalidad de la contribuci\u00f3n alimentaria, que pretend\u00eda garantizar que el menor dispusiera de los recursos necesarios, aunque se produjera un cambio en la situaci\u00f3n personal del progenitor responsable de su manutenci\u00f3n. Por tanto, no se descarta que a largo plazo el Tribunal Federal revise esta jurisprudencia. <\/p><\/div><\/div><\/div><\/div><\/div><\/div><\/div><\/div><\/div><\/div><\/div><\/div><\/div>\t\t\t\t\t\t\t\t<\/div>\n\t\t\t\t<\/div>\n\t\t\t\t\t<\/div>\n\t\t<\/div>\n\t\t\t\t\t<\/div>\n\t\t<\/section>\n\t\t\t\t<section class=\"elementor-section elementor-top-section elementor-element elementor-element-536e7b01 elementor-section-full_width elementor-section-height-min-height elementor-section-items-stretch elementor-section-content-middle elementor-section-height-default\" data-id=\"536e7b01\" data-element_type=\"section\" data-e-type=\"section\" data-settings=\"{&quot;background_background&quot;:&quot;classic&quot;}\">\n\t\t\t\t\t\t<div class=\"elementor-container elementor-column-gap-no\">\n\t\t\t\t\t<div class=\"elementor-column elementor-col-50 elementor-top-column elementor-element elementor-element-e9add55\" data-id=\"e9add55\" data-element_type=\"column\" data-e-type=\"column\" data-settings=\"{&quot;background_background&quot;:&quot;classic&quot;}\">\n\t\t\t<div class=\"elementor-widget-wrap elementor-element-populated\">\n\t\t\t\t\t\t<div class=\"elementor-element elementor-element-5aedb710 elementor-widget elementor-widget-spacer\" data-id=\"5aedb710\" data-element_type=\"widget\" data-e-type=\"widget\" data-widget_type=\"spacer.default\">\n\t\t\t\t<div class=\"elementor-widget-container\">\n\t\t\t\t\t\t\t<div class=\"elementor-spacer\">\n\t\t\t<div class=\"elementor-spacer-inner\"><\/div>\n\t\t<\/div>\n\t\t\t\t\t\t<\/div>\n\t\t\t\t<\/div>\n\t\t\t\t\t<\/div>\n\t\t<\/div>\n\t\t\t\t<div class=\"elementor-column elementor-col-50 elementor-top-column elementor-element elementor-element-5b11b9c9\" data-id=\"5b11b9c9\" data-element_type=\"column\" data-e-type=\"column\" data-settings=\"{&quot;background_background&quot;:&quot;classic&quot;}\">\n\t\t\t<div class=\"elementor-widget-wrap elementor-element-populated\">\n\t\t\t\t\t\t<div class=\"elementor-element elementor-element-37f322bd elementor-widget elementor-widget-heading\" data-id=\"37f322bd\" data-element_type=\"widget\" data-e-type=\"widget\" data-widget_type=\"heading.default\">\n\t\t\t\t<div class=\"elementor-widget-container\">\n\t\t\t\t\t<p class=\"elementor-heading-title elementor-size-default\">Consulta inicial  <\/p>\t\t\t\t<\/div>\n\t\t\t\t<\/div>\n\t\t\t\t<div class=\"elementor-element elementor-element-e23ff63 elementor-widget elementor-widget-heading\" data-id=\"e23ff63\" data-element_type=\"widget\" data-e-type=\"widget\" data-widget_type=\"heading.default\">\n\t\t\t\t<div class=\"elementor-widget-container\">\n\t\t\t\t\t<p class=\"elementor-heading-title elementor-size-default\">de 60 min a 220,00 CHF<\/p>\t\t\t\t<\/div>\n\t\t\t\t<\/div>\n\t\t\t\t<div class=\"elementor-element elementor-element-53c93d1e elementor-widget elementor-widget-text-editor\" data-id=\"53c93d1e\" data-element_type=\"widget\" data-e-type=\"widget\" data-widget_type=\"text-editor.default\">\n\t\t\t\t<div class=\"elementor-widget-container\">\n\t\t\t\t\t\t\t\t\tDiscute tu situaci\u00f3n con un abogado especializado en Suiza.\n\t\t\t\t\t\t\t\t<\/div>\n\t\t\t\t<\/div>\n\t\t\t\t<div class=\"elementor-element elementor-element-796a6a27 elementor-widget-divider--view-line elementor-widget elementor-widget-divider\" data-id=\"796a6a27\" data-element_type=\"widget\" data-e-type=\"widget\" data-widget_type=\"divider.default\">\n\t\t\t\t<div class=\"elementor-widget-container\">\n\t\t\t\t\t\t\t<div class=\"elementor-divider\">\n\t\t\t<span class=\"elementor-divider-separator\">\n\t\t\t\t\t\t<\/span>\n\t\t<\/div>\n\t\t\t\t\t\t<\/div>\n\t\t\t\t<\/div>\n\t\t\t\t<div class=\"elementor-element elementor-element-1ab4b67f elementor-widget elementor-widget-text-editor\" data-id=\"1ab4b67f\" data-element_type=\"widget\" data-e-type=\"widget\" data-widget_type=\"text-editor.default\">\n\t\t\t\t<div class=\"elementor-widget-container\">\n\t\t\t\t\t\t\t\t\t<p>\u00bfS\u00f3lo buscas una cita para hacer algunas preguntas?<br>\u00bfNo est\u00e1s seguro de los procedimientos que deseas realizar?<br>\u00bfTu situaci\u00f3n no est\u00e1 clara?<\/p><p><strong>Opta por una primera consulta con un abogado en Ginebra.<\/strong><\/p><p>Entonces decidir\u00e1s si quieres seguir adelante y nuestros abogados te dar\u00e1n el coste del procedimiento seg\u00fan tu caso. Citas disponibles en persona o por videoconferencia. <strong><br><\/strong><\/p>\t\t\t\t\t\t\t\t<\/div>\n\t\t\t\t<\/div>\n\t\t\t\t<div class=\"elementor-element elementor-element-2c32af6f elementor-align-center elementor-widget elementor-widget-button\" data-id=\"2c32af6f\" data-element_type=\"widget\" data-e-type=\"widget\" data-widget_type=\"button.default\">\n\t\t\t\t<div class=\"elementor-widget-container\">\n\t\t\t\t\t\t\t\t\t<div class=\"elementor-button-wrapper\">\n\t\t\t\t\t<a class=\"elementor-button elementor-button-link elementor-size-sm\" href=\"https:\/\/www.geneva-lawyers.com\/es\/contacto\/\">\n\t\t\t\t\t\t<span class=\"elementor-button-content-wrapper\">\n\t\t\t\t\t\t\t\t\t<span class=\"elementor-button-text\">Pide cita con un abogado<\/span>\n\t\t\t\t\t<\/span>\n\t\t\t\t\t<\/a>\n\t\t\t\t<\/div>\n\t\t\t\t\t\t\t\t<\/div>\n\t\t\t\t<\/div>\n\t\t\t\t\t<\/div>\n\t\t<\/div>\n\t\t\t\t\t<\/div>\n\t\t<\/section>\n\t\t\t\t<\/div>\n\t\t","protected":false},"excerpt":{"rendered":"<p>Pide cita con un abogado Orden de prioridad de las contribuciones alimentarias en el divorcio en Suiza Principio legal En t\u00e9rminos generales, el C\u00f3digo Civil suizo establece que la obligaci\u00f3n de proporcionar alimentos a un hijo menor tiene prioridad sobre otras obligaciones de alimentos del derecho de familia (art. 276a, apdo. 1 CC). Esta prioridad &#8230; <a title=\"Contribuciones alimentarias en caso de divorcio\" class=\"read-more\" href=\"https:\/\/www.geneva-lawyers.com\/es\/contribuciones-alimentarias-divorcio\/\" aria-label=\"Leer m\u00e1s sobre Contribuciones alimentarias en caso de divorcio\">Leer m\u00e1s<\/a><\/p>\n","protected":false},"author":1,"featured_media":0,"parent":0,"menu_order":0,"comment_status":"closed","ping_status":"closed","template":"elementor_header_footer","meta":{"_acf_changed":false,"_seopress_robots_primary_cat":"","_seopress_titles_title":"","_seopress_titles_desc":"","_seopress_robots_index":"","footnotes":""},"class_list":["post-31441","page","type-page","status-publish"],"acf":[],"_links":{"self":[{"href":"https:\/\/www.geneva-lawyers.com\/es\/wp-json\/wp\/v2\/pages\/31441","targetHints":{"allow":["GET"]}}],"collection":[{"href":"https:\/\/www.geneva-lawyers.com\/es\/wp-json\/wp\/v2\/pages"}],"about":[{"href":"https:\/\/www.geneva-lawyers.com\/es\/wp-json\/wp\/v2\/types\/page"}],"author":[{"embeddable":true,"href":"https:\/\/www.geneva-lawyers.com\/es\/wp-json\/wp\/v2\/users\/1"}],"replies":[{"embeddable":true,"href":"https:\/\/www.geneva-lawyers.com\/es\/wp-json\/wp\/v2\/comments?post=31441"}],"version-history":[{"count":6,"href":"https:\/\/www.geneva-lawyers.com\/es\/wp-json\/wp\/v2\/pages\/31441\/revisions"}],"predecessor-version":[{"id":33961,"href":"https:\/\/www.geneva-lawyers.com\/es\/wp-json\/wp\/v2\/pages\/31441\/revisions\/33961"}],"wp:attachment":[{"href":"https:\/\/www.geneva-lawyers.com\/es\/wp-json\/wp\/v2\/media?parent=31441"}],"curies":[{"name":"wp","href":"https:\/\/api.w.org\/{rel}","templated":true}]}}