{"id":31449,"date":"2024-05-16T15:12:57","date_gmt":"2024-05-16T13:12:57","guid":{"rendered":"https:\/\/www.geneva-lawyers.com\/medidas-de-proteccion-de-la-union-conyugal-pmcu\/"},"modified":"2025-04-14T15:45:40","modified_gmt":"2025-04-14T13:45:40","slug":"medidas-proteccion-union-conyugal-pmcu","status":"publish","type":"page","link":"https:\/\/www.geneva-lawyers.com\/es\/medidas-proteccion-union-conyugal-pmcu\/","title":{"rendered":"Medidas de protecci\u00f3n de la uni\u00f3n conyugal (PMCU)"},"content":{"rendered":"\t\t<div data-elementor-type=\"wp-page\" data-elementor-id=\"31449\" class=\"elementor elementor-31449 elementor-28938\" data-elementor-post-type=\"page\">\n\t\t\t\t\t\t<section class=\"elementor-section elementor-top-section elementor-element elementor-element-7b57512a elementor-section-boxed elementor-section-height-default elementor-section-height-default\" data-id=\"7b57512a\" data-element_type=\"section\" data-e-type=\"section\" data-settings=\"{&quot;background_background&quot;:&quot;classic&quot;}\">\n\t\t\t\t\t\t\t<div class=\"elementor-background-overlay\"><\/div>\n\t\t\t\t\t\t\t<div class=\"elementor-container elementor-column-gap-default\">\n\t\t\t\t\t<div class=\"elementor-column elementor-col-100 elementor-top-column elementor-element elementor-element-46e66c60\" data-id=\"46e66c60\" data-element_type=\"column\" data-e-type=\"column\">\n\t\t\t<div class=\"elementor-widget-wrap elementor-element-populated\">\n\t\t\t\t\t\t<div class=\"elementor-element elementor-element-3a93693d elementor-widget-divider--view-line elementor-widget elementor-widget-divider\" data-id=\"3a93693d\" data-element_type=\"widget\" data-e-type=\"widget\" data-widget_type=\"divider.default\">\n\t\t\t\t<div class=\"elementor-widget-container\">\n\t\t\t\t\t\t\t<div class=\"elementor-divider\">\n\t\t\t<span class=\"elementor-divider-separator\">\n\t\t\t\t\t\t<\/span>\n\t\t<\/div>\n\t\t\t\t\t\t<\/div>\n\t\t\t\t<\/div>\n\t\t\t\t<div class=\"elementor-element elementor-element-7f0d78a3 elementor-align-center elementor-widget elementor-widget-button\" data-id=\"7f0d78a3\" data-element_type=\"widget\" data-e-type=\"widget\" data-widget_type=\"button.default\">\n\t\t\t\t<div class=\"elementor-widget-container\">\n\t\t\t\t\t\t\t\t\t<div class=\"elementor-button-wrapper\">\n\t\t\t\t\t<a class=\"elementor-button elementor-button-link elementor-size-sm\" href=\"https:\/\/www.geneva-lawyers.com\/es\/contacto\/\">\n\t\t\t\t\t\t<span class=\"elementor-button-content-wrapper\">\n\t\t\t\t\t\t\t\t\t<span class=\"elementor-button-text\">Pide cita con un abogado<\/span>\n\t\t\t\t\t<\/span>\n\t\t\t\t\t<\/a>\n\t\t\t\t<\/div>\n\t\t\t\t\t\t\t\t<\/div>\n\t\t\t\t<\/div>\n\t\t\t\t\t<\/div>\n\t\t<\/div>\n\t\t\t\t\t<\/div>\n\t\t<\/section>\n\t\t\t\t<section class=\"elementor-section elementor-top-section elementor-element elementor-element-e49310f elementor-section-boxed elementor-section-height-default elementor-section-height-default\" data-id=\"e49310f\" data-element_type=\"section\" data-e-type=\"section\">\n\t\t\t\t\t\t<div class=\"elementor-container elementor-column-gap-default\">\n\t\t\t\t\t<div class=\"elementor-column elementor-col-100 elementor-top-column elementor-element elementor-element-6bc0076c\" data-id=\"6bc0076c\" data-element_type=\"column\" data-e-type=\"column\">\n\t\t\t<div class=\"elementor-widget-wrap elementor-element-populated\">\n\t\t\t\t\t\t<div class=\"elementor-element elementor-element-21312bbd elementor-widget elementor-widget-heading\" data-id=\"21312bbd\" data-element_type=\"widget\" data-e-type=\"widget\" data-widget_type=\"heading.default\">\n\t\t\t\t<div class=\"elementor-widget-container\">\n\t\t\t\t\t<h2 class=\"elementor-heading-title elementor-size-default\">PMCU: Medidas de protecci\u00f3n de la uni\u00f3n conyugal en Suiza<\/h2>\t\t\t\t<\/div>\n\t\t\t\t<\/div>\n\t\t\t\t<div class=\"elementor-element elementor-element-5a854fa2 elementor-widget-divider--view-line elementor-widget elementor-widget-divider\" data-id=\"5a854fa2\" data-element_type=\"widget\" data-e-type=\"widget\" data-widget_type=\"divider.default\">\n\t\t\t\t<div class=\"elementor-widget-container\">\n\t\t\t\t\t\t\t<div class=\"elementor-divider\">\n\t\t\t<span class=\"elementor-divider-separator\">\n\t\t\t\t\t\t<\/span>\n\t\t<\/div>\n\t\t\t\t\t\t<\/div>\n\t\t\t\t<\/div>\n\t\t\t\t<div class=\"elementor-element elementor-element-6c7d2fb7 elementor-widget elementor-widget-text-editor\" data-id=\"6c7d2fb7\" data-element_type=\"widget\" data-e-type=\"widget\" data-widget_type=\"text-editor.default\">\n\t\t\t\t<div class=\"elementor-widget-container\">\n\t\t\t\t\t\t\t\t\t<div class=\"flex-1 overflow-hidden\"><div class=\"react-scroll-to-bottom--css-qfmvk-79elbk h-full\"><div class=\"react-scroll-to-bottom--css-qfmvk-1n7m0yu\"><div class=\"flex flex-col text-sm pb-9\"><div class=\"w-full text-token-text-primary\" dir=\"auto\" data-testid=\"conversation-turn-9\" data-scroll-anchor=\"true\"><div class=\"py-2 juice:py-[18px] px-3 text-base md:px-4 m-auto md:px-5 lg:px-1 xl:px-5\"><div class=\"mx-auto flex flex-1 gap-3 text-base juice:gap-4 juice:md:gap-6 md:max-w-3xl lg:max-w-[40rem] xl:max-w-[48rem]\"><div class=\"group\/conversation-turn relative flex w-full min-w-0 flex-col agent-turn\"><div class=\"flex-col gap-1 md:gap-3\"><div class=\"flex flex-grow flex-col max-w-full\"><div class=\"min-h-[20px] text-message flex flex-col items-start whitespace-pre-wrap break-words [.text-message+&amp;]:mt-5 juice:w-full juice:items-end overflow-x-auto gap-2\" dir=\"auto\" data-message-author-role=\"assistant\" data-message-id=\"b2448901-1183-42e8-a325-84148e37b8e8\"><div class=\"flex w-full flex-col gap-1 juice:empty:hidden juice:first:pt-[3px]\"><div class=\"markdown prose w-full break-words dark:prose-invert dark\"><p>En caso de desacuerdo entre los c\u00f3nyuges, no puede iniciarse un procedimiento de divorcio amistoso. En tales casos, la ley exige que los c\u00f3nyuges respeten un periodo de separaci\u00f3n de dos a\u00f1os. Este periodo de separaci\u00f3n puede requerir la adopci\u00f3n de medidas antes de finalizar el divorcio.  <\/p><h2>Caso de separaci\u00f3n de mutuo acuerdo<\/h2><p>En la mayor\u00eda de los casos, para agilizar cualquier procedimiento, la soluci\u00f3n m\u00e1s sencilla es adoptar un enfoque amistoso. Es m\u00e1s f\u00e1cil acordar juntos una soluci\u00f3n que enzarzarse en un procedimiento judicial que puede durar a\u00f1os y tambi\u00e9n resultar costoso. En un asunto en el que intervienen dos personas casadas, el inter\u00e9s y el bienestar de los hijos debe ser la prioridad; por tanto, los padres deben esperar que un acuerdo de custodia compartida satisfaga lo mejor posible las necesidades de sus hijos. Adem\u00e1s, deben recordar que siempre pueden buscar la ayuda de asesores matrimoniales que les ayuden a resolver su conflicto y a encontrar soluciones distintas de la separaci\u00f3n o el divorcio.   <\/p><h2>Caso de separaci\u00f3n no consentida  <\/h2><p>Hay casos en que la situaci\u00f3n de la pareja no permite un acuerdo de separaci\u00f3n. Esto suele ocurrir cuando uno de los progenitores abandona el hogar familiar. En este caso, el c\u00f3nyuge restante puede presentar una solicitud al juez para que decida sobre cuestiones urgentes, como el pronunciamiento de la separaci\u00f3n. Adem\u00e1s, el juez tambi\u00e9n decidir\u00e1 sobre el destino del domicilio familiar, la custodia y los derechos de visita.   <\/p><h2>Procedimiento para iniciar una solicitud de medidas cautelares para la uni\u00f3n conyugal (PMCU)  <\/h2><p>Como en cualquier caso que implique consecuencias jur\u00eddicas, es aconsejable buscar asesoramiento jur\u00eddico antes de proceder. Las decisiones resultantes de las medidas de protecci\u00f3n de la uni\u00f3n conyugal pueden influir en futuros procedimientos, como una demanda de divorcio unilateral. Es importante definir claramente tu solicitud, ya que el proceso de divorcio, que a veces puede durar meses o incluso a\u00f1os, puede ver c\u00f3mo la aplicaci\u00f3n de estas medidas se prolonga m\u00e1s all\u00e1 de 2 a\u00f1os. Por \u00faltimo, es raro que se modifiquen cuestiones resueltas con estas medidas, como la atribuci\u00f3n de la custodia de los hijos y los derechos de visita o la atribuci\u00f3n de la vivienda familiar.   <\/p><h2>Duraci\u00f3n de la aplicaci\u00f3n de las medidas de protecci\u00f3n de la uni\u00f3n conyugal  <\/h2><p>En un procedimiento de divorcio, es posible que los dos futuros ex c\u00f3nyuges lleguen a un punto muerto. Esto puede deberse a varias razones, como disputas sobre el principio mismo del divorcio que lleven a un rechazo. En tales situaciones, un periodo de separaci\u00f3n puede requerir a veces medidas de protecci\u00f3n de la uni\u00f3n conyugal.  <\/p><h2>Medidas de protecci\u00f3n de la uni\u00f3n conyugal  <\/h2><p>Estas medidas pretenden resolver los problemas derivados de la separaci\u00f3n a largo plazo de los dos progenitores. Tratan de encontrar soluciones en relaci\u00f3n con los siguientes elementos: <\/p><ul><li>patria potestad y custodia de los hijos;<\/li><li>contribuciones financieras; y<\/li><li>asignaci\u00f3n de vivienda y mobiliario.<\/li><\/ul><p>Procedimiento Las medidas pueden solicitarse al juzgado del domicilio de uno de los c\u00f3nyuges, unilateralmente o de mutuo acuerdo. Se trata de un procedimiento escrito que no requiere ninguna forma particular: una simple carta es suficiente para solicitar una o varias de las medidas enumeradas en los art\u00edculos 172 a 180 del C\u00f3digo Civil suizo. El juez competente fija una audiencia para escuchar a las partes e intentar llegar a un acuerdo. En algunos casos, tambi\u00e9n se puede escuchar a los hijos. Las medidas superprovisionales tambi\u00e9n pueden ser decididas por el tribunal competente, sin respetar el derecho a ser o\u00eddo, cuando una situaci\u00f3n urgente lo justifique.    <\/p><h2>Importancia y necesidad de las medidas de protecci\u00f3n de la uni\u00f3n conyugal  <\/h2><p>Las medidas de protecci\u00f3n de la uni\u00f3n conyugal &#8211; PMCU &#8211; se establecieron principalmente para dar soluci\u00f3n a los problemas relacionados con las repercusiones del divorcio en la vida de los c\u00f3nyuges antes de que se pronuncie el divorcio. Estas medidas pretenden salvaguardar la uni\u00f3n conyugal y garantizar su mantenimiento. Entran en juego cuando los dos c\u00f3nyuges se enfrentan a disputas, o a hechos o situaciones que impiden un divorcio amistoso, como cuando uno de los c\u00f3nyuges impugna el principio y los acuerdos del divorcio. Estas medidas pueden adoptarse mucho antes del procedimiento de divorcio si el juez las considera necesarias. En ausencia de una solicitud de modificaci\u00f3n o de una petici\u00f3n unilateral de divorcio, y durante todo el periodo de divorcio, estas medidas seguir\u00e1n en vigor.    <\/p><\/div><\/div><\/div><\/div><\/div><\/div><\/div><\/div><\/div><\/div><\/div><\/div><\/div>\t\t\t\t\t\t\t\t<\/div>\n\t\t\t\t<\/div>\n\t\t\t\t\t<\/div>\n\t\t<\/div>\n\t\t\t\t\t<\/div>\n\t\t<\/section>\n\t\t\t\t<section class=\"elementor-section elementor-top-section elementor-element elementor-element-2cde4f3a elementor-section-full_width elementor-section-height-min-height elementor-section-items-stretch elementor-section-content-middle elementor-section-height-default\" data-id=\"2cde4f3a\" data-element_type=\"section\" data-e-type=\"section\" data-settings=\"{&quot;background_background&quot;:&quot;classic&quot;}\">\n\t\t\t\t\t\t<div class=\"elementor-container elementor-column-gap-no\">\n\t\t\t\t\t<div class=\"elementor-column elementor-col-50 elementor-top-column elementor-element elementor-element-6cad2394\" data-id=\"6cad2394\" data-element_type=\"column\" data-e-type=\"column\" data-settings=\"{&quot;background_background&quot;:&quot;classic&quot;}\">\n\t\t\t<div class=\"elementor-widget-wrap elementor-element-populated\">\n\t\t\t\t\t\t<div class=\"elementor-element elementor-element-6e8afb40 elementor-widget elementor-widget-spacer\" data-id=\"6e8afb40\" data-element_type=\"widget\" data-e-type=\"widget\" data-widget_type=\"spacer.default\">\n\t\t\t\t<div class=\"elementor-widget-container\">\n\t\t\t\t\t\t\t<div class=\"elementor-spacer\">\n\t\t\t<div class=\"elementor-spacer-inner\"><\/div>\n\t\t<\/div>\n\t\t\t\t\t\t<\/div>\n\t\t\t\t<\/div>\n\t\t\t\t\t<\/div>\n\t\t<\/div>\n\t\t\t\t<div class=\"elementor-column elementor-col-50 elementor-top-column elementor-element elementor-element-1c0ac59f\" data-id=\"1c0ac59f\" data-element_type=\"column\" data-e-type=\"column\" data-settings=\"{&quot;background_background&quot;:&quot;classic&quot;}\">\n\t\t\t<div class=\"elementor-widget-wrap elementor-element-populated\">\n\t\t\t\t\t\t<div class=\"elementor-element elementor-element-b21ef8f elementor-widget elementor-widget-heading\" data-id=\"b21ef8f\" data-element_type=\"widget\" data-e-type=\"widget\" data-widget_type=\"heading.default\">\n\t\t\t\t<div class=\"elementor-widget-container\">\n\t\t\t\t\t<p class=\"elementor-heading-title elementor-size-default\">Consulta inicial  <\/p>\t\t\t\t<\/div>\n\t\t\t\t<\/div>\n\t\t\t\t<div class=\"elementor-element elementor-element-38f45307 elementor-widget elementor-widget-heading\" data-id=\"38f45307\" data-element_type=\"widget\" data-e-type=\"widget\" data-widget_type=\"heading.default\">\n\t\t\t\t<div class=\"elementor-widget-container\">\n\t\t\t\t\t<p class=\"elementor-heading-title elementor-size-default\">de 60 min a 220,00 CHF<\/p>\t\t\t\t<\/div>\n\t\t\t\t<\/div>\n\t\t\t\t<div class=\"elementor-element elementor-element-49b93af1 elementor-widget elementor-widget-text-editor\" data-id=\"49b93af1\" data-element_type=\"widget\" data-e-type=\"widget\" data-widget_type=\"text-editor.default\">\n\t\t\t\t<div class=\"elementor-widget-container\">\n\t\t\t\t\t\t\t\t\tDiscute tu situaci\u00f3n con un abogado especializado en Suiza.\n\t\t\t\t\t\t\t\t<\/div>\n\t\t\t\t<\/div>\n\t\t\t\t<div class=\"elementor-element elementor-element-3652ea63 elementor-widget-divider--view-line elementor-widget elementor-widget-divider\" data-id=\"3652ea63\" data-element_type=\"widget\" data-e-type=\"widget\" data-widget_type=\"divider.default\">\n\t\t\t\t<div class=\"elementor-widget-container\">\n\t\t\t\t\t\t\t<div class=\"elementor-divider\">\n\t\t\t<span class=\"elementor-divider-separator\">\n\t\t\t\t\t\t<\/span>\n\t\t<\/div>\n\t\t\t\t\t\t<\/div>\n\t\t\t\t<\/div>\n\t\t\t\t<div class=\"elementor-element elementor-element-758ccd31 elementor-widget elementor-widget-text-editor\" data-id=\"758ccd31\" data-element_type=\"widget\" data-e-type=\"widget\" data-widget_type=\"text-editor.default\">\n\t\t\t\t<div class=\"elementor-widget-container\">\n\t\t\t\t\t\t\t\t\t<p>\u00bfS\u00f3lo buscas una cita para hacer algunas preguntas?<br>\u00bfNo est\u00e1s seguro de los procedimientos que deseas realizar?<br>\u00bfTu situaci\u00f3n no est\u00e1 clara?<\/p><p><strong>Opta por una primera consulta con un abogado en Ginebra.<\/strong><\/p><p>Entonces decidir\u00e1s si quieres seguir adelante y nuestros abogados te dar\u00e1n el coste del procedimiento seg\u00fan tu caso. Citas disponibles en persona o por videoconferencia. <strong><br><\/strong><\/p>\t\t\t\t\t\t\t\t<\/div>\n\t\t\t\t<\/div>\n\t\t\t\t<div class=\"elementor-element elementor-element-2f2fe2b elementor-align-center elementor-widget elementor-widget-button\" data-id=\"2f2fe2b\" data-element_type=\"widget\" data-e-type=\"widget\" data-widget_type=\"button.default\">\n\t\t\t\t<div class=\"elementor-widget-container\">\n\t\t\t\t\t\t\t\t\t<div class=\"elementor-button-wrapper\">\n\t\t\t\t\t<a class=\"elementor-button elementor-button-link elementor-size-sm\" href=\"https:\/\/www.geneva-lawyers.com\/es\/contacto\/\">\n\t\t\t\t\t\t<span class=\"elementor-button-content-wrapper\">\n\t\t\t\t\t\t\t\t\t<span class=\"elementor-button-text\">Pide cita con un abogado<\/span>\n\t\t\t\t\t<\/span>\n\t\t\t\t\t<\/a>\n\t\t\t\t<\/div>\n\t\t\t\t\t\t\t\t<\/div>\n\t\t\t\t<\/div>\n\t\t\t\t\t<\/div>\n\t\t<\/div>\n\t\t\t\t\t<\/div>\n\t\t<\/section>\n\t\t\t\t<\/div>\n\t\t","protected":false},"excerpt":{"rendered":"<p>Pide cita con un abogado PMCU: Medidas de protecci\u00f3n de la uni\u00f3n conyugal en Suiza En caso de desacuerdo entre los c\u00f3nyuges, no puede iniciarse un procedimiento de divorcio amistoso. En tales casos, la ley exige que los c\u00f3nyuges respeten un periodo de separaci\u00f3n de dos a\u00f1os. Este periodo de separaci\u00f3n puede requerir la adopci\u00f3n &#8230; <a title=\"Medidas de protecci\u00f3n de la uni\u00f3n conyugal (PMCU)\" class=\"read-more\" href=\"https:\/\/www.geneva-lawyers.com\/es\/medidas-proteccion-union-conyugal-pmcu\/\" aria-label=\"Leer m\u00e1s sobre Medidas de protecci\u00f3n de la uni\u00f3n conyugal (PMCU)\">Leer m\u00e1s<\/a><\/p>\n","protected":false},"author":1,"featured_media":0,"parent":0,"menu_order":0,"comment_status":"closed","ping_status":"closed","template":"elementor_header_footer","meta":{"_acf_changed":false,"_seopress_robots_primary_cat":"","_seopress_titles_title":"","_seopress_titles_desc":"","_seopress_robots_index":"","footnotes":""},"class_list":["post-31449","page","type-page","status-publish"],"acf":[],"_links":{"self":[{"href":"https:\/\/www.geneva-lawyers.com\/es\/wp-json\/wp\/v2\/pages\/31449","targetHints":{"allow":["GET"]}}],"collection":[{"href":"https:\/\/www.geneva-lawyers.com\/es\/wp-json\/wp\/v2\/pages"}],"about":[{"href":"https:\/\/www.geneva-lawyers.com\/es\/wp-json\/wp\/v2\/types\/page"}],"author":[{"embeddable":true,"href":"https:\/\/www.geneva-lawyers.com\/es\/wp-json\/wp\/v2\/users\/1"}],"replies":[{"embeddable":true,"href":"https:\/\/www.geneva-lawyers.com\/es\/wp-json\/wp\/v2\/comments?post=31449"}],"version-history":[{"count":6,"href":"https:\/\/www.geneva-lawyers.com\/es\/wp-json\/wp\/v2\/pages\/31449\/revisions"}],"predecessor-version":[{"id":34011,"href":"https:\/\/www.geneva-lawyers.com\/es\/wp-json\/wp\/v2\/pages\/31449\/revisions\/34011"}],"wp:attachment":[{"href":"https:\/\/www.geneva-lawyers.com\/es\/wp-json\/wp\/v2\/media?parent=31449"}],"curies":[{"name":"wp","href":"https:\/\/api.w.org\/{rel}","templated":true}]}}