{"id":31458,"date":"2024-05-16T15:03:56","date_gmt":"2024-05-16T13:03:56","guid":{"rendered":"https:\/\/www.geneva-lawyers.com\/divorcio-unilateral\/"},"modified":"2025-04-14T14:56:26","modified_gmt":"2025-04-14T12:56:26","slug":"divorcio-unilateral","status":"publish","type":"page","link":"https:\/\/www.geneva-lawyers.com\/es\/divorcio-unilateral\/","title":{"rendered":"Divorcio unilateral"},"content":{"rendered":"\t\t<div data-elementor-type=\"wp-page\" data-elementor-id=\"31458\" class=\"elementor elementor-31458 elementor-28930\" data-elementor-post-type=\"page\">\n\t\t\t\t\t\t<section class=\"elementor-section elementor-top-section elementor-element elementor-element-3489a3ce elementor-section-boxed elementor-section-height-default elementor-section-height-default\" data-id=\"3489a3ce\" data-element_type=\"section\" data-e-type=\"section\" data-settings=\"{&quot;background_background&quot;:&quot;classic&quot;}\">\n\t\t\t\t\t\t\t<div class=\"elementor-background-overlay\"><\/div>\n\t\t\t\t\t\t\t<div class=\"elementor-container elementor-column-gap-default\">\n\t\t\t\t\t<div class=\"elementor-column elementor-col-100 elementor-top-column elementor-element elementor-element-2d8d96e7\" data-id=\"2d8d96e7\" data-element_type=\"column\" data-e-type=\"column\">\n\t\t\t<div class=\"elementor-widget-wrap elementor-element-populated\">\n\t\t\t\t\t\t<div class=\"elementor-element elementor-element-72d7597f elementor-widget-divider--view-line elementor-widget elementor-widget-divider\" data-id=\"72d7597f\" data-element_type=\"widget\" data-e-type=\"widget\" data-widget_type=\"divider.default\">\n\t\t\t\t<div class=\"elementor-widget-container\">\n\t\t\t\t\t\t\t<div class=\"elementor-divider\">\n\t\t\t<span class=\"elementor-divider-separator\">\n\t\t\t\t\t\t<\/span>\n\t\t<\/div>\n\t\t\t\t\t\t<\/div>\n\t\t\t\t<\/div>\n\t\t\t\t<div class=\"elementor-element elementor-element-6a3d9af5 elementor-align-center elementor-widget elementor-widget-button\" data-id=\"6a3d9af5\" data-element_type=\"widget\" data-e-type=\"widget\" data-widget_type=\"button.default\">\n\t\t\t\t<div class=\"elementor-widget-container\">\n\t\t\t\t\t\t\t\t\t<div class=\"elementor-button-wrapper\">\n\t\t\t\t\t<a class=\"elementor-button elementor-button-link elementor-size-sm\" href=\"https:\/\/www.geneva-lawyers.com\/es\/contacto\/\">\n\t\t\t\t\t\t<span class=\"elementor-button-content-wrapper\">\n\t\t\t\t\t\t\t\t\t<span class=\"elementor-button-text\">Pide cita con un abogado<\/span>\n\t\t\t\t\t<\/span>\n\t\t\t\t\t<\/a>\n\t\t\t\t<\/div>\n\t\t\t\t\t\t\t\t<\/div>\n\t\t\t\t<\/div>\n\t\t\t\t\t<\/div>\n\t\t<\/div>\n\t\t\t\t\t<\/div>\n\t\t<\/section>\n\t\t\t\t<section class=\"elementor-section elementor-top-section elementor-element elementor-element-6f4a79ec elementor-section-boxed elementor-section-height-default elementor-section-height-default\" data-id=\"6f4a79ec\" data-element_type=\"section\" data-e-type=\"section\">\n\t\t\t\t\t\t<div class=\"elementor-container elementor-column-gap-default\">\n\t\t\t\t\t<div class=\"elementor-column elementor-col-100 elementor-top-column elementor-element elementor-element-14da4186\" data-id=\"14da4186\" data-element_type=\"column\" data-e-type=\"column\">\n\t\t\t<div class=\"elementor-widget-wrap elementor-element-populated\">\n\t\t\t\t\t\t<div class=\"elementor-element elementor-element-52e41f8c elementor-widget elementor-widget-heading\" data-id=\"52e41f8c\" data-element_type=\"widget\" data-e-type=\"widget\" data-widget_type=\"heading.default\">\n\t\t\t\t<div class=\"elementor-widget-container\">\n\t\t\t\t\t<h2 class=\"elementor-heading-title elementor-size-default\">Abogado de divorcio unilateral en Suiza\n<\/h2>\t\t\t\t<\/div>\n\t\t\t\t<\/div>\n\t\t\t\t<div class=\"elementor-element elementor-element-3765a94c elementor-widget-divider--view-line elementor-widget elementor-widget-divider\" data-id=\"3765a94c\" data-element_type=\"widget\" data-e-type=\"widget\" data-widget_type=\"divider.default\">\n\t\t\t\t<div class=\"elementor-widget-container\">\n\t\t\t\t\t\t\t<div class=\"elementor-divider\">\n\t\t\t<span class=\"elementor-divider-separator\">\n\t\t\t\t\t\t<\/span>\n\t\t<\/div>\n\t\t\t\t\t\t<\/div>\n\t\t\t\t<\/div>\n\t\t\t\t<div class=\"elementor-element elementor-element-41ecae9d elementor-widget elementor-widget-text-editor\" data-id=\"41ecae9d\" data-element_type=\"widget\" data-e-type=\"widget\" data-widget_type=\"text-editor.default\">\n\t\t\t\t<div class=\"elementor-widget-container\">\n\t\t\t\t\t\t\t\t\t<h2>Diferencia entre un divorcio de mutuo acuerdo no mutuo y un divorcio de mutuo acuerdo parcial<\/h2><p>Es muy importante destacar una diferencia fundamental entre una demanda de divorcio unilateral y un divorcio de mutuo acuerdo con acuerdo parcial. El divorcio de mutuo acuerdo es un procedimiento unilateral iniciado por uno de los c\u00f3nyuges cuando el otro no est\u00e1 de acuerdo con el divorcio. Esta situaci\u00f3n representa un desacuerdo sobre el principio mismo del divorcio. Sin embargo, cuando los c\u00f3nyuges est\u00e1n de acuerdo en divorciarse pero no pueden ponerse de acuerdo sobre las modalidades del divorcio -lo que se conoce como efectos accesorios del divorcio, como la custodia de los hijos o la pensi\u00f3n alimenticia-, se habla entonces de divorcio de mutuo acuerdo con acuerdo parcial. La primera pregunta que hay que hacerse para determinar el procedimiento a seguir es si est\u00e1is de acuerdo en el principio del divorcio. Si es as\u00ed, se trata de un divorcio amistoso de mutuo acuerdo total o parcial. Si no est\u00e1is de acuerdo sobre el principio mismo del divorcio, deber\u00e9is iniciar una demanda de divorcio unilateral.      <\/p><h2>Condiciones para iniciar un procedimiento de divorcio unilateral en Suiza<\/h2><p>Un procedimiento de divorcio sin acuerdo entre los c\u00f3nyuges s\u00f3lo puede iniciarse si se cumple una de las siguientes condiciones:<\/p><ul><li>los c\u00f3nyuges llevan separados y sin cohabitar al menos 2 a\u00f1os, o<\/li><li>la continuaci\u00f3n del matrimonio se hace insoportable para uno de los c\u00f3nyuges.<\/li><\/ul><p>Mientras no se cumpla una de estas condiciones, cualquier petici\u00f3n de divorcio ante el tribunal competente ser\u00e1 desestimada.<\/p><p>Por tanto, si debes esperar 2 a\u00f1os antes de iniciar un procedimiento de divorcio, puede que necesites o quieras establecer ciertas reglas relativas, por ejemplo, a la custodia de los hijos durante los dos a\u00f1os de separaci\u00f3n, las contribuciones a la manutenci\u00f3n o la asignaci\u00f3n de la vivienda familiar durante la separaci\u00f3n. En este caso, las medidas cautelares de la uni\u00f3n conyugal (MPUC) te permitir\u00e1n obtener la decisi\u00f3n de un juez sobre las reglas de compromiso. <\/p>\t\t\t\t\t\t\t\t<\/div>\n\t\t\t\t<\/div>\n\t\t\t\t\t<\/div>\n\t\t<\/div>\n\t\t\t\t\t<\/div>\n\t\t<\/section>\n\t\t\t\t<section class=\"elementor-section elementor-top-section elementor-element elementor-element-8b956e9 elementor-section-full_width elementor-section-height-min-height elementor-section-items-stretch elementor-section-content-middle elementor-section-height-default\" data-id=\"8b956e9\" data-element_type=\"section\" data-e-type=\"section\" data-settings=\"{&quot;background_background&quot;:&quot;classic&quot;}\">\n\t\t\t\t\t\t<div class=\"elementor-container elementor-column-gap-no\">\n\t\t\t\t\t<div class=\"elementor-column elementor-col-50 elementor-top-column elementor-element elementor-element-351e4cf9\" data-id=\"351e4cf9\" data-element_type=\"column\" data-e-type=\"column\" data-settings=\"{&quot;background_background&quot;:&quot;classic&quot;}\">\n\t\t\t<div class=\"elementor-widget-wrap elementor-element-populated\">\n\t\t\t\t\t\t<div class=\"elementor-element elementor-element-333085f3 elementor-widget elementor-widget-spacer\" data-id=\"333085f3\" data-element_type=\"widget\" data-e-type=\"widget\" data-widget_type=\"spacer.default\">\n\t\t\t\t<div class=\"elementor-widget-container\">\n\t\t\t\t\t\t\t<div class=\"elementor-spacer\">\n\t\t\t<div class=\"elementor-spacer-inner\"><\/div>\n\t\t<\/div>\n\t\t\t\t\t\t<\/div>\n\t\t\t\t<\/div>\n\t\t\t\t\t<\/div>\n\t\t<\/div>\n\t\t\t\t<div class=\"elementor-column elementor-col-50 elementor-top-column elementor-element elementor-element-7f2aa6d\" data-id=\"7f2aa6d\" data-element_type=\"column\" data-e-type=\"column\" data-settings=\"{&quot;background_background&quot;:&quot;classic&quot;}\">\n\t\t\t<div class=\"elementor-widget-wrap elementor-element-populated\">\n\t\t\t\t\t\t<div class=\"elementor-element elementor-element-2f1720ba elementor-widget elementor-widget-heading\" data-id=\"2f1720ba\" data-element_type=\"widget\" data-e-type=\"widget\" data-widget_type=\"heading.default\">\n\t\t\t\t<div class=\"elementor-widget-container\">\n\t\t\t\t\t<p class=\"elementor-heading-title elementor-size-default\">Consulta inicial  <\/p>\t\t\t\t<\/div>\n\t\t\t\t<\/div>\n\t\t\t\t<div class=\"elementor-element elementor-element-68ecd6c0 elementor-widget elementor-widget-heading\" data-id=\"68ecd6c0\" data-element_type=\"widget\" data-e-type=\"widget\" data-widget_type=\"heading.default\">\n\t\t\t\t<div class=\"elementor-widget-container\">\n\t\t\t\t\t<p class=\"elementor-heading-title elementor-size-default\">de 60 min a 220,00 CHF<\/p>\t\t\t\t<\/div>\n\t\t\t\t<\/div>\n\t\t\t\t<div class=\"elementor-element elementor-element-5b8e7e05 elementor-widget elementor-widget-text-editor\" data-id=\"5b8e7e05\" data-element_type=\"widget\" data-e-type=\"widget\" data-widget_type=\"text-editor.default\">\n\t\t\t\t<div class=\"elementor-widget-container\">\n\t\t\t\t\t\t\t\t\tDiscute tu situaci\u00f3n con un abogado especializado en Suiza.\n\t\t\t\t\t\t\t\t<\/div>\n\t\t\t\t<\/div>\n\t\t\t\t<div class=\"elementor-element elementor-element-2b532942 elementor-widget-divider--view-line elementor-widget elementor-widget-divider\" data-id=\"2b532942\" data-element_type=\"widget\" data-e-type=\"widget\" data-widget_type=\"divider.default\">\n\t\t\t\t<div class=\"elementor-widget-container\">\n\t\t\t\t\t\t\t<div class=\"elementor-divider\">\n\t\t\t<span class=\"elementor-divider-separator\">\n\t\t\t\t\t\t<\/span>\n\t\t<\/div>\n\t\t\t\t\t\t<\/div>\n\t\t\t\t<\/div>\n\t\t\t\t<div class=\"elementor-element elementor-element-1a6cf341 elementor-widget elementor-widget-text-editor\" data-id=\"1a6cf341\" data-element_type=\"widget\" data-e-type=\"widget\" data-widget_type=\"text-editor.default\">\n\t\t\t\t<div class=\"elementor-widget-container\">\n\t\t\t\t\t\t\t\t\t<p>\u00bfS\u00f3lo buscas una cita para hacer algunas preguntas?<br>\u00bfNo est\u00e1s seguro de los procedimientos que deseas realizar?<br>\u00bfTu situaci\u00f3n no est\u00e1 clara?<\/p><p><strong>Opta por una primera consulta con un abogado en Ginebra.<\/strong><\/p><p>Entonces decidir\u00e1s si quieres seguir adelante y nuestros abogados te dar\u00e1n el coste del procedimiento seg\u00fan tu caso. Citas disponibles en persona o por videoconferencia. <strong><br><\/strong><\/p>\t\t\t\t\t\t\t\t<\/div>\n\t\t\t\t<\/div>\n\t\t\t\t<div class=\"elementor-element elementor-element-34af60cf elementor-align-center elementor-widget elementor-widget-button\" data-id=\"34af60cf\" data-element_type=\"widget\" data-e-type=\"widget\" data-widget_type=\"button.default\">\n\t\t\t\t<div class=\"elementor-widget-container\">\n\t\t\t\t\t\t\t\t\t<div class=\"elementor-button-wrapper\">\n\t\t\t\t\t<a class=\"elementor-button elementor-button-link elementor-size-sm\" href=\"https:\/\/www.geneva-lawyers.com\/es\/contacto\/\">\n\t\t\t\t\t\t<span class=\"elementor-button-content-wrapper\">\n\t\t\t\t\t\t\t\t\t<span class=\"elementor-button-text\">Pide cita con un abogado<\/span>\n\t\t\t\t\t<\/span>\n\t\t\t\t\t<\/a>\n\t\t\t\t<\/div>\n\t\t\t\t\t\t\t\t<\/div>\n\t\t\t\t<\/div>\n\t\t\t\t\t<\/div>\n\t\t<\/div>\n\t\t\t\t\t<\/div>\n\t\t<\/section>\n\t\t\t\t<\/div>\n\t\t","protected":false},"excerpt":{"rendered":"<p>Pide cita con un abogado Abogado de divorcio unilateral en Suiza Diferencia entre un divorcio de mutuo acuerdo no mutuo y un divorcio de mutuo acuerdo parcial Es muy importante destacar una diferencia fundamental entre una demanda de divorcio unilateral y un divorcio de mutuo acuerdo con acuerdo parcial. El divorcio de mutuo acuerdo es &#8230; <a title=\"Divorcio unilateral\" class=\"read-more\" href=\"https:\/\/www.geneva-lawyers.com\/es\/divorcio-unilateral\/\" aria-label=\"Leer m\u00e1s sobre Divorcio unilateral\">Leer m\u00e1s<\/a><\/p>\n","protected":false},"author":1,"featured_media":0,"parent":0,"menu_order":0,"comment_status":"closed","ping_status":"closed","template":"elementor_header_footer","meta":{"_acf_changed":false,"_seopress_robots_primary_cat":"","_seopress_titles_title":"","_seopress_titles_desc":"","_seopress_robots_index":"","footnotes":""},"class_list":["post-31458","page","type-page","status-publish"],"acf":[],"_links":{"self":[{"href":"https:\/\/www.geneva-lawyers.com\/es\/wp-json\/wp\/v2\/pages\/31458","targetHints":{"allow":["GET"]}}],"collection":[{"href":"https:\/\/www.geneva-lawyers.com\/es\/wp-json\/wp\/v2\/pages"}],"about":[{"href":"https:\/\/www.geneva-lawyers.com\/es\/wp-json\/wp\/v2\/types\/page"}],"author":[{"embeddable":true,"href":"https:\/\/www.geneva-lawyers.com\/es\/wp-json\/wp\/v2\/users\/1"}],"replies":[{"embeddable":true,"href":"https:\/\/www.geneva-lawyers.com\/es\/wp-json\/wp\/v2\/comments?post=31458"}],"version-history":[{"count":6,"href":"https:\/\/www.geneva-lawyers.com\/es\/wp-json\/wp\/v2\/pages\/31458\/revisions"}],"predecessor-version":[{"id":33735,"href":"https:\/\/www.geneva-lawyers.com\/es\/wp-json\/wp\/v2\/pages\/31458\/revisions\/33735"}],"wp:attachment":[{"href":"https:\/\/www.geneva-lawyers.com\/es\/wp-json\/wp\/v2\/media?parent=31458"}],"curies":[{"name":"wp","href":"https:\/\/api.w.org\/{rel}","templated":true}]}}