{"id":31466,"date":"2024-05-16T14:55:46","date_gmt":"2024-05-16T12:55:46","guid":{"rendered":"https:\/\/www.geneva-lawyers.com\/divorcio-de-mutuo-acuerdo\/"},"modified":"2025-04-14T15:39:17","modified_gmt":"2025-04-14T13:39:17","slug":"divorcio-mutuo-acuerdo","status":"publish","type":"page","link":"https:\/\/www.geneva-lawyers.com\/es\/divorcio-mutuo-acuerdo\/","title":{"rendered":"Divorcio de mutuo acuerdo"},"content":{"rendered":"\t\t<div data-elementor-type=\"wp-page\" data-elementor-id=\"31466\" class=\"elementor elementor-31466 elementor-28918\" data-elementor-post-type=\"page\">\n\t\t\t\t\t\t<section class=\"elementor-section elementor-top-section elementor-element elementor-element-1d5051a4 elementor-section-boxed elementor-section-height-default elementor-section-height-default\" data-id=\"1d5051a4\" data-element_type=\"section\" data-e-type=\"section\" data-settings=\"{&quot;background_background&quot;:&quot;classic&quot;}\">\n\t\t\t\t\t\t\t<div class=\"elementor-background-overlay\"><\/div>\n\t\t\t\t\t\t\t<div class=\"elementor-container elementor-column-gap-default\">\n\t\t\t\t\t<div class=\"elementor-column elementor-col-100 elementor-top-column elementor-element elementor-element-175848be\" data-id=\"175848be\" data-element_type=\"column\" data-e-type=\"column\">\n\t\t\t<div class=\"elementor-widget-wrap elementor-element-populated\">\n\t\t\t\t\t\t<div class=\"elementor-element elementor-element-188f1b68 elementor-widget-divider--view-line elementor-widget elementor-widget-divider\" data-id=\"188f1b68\" data-element_type=\"widget\" data-e-type=\"widget\" data-widget_type=\"divider.default\">\n\t\t\t\t<div class=\"elementor-widget-container\">\n\t\t\t\t\t\t\t<div class=\"elementor-divider\">\n\t\t\t<span class=\"elementor-divider-separator\">\n\t\t\t\t\t\t<\/span>\n\t\t<\/div>\n\t\t\t\t\t\t<\/div>\n\t\t\t\t<\/div>\n\t\t\t\t<div class=\"elementor-element elementor-element-35878c5e elementor-align-center elementor-widget elementor-widget-button\" data-id=\"35878c5e\" data-element_type=\"widget\" data-e-type=\"widget\" data-widget_type=\"button.default\">\n\t\t\t\t<div class=\"elementor-widget-container\">\n\t\t\t\t\t\t\t\t\t<div class=\"elementor-button-wrapper\">\n\t\t\t\t\t<a class=\"elementor-button elementor-button-link elementor-size-sm\" href=\"https:\/\/www.geneva-lawyers.com\/es\/contacto\/\">\n\t\t\t\t\t\t<span class=\"elementor-button-content-wrapper\">\n\t\t\t\t\t\t\t\t\t<span class=\"elementor-button-text\">Pide cita con un abogado<\/span>\n\t\t\t\t\t<\/span>\n\t\t\t\t\t<\/a>\n\t\t\t\t<\/div>\n\t\t\t\t\t\t\t\t<\/div>\n\t\t\t\t<\/div>\n\t\t\t\t\t<\/div>\n\t\t<\/div>\n\t\t\t\t\t<\/div>\n\t\t<\/section>\n\t\t\t\t<section class=\"elementor-section elementor-top-section elementor-element elementor-element-34b4fe07 elementor-section-boxed elementor-section-height-default elementor-section-height-default\" data-id=\"34b4fe07\" data-element_type=\"section\" data-e-type=\"section\">\n\t\t\t\t\t\t<div class=\"elementor-container elementor-column-gap-default\">\n\t\t\t\t\t<div class=\"elementor-column elementor-col-100 elementor-top-column elementor-element elementor-element-51d735d7\" data-id=\"51d735d7\" data-element_type=\"column\" data-e-type=\"column\">\n\t\t\t<div class=\"elementor-widget-wrap elementor-element-populated\">\n\t\t\t\t\t\t<div class=\"elementor-element elementor-element-1040e4e3 elementor-widget elementor-widget-heading\" data-id=\"1040e4e3\" data-element_type=\"widget\" data-e-type=\"widget\" data-widget_type=\"heading.default\">\n\t\t\t\t<div class=\"elementor-widget-container\">\n\t\t\t\t\t<h2 class=\"elementor-heading-title elementor-size-default\">Abogado de divorcio amistoso en Suiza<\/h2>\t\t\t\t<\/div>\n\t\t\t\t<\/div>\n\t\t\t\t<div class=\"elementor-element elementor-element-65d696f5 elementor-widget-divider--view-line elementor-widget elementor-widget-divider\" data-id=\"65d696f5\" data-element_type=\"widget\" data-e-type=\"widget\" data-widget_type=\"divider.default\">\n\t\t\t\t<div class=\"elementor-widget-container\">\n\t\t\t\t\t\t\t<div class=\"elementor-divider\">\n\t\t\t<span class=\"elementor-divider-separator\">\n\t\t\t\t\t\t<\/span>\n\t\t<\/div>\n\t\t\t\t\t\t<\/div>\n\t\t\t\t<\/div>\n\t\t\t\t<div class=\"elementor-element elementor-element-22593fc4 elementor-widget elementor-widget-text-editor\" data-id=\"22593fc4\" data-element_type=\"widget\" data-e-type=\"widget\" data-widget_type=\"text-editor.default\">\n\t\t\t\t<div class=\"elementor-widget-container\">\n\t\t\t\t\t\t\t\t\t<p>El divorcio de mutuo acuerdo es el m\u00e9todo m\u00e1s solicitado en Suiza. Es probable que esta popularidad se deba al ahorro de tiempo y a las importantes ventajas econ\u00f3micas que supone para los c\u00f3nyuges que desean divorciarse, ya que los procedimientos de divorcio unilateral son caros y largos. El divorcio de mutuo acuerdo tambi\u00e9n suele reflejar la situaci\u00f3n real: los c\u00f3nyuges acuerdan divorciarse; entonces se plantea la cuesti\u00f3n de si existe un acuerdo total sobre todos los t\u00e9rminos relacionados con el divorcio. A continuaci\u00f3n encontrar\u00e1s m\u00e1s explicaciones al respecto.   <\/p><h2>Ventajas de un proceso de divorcio amistoso en Suiza<\/h2><p>Una petici\u00f3n conjunta de divorcio se refiere a un proceso de finalizaci\u00f3n del r\u00e9gimen matrimonial en el que la mayor\u00eda, si no todos, los procedimientos y t\u00e9rminos son decididos y acordados por los propios c\u00f3nyuges. Con la posible ayuda de un abogado designado conjuntamente, los dos c\u00f3nyuges deciden juntos c\u00f3mo lo har\u00e1n: <\/p><ul><li>Liquida sus bienes (piso, casa, coche, cuentas bancarias, etc.),<\/li><li>Asigna la vivienda familiar,<\/li><li>Divide sus planes de pensiones de empleo,<\/li><li>Conceder pensi\u00f3n alimenticia, y<\/li><li>Arreglar la custodia de su(s) hijo(s).<\/li><\/ul><p>El divorcio de mutuo acuerdo tambi\u00e9n tiene la ventaja de la simplicidad: sin litigios, sin medidas de protecci\u00f3n de la uni\u00f3n conyugal (MPUC), sin vistas conflictivas y sin interferencias de expertos externos. La sencillez tambi\u00e9n significa ahorro, principalmente en honorarios de abogados. Un proceso de divorcio amistoso puede incluso llevarse a cabo sin la asistencia de un abogado si hay acuerdo total o incluso parcial, en caso de que los c\u00f3nyuges sean capaces de redactar o completar un modelo existente de acuerdo de divorcio y petici\u00f3n al tribunal. Es importante destacar que no es obligatorio estar separado durante un periodo de 2 a\u00f1os antes de un divorcio de mutuo acuerdo. De hecho, en caso de desacuerdo sobre el principio del divorcio, una separaci\u00f3n de al menos dos a\u00f1os es una condici\u00f3n obligatoria para que uno de los c\u00f3nyuges pueda solicitar entonces el divorcio unilateral. No es necesario cumplir esta condici\u00f3n si los c\u00f3nyuges consienten el divorcio.     <\/p><h2>Divorcio amistoso con acuerdo total en Suiza<\/h2><p>En un procedimiento de divorcio amistoso, son los futuros ex c\u00f3nyuges quienes acuerdan los t\u00e9rminos de su divorcio. En este contexto, pueden acordar todos los t\u00e9rminos del divorcio, lo que se conoce como divorcio amistoso con acuerdo total. Los t\u00e9rminos del divorcio incluyen principalmente:  <\/p><ul><li>R\u00e9gimen de custodia de los hijos,<\/li><li>Asignaci\u00f3n de la vivienda familiar a uno de los c\u00f3nyuges,<\/li><li>Liquidaci\u00f3n de los bienes de los c\u00f3nyuges, incluidas cuentas bancarias, planes de pensiones de empleo, veh\u00edculos, inmuebles, muebles, etc., y<\/li><li>La parte de la pensi\u00f3n alimenticia concedida a uno de los c\u00f3nyuges. Estos t\u00e9rminos, com\u00fanmente denominados efectos accesorios del divorcio, se detallan en un acuerdo de divorcio que se presenta al tribunal para su ratificaci\u00f3n en una demanda conjunta de divorcio. Si los c\u00f3nyuges no pueden ponerse de acuerdo en algunos de los puntos mencionados, pero siguen estando de acuerdo en el concepto de divorciarse, estamos entonces ante un divorcio amistoso con acuerdo parcial.  <\/li><\/ul><h2>Divorcio amistoso con acuerdo parcial en Suiza<\/h2><p>Como ya se ha indicado, el divorcio de mutuo acuerdo con acuerdo parcial se produce cuando los ex c\u00f3nyuges acuerdan divorciarse pero no se ponen de acuerdo sobre determinados efectos accesorios, como la cuant\u00eda de la pensi\u00f3n alimenticia o el reparto de la vivienda familiar o las modalidades relativas a la custodia de los hijos. Corresponde entonces al juez decidir sobre las modalidades sobre las que los c\u00f3nyuges no est\u00e1n de acuerdo. El juez dictar\u00e1 sentencia bas\u00e1ndose en los documentos aportados en el convenio regulador y en la demanda de divorcio, as\u00ed como tras una o varias vistas y, posiblemente, la intervenci\u00f3n de peritos.  <\/p>\t\t\t\t\t\t\t\t<\/div>\n\t\t\t\t<\/div>\n\t\t\t\t\t<\/div>\n\t\t<\/div>\n\t\t\t\t\t<\/div>\n\t\t<\/section>\n\t\t\t\t<section class=\"elementor-section elementor-top-section elementor-element elementor-element-a7c821c elementor-section-full_width elementor-section-height-min-height elementor-section-items-stretch elementor-section-content-middle elementor-section-height-default\" data-id=\"a7c821c\" data-element_type=\"section\" data-e-type=\"section\" data-settings=\"{&quot;background_background&quot;:&quot;classic&quot;}\">\n\t\t\t\t\t\t<div class=\"elementor-container elementor-column-gap-no\">\n\t\t\t\t\t<div class=\"elementor-column elementor-col-50 elementor-top-column elementor-element elementor-element-40ad4e9\" data-id=\"40ad4e9\" data-element_type=\"column\" data-e-type=\"column\" data-settings=\"{&quot;background_background&quot;:&quot;classic&quot;}\">\n\t\t\t<div class=\"elementor-widget-wrap elementor-element-populated\">\n\t\t\t\t\t\t<div class=\"elementor-element elementor-element-6cefe18f elementor-widget elementor-widget-spacer\" data-id=\"6cefe18f\" data-element_type=\"widget\" data-e-type=\"widget\" data-widget_type=\"spacer.default\">\n\t\t\t\t<div class=\"elementor-widget-container\">\n\t\t\t\t\t\t\t<div class=\"elementor-spacer\">\n\t\t\t<div class=\"elementor-spacer-inner\"><\/div>\n\t\t<\/div>\n\t\t\t\t\t\t<\/div>\n\t\t\t\t<\/div>\n\t\t\t\t\t<\/div>\n\t\t<\/div>\n\t\t\t\t<div class=\"elementor-column elementor-col-50 elementor-top-column elementor-element elementor-element-7990fd6b\" data-id=\"7990fd6b\" data-element_type=\"column\" data-e-type=\"column\" data-settings=\"{&quot;background_background&quot;:&quot;classic&quot;}\">\n\t\t\t<div class=\"elementor-widget-wrap elementor-element-populated\">\n\t\t\t\t\t\t<div class=\"elementor-element elementor-element-4740cd55 elementor-widget elementor-widget-heading\" data-id=\"4740cd55\" data-element_type=\"widget\" data-e-type=\"widget\" data-widget_type=\"heading.default\">\n\t\t\t\t<div class=\"elementor-widget-container\">\n\t\t\t\t\t<p class=\"elementor-heading-title elementor-size-default\">Consulta inicial  <\/p>\t\t\t\t<\/div>\n\t\t\t\t<\/div>\n\t\t\t\t<div class=\"elementor-element elementor-element-5f5c55a4 elementor-widget elementor-widget-heading\" data-id=\"5f5c55a4\" data-element_type=\"widget\" data-e-type=\"widget\" data-widget_type=\"heading.default\">\n\t\t\t\t<div class=\"elementor-widget-container\">\n\t\t\t\t\t<p class=\"elementor-heading-title elementor-size-default\">de 60 min a 220,00 CHF<\/p>\t\t\t\t<\/div>\n\t\t\t\t<\/div>\n\t\t\t\t<div class=\"elementor-element elementor-element-14af7d83 elementor-widget elementor-widget-text-editor\" data-id=\"14af7d83\" data-element_type=\"widget\" data-e-type=\"widget\" data-widget_type=\"text-editor.default\">\n\t\t\t\t<div class=\"elementor-widget-container\">\n\t\t\t\t\t\t\t\t\tDiscute tu situaci\u00f3n con un abogado especializado en Suiza.\n\t\t\t\t\t\t\t\t<\/div>\n\t\t\t\t<\/div>\n\t\t\t\t<div class=\"elementor-element elementor-element-5cd1a0aa elementor-widget-divider--view-line elementor-widget elementor-widget-divider\" data-id=\"5cd1a0aa\" data-element_type=\"widget\" data-e-type=\"widget\" data-widget_type=\"divider.default\">\n\t\t\t\t<div class=\"elementor-widget-container\">\n\t\t\t\t\t\t\t<div class=\"elementor-divider\">\n\t\t\t<span class=\"elementor-divider-separator\">\n\t\t\t\t\t\t<\/span>\n\t\t<\/div>\n\t\t\t\t\t\t<\/div>\n\t\t\t\t<\/div>\n\t\t\t\t<div class=\"elementor-element elementor-element-7f0b2e8d elementor-widget elementor-widget-text-editor\" data-id=\"7f0b2e8d\" data-element_type=\"widget\" data-e-type=\"widget\" data-widget_type=\"text-editor.default\">\n\t\t\t\t<div class=\"elementor-widget-container\">\n\t\t\t\t\t\t\t\t\t<p>\u00bfS\u00f3lo buscas una cita para hacer algunas preguntas?<br>\u00bfNo est\u00e1s seguro de los procedimientos que deseas realizar?<br>\u00bfTu situaci\u00f3n no est\u00e1 clara?<\/p><p><strong>Opta por una primera consulta con un abogado en Ginebra.<\/strong><\/p><p>Entonces decidir\u00e1s si quieres seguir adelante y nuestros abogados te dar\u00e1n el coste del procedimiento seg\u00fan tu caso. Citas disponibles en persona o por videoconferencia. <strong><br><\/strong><\/p>\t\t\t\t\t\t\t\t<\/div>\n\t\t\t\t<\/div>\n\t\t\t\t<div class=\"elementor-element elementor-element-30e2b35 elementor-align-center elementor-widget elementor-widget-button\" data-id=\"30e2b35\" data-element_type=\"widget\" data-e-type=\"widget\" data-widget_type=\"button.default\">\n\t\t\t\t<div class=\"elementor-widget-container\">\n\t\t\t\t\t\t\t\t\t<div class=\"elementor-button-wrapper\">\n\t\t\t\t\t<a class=\"elementor-button elementor-button-link elementor-size-sm\" href=\"https:\/\/www.geneva-lawyers.com\/es\/contacto\/\">\n\t\t\t\t\t\t<span class=\"elementor-button-content-wrapper\">\n\t\t\t\t\t\t\t\t\t<span class=\"elementor-button-text\">Pide cita con un abogado<\/span>\n\t\t\t\t\t<\/span>\n\t\t\t\t\t<\/a>\n\t\t\t\t<\/div>\n\t\t\t\t\t\t\t\t<\/div>\n\t\t\t\t<\/div>\n\t\t\t\t\t<\/div>\n\t\t<\/div>\n\t\t\t\t\t<\/div>\n\t\t<\/section>\n\t\t\t\t<\/div>\n\t\t","protected":false},"excerpt":{"rendered":"<p>Pide cita con un abogado Abogado de divorcio amistoso en Suiza El divorcio de mutuo acuerdo es el m\u00e9todo m\u00e1s solicitado en Suiza. Es probable que esta popularidad se deba al ahorro de tiempo y a las importantes ventajas econ\u00f3micas que supone para los c\u00f3nyuges que desean divorciarse, ya que los procedimientos de divorcio unilateral &#8230; <a title=\"Divorcio de mutuo acuerdo\" class=\"read-more\" href=\"https:\/\/www.geneva-lawyers.com\/es\/divorcio-mutuo-acuerdo\/\" aria-label=\"Leer m\u00e1s sobre Divorcio de mutuo acuerdo\">Leer m\u00e1s<\/a><\/p>\n","protected":false},"author":1,"featured_media":0,"parent":0,"menu_order":0,"comment_status":"closed","ping_status":"closed","template":"elementor_header_footer","meta":{"_acf_changed":false,"_seopress_robots_primary_cat":"","_seopress_titles_title":"","_seopress_titles_desc":"","_seopress_robots_index":"","footnotes":""},"class_list":["post-31466","page","type-page","status-publish"],"acf":[],"_links":{"self":[{"href":"https:\/\/www.geneva-lawyers.com\/es\/wp-json\/wp\/v2\/pages\/31466","targetHints":{"allow":["GET"]}}],"collection":[{"href":"https:\/\/www.geneva-lawyers.com\/es\/wp-json\/wp\/v2\/pages"}],"about":[{"href":"https:\/\/www.geneva-lawyers.com\/es\/wp-json\/wp\/v2\/types\/page"}],"author":[{"embeddable":true,"href":"https:\/\/www.geneva-lawyers.com\/es\/wp-json\/wp\/v2\/users\/1"}],"replies":[{"embeddable":true,"href":"https:\/\/www.geneva-lawyers.com\/es\/wp-json\/wp\/v2\/comments?post=31466"}],"version-history":[{"count":6,"href":"https:\/\/www.geneva-lawyers.com\/es\/wp-json\/wp\/v2\/pages\/31466\/revisions"}],"predecessor-version":[{"id":33946,"href":"https:\/\/www.geneva-lawyers.com\/es\/wp-json\/wp\/v2\/pages\/31466\/revisions\/33946"}],"wp:attachment":[{"href":"https:\/\/www.geneva-lawyers.com\/es\/wp-json\/wp\/v2\/media?parent=31466"}],"curies":[{"name":"wp","href":"https:\/\/api.w.org\/{rel}","templated":true}]}}