{"id":31474,"date":"2024-05-16T14:23:10","date_gmt":"2024-05-16T12:23:10","guid":{"rendered":"https:\/\/www.geneva-lawyers.com\/abogado-de-divorcios-en-suiza\/"},"modified":"2025-04-14T15:55:41","modified_gmt":"2025-04-14T13:55:41","slug":"abogado-divorcios-suiza","status":"publish","type":"page","link":"https:\/\/www.geneva-lawyers.com\/es\/abogado-divorcios-suiza\/","title":{"rendered":"Abogado de divorcios en Suiza"},"content":{"rendered":"\t\t<div data-elementor-type=\"wp-page\" data-elementor-id=\"31474\" class=\"elementor elementor-31474 elementor-28889\" data-elementor-post-type=\"page\">\n\t\t\t\t\t\t<section class=\"elementor-section elementor-top-section elementor-element elementor-element-5beea16d elementor-section-boxed elementor-section-height-default elementor-section-height-default\" data-id=\"5beea16d\" data-element_type=\"section\" data-e-type=\"section\" data-settings=\"{&quot;background_background&quot;:&quot;classic&quot;}\">\n\t\t\t\t\t\t\t<div class=\"elementor-background-overlay\"><\/div>\n\t\t\t\t\t\t\t<div class=\"elementor-container elementor-column-gap-default\">\n\t\t\t\t\t<div class=\"elementor-column elementor-col-100 elementor-top-column elementor-element elementor-element-5dfa7bf6\" data-id=\"5dfa7bf6\" data-element_type=\"column\" data-e-type=\"column\">\n\t\t\t<div class=\"elementor-widget-wrap elementor-element-populated\">\n\t\t\t\t\t\t<div class=\"elementor-element elementor-element-5638c3d3 elementor-widget-divider--view-line elementor-widget elementor-widget-divider\" data-id=\"5638c3d3\" data-element_type=\"widget\" data-e-type=\"widget\" data-widget_type=\"divider.default\">\n\t\t\t\t<div class=\"elementor-widget-container\">\n\t\t\t\t\t\t\t<div class=\"elementor-divider\">\n\t\t\t<span class=\"elementor-divider-separator\">\n\t\t\t\t\t\t<\/span>\n\t\t<\/div>\n\t\t\t\t\t\t<\/div>\n\t\t\t\t<\/div>\n\t\t\t\t<div class=\"elementor-element elementor-element-1ccef25f elementor-align-center elementor-widget elementor-widget-button\" data-id=\"1ccef25f\" data-element_type=\"widget\" data-e-type=\"widget\" data-widget_type=\"button.default\">\n\t\t\t\t<div class=\"elementor-widget-container\">\n\t\t\t\t\t\t\t\t\t<div class=\"elementor-button-wrapper\">\n\t\t\t\t\t<a class=\"elementor-button elementor-button-link elementor-size-sm\" href=\"https:\/\/www.geneva-lawyers.com\/es\/contacto\/\">\n\t\t\t\t\t\t<span class=\"elementor-button-content-wrapper\">\n\t\t\t\t\t\t\t\t\t<span class=\"elementor-button-text\">Pide cita con un abogado<\/span>\n\t\t\t\t\t<\/span>\n\t\t\t\t\t<\/a>\n\t\t\t\t<\/div>\n\t\t\t\t\t\t\t\t<\/div>\n\t\t\t\t<\/div>\n\t\t\t\t\t<\/div>\n\t\t<\/div>\n\t\t\t\t\t<\/div>\n\t\t<\/section>\n\t\t\t\t<section class=\"elementor-section elementor-top-section elementor-element elementor-element-2509fb80 elementor-section-boxed elementor-section-height-default elementor-section-height-default\" data-id=\"2509fb80\" data-element_type=\"section\" data-e-type=\"section\">\n\t\t\t\t\t\t<div class=\"elementor-container elementor-column-gap-default\">\n\t\t\t\t\t<div class=\"elementor-column elementor-col-100 elementor-top-column elementor-element elementor-element-34475fdb\" data-id=\"34475fdb\" data-element_type=\"column\" data-e-type=\"column\">\n\t\t\t<div class=\"elementor-widget-wrap elementor-element-populated\">\n\t\t\t\t\t\t<div class=\"elementor-element elementor-element-608d5c7f elementor-widget elementor-widget-heading\" data-id=\"608d5c7f\" data-element_type=\"widget\" data-e-type=\"widget\" data-widget_type=\"heading.default\">\n\t\t\t\t<div class=\"elementor-widget-container\">\n\t\t\t\t\t<h2 class=\"elementor-heading-title elementor-size-default\">Abogado de divorcios en Ginebra\n<\/h2>\t\t\t\t<\/div>\n\t\t\t\t<\/div>\n\t\t\t\t<div class=\"elementor-element elementor-element-577ce6c1 elementor-widget-divider--view-line elementor-widget elementor-widget-divider\" data-id=\"577ce6c1\" data-element_type=\"widget\" data-e-type=\"widget\" data-widget_type=\"divider.default\">\n\t\t\t\t<div class=\"elementor-widget-container\">\n\t\t\t\t\t\t\t<div class=\"elementor-divider\">\n\t\t\t<span class=\"elementor-divider-separator\">\n\t\t\t\t\t\t<\/span>\n\t\t<\/div>\n\t\t\t\t\t\t<\/div>\n\t\t\t\t<\/div>\n\t\t\t\t<div class=\"elementor-element elementor-element-749aed5b elementor-widget elementor-widget-text-editor\" data-id=\"749aed5b\" data-element_type=\"widget\" data-e-type=\"widget\" data-widget_type=\"text-editor.default\">\n\t\t\t\t<div class=\"elementor-widget-container\">\n\t\t\t\t\t\t\t\t\t<p>Si necesitas un abogado especializado que te asista en tu divorcio, separaci\u00f3n o disoluci\u00f3n de la pareja de hecho registrada, no dudes en ponerte en contacto con nosotros para que te asesoremos lo antes posible con uno de nuestros abogados.<\/p><p>No proporcionamos documentos est\u00e1ndar. En su lugar, un abogado te asistir\u00e1 desde el principio hasta el final de tu procedimiento. Nos reuniremos contigo y te acompa\u00f1aremos personalmente durante todo el proceso de divorcio, separaci\u00f3n o disoluci\u00f3n de la pareja registrada, quedando a tu entera disposici\u00f3n.  <\/p><h3>Divorcio en Suiza<\/h3><p>La mayor\u00eda de los divorcios en Suiza se producen por consentimiento mutuo, acordado entre los c\u00f3nyuges. Sin embargo, tambi\u00e9n existen divorcios contenciosos basados en peticiones unilaterales. <\/p><p>En resumen:<\/p><ul><li>Desde la introducci\u00f3n de la nueva ley suiza de divorcio el 1 de enero de 2000, ya no existe el concepto de culpa en el divorcio. Por tanto, intentar determinar qui\u00e9n tiene la culpa en el divorcio o qui\u00e9n caus\u00f3 la separaci\u00f3n no tiene ninguna repercusi\u00f3n legal. <\/li><li>La estimaci\u00f3n y definici\u00f3n de las contribuciones posteriores al divorcio ser\u00e1n determinadas por el tribunal. Un abogado especializado puede ayudarte a calcular la contribuci\u00f3n de alimentos. <\/li><li>La patria potestad sobre los hijos ser\u00e1 concedida por el juez. Lo mismo se aplica a la determinaci\u00f3n de la residencia conyugal, que se hace seg\u00fan una norma elaborada por las autoridades competentes. Esta decisi\u00f3n garantiza que se preserven el bienestar y el desarrollo de los hijos.  <\/li><li>Los divorcios contenciosos, en los que es dif\u00edcil llegar a un acuerdo, pueden resultar muy caros. De hecho, cuando una pareja no puede ponerse de acuerdo en nada, el proceso puede durar meses o incluso a\u00f1os, perjudicando a\u00fan m\u00e1s a los hijos, que no s\u00f3lo tienen que hacer frente a la separaci\u00f3n de sus padres, sino tambi\u00e9n ser testigos de su continuo conflicto. Antes de emprender un procedimiento tan doloroso, es esencial que te preguntes: \u00bfes realmente necesario ganar a tu ex c\u00f3nyuge a costa del posible trauma de por vida de tus hijos?  <\/li><li>Optar por un divorcio amistoso permite a la pareja evitar exponer al p\u00fablico los aspectos m\u00e1s oscuros de su vida en com\u00fan y ayuda a no exacerbar la situaci\u00f3n con insultos.  <\/li><li>El divorcio amistoso es el proceso m\u00e1s r\u00e1pido si deseas poner fin a tu uni\u00f3n r\u00e1pidamente. De hecho, la sentencia puede dictarse en un plazo relativamente breve, mientras que el divorcio contencioso exige que la pareja lleve separada al menos dos a\u00f1os antes de poder iniciar el procedimiento con una demanda de divorcio unilateral. <\/li><\/ul><h3>Condiciones para el divorcio en Suiza:<\/h3><p>Ser una pareja casada, y<br>Uno de los c\u00f3nyuges debe residir en Suiza, independientemente de si sois suizos o extranjeros.<\/p><h2>Medidas de Protecci\u00f3n de la Uni\u00f3n Conyugal (MPUC)<\/h2><p>Cuando los c\u00f3nyuges no est\u00e1n (todav\u00eda) divorciados, ya sea por motivos puramente personales o por cuestiones procesales, como en el caso de un divorcio unilateral que exija una separaci\u00f3n de dos a\u00f1os, el juez puede dictar medidas cautelares de la uni\u00f3n conyugal, tambi\u00e9n conocidas como MPUC, para reequilibrar la situaci\u00f3n de la pareja separada.<\/p><p>La finalidad de las medidas de protecci\u00f3n de la uni\u00f3n conyugal es permitir a una pareja en dificultades intentar la reconciliaci\u00f3n y\/o gestionar su vida cotidiana durante y despu\u00e9s de la separaci\u00f3n.<\/p><p>Si no se consigue el objetivo principal, la MPUC funciona para proteger los derechos de uno o ambos c\u00f3nyuges.<\/p><p>Es posible solicitar al tribunal competente que ordene medidas incluso mientras no se suspenda la vida en com\u00fan. Entre ellas se incluyen principalmente: <\/p><ul><li>Determinaci\u00f3n de la contribuci\u00f3n a la manutenci\u00f3n familiar;<\/li><li>Determinaci\u00f3n de la contribuci\u00f3n al c\u00f3nyuge que gestiona el hogar y\/o los hijos; y<\/li><li>Retirada del poder de representaci\u00f3n de la pareja.<\/li><\/ul><p><br>Las medidas exigidas por uno o ambos c\u00f3nyuges y pronunciadas por los jueces cuando la pareja est\u00e1 separada se refieren principalmente:<\/p><ul><li>Custodia de los hijos y derechos de visita;<\/li><li>Asignaci\u00f3n de la vivienda familiar, que generalmente se adjudica al progenitor que tiene la custodia de los hijos;<\/li><li>Contribuci\u00f3n a la pensi\u00f3n alimenticia del c\u00f3nyuge; y<\/li><li>Contribuci\u00f3n a la manutenci\u00f3n de los hijos.<\/li><\/ul>\t\t\t\t\t\t\t\t<\/div>\n\t\t\t\t<\/div>\n\t\t\t\t\t<\/div>\n\t\t<\/div>\n\t\t\t\t\t<\/div>\n\t\t<\/section>\n\t\t\t\t<section class=\"elementor-section elementor-top-section elementor-element elementor-element-1de092a3 elementor-section-full_width elementor-section-height-min-height elementor-section-items-stretch elementor-section-content-middle elementor-section-height-default\" data-id=\"1de092a3\" data-element_type=\"section\" data-e-type=\"section\" data-settings=\"{&quot;background_background&quot;:&quot;classic&quot;}\">\n\t\t\t\t\t\t<div class=\"elementor-container elementor-column-gap-no\">\n\t\t\t\t\t<div class=\"elementor-column elementor-col-50 elementor-top-column elementor-element elementor-element-420e26ad\" data-id=\"420e26ad\" data-element_type=\"column\" data-e-type=\"column\" data-settings=\"{&quot;background_background&quot;:&quot;classic&quot;}\">\n\t\t\t<div class=\"elementor-widget-wrap elementor-element-populated\">\n\t\t\t\t\t\t<div class=\"elementor-element elementor-element-3d79985c elementor-widget elementor-widget-spacer\" data-id=\"3d79985c\" data-element_type=\"widget\" data-e-type=\"widget\" data-widget_type=\"spacer.default\">\n\t\t\t\t<div class=\"elementor-widget-container\">\n\t\t\t\t\t\t\t<div class=\"elementor-spacer\">\n\t\t\t<div class=\"elementor-spacer-inner\"><\/div>\n\t\t<\/div>\n\t\t\t\t\t\t<\/div>\n\t\t\t\t<\/div>\n\t\t\t\t\t<\/div>\n\t\t<\/div>\n\t\t\t\t<div class=\"elementor-column elementor-col-50 elementor-top-column elementor-element elementor-element-5cbc170\" data-id=\"5cbc170\" data-element_type=\"column\" data-e-type=\"column\" data-settings=\"{&quot;background_background&quot;:&quot;classic&quot;}\">\n\t\t\t<div class=\"elementor-widget-wrap elementor-element-populated\">\n\t\t\t\t\t\t<div class=\"elementor-element elementor-element-304c4075 elementor-widget elementor-widget-heading\" data-id=\"304c4075\" data-element_type=\"widget\" data-e-type=\"widget\" data-widget_type=\"heading.default\">\n\t\t\t\t<div class=\"elementor-widget-container\">\n\t\t\t\t\t<p class=\"elementor-heading-title elementor-size-default\">Consulta inicial  <\/p>\t\t\t\t<\/div>\n\t\t\t\t<\/div>\n\t\t\t\t<div class=\"elementor-element elementor-element-7772cf36 elementor-widget elementor-widget-heading\" data-id=\"7772cf36\" data-element_type=\"widget\" data-e-type=\"widget\" data-widget_type=\"heading.default\">\n\t\t\t\t<div class=\"elementor-widget-container\">\n\t\t\t\t\t<p class=\"elementor-heading-title elementor-size-default\">de 60 min a 220,00 CHF<\/p>\t\t\t\t<\/div>\n\t\t\t\t<\/div>\n\t\t\t\t<div class=\"elementor-element elementor-element-6cc17fdb elementor-widget elementor-widget-text-editor\" data-id=\"6cc17fdb\" data-element_type=\"widget\" data-e-type=\"widget\" data-widget_type=\"text-editor.default\">\n\t\t\t\t<div class=\"elementor-widget-container\">\n\t\t\t\t\t\t\t\t\tDiscute tu situaci\u00f3n con un abogado especializado en Suiza.\n\t\t\t\t\t\t\t\t<\/div>\n\t\t\t\t<\/div>\n\t\t\t\t<div class=\"elementor-element elementor-element-6d1718c1 elementor-widget-divider--view-line elementor-widget elementor-widget-divider\" data-id=\"6d1718c1\" data-element_type=\"widget\" data-e-type=\"widget\" data-widget_type=\"divider.default\">\n\t\t\t\t<div class=\"elementor-widget-container\">\n\t\t\t\t\t\t\t<div class=\"elementor-divider\">\n\t\t\t<span class=\"elementor-divider-separator\">\n\t\t\t\t\t\t<\/span>\n\t\t<\/div>\n\t\t\t\t\t\t<\/div>\n\t\t\t\t<\/div>\n\t\t\t\t<div class=\"elementor-element elementor-element-37eee7a2 elementor-widget elementor-widget-text-editor\" data-id=\"37eee7a2\" data-element_type=\"widget\" data-e-type=\"widget\" data-widget_type=\"text-editor.default\">\n\t\t\t\t<div class=\"elementor-widget-container\">\n\t\t\t\t\t\t\t\t\t<p>\u00bfS\u00f3lo buscas una cita para hacer algunas preguntas?<br>\u00bfNo est\u00e1s seguro de los procedimientos que deseas realizar?<br>\u00bfTu situaci\u00f3n no est\u00e1 clara?<\/p><p><strong>Opta por una primera consulta con un abogado en Ginebra.<\/strong><\/p><p>Entonces decidir\u00e1s si quieres seguir adelante y nuestros abogados te dar\u00e1n el coste del procedimiento seg\u00fan tu caso. Citas disponibles en persona o por videoconferencia. <strong><br><\/strong><\/p>\t\t\t\t\t\t\t\t<\/div>\n\t\t\t\t<\/div>\n\t\t\t\t<div class=\"elementor-element elementor-element-68588aad elementor-align-center elementor-widget elementor-widget-button\" data-id=\"68588aad\" data-element_type=\"widget\" data-e-type=\"widget\" data-widget_type=\"button.default\">\n\t\t\t\t<div class=\"elementor-widget-container\">\n\t\t\t\t\t\t\t\t\t<div class=\"elementor-button-wrapper\">\n\t\t\t\t\t<a class=\"elementor-button elementor-button-link elementor-size-sm\" href=\"https:\/\/www.geneva-lawyers.com\/es\/contacto\/\">\n\t\t\t\t\t\t<span class=\"elementor-button-content-wrapper\">\n\t\t\t\t\t\t\t\t\t<span class=\"elementor-button-text\">Pide cita con un abogado<\/span>\n\t\t\t\t\t<\/span>\n\t\t\t\t\t<\/a>\n\t\t\t\t<\/div>\n\t\t\t\t\t\t\t\t<\/div>\n\t\t\t\t<\/div>\n\t\t\t\t\t<\/div>\n\t\t<\/div>\n\t\t\t\t\t<\/div>\n\t\t<\/section>\n\t\t\t\t<\/div>\n\t\t","protected":false},"excerpt":{"rendered":"<p>Pide cita con un abogado Abogado de divorcios en Ginebra Si necesitas un abogado especializado que te asista en tu divorcio, separaci\u00f3n o disoluci\u00f3n de la pareja de hecho registrada, no dudes en ponerte en contacto con nosotros para que te asesoremos lo antes posible con uno de nuestros abogados. No proporcionamos documentos est\u00e1ndar. En &#8230; <a title=\"Abogado de divorcios en Suiza\" class=\"read-more\" href=\"https:\/\/www.geneva-lawyers.com\/es\/abogado-divorcios-suiza\/\" aria-label=\"Leer m\u00e1s sobre Abogado de divorcios en Suiza\">Leer m\u00e1s<\/a><\/p>\n","protected":false},"author":1,"featured_media":0,"parent":0,"menu_order":0,"comment_status":"closed","ping_status":"closed","template":"elementor_header_footer","meta":{"_acf_changed":false,"_seopress_robots_primary_cat":"","_seopress_titles_title":"","_seopress_titles_desc":"","_seopress_robots_index":"","footnotes":""},"class_list":["post-31474","page","type-page","status-publish"],"acf":[],"_links":{"self":[{"href":"https:\/\/www.geneva-lawyers.com\/es\/wp-json\/wp\/v2\/pages\/31474","targetHints":{"allow":["GET"]}}],"collection":[{"href":"https:\/\/www.geneva-lawyers.com\/es\/wp-json\/wp\/v2\/pages"}],"about":[{"href":"https:\/\/www.geneva-lawyers.com\/es\/wp-json\/wp\/v2\/types\/page"}],"author":[{"embeddable":true,"href":"https:\/\/www.geneva-lawyers.com\/es\/wp-json\/wp\/v2\/users\/1"}],"replies":[{"embeddable":true,"href":"https:\/\/www.geneva-lawyers.com\/es\/wp-json\/wp\/v2\/comments?post=31474"}],"version-history":[{"count":6,"href":"https:\/\/www.geneva-lawyers.com\/es\/wp-json\/wp\/v2\/pages\/31474\/revisions"}],"predecessor-version":[{"id":34062,"href":"https:\/\/www.geneva-lawyers.com\/es\/wp-json\/wp\/v2\/pages\/31474\/revisions\/34062"}],"wp:attachment":[{"href":"https:\/\/www.geneva-lawyers.com\/es\/wp-json\/wp\/v2\/media?parent=31474"}],"curies":[{"name":"wp","href":"https:\/\/api.w.org\/{rel}","templated":true}]}}