{"id":31482,"date":"2024-05-27T10:36:43","date_gmt":"2024-05-27T08:36:43","guid":{"rendered":"https:\/\/www.geneva-lawyers.com\/solicitud-de-continuar-el-cobro-de-deudas-en-suiza\/"},"modified":"2025-04-14T14:58:33","modified_gmt":"2025-04-14T12:58:33","slug":"solicitud-continuar-cobro-deudas-suiza","status":"publish","type":"page","link":"https:\/\/www.geneva-lawyers.com\/es\/solicitud-continuar-cobro-deudas-suiza\/","title":{"rendered":"Solicitud de continuar el cobro de deudas en Suiza"},"content":{"rendered":"\t\t<div data-elementor-type=\"wp-page\" data-elementor-id=\"31482\" class=\"elementor elementor-31482 elementor-29630\" data-elementor-post-type=\"page\">\n\t\t\t\t\t\t<section class=\"elementor-section elementor-top-section elementor-element elementor-element-d25e7b1 elementor-section-boxed elementor-section-height-default elementor-section-height-default\" data-id=\"d25e7b1\" data-element_type=\"section\" data-e-type=\"section\" data-settings=\"{&quot;background_background&quot;:&quot;classic&quot;}\">\n\t\t\t\t\t\t\t<div class=\"elementor-background-overlay\"><\/div>\n\t\t\t\t\t\t\t<div class=\"elementor-container elementor-column-gap-default\">\n\t\t\t\t\t<div class=\"elementor-column elementor-col-100 elementor-top-column elementor-element elementor-element-6d6f9d64\" data-id=\"6d6f9d64\" data-element_type=\"column\" data-e-type=\"column\">\n\t\t\t<div class=\"elementor-widget-wrap elementor-element-populated\">\n\t\t\t\t\t\t<div class=\"elementor-element elementor-element-7124f12 elementor-widget-divider--view-line elementor-widget elementor-widget-divider\" data-id=\"7124f12\" data-element_type=\"widget\" data-e-type=\"widget\" data-widget_type=\"divider.default\">\n\t\t\t\t<div class=\"elementor-widget-container\">\n\t\t\t\t\t\t\t<div class=\"elementor-divider\">\n\t\t\t<span class=\"elementor-divider-separator\">\n\t\t\t\t\t\t<\/span>\n\t\t<\/div>\n\t\t\t\t\t\t<\/div>\n\t\t\t\t<\/div>\n\t\t\t\t<div class=\"elementor-element elementor-element-3173fe48 elementor-align-center elementor-widget elementor-widget-button\" data-id=\"3173fe48\" data-element_type=\"widget\" data-e-type=\"widget\" data-widget_type=\"button.default\">\n\t\t\t\t<div class=\"elementor-widget-container\">\n\t\t\t\t\t\t\t\t\t<div class=\"elementor-button-wrapper\">\n\t\t\t\t\t<a class=\"elementor-button elementor-button-link elementor-size-sm\" href=\"https:\/\/www.geneva-lawyers.com\/es\/contacto\/\">\n\t\t\t\t\t\t<span class=\"elementor-button-content-wrapper\">\n\t\t\t\t\t\t\t\t\t<span class=\"elementor-button-text\">Pide cita con un abogado<\/span>\n\t\t\t\t\t<\/span>\n\t\t\t\t\t<\/a>\n\t\t\t\t<\/div>\n\t\t\t\t\t\t\t\t<\/div>\n\t\t\t\t<\/div>\n\t\t\t\t\t<\/div>\n\t\t<\/div>\n\t\t\t\t\t<\/div>\n\t\t<\/section>\n\t\t\t\t<section class=\"elementor-section elementor-top-section elementor-element elementor-element-4d8a168c elementor-section-boxed elementor-section-height-default elementor-section-height-default\" data-id=\"4d8a168c\" data-element_type=\"section\" data-e-type=\"section\">\n\t\t\t\t\t\t<div class=\"elementor-container elementor-column-gap-default\">\n\t\t\t\t\t<div class=\"elementor-column elementor-col-100 elementor-top-column elementor-element elementor-element-74708eb3\" data-id=\"74708eb3\" data-element_type=\"column\" data-e-type=\"column\">\n\t\t\t<div class=\"elementor-widget-wrap elementor-element-populated\">\n\t\t\t\t\t\t<div class=\"elementor-element elementor-element-6c6add70 elementor-widget elementor-widget-heading\" data-id=\"6c6add70\" data-element_type=\"widget\" data-e-type=\"widget\" data-widget_type=\"heading.default\">\n\t\t\t\t<div class=\"elementor-widget-container\">\n\t\t\t\t\t<h2 class=\"elementor-heading-title elementor-size-default\">La solicitud de continuar el cobro de deudas en Suiza<\/h2>\t\t\t\t<\/div>\n\t\t\t\t<\/div>\n\t\t\t\t<div class=\"elementor-element elementor-element-226d8c97 elementor-widget-divider--view-line elementor-widget elementor-widget-divider\" data-id=\"226d8c97\" data-element_type=\"widget\" data-e-type=\"widget\" data-widget_type=\"divider.default\">\n\t\t\t\t<div class=\"elementor-widget-container\">\n\t\t\t\t\t\t\t<div class=\"elementor-divider\">\n\t\t\t<span class=\"elementor-divider-separator\">\n\t\t\t\t\t\t<\/span>\n\t\t<\/div>\n\t\t\t\t\t\t<\/div>\n\t\t\t\t<\/div>\n\t\t\t\t<div class=\"elementor-element elementor-element-2f7c35ca elementor-widget elementor-widget-text-editor\" data-id=\"2f7c35ca\" data-element_type=\"widget\" data-e-type=\"widget\" data-widget_type=\"text-editor.default\">\n\t\t\t\t<div class=\"elementor-widget-container\">\n\t\t\t\t\t\t\t\t\t<p>La solicitud de continuar el cobro de deudas, o \u00abr\u00e9quisition de continuer la poursuite\u00bb, es un componente fundamental de la legislaci\u00f3n sobre ejecuci\u00f3n de deudas en Suiza. Desempe\u00f1a un papel central en la realizaci\u00f3n de los cr\u00e9ditos y la protecci\u00f3n de los derechos de los acreedores. En un sistema jur\u00eddico que valora la previsibilidad y la eficacia, la solicitud de continuar el cobro de deudas es una herramienta indispensable para los acreedores que pretenden recuperar las deudas pendientes.  <\/p><p>La solicitud de continuar con el cobro de la deuda es una petici\u00f3n formal realizada por un acreedor para continuar con el proceso de cobro contra un deudor despu\u00e9s de que hayan fracasado los pasos preliminares, como una notificaci\u00f3n formal y un intento de conciliaci\u00f3n. Esta solicitud debe hacerse de acuerdo con la Ley Federal de Cobro de Deudas y Quiebras (LP) y sigue al anuncio oficial del inicio del procedimiento de ejecuci\u00f3n. La solicitud activa as\u00ed la siguiente fase del proceso, lo que permite al acreedor hacer valer sus derechos con m\u00e1s fuerza.  <\/p><p>La finalidad de la solicitud de continuar con el cobro de la deuda es garantizar que el acreedor tenga acceso a los medios legales necesarios para cobrar la deuda adeudada. En un sistema jur\u00eddico complejo en el que deben equilibrarse los intereses de acreedores y deudores, la solicitud sirve como mecanismo regulador, garantizando que el proceso de ejecuci\u00f3n no se paralice. Representa un paso clave, que permite al acreedor hacer avanzar el caso si el deudor no cumple sus obligaciones, respetando al mismo tiempo los derechos y protecciones legales que le asisten.  <\/p><h2>Relaci\u00f3n con otros elementos de la ley de ejecuci\u00f3n de deudas<\/h2><p>La solicitud de continuar el cobro de deudas en el derecho suizo no puede entenderse plenamente sin examinar su relaci\u00f3n con otros elementos clave del derecho de cobro de deudas, en particular la oposici\u00f3n, la liberaci\u00f3n de la deuda y otros aspectos del proceso de cobro.<\/p><p>La <strong>oposici\u00f3n<\/strong> es un mecanismo mediante el cual el deudor puede impugnar una medida de ejecuci\u00f3n. Tras recibir un requerimiento de pago, el deudor dispone de 10 d\u00edas para presentar una oposici\u00f3n. Si se plantea una oposici\u00f3n, el acreedor debe presentar entonces una solicitud de continuar el cobro de la deuda para avanzar en el proceso. Este paso suele requerir la obtenci\u00f3n de una resoluci\u00f3n ejecutiva que demuestre la validez de la reclamaci\u00f3n. As\u00ed pues, la oposici\u00f3n y la solicitud de continuar el cobro de la deuda est\u00e1n estrechamente vinculadas, y una suele desencadenar la otra en el proceso de cobro.    <\/p><p>La <strong>liberaci\u00f3n<\/strong> de <strong>deuda<\/strong> es un procedimiento mediante el cual el acreedor pretende levantar la oposici\u00f3n formulada por el deudor. Hay dos tipos principales de liberaci\u00f3n de deuda: provisional y definitiva. La liberaci\u00f3n provisional de la deuda puede solicitarse cuando el acreedor tiene un t\u00edtulo de cr\u00e9dito, mientras que la liberaci\u00f3n definitiva de la deuda requiere una decisi\u00f3n judicial. La solicitud de continuar el cobro de la deuda est\u00e1 estrechamente relacionada con la liberaci\u00f3n de la deuda, ya que permite al acreedor avanzar en el proceso de cobro a pesar de la oposici\u00f3n, funcionando de forma paralela o consecutiva al procedimiento de liberaci\u00f3n de la deuda.   <\/p><p>Otros aspectos de la ley de ejecuci\u00f3n de deudas tambi\u00e9n interact\u00faan con la solicitud de continuar el cobro de la deuda. Por ejemplo, las normas relativas al embargo y liquidaci\u00f3n de los bienes del deudor, la quiebra y la conciliaci\u00f3n est\u00e1n relacionadas con la solicitud y pueden influir en su desarrollo y resultado. <\/p><h2>Condiciones para presentar una solicitud de continuaci\u00f3n del cobro de deudas<\/h2><p>Una de las condiciones m\u00e1s b\u00e1sicas para presentar una solicitud de continuaci\u00f3n del cobro de deudas es la existencia de un cr\u00e9dito establecido y vencido. El acreedor debe tener un cr\u00e9dito claramente definido y vencido contra el deudor. Esta reclamaci\u00f3n debe estar bien documentada, normalmente mediante un contrato escrito, un reconocimiento de deuda, una factura impagada u otras pruebas similares. Sin esta reclamaci\u00f3n fundacional, la solicitud ser\u00eda injustificada y podr\u00eda ser rechazada por las autoridades competentes.   <\/p><p>Adem\u00e1s, la solicitud de continuar con el cobro de la deuda requiere que se hayan ejecutado correctamente los pasos preliminares del proceso de cobro. Esto incluye la emisi\u00f3n de una notificaci\u00f3n formal, el intento de conciliaci\u00f3n y la obtenci\u00f3n de una resoluci\u00f3n ejecutiva si es necesario. Cada paso debe llevarse a cabo de acuerdo con las normas y plazos prescritos por la ley, ya que cualquier desviaci\u00f3n podr\u00eda dar lugar a retrasos o incluso a la nulidad de la solicitud.  <\/p><p>Tambi\u00e9n debe seguirse cuidadosamente el procedimiento de presentaci\u00f3n de la solicitud para continuar el cobro de la deuda en s\u00ed. La solicitud debe presentarse ante la oficina de ejecuci\u00f3n de deudas competente y debe contener toda la informaci\u00f3n exigida por la ley, incluidos los detalles de la reclamaci\u00f3n, la identidad del deudor y referencias a los pasos preliminares del proceso de ejecuci\u00f3n. Tambi\u00e9n deben abonarse las tasas correspondientes, y la solicitud debe presentarse dentro del plazo establecido, que suele ser de 10 d\u00edas a partir de la recepci\u00f3n del escrito de oposici\u00f3n o de la resoluci\u00f3n ejecutiva.  <\/p><h3>Procedimiento y plazos<\/h3><p>El procedimiento para presentar una solicitud de continuaci\u00f3n del cobro de deudas en Suiza se rige por una serie de normas y plazos estrictos, que reflejan la importancia que se concede a la regularidad y la equidad en el proceso de cobro.<\/p><p>En primer lugar, es importante tener en cuenta que la solicitud de continuar con el cobro de la deuda debe presentarse ante la oficina de ejecuci\u00f3n de deudas competente. Por lo general, la competencia viene determinada por el lugar de residencia o negocio del deudor. Elegir la oficina correcta es crucial, ya que un error en esta fase puede dar lugar al rechazo de la solicitud o a retrasos innecesarios.  <\/p><p>En cuanto al contenido de la solicitud, debe formularse con cuidado y precisi\u00f3n, indicando claramente informaci\u00f3n esencial como las identidades del acreedor y del deudor, el importe de la deuda y cualquier referencia pertinente a los pasos preliminares del proceso de cobro. Tambi\u00e9n es imprescindible aportar todos los documentos justificativos necesarios, como una copia de la resoluci\u00f3n ejecutiva o del t\u00edtulo de cr\u00e9dito. <\/p><p>Los plazos desempe\u00f1an un papel fundamental en el procedimiento para solicitar la continuaci\u00f3n del cobro de la deuda. Por lo general, la solicitud debe presentarse en un plazo determinado tras recibir el escrito de oposici\u00f3n o la resoluci\u00f3n ejecutiva, a menudo en un plazo de 10 d\u00edas. Si no se cumple este plazo, la solicitud puede ser rechazada, y el acreedor puede perder el derecho a continuar con el proceso.  <\/p><p>Por \u00faltimo, no hay que olvidar que la solicitud de continuar con el cobro de la deuda tambi\u00e9n est\u00e1 sujeta a tasas que deben abonarse en el momento de la presentaci\u00f3n. Estas tasas se fijan seg\u00fan una escala establecida por la ley y deben pagarse para que se acepte la solicitud. El impago de estas tasas en los plazos establecidos tambi\u00e9n puede dar lugar al rechazo de la solicitud.  <\/p><p>La solicitud de continuar el cobro de deudas en Suiza es un procedimiento fundamental que equilibra los derechos de acreedores y deudores. Comprender las condiciones, procedimientos y plazos asociados a esta solicitud es esencial para navegar con eficacia por el proceso de cobro de deudas. Tanto los acreedores como los deudores deben conocer sus derechos y obligaciones para proteger sus intereses en el marco jur\u00eddico de la ejecuci\u00f3n de deudas en Suiza.  <\/p>\t\t\t\t\t\t\t\t<\/div>\n\t\t\t\t<\/div>\n\t\t\t\t\t<\/div>\n\t\t<\/div>\n\t\t\t\t\t<\/div>\n\t\t<\/section>\n\t\t\t\t<section class=\"elementor-section elementor-top-section elementor-element elementor-element-26e3dcb2 elementor-section-full_width elementor-section-height-min-height elementor-section-items-stretch elementor-section-content-middle elementor-section-height-default\" data-id=\"26e3dcb2\" data-element_type=\"section\" data-e-type=\"section\" data-settings=\"{&quot;background_background&quot;:&quot;classic&quot;}\">\n\t\t\t\t\t\t<div class=\"elementor-container elementor-column-gap-no\">\n\t\t\t\t\t<div class=\"elementor-column elementor-col-50 elementor-top-column elementor-element elementor-element-4b021901\" data-id=\"4b021901\" data-element_type=\"column\" data-e-type=\"column\" data-settings=\"{&quot;background_background&quot;:&quot;classic&quot;}\">\n\t\t\t<div class=\"elementor-widget-wrap elementor-element-populated\">\n\t\t\t\t\t\t<div class=\"elementor-element elementor-element-77af8617 elementor-widget elementor-widget-spacer\" data-id=\"77af8617\" data-element_type=\"widget\" data-e-type=\"widget\" data-widget_type=\"spacer.default\">\n\t\t\t\t<div class=\"elementor-widget-container\">\n\t\t\t\t\t\t\t<div class=\"elementor-spacer\">\n\t\t\t<div class=\"elementor-spacer-inner\"><\/div>\n\t\t<\/div>\n\t\t\t\t\t\t<\/div>\n\t\t\t\t<\/div>\n\t\t\t\t\t<\/div>\n\t\t<\/div>\n\t\t\t\t<div class=\"elementor-column elementor-col-50 elementor-top-column elementor-element elementor-element-25e8c770\" data-id=\"25e8c770\" data-element_type=\"column\" data-e-type=\"column\" data-settings=\"{&quot;background_background&quot;:&quot;classic&quot;}\">\n\t\t\t<div class=\"elementor-widget-wrap elementor-element-populated\">\n\t\t\t\t\t\t<div class=\"elementor-element elementor-element-5c31e18f elementor-widget elementor-widget-heading\" data-id=\"5c31e18f\" data-element_type=\"widget\" data-e-type=\"widget\" data-widget_type=\"heading.default\">\n\t\t\t\t<div class=\"elementor-widget-container\">\n\t\t\t\t\t<p class=\"elementor-heading-title elementor-size-default\">Consulta inicial  <\/p>\t\t\t\t<\/div>\n\t\t\t\t<\/div>\n\t\t\t\t<div class=\"elementor-element elementor-element-7712a6b9 elementor-widget elementor-widget-heading\" data-id=\"7712a6b9\" data-element_type=\"widget\" data-e-type=\"widget\" data-widget_type=\"heading.default\">\n\t\t\t\t<div class=\"elementor-widget-container\">\n\t\t\t\t\t<p class=\"elementor-heading-title elementor-size-default\">de 60 min a 220,00 CHF<\/p>\t\t\t\t<\/div>\n\t\t\t\t<\/div>\n\t\t\t\t<div class=\"elementor-element elementor-element-280769b6 elementor-widget elementor-widget-text-editor\" data-id=\"280769b6\" data-element_type=\"widget\" data-e-type=\"widget\" data-widget_type=\"text-editor.default\">\n\t\t\t\t<div class=\"elementor-widget-container\">\n\t\t\t\t\t\t\t\t\tDiscute tu situaci\u00f3n con un abogado especializado en Suiza.\n\t\t\t\t\t\t\t\t<\/div>\n\t\t\t\t<\/div>\n\t\t\t\t<div class=\"elementor-element elementor-element-4660963a elementor-widget-divider--view-line elementor-widget elementor-widget-divider\" data-id=\"4660963a\" data-element_type=\"widget\" data-e-type=\"widget\" data-widget_type=\"divider.default\">\n\t\t\t\t<div class=\"elementor-widget-container\">\n\t\t\t\t\t\t\t<div class=\"elementor-divider\">\n\t\t\t<span class=\"elementor-divider-separator\">\n\t\t\t\t\t\t<\/span>\n\t\t<\/div>\n\t\t\t\t\t\t<\/div>\n\t\t\t\t<\/div>\n\t\t\t\t<div class=\"elementor-element elementor-element-3ea0da17 elementor-widget elementor-widget-text-editor\" data-id=\"3ea0da17\" data-element_type=\"widget\" data-e-type=\"widget\" data-widget_type=\"text-editor.default\">\n\t\t\t\t<div class=\"elementor-widget-container\">\n\t\t\t\t\t\t\t\t\t<p>\u00bfS\u00f3lo buscas una cita para hacer algunas preguntas?<br>\u00bfNo est\u00e1s seguro de los procedimientos que deseas realizar?<br>\u00bfTu situaci\u00f3n no est\u00e1 clara?<\/p><p><strong>Opta por una primera consulta con un abogado en Ginebra.<\/strong><\/p><p>Entonces decidir\u00e1s si quieres seguir adelante y nuestros abogados te dar\u00e1n el coste del procedimiento seg\u00fan tu caso. Citas disponibles en persona o por videoconferencia. <strong><br><\/strong><\/p>\t\t\t\t\t\t\t\t<\/div>\n\t\t\t\t<\/div>\n\t\t\t\t<div class=\"elementor-element elementor-element-30f93ace elementor-align-center elementor-widget elementor-widget-button\" data-id=\"30f93ace\" data-element_type=\"widget\" data-e-type=\"widget\" data-widget_type=\"button.default\">\n\t\t\t\t<div class=\"elementor-widget-container\">\n\t\t\t\t\t\t\t\t\t<div class=\"elementor-button-wrapper\">\n\t\t\t\t\t<a class=\"elementor-button elementor-button-link elementor-size-sm\" href=\"https:\/\/www.geneva-lawyers.com\/es\/contacto\/\">\n\t\t\t\t\t\t<span class=\"elementor-button-content-wrapper\">\n\t\t\t\t\t\t\t\t\t<span class=\"elementor-button-text\">Pide cita con un abogado<\/span>\n\t\t\t\t\t<\/span>\n\t\t\t\t\t<\/a>\n\t\t\t\t<\/div>\n\t\t\t\t\t\t\t\t<\/div>\n\t\t\t\t<\/div>\n\t\t\t\t\t<\/div>\n\t\t<\/div>\n\t\t\t\t\t<\/div>\n\t\t<\/section>\n\t\t\t\t<\/div>\n\t\t","protected":false},"excerpt":{"rendered":"<p>Pide cita con un abogado La solicitud de continuar el cobro de deudas en Suiza La solicitud de continuar el cobro de deudas, o \u00abr\u00e9quisition de continuer la poursuite\u00bb, es un componente fundamental de la legislaci\u00f3n sobre ejecuci\u00f3n de deudas en Suiza. Desempe\u00f1a un papel central en la realizaci\u00f3n de los cr\u00e9ditos y la protecci\u00f3n &#8230; <a title=\"Solicitud de continuar el cobro de deudas en Suiza\" class=\"read-more\" href=\"https:\/\/www.geneva-lawyers.com\/es\/solicitud-continuar-cobro-deudas-suiza\/\" aria-label=\"Leer m\u00e1s sobre Solicitud de continuar el cobro de deudas en Suiza\">Leer m\u00e1s<\/a><\/p>\n","protected":false},"author":1,"featured_media":0,"parent":0,"menu_order":0,"comment_status":"closed","ping_status":"closed","template":"elementor_header_footer","meta":{"_acf_changed":false,"_seopress_robots_primary_cat":"","_seopress_titles_title":"","_seopress_titles_desc":"","_seopress_robots_index":"","footnotes":""},"class_list":["post-31482","page","type-page","status-publish"],"acf":[],"_links":{"self":[{"href":"https:\/\/www.geneva-lawyers.com\/es\/wp-json\/wp\/v2\/pages\/31482","targetHints":{"allow":["GET"]}}],"collection":[{"href":"https:\/\/www.geneva-lawyers.com\/es\/wp-json\/wp\/v2\/pages"}],"about":[{"href":"https:\/\/www.geneva-lawyers.com\/es\/wp-json\/wp\/v2\/types\/page"}],"author":[{"embeddable":true,"href":"https:\/\/www.geneva-lawyers.com\/es\/wp-json\/wp\/v2\/users\/1"}],"replies":[{"embeddable":true,"href":"https:\/\/www.geneva-lawyers.com\/es\/wp-json\/wp\/v2\/comments?post=31482"}],"version-history":[{"count":6,"href":"https:\/\/www.geneva-lawyers.com\/es\/wp-json\/wp\/v2\/pages\/31482\/revisions"}],"predecessor-version":[{"id":33740,"href":"https:\/\/www.geneva-lawyers.com\/es\/wp-json\/wp\/v2\/pages\/31482\/revisions\/33740"}],"wp:attachment":[{"href":"https:\/\/www.geneva-lawyers.com\/es\/wp-json\/wp\/v2\/media?parent=31482"}],"curies":[{"name":"wp","href":"https:\/\/api.w.org\/{rel}","templated":true}]}}