{"id":31498,"date":"2024-05-27T10:24:07","date_gmt":"2024-05-27T08:24:07","guid":{"rendered":"https:\/\/www.geneva-lawyers.com\/impugnar-un-requerimiento-de-pago-en-suiza\/"},"modified":"2025-04-14T16:16:24","modified_gmt":"2025-04-14T14:16:24","slug":"impugnar-requerimiento-pago-suiza","status":"publish","type":"page","link":"https:\/\/www.geneva-lawyers.com\/es\/impugnar-requerimiento-pago-suiza\/","title":{"rendered":"Impugnar un requerimiento de pago en Suiza"},"content":{"rendered":"\t\t<div data-elementor-type=\"wp-page\" data-elementor-id=\"31498\" class=\"elementor elementor-31498 elementor-29612\" data-elementor-post-type=\"page\">\n\t\t\t\t\t\t<section class=\"elementor-section elementor-top-section elementor-element elementor-element-6072423e elementor-section-boxed elementor-section-height-default elementor-section-height-default\" data-id=\"6072423e\" data-element_type=\"section\" data-e-type=\"section\" data-settings=\"{&quot;background_background&quot;:&quot;classic&quot;}\">\n\t\t\t\t\t\t\t<div class=\"elementor-background-overlay\"><\/div>\n\t\t\t\t\t\t\t<div class=\"elementor-container elementor-column-gap-default\">\n\t\t\t\t\t<div class=\"elementor-column elementor-col-100 elementor-top-column elementor-element elementor-element-6ce83a13\" data-id=\"6ce83a13\" data-element_type=\"column\" data-e-type=\"column\">\n\t\t\t<div class=\"elementor-widget-wrap elementor-element-populated\">\n\t\t\t\t\t\t<div class=\"elementor-element elementor-element-75b175ee elementor-widget-divider--view-line elementor-widget elementor-widget-divider\" data-id=\"75b175ee\" data-element_type=\"widget\" data-e-type=\"widget\" data-widget_type=\"divider.default\">\n\t\t\t\t<div class=\"elementor-widget-container\">\n\t\t\t\t\t\t\t<div class=\"elementor-divider\">\n\t\t\t<span class=\"elementor-divider-separator\">\n\t\t\t\t\t\t<\/span>\n\t\t<\/div>\n\t\t\t\t\t\t<\/div>\n\t\t\t\t<\/div>\n\t\t\t\t<div class=\"elementor-element elementor-element-4a621605 elementor-align-center elementor-widget elementor-widget-button\" data-id=\"4a621605\" data-element_type=\"widget\" data-e-type=\"widget\" data-widget_type=\"button.default\">\n\t\t\t\t<div class=\"elementor-widget-container\">\n\t\t\t\t\t\t\t\t\t<div class=\"elementor-button-wrapper\">\n\t\t\t\t\t<a class=\"elementor-button elementor-button-link elementor-size-sm\" href=\"https:\/\/www.geneva-lawyers.com\/es\/contacto\/\">\n\t\t\t\t\t\t<span class=\"elementor-button-content-wrapper\">\n\t\t\t\t\t\t\t\t\t<span class=\"elementor-button-text\">Pide cita con un abogado<\/span>\n\t\t\t\t\t<\/span>\n\t\t\t\t\t<\/a>\n\t\t\t\t<\/div>\n\t\t\t\t\t\t\t\t<\/div>\n\t\t\t\t<\/div>\n\t\t\t\t\t<\/div>\n\t\t<\/div>\n\t\t\t\t\t<\/div>\n\t\t<\/section>\n\t\t\t\t<section class=\"elementor-section elementor-top-section elementor-element elementor-element-71086609 elementor-section-boxed elementor-section-height-default elementor-section-height-default\" data-id=\"71086609\" data-element_type=\"section\" data-e-type=\"section\">\n\t\t\t\t\t\t<div class=\"elementor-container elementor-column-gap-default\">\n\t\t\t\t\t<div class=\"elementor-column elementor-col-100 elementor-top-column elementor-element elementor-element-34a8de0e\" data-id=\"34a8de0e\" data-element_type=\"column\" data-e-type=\"column\">\n\t\t\t<div class=\"elementor-widget-wrap elementor-element-populated\">\n\t\t\t\t\t\t<div class=\"elementor-element elementor-element-71ee8dc0 elementor-widget elementor-widget-heading\" data-id=\"71ee8dc0\" data-element_type=\"widget\" data-e-type=\"widget\" data-widget_type=\"heading.default\">\n\t\t\t\t<div class=\"elementor-widget-container\">\n\t\t\t\t\t<h2 class=\"elementor-heading-title elementor-size-default\">Impugnar un requerimiento de pago en Suiza<\/h2>\t\t\t\t<\/div>\n\t\t\t\t<\/div>\n\t\t\t\t<div class=\"elementor-element elementor-element-4c4809fb elementor-widget-divider--view-line elementor-widget elementor-widget-divider\" data-id=\"4c4809fb\" data-element_type=\"widget\" data-e-type=\"widget\" data-widget_type=\"divider.default\">\n\t\t\t\t<div class=\"elementor-widget-container\">\n\t\t\t\t\t\t\t<div class=\"elementor-divider\">\n\t\t\t<span class=\"elementor-divider-separator\">\n\t\t\t\t\t\t<\/span>\n\t\t<\/div>\n\t\t\t\t\t\t<\/div>\n\t\t\t\t<\/div>\n\t\t\t\t<div class=\"elementor-element elementor-element-5709a9c1 elementor-widget elementor-widget-text-editor\" data-id=\"5709a9c1\" data-element_type=\"widget\" data-e-type=\"widget\" data-widget_type=\"text-editor.default\">\n\t\t\t\t<div class=\"elementor-widget-container\">\n\t\t\t\t\t\t\t\t\t<p>Un requerimiento de pago es un procedimiento judicial iniciado en Suiza por un acreedor para cobrar una deuda. Es el primer paso en el proceso de ejecuci\u00f3n de una deuda y sirve como medio formal por el que el acreedor exige el pago de una cantidad adeudada. Este proceso se rige por la Ley Federal de Cobro de Deudas y Quiebras (LP), que establece las normas y procedimientos a seguir.  <\/p><p>Entender los pasos del proceso de ejecuci\u00f3n es esencial para comprender la importancia de impugnar un requerimiento de pago. El proceso comienza con la emisi\u00f3n de un requerimiento de pago al deudor, seguido de la oportunidad de \u00e9ste de impugnarlo. Si no hay impugnaci\u00f3n, la ejecuci\u00f3n contin\u00faa, pero si se plantea una oposici\u00f3n, pueden iniciarse varios procedimientos, algunos de los cuales se detallan en los siguientes apartados.  <\/p><p>En particular, impugnar un requerimiento de pago es un paso crucial en la ejecuci\u00f3n suiza. Proporciona al deudor la oportunidad de impugnar la demanda y entablar un di\u00e1logo con el acreedor, que puede conducir a un acuerdo amistoso. Este paso es especialmente importante para proteger los derechos del deudor y mantener el equilibrio entre los intereses de las partes en el sistema jur\u00eddico suizo.  <\/p><h2>Condiciones para impugnar un requerimiento de pago en Suiza<\/h2><p>Para impugnar un requerimiento de pago, la ley exige que el deudor tenga motivos v\u00e1lidos para impugnar la deuda. Esto puede incluir la ausencia de deuda, un error en el importe o cualquier otro motivo leg\u00edtimo. El mero desacuerdo es insuficiente; la impugnaci\u00f3n debe basarse en motivos legalmente v\u00e1lidos.  <\/p><p>El plazo para impugnar tambi\u00e9n es un aspecto cr\u00edtico de este procedimiento. Seg\u00fan la LP, el deudor dispone de diez d\u00edas desde la recepci\u00f3n del requerimiento de pago para presentar una impugnaci\u00f3n. El incumplimiento de este plazo puede suponer la p\u00e9rdida del derecho a impugnar la deuda. Por tanto, es esencial que el deudor act\u00fae con prontitud y conforme a la ley.   <\/p><p>El efecto inmediato de la impugnaci\u00f3n del requerimiento de pago es la paralizaci\u00f3n temporal del proceso de ejecuci\u00f3n. Una vez presentada la impugnaci\u00f3n, el acreedor no puede proceder al cobro sin emprender otras medidas judiciales. Esto ofrece una importante protecci\u00f3n al deudor frente a reclamaciones potencialmente infundadas y permite un examen m\u00e1s exhaustivo de la situaci\u00f3n.  <\/p><p>Por \u00faltimo, existen casos particulares y excepciones en el procedimiento de impugnaci\u00f3n. Por ejemplo, en determinadas circunstancias, el deudor puede solicitar una pr\u00f3rroga del plazo de impugnaci\u00f3n. Del mismo modo, algunas deudas, como las pensiones alimenticias, pueden estar exentas de la obligaci\u00f3n de impugnaci\u00f3n. Estos matices reflejan la complejidad de la legislaci\u00f3n suiza en materia de ejecuci\u00f3n y exigen un conocimiento profundo por las partes implicadas.   <\/p><h2>Procedimientos posteriores a la impugnaci\u00f3n<\/h2><p>Tras impugnar un requerimiento de pago, la legislaci\u00f3n suiza esboza varios posibles pasos posteriores dependiendo de las circunstancias. A menudo, el primer paso es un procedimiento de conciliaci\u00f3n. Este esfuerzo de mediaci\u00f3n anima a ambas partes a encontrar una soluci\u00f3n amistosa a su disputa. Generalmente se lleva a cabo ante una autoridad de conciliaci\u00f3n y puede dar lugar a un acuerdo que ponga fin a la ejecuci\u00f3n. Si no se encuentra una soluci\u00f3n, el procedimiento puede continuar.    <\/p><p>Si no se llega a un acuerdo durante la conciliaci\u00f3n, el proceso puede continuar seg\u00fan los procedimientos ordinario o simplificado. El procedimiento ordinario es m\u00e1s largo y formal, y se utiliza para demandas de mayor envergadura o complejidad. El procedimiento simplificado es m\u00e1s r\u00e1pido y menos costoso, y suele aplicarse a demandas m\u00e1s peque\u00f1as o menos controvertidas. Comprender la distinci\u00f3n entre estas dos v\u00edas es crucial para las partes, ya que afecta no s\u00f3lo a la duraci\u00f3n y el coste del procedimiento, sino tambi\u00e9n a los derechos y obligaciones de las partes.   <\/p><p>La contrataci\u00f3n de un abogado y los costes asociados son otro aspecto crucial de los procedimientos posteriores a la impugnaci\u00f3n. Aunque contratar a un abogado no es obligatorio, a menudo se recomienda, sobre todo en los casos m\u00e1s complicados. Los honorarios del abogado y otros gastos judiciales pueden acumularse r\u00e1pidamente, y es importante que las partes comprendan estos gastos y los incorporen a su decisi\u00f3n de proceder.  <\/p><p>El procedimiento en caso de desacuerdo entre las partes es otro paso clave. Si fracasa la conciliaci\u00f3n y no se llega a un acuerdo en las fases posteriores, el asunto puede llevarse a los tribunales. Puede ser un proceso largo y costoso, y ambas partes deben ser plenamente conscientes de los riesgos y beneficios potenciales. La decisi\u00f3n del tribunal ser\u00e1 definitiva y vinculante, salvo en caso de recurso seg\u00fan las normas aplicables.   <\/p><p>La posible continuaci\u00f3n del procedimiento en caso de que fracase la conciliaci\u00f3n tambi\u00e9n es una consideraci\u00f3n importante. Si se mantiene la impugnaci\u00f3n y fracasa la conciliaci\u00f3n, el acreedor puede continuar el procedimiento iniciando acciones legales. \u00c9ste puede ser un paso caro y complejo, que requiere un an\u00e1lisis cuidadoso y una preparaci\u00f3n meticulosa.  <\/p><h2>Implicaciones y consecuencias<\/h2><p>Las consecuencias para el acreedor de impugnar un requerimiento de pago son variadas y dependen del resultado del procedimiento. Si se mantiene la impugnaci\u00f3n, el acreedor puede enfrentarse a costes adicionales y retrasos en el cobro de la deuda. La necesidad de seguir un procedimiento judicial tambi\u00e9n puede requerir tiempo y recursos, y no hay garant\u00edas de \u00e9xito. Esto puede plantear especiales dificultades a los acreedores, especialmente a los que conf\u00edan en un r\u00e1pido cobro de la deuda.   <\/p><p>Para el deudor, impugnar un requerimiento de pago ofrece una protecci\u00f3n importante contra reclamaciones injustificadas o excesivas. Sin embargo, tambi\u00e9n puede acarrear consecuencias, como las costas judiciales y la posibilidad de una decisi\u00f3n judicial desfavorable. Adem\u00e1s, el procedimiento puede afectar a la reputaci\u00f3n del deudor, sobre todo si es una empresa, y puede afectar a las relaciones con otros acreedores y socios comerciales.  <\/p><p>El impacto sobre terceros tambi\u00e9n es una consideraci\u00f3n importante. Por ejemplo, si el deudor es una empresa, impugnar un requerimiento de pago puede afectar a sus empleados, proveedores y otras partes con intereses en la empresa. Esto puede provocar retrasos en los pagos, afectar a la confianza e incluso repercutir en la estabilidad financiera de la empresa.  <\/p><p>No deben pasarse por alto los posibles efectos sobre la reputaci\u00f3n y el cr\u00e9dito. Una impugnaci\u00f3n prolongada de un requerimiento de pago puede quedar registrada en las bases de datos crediticias, afectando a la capacidad del deudor para obtener pr\u00e9stamos u otras formas de cr\u00e9dito en el futuro. Esto puede tener consecuencias a largo plazo, sobre todo si el deudor es una empresa o un particular que depende del acceso al cr\u00e9dito.  <\/p><p>Por \u00faltimo, las consideraciones \u00e9ticas y morales desempe\u00f1an un papel en la comprensi\u00f3n y gesti\u00f3n de la impugnaci\u00f3n de un requerimiento de pago. Los acreedores deben actuar de forma responsable y justa en el cobro de las deudas, mientras que los deudores deben ser conscientes de sus obligaciones y derechos. Equilibrar estos intereses puede ser delicado y requiere cuidadosa reflexi\u00f3n y atenci\u00f3n.  <\/p><p>En conclusi\u00f3n, las implicaciones y consecuencias de impugnar un requerimiento de pago en Suiza son amplias y complejas. Afectan no s\u00f3lo al acreedor y al deudor, sino tambi\u00e9n a terceros y a la sociedad en su conjunto. Un conocimiento profundo de estos aspectos puede ayudar a las partes a navegar por este dif\u00edcil proceso y a tomar decisiones informadas que protejan sus intereses, respetando al mismo tiempo los principios de justicia e imparcialidad.  <\/p>\t\t\t\t\t\t\t\t<\/div>\n\t\t\t\t<\/div>\n\t\t\t\t\t<\/div>\n\t\t<\/div>\n\t\t\t\t\t<\/div>\n\t\t<\/section>\n\t\t\t\t<section class=\"elementor-section elementor-top-section elementor-element elementor-element-13cd5395 elementor-section-full_width elementor-section-height-min-height elementor-section-items-stretch elementor-section-content-middle elementor-section-height-default\" data-id=\"13cd5395\" data-element_type=\"section\" data-e-type=\"section\" data-settings=\"{&quot;background_background&quot;:&quot;classic&quot;}\">\n\t\t\t\t\t\t<div class=\"elementor-container elementor-column-gap-no\">\n\t\t\t\t\t<div class=\"elementor-column elementor-col-50 elementor-top-column elementor-element elementor-element-6387c378\" data-id=\"6387c378\" data-element_type=\"column\" data-e-type=\"column\" data-settings=\"{&quot;background_background&quot;:&quot;classic&quot;}\">\n\t\t\t<div class=\"elementor-widget-wrap elementor-element-populated\">\n\t\t\t\t\t\t<div class=\"elementor-element elementor-element-67d7d942 elementor-widget elementor-widget-spacer\" data-id=\"67d7d942\" data-element_type=\"widget\" data-e-type=\"widget\" data-widget_type=\"spacer.default\">\n\t\t\t\t<div class=\"elementor-widget-container\">\n\t\t\t\t\t\t\t<div class=\"elementor-spacer\">\n\t\t\t<div class=\"elementor-spacer-inner\"><\/div>\n\t\t<\/div>\n\t\t\t\t\t\t<\/div>\n\t\t\t\t<\/div>\n\t\t\t\t\t<\/div>\n\t\t<\/div>\n\t\t\t\t<div class=\"elementor-column elementor-col-50 elementor-top-column elementor-element elementor-element-527459f4\" data-id=\"527459f4\" data-element_type=\"column\" data-e-type=\"column\" data-settings=\"{&quot;background_background&quot;:&quot;classic&quot;}\">\n\t\t\t<div class=\"elementor-widget-wrap elementor-element-populated\">\n\t\t\t\t\t\t<div class=\"elementor-element elementor-element-5bfca3bd elementor-widget elementor-widget-heading\" data-id=\"5bfca3bd\" data-element_type=\"widget\" data-e-type=\"widget\" data-widget_type=\"heading.default\">\n\t\t\t\t<div class=\"elementor-widget-container\">\n\t\t\t\t\t<p class=\"elementor-heading-title elementor-size-default\">Consulta inicial  <\/p>\t\t\t\t<\/div>\n\t\t\t\t<\/div>\n\t\t\t\t<div class=\"elementor-element elementor-element-451b790e elementor-widget elementor-widget-heading\" data-id=\"451b790e\" data-element_type=\"widget\" data-e-type=\"widget\" data-widget_type=\"heading.default\">\n\t\t\t\t<div class=\"elementor-widget-container\">\n\t\t\t\t\t<p class=\"elementor-heading-title elementor-size-default\">de 60 min a 220,00 CHF<\/p>\t\t\t\t<\/div>\n\t\t\t\t<\/div>\n\t\t\t\t<div class=\"elementor-element elementor-element-347c1564 elementor-widget elementor-widget-text-editor\" data-id=\"347c1564\" data-element_type=\"widget\" data-e-type=\"widget\" data-widget_type=\"text-editor.default\">\n\t\t\t\t<div class=\"elementor-widget-container\">\n\t\t\t\t\t\t\t\t\tDiscute tu situaci\u00f3n con un abogado especializado en Suiza.\n\t\t\t\t\t\t\t\t<\/div>\n\t\t\t\t<\/div>\n\t\t\t\t<div class=\"elementor-element elementor-element-1f544cfd elementor-widget-divider--view-line elementor-widget elementor-widget-divider\" data-id=\"1f544cfd\" data-element_type=\"widget\" data-e-type=\"widget\" data-widget_type=\"divider.default\">\n\t\t\t\t<div class=\"elementor-widget-container\">\n\t\t\t\t\t\t\t<div class=\"elementor-divider\">\n\t\t\t<span class=\"elementor-divider-separator\">\n\t\t\t\t\t\t<\/span>\n\t\t<\/div>\n\t\t\t\t\t\t<\/div>\n\t\t\t\t<\/div>\n\t\t\t\t<div class=\"elementor-element elementor-element-5276cdef elementor-widget elementor-widget-text-editor\" data-id=\"5276cdef\" data-element_type=\"widget\" data-e-type=\"widget\" data-widget_type=\"text-editor.default\">\n\t\t\t\t<div class=\"elementor-widget-container\">\n\t\t\t\t\t\t\t\t\t<p>\u00bfS\u00f3lo buscas una cita para hacer algunas preguntas?<br>\u00bfNo est\u00e1s seguro de los procedimientos que deseas realizar?<br>\u00bfTu situaci\u00f3n no est\u00e1 clara?<\/p><p><strong>Opta por una primera consulta con un abogado en Ginebra.<\/strong><\/p><p>Entonces decidir\u00e1s si quieres seguir adelante y nuestros abogados te dar\u00e1n el coste del procedimiento seg\u00fan tu caso. Citas disponibles en persona o por videoconferencia. <strong><br><\/strong><\/p>\t\t\t\t\t\t\t\t<\/div>\n\t\t\t\t<\/div>\n\t\t\t\t<div class=\"elementor-element elementor-element-1dc3542b elementor-align-center elementor-widget elementor-widget-button\" data-id=\"1dc3542b\" data-element_type=\"widget\" data-e-type=\"widget\" data-widget_type=\"button.default\">\n\t\t\t\t<div class=\"elementor-widget-container\">\n\t\t\t\t\t\t\t\t\t<div class=\"elementor-button-wrapper\">\n\t\t\t\t\t<a class=\"elementor-button elementor-button-link elementor-size-sm\" href=\"https:\/\/www.geneva-lawyers.com\/es\/contacto\/\">\n\t\t\t\t\t\t<span class=\"elementor-button-content-wrapper\">\n\t\t\t\t\t\t\t\t\t<span class=\"elementor-button-text\">Pide cita con un abogado<\/span>\n\t\t\t\t\t<\/span>\n\t\t\t\t\t<\/a>\n\t\t\t\t<\/div>\n\t\t\t\t\t\t\t\t<\/div>\n\t\t\t\t<\/div>\n\t\t\t\t\t<\/div>\n\t\t<\/div>\n\t\t\t\t\t<\/div>\n\t\t<\/section>\n\t\t\t\t<\/div>\n\t\t","protected":false},"excerpt":{"rendered":"<p>Pide cita con un abogado Impugnar un requerimiento de pago en Suiza Un requerimiento de pago es un procedimiento judicial iniciado en Suiza por un acreedor para cobrar una deuda. Es el primer paso en el proceso de ejecuci\u00f3n de una deuda y sirve como medio formal por el que el acreedor exige el pago &#8230; <a title=\"Impugnar un requerimiento de pago en Suiza\" class=\"read-more\" href=\"https:\/\/www.geneva-lawyers.com\/es\/impugnar-requerimiento-pago-suiza\/\" aria-label=\"Leer m\u00e1s sobre Impugnar un requerimiento de pago en Suiza\">Leer m\u00e1s<\/a><\/p>\n","protected":false},"author":1,"featured_media":0,"parent":0,"menu_order":0,"comment_status":"closed","ping_status":"closed","template":"elementor_header_footer","meta":{"_acf_changed":false,"_seopress_robots_primary_cat":"","_seopress_titles_title":"","_seopress_titles_desc":"","_seopress_robots_index":"","footnotes":""},"class_list":["post-31498","page","type-page","status-publish"],"acf":[],"_links":{"self":[{"href":"https:\/\/www.geneva-lawyers.com\/es\/wp-json\/wp\/v2\/pages\/31498","targetHints":{"allow":["GET"]}}],"collection":[{"href":"https:\/\/www.geneva-lawyers.com\/es\/wp-json\/wp\/v2\/pages"}],"about":[{"href":"https:\/\/www.geneva-lawyers.com\/es\/wp-json\/wp\/v2\/types\/page"}],"author":[{"embeddable":true,"href":"https:\/\/www.geneva-lawyers.com\/es\/wp-json\/wp\/v2\/users\/1"}],"replies":[{"embeddable":true,"href":"https:\/\/www.geneva-lawyers.com\/es\/wp-json\/wp\/v2\/comments?post=31498"}],"version-history":[{"count":6,"href":"https:\/\/www.geneva-lawyers.com\/es\/wp-json\/wp\/v2\/pages\/31498\/revisions"}],"predecessor-version":[{"id":34293,"href":"https:\/\/www.geneva-lawyers.com\/es\/wp-json\/wp\/v2\/pages\/31498\/revisions\/34293"}],"wp:attachment":[{"href":"https:\/\/www.geneva-lawyers.com\/es\/wp-json\/wp\/v2\/media?parent=31498"}],"curies":[{"name":"wp","href":"https:\/\/api.w.org\/{rel}","templated":true}]}}