{"id":31512,"date":"2024-05-27T10:46:34","date_gmt":"2024-05-27T08:46:34","guid":{"rendered":"https:\/\/www.geneva-lawyers.com\/ejecucion-de-embargo-en-suiza\/"},"modified":"2025-04-14T15:11:13","modified_gmt":"2025-04-14T13:11:13","slug":"ejecucion-embargo-suiza","status":"publish","type":"page","link":"https:\/\/www.geneva-lawyers.com\/es\/ejecucion-embargo-suiza\/","title":{"rendered":"Ejecuci\u00f3n de embargo en Suiza"},"content":{"rendered":"\t\t<div data-elementor-type=\"wp-page\" data-elementor-id=\"31512\" class=\"elementor elementor-31512 elementor-29637\" data-elementor-post-type=\"page\">\n\t\t\t\t\t\t<section class=\"elementor-section elementor-top-section elementor-element elementor-element-65127679 elementor-section-boxed elementor-section-height-default elementor-section-height-default\" data-id=\"65127679\" data-element_type=\"section\" data-e-type=\"section\" data-settings=\"{&quot;background_background&quot;:&quot;classic&quot;}\">\n\t\t\t\t\t\t\t<div class=\"elementor-background-overlay\"><\/div>\n\t\t\t\t\t\t\t<div class=\"elementor-container elementor-column-gap-default\">\n\t\t\t\t\t<div class=\"elementor-column elementor-col-100 elementor-top-column elementor-element elementor-element-4887860\" data-id=\"4887860\" data-element_type=\"column\" data-e-type=\"column\">\n\t\t\t<div class=\"elementor-widget-wrap elementor-element-populated\">\n\t\t\t\t\t\t<div class=\"elementor-element elementor-element-34b39ef elementor-widget-divider--view-line elementor-widget elementor-widget-divider\" data-id=\"34b39ef\" data-element_type=\"widget\" data-e-type=\"widget\" data-widget_type=\"divider.default\">\n\t\t\t\t<div class=\"elementor-widget-container\">\n\t\t\t\t\t\t\t<div class=\"elementor-divider\">\n\t\t\t<span class=\"elementor-divider-separator\">\n\t\t\t\t\t\t<\/span>\n\t\t<\/div>\n\t\t\t\t\t\t<\/div>\n\t\t\t\t<\/div>\n\t\t\t\t<div class=\"elementor-element elementor-element-3e45b049 elementor-align-center elementor-widget elementor-widget-button\" data-id=\"3e45b049\" data-element_type=\"widget\" data-e-type=\"widget\" data-widget_type=\"button.default\">\n\t\t\t\t<div class=\"elementor-widget-container\">\n\t\t\t\t\t\t\t\t\t<div class=\"elementor-button-wrapper\">\n\t\t\t\t\t<a class=\"elementor-button elementor-button-link elementor-size-sm\" href=\"https:\/\/www.geneva-lawyers.com\/es\/contacto\/\">\n\t\t\t\t\t\t<span class=\"elementor-button-content-wrapper\">\n\t\t\t\t\t\t\t\t\t<span class=\"elementor-button-text\">Pide cita con un abogado<\/span>\n\t\t\t\t\t<\/span>\n\t\t\t\t\t<\/a>\n\t\t\t\t<\/div>\n\t\t\t\t\t\t\t\t<\/div>\n\t\t\t\t<\/div>\n\t\t\t\t\t<\/div>\n\t\t<\/div>\n\t\t\t\t\t<\/div>\n\t\t<\/section>\n\t\t\t\t<section class=\"elementor-section elementor-top-section elementor-element elementor-element-1b3a7489 elementor-section-boxed elementor-section-height-default elementor-section-height-default\" data-id=\"1b3a7489\" data-element_type=\"section\" data-e-type=\"section\">\n\t\t\t\t\t\t<div class=\"elementor-container elementor-column-gap-default\">\n\t\t\t\t\t<div class=\"elementor-column elementor-col-100 elementor-top-column elementor-element elementor-element-7ead5795\" data-id=\"7ead5795\" data-element_type=\"column\" data-e-type=\"column\">\n\t\t\t<div class=\"elementor-widget-wrap elementor-element-populated\">\n\t\t\t\t\t\t<div class=\"elementor-element elementor-element-11764685 elementor-widget elementor-widget-heading\" data-id=\"11764685\" data-element_type=\"widget\" data-e-type=\"widget\" data-widget_type=\"heading.default\">\n\t\t\t\t<div class=\"elementor-widget-container\">\n\t\t\t\t\t<h2 class=\"elementor-heading-title elementor-size-default\">Ejecuci\u00f3n del embargo en Suiza\n<\/h2>\t\t\t\t<\/div>\n\t\t\t\t<\/div>\n\t\t\t\t<div class=\"elementor-element elementor-element-255491f4 elementor-widget-divider--view-line elementor-widget elementor-widget-divider\" data-id=\"255491f4\" data-element_type=\"widget\" data-e-type=\"widget\" data-widget_type=\"divider.default\">\n\t\t\t\t<div class=\"elementor-widget-container\">\n\t\t\t\t\t\t\t<div class=\"elementor-divider\">\n\t\t\t<span class=\"elementor-divider-separator\">\n\t\t\t\t\t\t<\/span>\n\t\t<\/div>\n\t\t\t\t\t\t<\/div>\n\t\t\t\t<\/div>\n\t\t\t\t<div class=\"elementor-element elementor-element-618fba30 elementor-widget elementor-widget-text-editor\" data-id=\"618fba30\" data-element_type=\"widget\" data-e-type=\"widget\" data-widget_type=\"text-editor.default\">\n\t\t\t\t<div class=\"elementor-widget-container\">\n\t\t\t\t\t\t\t\t\t<p>El embargo desempe\u00f1a un papel fundamental en el ordenamiento jur\u00eddico suizo, sobre todo en el \u00e1mbito del cobro de deudas y el derecho concursal. Se define como el acto por el cual el Estado, representado por la oficina de ejecuci\u00f3n de deudas, toma posesi\u00f3n de los bienes de un deudor para venderlos y reembolsar a un acreedor. El embargo es parte integrante del sistema suizo de cobro de deudas y sirve como medida eficaz para garantizar el cumplimiento de las obligaciones financieras.  <\/p><h2>Visi\u00f3n general de la legislaci\u00f3n suiza sobre ejecuci\u00f3n de deudas y quiebras<\/h2><p>Para comprender la complejidad de los procedimientos de embargo es necesario estar familiarizado con la Ley suiza de Ejecuci\u00f3n de Deudas y Quiebras (DEBA). Esta ley federal proporciona el marco legislativo que regula este \u00e1mbito. Su objetivo es garantizar un proceso equilibrado y transparente, salvaguardando los derechos de los acreedores y protegiendo al mismo tiempo a los deudores de medidas arbitrarias. El proceso de ejecuci\u00f3n de deudas implica varias etapas, siendo el embargo un elemento cr\u00edtico que exige un conocimiento profundo y una experiencia especializada.   <\/p><h2>Procedimiento de embargo<\/h2><p>El procedimiento de embargo en Suiza comienza con una solicitud de ejecuci\u00f3n de deuda, el paso inicial que permite a un acreedor hacer valer sus derechos contra un deudor moroso. Esta solicitud debe presentarse a la oficina de ejecuci\u00f3n de deudas competente e incluir detalles espec\u00edficos como los nombres y direcciones de las partes, el importe de la deuda y la causa de la misma. Esta solicitud conduce a la emisi\u00f3n de una orden de pago, que se notifica al deudor.  <\/p><p>El requerimiento de pago notifica formalmente al deudor que debe liquidar la deuda en un plazo determinado, normalmente 20 d\u00edas. Es un paso crucial en el proceso de embargo, ya que informa al deudor de la deuda y le da la oportunidad de impugnarla. Si el deudor no responde en el plazo fijado, el procedimiento de ejecuci\u00f3n contin\u00faa. Si se presenta una impugnaci\u00f3n, se pone en marcha un procedimiento de impugnaci\u00f3n independiente.   <\/p><h2>Procedimiento de impugnaci\u00f3n<\/h2><p>El deudor puede presentar una objeci\u00f3n si cree que la deuda no se debe o si el importe es incorrecto. La impugnaci\u00f3n debe presentarse por escrito a la oficina de ejecuci\u00f3n de deudas. Este paso permite al deudor impugnar la deuda, aunque no suspende el proceso de ejecuci\u00f3n. A continuaci\u00f3n, el acreedor debe dirigirse a un tribunal para que desestime la impugnaci\u00f3n y pueda proceder al embargo. Este procedimiento de impugnaci\u00f3n puede ser complejo y a menudo requiere la intervenci\u00f3n de un abogado especializado.    <\/p><h2>Continuaci\u00f3n del procedimiento de ejecuci\u00f3n<\/h2><p>Tras la expiraci\u00f3n del plazo de impugnaci\u00f3n o la desestimaci\u00f3n de la impugnaci\u00f3n por parte del tribunal, el siguiente paso es la continuaci\u00f3n del procedimiento de ejecuci\u00f3n. El acreedor debe solicitar a la oficina de ejecuci\u00f3n de la deuda que proceda, que tomar\u00e1 entonces las medidas necesarias para llevar a cabo el embargo. La continuaci\u00f3n puede adoptar diversas formas, como el embargo de bienes muebles, bienes inmuebles o el embargo de salarios. La forma concreta de embargo depende de factores como la naturaleza de la deuda y los bienes disponibles del deudor.   <\/p><h2>Decisi\u00f3n de embargo y actos preparatorios<\/h2><p>La decisi\u00f3n de embargar y los actos preparatorios son etapas vitales del procedimiento de embargo. La oficina de ejecuci\u00f3n de deudas eval\u00faa los bienes que pueden embargarse y toma medidas para garantizar su venta. Los actos preparatorios incluyen inventariar los bienes, valorarlos y tomar medidas para protegerlos hasta que se vendan. Esta fase requiere un profundo conocimiento de las normas y reglamentos aplicables y una estrecha cooperaci\u00f3n entre la oficina de ejecuci\u00f3n de deudas, el acreedor y el deudor.   <\/p><h2>Formas de convulsi\u00f3n<\/h2><p>El embargo en Suiza puede adoptar distintas formas, seg\u00fan la naturaleza de la deuda, los bienes disponibles del deudor y otros factores espec\u00edficos. El embargo de bienes muebles implica tomar posesi\u00f3n y vender bienes personales como muebles, veh\u00edculos o joyas. El embargo de bienes inmuebles se refiere a propiedades como casas o terrenos. El embargo de salario permite al acreedor recibir una parte del sueldo del deudor hasta que se pague la deuda. Cada forma de embargo presenta retos y requisitos \u00fanicos, que exigen una cuidadosa atenci\u00f3n a los detalles y a la normativa aplicable.    <\/p><h2>Derechos y obligaciones de las partes implicadas<\/h2><p>Los derechos y obligaciones de las partes implicadas en el embargo son cruciales. El acreedor tiene derecho a elegir la forma de embargo y a participar en determinadas fases del procedimiento. El deudor tiene obligaciones espec\u00edficas, como facilitar informaci\u00f3n sobre sus bienes, pero tambi\u00e9n derechos, como la protecci\u00f3n contra el embargo abusivo o la protecci\u00f3n de bienes esenciales para la vida diaria. Los terceros tambi\u00e9n pueden tener derechos y obligaciones, por ejemplo, si los bienes embargados est\u00e1n en su poder. Navegar por estos derechos y obligaciones requiere experiencia jur\u00eddica y un profundo conocimiento de la legislaci\u00f3n suiza sobre ejecuci\u00f3n de deudas.    <\/p><h2>Especificidades cantonales en los procedimientos convulsivos<\/h2><p>Aunque la DEBA establece un marco federal, existen diferencias en la aplicaci\u00f3n de los procedimientos de incautaci\u00f3n en los distintos cantones suizos. Estas diferencias pueden afectar a aspectos como las tasas, los plazos o los m\u00e9todos de venta de los bienes embargados. Los profesionales del derecho y las partes implicadas en un embargo deben conocer las normas y pr\u00e1cticas espec\u00edficas del cant\u00f3n correspondiente. Esto a\u00f1ade una capa de complejidad al procedimiento y requiere familiaridad con las leyes y reglamentos locales.   <\/p><h2>Ejecuci\u00f3n del embargo<\/h2><p>La ejecuci\u00f3n del embargo comienza con la evaluaci\u00f3n de los bienes embargados. Este paso requiere pericia para determinar el valor justo de mercado de los bienes, ya sean muebles o inmuebles. Puede recurrirse a expertos para tasar objetos espec\u00edficos, como obras de arte o bienes inmuebles. La evaluaci\u00f3n debe realizarse de forma justa y transparente, cumpliendo las normas y reglamentos aplicables.   <\/p><p>Una vez finalizada la evaluaci\u00f3n, los bienes embargados se venden, normalmente en subasta p\u00fablica. Esta venta debe organizarse de acuerdo con la DEBA y anunciarse p\u00fablicamente para garantizar una competencia abierta y justa. El proceso de venta debe ser transparente, y las partes implicadas, como el acreedor y el deudor, deben ser informadas de los detalles de la venta.  <\/p><h2>Distribuci\u00f3n del producto de la venta<\/h2><p>Tras la venta de los bienes embargados, los beneficios se distribuyen seg\u00fan una jerarqu\u00eda legal bien establecida. En primer lugar, se cubren los costes del procedimiento de embargo. A continuaci\u00f3n, los acreedores privilegiados reciben su pago, seguidos de los acreedores no privilegiados. El reparto debe ajustarse a las normas de la DEBA y respetar los derechos y prioridades de cada acreedor. Si intervienen varios acreedores, el reparto puede resultar complejo y requerir una cuidadosa coordinaci\u00f3n.    <\/p><h2>Costes y tasas asociados a la ejecuci\u00f3n del embargo<\/h2><p>Ejecutar un embargo implica diversos costes y honorarios que pueden ser sustanciales. Entre ellos se incluyen los honorarios de evaluaci\u00f3n, los costes de organizaci\u00f3n de la venta, los honorarios de los expertos, los gastos administrativos y otros costes relacionados. Por lo general, los costes se cubren con el producto de la venta, pero si \u00e9ste es insuficiente, el acreedor puede ser responsable de determinados costes. Comprender los costes potenciales y gestionarlos eficazmente es esencial para que la ejecuci\u00f3n del embargo tenga \u00e9xito.   <\/p><h2>Recursos y medidas provisionales<\/h2><p>La ejecuci\u00f3n por embargo no est\u00e1 exenta de impugnaci\u00f3n y permite diversos recursos y medidas provisionales. El deudor, y a veces el acreedor, pueden impugnar determinados aspectos de la ejecuci\u00f3n. Por ejemplo, el deudor puede solicitar una revisi\u00f3n judicial si los bienes se evaluaron o vendieron injustamente. Tambi\u00e9n pueden solicitarse medidas provisionales para suspender la ejecuci\u00f3n del embargo hasta que se resuelva un litigio. Estos recursos deben emprenderse dentro de los plazos prescritos y de acuerdo con las disposiciones legales pertinentes. Navegar por estos recursos suele requerir la asistencia de un especialista en ejecuci\u00f3n de deudas y derecho concursal para garantizar que se respetan los derechos de todas las partes.     <\/p><h2>Consecuencias de la ejecuci\u00f3n del embargo<\/h2><p>La ejecuci\u00f3n de un embargo tiene consecuencias importantes tanto para el deudor como para los acreedores. Para el deudor, el embargo puede suponer la p\u00e9rdida de bienes esenciales y tener un impacto duradero en su situaci\u00f3n financiera y su reputaci\u00f3n. Las leyes suizas ofrecen ciertas protecciones al deudor, como exenciones para bienes esenciales, pero el embargo sigue siendo una medida dr\u00e1stica.  <\/p><p>Para los acreedores, la ejecuci\u00f3n por embargo suele ser el \u00faltimo recurso para recuperar una deuda y puede ser un proceso largo y costoso. Incluso si el embargo tiene \u00e9xito, no hay garant\u00eda de que el acreedor recupere el importe total de la deuda, especialmente si el deudor est\u00e1 en apuros econ\u00f3micos o si hay varios acreedores implicados. <\/p>\t\t\t\t\t\t\t\t<\/div>\n\t\t\t\t<\/div>\n\t\t\t\t\t<\/div>\n\t\t<\/div>\n\t\t\t\t\t<\/div>\n\t\t<\/section>\n\t\t\t\t<section class=\"elementor-section elementor-top-section elementor-element elementor-element-724bdd3c elementor-section-full_width elementor-section-height-min-height elementor-section-items-stretch elementor-section-content-middle elementor-section-height-default\" data-id=\"724bdd3c\" data-element_type=\"section\" data-e-type=\"section\" data-settings=\"{&quot;background_background&quot;:&quot;classic&quot;}\">\n\t\t\t\t\t\t<div class=\"elementor-container elementor-column-gap-no\">\n\t\t\t\t\t<div class=\"elementor-column elementor-col-50 elementor-top-column elementor-element elementor-element-4541d629\" data-id=\"4541d629\" data-element_type=\"column\" data-e-type=\"column\" data-settings=\"{&quot;background_background&quot;:&quot;classic&quot;}\">\n\t\t\t<div class=\"elementor-widget-wrap elementor-element-populated\">\n\t\t\t\t\t\t<div class=\"elementor-element elementor-element-47176eaa elementor-widget elementor-widget-spacer\" data-id=\"47176eaa\" data-element_type=\"widget\" data-e-type=\"widget\" data-widget_type=\"spacer.default\">\n\t\t\t\t<div class=\"elementor-widget-container\">\n\t\t\t\t\t\t\t<div class=\"elementor-spacer\">\n\t\t\t<div class=\"elementor-spacer-inner\"><\/div>\n\t\t<\/div>\n\t\t\t\t\t\t<\/div>\n\t\t\t\t<\/div>\n\t\t\t\t\t<\/div>\n\t\t<\/div>\n\t\t\t\t<div class=\"elementor-column elementor-col-50 elementor-top-column elementor-element elementor-element-d3261c4\" data-id=\"d3261c4\" data-element_type=\"column\" data-e-type=\"column\" data-settings=\"{&quot;background_background&quot;:&quot;classic&quot;}\">\n\t\t\t<div class=\"elementor-widget-wrap elementor-element-populated\">\n\t\t\t\t\t\t<div class=\"elementor-element elementor-element-3469d52c elementor-widget elementor-widget-heading\" data-id=\"3469d52c\" data-element_type=\"widget\" data-e-type=\"widget\" data-widget_type=\"heading.default\">\n\t\t\t\t<div class=\"elementor-widget-container\">\n\t\t\t\t\t<p class=\"elementor-heading-title elementor-size-default\">Consulta inicial  <\/p>\t\t\t\t<\/div>\n\t\t\t\t<\/div>\n\t\t\t\t<div class=\"elementor-element elementor-element-4c14f849 elementor-widget elementor-widget-heading\" data-id=\"4c14f849\" data-element_type=\"widget\" data-e-type=\"widget\" data-widget_type=\"heading.default\">\n\t\t\t\t<div class=\"elementor-widget-container\">\n\t\t\t\t\t<p class=\"elementor-heading-title elementor-size-default\">de 60 min a 220,00 CHF<\/p>\t\t\t\t<\/div>\n\t\t\t\t<\/div>\n\t\t\t\t<div class=\"elementor-element elementor-element-5111de12 elementor-widget elementor-widget-text-editor\" data-id=\"5111de12\" data-element_type=\"widget\" data-e-type=\"widget\" data-widget_type=\"text-editor.default\">\n\t\t\t\t<div class=\"elementor-widget-container\">\n\t\t\t\t\t\t\t\t\tDiscute tu situaci\u00f3n con un abogado especializado en Suiza.\n\t\t\t\t\t\t\t\t<\/div>\n\t\t\t\t<\/div>\n\t\t\t\t<div class=\"elementor-element elementor-element-4df32dad elementor-widget-divider--view-line elementor-widget elementor-widget-divider\" data-id=\"4df32dad\" data-element_type=\"widget\" data-e-type=\"widget\" data-widget_type=\"divider.default\">\n\t\t\t\t<div class=\"elementor-widget-container\">\n\t\t\t\t\t\t\t<div class=\"elementor-divider\">\n\t\t\t<span class=\"elementor-divider-separator\">\n\t\t\t\t\t\t<\/span>\n\t\t<\/div>\n\t\t\t\t\t\t<\/div>\n\t\t\t\t<\/div>\n\t\t\t\t<div class=\"elementor-element elementor-element-423a9d71 elementor-widget elementor-widget-text-editor\" data-id=\"423a9d71\" data-element_type=\"widget\" data-e-type=\"widget\" data-widget_type=\"text-editor.default\">\n\t\t\t\t<div class=\"elementor-widget-container\">\n\t\t\t\t\t\t\t\t\t<p>\u00bfS\u00f3lo buscas una cita para hacer algunas preguntas?<br>\u00bfNo est\u00e1s seguro de los procedimientos que deseas realizar?<br>\u00bfTu situaci\u00f3n no est\u00e1 clara?<\/p><p><strong>Opta por una primera consulta con un abogado en Ginebra.<\/strong><\/p><p>Entonces decidir\u00e1s si quieres seguir adelante y nuestros abogados te dar\u00e1n el coste del procedimiento seg\u00fan tu caso. Citas disponibles en persona o por videoconferencia. <strong><br><\/strong><\/p>\t\t\t\t\t\t\t\t<\/div>\n\t\t\t\t<\/div>\n\t\t\t\t<div class=\"elementor-element elementor-element-3ec0a7bc elementor-align-center elementor-widget elementor-widget-button\" data-id=\"3ec0a7bc\" data-element_type=\"widget\" data-e-type=\"widget\" data-widget_type=\"button.default\">\n\t\t\t\t<div class=\"elementor-widget-container\">\n\t\t\t\t\t\t\t\t\t<div class=\"elementor-button-wrapper\">\n\t\t\t\t\t<a class=\"elementor-button elementor-button-link elementor-size-sm\" href=\"https:\/\/www.geneva-lawyers.com\/es\/contacto\/\">\n\t\t\t\t\t\t<span class=\"elementor-button-content-wrapper\">\n\t\t\t\t\t\t\t\t\t<span class=\"elementor-button-text\">Pide cita con un abogado<\/span>\n\t\t\t\t\t<\/span>\n\t\t\t\t\t<\/a>\n\t\t\t\t<\/div>\n\t\t\t\t\t\t\t\t<\/div>\n\t\t\t\t<\/div>\n\t\t\t\t\t<\/div>\n\t\t<\/div>\n\t\t\t\t\t<\/div>\n\t\t<\/section>\n\t\t\t\t<\/div>\n\t\t","protected":false},"excerpt":{"rendered":"<p>Pide cita con un abogado Ejecuci\u00f3n del embargo en Suiza El embargo desempe\u00f1a un papel fundamental en el ordenamiento jur\u00eddico suizo, sobre todo en el \u00e1mbito del cobro de deudas y el derecho concursal. Se define como el acto por el cual el Estado, representado por la oficina de ejecuci\u00f3n de deudas, toma posesi\u00f3n de &#8230; <a title=\"Ejecuci\u00f3n de embargo en Suiza\" class=\"read-more\" href=\"https:\/\/www.geneva-lawyers.com\/es\/ejecucion-embargo-suiza\/\" aria-label=\"Leer m\u00e1s sobre Ejecuci\u00f3n de embargo en Suiza\">Leer m\u00e1s<\/a><\/p>\n","protected":false},"author":1,"featured_media":0,"parent":0,"menu_order":0,"comment_status":"closed","ping_status":"closed","template":"elementor_header_footer","meta":{"_acf_changed":false,"_seopress_robots_primary_cat":"","_seopress_titles_title":"","_seopress_titles_desc":"","_seopress_robots_index":"","footnotes":""},"class_list":["post-31512","page","type-page","status-publish"],"acf":[],"_links":{"self":[{"href":"https:\/\/www.geneva-lawyers.com\/es\/wp-json\/wp\/v2\/pages\/31512","targetHints":{"allow":["GET"]}}],"collection":[{"href":"https:\/\/www.geneva-lawyers.com\/es\/wp-json\/wp\/v2\/pages"}],"about":[{"href":"https:\/\/www.geneva-lawyers.com\/es\/wp-json\/wp\/v2\/types\/page"}],"author":[{"embeddable":true,"href":"https:\/\/www.geneva-lawyers.com\/es\/wp-json\/wp\/v2\/users\/1"}],"replies":[{"embeddable":true,"href":"https:\/\/www.geneva-lawyers.com\/es\/wp-json\/wp\/v2\/comments?post=31512"}],"version-history":[{"count":6,"href":"https:\/\/www.geneva-lawyers.com\/es\/wp-json\/wp\/v2\/pages\/31512\/revisions"}],"predecessor-version":[{"id":33771,"href":"https:\/\/www.geneva-lawyers.com\/es\/wp-json\/wp\/v2\/pages\/31512\/revisions\/33771"}],"wp:attachment":[{"href":"https:\/\/www.geneva-lawyers.com\/es\/wp-json\/wp\/v2\/media?parent=31512"}],"curies":[{"name":"wp","href":"https:\/\/api.w.org\/{rel}","templated":true}]}}