{"id":31526,"date":"2024-05-27T09:19:45","date_gmt":"2024-05-27T07:19:45","guid":{"rendered":"https:\/\/www.geneva-lawyers.com\/acuerdos-de-accionistas\/"},"modified":"2025-04-14T15:21:22","modified_gmt":"2025-04-14T13:21:22","slug":"acuerdos-accionistas","status":"publish","type":"page","link":"https:\/\/www.geneva-lawyers.com\/es\/acuerdos-accionistas\/","title":{"rendered":"Acuerdos de accionistas"},"content":{"rendered":"\t\t<div data-elementor-type=\"wp-page\" data-elementor-id=\"31526\" class=\"elementor elementor-31526 elementor-29581\" data-elementor-post-type=\"page\">\n\t\t\t\t\t\t<section class=\"elementor-section elementor-top-section elementor-element elementor-element-425b6995 elementor-section-boxed elementor-section-height-default elementor-section-height-default\" data-id=\"425b6995\" data-element_type=\"section\" data-e-type=\"section\" data-settings=\"{&quot;background_background&quot;:&quot;classic&quot;}\">\n\t\t\t\t\t\t\t<div class=\"elementor-background-overlay\"><\/div>\n\t\t\t\t\t\t\t<div class=\"elementor-container elementor-column-gap-default\">\n\t\t\t\t\t<div class=\"elementor-column elementor-col-100 elementor-top-column elementor-element elementor-element-344b8b74\" data-id=\"344b8b74\" data-element_type=\"column\" data-e-type=\"column\">\n\t\t\t<div class=\"elementor-widget-wrap elementor-element-populated\">\n\t\t\t\t\t\t<div class=\"elementor-element elementor-element-7b906529 elementor-widget-divider--view-line elementor-widget elementor-widget-divider\" data-id=\"7b906529\" data-element_type=\"widget\" data-e-type=\"widget\" data-widget_type=\"divider.default\">\n\t\t\t\t<div class=\"elementor-widget-container\">\n\t\t\t\t\t\t\t<div class=\"elementor-divider\">\n\t\t\t<span class=\"elementor-divider-separator\">\n\t\t\t\t\t\t<\/span>\n\t\t<\/div>\n\t\t\t\t\t\t<\/div>\n\t\t\t\t<\/div>\n\t\t\t\t<div class=\"elementor-element elementor-element-325e0a7 elementor-align-center elementor-widget elementor-widget-button\" data-id=\"325e0a7\" data-element_type=\"widget\" data-e-type=\"widget\" data-widget_type=\"button.default\">\n\t\t\t\t<div class=\"elementor-widget-container\">\n\t\t\t\t\t\t\t\t\t<div class=\"elementor-button-wrapper\">\n\t\t\t\t\t<a class=\"elementor-button elementor-button-link elementor-size-sm\" href=\"https:\/\/www.geneva-lawyers.com\/es\/contacto\/\">\n\t\t\t\t\t\t<span class=\"elementor-button-content-wrapper\">\n\t\t\t\t\t\t\t\t\t<span class=\"elementor-button-text\">Pide cita con un abogado<\/span>\n\t\t\t\t\t<\/span>\n\t\t\t\t\t<\/a>\n\t\t\t\t<\/div>\n\t\t\t\t\t\t\t\t<\/div>\n\t\t\t\t<\/div>\n\t\t\t\t\t<\/div>\n\t\t<\/div>\n\t\t\t\t\t<\/div>\n\t\t<\/section>\n\t\t\t\t<section class=\"elementor-section elementor-top-section elementor-element elementor-element-b8cc4ed elementor-section-boxed elementor-section-height-default elementor-section-height-default\" data-id=\"b8cc4ed\" data-element_type=\"section\" data-e-type=\"section\">\n\t\t\t\t\t\t<div class=\"elementor-container elementor-column-gap-default\">\n\t\t\t\t\t<div class=\"elementor-column elementor-col-100 elementor-top-column elementor-element elementor-element-5b1ae02e\" data-id=\"5b1ae02e\" data-element_type=\"column\" data-e-type=\"column\">\n\t\t\t<div class=\"elementor-widget-wrap elementor-element-populated\">\n\t\t\t\t\t\t<div class=\"elementor-element elementor-element-b7f5ff3 elementor-widget elementor-widget-heading\" data-id=\"b7f5ff3\" data-element_type=\"widget\" data-e-type=\"widget\" data-widget_type=\"heading.default\">\n\t\t\t\t<div class=\"elementor-widget-container\">\n\t\t\t\t\t<h2 class=\"elementor-heading-title elementor-size-default\">Pactos parasociales en Suiza<\/h2>\t\t\t\t<\/div>\n\t\t\t\t<\/div>\n\t\t\t\t<div class=\"elementor-element elementor-element-6a995af elementor-widget-divider--view-line elementor-widget elementor-widget-divider\" data-id=\"6a995af\" data-element_type=\"widget\" data-e-type=\"widget\" data-widget_type=\"divider.default\">\n\t\t\t\t<div class=\"elementor-widget-container\">\n\t\t\t\t\t\t\t<div class=\"elementor-divider\">\n\t\t\t<span class=\"elementor-divider-separator\">\n\t\t\t\t\t\t<\/span>\n\t\t<\/div>\n\t\t\t\t\t\t<\/div>\n\t\t\t\t<\/div>\n\t\t\t\t<div class=\"elementor-element elementor-element-7f268b8f elementor-widget elementor-widget-text-editor\" data-id=\"7f268b8f\" data-element_type=\"widget\" data-e-type=\"widget\" data-widget_type=\"text-editor.default\">\n\t\t\t\t<div class=\"elementor-widget-container\">\n\t\t\t\t\t\t\t\t\t<p>Los acuerdos de accionistas son acuerdos contractuales celebrados entre los accionistas de una empresa. Se utilizan para regular las relaciones entre los accionistas y aclarar los derechos y obligaciones de cada parte en situaciones concretas, como la transmisi\u00f3n de acciones, la sucesi\u00f3n o el reparto de beneficios. En Suiza, los pactos de accionistas son habituales y pueden adaptarse a las necesidades espec\u00edficas de cada empresa.  <\/p><p>Firmar un acuerdo de accionistas es crucial para evitar conflictos entre los distintos accionistas de una empresa. Es especialmente recomendable para aclarar situaciones en las que intervienen varias partes, sobre todo en el caso de una sociedad an\u00f3nima (SA). Sin embargo, estos acuerdos no est\u00e1n regulados por ley, y las relaciones var\u00edan seg\u00fan la empresa. Por tanto, no existe un contrato tipo. No obstante, es aconsejable solicitar el asesoramiento de un abogado competente a la hora de redactar este contrato.    <\/p><p>En este texto, examinaremos algunas cl\u00e1usulas habituales en los acuerdos de accionistas en Suiza.<\/p><h2>Derecho de compra y tanteo, obligaci\u00f3n de compra<\/h2><p>El derecho de compra y tanteo permite a un accionista comprar las acciones de otro accionista. La cl\u00e1usula de derecho de compra estipula que si un accionista desea vender sus acciones, primero debe ofrec\u00e9rselas a la empresa o a otros accionistas antes de venderlas a un tercero. La cl\u00e1usula de tanteo permite a los accionistas existentes comprar las acciones de un accionista que desea vender a un tercero. Por \u00faltimo, la obligaci\u00f3n de compra obliga a un accionista a vender sus acciones a otro accionista o a la empresa en determinadas condiciones, como el incumplimiento de compromisos o el cese de la relaci\u00f3n laboral.   <\/p><h2>Opci\u00f3n de compra<\/h2><p>La opci\u00f3n de compra permite a un accionista comprar sus acciones a un tercero adquirente si se cumplen determinadas condiciones. Por ejemplo, si un tercero adquiere una participaci\u00f3n mayoritaria en la empresa, los accionistas minoritarios pueden ejercer su opci\u00f3n de compra para reclamar sus acciones. La opci\u00f3n de compra debe especificarse en el acuerdo de accionistas, incluidas las condiciones y los plazos para ejercerla.  <\/p><h2>Tipo de votaci\u00f3n<\/h2><p>El acuerdo de accionistas puede especificar el tipo de votaci\u00f3n utilizado durante las juntas generales, como un voto por persona o votaci\u00f3n por acciones. Un voto por persona significa que cada accionista tiene un voto, independientemente del n\u00famero de acciones que posea. El voto por acciones permite a los accionistas votar en funci\u00f3n del n\u00famero de acciones que posean. La elecci\u00f3n del tipo de votaci\u00f3n depende de las preferencias de los accionistas y del tama\u00f1o de la empresa.   <\/p><h2>Cl\u00e1usula de no competencia<\/h2><p>La cl\u00e1usula de no competencia impide a los accionistas dedicarse a actividades que compitan con la empresa. Esta cl\u00e1usula pretende proteger los intereses de la empresa impidiendo que los accionistas utilicen sus conocimientos o experiencia en beneficio de otra empresa. <\/p><h2>Derechos de arrastre<\/h2><p>Cuando se vende una empresa, el comprador puede desear adquirir todas las acciones de la empresa. Esta situaci\u00f3n suele darse en las adquisiciones por parte de grupos internacionales. Los derechos de arrastre permiten al comprador obligar a otros accionistas a vender sus acciones al mismo precio y en las mismas condiciones.  <\/p><h2>Derechos de etiqueta<\/h2><p>Los derechos de acompa\u00f1amiento permiten a un accionista minoritario vender sus acciones al mismo precio y en las mismas condiciones que los accionistas mayoritarios. Esta cl\u00e1usula protege a los accionistas minoritarios ofreci\u00e9ndoles cierta seguridad en caso de venta de la empresa. <\/p><h2>Disposiciones sobre la junta general<\/h2><p>El acuerdo de accionistas tambi\u00e9n puede incluir disposiciones espec\u00edficas para la constituci\u00f3n de la junta general, como el qu\u00f3rum necesario para una junta v\u00e1lida o el plazo de preaviso para convocar a los accionistas a la junta. Estas disposiciones garantizan el correcto desarrollo de la junta general y del proceso de toma de decisiones. <\/p><h2>Derecho de veto y desempate<\/h2><p>La cl\u00e1usula de derecho de veto permite a uno o varios accionistas oponerse a determinadas decisiones importantes, aunque la mayor\u00eda de los accionistas est\u00e9n a favor. La cl\u00e1usula de desempate puede utilizarse para resolver situaciones en las que se produzca un empate en la votaci\u00f3n de la junta general, especificando c\u00f3mo deshacer el empate. <\/p><h2>Representaci\u00f3n<\/h2><p>El acuerdo de accionistas puede especificar normas para la representaci\u00f3n de los accionistas en la junta general, como permitir que un accionista se haga representar por un apoderado o vote a distancia. Esta cl\u00e1usula pretende facilitar la participaci\u00f3n de los accionistas en la junta general y garantizar que todos ellos tengan voz en las decisiones importantes de la empresa. <\/p><p>Los acuerdos de accionistas son documentos esenciales para regir las relaciones entre los accionistas de una empresa. Aclaran los derechos y obligaciones de cada accionista, regulan los procesos de toma de decisiones y proporcionan mecanismos para la resoluci\u00f3n de conflictos. Las disposiciones que pueden incluirse en los acuerdos de accionistas son numerosas y deben redactarse cuidadosamente para satisfacer las necesidades espec\u00edficas de los accionistas y garantizar el buen gobierno corporativo. Se recomienda encarecidamente consultar a un abogado para que ayude a redactar estos acuerdos y se asegure de que se cumplen todos los requisitos legales.   <\/p>\t\t\t\t\t\t\t\t<\/div>\n\t\t\t\t<\/div>\n\t\t\t\t\t<\/div>\n\t\t<\/div>\n\t\t\t\t\t<\/div>\n\t\t<\/section>\n\t\t\t\t<section class=\"elementor-section elementor-top-section elementor-element elementor-element-6e30119c elementor-section-full_width elementor-section-height-min-height elementor-section-items-stretch elementor-section-content-middle elementor-section-height-default\" data-id=\"6e30119c\" data-element_type=\"section\" data-e-type=\"section\" data-settings=\"{&quot;background_background&quot;:&quot;classic&quot;}\">\n\t\t\t\t\t\t<div class=\"elementor-container elementor-column-gap-no\">\n\t\t\t\t\t<div class=\"elementor-column elementor-col-50 elementor-top-column elementor-element elementor-element-6e50cb2\" data-id=\"6e50cb2\" data-element_type=\"column\" data-e-type=\"column\" data-settings=\"{&quot;background_background&quot;:&quot;classic&quot;}\">\n\t\t\t<div class=\"elementor-widget-wrap elementor-element-populated\">\n\t\t\t\t\t\t<div class=\"elementor-element elementor-element-370909f2 elementor-widget elementor-widget-spacer\" data-id=\"370909f2\" data-element_type=\"widget\" data-e-type=\"widget\" data-widget_type=\"spacer.default\">\n\t\t\t\t<div class=\"elementor-widget-container\">\n\t\t\t\t\t\t\t<div class=\"elementor-spacer\">\n\t\t\t<div class=\"elementor-spacer-inner\"><\/div>\n\t\t<\/div>\n\t\t\t\t\t\t<\/div>\n\t\t\t\t<\/div>\n\t\t\t\t\t<\/div>\n\t\t<\/div>\n\t\t\t\t<div class=\"elementor-column elementor-col-50 elementor-top-column elementor-element elementor-element-18f39195\" data-id=\"18f39195\" data-element_type=\"column\" data-e-type=\"column\" data-settings=\"{&quot;background_background&quot;:&quot;classic&quot;}\">\n\t\t\t<div class=\"elementor-widget-wrap elementor-element-populated\">\n\t\t\t\t\t\t<div class=\"elementor-element elementor-element-7123aec2 elementor-widget elementor-widget-heading\" data-id=\"7123aec2\" data-element_type=\"widget\" data-e-type=\"widget\" data-widget_type=\"heading.default\">\n\t\t\t\t<div class=\"elementor-widget-container\">\n\t\t\t\t\t<p class=\"elementor-heading-title elementor-size-default\">Consulta inicial  <\/p>\t\t\t\t<\/div>\n\t\t\t\t<\/div>\n\t\t\t\t<div class=\"elementor-element elementor-element-2196c06e elementor-widget elementor-widget-heading\" data-id=\"2196c06e\" data-element_type=\"widget\" data-e-type=\"widget\" data-widget_type=\"heading.default\">\n\t\t\t\t<div class=\"elementor-widget-container\">\n\t\t\t\t\t<p class=\"elementor-heading-title elementor-size-default\">de 60 min a 220,00 CHF<\/p>\t\t\t\t<\/div>\n\t\t\t\t<\/div>\n\t\t\t\t<div class=\"elementor-element elementor-element-2b62409b elementor-widget elementor-widget-text-editor\" data-id=\"2b62409b\" data-element_type=\"widget\" data-e-type=\"widget\" data-widget_type=\"text-editor.default\">\n\t\t\t\t<div class=\"elementor-widget-container\">\n\t\t\t\t\t\t\t\t\tDiscute tu situaci\u00f3n con un abogado especializado en Suiza.\n\t\t\t\t\t\t\t\t<\/div>\n\t\t\t\t<\/div>\n\t\t\t\t<div class=\"elementor-element elementor-element-6fa35d8 elementor-widget-divider--view-line elementor-widget elementor-widget-divider\" data-id=\"6fa35d8\" data-element_type=\"widget\" data-e-type=\"widget\" data-widget_type=\"divider.default\">\n\t\t\t\t<div class=\"elementor-widget-container\">\n\t\t\t\t\t\t\t<div class=\"elementor-divider\">\n\t\t\t<span class=\"elementor-divider-separator\">\n\t\t\t\t\t\t<\/span>\n\t\t<\/div>\n\t\t\t\t\t\t<\/div>\n\t\t\t\t<\/div>\n\t\t\t\t<div class=\"elementor-element elementor-element-14fe1d8f elementor-widget elementor-widget-text-editor\" data-id=\"14fe1d8f\" data-element_type=\"widget\" data-e-type=\"widget\" data-widget_type=\"text-editor.default\">\n\t\t\t\t<div class=\"elementor-widget-container\">\n\t\t\t\t\t\t\t\t\t<p>\u00bfS\u00f3lo buscas una cita para hacer algunas preguntas?<br>\u00bfNo est\u00e1s seguro de los procedimientos que deseas realizar?<br>\u00bfTu situaci\u00f3n no est\u00e1 clara?<\/p><p><strong>Opta por una primera consulta con un abogado en Ginebra.<\/strong><\/p><p>Entonces decidir\u00e1s si quieres seguir adelante y nuestros abogados te dar\u00e1n el coste del procedimiento seg\u00fan tu caso. Citas disponibles en persona o por videoconferencia. <strong><br><\/strong><\/p>\t\t\t\t\t\t\t\t<\/div>\n\t\t\t\t<\/div>\n\t\t\t\t<div class=\"elementor-element elementor-element-25554763 elementor-align-center elementor-widget elementor-widget-button\" data-id=\"25554763\" data-element_type=\"widget\" data-e-type=\"widget\" data-widget_type=\"button.default\">\n\t\t\t\t<div class=\"elementor-widget-container\">\n\t\t\t\t\t\t\t\t\t<div class=\"elementor-button-wrapper\">\n\t\t\t\t\t<a class=\"elementor-button elementor-button-link elementor-size-sm\" href=\"https:\/\/www.geneva-lawyers.com\/es\/contacto\/\">\n\t\t\t\t\t\t<span class=\"elementor-button-content-wrapper\">\n\t\t\t\t\t\t\t\t\t<span class=\"elementor-button-text\">Pide cita con un abogado<\/span>\n\t\t\t\t\t<\/span>\n\t\t\t\t\t<\/a>\n\t\t\t\t<\/div>\n\t\t\t\t\t\t\t\t<\/div>\n\t\t\t\t<\/div>\n\t\t\t\t\t<\/div>\n\t\t<\/div>\n\t\t\t\t\t<\/div>\n\t\t<\/section>\n\t\t\t\t<\/div>\n\t\t","protected":false},"excerpt":{"rendered":"<p>Pide cita con un abogado Pactos parasociales en Suiza Los acuerdos de accionistas son acuerdos contractuales celebrados entre los accionistas de una empresa. Se utilizan para regular las relaciones entre los accionistas y aclarar los derechos y obligaciones de cada parte en situaciones concretas, como la transmisi\u00f3n de acciones, la sucesi\u00f3n o el reparto de &#8230; <a title=\"Acuerdos de accionistas\" class=\"read-more\" href=\"https:\/\/www.geneva-lawyers.com\/es\/acuerdos-accionistas\/\" aria-label=\"Leer m\u00e1s sobre Acuerdos de accionistas\">Leer m\u00e1s<\/a><\/p>\n","protected":false},"author":1,"featured_media":0,"parent":0,"menu_order":0,"comment_status":"closed","ping_status":"closed","template":"elementor_header_footer","meta":{"_acf_changed":false,"_seopress_robots_primary_cat":"","_seopress_titles_title":"","_seopress_titles_desc":"","_seopress_robots_index":"","footnotes":""},"class_list":["post-31526","page","type-page","status-publish"],"acf":[],"_links":{"self":[{"href":"https:\/\/www.geneva-lawyers.com\/es\/wp-json\/wp\/v2\/pages\/31526","targetHints":{"allow":["GET"]}}],"collection":[{"href":"https:\/\/www.geneva-lawyers.com\/es\/wp-json\/wp\/v2\/pages"}],"about":[{"href":"https:\/\/www.geneva-lawyers.com\/es\/wp-json\/wp\/v2\/types\/page"}],"author":[{"embeddable":true,"href":"https:\/\/www.geneva-lawyers.com\/es\/wp-json\/wp\/v2\/users\/1"}],"replies":[{"embeddable":true,"href":"https:\/\/www.geneva-lawyers.com\/es\/wp-json\/wp\/v2\/comments?post=31526"}],"version-history":[{"count":7,"href":"https:\/\/www.geneva-lawyers.com\/es\/wp-json\/wp\/v2\/pages\/31526\/revisions"}],"predecessor-version":[{"id":33822,"href":"https:\/\/www.geneva-lawyers.com\/es\/wp-json\/wp\/v2\/pages\/31526\/revisions\/33822"}],"wp:attachment":[{"href":"https:\/\/www.geneva-lawyers.com\/es\/wp-json\/wp\/v2\/media?parent=31526"}],"curies":[{"name":"wp","href":"https:\/\/api.w.org\/{rel}","templated":true}]}}