{"id":31528,"date":"2024-05-27T08:44:22","date_gmt":"2024-05-27T06:44:22","guid":{"rendered":"https:\/\/www.geneva-lawyers.com\/empresa-individual\/"},"modified":"2025-04-14T16:06:05","modified_gmt":"2025-04-14T14:06:05","slug":"empresa-individual","status":"publish","type":"page","link":"https:\/\/www.geneva-lawyers.com\/es\/empresa-individual\/","title":{"rendered":"Empresa individual"},"content":{"rendered":"\t\t<div data-elementor-type=\"wp-page\" data-elementor-id=\"31528\" class=\"elementor elementor-31528 elementor-29541\" data-elementor-post-type=\"page\">\n\t\t\t\t\t\t<section class=\"elementor-section elementor-top-section elementor-element elementor-element-ceb4a53 elementor-section-boxed elementor-section-height-default elementor-section-height-default\" data-id=\"ceb4a53\" data-element_type=\"section\" data-e-type=\"section\" data-settings=\"{&quot;background_background&quot;:&quot;classic&quot;}\">\n\t\t\t\t\t\t\t<div class=\"elementor-background-overlay\"><\/div>\n\t\t\t\t\t\t\t<div class=\"elementor-container elementor-column-gap-default\">\n\t\t\t\t\t<div class=\"elementor-column elementor-col-100 elementor-top-column elementor-element elementor-element-1158ae73\" data-id=\"1158ae73\" data-element_type=\"column\" data-e-type=\"column\">\n\t\t\t<div class=\"elementor-widget-wrap elementor-element-populated\">\n\t\t\t\t\t\t<div class=\"elementor-element elementor-element-72565450 elementor-widget-divider--view-line elementor-widget elementor-widget-divider\" data-id=\"72565450\" data-element_type=\"widget\" data-e-type=\"widget\" data-widget_type=\"divider.default\">\n\t\t\t\t<div class=\"elementor-widget-container\">\n\t\t\t\t\t\t\t<div class=\"elementor-divider\">\n\t\t\t<span class=\"elementor-divider-separator\">\n\t\t\t\t\t\t<\/span>\n\t\t<\/div>\n\t\t\t\t\t\t<\/div>\n\t\t\t\t<\/div>\n\t\t\t\t<div class=\"elementor-element elementor-element-4f8db824 elementor-align-center elementor-widget elementor-widget-button\" data-id=\"4f8db824\" data-element_type=\"widget\" data-e-type=\"widget\" data-widget_type=\"button.default\">\n\t\t\t\t<div class=\"elementor-widget-container\">\n\t\t\t\t\t\t\t\t\t<div class=\"elementor-button-wrapper\">\n\t\t\t\t\t<a class=\"elementor-button elementor-button-link elementor-size-sm\" href=\"https:\/\/www.geneva-lawyers.com\/es\/contacto\/\">\n\t\t\t\t\t\t<span class=\"elementor-button-content-wrapper\">\n\t\t\t\t\t\t\t\t\t<span class=\"elementor-button-text\">Pide cita con un abogado<\/span>\n\t\t\t\t\t<\/span>\n\t\t\t\t\t<\/a>\n\t\t\t\t<\/div>\n\t\t\t\t\t\t\t\t<\/div>\n\t\t\t\t<\/div>\n\t\t\t\t\t<\/div>\n\t\t<\/div>\n\t\t\t\t\t<\/div>\n\t\t<\/section>\n\t\t\t\t<section class=\"elementor-section elementor-top-section elementor-element elementor-element-6b88c463 elementor-section-boxed elementor-section-height-default elementor-section-height-default\" data-id=\"6b88c463\" data-element_type=\"section\" data-e-type=\"section\">\n\t\t\t\t\t\t<div class=\"elementor-container elementor-column-gap-default\">\n\t\t\t\t\t<div class=\"elementor-column elementor-col-100 elementor-top-column elementor-element elementor-element-291ddcac\" data-id=\"291ddcac\" data-element_type=\"column\" data-e-type=\"column\">\n\t\t\t<div class=\"elementor-widget-wrap elementor-element-populated\">\n\t\t\t\t\t\t<div class=\"elementor-element elementor-element-4e88aa6d elementor-widget elementor-widget-heading\" data-id=\"4e88aa6d\" data-element_type=\"widget\" data-e-type=\"widget\" data-widget_type=\"heading.default\">\n\t\t\t\t<div class=\"elementor-widget-container\">\n\t\t\t\t\t<h2 class=\"elementor-heading-title elementor-size-default\">Negocios individuales en Suiza<\/h2>\t\t\t\t<\/div>\n\t\t\t\t<\/div>\n\t\t\t\t<div class=\"elementor-element elementor-element-3310df8b elementor-widget-divider--view-line elementor-widget elementor-widget-divider\" data-id=\"3310df8b\" data-element_type=\"widget\" data-e-type=\"widget\" data-widget_type=\"divider.default\">\n\t\t\t\t<div class=\"elementor-widget-container\">\n\t\t\t\t\t\t\t<div class=\"elementor-divider\">\n\t\t\t<span class=\"elementor-divider-separator\">\n\t\t\t\t\t\t<\/span>\n\t\t<\/div>\n\t\t\t\t\t\t<\/div>\n\t\t\t\t<\/div>\n\t\t\t\t<div class=\"elementor-element elementor-element-136d0aa elementor-widget elementor-widget-text-editor\" data-id=\"136d0aa\" data-element_type=\"widget\" data-e-type=\"widget\" data-widget_type=\"text-editor.default\">\n\t\t\t\t<div class=\"elementor-widget-container\">\n\t\t\t\t\t\t\t\t\t<p>Una empresa individual, conocida como \u00abraison individuelle\u00bb en Suiza, es una estructura jur\u00eddica habitual para las empresas. A diferencia de otras formas jur\u00eddicas, como una sociedad an\u00f3nima o una sociedad de responsabilidad limitada, una empresa individual est\u00e1 dirigida por una sola persona, el empresario individual, que es responsable de todas las decisiones empresariales y obligaciones legales. El C\u00f3digo de Obligaciones suizo no regula espec\u00edficamente las empresas individuales.  <\/p><h2>Creaci\u00f3n y gesti\u00f3n<\/h2><p>Crear una empresa individual en Suiza es sencillo y no requiere una inversi\u00f3n m\u00ednima de capital ni estatutos escritos. Sin embargo, si la empresa genera ingresos anuales superiores a 100.000 CHF, el empresario individual debe inscribirse en el Registro Mercantil. <\/p><p>Crear una empresa individual tiene unos costes m\u00ednimos. Los gastos de consulta para la constituci\u00f3n, como la contrataci\u00f3n de un fiduciario, suelen rondar los 1.500 francos. Adem\u00e1s, registrar la empresa en el Registro Mercantil cuesta unos cientos de francos.  <\/p><p>El empresario individual responde personalmente de todas las deudas de la empresa con su patrimonio privado. Esto significa que es crucial tener en cuenta los riesgos financieros antes de crear una empresa individual, ya que los bienes personales pueden estar en peligro en caso de dificultades empresariales. <\/p><p>El empresario individual es el \u00fanico responsable de todas las decisiones empresariales y de llevar la contabilidad de la empresa y presentar las declaraciones fiscales. Sin embargo, puede solicitar la ayuda de contables o asesores fiscales para las tareas administrativas. <\/p><h2>Fiscalidad e impuestos<\/h2><p>En Suiza, las empresas individuales est\u00e1n sujetas a los impuestos sobre la renta y el patrimonio directamente sobre los beneficios de la empresa y el patrimonio personal del propietario. Los ingresos profesionales de un empresario individual est\u00e1n estrechamente vinculados a sus ingresos privados a efectos fiscales, por lo que s\u00f3lo es necesaria una declaraci\u00f3n de la renta. Los impuestos se recaudan a nivel federal, cantonal y municipal.  <\/p><p>Las cuant\u00edas de los impuestos var\u00edan en funci\u00f3n de las circunstancias personales del propietario, la ubicaci\u00f3n de la empresa y los ingresos anuales. Si la ubicaci\u00f3n de la empresa difiere de la residencia privada, el propietario puede realizar una planificaci\u00f3n fiscal. <\/p><p>Adem\u00e1s, se aplican otros impuestos y tasas. Por ejemplo, las empresas individuales deben pagar el IVA si sus ingresos anuales superan los 100.000 CHF. Las cotizaciones a la Seguridad Social por AHV, IV y AC tambi\u00e9n son gastos importantes. El impuesto sobre el patrimonio se calcula en funci\u00f3n del patrimonio total del propietario.   <\/p><h2>Ventajas de una empresa individual<\/h2><p>Las empresas individuales ofrecen numerosas ventajas en Suiza. En primer lugar, la creaci\u00f3n de una empresa individual es relativamente sencilla, ya que los tr\u00e1mites administrativos son m\u00ednimos. Los empresarios pueden poner en marcha sus negocios r\u00e1pida y f\u00e1cilmente, sin grandes tr\u00e1mites burocr\u00e1ticos.  <\/p><p>Otra ventaja es el control total sobre la empresa. Como \u00fanico propietario, el empresario puede tomar todas las decisiones importantes sin necesidad de la aprobaci\u00f3n de los accionistas o de un consejo de administraci\u00f3n, lo que le permite tomar decisiones con rapidez y responder a los cambios del mercado. <\/p><p>La empresa individual tambi\u00e9n proporciona flexibilidad de gesti\u00f3n. El propietario puede gestionar el negocio seg\u00fan sus necesidades y su visi\u00f3n. <\/p><p>Adem\u00e1s, el funcionamiento de las empresas individuales suele ser menos costoso que el de otras formas empresariales como las sociedades de responsabilidad limitada (SRL) o las sociedades an\u00f3nimas. Esto se debe, en parte, a que no se exige un capital m\u00ednimo y los costes administrativos son relativamente bajos. Los empresarios tambi\u00e9n pueden beneficiarse de un tratamiento fiscal favorable mediante deducciones para aut\u00f3nomos.  <\/p><h2>Desventajas de una empresa individual<\/h2><p>El propietario es personalmente responsable de todas las deudas de la empresa sin l\u00edmite alguno, lo que significa que los bienes personales pueden ser embargados si la empresa atraviesa dificultades financieras. La transmisi\u00f3n de las participaciones en la propiedad es m\u00e1s compleja que en las sociedades de capital. Al no existir una entidad jur\u00eddica diferenciada, la transmisi\u00f3n de una empresa individual implica la transmisi\u00f3n de los activos y pasivos de la empresa. El acceso a los mercados de capitales puede ser dif\u00edcil para las sociedades colectivas, incluidas las empresas individuales, ya que no ofrecen las mismas garant\u00edas que las sociedades de capital. La protecci\u00f3n empresarial se limita al territorio. La expansi\u00f3n al extranjero puede presentar obst\u00e1culos para una empresa individual. Inscribirse en el Registro Mercantil con el nombre del propietario significa que el anonimato no est\u00e1 protegido. Terceros pueden acceder f\u00e1cilmente a la informaci\u00f3n sobre la empresa y su propietario, lo que plantea riesgos para la privacidad y la seguridad. En conclusi\u00f3n, una empresa individual con arreglo a la legislaci\u00f3n suiza es una opci\u00f3n atractiva para los empresarios que deseen dirigir un negocio comercial, artesanal o por cuenta propia de forma independiente, debido a la sencillez de los tr\u00e1mites administrativos y la flexibilidad de gesti\u00f3n. Sin embargo, es importante tener en cuenta las desventajas. Se recomienda encarecidamente consultar a un abogado.          <\/p>\t\t\t\t\t\t\t\t<\/div>\n\t\t\t\t<\/div>\n\t\t\t\t\t<\/div>\n\t\t<\/div>\n\t\t\t\t\t<\/div>\n\t\t<\/section>\n\t\t\t\t<section class=\"elementor-section elementor-top-section elementor-element elementor-element-bfb3170 elementor-section-full_width elementor-section-height-min-height elementor-section-items-stretch elementor-section-content-middle elementor-section-height-default\" data-id=\"bfb3170\" data-element_type=\"section\" data-e-type=\"section\" data-settings=\"{&quot;background_background&quot;:&quot;classic&quot;}\">\n\t\t\t\t\t\t<div class=\"elementor-container elementor-column-gap-no\">\n\t\t\t\t\t<div class=\"elementor-column elementor-col-50 elementor-top-column elementor-element elementor-element-1f05a774\" data-id=\"1f05a774\" data-element_type=\"column\" data-e-type=\"column\" data-settings=\"{&quot;background_background&quot;:&quot;classic&quot;}\">\n\t\t\t<div class=\"elementor-widget-wrap elementor-element-populated\">\n\t\t\t\t\t\t<div class=\"elementor-element elementor-element-15393f6d elementor-widget elementor-widget-spacer\" data-id=\"15393f6d\" data-element_type=\"widget\" data-e-type=\"widget\" data-widget_type=\"spacer.default\">\n\t\t\t\t<div class=\"elementor-widget-container\">\n\t\t\t\t\t\t\t<div class=\"elementor-spacer\">\n\t\t\t<div class=\"elementor-spacer-inner\"><\/div>\n\t\t<\/div>\n\t\t\t\t\t\t<\/div>\n\t\t\t\t<\/div>\n\t\t\t\t\t<\/div>\n\t\t<\/div>\n\t\t\t\t<div class=\"elementor-column elementor-col-50 elementor-top-column elementor-element elementor-element-51fb7a1b\" data-id=\"51fb7a1b\" data-element_type=\"column\" data-e-type=\"column\" data-settings=\"{&quot;background_background&quot;:&quot;classic&quot;}\">\n\t\t\t<div class=\"elementor-widget-wrap elementor-element-populated\">\n\t\t\t\t\t\t<div class=\"elementor-element elementor-element-382aab13 elementor-widget elementor-widget-heading\" data-id=\"382aab13\" data-element_type=\"widget\" data-e-type=\"widget\" data-widget_type=\"heading.default\">\n\t\t\t\t<div class=\"elementor-widget-container\">\n\t\t\t\t\t<p class=\"elementor-heading-title elementor-size-default\">Consulta inicial  <\/p>\t\t\t\t<\/div>\n\t\t\t\t<\/div>\n\t\t\t\t<div class=\"elementor-element elementor-element-47aade38 elementor-widget elementor-widget-heading\" data-id=\"47aade38\" data-element_type=\"widget\" data-e-type=\"widget\" data-widget_type=\"heading.default\">\n\t\t\t\t<div class=\"elementor-widget-container\">\n\t\t\t\t\t<p class=\"elementor-heading-title elementor-size-default\">de 60 min a 220,00 CHF<\/p>\t\t\t\t<\/div>\n\t\t\t\t<\/div>\n\t\t\t\t<div class=\"elementor-element elementor-element-7a8cc16a elementor-widget elementor-widget-text-editor\" data-id=\"7a8cc16a\" data-element_type=\"widget\" data-e-type=\"widget\" data-widget_type=\"text-editor.default\">\n\t\t\t\t<div class=\"elementor-widget-container\">\n\t\t\t\t\t\t\t\t\tDiscute tu situaci\u00f3n con un abogado especializado en Suiza.\n\t\t\t\t\t\t\t\t<\/div>\n\t\t\t\t<\/div>\n\t\t\t\t<div class=\"elementor-element elementor-element-72bcbaf3 elementor-widget-divider--view-line elementor-widget elementor-widget-divider\" data-id=\"72bcbaf3\" data-element_type=\"widget\" data-e-type=\"widget\" data-widget_type=\"divider.default\">\n\t\t\t\t<div class=\"elementor-widget-container\">\n\t\t\t\t\t\t\t<div class=\"elementor-divider\">\n\t\t\t<span class=\"elementor-divider-separator\">\n\t\t\t\t\t\t<\/span>\n\t\t<\/div>\n\t\t\t\t\t\t<\/div>\n\t\t\t\t<\/div>\n\t\t\t\t<div class=\"elementor-element elementor-element-2e5c659f elementor-widget elementor-widget-text-editor\" data-id=\"2e5c659f\" data-element_type=\"widget\" data-e-type=\"widget\" data-widget_type=\"text-editor.default\">\n\t\t\t\t<div class=\"elementor-widget-container\">\n\t\t\t\t\t\t\t\t\t<p>\u00bfS\u00f3lo buscas una cita para hacer algunas preguntas?<br>\u00bfNo est\u00e1s seguro de los procedimientos que deseas realizar?<br>\u00bfTu situaci\u00f3n no est\u00e1 clara?<\/p><p><strong>Opta por una primera consulta con un abogado en Ginebra.<\/strong><\/p><p>Entonces decidir\u00e1s si quieres seguir adelante y nuestros abogados te dar\u00e1n el coste del procedimiento seg\u00fan tu caso. Citas disponibles en persona o por videoconferencia. <strong><br><\/strong><\/p>\t\t\t\t\t\t\t\t<\/div>\n\t\t\t\t<\/div>\n\t\t\t\t<div class=\"elementor-element elementor-element-cb91cb9 elementor-align-center elementor-widget elementor-widget-button\" data-id=\"cb91cb9\" data-element_type=\"widget\" data-e-type=\"widget\" data-widget_type=\"button.default\">\n\t\t\t\t<div class=\"elementor-widget-container\">\n\t\t\t\t\t\t\t\t\t<div class=\"elementor-button-wrapper\">\n\t\t\t\t\t<a class=\"elementor-button elementor-button-link elementor-size-sm\" href=\"https:\/\/www.geneva-lawyers.com\/es\/contacto\/\">\n\t\t\t\t\t\t<span class=\"elementor-button-content-wrapper\">\n\t\t\t\t\t\t\t\t\t<span class=\"elementor-button-text\">Pide cita con un abogado<\/span>\n\t\t\t\t\t<\/span>\n\t\t\t\t\t<\/a>\n\t\t\t\t<\/div>\n\t\t\t\t\t\t\t\t<\/div>\n\t\t\t\t<\/div>\n\t\t\t\t\t<\/div>\n\t\t<\/div>\n\t\t\t\t\t<\/div>\n\t\t<\/section>\n\t\t\t\t<\/div>\n\t\t","protected":false},"excerpt":{"rendered":"<p>Pide cita con un abogado Negocios individuales en Suiza Una empresa individual, conocida como \u00abraison individuelle\u00bb en Suiza, es una estructura jur\u00eddica habitual para las empresas. A diferencia de otras formas jur\u00eddicas, como una sociedad an\u00f3nima o una sociedad de responsabilidad limitada, una empresa individual est\u00e1 dirigida por una sola persona, el empresario individual, que &#8230; <a title=\"Empresa individual\" class=\"read-more\" href=\"https:\/\/www.geneva-lawyers.com\/es\/empresa-individual\/\" aria-label=\"Leer m\u00e1s sobre Empresa individual\">Leer m\u00e1s<\/a><\/p>\n","protected":false},"author":1,"featured_media":0,"parent":0,"menu_order":0,"comment_status":"closed","ping_status":"closed","template":"elementor_header_footer","meta":{"_acf_changed":false,"_seopress_robots_primary_cat":"","_seopress_titles_title":"","_seopress_titles_desc":"","_seopress_robots_index":"","footnotes":""},"class_list":["post-31528","page","type-page","status-publish"],"acf":[],"_links":{"self":[{"href":"https:\/\/www.geneva-lawyers.com\/es\/wp-json\/wp\/v2\/pages\/31528","targetHints":{"allow":["GET"]}}],"collection":[{"href":"https:\/\/www.geneva-lawyers.com\/es\/wp-json\/wp\/v2\/pages"}],"about":[{"href":"https:\/\/www.geneva-lawyers.com\/es\/wp-json\/wp\/v2\/types\/page"}],"author":[{"embeddable":true,"href":"https:\/\/www.geneva-lawyers.com\/es\/wp-json\/wp\/v2\/users\/1"}],"replies":[{"embeddable":true,"href":"https:\/\/www.geneva-lawyers.com\/es\/wp-json\/wp\/v2\/comments?post=31528"}],"version-history":[{"count":6,"href":"https:\/\/www.geneva-lawyers.com\/es\/wp-json\/wp\/v2\/pages\/31528\/revisions"}],"predecessor-version":[{"id":34134,"href":"https:\/\/www.geneva-lawyers.com\/es\/wp-json\/wp\/v2\/pages\/31528\/revisions\/34134"}],"wp:attachment":[{"href":"https:\/\/www.geneva-lawyers.com\/es\/wp-json\/wp\/v2\/media?parent=31528"}],"curies":[{"name":"wp","href":"https:\/\/api.w.org\/{rel}","templated":true}]}}