{"id":31534,"date":"2024-05-27T09:16:16","date_gmt":"2024-05-27T07:16:16","guid":{"rendered":"https:\/\/www.geneva-lawyers.com\/sucursal-de-una-empresa-extranjera\/"},"modified":"2025-04-14T16:12:39","modified_gmt":"2025-04-14T14:12:39","slug":"sucursal-empresa-extranjera","status":"publish","type":"page","link":"https:\/\/www.geneva-lawyers.com\/es\/sucursal-empresa-extranjera\/","title":{"rendered":"Sucursal de una empresa extranjera"},"content":{"rendered":"\t\t<div data-elementor-type=\"wp-page\" data-elementor-id=\"31534\" class=\"elementor elementor-31534 elementor-29574\" data-elementor-post-type=\"page\">\n\t\t\t\t\t\t<section class=\"elementor-section elementor-top-section elementor-element elementor-element-60ed72c8 elementor-section-boxed elementor-section-height-default elementor-section-height-default\" data-id=\"60ed72c8\" data-element_type=\"section\" data-e-type=\"section\" data-settings=\"{&quot;background_background&quot;:&quot;classic&quot;}\">\n\t\t\t\t\t\t\t<div class=\"elementor-background-overlay\"><\/div>\n\t\t\t\t\t\t\t<div class=\"elementor-container elementor-column-gap-default\">\n\t\t\t\t\t<div class=\"elementor-column elementor-col-100 elementor-top-column elementor-element elementor-element-2a506ff0\" data-id=\"2a506ff0\" data-element_type=\"column\" data-e-type=\"column\">\n\t\t\t<div class=\"elementor-widget-wrap elementor-element-populated\">\n\t\t\t\t\t\t<div class=\"elementor-element elementor-element-19376c1e elementor-widget-divider--view-line elementor-widget elementor-widget-divider\" data-id=\"19376c1e\" data-element_type=\"widget\" data-e-type=\"widget\" data-widget_type=\"divider.default\">\n\t\t\t\t<div class=\"elementor-widget-container\">\n\t\t\t\t\t\t\t<div class=\"elementor-divider\">\n\t\t\t<span class=\"elementor-divider-separator\">\n\t\t\t\t\t\t<\/span>\n\t\t<\/div>\n\t\t\t\t\t\t<\/div>\n\t\t\t\t<\/div>\n\t\t\t\t<div class=\"elementor-element elementor-element-1d1c0adf elementor-align-center elementor-widget elementor-widget-button\" data-id=\"1d1c0adf\" data-element_type=\"widget\" data-e-type=\"widget\" data-widget_type=\"button.default\">\n\t\t\t\t<div class=\"elementor-widget-container\">\n\t\t\t\t\t\t\t\t\t<div class=\"elementor-button-wrapper\">\n\t\t\t\t\t<a class=\"elementor-button elementor-button-link elementor-size-sm\" href=\"https:\/\/www.geneva-lawyers.com\/es\/contacto\/\">\n\t\t\t\t\t\t<span class=\"elementor-button-content-wrapper\">\n\t\t\t\t\t\t\t\t\t<span class=\"elementor-button-text\">Pide cita con un abogado<\/span>\n\t\t\t\t\t<\/span>\n\t\t\t\t\t<\/a>\n\t\t\t\t<\/div>\n\t\t\t\t\t\t\t\t<\/div>\n\t\t\t\t<\/div>\n\t\t\t\t\t<\/div>\n\t\t<\/div>\n\t\t\t\t\t<\/div>\n\t\t<\/section>\n\t\t\t\t<section class=\"elementor-section elementor-top-section elementor-element elementor-element-17034aa1 elementor-section-boxed elementor-section-height-default elementor-section-height-default\" data-id=\"17034aa1\" data-element_type=\"section\" data-e-type=\"section\">\n\t\t\t\t\t\t<div class=\"elementor-container elementor-column-gap-default\">\n\t\t\t\t\t<div class=\"elementor-column elementor-col-100 elementor-top-column elementor-element elementor-element-1218e03c\" data-id=\"1218e03c\" data-element_type=\"column\" data-e-type=\"column\">\n\t\t\t<div class=\"elementor-widget-wrap elementor-element-populated\">\n\t\t\t\t\t\t<div class=\"elementor-element elementor-element-2848bc61 elementor-widget elementor-widget-heading\" data-id=\"2848bc61\" data-element_type=\"widget\" data-e-type=\"widget\" data-widget_type=\"heading.default\">\n\t\t\t\t<div class=\"elementor-widget-container\">\n\t\t\t\t\t<h2 class=\"elementor-heading-title elementor-size-default\">Sucursal de una empresa extranjera en Suiza<\/h2>\t\t\t\t<\/div>\n\t\t\t\t<\/div>\n\t\t\t\t<div class=\"elementor-element elementor-element-3d3bd6fd elementor-widget-divider--view-line elementor-widget elementor-widget-divider\" data-id=\"3d3bd6fd\" data-element_type=\"widget\" data-e-type=\"widget\" data-widget_type=\"divider.default\">\n\t\t\t\t<div class=\"elementor-widget-container\">\n\t\t\t\t\t\t\t<div class=\"elementor-divider\">\n\t\t\t<span class=\"elementor-divider-separator\">\n\t\t\t\t\t\t<\/span>\n\t\t<\/div>\n\t\t\t\t\t\t<\/div>\n\t\t\t\t<\/div>\n\t\t\t\t<div class=\"elementor-element elementor-element-28a63075 elementor-widget elementor-widget-text-editor\" data-id=\"28a63075\" data-element_type=\"widget\" data-e-type=\"widget\" data-widget_type=\"text-editor.default\">\n\t\t\t\t<div class=\"elementor-widget-container\">\n\t\t\t\t\t\t\t\t\t<p>Cuando una empresa extranjera desea hacer negocios en Suiza, tiene la opci\u00f3n de establecer una sucursal en el pa\u00eds. Una sucursal es un establecimiento comercial que opera sin ser considerado una entidad jur\u00eddica distinta de su empresa principal. Por tanto, la forma jur\u00eddica de la sucursal es similar a la de la empresa principal. Este texto examina las principales caracter\u00edsticas de una sucursal en Suiza, incluidos los procedimientos de establecimiento, la gesti\u00f3n, las obligaciones jur\u00eddicas y fiscales, el proceso de disoluci\u00f3n y las ventajas e inconvenientes de este tipo de estructura.   <\/p><h2>Establecimiento y gesti\u00f3n de una sucursal de una empresa extranjera<\/h2><p>Establecer una sucursal en Suiza implica varios pasos y formalidades. En primer lugar, la empresa extranjera debe nombrar a un representante en Suiza para que act\u00fae en su nombre y gestione los asuntos de la sucursal. No es necesario que el representante tenga nacionalidad suiza, pero debe estar domiciliado en Suiza. A continuaci\u00f3n, la empresa extranjera debe inscribirse en el Registro Mercantil suizo, aportando documentos como los estatutos de la empresa, un extracto del registro mercantil extranjero y un poder que autorice al representante suizo a actuar en su nombre (art\u00edculos 113-114 ORC).   <\/p><p>La gesti\u00f3n de una sucursal suiza se rige por las normas establecidas por la empresa extranjera. La empresa puede determinar el poder de decisi\u00f3n del representante suizo, gestionar las cuentas bancarias y asignar tareas dentro de la sucursal. Tambi\u00e9n es posible que la empresa extranjera nombre un consejo de administraci\u00f3n para la sucursal suiza, lo que puede facilitar la toma de decisiones importantes.  <\/p><h2>Obligaciones legales y fiscales<\/h2><p>Una sucursal suiza est\u00e1 sujeta a las mismas obligaciones legales y fiscales que una empresa local. Esto incluye llevar una contabilidad conforme a las normas suizas, presentar declaraciones fiscales anuales y pagar impuestos sobre los beneficios generados en Suiza. La sucursal tambi\u00e9n debe cumplir las leyes y reglamentos suizos, en particular los relacionados con la protecci\u00f3n de los trabajadores y la seguridad en el lugar de trabajo.  <\/p><p>La sucursal est\u00e1 sujeta a la fiscalidad suiza, lo que puede complicar la optimizaci\u00f3n fiscal, ya que las autoridades fiscales tienen una visi\u00f3n general de las actividades de la empresa matriz en Suiza.<\/p><h2>Disoluci\u00f3n<\/h2><p>La disoluci\u00f3n de una sucursal suiza de una empresa extranjera es posible y puede llevarse a cabo seg\u00fan procedimientos legales espec\u00edficos. Estos procedimientos var\u00edan en funci\u00f3n de la forma jur\u00eddica de la sucursal y de la elecci\u00f3n de la empresa extranjera de disolver la sucursal. El proceso de disoluci\u00f3n es similar al de creaci\u00f3n e implica el cierre de las cuentas, el pago de las deudas y los impuestos, y la baja de la sucursal en el registro mercantil (art\u00edculo 115 ORC). Los representantes de la sucursal deben presentar una solicitud de baja en el registro mercantil y aportar documentos que justifiquen la disoluci\u00f3n. Si se da de baja a la empresa matriz, la sucursal se da de baja autom\u00e1ticamente.    <\/p><h2>Ventajas<\/h2><p>Establecer una sucursal suiza de una empresa extranjera puede ofrecer varias ventajas, como el acceso al mercado suizo. Al crear una sucursal en Suiza, una empresa extranjera puede entrar en uno de los mercados m\u00e1s estables y pr\u00f3speros del mundo. Tener una sucursal en Suiza tambi\u00e9n puede mejorar la imagen de marca de la empresa extranjera, ya que Suiza es conocida por sus altos niveles de calidad y de cumplimiento de las normas y reglamentos. Adem\u00e1s, las sucursales suizas pueden beneficiarse de tipos impositivos atractivos y otros incentivos fiscales, como los destinados a actividades de investigaci\u00f3n y desarrollo. La sucursal puede organizarse para satisfacer las necesidades espec\u00edficas de la empresa extranjera y sus clientes.    <\/p><h2>Desventajas<\/h2><p>Crear una sucursal en Suiza puede ser costoso debido a las tasas de constituci\u00f3n, los costes administrativos y los gastos de personal. Adem\u00e1s, las sucursales se consideran extensiones de la empresa matriz y no son entidades jur\u00eddicas independientes. Esto significa que la empresa matriz puede ser considerada responsable de todas las actividades y deudas de la sucursal suiza. Las fluctuaciones monetarias tambi\u00e9n pueden afectar a la rentabilidad de la sucursal. Adem\u00e1s, las empresas extranjeras que operan en Suiza pueden enfrentarse a conflictos entre la legislaci\u00f3n suiza y las leyes del pa\u00eds de origen de la empresa. Por \u00faltimo, Suiza es un mercado muy competitivo, con muchas empresas locales e internacionales.     <\/p><p>Establecer una sucursal en Suiza para una empresa extranjera puede ofrecer ventajas e inconvenientes. Las empresas deben sopesar estos factores y seguir los procedimientos necesarios en colaboraci\u00f3n con profesionales locales para garantizar el cumplimiento legal. Es muy recomendable que las empresas extranjeras consulten a un abogado para obtener asesoramiento personalizado sobre los pasos que deben dar al crear una sucursal en Suiza.  <\/p>\t\t\t\t\t\t\t\t<\/div>\n\t\t\t\t<\/div>\n\t\t\t\t\t<\/div>\n\t\t<\/div>\n\t\t\t\t\t<\/div>\n\t\t<\/section>\n\t\t\t\t<section class=\"elementor-section elementor-top-section elementor-element elementor-element-15f0d050 elementor-section-full_width elementor-section-height-min-height elementor-section-items-stretch elementor-section-content-middle elementor-section-height-default\" data-id=\"15f0d050\" data-element_type=\"section\" data-e-type=\"section\" data-settings=\"{&quot;background_background&quot;:&quot;classic&quot;}\">\n\t\t\t\t\t\t<div class=\"elementor-container elementor-column-gap-no\">\n\t\t\t\t\t<div class=\"elementor-column elementor-col-50 elementor-top-column elementor-element elementor-element-28b05e64\" data-id=\"28b05e64\" data-element_type=\"column\" data-e-type=\"column\" data-settings=\"{&quot;background_background&quot;:&quot;classic&quot;}\">\n\t\t\t<div class=\"elementor-widget-wrap elementor-element-populated\">\n\t\t\t\t\t\t<div class=\"elementor-element elementor-element-6fc2b97f elementor-widget elementor-widget-spacer\" data-id=\"6fc2b97f\" data-element_type=\"widget\" data-e-type=\"widget\" data-widget_type=\"spacer.default\">\n\t\t\t\t<div class=\"elementor-widget-container\">\n\t\t\t\t\t\t\t<div class=\"elementor-spacer\">\n\t\t\t<div class=\"elementor-spacer-inner\"><\/div>\n\t\t<\/div>\n\t\t\t\t\t\t<\/div>\n\t\t\t\t<\/div>\n\t\t\t\t\t<\/div>\n\t\t<\/div>\n\t\t\t\t<div class=\"elementor-column elementor-col-50 elementor-top-column elementor-element elementor-element-2077d7d2\" data-id=\"2077d7d2\" data-element_type=\"column\" data-e-type=\"column\" data-settings=\"{&quot;background_background&quot;:&quot;classic&quot;}\">\n\t\t\t<div class=\"elementor-widget-wrap elementor-element-populated\">\n\t\t\t\t\t\t<div class=\"elementor-element elementor-element-6088915d elementor-widget elementor-widget-heading\" data-id=\"6088915d\" data-element_type=\"widget\" data-e-type=\"widget\" data-widget_type=\"heading.default\">\n\t\t\t\t<div class=\"elementor-widget-container\">\n\t\t\t\t\t<p class=\"elementor-heading-title elementor-size-default\">Consulta inicial  <\/p>\t\t\t\t<\/div>\n\t\t\t\t<\/div>\n\t\t\t\t<div class=\"elementor-element elementor-element-454cb792 elementor-widget elementor-widget-heading\" data-id=\"454cb792\" data-element_type=\"widget\" data-e-type=\"widget\" data-widget_type=\"heading.default\">\n\t\t\t\t<div class=\"elementor-widget-container\">\n\t\t\t\t\t<p class=\"elementor-heading-title elementor-size-default\">de 60 min a 220,00 CHF<\/p>\t\t\t\t<\/div>\n\t\t\t\t<\/div>\n\t\t\t\t<div class=\"elementor-element elementor-element-275d8e73 elementor-widget elementor-widget-text-editor\" data-id=\"275d8e73\" data-element_type=\"widget\" data-e-type=\"widget\" data-widget_type=\"text-editor.default\">\n\t\t\t\t<div class=\"elementor-widget-container\">\n\t\t\t\t\t\t\t\t\tDiscute tu situaci\u00f3n con un abogado especializado en Suiza.\n\t\t\t\t\t\t\t\t<\/div>\n\t\t\t\t<\/div>\n\t\t\t\t<div class=\"elementor-element elementor-element-62d1a2dc elementor-widget-divider--view-line elementor-widget elementor-widget-divider\" data-id=\"62d1a2dc\" data-element_type=\"widget\" data-e-type=\"widget\" data-widget_type=\"divider.default\">\n\t\t\t\t<div class=\"elementor-widget-container\">\n\t\t\t\t\t\t\t<div class=\"elementor-divider\">\n\t\t\t<span class=\"elementor-divider-separator\">\n\t\t\t\t\t\t<\/span>\n\t\t<\/div>\n\t\t\t\t\t\t<\/div>\n\t\t\t\t<\/div>\n\t\t\t\t<div class=\"elementor-element elementor-element-5d85f024 elementor-widget elementor-widget-text-editor\" data-id=\"5d85f024\" data-element_type=\"widget\" data-e-type=\"widget\" data-widget_type=\"text-editor.default\">\n\t\t\t\t<div class=\"elementor-widget-container\">\n\t\t\t\t\t\t\t\t\t<p>\u00bfS\u00f3lo buscas una cita para hacer algunas preguntas?<br>\u00bfNo est\u00e1s seguro de los procedimientos que deseas realizar?<br>\u00bfTu situaci\u00f3n no est\u00e1 clara?<\/p><p><strong>Opta por una primera consulta con un abogado en Ginebra.<\/strong><\/p><p>Entonces decidir\u00e1s si quieres seguir adelante y nuestros abogados te dar\u00e1n el coste del procedimiento seg\u00fan tu caso. Citas disponibles en persona o por videoconferencia. <strong><br><\/strong><\/p>\t\t\t\t\t\t\t\t<\/div>\n\t\t\t\t<\/div>\n\t\t\t\t<div class=\"elementor-element elementor-element-3f860feb elementor-align-center elementor-widget elementor-widget-button\" data-id=\"3f860feb\" data-element_type=\"widget\" data-e-type=\"widget\" data-widget_type=\"button.default\">\n\t\t\t\t<div class=\"elementor-widget-container\">\n\t\t\t\t\t\t\t\t\t<div class=\"elementor-button-wrapper\">\n\t\t\t\t\t<a class=\"elementor-button elementor-button-link elementor-size-sm\" href=\"https:\/\/www.geneva-lawyers.com\/es\/contacto\/\">\n\t\t\t\t\t\t<span class=\"elementor-button-content-wrapper\">\n\t\t\t\t\t\t\t\t\t<span class=\"elementor-button-text\">Pide cita con un abogado<\/span>\n\t\t\t\t\t<\/span>\n\t\t\t\t\t<\/a>\n\t\t\t\t<\/div>\n\t\t\t\t\t\t\t\t<\/div>\n\t\t\t\t<\/div>\n\t\t\t\t\t<\/div>\n\t\t<\/div>\n\t\t\t\t\t<\/div>\n\t\t<\/section>\n\t\t\t\t<\/div>\n\t\t","protected":false},"excerpt":{"rendered":"<p>Pide cita con un abogado Sucursal de una empresa extranjera en Suiza Cuando una empresa extranjera desea hacer negocios en Suiza, tiene la opci\u00f3n de establecer una sucursal en el pa\u00eds. Una sucursal es un establecimiento comercial que opera sin ser considerado una entidad jur\u00eddica distinta de su empresa principal. Por tanto, la forma jur\u00eddica &#8230; <a title=\"Sucursal de una empresa extranjera\" class=\"read-more\" href=\"https:\/\/www.geneva-lawyers.com\/es\/sucursal-empresa-extranjera\/\" aria-label=\"Leer m\u00e1s sobre Sucursal de una empresa extranjera\">Leer m\u00e1s<\/a><\/p>\n","protected":false},"author":1,"featured_media":0,"parent":0,"menu_order":0,"comment_status":"closed","ping_status":"closed","template":"elementor_header_footer","meta":{"_acf_changed":false,"_seopress_robots_primary_cat":"","_seopress_titles_title":"","_seopress_titles_desc":"","_seopress_robots_index":"","footnotes":""},"class_list":["post-31534","page","type-page","status-publish"],"acf":[],"_links":{"self":[{"href":"https:\/\/www.geneva-lawyers.com\/es\/wp-json\/wp\/v2\/pages\/31534","targetHints":{"allow":["GET"]}}],"collection":[{"href":"https:\/\/www.geneva-lawyers.com\/es\/wp-json\/wp\/v2\/pages"}],"about":[{"href":"https:\/\/www.geneva-lawyers.com\/es\/wp-json\/wp\/v2\/types\/page"}],"author":[{"embeddable":true,"href":"https:\/\/www.geneva-lawyers.com\/es\/wp-json\/wp\/v2\/users\/1"}],"replies":[{"embeddable":true,"href":"https:\/\/www.geneva-lawyers.com\/es\/wp-json\/wp\/v2\/comments?post=31534"}],"version-history":[{"count":6,"href":"https:\/\/www.geneva-lawyers.com\/es\/wp-json\/wp\/v2\/pages\/31534\/revisions"}],"predecessor-version":[{"id":34222,"href":"https:\/\/www.geneva-lawyers.com\/es\/wp-json\/wp\/v2\/pages\/31534\/revisions\/34222"}],"wp:attachment":[{"href":"https:\/\/www.geneva-lawyers.com\/es\/wp-json\/wp\/v2\/media?parent=31534"}],"curies":[{"name":"wp","href":"https:\/\/api.w.org\/{rel}","templated":true}]}}