{"id":31536,"date":"2024-05-27T08:37:38","date_gmt":"2024-05-27T06:37:38","guid":{"rendered":"https:\/\/www.geneva-lawyers.com\/sociedad-de-responsabilidad-limitada\/"},"modified":"2025-04-14T15:39:35","modified_gmt":"2025-04-14T13:39:35","slug":"sociedad-responsabilidad-limitada","status":"publish","type":"page","link":"https:\/\/www.geneva-lawyers.com\/es\/sociedad-responsabilidad-limitada\/","title":{"rendered":"Sociedad de Responsabilidad Limitada"},"content":{"rendered":"\t\t<div data-elementor-type=\"wp-page\" data-elementor-id=\"31536\" class=\"elementor elementor-31536 elementor-29534\" data-elementor-post-type=\"page\">\n\t\t\t\t\t\t<section class=\"elementor-section elementor-top-section elementor-element elementor-element-2e9183d8 elementor-section-boxed elementor-section-height-default elementor-section-height-default\" data-id=\"2e9183d8\" data-element_type=\"section\" data-e-type=\"section\" data-settings=\"{&quot;background_background&quot;:&quot;classic&quot;}\">\n\t\t\t\t\t\t\t<div class=\"elementor-background-overlay\"><\/div>\n\t\t\t\t\t\t\t<div class=\"elementor-container elementor-column-gap-default\">\n\t\t\t\t\t<div class=\"elementor-column elementor-col-100 elementor-top-column elementor-element elementor-element-393262e0\" data-id=\"393262e0\" data-element_type=\"column\" data-e-type=\"column\">\n\t\t\t<div class=\"elementor-widget-wrap elementor-element-populated\">\n\t\t\t\t\t\t<div class=\"elementor-element elementor-element-1df55451 elementor-widget-divider--view-line elementor-widget elementor-widget-divider\" data-id=\"1df55451\" data-element_type=\"widget\" data-e-type=\"widget\" data-widget_type=\"divider.default\">\n\t\t\t\t<div class=\"elementor-widget-container\">\n\t\t\t\t\t\t\t<div class=\"elementor-divider\">\n\t\t\t<span class=\"elementor-divider-separator\">\n\t\t\t\t\t\t<\/span>\n\t\t<\/div>\n\t\t\t\t\t\t<\/div>\n\t\t\t\t<\/div>\n\t\t\t\t<div class=\"elementor-element elementor-element-6808b1ec elementor-align-center elementor-widget elementor-widget-button\" data-id=\"6808b1ec\" data-element_type=\"widget\" data-e-type=\"widget\" data-widget_type=\"button.default\">\n\t\t\t\t<div class=\"elementor-widget-container\">\n\t\t\t\t\t\t\t\t\t<div class=\"elementor-button-wrapper\">\n\t\t\t\t\t<a class=\"elementor-button elementor-button-link elementor-size-sm\" href=\"https:\/\/www.geneva-lawyers.com\/es\/contacto\/\">\n\t\t\t\t\t\t<span class=\"elementor-button-content-wrapper\">\n\t\t\t\t\t\t\t\t\t<span class=\"elementor-button-text\">Pide cita con un abogado<\/span>\n\t\t\t\t\t<\/span>\n\t\t\t\t\t<\/a>\n\t\t\t\t<\/div>\n\t\t\t\t\t\t\t\t<\/div>\n\t\t\t\t<\/div>\n\t\t\t\t\t<\/div>\n\t\t<\/div>\n\t\t\t\t\t<\/div>\n\t\t<\/section>\n\t\t\t\t<section class=\"elementor-section elementor-top-section elementor-element elementor-element-c394c46 elementor-section-boxed elementor-section-height-default elementor-section-height-default\" data-id=\"c394c46\" data-element_type=\"section\" data-e-type=\"section\">\n\t\t\t\t\t\t<div class=\"elementor-container elementor-column-gap-default\">\n\t\t\t\t\t<div class=\"elementor-column elementor-col-100 elementor-top-column elementor-element elementor-element-639dc2f\" data-id=\"639dc2f\" data-element_type=\"column\" data-e-type=\"column\">\n\t\t\t<div class=\"elementor-widget-wrap elementor-element-populated\">\n\t\t\t\t\t\t<div class=\"elementor-element elementor-element-29b17bb elementor-widget elementor-widget-heading\" data-id=\"29b17bb\" data-element_type=\"widget\" data-e-type=\"widget\" data-widget_type=\"heading.default\">\n\t\t\t\t<div class=\"elementor-widget-container\">\n\t\t\t\t\t<h2 class=\"elementor-heading-title elementor-size-default\">La Sociedad de Responsabilidad Limitada (S\u00e0rl)<\/h2>\t\t\t\t<\/div>\n\t\t\t\t<\/div>\n\t\t\t\t<div class=\"elementor-element elementor-element-37ffd6b elementor-widget-divider--view-line elementor-widget elementor-widget-divider\" data-id=\"37ffd6b\" data-element_type=\"widget\" data-e-type=\"widget\" data-widget_type=\"divider.default\">\n\t\t\t\t<div class=\"elementor-widget-container\">\n\t\t\t\t\t\t\t<div class=\"elementor-divider\">\n\t\t\t<span class=\"elementor-divider-separator\">\n\t\t\t\t\t\t<\/span>\n\t\t<\/div>\n\t\t\t\t\t\t<\/div>\n\t\t\t\t<\/div>\n\t\t\t\t<div class=\"elementor-element elementor-element-3a82dcfb elementor-widget elementor-widget-text-editor\" data-id=\"3a82dcfb\" data-element_type=\"widget\" data-e-type=\"widget\" data-widget_type=\"text-editor.default\">\n\t\t\t\t<div class=\"elementor-widget-container\">\n\t\t\t\t\t\t\t\t\t<p>La Soci\u00e9t\u00e9 \u00e0 Responsabilit\u00e9 Limit\u00e9e (S\u00e0rl) es una estructura jur\u00eddica muy popular para las peque\u00f1as y medianas empresas (PYMES) en Suiza. Esta forma de empresa ofrece flexibilidad y se adapta bien a las necesidades de los empresarios, con una responsabilidad limitada a las aportaciones realizadas por sus miembros. Este art\u00edculo ofrece una visi\u00f3n detallada de las caracter\u00edsticas, ventajas y obligaciones asociadas a una S\u00e0rl seg\u00fan la legislaci\u00f3n suiza, as\u00ed como los pasos clave para crear y gestionar una empresa de este tipo en Suiza.  <\/p><h2>Caracter\u00edsticas de una S\u00e0rl seg\u00fan la legislaci\u00f3n suiza<\/h2><h3>Personalidad jur\u00eddica<\/h3><p>Una S\u00e0rl es una entidad jur\u00eddica independiente de sus miembros, lo que le confiere personalidad jur\u00eddica propia. Esto permite a la empresa adquirir derechos y obligaciones, poseer bienes y emprender acciones legales. <\/p><h3>Capital social<\/h3><p>El capital social m\u00ednimo de una S\u00e0rl en Suiza es de 20.000 CHF, que debe estar totalmente desembolsado en el momento de la constituci\u00f3n de la empresa. El capital social se divide en acciones con un valor nominal de al menos 100 CHF. Tambi\u00e9n se permiten las aportaciones en especie, siempre que las valore un auditor autorizado y se especifiquen en los estatutos de la empresa.  <\/p><h3>Miembros<\/h3><p>Una S\u00e0rl puede ser constituida por una o varias personas f\u00edsicas o jur\u00eddicas, suizas o extranjeras. Los socios s\u00f3lo responden de las deudas de la sociedad hasta el importe de sus aportaciones, lo que limita su responsabilidad personal. <\/p><h3>\u00d3rgano de gesti\u00f3n<\/h3><p>La gesti\u00f3n de una S\u00e0rl la llevan a cabo uno o varios gestores, que pueden ser socios o terceros. Estos gestores est\u00e1n inscritos en el Registro Mercantil y tienen autoridad para representar a la sociedad en sus relaciones con terceros. <\/p><h2>Ventajas de una S\u00e0rl seg\u00fan la legislaci\u00f3n suiza<\/h2><h3>Responsabilidad limitada<\/h3><p>Una de las principales ventajas de una S\u00e0rl es la limitaci\u00f3n de la responsabilidad de los socios a sus aportaciones. En caso de quiebra o endeudamiento, el patrimonio personal de los socios est\u00e1 protegido, siempre que no hayan actuado de forma fraudulenta o negligente. <\/p><h3>Flexibilidad<\/h3><p>Una S\u00e0rl ofrece una gran flexibilidad en t\u00e9rminos de gobierno y toma de decisiones. Los estatutos pueden incluir normas espec\u00edficas sobre la distribuci\u00f3n de beneficios, la transmisi\u00f3n de acciones o los poderes de los directivos, lo que permite adaptar la empresa a las necesidades de los socios. <\/p><h3>Credibilidad<\/h3><p>A menudo se considera que una S\u00e0rl es una estructura m\u00e1s seria y profesional que una empresa individual, que puede facilitar el acceso al cr\u00e9dito y a socios comerciales.<\/p><h2>Obligaciones de una S\u00e0rl seg\u00fan la legislaci\u00f3n suiza<\/h2><h3>Contabilidad<\/h3><p>Las S\u00e0rls deben llevar una contabilidad conforme a las normas suizas, que incluya un balance, una cuenta de resultados y notas. Estos registros deben conservarse durante los 10 a\u00f1os siguientes al cierre del ejercicio. Las S\u00e0rls tambi\u00e9n deben someter sus cuentas a la auditor\u00eda de un auditor autorizado si superan determinados umbrales en t\u00e9rminos de ingresos, total del balance o plantilla.  <\/p><h3>Asamblea General<\/h3><p>Debe celebrarse una asamblea general anual de socios para aprobar las cuentas, nombrar a los administradores y tomar otras decisiones importantes. Los estatutos pueden estipular normas adicionales sobre convocatorias, qu\u00f3rum y mayor\u00edas. <\/p><h3>Registro mercantil<\/h3><p>Una S\u00e0rl debe inscribirse en el Registro Mercantil suizo, que hace p\u00fablica cierta informaci\u00f3n, como el nombre de la empresa, el domicilio social, el capital social, los administradores y los socios. Los cambios posteriores, como la transferencia de acciones o los cambios en la direcci\u00f3n, tambi\u00e9n deben declararse al Registro Mercantil. <\/p><h2>Crear una S\u00e0rl seg\u00fan la legislaci\u00f3n suiza<\/h2><h3>Redacci\u00f3n de los estatutos<\/h3><p>Los estatutos establecen las normas de gobierno y funcionamiento de la empresa. Deben estar redactados y firmados por todos los miembros. <\/p><h3>Aportaci\u00f3n de capital<\/h3><p>Los miembros deben aportar el capital social m\u00ednimo de 20.000 CHF, en met\u00e1lico o en especie. Las aportaciones en especie deben ser tasadas por un auditor autorizado. <\/p><h3>Inscripci\u00f3n en el registro mercantil<\/h3><p>Una vez firmados los estatutos y aportado el capital, la S\u00e0rl debe inscribirse en el Registro Mercantil. De este proceso suele encargarse un notario, que se asegura de que los estatutos cumplen los requisitos legales y de que la constituci\u00f3n de la empresa es legal. <\/p><h2>Gestionar una S\u00e0rl seg\u00fan la legislaci\u00f3n suiza<\/h2><h3>Contabilidad y fiscalidad<\/h3><p>Una S\u00e0rl debe llevar contabilidad y presentar declaraciones fiscales ante las autoridades cantonales y federales. Est\u00e1 sujeta al impuesto de sociedades y al impuesto sobre el capital, as\u00ed como al IVA si su volumen de negocios anual supera los 100.000 CHF. <\/p><h3>Relaciones laborales<\/h3><p>Si una S\u00e0rl emplea personal, debe cumplir la legislaci\u00f3n laboral suiza, incluidos los requisitos sobre salario m\u00ednimo, permisos retribuidos, jornada laboral y condiciones de despido. La empresa tambi\u00e9n debe contribuir a los reg\u00edmenes de seguridad social de sus empleados y cumplir la normativa sobre salud y seguridad. <\/p><h3>Transferencia de acciones<\/h3><p>La transmisi\u00f3n de acciones de una S\u00e0rl est\u00e1 sujeta a determinadas condiciones, como la aprobaci\u00f3n de los dem\u00e1s socios o la inscripci\u00f3n en el Registro Mercantil. Los estatutos pueden incluir cl\u00e1usulas espec\u00edficas para facilitar o restringir la transmisi\u00f3n de acciones. <\/p><p>Una S\u00e0rl es una estructura jur\u00eddica atractiva para los empresarios en Suiza por su flexibilidad, responsabilidad limitada y credibilidad. Sin embargo, tambi\u00e9n conlleva ciertas obligaciones, sobre todo en materia de contabilidad, fiscalidad y gobernanza. Antes de constituir una S\u00e0rl, es esencial comprender bien sus caracter\u00edsticas e implicaciones jur\u00eddicas y pedir asesoramiento a un abogado o notario especializado en derecho suizo para obtener orientaci\u00f3n personalizada. Una vez creada la S\u00e0rl, una gesti\u00f3n diligente y un buen conocimiento de las obligaciones legales garantizar\u00e1n el \u00e9xito y la longevidad de la empresa.   <\/p>\t\t\t\t\t\t\t\t<\/div>\n\t\t\t\t<\/div>\n\t\t\t\t\t<\/div>\n\t\t<\/div>\n\t\t\t\t\t<\/div>\n\t\t<\/section>\n\t\t\t\t<section class=\"elementor-section elementor-top-section elementor-element elementor-element-57bf821c elementor-section-full_width elementor-section-height-min-height elementor-section-items-stretch elementor-section-content-middle elementor-section-height-default\" data-id=\"57bf821c\" data-element_type=\"section\" data-e-type=\"section\" data-settings=\"{&quot;background_background&quot;:&quot;classic&quot;}\">\n\t\t\t\t\t\t<div class=\"elementor-container elementor-column-gap-no\">\n\t\t\t\t\t<div class=\"elementor-column elementor-col-50 elementor-top-column elementor-element elementor-element-67837b02\" data-id=\"67837b02\" data-element_type=\"column\" data-e-type=\"column\" data-settings=\"{&quot;background_background&quot;:&quot;classic&quot;}\">\n\t\t\t<div class=\"elementor-widget-wrap elementor-element-populated\">\n\t\t\t\t\t\t<div class=\"elementor-element elementor-element-59b62d8d elementor-widget elementor-widget-spacer\" data-id=\"59b62d8d\" data-element_type=\"widget\" data-e-type=\"widget\" data-widget_type=\"spacer.default\">\n\t\t\t\t<div class=\"elementor-widget-container\">\n\t\t\t\t\t\t\t<div class=\"elementor-spacer\">\n\t\t\t<div class=\"elementor-spacer-inner\"><\/div>\n\t\t<\/div>\n\t\t\t\t\t\t<\/div>\n\t\t\t\t<\/div>\n\t\t\t\t\t<\/div>\n\t\t<\/div>\n\t\t\t\t<div class=\"elementor-column elementor-col-50 elementor-top-column elementor-element elementor-element-1fd4ea06\" data-id=\"1fd4ea06\" data-element_type=\"column\" data-e-type=\"column\" data-settings=\"{&quot;background_background&quot;:&quot;classic&quot;}\">\n\t\t\t<div class=\"elementor-widget-wrap elementor-element-populated\">\n\t\t\t\t\t\t<div class=\"elementor-element elementor-element-3fc360c8 elementor-widget elementor-widget-heading\" data-id=\"3fc360c8\" data-element_type=\"widget\" data-e-type=\"widget\" data-widget_type=\"heading.default\">\n\t\t\t\t<div class=\"elementor-widget-container\">\n\t\t\t\t\t<p class=\"elementor-heading-title elementor-size-default\">Consulta inicial  <\/p>\t\t\t\t<\/div>\n\t\t\t\t<\/div>\n\t\t\t\t<div class=\"elementor-element elementor-element-32f93b37 elementor-widget elementor-widget-heading\" data-id=\"32f93b37\" data-element_type=\"widget\" data-e-type=\"widget\" data-widget_type=\"heading.default\">\n\t\t\t\t<div class=\"elementor-widget-container\">\n\t\t\t\t\t<p class=\"elementor-heading-title elementor-size-default\">de 60 min a 220,00 CHF<\/p>\t\t\t\t<\/div>\n\t\t\t\t<\/div>\n\t\t\t\t<div class=\"elementor-element elementor-element-6f7165cb elementor-widget elementor-widget-text-editor\" data-id=\"6f7165cb\" data-element_type=\"widget\" data-e-type=\"widget\" data-widget_type=\"text-editor.default\">\n\t\t\t\t<div class=\"elementor-widget-container\">\n\t\t\t\t\t\t\t\t\tDiscute tu situaci\u00f3n con un abogado especializado en Suiza.\n\t\t\t\t\t\t\t\t<\/div>\n\t\t\t\t<\/div>\n\t\t\t\t<div class=\"elementor-element elementor-element-716c947a elementor-widget-divider--view-line elementor-widget elementor-widget-divider\" data-id=\"716c947a\" data-element_type=\"widget\" data-e-type=\"widget\" data-widget_type=\"divider.default\">\n\t\t\t\t<div class=\"elementor-widget-container\">\n\t\t\t\t\t\t\t<div class=\"elementor-divider\">\n\t\t\t<span class=\"elementor-divider-separator\">\n\t\t\t\t\t\t<\/span>\n\t\t<\/div>\n\t\t\t\t\t\t<\/div>\n\t\t\t\t<\/div>\n\t\t\t\t<div class=\"elementor-element elementor-element-371592b7 elementor-widget elementor-widget-text-editor\" data-id=\"371592b7\" data-element_type=\"widget\" data-e-type=\"widget\" data-widget_type=\"text-editor.default\">\n\t\t\t\t<div class=\"elementor-widget-container\">\n\t\t\t\t\t\t\t\t\t<p>\u00bfS\u00f3lo buscas una cita para hacer algunas preguntas?<br>\u00bfNo est\u00e1s seguro de los procedimientos que deseas realizar?<br>\u00bfTu situaci\u00f3n no est\u00e1 clara?<\/p><p><strong>Opta por una primera consulta con un abogado en Ginebra.<\/strong><\/p><p>Entonces decidir\u00e1s si quieres seguir adelante y nuestros abogados te dar\u00e1n el coste del procedimiento seg\u00fan tu caso. Citas disponibles en persona o por videoconferencia. <strong><br><\/strong><\/p>\t\t\t\t\t\t\t\t<\/div>\n\t\t\t\t<\/div>\n\t\t\t\t<div class=\"elementor-element elementor-element-4f668133 elementor-align-center elementor-widget elementor-widget-button\" data-id=\"4f668133\" data-element_type=\"widget\" data-e-type=\"widget\" data-widget_type=\"button.default\">\n\t\t\t\t<div class=\"elementor-widget-container\">\n\t\t\t\t\t\t\t\t\t<div class=\"elementor-button-wrapper\">\n\t\t\t\t\t<a class=\"elementor-button elementor-button-link elementor-size-sm\" href=\"https:\/\/www.geneva-lawyers.com\/es\/contacto\/\">\n\t\t\t\t\t\t<span class=\"elementor-button-content-wrapper\">\n\t\t\t\t\t\t\t\t\t<span class=\"elementor-button-text\">Pide cita con un abogado<\/span>\n\t\t\t\t\t<\/span>\n\t\t\t\t\t<\/a>\n\t\t\t\t<\/div>\n\t\t\t\t\t\t\t\t<\/div>\n\t\t\t\t<\/div>\n\t\t\t\t\t<\/div>\n\t\t<\/div>\n\t\t\t\t\t<\/div>\n\t\t<\/section>\n\t\t\t\t<\/div>\n\t\t","protected":false},"excerpt":{"rendered":"<p>Pide cita con un abogado La Sociedad de Responsabilidad Limitada (S\u00e0rl) La Soci\u00e9t\u00e9 \u00e0 Responsabilit\u00e9 Limit\u00e9e (S\u00e0rl) es una estructura jur\u00eddica muy popular para las peque\u00f1as y medianas empresas (PYMES) en Suiza. Esta forma de empresa ofrece flexibilidad y se adapta bien a las necesidades de los empresarios, con una responsabilidad limitada a las aportaciones &#8230; <a title=\"Sociedad de Responsabilidad Limitada\" class=\"read-more\" href=\"https:\/\/www.geneva-lawyers.com\/es\/sociedad-responsabilidad-limitada\/\" aria-label=\"Leer m\u00e1s sobre Sociedad de Responsabilidad Limitada\">Leer m\u00e1s<\/a><\/p>\n","protected":false},"author":1,"featured_media":0,"parent":0,"menu_order":0,"comment_status":"closed","ping_status":"closed","template":"elementor_header_footer","meta":{"_acf_changed":false,"_seopress_robots_primary_cat":"","_seopress_titles_title":"","_seopress_titles_desc":"","_seopress_robots_index":"","footnotes":""},"class_list":["post-31536","page","type-page","status-publish"],"acf":[],"_links":{"self":[{"href":"https:\/\/www.geneva-lawyers.com\/es\/wp-json\/wp\/v2\/pages\/31536","targetHints":{"allow":["GET"]}}],"collection":[{"href":"https:\/\/www.geneva-lawyers.com\/es\/wp-json\/wp\/v2\/pages"}],"about":[{"href":"https:\/\/www.geneva-lawyers.com\/es\/wp-json\/wp\/v2\/types\/page"}],"author":[{"embeddable":true,"href":"https:\/\/www.geneva-lawyers.com\/es\/wp-json\/wp\/v2\/users\/1"}],"replies":[{"embeddable":true,"href":"https:\/\/www.geneva-lawyers.com\/es\/wp-json\/wp\/v2\/comments?post=31536"}],"version-history":[{"count":6,"href":"https:\/\/www.geneva-lawyers.com\/es\/wp-json\/wp\/v2\/pages\/31536\/revisions"}],"predecessor-version":[{"id":33967,"href":"https:\/\/www.geneva-lawyers.com\/es\/wp-json\/wp\/v2\/pages\/31536\/revisions\/33967"}],"wp:attachment":[{"href":"https:\/\/www.geneva-lawyers.com\/es\/wp-json\/wp\/v2\/media?parent=31536"}],"curies":[{"name":"wp","href":"https:\/\/api.w.org\/{rel}","templated":true}]}}