{"id":31542,"date":"2024-05-27T08:54:45","date_gmt":"2024-05-27T06:54:45","guid":{"rendered":"https:\/\/www.geneva-lawyers.com\/sucursal-de-una-empresa-suiza\/"},"modified":"2025-04-14T16:12:40","modified_gmt":"2025-04-14T14:12:40","slug":"sucursal-empresa-suiza","status":"publish","type":"page","link":"https:\/\/www.geneva-lawyers.com\/es\/sucursal-empresa-suiza\/","title":{"rendered":"Sucursal de una empresa suiza"},"content":{"rendered":"\t\t<div data-elementor-type=\"wp-page\" data-elementor-id=\"31542\" class=\"elementor elementor-31542 elementor-29565\" data-elementor-post-type=\"page\">\n\t\t\t\t\t\t<section class=\"elementor-section elementor-top-section elementor-element elementor-element-4e544076 elementor-section-boxed elementor-section-height-default elementor-section-height-default\" data-id=\"4e544076\" data-element_type=\"section\" data-e-type=\"section\" data-settings=\"{&quot;background_background&quot;:&quot;classic&quot;}\">\n\t\t\t\t\t\t\t<div class=\"elementor-background-overlay\"><\/div>\n\t\t\t\t\t\t\t<div class=\"elementor-container elementor-column-gap-default\">\n\t\t\t\t\t<div class=\"elementor-column elementor-col-100 elementor-top-column elementor-element elementor-element-34495b6f\" data-id=\"34495b6f\" data-element_type=\"column\" data-e-type=\"column\">\n\t\t\t<div class=\"elementor-widget-wrap elementor-element-populated\">\n\t\t\t\t\t\t<div class=\"elementor-element elementor-element-54a21d92 elementor-widget-divider--view-line elementor-widget elementor-widget-divider\" data-id=\"54a21d92\" data-element_type=\"widget\" data-e-type=\"widget\" data-widget_type=\"divider.default\">\n\t\t\t\t<div class=\"elementor-widget-container\">\n\t\t\t\t\t\t\t<div class=\"elementor-divider\">\n\t\t\t<span class=\"elementor-divider-separator\">\n\t\t\t\t\t\t<\/span>\n\t\t<\/div>\n\t\t\t\t\t\t<\/div>\n\t\t\t\t<\/div>\n\t\t\t\t<div class=\"elementor-element elementor-element-23ee5ceb elementor-align-center elementor-widget elementor-widget-button\" data-id=\"23ee5ceb\" data-element_type=\"widget\" data-e-type=\"widget\" data-widget_type=\"button.default\">\n\t\t\t\t<div class=\"elementor-widget-container\">\n\t\t\t\t\t\t\t\t\t<div class=\"elementor-button-wrapper\">\n\t\t\t\t\t<a class=\"elementor-button elementor-button-link elementor-size-sm\" href=\"https:\/\/www.geneva-lawyers.com\/es\/contacto\/\">\n\t\t\t\t\t\t<span class=\"elementor-button-content-wrapper\">\n\t\t\t\t\t\t\t\t\t<span class=\"elementor-button-text\">Pide cita con un abogado<\/span>\n\t\t\t\t\t<\/span>\n\t\t\t\t\t<\/a>\n\t\t\t\t<\/div>\n\t\t\t\t\t\t\t\t<\/div>\n\t\t\t\t<\/div>\n\t\t\t\t\t<\/div>\n\t\t<\/div>\n\t\t\t\t\t<\/div>\n\t\t<\/section>\n\t\t\t\t<section class=\"elementor-section elementor-top-section elementor-element elementor-element-402a9a24 elementor-section-boxed elementor-section-height-default elementor-section-height-default\" data-id=\"402a9a24\" data-element_type=\"section\" data-e-type=\"section\">\n\t\t\t\t\t\t<div class=\"elementor-container elementor-column-gap-default\">\n\t\t\t\t\t<div class=\"elementor-column elementor-col-100 elementor-top-column elementor-element elementor-element-4cadb33d\" data-id=\"4cadb33d\" data-element_type=\"column\" data-e-type=\"column\">\n\t\t\t<div class=\"elementor-widget-wrap elementor-element-populated\">\n\t\t\t\t\t\t<div class=\"elementor-element elementor-element-72ae515 elementor-widget elementor-widget-heading\" data-id=\"72ae515\" data-element_type=\"widget\" data-e-type=\"widget\" data-widget_type=\"heading.default\">\n\t\t\t\t<div class=\"elementor-widget-container\">\n\t\t\t\t\t<h2 class=\"elementor-heading-title elementor-size-default\">Sucursal de una empresa suiza<\/h2>\t\t\t\t<\/div>\n\t\t\t\t<\/div>\n\t\t\t\t<div class=\"elementor-element elementor-element-665e19d2 elementor-widget-divider--view-line elementor-widget elementor-widget-divider\" data-id=\"665e19d2\" data-element_type=\"widget\" data-e-type=\"widget\" data-widget_type=\"divider.default\">\n\t\t\t\t<div class=\"elementor-widget-container\">\n\t\t\t\t\t\t\t<div class=\"elementor-divider\">\n\t\t\t<span class=\"elementor-divider-separator\">\n\t\t\t\t\t\t<\/span>\n\t\t<\/div>\n\t\t\t\t\t\t<\/div>\n\t\t\t\t<\/div>\n\t\t\t\t<div class=\"elementor-element elementor-element-47c323d7 elementor-widget elementor-widget-text-editor\" data-id=\"47c323d7\" data-element_type=\"widget\" data-e-type=\"widget\" data-widget_type=\"text-editor.default\">\n\t\t\t\t<div class=\"elementor-widget-container\">\n\t\t\t\t\t\t\t\t\t<p>Una sucursal de una empresa suiza es un establecimiento comercial dependiente de la empresa matriz. Puede establecerse en Suiza o en el extranjero. Las empresas con sede en Suiza tienen la posibilidad de establecer sucursales en todo el pa\u00eds. La sucursal de una persona jur\u00eddica con sede en Suiza se rige por el C\u00f3digo Suizo de Obligaciones y la Ordenanza sobre el Registro Mercantil (art\u00edculos 109-112 ORC). Este texto explora las principales caracter\u00edsticas, las obligaciones jur\u00eddicas y fiscales, el proceso de disoluci\u00f3n y las ventajas e inconvenientes de una sucursal de una empresa suiza.    <\/p><h2>Caracter\u00edsticas de una rama<\/h2><p>Una sucursal permite a una empresa realizar actividades en un lugar distinto de su sede central. Se considera una extensi\u00f3n de las operaciones de la empresa en una zona geogr\u00e1fica distinta. La sucursal depende jur\u00eddicamente de la empresa matriz y est\u00e1 vinculada a ella financiera y comercialmente. La sucursal debe realizar actividades similares a las de la empresa matriz durante un periodo prolongado, pero debe operar en locales separados.   <\/p><p>La sucursal no tiene una personalidad jur\u00eddica distinta de la empresa matriz. Es parte integrante de la empresa matriz y est\u00e1 sujeta a las mismas obligaciones jur\u00eddicas y fiscales. Esto significa que la empresa matriz es responsable de las acciones de la sucursal, y que cualquier responsabilidad o deuda contra\u00edda por la sucursal es imputable a la empresa matriz. Sin embargo, la sucursal goza de cierta independencia en la gesti\u00f3n y direcci\u00f3n de sus actividades. El representante de la sucursal debe residir en Suiza y tener poder de firma.    <\/p><h2>Obligaciones legales y fiscales<\/h2><p>La sucursal debe cumplir varias obligaciones legales en Suiza. Uno de los principales requisitos es inscribir la sucursal en el registro mercantil de su localidad (art\u00edculo 931, apartado 2 CO) mediante una solicitud. No son necesarias la forma aut\u00e9ntica ni la certificaci\u00f3n notarial.  <\/p><p>El registro es declarativo y debe incluir informaci\u00f3n como la sede, la raz\u00f3n social y la forma jur\u00eddica de la empresa matriz, el n\u00famero de identificaci\u00f3n de la oficina principal, el prop\u00f3sito, la direcci\u00f3n y los objetivos de la sucursal, as\u00ed como sus representantes. Tambi\u00e9n pueden exigirse otros documentos, como estatutos certificados. <\/p><p>La sucursal est\u00e1 sujeta a la misma normativa fiscal que la empresa matriz. Debe cumplir las leyes fiscales suizas y pagar los impuestos locales, cantonales y federales aplicables a sus operaciones. La sucursal se considera un establecimiento permanente y tributa donde est\u00e1 ubicada. Tambi\u00e9n debe llevar una contabilidad separada de la empresa matriz, que le permita declarar sus ingresos y gastos de forma independiente. Los beneficios generados por la sucursal pueden transferirse a la empresa matriz sin doble imposici\u00f3n, gracias a los convenios fiscales internacionales que Suiza tiene con muchos pa\u00edses.    <\/p><h2>Ventajas de una sucursal<\/h2><p>Crear una sucursal permite a una empresa ampliar sus operaciones a un nuevo territorio sin tener que crear una nueva entidad jur\u00eddica. Adem\u00e1s, tener una sucursal en otro pa\u00eds puede mejorar la imagen de marca de la empresa ante los clientes locales y permitir a la empresa presentarse a licitaciones locales a las que de otro modo no podr\u00eda acceder. La sucursal tambi\u00e9n se beneficia de cierto grado de independencia administrativa y operativa, lo que facilita la gesti\u00f3n local.  <\/p><h2>Desventajas de una sucursal<\/h2><p>En caso de litigio o mala conducta de la sucursal, la empresa matriz puede ser considerada responsable, lo que puede poner en peligro su reputaci\u00f3n y sus finanzas. Adem\u00e1s, la distancia geogr\u00e1fica y las diferencias culturales pueden plantear problemas de comunicaci\u00f3n entre la empresa matriz y la sucursal. <\/p><h2>Disoluci\u00f3n de una sucursal<\/h2><p>La disoluci\u00f3n de una sucursal puede producirse por varios motivos, como la finalizaci\u00f3n de la actividad para la que se cre\u00f3, una fusi\u00f3n con otra entidad o la venta de la sucursal. El proceso de disoluci\u00f3n es similar al de creaci\u00f3n de la sucursal e implica el cierre de las cuentas, el pago de deudas e impuestos y la baja de la sucursal en el registro mercantil. <\/p><p>Los representantes de las sucursales deben presentar una solicitud de baja en el registro mercantil y aportar documentos que justifiquen la disoluci\u00f3n. La baja surtir\u00e1 efecto tras su publicaci\u00f3n en el Bolet\u00edn Oficial de Comercio suizo. <\/p><p>En caso de baja de la empresa matriz, la sucursal se da de baja autom\u00e1ticamente.<\/p><p>En conclusi\u00f3n, una sucursal es una estructura jur\u00eddica pr\u00e1ctica para las empresas suizas que quieren ampliar sus actividades al extranjero o dentro del mercado suizo. Ofrece una importante flexibilidad organizativa, al tiempo que permite a la empresa aprovechar la experiencia y los recursos de la empresa matriz. Establecer una sucursal en Suiza es relativamente sencillo y r\u00e1pido, pero requiere una cuidadosa consideraci\u00f3n de diversos aspectos jur\u00eddicos, fiscales y contables.  <\/p>\t\t\t\t\t\t\t\t<\/div>\n\t\t\t\t<\/div>\n\t\t\t\t\t<\/div>\n\t\t<\/div>\n\t\t\t\t\t<\/div>\n\t\t<\/section>\n\t\t\t\t<section class=\"elementor-section elementor-top-section elementor-element elementor-element-164f6555 elementor-section-full_width elementor-section-height-min-height elementor-section-items-stretch elementor-section-content-middle elementor-section-height-default\" data-id=\"164f6555\" data-element_type=\"section\" data-e-type=\"section\" data-settings=\"{&quot;background_background&quot;:&quot;classic&quot;}\">\n\t\t\t\t\t\t<div class=\"elementor-container elementor-column-gap-no\">\n\t\t\t\t\t<div class=\"elementor-column elementor-col-50 elementor-top-column elementor-element elementor-element-50cb5805\" data-id=\"50cb5805\" data-element_type=\"column\" data-e-type=\"column\" data-settings=\"{&quot;background_background&quot;:&quot;classic&quot;}\">\n\t\t\t<div class=\"elementor-widget-wrap elementor-element-populated\">\n\t\t\t\t\t\t<div class=\"elementor-element elementor-element-415d29e3 elementor-widget elementor-widget-spacer\" data-id=\"415d29e3\" data-element_type=\"widget\" data-e-type=\"widget\" data-widget_type=\"spacer.default\">\n\t\t\t\t<div class=\"elementor-widget-container\">\n\t\t\t\t\t\t\t<div class=\"elementor-spacer\">\n\t\t\t<div class=\"elementor-spacer-inner\"><\/div>\n\t\t<\/div>\n\t\t\t\t\t\t<\/div>\n\t\t\t\t<\/div>\n\t\t\t\t\t<\/div>\n\t\t<\/div>\n\t\t\t\t<div class=\"elementor-column elementor-col-50 elementor-top-column elementor-element elementor-element-6c6326d1\" data-id=\"6c6326d1\" data-element_type=\"column\" data-e-type=\"column\" data-settings=\"{&quot;background_background&quot;:&quot;classic&quot;}\">\n\t\t\t<div class=\"elementor-widget-wrap elementor-element-populated\">\n\t\t\t\t\t\t<div class=\"elementor-element elementor-element-19b7aa68 elementor-widget elementor-widget-heading\" data-id=\"19b7aa68\" data-element_type=\"widget\" data-e-type=\"widget\" data-widget_type=\"heading.default\">\n\t\t\t\t<div class=\"elementor-widget-container\">\n\t\t\t\t\t<p class=\"elementor-heading-title elementor-size-default\">Consulta inicial  <\/p>\t\t\t\t<\/div>\n\t\t\t\t<\/div>\n\t\t\t\t<div class=\"elementor-element elementor-element-7fe159fd elementor-widget elementor-widget-heading\" data-id=\"7fe159fd\" data-element_type=\"widget\" data-e-type=\"widget\" data-widget_type=\"heading.default\">\n\t\t\t\t<div class=\"elementor-widget-container\">\n\t\t\t\t\t<p class=\"elementor-heading-title elementor-size-default\">de 60 min a 220,00 CHF<\/p>\t\t\t\t<\/div>\n\t\t\t\t<\/div>\n\t\t\t\t<div class=\"elementor-element elementor-element-4aaf9012 elementor-widget elementor-widget-text-editor\" data-id=\"4aaf9012\" data-element_type=\"widget\" data-e-type=\"widget\" data-widget_type=\"text-editor.default\">\n\t\t\t\t<div class=\"elementor-widget-container\">\n\t\t\t\t\t\t\t\t\tDiscute tu situaci\u00f3n con un abogado especializado en Suiza.\n\t\t\t\t\t\t\t\t<\/div>\n\t\t\t\t<\/div>\n\t\t\t\t<div class=\"elementor-element elementor-element-6923b7f elementor-widget-divider--view-line elementor-widget elementor-widget-divider\" data-id=\"6923b7f\" data-element_type=\"widget\" data-e-type=\"widget\" data-widget_type=\"divider.default\">\n\t\t\t\t<div class=\"elementor-widget-container\">\n\t\t\t\t\t\t\t<div class=\"elementor-divider\">\n\t\t\t<span class=\"elementor-divider-separator\">\n\t\t\t\t\t\t<\/span>\n\t\t<\/div>\n\t\t\t\t\t\t<\/div>\n\t\t\t\t<\/div>\n\t\t\t\t<div class=\"elementor-element elementor-element-684cfe9a elementor-widget elementor-widget-text-editor\" data-id=\"684cfe9a\" data-element_type=\"widget\" data-e-type=\"widget\" data-widget_type=\"text-editor.default\">\n\t\t\t\t<div class=\"elementor-widget-container\">\n\t\t\t\t\t\t\t\t\t<p>\u00bfS\u00f3lo buscas una cita para hacer algunas preguntas?<br>\u00bfNo est\u00e1s seguro de los procedimientos que deseas realizar?<br>\u00bfTu situaci\u00f3n no est\u00e1 clara?<\/p><p><strong>Opta por una primera consulta con un abogado en Ginebra.<\/strong><\/p><p>Entonces decidir\u00e1s si quieres seguir adelante y nuestros abogados te dar\u00e1n el coste del procedimiento seg\u00fan tu caso. Citas disponibles en persona o por videoconferencia. <strong><br><\/strong><\/p>\t\t\t\t\t\t\t\t<\/div>\n\t\t\t\t<\/div>\n\t\t\t\t<div class=\"elementor-element elementor-element-5790326c elementor-align-center elementor-widget elementor-widget-button\" data-id=\"5790326c\" data-element_type=\"widget\" data-e-type=\"widget\" data-widget_type=\"button.default\">\n\t\t\t\t<div class=\"elementor-widget-container\">\n\t\t\t\t\t\t\t\t\t<div class=\"elementor-button-wrapper\">\n\t\t\t\t\t<a class=\"elementor-button elementor-button-link elementor-size-sm\" href=\"https:\/\/www.geneva-lawyers.com\/es\/contacto\/\">\n\t\t\t\t\t\t<span class=\"elementor-button-content-wrapper\">\n\t\t\t\t\t\t\t\t\t<span class=\"elementor-button-text\">Pide cita con un abogado<\/span>\n\t\t\t\t\t<\/span>\n\t\t\t\t\t<\/a>\n\t\t\t\t<\/div>\n\t\t\t\t\t\t\t\t<\/div>\n\t\t\t\t<\/div>\n\t\t\t\t\t<\/div>\n\t\t<\/div>\n\t\t\t\t\t<\/div>\n\t\t<\/section>\n\t\t\t\t<\/div>\n\t\t","protected":false},"excerpt":{"rendered":"<p>Pide cita con un abogado Sucursal de una empresa suiza Una sucursal de una empresa suiza es un establecimiento comercial dependiente de la empresa matriz. Puede establecerse en Suiza o en el extranjero. Las empresas con sede en Suiza tienen la posibilidad de establecer sucursales en todo el pa\u00eds. La sucursal de una persona jur\u00eddica &#8230; <a title=\"Sucursal de una empresa suiza\" class=\"read-more\" href=\"https:\/\/www.geneva-lawyers.com\/es\/sucursal-empresa-suiza\/\" aria-label=\"Leer m\u00e1s sobre Sucursal de una empresa suiza\">Leer m\u00e1s<\/a><\/p>\n","protected":false},"author":1,"featured_media":0,"parent":0,"menu_order":0,"comment_status":"closed","ping_status":"closed","template":"elementor_header_footer","meta":{"_acf_changed":false,"_seopress_robots_primary_cat":"","_seopress_titles_title":"","_seopress_titles_desc":"","_seopress_robots_index":"","footnotes":""},"class_list":["post-31542","page","type-page","status-publish"],"acf":[],"_links":{"self":[{"href":"https:\/\/www.geneva-lawyers.com\/es\/wp-json\/wp\/v2\/pages\/31542","targetHints":{"allow":["GET"]}}],"collection":[{"href":"https:\/\/www.geneva-lawyers.com\/es\/wp-json\/wp\/v2\/pages"}],"about":[{"href":"https:\/\/www.geneva-lawyers.com\/es\/wp-json\/wp\/v2\/types\/page"}],"author":[{"embeddable":true,"href":"https:\/\/www.geneva-lawyers.com\/es\/wp-json\/wp\/v2\/users\/1"}],"replies":[{"embeddable":true,"href":"https:\/\/www.geneva-lawyers.com\/es\/wp-json\/wp\/v2\/comments?post=31542"}],"version-history":[{"count":6,"href":"https:\/\/www.geneva-lawyers.com\/es\/wp-json\/wp\/v2\/pages\/31542\/revisions"}],"predecessor-version":[{"id":34227,"href":"https:\/\/www.geneva-lawyers.com\/es\/wp-json\/wp\/v2\/pages\/31542\/revisions\/34227"}],"wp:attachment":[{"href":"https:\/\/www.geneva-lawyers.com\/es\/wp-json\/wp\/v2\/media?parent=31542"}],"curies":[{"name":"wp","href":"https:\/\/api.w.org\/{rel}","templated":true}]}}