{"id":31550,"date":"2024-05-27T08:51:12","date_gmt":"2024-05-27T06:51:12","guid":{"rendered":"https:\/\/www.geneva-lawyers.com\/asociacion-simple\/"},"modified":"2025-04-14T15:21:22","modified_gmt":"2025-04-14T13:21:22","slug":"asociacion-simple","status":"publish","type":"page","link":"https:\/\/www.geneva-lawyers.com\/es\/asociacion-simple\/","title":{"rendered":"Asociaci\u00f3n simple"},"content":{"rendered":"\t\t<div data-elementor-type=\"wp-page\" data-elementor-id=\"31550\" class=\"elementor elementor-31550 elementor-29558\" data-elementor-post-type=\"page\">\n\t\t\t\t\t\t<section class=\"elementor-section elementor-top-section elementor-element elementor-element-5f260eb8 elementor-section-boxed elementor-section-height-default elementor-section-height-default\" data-id=\"5f260eb8\" data-element_type=\"section\" data-e-type=\"section\" data-settings=\"{&quot;background_background&quot;:&quot;classic&quot;}\">\n\t\t\t\t\t\t\t<div class=\"elementor-background-overlay\"><\/div>\n\t\t\t\t\t\t\t<div class=\"elementor-container elementor-column-gap-default\">\n\t\t\t\t\t<div class=\"elementor-column elementor-col-100 elementor-top-column elementor-element elementor-element-1b0dbfcc\" data-id=\"1b0dbfcc\" data-element_type=\"column\" data-e-type=\"column\">\n\t\t\t<div class=\"elementor-widget-wrap elementor-element-populated\">\n\t\t\t\t\t\t<div class=\"elementor-element elementor-element-760f6616 elementor-widget-divider--view-line elementor-widget elementor-widget-divider\" data-id=\"760f6616\" data-element_type=\"widget\" data-e-type=\"widget\" data-widget_type=\"divider.default\">\n\t\t\t\t<div class=\"elementor-widget-container\">\n\t\t\t\t\t\t\t<div class=\"elementor-divider\">\n\t\t\t<span class=\"elementor-divider-separator\">\n\t\t\t\t\t\t<\/span>\n\t\t<\/div>\n\t\t\t\t\t\t<\/div>\n\t\t\t\t<\/div>\n\t\t\t\t<div class=\"elementor-element elementor-element-39f96487 elementor-align-center elementor-widget elementor-widget-button\" data-id=\"39f96487\" data-element_type=\"widget\" data-e-type=\"widget\" data-widget_type=\"button.default\">\n\t\t\t\t<div class=\"elementor-widget-container\">\n\t\t\t\t\t\t\t\t\t<div class=\"elementor-button-wrapper\">\n\t\t\t\t\t<a class=\"elementor-button elementor-button-link elementor-size-sm\" href=\"https:\/\/www.geneva-lawyers.com\/es\/contacto\/\">\n\t\t\t\t\t\t<span class=\"elementor-button-content-wrapper\">\n\t\t\t\t\t\t\t\t\t<span class=\"elementor-button-text\">Pide cita con un abogado<\/span>\n\t\t\t\t\t<\/span>\n\t\t\t\t\t<\/a>\n\t\t\t\t<\/div>\n\t\t\t\t\t\t\t\t<\/div>\n\t\t\t\t<\/div>\n\t\t\t\t\t<\/div>\n\t\t<\/div>\n\t\t\t\t\t<\/div>\n\t\t<\/section>\n\t\t\t\t<section class=\"elementor-section elementor-top-section elementor-element elementor-element-556a15c6 elementor-section-boxed elementor-section-height-default elementor-section-height-default\" data-id=\"556a15c6\" data-element_type=\"section\" data-e-type=\"section\">\n\t\t\t\t\t\t<div class=\"elementor-container elementor-column-gap-default\">\n\t\t\t\t\t<div class=\"elementor-column elementor-col-100 elementor-top-column elementor-element elementor-element-49fb9f88\" data-id=\"49fb9f88\" data-element_type=\"column\" data-e-type=\"column\">\n\t\t\t<div class=\"elementor-widget-wrap elementor-element-populated\">\n\t\t\t\t\t\t<div class=\"elementor-element elementor-element-26644e83 elementor-widget elementor-widget-heading\" data-id=\"26644e83\" data-element_type=\"widget\" data-e-type=\"widget\" data-widget_type=\"heading.default\">\n\t\t\t\t<div class=\"elementor-widget-container\">\n\t\t\t\t\t<h2 class=\"elementor-heading-title elementor-size-default\">Asociaci\u00f3n simple en Suiza<\/h2>\t\t\t\t<\/div>\n\t\t\t\t<\/div>\n\t\t\t\t<div class=\"elementor-element elementor-element-124c4586 elementor-widget-divider--view-line elementor-widget elementor-widget-divider\" data-id=\"124c4586\" data-element_type=\"widget\" data-e-type=\"widget\" data-widget_type=\"divider.default\">\n\t\t\t\t<div class=\"elementor-widget-container\">\n\t\t\t\t\t\t\t<div class=\"elementor-divider\">\n\t\t\t<span class=\"elementor-divider-separator\">\n\t\t\t\t\t\t<\/span>\n\t\t<\/div>\n\t\t\t\t\t\t<\/div>\n\t\t\t\t<\/div>\n\t\t\t\t<div class=\"elementor-element elementor-element-61204ae4 elementor-widget elementor-widget-text-editor\" data-id=\"61204ae4\" data-element_type=\"widget\" data-e-type=\"widget\" data-widget_type=\"text-editor.default\">\n\t\t\t\t<div class=\"elementor-widget-container\">\n\t\t\t\t\t\t\t\t\t<p>La sociedad colectiva simple en Suiza es la forma m\u00e1s b\u00e1sica de sociedad colectiva, regulada por el C\u00f3digo Suizo de Obligaciones (art\u00edculos 530-551 CO). Se forma mediante un acuerdo entre dos o m\u00e1s personas que ponen en com\u00fan sus recursos y habilidades para alcanzar un objetivo com\u00fan (art\u00edculo 530, p\u00e1rrafo 1 CO). A diferencia de otros tipos de asociaci\u00f3n, la asociaci\u00f3n simple se considera un contrato y no una empresa formal, aunque es la base de todas las dem\u00e1s formas de asociaci\u00f3n. En particular, una entidad s\u00f3lo puede considerarse una asociaci\u00f3n simple si no cumple las condiciones de otro tipo de asociaci\u00f3n (art. 530, apdo. 2 CO).   <\/p><h2>Ventajas de una asociaci\u00f3n simple<\/h2><p>Una sociedad colectiva simple ofrece una libertad considerable a los socios para determinar las condiciones de su colaboraci\u00f3n y el reparto de beneficios y p\u00e9rdidas. A diferencia de otras formas de asociaci\u00f3n, constituir una asociaci\u00f3n simple es sencillo y barato. No requiere inscripci\u00f3n en el Registro Mercantil, lo que permite a los socios mantener la confidencialidad.  <\/p><h2>Desventajas de una sociedad simple<\/h2><p>Los socios de una sociedad colectiva simple son responsables solidarios de las deudas de la sociedad, sin limitaci\u00f3n alguna. Esto significa que cada socio es responsable de la totalidad de las deudas de la sociedad, y los acreedores pueden exigir el pago a cualquiera de los socios o a todos ellos. Adem\u00e1s, una sociedad personalista carece de personalidad jur\u00eddica, lo que significa que los socios se identifican personalmente con la sociedad. Esto puede dificultar la sucesi\u00f3n o la transmisi\u00f3n de participaciones. Adem\u00e1s, una sociedad comanditaria simple puede tener dificultades para conseguir una financiaci\u00f3n importante, ya que no puede emitir t\u00edtulos participativos.    <\/p><h2>Constituci\u00f3n y gesti\u00f3n de una sociedad simple<\/h2><p>Generalmente, las asociaciones simples tienen una vida limitada, como los consorcios de construcci\u00f3n que se disuelven una vez finalizado el proyecto. Se perciben externamente como comunidades de intereses econ\u00f3micos y carecen de personalidad jur\u00eddica y de nombre oficial, form\u00e1ndose a menudo sin que los participantes lo sepan expl\u00edcitamente, lo que se conoce como \u00abasociaci\u00f3n de hecho.\u00bb <\/p><p>La constituci\u00f3n de una sociedad civil simple en Suiza no requiere formalidades espec\u00edficas. No puede inscribirse en el Registro Mercantil. Sin embargo, es aconsejable redactar un contrato de sociedad firmado por todos los socios, que puede definir las normas de gesti\u00f3n de la sociedad, la distribuci\u00f3n de tareas y las responsabilidades.  <\/p><p>Cada socio debe realizar una aportaci\u00f3n a la sociedad simple, que puede ser en forma de dinero, un cr\u00e9dito o un activo (art\u00edculo 531, apartado 1 del CO). Salvo que se especifique lo contrario en el contrato de sociedad, cada socio tiene el mismo derecho a los beneficios y la misma responsabilidad por las p\u00e9rdidas, independientemente de la naturaleza y el valor de su aportaci\u00f3n (art\u00edculo 533, apartado 1 del CO). <\/p><p>La gesti\u00f3n de una sociedad personalista la llevan los socios, y las decisiones se toman de mutuo acuerdo (art. 534.1 CO). Sin embargo, los socios pueden nombrar a uno o varios administradores para que dirijan la sociedad en su nombre, que pueden ser socios o terceros. El nombramiento y la destituci\u00f3n de los administradores deben ser decididos por los socios. Los administradores son responsables de las operaciones cotidianas de la sociedad simple, deben actuar en inter\u00e9s de la sociedad y de los socios, cumplir los requisitos legales y mantener a los socios informados de la situaci\u00f3n financiera de la sociedad.   <\/p><p>Se proh\u00edbe a los socios realizar en beneficio propio actividades contrarias o perjudiciales para los objetivos de la asociaci\u00f3n (art\u00edculo 536 CO).<\/p><h2>Fiscalidad<\/h2><p>En Suiza, las sociedades comanditarias simples est\u00e1n sujetas a los impuestos sobre la renta y el capital, de forma similar a otras formas de sociedades comanditarias. Como una sociedad comanditaria simple no tiene personalidad jur\u00eddica propia, sus beneficios se gravan directamente a nivel de los socios en funci\u00f3n de sus respectivas participaciones. Adem\u00e1s, los socios est\u00e1n sujetos al impuesto sobre el patrimonio, que se calcula sobre su patrimonio total, incluida su participaci\u00f3n en la sociedad personalista.  <\/p><p>Una sociedad colectiva simple es f\u00e1cil de constituir y ofrece ventajas fiscales, pero tambi\u00e9n conlleva importantes riesgos de responsabilidad y posibles conflictos entre los socios. Los posibles socios deben comprender perfectamente las ventajas y desventajas de una sociedad simple. Es aconsejable consultar a un abogado para garantizar el cumplimiento de todos los requisitos legales al constituir una sociedad simple.  <\/p>\t\t\t\t\t\t\t\t<\/div>\n\t\t\t\t<\/div>\n\t\t\t\t\t<\/div>\n\t\t<\/div>\n\t\t\t\t\t<\/div>\n\t\t<\/section>\n\t\t\t\t<section class=\"elementor-section elementor-top-section elementor-element elementor-element-33db7e23 elementor-section-full_width elementor-section-height-min-height elementor-section-items-stretch elementor-section-content-middle elementor-section-height-default\" data-id=\"33db7e23\" data-element_type=\"section\" data-e-type=\"section\" data-settings=\"{&quot;background_background&quot;:&quot;classic&quot;}\">\n\t\t\t\t\t\t<div class=\"elementor-container elementor-column-gap-no\">\n\t\t\t\t\t<div class=\"elementor-column elementor-col-50 elementor-top-column elementor-element elementor-element-744aadaf\" data-id=\"744aadaf\" data-element_type=\"column\" data-e-type=\"column\" data-settings=\"{&quot;background_background&quot;:&quot;classic&quot;}\">\n\t\t\t<div class=\"elementor-widget-wrap elementor-element-populated\">\n\t\t\t\t\t\t<div class=\"elementor-element elementor-element-e9a7af2 elementor-widget elementor-widget-spacer\" data-id=\"e9a7af2\" data-element_type=\"widget\" data-e-type=\"widget\" data-widget_type=\"spacer.default\">\n\t\t\t\t<div class=\"elementor-widget-container\">\n\t\t\t\t\t\t\t<div class=\"elementor-spacer\">\n\t\t\t<div class=\"elementor-spacer-inner\"><\/div>\n\t\t<\/div>\n\t\t\t\t\t\t<\/div>\n\t\t\t\t<\/div>\n\t\t\t\t\t<\/div>\n\t\t<\/div>\n\t\t\t\t<div class=\"elementor-column elementor-col-50 elementor-top-column elementor-element elementor-element-677fc869\" data-id=\"677fc869\" data-element_type=\"column\" data-e-type=\"column\" data-settings=\"{&quot;background_background&quot;:&quot;classic&quot;}\">\n\t\t\t<div class=\"elementor-widget-wrap elementor-element-populated\">\n\t\t\t\t\t\t<div class=\"elementor-element elementor-element-69959364 elementor-widget elementor-widget-heading\" data-id=\"69959364\" data-element_type=\"widget\" data-e-type=\"widget\" data-widget_type=\"heading.default\">\n\t\t\t\t<div class=\"elementor-widget-container\">\n\t\t\t\t\t<p class=\"elementor-heading-title elementor-size-default\">Consulta inicial  <\/p>\t\t\t\t<\/div>\n\t\t\t\t<\/div>\n\t\t\t\t<div class=\"elementor-element elementor-element-cde27e2 elementor-widget elementor-widget-heading\" data-id=\"cde27e2\" data-element_type=\"widget\" data-e-type=\"widget\" data-widget_type=\"heading.default\">\n\t\t\t\t<div class=\"elementor-widget-container\">\n\t\t\t\t\t<p class=\"elementor-heading-title elementor-size-default\">de 60 min a 220,00 CHF<\/p>\t\t\t\t<\/div>\n\t\t\t\t<\/div>\n\t\t\t\t<div class=\"elementor-element elementor-element-5e5fb499 elementor-widget elementor-widget-text-editor\" data-id=\"5e5fb499\" data-element_type=\"widget\" data-e-type=\"widget\" data-widget_type=\"text-editor.default\">\n\t\t\t\t<div class=\"elementor-widget-container\">\n\t\t\t\t\t\t\t\t\tDiscute tu situaci\u00f3n con un abogado especializado en Suiza.\n\t\t\t\t\t\t\t\t<\/div>\n\t\t\t\t<\/div>\n\t\t\t\t<div class=\"elementor-element elementor-element-4e9f063a elementor-widget-divider--view-line elementor-widget elementor-widget-divider\" data-id=\"4e9f063a\" data-element_type=\"widget\" data-e-type=\"widget\" data-widget_type=\"divider.default\">\n\t\t\t\t<div class=\"elementor-widget-container\">\n\t\t\t\t\t\t\t<div class=\"elementor-divider\">\n\t\t\t<span class=\"elementor-divider-separator\">\n\t\t\t\t\t\t<\/span>\n\t\t<\/div>\n\t\t\t\t\t\t<\/div>\n\t\t\t\t<\/div>\n\t\t\t\t<div class=\"elementor-element elementor-element-4160f05d elementor-widget elementor-widget-text-editor\" data-id=\"4160f05d\" data-element_type=\"widget\" data-e-type=\"widget\" data-widget_type=\"text-editor.default\">\n\t\t\t\t<div class=\"elementor-widget-container\">\n\t\t\t\t\t\t\t\t\t<p>\u00bfS\u00f3lo buscas una cita para hacer algunas preguntas?<br>\u00bfNo est\u00e1s seguro de los procedimientos que deseas realizar?<br>\u00bfTu situaci\u00f3n no est\u00e1 clara?<\/p><p><strong>Opta por una primera consulta con un abogado en Ginebra.<\/strong><\/p><p>Entonces decidir\u00e1s si quieres seguir adelante y nuestros abogados te dar\u00e1n el coste del procedimiento seg\u00fan tu caso. Citas disponibles en persona o por videoconferencia. <strong><br><\/strong><\/p>\t\t\t\t\t\t\t\t<\/div>\n\t\t\t\t<\/div>\n\t\t\t\t<div class=\"elementor-element elementor-element-28b093ec elementor-align-center elementor-widget elementor-widget-button\" data-id=\"28b093ec\" data-element_type=\"widget\" data-e-type=\"widget\" data-widget_type=\"button.default\">\n\t\t\t\t<div class=\"elementor-widget-container\">\n\t\t\t\t\t\t\t\t\t<div class=\"elementor-button-wrapper\">\n\t\t\t\t\t<a class=\"elementor-button elementor-button-link elementor-size-sm\" href=\"https:\/\/www.geneva-lawyers.com\/es\/contacto\/\">\n\t\t\t\t\t\t<span class=\"elementor-button-content-wrapper\">\n\t\t\t\t\t\t\t\t\t<span class=\"elementor-button-text\">Pide cita con un abogado<\/span>\n\t\t\t\t\t<\/span>\n\t\t\t\t\t<\/a>\n\t\t\t\t<\/div>\n\t\t\t\t\t\t\t\t<\/div>\n\t\t\t\t<\/div>\n\t\t\t\t\t<\/div>\n\t\t<\/div>\n\t\t\t\t\t<\/div>\n\t\t<\/section>\n\t\t\t\t<\/div>\n\t\t","protected":false},"excerpt":{"rendered":"<p>Pide cita con un abogado Asociaci\u00f3n simple en Suiza La sociedad colectiva simple en Suiza es la forma m\u00e1s b\u00e1sica de sociedad colectiva, regulada por el C\u00f3digo Suizo de Obligaciones (art\u00edculos 530-551 CO). Se forma mediante un acuerdo entre dos o m\u00e1s personas que ponen en com\u00fan sus recursos y habilidades para alcanzar un objetivo &#8230; <a title=\"Asociaci\u00f3n simple\" class=\"read-more\" href=\"https:\/\/www.geneva-lawyers.com\/es\/asociacion-simple\/\" aria-label=\"Leer m\u00e1s sobre Asociaci\u00f3n simple\">Leer m\u00e1s<\/a><\/p>\n","protected":false},"author":1,"featured_media":0,"parent":0,"menu_order":0,"comment_status":"closed","ping_status":"closed","template":"elementor_header_footer","meta":{"_acf_changed":false,"_seopress_robots_primary_cat":"","_seopress_titles_title":"","_seopress_titles_desc":"","_seopress_robots_index":"","footnotes":""},"class_list":["post-31550","page","type-page","status-publish"],"acf":[],"_links":{"self":[{"href":"https:\/\/www.geneva-lawyers.com\/es\/wp-json\/wp\/v2\/pages\/31550","targetHints":{"allow":["GET"]}}],"collection":[{"href":"https:\/\/www.geneva-lawyers.com\/es\/wp-json\/wp\/v2\/pages"}],"about":[{"href":"https:\/\/www.geneva-lawyers.com\/es\/wp-json\/wp\/v2\/types\/page"}],"author":[{"embeddable":true,"href":"https:\/\/www.geneva-lawyers.com\/es\/wp-json\/wp\/v2\/users\/1"}],"replies":[{"embeddable":true,"href":"https:\/\/www.geneva-lawyers.com\/es\/wp-json\/wp\/v2\/comments?post=31550"}],"version-history":[{"count":6,"href":"https:\/\/www.geneva-lawyers.com\/es\/wp-json\/wp\/v2\/pages\/31550\/revisions"}],"predecessor-version":[{"id":33816,"href":"https:\/\/www.geneva-lawyers.com\/es\/wp-json\/wp\/v2\/pages\/31550\/revisions\/33816"}],"wp:attachment":[{"href":"https:\/\/www.geneva-lawyers.com\/es\/wp-json\/wp\/v2\/media?parent=31550"}],"curies":[{"name":"wp","href":"https:\/\/api.w.org\/{rel}","templated":true}]}}