{"id":31552,"date":"2024-05-25T16:33:19","date_gmt":"2024-05-25T14:33:19","guid":{"rendered":"https:\/\/www.geneva-lawyers.com\/transformar-y-transferir-mi-empresa-en-suiza\/"},"modified":"2025-04-14T15:29:35","modified_gmt":"2025-04-14T13:29:35","slug":"transformar-transferir-empresa-suiza","status":"publish","type":"page","link":"https:\/\/www.geneva-lawyers.com\/es\/transformar-transferir-empresa-suiza\/","title":{"rendered":"Transformar y transferir mi empresa en Suiza"},"content":{"rendered":"\t\t<div data-elementor-type=\"wp-page\" data-elementor-id=\"31552\" class=\"elementor elementor-31552 elementor-29516\" data-elementor-post-type=\"page\">\n\t\t\t\t\t\t<section class=\"elementor-section elementor-top-section elementor-element elementor-element-6de9227e elementor-section-boxed elementor-section-height-default elementor-section-height-default\" data-id=\"6de9227e\" data-element_type=\"section\" data-e-type=\"section\" data-settings=\"{&quot;background_background&quot;:&quot;classic&quot;}\">\n\t\t\t\t\t\t\t<div class=\"elementor-background-overlay\"><\/div>\n\t\t\t\t\t\t\t<div class=\"elementor-container elementor-column-gap-default\">\n\t\t\t\t\t<div class=\"elementor-column elementor-col-100 elementor-top-column elementor-element elementor-element-60c75ff2\" data-id=\"60c75ff2\" data-element_type=\"column\" data-e-type=\"column\">\n\t\t\t<div class=\"elementor-widget-wrap elementor-element-populated\">\n\t\t\t\t\t\t<div class=\"elementor-element elementor-element-66670404 elementor-widget-divider--view-line elementor-widget elementor-widget-divider\" data-id=\"66670404\" data-element_type=\"widget\" data-e-type=\"widget\" data-widget_type=\"divider.default\">\n\t\t\t\t<div class=\"elementor-widget-container\">\n\t\t\t\t\t\t\t<div class=\"elementor-divider\">\n\t\t\t<span class=\"elementor-divider-separator\">\n\t\t\t\t\t\t<\/span>\n\t\t<\/div>\n\t\t\t\t\t\t<\/div>\n\t\t\t\t<\/div>\n\t\t\t\t<div class=\"elementor-element elementor-element-25655b25 elementor-align-center elementor-widget elementor-widget-button\" data-id=\"25655b25\" data-element_type=\"widget\" data-e-type=\"widget\" data-widget_type=\"button.default\">\n\t\t\t\t<div class=\"elementor-widget-container\">\n\t\t\t\t\t\t\t\t\t<div class=\"elementor-button-wrapper\">\n\t\t\t\t\t<a class=\"elementor-button elementor-button-link elementor-size-sm\" href=\"https:\/\/www.geneva-lawyers.com\/es\/contacto\/\">\n\t\t\t\t\t\t<span class=\"elementor-button-content-wrapper\">\n\t\t\t\t\t\t\t\t\t<span class=\"elementor-button-text\">Pide cita con un abogado<\/span>\n\t\t\t\t\t<\/span>\n\t\t\t\t\t<\/a>\n\t\t\t\t<\/div>\n\t\t\t\t\t\t\t\t<\/div>\n\t\t\t\t<\/div>\n\t\t\t\t\t<\/div>\n\t\t<\/div>\n\t\t\t\t\t<\/div>\n\t\t<\/section>\n\t\t\t\t<section class=\"elementor-section elementor-top-section elementor-element elementor-element-6723ca1b elementor-section-boxed elementor-section-height-default elementor-section-height-default\" data-id=\"6723ca1b\" data-element_type=\"section\" data-e-type=\"section\">\n\t\t\t\t\t\t<div class=\"elementor-container elementor-column-gap-default\">\n\t\t\t\t\t<div class=\"elementor-column elementor-col-100 elementor-top-column elementor-element elementor-element-6a4efe\" data-id=\"6a4efe\" data-element_type=\"column\" data-e-type=\"column\">\n\t\t\t<div class=\"elementor-widget-wrap elementor-element-populated\">\n\t\t\t\t\t\t<div class=\"elementor-element elementor-element-6e88d4e5 elementor-widget elementor-widget-heading\" data-id=\"6e88d4e5\" data-element_type=\"widget\" data-e-type=\"widget\" data-widget_type=\"heading.default\">\n\t\t\t\t<div class=\"elementor-widget-container\">\n\t\t\t\t\t<h2 class=\"elementor-heading-title elementor-size-default\">Traspasar y transformar mi empresa en Suiza\n\n<\/h2>\t\t\t\t<\/div>\n\t\t\t\t<\/div>\n\t\t\t\t<div class=\"elementor-element elementor-element-4edcc560 elementor-widget-divider--view-line elementor-widget elementor-widget-divider\" data-id=\"4edcc560\" data-element_type=\"widget\" data-e-type=\"widget\" data-widget_type=\"divider.default\">\n\t\t\t\t<div class=\"elementor-widget-container\">\n\t\t\t\t\t\t\t<div class=\"elementor-divider\">\n\t\t\t<span class=\"elementor-divider-separator\">\n\t\t\t\t\t\t<\/span>\n\t\t<\/div>\n\t\t\t\t\t\t<\/div>\n\t\t\t\t<\/div>\n\t\t\t\t<div class=\"elementor-element elementor-element-7193608 elementor-widget elementor-widget-text-editor\" data-id=\"7193608\" data-element_type=\"widget\" data-e-type=\"widget\" data-widget_type=\"text-editor.default\">\n\t\t\t\t<div class=\"elementor-widget-container\">\n\t\t\t\t\t\t\t\t\t<h2>Planificar la sucesi\u00f3n de mi empresa con la aplicaci\u00f3n del nuevo derecho sucesorio<\/h2><p>Con la nueva ley de sucesiones que entrar\u00e1 en vigor el 1 de enero de 2023, los empresarios tendr\u00e1n mayor libertad para disponer de su patrimonio. La nueva ley reduce la parte obligatoria (porci\u00f3n reservada) a la que tienen derecho determinados herederos legales, como descendientes y c\u00f3nyuges. Aunque los herederos seguir\u00e1n teniendo su herencia protegida por porciones reservadas, \u00e9stas ser\u00e1n menores, lo que aumentar\u00e1 la porci\u00f3n disponible de la herencia (la porci\u00f3n de la que se puede disponer libremente tras deducir todas las porciones reservadas). Actualmente, una persona s\u00f3lo puede disponer libremente de una cuarta parte de su patrimonio, pero esto aumentar\u00e1 a la mitad con la nueva ley.   <\/p><p>A partir del 1 de enero de 2023, los empresarios podr\u00e1n disponer libremente de la mitad de su patrimonio. Este cambio facilita considerablemente la transmisi\u00f3n de una empresa familiar a un descendiente. <\/p><p>Sin embargo, la sucesi\u00f3n de una empresa familiar a menudo puede dar lugar a conflictos entre los herederos, lo que puede desembocar en la divisi\u00f3n o liquidaci\u00f3n de la empresa para satisfacer a todos los herederos. Con la nueva ley, un empresario que desee gestionar su sucesi\u00f3n mediante testamento puede tener m\u00e1s libertad para disponer de sus bienes y favorecer al descendiente que desee hacerse cargo de la empresa, preserv\u00e1ndola as\u00ed. <\/p><p>Actualmente, la ley no regula la transmisi\u00f3n de una empresa a la muerte del empresario. Por tanto, los empresarios deben tomar disposiciones mediante un testamento o un acuerdo sucesorio si quieren garantizar la transmisi\u00f3n de su empresa tras su fallecimiento. <\/p><p>La aplicaci\u00f3n de la nueva ley de sucesiones brinda una oportunidad ideal para consultar con nuestros abogados y considerar detenidamente todas las opciones de sucesi\u00f3n y planificaci\u00f3n.<\/p><h2>Transformar una empresa individual en una sociedad de capital<\/h2><p>A medida que tu empresa crezca, puede resultar beneficioso transformar tu empresa individual en una sociedad de capital, como una SRL (S\u00e0rl) o una SA (SA).<\/p><p>Muchas empresas empiezan como sociedades unipersonales debido a los menores costes, las menores formalidades administrativas y la ventaja fiscal de no tener beneficios doblemente gravados (tanto a nivel empresarial como personal).<\/p><p>Sin embargo, una empresa unipersonal puede no ser la mejor estructura para hacer crecer un negocio. La responsabilidad ilimitada significa que el empresario es personalmente responsable de las deudas de la empresa. Adem\u00e1s, las empresas unipersonales no permiten la entrada de nuevos inversores o socios, y los clientes y socios pueden percibirlas como operaciones a peque\u00f1a escala.  <\/p><p>La transformaci\u00f3n de una empresa individual en sociedad de capital implica una \u00abaportaci\u00f3n en especie\u00bb de los activos de la empresa individual. Hay que seguir varios pasos: crear un balance de la empresa individual, redactar un acuerdo de aportaci\u00f3n en especie, preparar un informe de fundaci\u00f3n y un informe de verificaci\u00f3n antes de celebrar una junta constitutiva. <\/p><p>Deben cumplirse numerosas condiciones y abordarse diversas cuestiones jur\u00eddicas para garantizar que la transformaci\u00f3n preserve tus intereses y evite consecuencias adversas. Por ejemplo, es crucial que las proporciones de propiedad no se vean alteradas por la transformaci\u00f3n, ya que el empresario debe poseer inicialmente todo el capital. Introducir un inversor durante la transformaci\u00f3n podr\u00eda considerarse una venta parcial, con posibles implicaciones civiles y fiscales.  <\/p><p>Consultar con un abogado especializado puede ayudar a navegar por estas complejidades y garantizar una transformaci\u00f3n y sucesi\u00f3n sin problemas de tu empresa.<\/p>\t\t\t\t\t\t\t\t<\/div>\n\t\t\t\t<\/div>\n\t\t\t\t\t<\/div>\n\t\t<\/div>\n\t\t\t\t\t<\/div>\n\t\t<\/section>\n\t\t\t\t<section class=\"elementor-section elementor-top-section elementor-element elementor-element-526e6274 elementor-section-full_width elementor-section-height-min-height elementor-section-items-stretch elementor-section-content-middle elementor-section-height-default\" data-id=\"526e6274\" data-element_type=\"section\" data-e-type=\"section\" data-settings=\"{&quot;background_background&quot;:&quot;classic&quot;}\">\n\t\t\t\t\t\t<div class=\"elementor-container elementor-column-gap-no\">\n\t\t\t\t\t<div class=\"elementor-column elementor-col-50 elementor-top-column elementor-element elementor-element-71b3c286\" data-id=\"71b3c286\" data-element_type=\"column\" data-e-type=\"column\" data-settings=\"{&quot;background_background&quot;:&quot;classic&quot;}\">\n\t\t\t<div class=\"elementor-widget-wrap elementor-element-populated\">\n\t\t\t\t\t\t<div class=\"elementor-element elementor-element-57dcec06 elementor-widget elementor-widget-spacer\" data-id=\"57dcec06\" data-element_type=\"widget\" data-e-type=\"widget\" data-widget_type=\"spacer.default\">\n\t\t\t\t<div class=\"elementor-widget-container\">\n\t\t\t\t\t\t\t<div class=\"elementor-spacer\">\n\t\t\t<div class=\"elementor-spacer-inner\"><\/div>\n\t\t<\/div>\n\t\t\t\t\t\t<\/div>\n\t\t\t\t<\/div>\n\t\t\t\t\t<\/div>\n\t\t<\/div>\n\t\t\t\t<div class=\"elementor-column elementor-col-50 elementor-top-column elementor-element elementor-element-de874b8\" data-id=\"de874b8\" data-element_type=\"column\" data-e-type=\"column\" data-settings=\"{&quot;background_background&quot;:&quot;classic&quot;}\">\n\t\t\t<div class=\"elementor-widget-wrap elementor-element-populated\">\n\t\t\t\t\t\t<div class=\"elementor-element elementor-element-5781993d elementor-widget elementor-widget-heading\" data-id=\"5781993d\" data-element_type=\"widget\" data-e-type=\"widget\" data-widget_type=\"heading.default\">\n\t\t\t\t<div class=\"elementor-widget-container\">\n\t\t\t\t\t<p class=\"elementor-heading-title elementor-size-default\">Consulta inicial  <\/p>\t\t\t\t<\/div>\n\t\t\t\t<\/div>\n\t\t\t\t<div class=\"elementor-element elementor-element-7fb71373 elementor-widget elementor-widget-heading\" data-id=\"7fb71373\" data-element_type=\"widget\" data-e-type=\"widget\" data-widget_type=\"heading.default\">\n\t\t\t\t<div class=\"elementor-widget-container\">\n\t\t\t\t\t<p class=\"elementor-heading-title elementor-size-default\">de 60 min a 220,00 CHF<\/p>\t\t\t\t<\/div>\n\t\t\t\t<\/div>\n\t\t\t\t<div class=\"elementor-element elementor-element-76148498 elementor-widget elementor-widget-text-editor\" data-id=\"76148498\" data-element_type=\"widget\" data-e-type=\"widget\" data-widget_type=\"text-editor.default\">\n\t\t\t\t<div class=\"elementor-widget-container\">\n\t\t\t\t\t\t\t\t\tDiscute tu situaci\u00f3n con un abogado especializado en Suiza.\n\t\t\t\t\t\t\t\t<\/div>\n\t\t\t\t<\/div>\n\t\t\t\t<div class=\"elementor-element elementor-element-1e1b9198 elementor-widget-divider--view-line elementor-widget elementor-widget-divider\" data-id=\"1e1b9198\" data-element_type=\"widget\" data-e-type=\"widget\" data-widget_type=\"divider.default\">\n\t\t\t\t<div class=\"elementor-widget-container\">\n\t\t\t\t\t\t\t<div class=\"elementor-divider\">\n\t\t\t<span class=\"elementor-divider-separator\">\n\t\t\t\t\t\t<\/span>\n\t\t<\/div>\n\t\t\t\t\t\t<\/div>\n\t\t\t\t<\/div>\n\t\t\t\t<div class=\"elementor-element elementor-element-4bb1efa8 elementor-widget elementor-widget-text-editor\" data-id=\"4bb1efa8\" data-element_type=\"widget\" data-e-type=\"widget\" data-widget_type=\"text-editor.default\">\n\t\t\t\t<div class=\"elementor-widget-container\">\n\t\t\t\t\t\t\t\t\t<p>\u00bfS\u00f3lo buscas una cita para hacer algunas preguntas?<br>\u00bfNo est\u00e1s seguro de los procedimientos que deseas realizar?<br>\u00bfTu situaci\u00f3n no est\u00e1 clara?<\/p><p><strong>Opta por una primera consulta con un abogado en Ginebra.<\/strong><\/p><p>Entonces decidir\u00e1s si quieres seguir adelante y nuestros abogados te dar\u00e1n el coste del procedimiento seg\u00fan tu caso. Citas disponibles en persona o por videoconferencia. <strong><br><\/strong><\/p>\t\t\t\t\t\t\t\t<\/div>\n\t\t\t\t<\/div>\n\t\t\t\t<div class=\"elementor-element elementor-element-5606f89f elementor-align-center elementor-widget elementor-widget-button\" data-id=\"5606f89f\" data-element_type=\"widget\" data-e-type=\"widget\" data-widget_type=\"button.default\">\n\t\t\t\t<div class=\"elementor-widget-container\">\n\t\t\t\t\t\t\t\t\t<div class=\"elementor-button-wrapper\">\n\t\t\t\t\t<a class=\"elementor-button elementor-button-link elementor-size-sm\" href=\"https:\/\/www.geneva-lawyers.com\/es\/contacto\/\">\n\t\t\t\t\t\t<span class=\"elementor-button-content-wrapper\">\n\t\t\t\t\t\t\t\t\t<span class=\"elementor-button-text\">Pide cita con un abogado<\/span>\n\t\t\t\t\t<\/span>\n\t\t\t\t\t<\/a>\n\t\t\t\t<\/div>\n\t\t\t\t\t\t\t\t<\/div>\n\t\t\t\t<\/div>\n\t\t\t\t\t<\/div>\n\t\t<\/div>\n\t\t\t\t\t<\/div>\n\t\t<\/section>\n\t\t\t\t<\/div>\n\t\t","protected":false},"excerpt":{"rendered":"<p>Pide cita con un abogado Traspasar y transformar mi empresa en Suiza Planificar la sucesi\u00f3n de mi empresa con la aplicaci\u00f3n del nuevo derecho sucesorio Con la nueva ley de sucesiones que entrar\u00e1 en vigor el 1 de enero de 2023, los empresarios tendr\u00e1n mayor libertad para disponer de su patrimonio. La nueva ley reduce &#8230; <a title=\"Transformar y transferir mi empresa en Suiza\" class=\"read-more\" href=\"https:\/\/www.geneva-lawyers.com\/es\/transformar-transferir-empresa-suiza\/\" aria-label=\"Leer m\u00e1s sobre Transformar y transferir mi empresa en Suiza\">Leer m\u00e1s<\/a><\/p>\n","protected":false},"author":1,"featured_media":0,"parent":0,"menu_order":0,"comment_status":"closed","ping_status":"closed","template":"elementor_header_footer","meta":{"_acf_changed":false,"_seopress_robots_primary_cat":"","_seopress_titles_title":"","_seopress_titles_desc":"","_seopress_robots_index":"","footnotes":""},"class_list":["post-31552","page","type-page","status-publish"],"acf":[],"_links":{"self":[{"href":"https:\/\/www.geneva-lawyers.com\/es\/wp-json\/wp\/v2\/pages\/31552","targetHints":{"allow":["GET"]}}],"collection":[{"href":"https:\/\/www.geneva-lawyers.com\/es\/wp-json\/wp\/v2\/pages"}],"about":[{"href":"https:\/\/www.geneva-lawyers.com\/es\/wp-json\/wp\/v2\/types\/page"}],"author":[{"embeddable":true,"href":"https:\/\/www.geneva-lawyers.com\/es\/wp-json\/wp\/v2\/users\/1"}],"replies":[{"embeddable":true,"href":"https:\/\/www.geneva-lawyers.com\/es\/wp-json\/wp\/v2\/comments?post=31552"}],"version-history":[{"count":6,"href":"https:\/\/www.geneva-lawyers.com\/es\/wp-json\/wp\/v2\/pages\/31552\/revisions"}],"predecessor-version":[{"id":33853,"href":"https:\/\/www.geneva-lawyers.com\/es\/wp-json\/wp\/v2\/pages\/31552\/revisions\/33853"}],"wp:attachment":[{"href":"https:\/\/www.geneva-lawyers.com\/es\/wp-json\/wp\/v2\/media?parent=31552"}],"curies":[{"name":"wp","href":"https:\/\/api.w.org\/{rel}","templated":true}]}}