{"id":31558,"date":"2024-05-25T16:25:57","date_gmt":"2024-05-25T14:25:57","guid":{"rendered":"https:\/\/www.geneva-lawyers.com\/asistencia-en-litigios-comerciales-en-suiza\/"},"modified":"2025-04-14T16:12:31","modified_gmt":"2025-04-14T14:12:31","slug":"asistencia-litigios-comerciales-suiza","status":"publish","type":"page","link":"https:\/\/www.geneva-lawyers.com\/es\/asistencia-litigios-comerciales-suiza\/","title":{"rendered":"Asistencia en litigios comerciales en Suiza"},"content":{"rendered":"\t\t<div data-elementor-type=\"wp-page\" data-elementor-id=\"31558\" class=\"elementor elementor-31558 elementor-29509\" data-elementor-post-type=\"page\">\n\t\t\t\t\t\t<section class=\"elementor-section elementor-top-section elementor-element elementor-element-190ba8f3 elementor-section-boxed elementor-section-height-default elementor-section-height-default\" data-id=\"190ba8f3\" data-element_type=\"section\" data-e-type=\"section\" data-settings=\"{&quot;background_background&quot;:&quot;classic&quot;}\">\n\t\t\t\t\t\t\t<div class=\"elementor-background-overlay\"><\/div>\n\t\t\t\t\t\t\t<div class=\"elementor-container elementor-column-gap-default\">\n\t\t\t\t\t<div class=\"elementor-column elementor-col-100 elementor-top-column elementor-element elementor-element-1efc5590\" data-id=\"1efc5590\" data-element_type=\"column\" data-e-type=\"column\">\n\t\t\t<div class=\"elementor-widget-wrap elementor-element-populated\">\n\t\t\t\t\t\t<div class=\"elementor-element elementor-element-42c411b2 elementor-widget-divider--view-line elementor-widget elementor-widget-divider\" data-id=\"42c411b2\" data-element_type=\"widget\" data-e-type=\"widget\" data-widget_type=\"divider.default\">\n\t\t\t\t<div class=\"elementor-widget-container\">\n\t\t\t\t\t\t\t<div class=\"elementor-divider\">\n\t\t\t<span class=\"elementor-divider-separator\">\n\t\t\t\t\t\t<\/span>\n\t\t<\/div>\n\t\t\t\t\t\t<\/div>\n\t\t\t\t<\/div>\n\t\t\t\t<div class=\"elementor-element elementor-element-7af473f elementor-align-center elementor-widget elementor-widget-button\" data-id=\"7af473f\" data-element_type=\"widget\" data-e-type=\"widget\" data-widget_type=\"button.default\">\n\t\t\t\t<div class=\"elementor-widget-container\">\n\t\t\t\t\t\t\t\t\t<div class=\"elementor-button-wrapper\">\n\t\t\t\t\t<a class=\"elementor-button elementor-button-link elementor-size-sm\" href=\"https:\/\/www.geneva-lawyers.com\/es\/contacto\/\">\n\t\t\t\t\t\t<span class=\"elementor-button-content-wrapper\">\n\t\t\t\t\t\t\t\t\t<span class=\"elementor-button-text\">Pide cita con un abogado<\/span>\n\t\t\t\t\t<\/span>\n\t\t\t\t\t<\/a>\n\t\t\t\t<\/div>\n\t\t\t\t\t\t\t\t<\/div>\n\t\t\t\t<\/div>\n\t\t\t\t\t<\/div>\n\t\t<\/div>\n\t\t\t\t\t<\/div>\n\t\t<\/section>\n\t\t\t\t<section class=\"elementor-section elementor-top-section elementor-element elementor-element-b0aecd5 elementor-section-boxed elementor-section-height-default elementor-section-height-default\" data-id=\"b0aecd5\" data-element_type=\"section\" data-e-type=\"section\">\n\t\t\t\t\t\t<div class=\"elementor-container elementor-column-gap-default\">\n\t\t\t\t\t<div class=\"elementor-column elementor-col-100 elementor-top-column elementor-element elementor-element-c591704\" data-id=\"c591704\" data-element_type=\"column\" data-e-type=\"column\">\n\t\t\t<div class=\"elementor-widget-wrap elementor-element-populated\">\n\t\t\t\t\t\t<div class=\"elementor-element elementor-element-5793d55a elementor-widget elementor-widget-heading\" data-id=\"5793d55a\" data-element_type=\"widget\" data-e-type=\"widget\" data-widget_type=\"heading.default\">\n\t\t\t\t<div class=\"elementor-widget-container\">\n\t\t\t\t\t<h2 class=\"elementor-heading-title elementor-size-default\">Un abogado para litigios comerciales en Suiza<\/h2>\t\t\t\t<\/div>\n\t\t\t\t<\/div>\n\t\t\t\t<div class=\"elementor-element elementor-element-5ecd0a93 elementor-widget-divider--view-line elementor-widget elementor-widget-divider\" data-id=\"5ecd0a93\" data-element_type=\"widget\" data-e-type=\"widget\" data-widget_type=\"divider.default\">\n\t\t\t\t<div class=\"elementor-widget-container\">\n\t\t\t\t\t\t\t<div class=\"elementor-divider\">\n\t\t\t<span class=\"elementor-divider-separator\">\n\t\t\t\t\t\t<\/span>\n\t\t<\/div>\n\t\t\t\t\t\t<\/div>\n\t\t\t\t<\/div>\n\t\t\t\t<div class=\"elementor-element elementor-element-53ea958b elementor-widget elementor-widget-text-editor\" data-id=\"53ea958b\" data-element_type=\"widget\" data-e-type=\"widget\" data-widget_type=\"text-editor.default\">\n\t\t\t\t<div class=\"elementor-widget-container\">\n\t\t\t\t\t\t\t\t\t<h2>Asesoramiento jur\u00eddico para evitar conflictos<\/h2><p>Contratar a un abogado especializado en derecho mercantil es esencial tanto para el asesoramiento jur\u00eddico como para la prevenci\u00f3n de conflictos. Muchos conflictos pueden evitarse con una planificaci\u00f3n minuciosa desde el principio. Un abogado especializado en derecho mercantil garantiza que tus intereses y los de tu empresa queden salvaguardados dentro de tus actividades empresariales.  <\/p><p>Un abogado mercantilista puede prestar asesoramiento preventivo negociando y redactando contratos mercantiles o ultimando asociaciones de derecho p\u00fablico.<\/p><p>Su intervenci\u00f3n es especialmente crucial durante la adquisici\u00f3n o transmisi\u00f3n de una empresa, para garantizar que la transacci\u00f3n protege tus intereses. Por ejemplo, adquirir una empresa existente puede ser una alternativa viable a crear una nueva, pero conlleva riesgos importantes. Es esencial llevar a cabo una diligencia debida exhaustiva para analizar el negocio existente y negociar las garant\u00edas necesarias para la venta. Estas medidas protegen al comprador de futuras responsabilidades derivadas de actividades anteriores, como los litigios en curso. Cuanto m\u00e1s consciente sea el comprador de los riesgos asociados al negocio, m\u00e1s \u00e9xito tendr\u00e1n las negociaciones.    <\/p><h2>Abogado en litigios comerciales<\/h2><p>Los litigios comerciales pueden adoptar diversas formas, como:<\/p><ul><li>Un litigio entre un accionista de una empresa y su direcci\u00f3n<\/li><li>Un socio comercial que no cumple sus compromisos<\/li><li>Un desacuerdo entre socios sobre una cl\u00e1usula contractual concreta<\/li><li>Fraude de una empresa a sus accionistas o clientes<\/li><li>Competencia desleal<\/li><li>Infracci\u00f3n de marca o fraude inform\u00e1tico<\/li><\/ul><p>Un abogado especializado en derecho mercantil te ayudar\u00e1 y defender\u00e1 ante los tribunales. Es crucial comprender plenamente las normas procesales para evitar perder derechos. Estar representado por un abogado garantiza que un caso con grandes posibilidades de \u00e9xito no se pierda por cuestiones procesales, \u00e1mbito en el que el abogado es muy competente.  <\/p><p>En algunos casos, puede ser beneficioso considerar una resoluci\u00f3n negociada de un conflicto. Este planteamiento evita procedimientos judiciales largos y costosos y puede ayudar a mantener futuras relaciones comerciales. Un abogado mercantilista tambi\u00e9n puede actuar como negociador en un litigio, asesor\u00e1ndote sobre si un acuerdo es ventajoso.  <\/p><h2>Abogado penalista econ\u00f3mico en Suiza<\/h2><p>El derecho penal econ\u00f3mico, o \u00abdelincuencia de cuello blanco\u00bb, abarca las normas jur\u00eddicas relacionadas con los delitos penales en las actividades empresariales y las normas econ\u00f3micamente punibles.<\/p><p>Este \u00e1mbito aborda la responsabilidad de las empresas y de los individuos que las componen. Los delitos penales incluyen el blanqueo de dinero, la falta de vigilancia en las operaciones financieras, la delincuencia organizada, la financiaci\u00f3n del terrorismo, la corrupci\u00f3n, la falsificaci\u00f3n de documentos y los delitos econ\u00f3micos. <\/p><p>Un abogado mercantilista se asegurar\u00e1 primero de que tus actividades empresariales est\u00e1n libres de riesgos penales y, si es necesario, se encargar\u00e1 de tu defensa.<\/p><p>Durante una investigaci\u00f3n penal, tanto si eres el acusado como la v\u00edctima, un abogado mercantilista te asistir\u00e1 ante la polic\u00eda, el fiscal y el tribunal.<\/p><h2>\u00bfQu\u00e9 es el derecho mercantil?<\/h2><p>El derecho mercantil, tambi\u00e9n conocido como derecho de los negocios, regula las normas aplicables a las actividades de los comerciantes y las empresas. Regula la constituci\u00f3n y el funcionamiento de diversas formas de empresa (SA, S\u00e0rl, cooperativas, sociedades colectivas). <\/p><p>Establece las condiciones en las que las personas f\u00edsicas y jur\u00eddicas desarrollan sus actividades, como:<\/p><ul><li>La celebraci\u00f3n de contratos comerciales entre empresas y socios<\/li><li>Los derechos y obligaciones de los socios de la empresa y sus relaciones<\/li><li>Poderes y responsabilidades de los administradores de empresas y de los miembros del consejo de administraci\u00f3n<\/li><li>Pr\u00e1cticas contables adecuadas<\/li><li>Convocatoria y desarrollo regulares de las asambleas generales<\/li><li>Sanciones por delitos en derecho mercantil (por ejemplo, apropiaci\u00f3n indebida de activos, competencia desleal, publicidad enga\u00f1osa, quiebra fraudulenta, ciberdelincuencia, uso de informaci\u00f3n privilegiada).<\/li><\/ul><p>Esta rama del derecho tambi\u00e9n regula el funcionamiento de los registros mercantiles suizos, donde se inscriben las personas f\u00edsicas y jur\u00eddicas que ejercen actividades comerciales. Mantener actualizada esta informaci\u00f3n es vital para el buen funcionamiento de una entidad comercial. <\/p><h2>\u00bfPor qu\u00e9 contratar a un abogado mercantilista en Suiza?<\/h2><p>Un abogado mercantilista puede ayudar en todas las etapas de la vida de una empresa, incluida su constituci\u00f3n (elecci\u00f3n de la forma societaria, inscripci\u00f3n en el Registro Mercantil, redacci\u00f3n de estatutos), los cambios internos (elecci\u00f3n de nuevos socios, traslado, creaci\u00f3n de una sucursal) y la disoluci\u00f3n (liquidaci\u00f3n o quiebra).<\/p><p>En las actividades empresariales de personas f\u00edsicas o jur\u00eddicas, un abogado puede prestar asesoramiento jur\u00eddico, redactar contratos comerciales o negociar asociaciones de derecho p\u00fablico. Su experiencia es especialmente valiosa en las adquisiciones de empresas, para garantizar que la transacci\u00f3n proteja tus intereses. <\/p><p>Un abogado mercantilista tambi\u00e9n te asistir\u00e1 y defender\u00e1 ante los tribunales en cualquier litigio mercantil.<\/p>\t\t\t\t\t\t\t\t<\/div>\n\t\t\t\t<\/div>\n\t\t\t\t\t<\/div>\n\t\t<\/div>\n\t\t\t\t\t<\/div>\n\t\t<\/section>\n\t\t\t\t<section class=\"elementor-section elementor-top-section elementor-element elementor-element-1b2fbed6 elementor-section-full_width elementor-section-height-min-height elementor-section-items-stretch elementor-section-content-middle elementor-section-height-default\" data-id=\"1b2fbed6\" data-element_type=\"section\" data-e-type=\"section\" data-settings=\"{&quot;background_background&quot;:&quot;classic&quot;}\">\n\t\t\t\t\t\t<div class=\"elementor-container elementor-column-gap-no\">\n\t\t\t\t\t<div class=\"elementor-column elementor-col-50 elementor-top-column elementor-element elementor-element-530e588e\" data-id=\"530e588e\" data-element_type=\"column\" data-e-type=\"column\" data-settings=\"{&quot;background_background&quot;:&quot;classic&quot;}\">\n\t\t\t<div class=\"elementor-widget-wrap elementor-element-populated\">\n\t\t\t\t\t\t<div class=\"elementor-element elementor-element-38148a43 elementor-widget elementor-widget-spacer\" data-id=\"38148a43\" data-element_type=\"widget\" data-e-type=\"widget\" data-widget_type=\"spacer.default\">\n\t\t\t\t<div class=\"elementor-widget-container\">\n\t\t\t\t\t\t\t<div class=\"elementor-spacer\">\n\t\t\t<div class=\"elementor-spacer-inner\"><\/div>\n\t\t<\/div>\n\t\t\t\t\t\t<\/div>\n\t\t\t\t<\/div>\n\t\t\t\t\t<\/div>\n\t\t<\/div>\n\t\t\t\t<div class=\"elementor-column elementor-col-50 elementor-top-column elementor-element elementor-element-871dc8e\" data-id=\"871dc8e\" data-element_type=\"column\" data-e-type=\"column\" data-settings=\"{&quot;background_background&quot;:&quot;classic&quot;}\">\n\t\t\t<div class=\"elementor-widget-wrap elementor-element-populated\">\n\t\t\t\t\t\t<div class=\"elementor-element elementor-element-6ecc2e2a elementor-widget elementor-widget-heading\" data-id=\"6ecc2e2a\" data-element_type=\"widget\" data-e-type=\"widget\" data-widget_type=\"heading.default\">\n\t\t\t\t<div class=\"elementor-widget-container\">\n\t\t\t\t\t<p class=\"elementor-heading-title elementor-size-default\">Consulta inicial  <\/p>\t\t\t\t<\/div>\n\t\t\t\t<\/div>\n\t\t\t\t<div class=\"elementor-element elementor-element-40ac49ed elementor-widget elementor-widget-heading\" data-id=\"40ac49ed\" data-element_type=\"widget\" data-e-type=\"widget\" data-widget_type=\"heading.default\">\n\t\t\t\t<div class=\"elementor-widget-container\">\n\t\t\t\t\t<p class=\"elementor-heading-title elementor-size-default\">de 60 min a 220,00 CHF<\/p>\t\t\t\t<\/div>\n\t\t\t\t<\/div>\n\t\t\t\t<div class=\"elementor-element elementor-element-678e3c55 elementor-widget elementor-widget-text-editor\" data-id=\"678e3c55\" data-element_type=\"widget\" data-e-type=\"widget\" data-widget_type=\"text-editor.default\">\n\t\t\t\t<div class=\"elementor-widget-container\">\n\t\t\t\t\t\t\t\t\tDiscute tu situaci\u00f3n con un abogado especializado en Suiza.\n\t\t\t\t\t\t\t\t<\/div>\n\t\t\t\t<\/div>\n\t\t\t\t<div class=\"elementor-element elementor-element-7b3b3afa elementor-widget-divider--view-line elementor-widget elementor-widget-divider\" data-id=\"7b3b3afa\" data-element_type=\"widget\" data-e-type=\"widget\" data-widget_type=\"divider.default\">\n\t\t\t\t<div class=\"elementor-widget-container\">\n\t\t\t\t\t\t\t<div class=\"elementor-divider\">\n\t\t\t<span class=\"elementor-divider-separator\">\n\t\t\t\t\t\t<\/span>\n\t\t<\/div>\n\t\t\t\t\t\t<\/div>\n\t\t\t\t<\/div>\n\t\t\t\t<div class=\"elementor-element elementor-element-51da44a9 elementor-widget elementor-widget-text-editor\" data-id=\"51da44a9\" data-element_type=\"widget\" data-e-type=\"widget\" data-widget_type=\"text-editor.default\">\n\t\t\t\t<div class=\"elementor-widget-container\">\n\t\t\t\t\t\t\t\t\t<p>\u00bfS\u00f3lo buscas una cita para hacer algunas preguntas?<br>\u00bfNo est\u00e1s seguro de los procedimientos que deseas realizar?<br>\u00bfTu situaci\u00f3n no est\u00e1 clara?<\/p><p><strong>Opta por una primera consulta con un abogado en Ginebra.<\/strong><\/p><p>Entonces decidir\u00e1s si quieres seguir adelante y nuestros abogados te dar\u00e1n el coste del procedimiento seg\u00fan tu caso. Citas disponibles en persona o por videoconferencia. <strong><br><\/strong><\/p>\t\t\t\t\t\t\t\t<\/div>\n\t\t\t\t<\/div>\n\t\t\t\t<div class=\"elementor-element elementor-element-768b83fb elementor-align-center elementor-widget elementor-widget-button\" data-id=\"768b83fb\" data-element_type=\"widget\" data-e-type=\"widget\" data-widget_type=\"button.default\">\n\t\t\t\t<div class=\"elementor-widget-container\">\n\t\t\t\t\t\t\t\t\t<div class=\"elementor-button-wrapper\">\n\t\t\t\t\t<a class=\"elementor-button elementor-button-link elementor-size-sm\" href=\"https:\/\/www.geneva-lawyers.com\/es\/contacto\/\">\n\t\t\t\t\t\t<span class=\"elementor-button-content-wrapper\">\n\t\t\t\t\t\t\t\t\t<span class=\"elementor-button-text\">Pide cita con un abogado<\/span>\n\t\t\t\t\t<\/span>\n\t\t\t\t\t<\/a>\n\t\t\t\t<\/div>\n\t\t\t\t\t\t\t\t<\/div>\n\t\t\t\t<\/div>\n\t\t\t\t\t<\/div>\n\t\t<\/div>\n\t\t\t\t\t<\/div>\n\t\t<\/section>\n\t\t\t\t<\/div>\n\t\t","protected":false},"excerpt":{"rendered":"<p>Pide cita con un abogado Un abogado para litigios comerciales en Suiza Asesoramiento jur\u00eddico para evitar conflictos Contratar a un abogado especializado en derecho mercantil es esencial tanto para el asesoramiento jur\u00eddico como para la prevenci\u00f3n de conflictos. Muchos conflictos pueden evitarse con una planificaci\u00f3n minuciosa desde el principio. Un abogado especializado en derecho mercantil &#8230; <a title=\"Asistencia en litigios comerciales en Suiza\" class=\"read-more\" href=\"https:\/\/www.geneva-lawyers.com\/es\/asistencia-litigios-comerciales-suiza\/\" aria-label=\"Leer m\u00e1s sobre Asistencia en litigios comerciales en Suiza\">Leer m\u00e1s<\/a><\/p>\n","protected":false},"author":1,"featured_media":0,"parent":0,"menu_order":0,"comment_status":"closed","ping_status":"closed","template":"elementor_header_footer","meta":{"_acf_changed":false,"_seopress_robots_primary_cat":"","_seopress_titles_title":"","_seopress_titles_desc":"","_seopress_robots_index":"","footnotes":""},"class_list":["post-31558","page","type-page","status-publish"],"acf":[],"_links":{"self":[{"href":"https:\/\/www.geneva-lawyers.com\/es\/wp-json\/wp\/v2\/pages\/31558","targetHints":{"allow":["GET"]}}],"collection":[{"href":"https:\/\/www.geneva-lawyers.com\/es\/wp-json\/wp\/v2\/pages"}],"about":[{"href":"https:\/\/www.geneva-lawyers.com\/es\/wp-json\/wp\/v2\/types\/page"}],"author":[{"embeddable":true,"href":"https:\/\/www.geneva-lawyers.com\/es\/wp-json\/wp\/v2\/users\/1"}],"replies":[{"embeddable":true,"href":"https:\/\/www.geneva-lawyers.com\/es\/wp-json\/wp\/v2\/comments?post=31558"}],"version-history":[{"count":6,"href":"https:\/\/www.geneva-lawyers.com\/es\/wp-json\/wp\/v2\/pages\/31558\/revisions"}],"predecessor-version":[{"id":34215,"href":"https:\/\/www.geneva-lawyers.com\/es\/wp-json\/wp\/v2\/pages\/31558\/revisions\/34215"}],"wp:attachment":[{"href":"https:\/\/www.geneva-lawyers.com\/es\/wp-json\/wp\/v2\/media?parent=31558"}],"curies":[{"name":"wp","href":"https:\/\/api.w.org\/{rel}","templated":true}]}}