{"id":31560,"date":"2024-05-24T14:42:54","date_gmt":"2024-05-24T12:42:54","guid":{"rendered":"https:\/\/www.geneva-lawyers.com\/derechos-y-obligaciones-de-trabajadores-y-empresarios-en-suiza\/"},"modified":"2025-04-14T15:11:20","modified_gmt":"2025-04-14T13:11:20","slug":"derechos-obligaciones-trabajadores-empresarios-suiza","status":"publish","type":"page","link":"https:\/\/www.geneva-lawyers.com\/es\/derechos-obligaciones-trabajadores-empresarios-suiza\/","title":{"rendered":"Derechos y obligaciones de trabajadores y empresarios en Suiza"},"content":{"rendered":"\t\t<div data-elementor-type=\"wp-page\" data-elementor-id=\"31560\" class=\"elementor elementor-31560 elementor-29469\" data-elementor-post-type=\"page\">\n\t\t\t\t\t\t<section class=\"elementor-section elementor-top-section elementor-element elementor-element-6119fc3d elementor-section-boxed elementor-section-height-default elementor-section-height-default\" data-id=\"6119fc3d\" data-element_type=\"section\" data-e-type=\"section\" data-settings=\"{&quot;background_background&quot;:&quot;classic&quot;}\">\n\t\t\t\t\t\t\t<div class=\"elementor-background-overlay\"><\/div>\n\t\t\t\t\t\t\t<div class=\"elementor-container elementor-column-gap-default\">\n\t\t\t\t\t<div class=\"elementor-column elementor-col-100 elementor-top-column elementor-element elementor-element-24ff072c\" data-id=\"24ff072c\" data-element_type=\"column\" data-e-type=\"column\">\n\t\t\t<div class=\"elementor-widget-wrap elementor-element-populated\">\n\t\t\t\t\t\t<div class=\"elementor-element elementor-element-12fe42cf elementor-widget-divider--view-line elementor-widget elementor-widget-divider\" data-id=\"12fe42cf\" data-element_type=\"widget\" data-e-type=\"widget\" data-widget_type=\"divider.default\">\n\t\t\t\t<div class=\"elementor-widget-container\">\n\t\t\t\t\t\t\t<div class=\"elementor-divider\">\n\t\t\t<span class=\"elementor-divider-separator\">\n\t\t\t\t\t\t<\/span>\n\t\t<\/div>\n\t\t\t\t\t\t<\/div>\n\t\t\t\t<\/div>\n\t\t\t\t<div class=\"elementor-element elementor-element-26239a75 elementor-align-center elementor-widget elementor-widget-button\" data-id=\"26239a75\" data-element_type=\"widget\" data-e-type=\"widget\" data-widget_type=\"button.default\">\n\t\t\t\t<div class=\"elementor-widget-container\">\n\t\t\t\t\t\t\t\t\t<div class=\"elementor-button-wrapper\">\n\t\t\t\t\t<a class=\"elementor-button elementor-button-link elementor-size-sm\" href=\"https:\/\/www.geneva-lawyers.com\/es\/contacto\/\">\n\t\t\t\t\t\t<span class=\"elementor-button-content-wrapper\">\n\t\t\t\t\t\t\t\t\t<span class=\"elementor-button-text\">Pide cita con un abogado<\/span>\n\t\t\t\t\t<\/span>\n\t\t\t\t\t<\/a>\n\t\t\t\t<\/div>\n\t\t\t\t\t\t\t\t<\/div>\n\t\t\t\t<\/div>\n\t\t\t\t\t<\/div>\n\t\t<\/div>\n\t\t\t\t\t<\/div>\n\t\t<\/section>\n\t\t\t\t<section class=\"elementor-section elementor-top-section elementor-element elementor-element-3aa9669 elementor-section-boxed elementor-section-height-default elementor-section-height-default\" data-id=\"3aa9669\" data-element_type=\"section\" data-e-type=\"section\">\n\t\t\t\t\t\t<div class=\"elementor-container elementor-column-gap-default\">\n\t\t\t\t\t<div class=\"elementor-column elementor-col-100 elementor-top-column elementor-element elementor-element-6f8900d5\" data-id=\"6f8900d5\" data-element_type=\"column\" data-e-type=\"column\">\n\t\t\t<div class=\"elementor-widget-wrap elementor-element-populated\">\n\t\t\t\t\t\t<div class=\"elementor-element elementor-element-3914080d elementor-widget elementor-widget-heading\" data-id=\"3914080d\" data-element_type=\"widget\" data-e-type=\"widget\" data-widget_type=\"heading.default\">\n\t\t\t\t<div class=\"elementor-widget-container\">\n\t\t\t\t\t<h2 class=\"elementor-heading-title elementor-size-default\">Derechos y obligaciones de trabajadores y empresarios en Suiza\n<\/h2>\t\t\t\t<\/div>\n\t\t\t\t<\/div>\n\t\t\t\t<div class=\"elementor-element elementor-element-d04c260 elementor-widget-divider--view-line elementor-widget elementor-widget-divider\" data-id=\"d04c260\" data-element_type=\"widget\" data-e-type=\"widget\" data-widget_type=\"divider.default\">\n\t\t\t\t<div class=\"elementor-widget-container\">\n\t\t\t\t\t\t\t<div class=\"elementor-divider\">\n\t\t\t<span class=\"elementor-divider-separator\">\n\t\t\t\t\t\t<\/span>\n\t\t<\/div>\n\t\t\t\t\t\t<\/div>\n\t\t\t\t<\/div>\n\t\t\t\t<div class=\"elementor-element elementor-element-bbd2918 elementor-widget elementor-widget-text-editor\" data-id=\"bbd2918\" data-element_type=\"widget\" data-e-type=\"widget\" data-widget_type=\"text-editor.default\">\n\t\t\t\t<div class=\"elementor-widget-container\">\n\t\t\t\t\t\t\t\t\t<p>La legislaci\u00f3n laboral suiza establece los derechos y obligaciones de empresarios y trabajadores. Los empresarios deben respetar los derechos de los empleados y tomar todas las medidas necesarias para proteger su integridad personal. Tambi\u00e9n est\u00e1n obligados a proporcionar condiciones de trabajo justas y equitativas, junto con informaci\u00f3n clara y completa sobre las tareas asignadas, las responsabilidades, las horas de trabajo y la remuneraci\u00f3n.  <\/p><p>Los empleados, por su parte, deben realizar su trabajo con esmero, cumplir las normas de la empresa y cuidar el equipo y los bienes del empresario. Deben trabajar con diligencia y permanecer leales a la empresa, lo que incluye proteger los secretos comerciales (art. 321a CO). Los empleados tienen derecho a salarios justos, horarios de trabajo razonables, vacaciones anuales, seguro m\u00e9dico y planes de pensiones.  <\/p><h2>Salud y seguridad en el trabajo<\/h2><p>La salud y la seguridad en el trabajo son preocupaciones importantes tanto para los empresarios como para los trabajadores en Suiza. Los trabajadores tienen derecho a un entorno laboral seguro y saludable. Los empresarios deben aplicar medidas para prevenir los accidentes laborales y las enfermedades profesionales, tal y como establece la Ley Federal del Seguro de Accidentes (LAA). Esto incluye evaluar los riesgos para la salud y la seguridad y adoptar las medidas preventivas adecuadas, como organizar el trabajo de forma que se minimicen los riesgos para la salud y la fatiga de los trabajadores (art. 6, apdo. 2 LTr). Los empresarios deben proporcionar equipos de protecci\u00f3n individual (EPI) a los trabajadores expuestos a riesgos laborales, como los que realizan trabajos en la construcci\u00f3n o la industria.    <\/p><p>Los trabajadores deben cooperar con los empresarios en la aplicaci\u00f3n de las medidas de protecci\u00f3n de la salud y ayudar a garantizar el cumplimiento de las normas de protecci\u00f3n de la salud (Art. 6 p\u00e1rrafo 3 LTr). Los empresarios tambi\u00e9n deben proporcionar instrucciones claras sobre los procedimientos de emergencia en caso de accidente y garantizar que los empleados no se vean obligados a consumir alcohol u otras sustancias psicotr\u00f3picas en el trabajo, salvo en condiciones espec\u00edficas definidas por el Consejo Federal (Art. 6 p\u00e1rr. 2bis LTr). Si los trabajadores consideran que las condiciones de trabajo son peligrosas, deben informar al empresario inmediatamente. Si el empresario no aborda la cuesti\u00f3n, los empleados pueden negarse a trabajar hasta que se corrijan las condiciones.   <\/p><h2>Formaci\u00f3n profesional e igualdad de oportunidades<\/h2><p>La formaci\u00f3n profesional y la igualdad de oportunidades son aspectos importantes de la legislaci\u00f3n laboral suiza, regulados por la Ley Federal de Formaci\u00f3n Profesional (LFPr) y la Ley Federal de Igualdad de G\u00e9nero (LEg). La formaci\u00f3n profesional es una piedra angular de la educaci\u00f3n y el empleo en Suiza y es crucial para garantizar la igualdad de oportunidades. El sistema de formaci\u00f3n dual permite a los aprendices recibir formaci\u00f3n pr\u00e1ctica en las empresas mientras asisten a cursos te\u00f3ricos en las escuelas de formaci\u00f3n profesional. Este sistema beneficia a las empresas, ya que les permite formar a sus empleados para que cumplan las normas de calidad a largo plazo.   <\/p><p>Los empresarios deben proporcionar formaci\u00f3n profesional a los empleados seg\u00fan sus capacidades y habilidades, y tambi\u00e9n ofrecer formaci\u00f3n continua para ayudar a los empleados a mantener y mejorar sus competencias. La igualdad de oportunidades es un derecho fundamental en Suiza. La LEg obliga a los empresarios a tratar por igual a hombres y mujeres en materia de contrataci\u00f3n, promoci\u00f3n, formaci\u00f3n y remuneraci\u00f3n. Para promover la igualdad de g\u00e9nero en la formaci\u00f3n profesional, se han introducido medidas como las cuotas para animar a las mujeres a entrar en campos tradicionalmente dominados por los hombres. Los empresarios deben cumplir los requisitos legales de igualdad de trato y aplicar pol\u00edticas y procedimientos para promover la igualdad dentro de sus organizaciones.    <\/p><h2>Gesti\u00f3n de recursos humanos y procedimientos disciplinarios<\/h2><p>La gesti\u00f3n de los recursos humanos es un \u00e1rea vital para las empresas en Suiza e incluye la gesti\u00f3n de los procedimientos disciplinarios. Estos procedimientos tienen por objeto resolver conflictos entre los empleados y la empresa, y pueden desencadenarse por infracciones o violaciones de las normas de la empresa. Los empresarios deben respetar los derechos de los empleados relativos a la integridad personal, el trato justo y la privacidad. Deben establecer procedimientos disciplinarios justos y equitativos, dando a los empleados la oportunidad de defenderse de las acusaciones. Las medidas disciplinarias deben ser proporcionales a la gravedad de la infracci\u00f3n e indicarse con claridad y precisi\u00f3n. Los empleados tambi\u00e9n deben ser informados de sus derechos y opciones de recurso en caso de acci\u00f3n disciplinaria.     <\/p><p>En caso de conflicto laboral, se recomienda consultar a un abogado laboralista para obtener asistencia jur\u00eddica a medida. As\u00ed se garantiza la adecuada protecci\u00f3n de los derechos e intereses de ambas partes, sobre todo teniendo en cuenta la necesidad de respetar plazos y requisitos legales espec\u00edficos. <\/p>\t\t\t\t\t\t\t\t<\/div>\n\t\t\t\t<\/div>\n\t\t\t\t\t<\/div>\n\t\t<\/div>\n\t\t\t\t\t<\/div>\n\t\t<\/section>\n\t\t\t\t<section class=\"elementor-section elementor-top-section elementor-element elementor-element-5ef2c10b elementor-section-full_width elementor-section-height-min-height elementor-section-items-stretch elementor-section-content-middle elementor-section-height-default\" data-id=\"5ef2c10b\" data-element_type=\"section\" data-e-type=\"section\" data-settings=\"{&quot;background_background&quot;:&quot;classic&quot;}\">\n\t\t\t\t\t\t<div class=\"elementor-container elementor-column-gap-no\">\n\t\t\t\t\t<div class=\"elementor-column elementor-col-50 elementor-top-column elementor-element elementor-element-547e7e73\" data-id=\"547e7e73\" data-element_type=\"column\" data-e-type=\"column\" data-settings=\"{&quot;background_background&quot;:&quot;classic&quot;}\">\n\t\t\t<div class=\"elementor-widget-wrap elementor-element-populated\">\n\t\t\t\t\t\t<div class=\"elementor-element elementor-element-5c387d73 elementor-widget elementor-widget-spacer\" data-id=\"5c387d73\" data-element_type=\"widget\" data-e-type=\"widget\" data-widget_type=\"spacer.default\">\n\t\t\t\t<div class=\"elementor-widget-container\">\n\t\t\t\t\t\t\t<div class=\"elementor-spacer\">\n\t\t\t<div class=\"elementor-spacer-inner\"><\/div>\n\t\t<\/div>\n\t\t\t\t\t\t<\/div>\n\t\t\t\t<\/div>\n\t\t\t\t\t<\/div>\n\t\t<\/div>\n\t\t\t\t<div class=\"elementor-column elementor-col-50 elementor-top-column elementor-element elementor-element-602d44d2\" data-id=\"602d44d2\" data-element_type=\"column\" data-e-type=\"column\" data-settings=\"{&quot;background_background&quot;:&quot;classic&quot;}\">\n\t\t\t<div class=\"elementor-widget-wrap elementor-element-populated\">\n\t\t\t\t\t\t<div class=\"elementor-element elementor-element-6ce15d03 elementor-widget elementor-widget-heading\" data-id=\"6ce15d03\" data-element_type=\"widget\" data-e-type=\"widget\" data-widget_type=\"heading.default\">\n\t\t\t\t<div class=\"elementor-widget-container\">\n\t\t\t\t\t<p class=\"elementor-heading-title elementor-size-default\">Consulta inicial  <\/p>\t\t\t\t<\/div>\n\t\t\t\t<\/div>\n\t\t\t\t<div class=\"elementor-element elementor-element-11e82fca elementor-widget elementor-widget-heading\" data-id=\"11e82fca\" data-element_type=\"widget\" data-e-type=\"widget\" data-widget_type=\"heading.default\">\n\t\t\t\t<div class=\"elementor-widget-container\">\n\t\t\t\t\t<p class=\"elementor-heading-title elementor-size-default\">de 60 min a 220,00 CHF<\/p>\t\t\t\t<\/div>\n\t\t\t\t<\/div>\n\t\t\t\t<div class=\"elementor-element elementor-element-215e1eeb elementor-widget elementor-widget-text-editor\" data-id=\"215e1eeb\" data-element_type=\"widget\" data-e-type=\"widget\" data-widget_type=\"text-editor.default\">\n\t\t\t\t<div class=\"elementor-widget-container\">\n\t\t\t\t\t\t\t\t\tDiscute tu situaci\u00f3n con un abogado especializado en Suiza.\n\t\t\t\t\t\t\t\t<\/div>\n\t\t\t\t<\/div>\n\t\t\t\t<div class=\"elementor-element elementor-element-7ac5eabe elementor-widget-divider--view-line elementor-widget elementor-widget-divider\" data-id=\"7ac5eabe\" data-element_type=\"widget\" data-e-type=\"widget\" data-widget_type=\"divider.default\">\n\t\t\t\t<div class=\"elementor-widget-container\">\n\t\t\t\t\t\t\t<div class=\"elementor-divider\">\n\t\t\t<span class=\"elementor-divider-separator\">\n\t\t\t\t\t\t<\/span>\n\t\t<\/div>\n\t\t\t\t\t\t<\/div>\n\t\t\t\t<\/div>\n\t\t\t\t<div class=\"elementor-element elementor-element-250e384e elementor-widget elementor-widget-text-editor\" data-id=\"250e384e\" data-element_type=\"widget\" data-e-type=\"widget\" data-widget_type=\"text-editor.default\">\n\t\t\t\t<div class=\"elementor-widget-container\">\n\t\t\t\t\t\t\t\t\t<p>\u00bfS\u00f3lo buscas una cita para hacer algunas preguntas?<br>\u00bfNo est\u00e1s seguro de los procedimientos que deseas realizar?<br>\u00bfTu situaci\u00f3n no est\u00e1 clara?<\/p><p><strong>Opta por una primera consulta con un abogado en Ginebra.<\/strong><\/p><p>Entonces decidir\u00e1s si quieres seguir adelante y nuestros abogados te dar\u00e1n el coste del procedimiento seg\u00fan tu caso. Citas disponibles en persona o por videoconferencia. <strong><br><\/strong><\/p>\t\t\t\t\t\t\t\t<\/div>\n\t\t\t\t<\/div>\n\t\t\t\t<div class=\"elementor-element elementor-element-1be73611 elementor-align-center elementor-widget elementor-widget-button\" data-id=\"1be73611\" data-element_type=\"widget\" data-e-type=\"widget\" data-widget_type=\"button.default\">\n\t\t\t\t<div class=\"elementor-widget-container\">\n\t\t\t\t\t\t\t\t\t<div class=\"elementor-button-wrapper\">\n\t\t\t\t\t<a class=\"elementor-button elementor-button-link elementor-size-sm\" href=\"https:\/\/www.geneva-lawyers.com\/es\/contacto\/\">\n\t\t\t\t\t\t<span class=\"elementor-button-content-wrapper\">\n\t\t\t\t\t\t\t\t\t<span class=\"elementor-button-text\">Pide cita con un abogado<\/span>\n\t\t\t\t\t<\/span>\n\t\t\t\t\t<\/a>\n\t\t\t\t<\/div>\n\t\t\t\t\t\t\t\t<\/div>\n\t\t\t\t<\/div>\n\t\t\t\t\t<\/div>\n\t\t<\/div>\n\t\t\t\t\t<\/div>\n\t\t<\/section>\n\t\t\t\t<\/div>\n\t\t","protected":false},"excerpt":{"rendered":"<p>Pide cita con un abogado Derechos y obligaciones de trabajadores y empresarios en Suiza La legislaci\u00f3n laboral suiza establece los derechos y obligaciones de empresarios y trabajadores. Los empresarios deben respetar los derechos de los empleados y tomar todas las medidas necesarias para proteger su integridad personal. Tambi\u00e9n est\u00e1n obligados a proporcionar condiciones de trabajo &#8230; <a title=\"Derechos y obligaciones de trabajadores y empresarios en Suiza\" class=\"read-more\" href=\"https:\/\/www.geneva-lawyers.com\/es\/derechos-obligaciones-trabajadores-empresarios-suiza\/\" aria-label=\"Leer m\u00e1s sobre Derechos y obligaciones de trabajadores y empresarios en Suiza\">Leer m\u00e1s<\/a><\/p>\n","protected":false},"author":1,"featured_media":0,"parent":0,"menu_order":0,"comment_status":"closed","ping_status":"closed","template":"elementor_header_footer","meta":{"_acf_changed":false,"_seopress_robots_primary_cat":"","_seopress_titles_title":"","_seopress_titles_desc":"","_seopress_robots_index":"","footnotes":""},"class_list":["post-31560","page","type-page","status-publish"],"acf":[],"_links":{"self":[{"href":"https:\/\/www.geneva-lawyers.com\/es\/wp-json\/wp\/v2\/pages\/31560","targetHints":{"allow":["GET"]}}],"collection":[{"href":"https:\/\/www.geneva-lawyers.com\/es\/wp-json\/wp\/v2\/pages"}],"about":[{"href":"https:\/\/www.geneva-lawyers.com\/es\/wp-json\/wp\/v2\/types\/page"}],"author":[{"embeddable":true,"href":"https:\/\/www.geneva-lawyers.com\/es\/wp-json\/wp\/v2\/users\/1"}],"replies":[{"embeddable":true,"href":"https:\/\/www.geneva-lawyers.com\/es\/wp-json\/wp\/v2\/comments?post=31560"}],"version-history":[{"count":6,"href":"https:\/\/www.geneva-lawyers.com\/es\/wp-json\/wp\/v2\/pages\/31560\/revisions"}],"predecessor-version":[{"id":33775,"href":"https:\/\/www.geneva-lawyers.com\/es\/wp-json\/wp\/v2\/pages\/31560\/revisions\/33775"}],"wp:attachment":[{"href":"https:\/\/www.geneva-lawyers.com\/es\/wp-json\/wp\/v2\/media?parent=31560"}],"curies":[{"name":"wp","href":"https:\/\/api.w.org\/{rel}","templated":true}]}}