{"id":31564,"date":"2024-05-25T16:20:54","date_gmt":"2024-05-25T14:20:54","guid":{"rendered":"https:\/\/www.geneva-lawyers.com\/crear-una-empresa-en-suiza\/"},"modified":"2025-04-14T15:21:12","modified_gmt":"2025-04-14T13:21:12","slug":"crear-empresa-suiza","status":"publish","type":"page","link":"https:\/\/www.geneva-lawyers.com\/es\/crear-empresa-suiza\/","title":{"rendered":"Crear una empresa en Suiza"},"content":{"rendered":"\t\t<div data-elementor-type=\"wp-page\" data-elementor-id=\"31564\" class=\"elementor elementor-31564 elementor-29501\" data-elementor-post-type=\"page\">\n\t\t\t\t\t\t<section class=\"elementor-section elementor-top-section elementor-element elementor-element-ae1374d elementor-section-boxed elementor-section-height-default elementor-section-height-default\" data-id=\"ae1374d\" data-element_type=\"section\" data-e-type=\"section\" data-settings=\"{&quot;background_background&quot;:&quot;classic&quot;}\">\n\t\t\t\t\t\t\t<div class=\"elementor-background-overlay\"><\/div>\n\t\t\t\t\t\t\t<div class=\"elementor-container elementor-column-gap-default\">\n\t\t\t\t\t<div class=\"elementor-column elementor-col-100 elementor-top-column elementor-element elementor-element-66979468\" data-id=\"66979468\" data-element_type=\"column\" data-e-type=\"column\">\n\t\t\t<div class=\"elementor-widget-wrap elementor-element-populated\">\n\t\t\t\t\t\t<div class=\"elementor-element elementor-element-1f198d86 elementor-widget-divider--view-line elementor-widget elementor-widget-divider\" data-id=\"1f198d86\" data-element_type=\"widget\" data-e-type=\"widget\" data-widget_type=\"divider.default\">\n\t\t\t\t<div class=\"elementor-widget-container\">\n\t\t\t\t\t\t\t<div class=\"elementor-divider\">\n\t\t\t<span class=\"elementor-divider-separator\">\n\t\t\t\t\t\t<\/span>\n\t\t<\/div>\n\t\t\t\t\t\t<\/div>\n\t\t\t\t<\/div>\n\t\t\t\t<div class=\"elementor-element elementor-element-7d957ac7 elementor-align-center elementor-widget elementor-widget-button\" data-id=\"7d957ac7\" data-element_type=\"widget\" data-e-type=\"widget\" data-widget_type=\"button.default\">\n\t\t\t\t<div class=\"elementor-widget-container\">\n\t\t\t\t\t\t\t\t\t<div class=\"elementor-button-wrapper\">\n\t\t\t\t\t<a class=\"elementor-button elementor-button-link elementor-size-sm\" href=\"https:\/\/www.geneva-lawyers.com\/es\/contacto\/\">\n\t\t\t\t\t\t<span class=\"elementor-button-content-wrapper\">\n\t\t\t\t\t\t\t\t\t<span class=\"elementor-button-text\">Pide cita con un abogado<\/span>\n\t\t\t\t\t<\/span>\n\t\t\t\t\t<\/a>\n\t\t\t\t<\/div>\n\t\t\t\t\t\t\t\t<\/div>\n\t\t\t\t<\/div>\n\t\t\t\t\t<\/div>\n\t\t<\/div>\n\t\t\t\t\t<\/div>\n\t\t<\/section>\n\t\t\t\t<section class=\"elementor-section elementor-top-section elementor-element elementor-element-ac9f9c1 elementor-section-boxed elementor-section-height-default elementor-section-height-default\" data-id=\"ac9f9c1\" data-element_type=\"section\" data-e-type=\"section\">\n\t\t\t\t\t\t<div class=\"elementor-container elementor-column-gap-default\">\n\t\t\t\t\t<div class=\"elementor-column elementor-col-100 elementor-top-column elementor-element elementor-element-763d46dd\" data-id=\"763d46dd\" data-element_type=\"column\" data-e-type=\"column\">\n\t\t\t<div class=\"elementor-widget-wrap elementor-element-populated\">\n\t\t\t\t\t\t<div class=\"elementor-element elementor-element-3ac8547f elementor-widget elementor-widget-heading\" data-id=\"3ac8547f\" data-element_type=\"widget\" data-e-type=\"widget\" data-widget_type=\"heading.default\">\n\t\t\t\t<div class=\"elementor-widget-container\">\n\t\t\t\t\t<h2 class=\"elementor-heading-title elementor-size-default\">C\u00f3mo elegir la forma jur\u00eddica de tu empresa en Suiza<\/h2>\t\t\t\t<\/div>\n\t\t\t\t<\/div>\n\t\t\t\t<div class=\"elementor-element elementor-element-60c92aa3 elementor-widget-divider--view-line elementor-widget elementor-widget-divider\" data-id=\"60c92aa3\" data-element_type=\"widget\" data-e-type=\"widget\" data-widget_type=\"divider.default\">\n\t\t\t\t<div class=\"elementor-widget-container\">\n\t\t\t\t\t\t\t<div class=\"elementor-divider\">\n\t\t\t<span class=\"elementor-divider-separator\">\n\t\t\t\t\t\t<\/span>\n\t\t<\/div>\n\t\t\t\t\t\t<\/div>\n\t\t\t\t<\/div>\n\t\t\t\t<div class=\"elementor-element elementor-element-d55c0ef elementor-widget elementor-widget-text-editor\" data-id=\"d55c0ef\" data-element_type=\"widget\" data-e-type=\"widget\" data-widget_type=\"text-editor.default\">\n\t\t\t\t<div class=\"elementor-widget-container\">\n\t\t\t\t\t\t\t\t\t<p>Seleccionar la estructura jur\u00eddica adecuada para tu empresa es crucial. Las formas jur\u00eddicas m\u00e1s comunes para las peque\u00f1as y medianas empresas (PYMES) en Suiza son la empresa individual, la sociedad de responsabilidad limitada (SRL o S\u00e0rl) y la sociedad an\u00f3nima (SA). Otras formas jur\u00eddicas menos comunes, como la sociedad colectiva (SNC), la sociedad comanditaria, la sociedad comanditaria simple (SS), la cooperativa y la asociaci\u00f3n, tambi\u00e9n pueden ser adecuadas, en funci\u00f3n de tus necesidades empresariales.  <\/p><p>La elecci\u00f3n de la forma jur\u00eddica tiene importantes implicaciones para tu empresa, ya que afecta a la responsabilidad, los requisitos de capital m\u00ednimo, los procedimientos de creaci\u00f3n y la organizaci\u00f3n general. El tratamiento fiscal tambi\u00e9n se ve influido por la estructura elegida. <\/p><p>Por ejemplo, el capital m\u00ednimo necesario para constituir una SRL es de 20.000 CHF, mientras que una sociedad an\u00f3nima requiere 100.000 CHF. En cambio, una empresa individual o una sociedad colectiva pueden constituirse sin capital m\u00ednimo. <\/p><p>Los tr\u00e1mites para crear una empresa tambi\u00e9n var\u00edan seg\u00fan la forma jur\u00eddica. Una empresa individual s\u00f3lo necesita inscribirse en el Registro Mercantil si su facturaci\u00f3n anual supera los 100.000 CHF. En cambio, una sociedad an\u00f3nima debe constituirse mediante escritura p\u00fablica e inscribirse en el Registro Mercantil.  <\/p><p>Nuestros abogados especializados pueden asesorarte personalmente sobre la opci\u00f3n m\u00e1s adecuada para crear tu propia empresa.<\/p><h2>\u00bfCu\u00e1l es la responsabilidad de los miembros de una entidad mercantil?<\/h2><p>La responsabilidad de los miembros de una entidad mercantil depende directamente de la forma jur\u00eddica elegida.<\/p><p>La exposici\u00f3n al riesgo es una distinci\u00f3n clave entre las sociedades de capital (SRL, SA) y las sociedades personalistas.<\/p><p>Si no quieres o no puedes asumir los riesgos y responsabilidades de tu empresa con tu patrimonio personal, deber\u00edas plantearte operar a trav\u00e9s de una sociedad de capital.<\/p><p>En una empresa unipersonal, el propietario es personal e ilimitadamente responsable de las acciones y deudas de la empresa. Lo mismo ocurre con los miembros de una sociedad colectiva, que son responsables solidarios de las deudas de la sociedad. <\/p><p>Por el contrario, los socios de una sociedad de capital tienen dos patrimonios separados: su patrimonio personal y el patrimonio de la sociedad. Por tanto, su responsabilidad se limita al patrimonio de la sociedad, siempre que las acciones hayan sido totalmente desembolsadas. Los acreedores no pueden perseguir directamente a los socios de una sociedad de capital en quiebra, salvo en casos espec\u00edficos.  <\/p><p>Cuanto mayor sea el riesgo empresarial o la aportaci\u00f3n econ\u00f3mica, m\u00e1s aconsejable es elegir una sociedad de capital.<\/p><h2>\u00bfCu\u00e1l es la importancia de un estatuto de empresa?<\/h2><p>Los estatutos incluyen informaci\u00f3n esencial sobre la entidad jur\u00eddica, como su nombre, finalidad y domicilio social. Tambi\u00e9n contienen normas sobre la organizaci\u00f3n de la entidad, incluida la designaci\u00f3n de los \u00f3rganos de gobierno y los derechos de voto de los miembros durante la asamblea general. La lectura de los estatutos revela los poderes de los representantes de la empresa y su autoridad para tomar decisiones.  <\/p><p>Los estatutos se publicar\u00e1n en el registro mercantil, con lo que la informaci\u00f3n ser\u00e1 accesible y vinculante para todas las partes interesadas.<\/p><p>En el caso de una sociedad an\u00f3nima, los estatutos tambi\u00e9n incluir\u00e1n informaci\u00f3n crucial sobre el capital social y el importe desembolsado, detalles sobre las acciones (n\u00famero y valor nominal), y el nombramiento de los miembros del consejo de administraci\u00f3n y del \u00f3rgano de auditor\u00eda. La ley establece requisitos m\u00ednimos de contenido para los estatutos de las sociedades de capital, que deben estar autenticados. <\/p><p>Adem\u00e1s de los requisitos b\u00e1sicos, se recomienda a\u00f1adir especificaciones a tus estatutos, como las aportaciones en especie, los procedimientos de la asamblea general y la forma de convocar a la junta directiva.<\/p><p>Revisar los estatutos permite a un abogado especializado en derecho mercantil recabar informaci\u00f3n sobre el funcionamiento de la entidad, lo que ayuda a desarrollar estrategias acordes con el proyecto, asunto o litigio actual.<\/p><h2>\u00bfPor qu\u00e9 es importante la finalidad de mi entidad comercial?<\/h2><p>La finalidad de tu entidad mercantil es un elemento fundamental en su fundaci\u00f3n, ya que define las razones de su creaci\u00f3n, su misi\u00f3n y sus objetivos. Este prop\u00f3sito se incluir\u00e1 en los estatutos e informar\u00e1 al p\u00fablico sobre las actividades de la empresa. <\/p><p>La finalidad de la entidad puede ser econ\u00f3mica, comercial o no lucrativa. Tambi\u00e9n es esencial que el fin sea l\u00edcito: un fin inmoral o ilegal impedir\u00e1 la constituci\u00f3n de la empresa. <\/p><p>El prop\u00f3sito proporciona un principio rector para la misi\u00f3n de la empresa, al tiempo que limita las posibles actividades empresariales. En las sociedades de capital, los poderes de los representantes est\u00e1n definidos con precisi\u00f3n por el objeto, lo que les permite dedicar a la entidad \u00fanicamente a actividades relacionadas con el objeto declarado. <\/p><p>El reto a la hora de definir el prop\u00f3sito de la empresa es que sea lo suficientemente amplio como para permitir el crecimiento y, al mismo tiempo, lo suficientemente preciso como para que las partes interesadas comprendan la misi\u00f3n de la empresa.<\/p><p>Algunas formas jur\u00eddicas, por ley, no pueden tener principalmente fines lucrativos. Por ejemplo, las asociaciones y fundaciones deben perseguir un fin ideal (actividades pol\u00edticas, art\u00edsticas, religiosas, ben\u00e9ficas, etc.). La finalidad de una asociaci\u00f3n considerada de utilidad p\u00fablica puede darle derecho a la exenci\u00f3n fiscal. Un abogado especializado en derecho mercantil puede asesorarte sobre el cumplimiento de estas condiciones.   <\/p>\t\t\t\t\t\t\t\t<\/div>\n\t\t\t\t<\/div>\n\t\t\t\t\t<\/div>\n\t\t<\/div>\n\t\t\t\t\t<\/div>\n\t\t<\/section>\n\t\t\t\t<section class=\"elementor-section elementor-top-section elementor-element elementor-element-15a7ffc8 elementor-section-full_width elementor-section-height-min-height elementor-section-items-stretch elementor-section-content-middle elementor-section-height-default\" data-id=\"15a7ffc8\" data-element_type=\"section\" data-e-type=\"section\" data-settings=\"{&quot;background_background&quot;:&quot;classic&quot;}\">\n\t\t\t\t\t\t<div class=\"elementor-container elementor-column-gap-no\">\n\t\t\t\t\t<div class=\"elementor-column elementor-col-50 elementor-top-column elementor-element elementor-element-2e82b7fd\" data-id=\"2e82b7fd\" data-element_type=\"column\" data-e-type=\"column\" data-settings=\"{&quot;background_background&quot;:&quot;classic&quot;}\">\n\t\t\t<div class=\"elementor-widget-wrap elementor-element-populated\">\n\t\t\t\t\t\t<div class=\"elementor-element elementor-element-5966e656 elementor-widget elementor-widget-spacer\" data-id=\"5966e656\" data-element_type=\"widget\" data-e-type=\"widget\" data-widget_type=\"spacer.default\">\n\t\t\t\t<div class=\"elementor-widget-container\">\n\t\t\t\t\t\t\t<div class=\"elementor-spacer\">\n\t\t\t<div class=\"elementor-spacer-inner\"><\/div>\n\t\t<\/div>\n\t\t\t\t\t\t<\/div>\n\t\t\t\t<\/div>\n\t\t\t\t\t<\/div>\n\t\t<\/div>\n\t\t\t\t<div class=\"elementor-column elementor-col-50 elementor-top-column elementor-element elementor-element-5686da68\" data-id=\"5686da68\" data-element_type=\"column\" data-e-type=\"column\" data-settings=\"{&quot;background_background&quot;:&quot;classic&quot;}\">\n\t\t\t<div class=\"elementor-widget-wrap elementor-element-populated\">\n\t\t\t\t\t\t<div class=\"elementor-element elementor-element-60d3fced elementor-widget elementor-widget-heading\" data-id=\"60d3fced\" data-element_type=\"widget\" data-e-type=\"widget\" data-widget_type=\"heading.default\">\n\t\t\t\t<div class=\"elementor-widget-container\">\n\t\t\t\t\t<p class=\"elementor-heading-title elementor-size-default\">Consulta inicial  <\/p>\t\t\t\t<\/div>\n\t\t\t\t<\/div>\n\t\t\t\t<div class=\"elementor-element elementor-element-538549e3 elementor-widget elementor-widget-heading\" data-id=\"538549e3\" data-element_type=\"widget\" data-e-type=\"widget\" data-widget_type=\"heading.default\">\n\t\t\t\t<div class=\"elementor-widget-container\">\n\t\t\t\t\t<p class=\"elementor-heading-title elementor-size-default\">de 60 min a 220,00 CHF<\/p>\t\t\t\t<\/div>\n\t\t\t\t<\/div>\n\t\t\t\t<div class=\"elementor-element elementor-element-18f46648 elementor-widget elementor-widget-text-editor\" data-id=\"18f46648\" data-element_type=\"widget\" data-e-type=\"widget\" data-widget_type=\"text-editor.default\">\n\t\t\t\t<div class=\"elementor-widget-container\">\n\t\t\t\t\t\t\t\t\tDiscute tu situaci\u00f3n con un abogado especializado en Suiza.\n\t\t\t\t\t\t\t\t<\/div>\n\t\t\t\t<\/div>\n\t\t\t\t<div class=\"elementor-element elementor-element-1ca22a76 elementor-widget-divider--view-line elementor-widget elementor-widget-divider\" data-id=\"1ca22a76\" data-element_type=\"widget\" data-e-type=\"widget\" data-widget_type=\"divider.default\">\n\t\t\t\t<div class=\"elementor-widget-container\">\n\t\t\t\t\t\t\t<div class=\"elementor-divider\">\n\t\t\t<span class=\"elementor-divider-separator\">\n\t\t\t\t\t\t<\/span>\n\t\t<\/div>\n\t\t\t\t\t\t<\/div>\n\t\t\t\t<\/div>\n\t\t\t\t<div class=\"elementor-element elementor-element-57aabc94 elementor-widget elementor-widget-text-editor\" data-id=\"57aabc94\" data-element_type=\"widget\" data-e-type=\"widget\" data-widget_type=\"text-editor.default\">\n\t\t\t\t<div class=\"elementor-widget-container\">\n\t\t\t\t\t\t\t\t\t<p>\u00bfS\u00f3lo buscas una cita para hacer algunas preguntas?<br>\u00bfNo est\u00e1s seguro de los procedimientos que deseas realizar?<br>\u00bfTu situaci\u00f3n no est\u00e1 clara?<\/p><p><strong>Opta por una primera consulta con un abogado en Ginebra.<\/strong><\/p><p>Entonces decidir\u00e1s si quieres seguir adelante y nuestros abogados te dar\u00e1n el coste del procedimiento seg\u00fan tu caso. Citas disponibles en persona o por videoconferencia. <strong><br><\/strong><\/p>\t\t\t\t\t\t\t\t<\/div>\n\t\t\t\t<\/div>\n\t\t\t\t<div class=\"elementor-element elementor-element-2d725528 elementor-align-center elementor-widget elementor-widget-button\" data-id=\"2d725528\" data-element_type=\"widget\" data-e-type=\"widget\" data-widget_type=\"button.default\">\n\t\t\t\t<div class=\"elementor-widget-container\">\n\t\t\t\t\t\t\t\t\t<div class=\"elementor-button-wrapper\">\n\t\t\t\t\t<a class=\"elementor-button elementor-button-link elementor-size-sm\" href=\"https:\/\/www.geneva-lawyers.com\/es\/contacto\/\">\n\t\t\t\t\t\t<span class=\"elementor-button-content-wrapper\">\n\t\t\t\t\t\t\t\t\t<span class=\"elementor-button-text\">Pide cita con un abogado<\/span>\n\t\t\t\t\t<\/span>\n\t\t\t\t\t<\/a>\n\t\t\t\t<\/div>\n\t\t\t\t\t\t\t\t<\/div>\n\t\t\t\t<\/div>\n\t\t\t\t\t<\/div>\n\t\t<\/div>\n\t\t\t\t\t<\/div>\n\t\t<\/section>\n\t\t\t\t<\/div>\n\t\t","protected":false},"excerpt":{"rendered":"<p>Pide cita con un abogado C\u00f3mo elegir la forma jur\u00eddica de tu empresa en Suiza Seleccionar la estructura jur\u00eddica adecuada para tu empresa es crucial. Las formas jur\u00eddicas m\u00e1s comunes para las peque\u00f1as y medianas empresas (PYMES) en Suiza son la empresa individual, la sociedad de responsabilidad limitada (SRL o S\u00e0rl) y la sociedad an\u00f3nima &#8230; <a title=\"Crear una empresa en Suiza\" class=\"read-more\" href=\"https:\/\/www.geneva-lawyers.com\/es\/crear-empresa-suiza\/\" aria-label=\"Leer m\u00e1s sobre Crear una empresa en Suiza\">Leer m\u00e1s<\/a><\/p>\n","protected":false},"author":1,"featured_media":0,"parent":0,"menu_order":0,"comment_status":"closed","ping_status":"closed","template":"elementor_header_footer","meta":{"_acf_changed":false,"_seopress_robots_primary_cat":"","_seopress_titles_title":"","_seopress_titles_desc":"","_seopress_robots_index":"","footnotes":""},"class_list":["post-31564","page","type-page","status-publish"],"acf":[],"_links":{"self":[{"href":"https:\/\/www.geneva-lawyers.com\/es\/wp-json\/wp\/v2\/pages\/31564","targetHints":{"allow":["GET"]}}],"collection":[{"href":"https:\/\/www.geneva-lawyers.com\/es\/wp-json\/wp\/v2\/pages"}],"about":[{"href":"https:\/\/www.geneva-lawyers.com\/es\/wp-json\/wp\/v2\/types\/page"}],"author":[{"embeddable":true,"href":"https:\/\/www.geneva-lawyers.com\/es\/wp-json\/wp\/v2\/users\/1"}],"replies":[{"embeddable":true,"href":"https:\/\/www.geneva-lawyers.com\/es\/wp-json\/wp\/v2\/comments?post=31564"}],"version-history":[{"count":6,"href":"https:\/\/www.geneva-lawyers.com\/es\/wp-json\/wp\/v2\/pages\/31564\/revisions"}],"predecessor-version":[{"id":33809,"href":"https:\/\/www.geneva-lawyers.com\/es\/wp-json\/wp\/v2\/pages\/31564\/revisions\/33809"}],"wp:attachment":[{"href":"https:\/\/www.geneva-lawyers.com\/es\/wp-json\/wp\/v2\/media?parent=31564"}],"curies":[{"name":"wp","href":"https:\/\/api.w.org\/{rel}","templated":true}]}}