{"id":31566,"date":"2024-05-24T14:36:05","date_gmt":"2024-05-24T12:36:05","guid":{"rendered":"https:\/\/www.geneva-lawyers.com\/condiciones-de-trabajo-y-remuneracion-en-suiza\/"},"modified":"2025-04-14T13:58:53","modified_gmt":"2025-04-14T11:58:53","slug":"condiciones-trabajo-remuneracion-suiza","status":"publish","type":"page","link":"https:\/\/www.geneva-lawyers.com\/es\/condiciones-trabajo-remuneracion-suiza\/","title":{"rendered":"Condiciones de trabajo y remuneraci\u00f3n en Suiza"},"content":{"rendered":"\t\t<div data-elementor-type=\"wp-page\" data-elementor-id=\"31566\" class=\"elementor elementor-31566 elementor-29459\" data-elementor-post-type=\"page\">\n\t\t\t\t\t\t<section class=\"elementor-section elementor-top-section elementor-element elementor-element-2c2b45c9 elementor-section-boxed elementor-section-height-default elementor-section-height-default\" data-id=\"2c2b45c9\" data-element_type=\"section\" data-e-type=\"section\" data-settings=\"{&quot;background_background&quot;:&quot;classic&quot;}\">\n\t\t\t\t\t\t\t<div class=\"elementor-background-overlay\"><\/div>\n\t\t\t\t\t\t\t<div class=\"elementor-container elementor-column-gap-default\">\n\t\t\t\t\t<div class=\"elementor-column elementor-col-100 elementor-top-column elementor-element elementor-element-4f730979\" data-id=\"4f730979\" data-element_type=\"column\" data-e-type=\"column\">\n\t\t\t<div class=\"elementor-widget-wrap elementor-element-populated\">\n\t\t\t\t\t\t<div class=\"elementor-element elementor-element-4209c25c elementor-widget-divider--view-line elementor-widget elementor-widget-divider\" data-id=\"4209c25c\" data-element_type=\"widget\" data-e-type=\"widget\" data-widget_type=\"divider.default\">\n\t\t\t\t<div class=\"elementor-widget-container\">\n\t\t\t\t\t\t\t<div class=\"elementor-divider\">\n\t\t\t<span class=\"elementor-divider-separator\">\n\t\t\t\t\t\t<\/span>\n\t\t<\/div>\n\t\t\t\t\t\t<\/div>\n\t\t\t\t<\/div>\n\t\t\t\t<div class=\"elementor-element elementor-element-14415efb elementor-align-center elementor-widget elementor-widget-button\" data-id=\"14415efb\" data-element_type=\"widget\" data-e-type=\"widget\" data-widget_type=\"button.default\">\n\t\t\t\t<div class=\"elementor-widget-container\">\n\t\t\t\t\t\t\t\t\t<div class=\"elementor-button-wrapper\">\n\t\t\t\t\t<a class=\"elementor-button elementor-button-link elementor-size-sm\" href=\"https:\/\/www.geneva-lawyers.com\/es\/contacto\/\">\n\t\t\t\t\t\t<span class=\"elementor-button-content-wrapper\">\n\t\t\t\t\t\t\t\t\t<span class=\"elementor-button-text\">Pide cita con un abogado<\/span>\n\t\t\t\t\t<\/span>\n\t\t\t\t\t<\/a>\n\t\t\t\t<\/div>\n\t\t\t\t\t\t\t\t<\/div>\n\t\t\t\t<\/div>\n\t\t\t\t\t<\/div>\n\t\t<\/div>\n\t\t\t\t\t<\/div>\n\t\t<\/section>\n\t\t\t\t<section class=\"elementor-section elementor-top-section elementor-element elementor-element-7dfe7f07 elementor-section-boxed elementor-section-height-default elementor-section-height-default\" data-id=\"7dfe7f07\" data-element_type=\"section\" data-e-type=\"section\">\n\t\t\t\t\t\t<div class=\"elementor-container elementor-column-gap-default\">\n\t\t\t\t\t<div class=\"elementor-column elementor-col-100 elementor-top-column elementor-element elementor-element-f3d722f\" data-id=\"f3d722f\" data-element_type=\"column\" data-e-type=\"column\">\n\t\t\t<div class=\"elementor-widget-wrap elementor-element-populated\">\n\t\t\t\t\t\t<div class=\"elementor-element elementor-element-58d481ea elementor-widget elementor-widget-heading\" data-id=\"58d481ea\" data-element_type=\"widget\" data-e-type=\"widget\" data-widget_type=\"heading.default\">\n\t\t\t\t<div class=\"elementor-widget-container\">\n\t\t\t\t\t<h2 class=\"elementor-heading-title elementor-size-default\">Condiciones de trabajo y remuneraci\u00f3n en Suiza\n<\/h2>\t\t\t\t<\/div>\n\t\t\t\t<\/div>\n\t\t\t\t<div class=\"elementor-element elementor-element-bbcb2c3 elementor-widget-divider--view-line elementor-widget elementor-widget-divider\" data-id=\"bbcb2c3\" data-element_type=\"widget\" data-e-type=\"widget\" data-widget_type=\"divider.default\">\n\t\t\t\t<div class=\"elementor-widget-container\">\n\t\t\t\t\t\t\t<div class=\"elementor-divider\">\n\t\t\t<span class=\"elementor-divider-separator\">\n\t\t\t\t\t\t<\/span>\n\t\t<\/div>\n\t\t\t\t\t\t<\/div>\n\t\t\t\t<\/div>\n\t\t\t\t<div class=\"elementor-element elementor-element-54d30308 elementor-widget elementor-widget-text-editor\" data-id=\"54d30308\" data-element_type=\"widget\" data-e-type=\"widget\" data-widget_type=\"text-editor.default\">\n\t\t\t\t<div class=\"elementor-widget-container\">\n\t\t\t\t\t\t\t\t\t<p>Las condiciones de trabajo y la remuneraci\u00f3n son elementos clave de cualquier contrato de trabajo en Suiza. Los empresarios deben cumplir las disposiciones legales relativas a las condiciones de trabajo y la retribuci\u00f3n. El C\u00f3digo Suizo de Obligaciones (CO), la Ley Federal del Trabajo (LTr) y sus ordenanzas (OLT) proporcionan un marco jur\u00eddico claro. Los sectores espec\u00edficos tambi\u00e9n pueden tener sus propias regulaciones a trav\u00e9s de los convenios colectivos de trabajo (CCT). Estas disposiciones legales son estrictas para proteger a los trabajadores.    <\/p><h2>Condiciones de trabajo<\/h2><p>Las condiciones de trabajo incluyen las horas de trabajo, las pausas, los d\u00edas libres, las bajas por enfermedad y las prestaciones sociales, como el seguro m\u00e9dico y los planes de pensiones. Los empresarios deben proporcionar un entorno de trabajo seguro y saludable. Los empleados tienen derecho a negarse a trabajar en condiciones peligrosas. En general, las condiciones laborales en Suiza son buenas, con importantes protecciones legales para los trabajadores.   <\/p><h2>Horas de trabajo y periodos de descanso<\/h2><p>La jornada laboral y los periodos de descanso son aspectos cruciales de los contratos de trabajo en Suiza. La jornada laboral m\u00e1xima oscila entre 45 y 50 horas semanales, seg\u00fan el sector y las circunstancias (art. 9 LTr; art. 2 OLT 1). Los trabajadores tienen derecho a pausas durante la jornada laboral para descansar y comer. La duraci\u00f3n de estas pausas depende de la jornada laboral prevista en el contrato de trabajo. Los horarios de trabajo flexibles determinan la duraci\u00f3n de las pausas en funci\u00f3n de la jornada laboral media. Los empresarios pueden establecer normas sobre las pausas, especificando las horas y los lugares de las pausas. Los trabajadores tambi\u00e9n tienen derecho a un d\u00eda de descanso a la semana (Art. 329 p\u00e1rr. 1 CO). Las pausas no suelen ser remuneradas.       <\/p><p>Se puede exigir a los empleados que trabajen horas extraordinarias. Las horas extraordinarias pueden compensarse con tiempo libre equivalente (Art. 321c p\u00e1rr. 2 CO) o pagarse a raz\u00f3n de al menos un 25% por encima del salario normal (Art. 321c p\u00e1rr. 3 CO). <\/p><h2>Salario m\u00ednimo y estructura salarial<\/h2><p>Suiza no tiene un salario m\u00ednimo nacional, pero algunos cantones han implantado salarios m\u00ednimos. Estos salarios m\u00ednimos var\u00edan seg\u00fan la regi\u00f3n. Los empresarios deben cumplir los salarios m\u00ednimos establecidos por su cant\u00f3n para cada categor\u00eda de trabajadores. En determinados sectores, los salarios m\u00ednimos se establecen en los CCT o en los convenios colectivos nacionales (CCNT).   <\/p><p>Los empresarios deben crear una estructura salarial para cada categor\u00eda de empleados basada en la experiencia, las cualificaciones y las responsabilidades. Deben garantizar una remuneraci\u00f3n justa para todos los empleados, sin discriminaci\u00f3n. Los trabajadores tambi\u00e9n tienen derecho a prestaciones sociales, como seguro m\u00e9dico, seguro de accidentes, planes de pensiones y seguro de desempleo. Los empresarios deben contribuir a estos seguros en nombre de sus empleados.   <\/p><h2>Permisos retribuidos y d\u00edas festivos<\/h2><p>En Suiza, los trabajadores tienen derecho a vacaciones pagadas y d\u00edas festivos. Los empleados tienen derecho a un m\u00ednimo de cuatro semanas de vacaciones al a\u00f1o y cinco semanas para los menores de 20 a\u00f1os (Art. 329a p\u00e1rrafo 1 CO), independientemente del porcentaje de empleo. Algunos convenios colectivos establecen vacaciones adicionales. Los empresarios tambi\u00e9n pueden conceder vacaciones m\u00e1s largas.   <\/p><p>Los d\u00edas festivos est\u00e1n regulados en Suiza. El 1 de agosto es el \u00fanico d\u00eda festivo nacional, mientras que los dem\u00e1s d\u00edas festivos var\u00edan seg\u00fan el cant\u00f3n, permiti\u00e9ndose hasta ocho d\u00edas festivos adicionales (Art. 20a LTr). Los d\u00edas festivos que caen en fin de semana no se pueden compensar. Sin embargo, un d\u00eda festivo no cuenta como d\u00eda de vacaciones.   <\/p><p>En caso de enfermedad o accidente, los trabajadores tienen derecho a una baja por enfermedad retribuida. Deben informar a su empresario de su ausencia lo antes posible y presentar un certificado m\u00e9dico. Los empresarios est\u00e1n obligados a pagar el salario durante un periodo limitado en caso de baja por enfermedad o accidente.  <\/p><h2>Permiso de maternidad y paternidad<\/h2><p>Las trabajadoras embarazadas tienen derecho a 14 semanas de baja por maternidad (Art. 329f CO), mientras que la baja por paternidad es de dos semanas (Art. 329g CO). Otros permisos incluyen el cuidado de familiares (Art. 329h CO) o el cuidado de un hijo gravemente enfermo (Art. 329i CO). <\/p><h2>Asesoramiento jur\u00eddico<\/h2><p>En caso de litigio sobre las condiciones de trabajo o la remuneraci\u00f3n, es aconsejable consultar a un abogado laboralista para proteger tus derechos e intereses. La defensa de tus derechos suele implicar el cumplimiento de plazos y requisitos legales espec\u00edficos. <\/p>\t\t\t\t\t\t\t\t<\/div>\n\t\t\t\t<\/div>\n\t\t\t\t\t<\/div>\n\t\t<\/div>\n\t\t\t\t\t<\/div>\n\t\t<\/section>\n\t\t\t\t<section class=\"elementor-section elementor-top-section elementor-element elementor-element-63bd756e elementor-section-full_width elementor-section-height-min-height elementor-section-items-stretch elementor-section-content-middle elementor-section-height-default\" data-id=\"63bd756e\" data-element_type=\"section\" data-e-type=\"section\" data-settings=\"{&quot;background_background&quot;:&quot;classic&quot;}\">\n\t\t\t\t\t\t<div class=\"elementor-container elementor-column-gap-no\">\n\t\t\t\t\t<div class=\"elementor-column elementor-col-50 elementor-top-column elementor-element elementor-element-48b2b49f\" data-id=\"48b2b49f\" data-element_type=\"column\" data-e-type=\"column\" data-settings=\"{&quot;background_background&quot;:&quot;classic&quot;}\">\n\t\t\t<div class=\"elementor-widget-wrap elementor-element-populated\">\n\t\t\t\t\t\t<div class=\"elementor-element elementor-element-381916eb elementor-widget elementor-widget-spacer\" data-id=\"381916eb\" data-element_type=\"widget\" data-e-type=\"widget\" data-widget_type=\"spacer.default\">\n\t\t\t\t<div class=\"elementor-widget-container\">\n\t\t\t\t\t\t\t<div class=\"elementor-spacer\">\n\t\t\t<div class=\"elementor-spacer-inner\"><\/div>\n\t\t<\/div>\n\t\t\t\t\t\t<\/div>\n\t\t\t\t<\/div>\n\t\t\t\t\t<\/div>\n\t\t<\/div>\n\t\t\t\t<div class=\"elementor-column elementor-col-50 elementor-top-column elementor-element elementor-element-316bb657\" data-id=\"316bb657\" data-element_type=\"column\" data-e-type=\"column\" data-settings=\"{&quot;background_background&quot;:&quot;classic&quot;}\">\n\t\t\t<div class=\"elementor-widget-wrap elementor-element-populated\">\n\t\t\t\t\t\t<div class=\"elementor-element elementor-element-193af774 elementor-widget elementor-widget-heading\" data-id=\"193af774\" data-element_type=\"widget\" data-e-type=\"widget\" data-widget_type=\"heading.default\">\n\t\t\t\t<div class=\"elementor-widget-container\">\n\t\t\t\t\t<p class=\"elementor-heading-title elementor-size-default\">Consulta inicial  <\/p>\t\t\t\t<\/div>\n\t\t\t\t<\/div>\n\t\t\t\t<div class=\"elementor-element elementor-element-6473c3c1 elementor-widget elementor-widget-heading\" data-id=\"6473c3c1\" data-element_type=\"widget\" data-e-type=\"widget\" data-widget_type=\"heading.default\">\n\t\t\t\t<div class=\"elementor-widget-container\">\n\t\t\t\t\t<p class=\"elementor-heading-title elementor-size-default\">de 60 min a 220,00 CHF<\/p>\t\t\t\t<\/div>\n\t\t\t\t<\/div>\n\t\t\t\t<div class=\"elementor-element elementor-element-7d210aa elementor-widget elementor-widget-text-editor\" data-id=\"7d210aa\" data-element_type=\"widget\" data-e-type=\"widget\" data-widget_type=\"text-editor.default\">\n\t\t\t\t<div class=\"elementor-widget-container\">\n\t\t\t\t\t\t\t\t\tDiscute tu situaci\u00f3n con un abogado especializado en Suiza.\n\t\t\t\t\t\t\t\t<\/div>\n\t\t\t\t<\/div>\n\t\t\t\t<div class=\"elementor-element elementor-element-446691a4 elementor-widget-divider--view-line elementor-widget elementor-widget-divider\" data-id=\"446691a4\" data-element_type=\"widget\" data-e-type=\"widget\" data-widget_type=\"divider.default\">\n\t\t\t\t<div class=\"elementor-widget-container\">\n\t\t\t\t\t\t\t<div class=\"elementor-divider\">\n\t\t\t<span class=\"elementor-divider-separator\">\n\t\t\t\t\t\t<\/span>\n\t\t<\/div>\n\t\t\t\t\t\t<\/div>\n\t\t\t\t<\/div>\n\t\t\t\t<div class=\"elementor-element elementor-element-146a2f89 elementor-widget elementor-widget-text-editor\" data-id=\"146a2f89\" data-element_type=\"widget\" data-e-type=\"widget\" data-widget_type=\"text-editor.default\">\n\t\t\t\t<div class=\"elementor-widget-container\">\n\t\t\t\t\t\t\t\t\t<p>\u00bfS\u00f3lo buscas una cita para hacer algunas preguntas?<br>\u00bfNo est\u00e1s seguro de los procedimientos que deseas realizar?<br>\u00bfTu situaci\u00f3n no est\u00e1 clara?<\/p><p><strong>Opta por una primera consulta con un abogado en Ginebra.<\/strong><\/p><p>Entonces decidir\u00e1s si quieres seguir adelante y nuestros abogados te dar\u00e1n el coste del procedimiento seg\u00fan tu caso. Citas disponibles en persona o por videoconferencia. <strong><br><\/strong><\/p>\t\t\t\t\t\t\t\t<\/div>\n\t\t\t\t<\/div>\n\t\t\t\t<div class=\"elementor-element elementor-element-318ccfdd elementor-align-center elementor-widget elementor-widget-button\" data-id=\"318ccfdd\" data-element_type=\"widget\" data-e-type=\"widget\" data-widget_type=\"button.default\">\n\t\t\t\t<div class=\"elementor-widget-container\">\n\t\t\t\t\t\t\t\t\t<div class=\"elementor-button-wrapper\">\n\t\t\t\t\t<a class=\"elementor-button elementor-button-link elementor-size-sm\" href=\"https:\/\/www.geneva-lawyers.com\/es\/contacto\/\">\n\t\t\t\t\t\t<span class=\"elementor-button-content-wrapper\">\n\t\t\t\t\t\t\t\t\t<span class=\"elementor-button-text\">Pide cita con un abogado<\/span>\n\t\t\t\t\t<\/span>\n\t\t\t\t\t<\/a>\n\t\t\t\t<\/div>\n\t\t\t\t\t\t\t\t<\/div>\n\t\t\t\t<\/div>\n\t\t\t\t\t<\/div>\n\t\t<\/div>\n\t\t\t\t\t<\/div>\n\t\t<\/section>\n\t\t\t\t<\/div>\n\t\t","protected":false},"excerpt":{"rendered":"<p>Pide cita con un abogado Condiciones de trabajo y remuneraci\u00f3n en Suiza Las condiciones de trabajo y la remuneraci\u00f3n son elementos clave de cualquier contrato de trabajo en Suiza. Los empresarios deben cumplir las disposiciones legales relativas a las condiciones de trabajo y la retribuci\u00f3n. El C\u00f3digo Suizo de Obligaciones (CO), la Ley Federal del &#8230; <a title=\"Condiciones de trabajo y remuneraci\u00f3n en Suiza\" class=\"read-more\" href=\"https:\/\/www.geneva-lawyers.com\/es\/condiciones-trabajo-remuneracion-suiza\/\" aria-label=\"Leer m\u00e1s sobre Condiciones de trabajo y remuneraci\u00f3n en Suiza\">Leer m\u00e1s<\/a><\/p>\n","protected":false},"author":1,"featured_media":0,"parent":0,"menu_order":0,"comment_status":"closed","ping_status":"closed","template":"elementor_header_footer","meta":{"_acf_changed":false,"_seopress_robots_primary_cat":"","_seopress_titles_title":"","_seopress_titles_desc":"","_seopress_robots_index":"","footnotes":""},"class_list":["post-31566","page","type-page","status-publish"],"acf":[],"_links":{"self":[{"href":"https:\/\/www.geneva-lawyers.com\/es\/wp-json\/wp\/v2\/pages\/31566","targetHints":{"allow":["GET"]}}],"collection":[{"href":"https:\/\/www.geneva-lawyers.com\/es\/wp-json\/wp\/v2\/pages"}],"about":[{"href":"https:\/\/www.geneva-lawyers.com\/es\/wp-json\/wp\/v2\/types\/page"}],"author":[{"embeddable":true,"href":"https:\/\/www.geneva-lawyers.com\/es\/wp-json\/wp\/v2\/users\/1"}],"replies":[{"embeddable":true,"href":"https:\/\/www.geneva-lawyers.com\/es\/wp-json\/wp\/v2\/comments?post=31566"}],"version-history":[{"count":7,"href":"https:\/\/www.geneva-lawyers.com\/es\/wp-json\/wp\/v2\/pages\/31566\/revisions"}],"predecessor-version":[{"id":33644,"href":"https:\/\/www.geneva-lawyers.com\/es\/wp-json\/wp\/v2\/pages\/31566\/revisions\/33644"}],"wp:attachment":[{"href":"https:\/\/www.geneva-lawyers.com\/es\/wp-json\/wp\/v2\/media?parent=31566"}],"curies":[{"name":"wp","href":"https:\/\/api.w.org\/{rel}","templated":true}]}}