{"id":31572,"date":"2024-05-25T16:16:50","date_gmt":"2024-05-25T14:16:50","guid":{"rendered":"https:\/\/www.geneva-lawyers.com\/trabajo-autonomo-en-suiza\/"},"modified":"2025-04-14T16:06:18","modified_gmt":"2025-04-14T14:06:18","slug":"trabajo-autonomo-suiza","status":"publish","type":"page","link":"https:\/\/www.geneva-lawyers.com\/es\/trabajo-autonomo-suiza\/","title":{"rendered":"Trabajo aut\u00f3nomo en Suiza"},"content":{"rendered":"\t\t<div data-elementor-type=\"wp-page\" data-elementor-id=\"31572\" class=\"elementor elementor-31572 elementor-29493\" data-elementor-post-type=\"page\">\n\t\t\t\t\t\t<section class=\"elementor-section elementor-top-section elementor-element elementor-element-406ba919 elementor-section-boxed elementor-section-height-default elementor-section-height-default\" data-id=\"406ba919\" data-element_type=\"section\" data-e-type=\"section\" data-settings=\"{&quot;background_background&quot;:&quot;classic&quot;}\">\n\t\t\t\t\t\t\t<div class=\"elementor-background-overlay\"><\/div>\n\t\t\t\t\t\t\t<div class=\"elementor-container elementor-column-gap-default\">\n\t\t\t\t\t<div class=\"elementor-column elementor-col-100 elementor-top-column elementor-element elementor-element-76ced492\" data-id=\"76ced492\" data-element_type=\"column\" data-e-type=\"column\">\n\t\t\t<div class=\"elementor-widget-wrap elementor-element-populated\">\n\t\t\t\t\t\t<div class=\"elementor-element elementor-element-33e56707 elementor-widget-divider--view-line elementor-widget elementor-widget-divider\" data-id=\"33e56707\" data-element_type=\"widget\" data-e-type=\"widget\" data-widget_type=\"divider.default\">\n\t\t\t\t<div class=\"elementor-widget-container\">\n\t\t\t\t\t\t\t<div class=\"elementor-divider\">\n\t\t\t<span class=\"elementor-divider-separator\">\n\t\t\t\t\t\t<\/span>\n\t\t<\/div>\n\t\t\t\t\t\t<\/div>\n\t\t\t\t<\/div>\n\t\t\t\t<div class=\"elementor-element elementor-element-12f8e86a elementor-align-center elementor-widget elementor-widget-button\" data-id=\"12f8e86a\" data-element_type=\"widget\" data-e-type=\"widget\" data-widget_type=\"button.default\">\n\t\t\t\t<div class=\"elementor-widget-container\">\n\t\t\t\t\t\t\t\t\t<div class=\"elementor-button-wrapper\">\n\t\t\t\t\t<a class=\"elementor-button elementor-button-link elementor-size-sm\" href=\"https:\/\/www.geneva-lawyers.com\/es\/contacto\/\">\n\t\t\t\t\t\t<span class=\"elementor-button-content-wrapper\">\n\t\t\t\t\t\t\t\t\t<span class=\"elementor-button-text\">Pide cita con un abogado<\/span>\n\t\t\t\t\t<\/span>\n\t\t\t\t\t<\/a>\n\t\t\t\t<\/div>\n\t\t\t\t\t\t\t\t<\/div>\n\t\t\t\t<\/div>\n\t\t\t\t\t<\/div>\n\t\t<\/div>\n\t\t\t\t\t<\/div>\n\t\t<\/section>\n\t\t\t\t<section class=\"elementor-section elementor-top-section elementor-element elementor-element-4d9404f6 elementor-section-boxed elementor-section-height-default elementor-section-height-default\" data-id=\"4d9404f6\" data-element_type=\"section\" data-e-type=\"section\">\n\t\t\t\t\t\t<div class=\"elementor-container elementor-column-gap-default\">\n\t\t\t\t\t<div class=\"elementor-column elementor-col-100 elementor-top-column elementor-element elementor-element-71b915a6\" data-id=\"71b915a6\" data-element_type=\"column\" data-e-type=\"column\">\n\t\t\t<div class=\"elementor-widget-wrap elementor-element-populated\">\n\t\t\t\t\t\t<div class=\"elementor-element elementor-element-6245fa07 elementor-widget elementor-widget-heading\" data-id=\"6245fa07\" data-element_type=\"widget\" data-e-type=\"widget\" data-widget_type=\"heading.default\">\n\t\t\t\t<div class=\"elementor-widget-container\">\n\t\t\t\t\t<h2 class=\"elementor-heading-title elementor-size-default\">Trabajo aut\u00f3nomo en Suiza<\/h2>\t\t\t\t<\/div>\n\t\t\t\t<\/div>\n\t\t\t\t<div class=\"elementor-element elementor-element-31d7183c elementor-widget-divider--view-line elementor-widget elementor-widget-divider\" data-id=\"31d7183c\" data-element_type=\"widget\" data-e-type=\"widget\" data-widget_type=\"divider.default\">\n\t\t\t\t<div class=\"elementor-widget-container\">\n\t\t\t\t\t\t\t<div class=\"elementor-divider\">\n\t\t\t<span class=\"elementor-divider-separator\">\n\t\t\t\t\t\t<\/span>\n\t\t<\/div>\n\t\t\t\t\t\t<\/div>\n\t\t\t\t<\/div>\n\t\t\t\t<div class=\"elementor-element elementor-element-6dc657a9 elementor-widget elementor-widget-text-editor\" data-id=\"6dc657a9\" data-element_type=\"widget\" data-e-type=\"widget\" data-widget_type=\"text-editor.default\">\n\t\t\t\t<div class=\"elementor-widget-container\">\n\t\t\t\t\t\t\t\t\t<p>El trabajo aut\u00f3nomo es una modalidad cada vez m\u00e1s popular en Suiza. Ofrece una opci\u00f3n atractiva para los trabajadores independientes que desean las ventajas del empleo asalariado conservando cierta autonom\u00eda. Tambi\u00e9n ofrece a las empresas una forma de contratar aut\u00f3nomos sin tener que gestionar tareas administrativas.  <\/p><p>El trabajo aut\u00f3nomo implica una colaboraci\u00f3n tripartita entre un aut\u00f3nomo, una empresa de trabajo aut\u00f3nomo y un cliente. En esta configuraci\u00f3n, la empresa de trabajo aut\u00f3nomo act\u00faa como empleador del aut\u00f3nomo. El aut\u00f3nomo recibe un salario, mientras que la empresa de trabajo aut\u00f3nomo factura al cliente por los servicios prestados.  <\/p><p>Establecido originalmente en Francia, el modelo de empleo aut\u00f3nomo est\u00e1 ganando adeptos en Suiza. Sin embargo, utilizar este modelo para hacer pasar a los aut\u00f3nomos por empleados a efectos de la seguridad social no es conforme con la legislaci\u00f3n suiza. Esta pr\u00e1ctica puede dar lugar a que se denieguen a los aut\u00f3nomos determinadas prestaciones de la seguridad social a pesar de sus cotizaciones.  <\/p><h2>Ventajas del trabajo aut\u00f3nomo<\/h2><p>El trabajo por cuenta propia ofrece numerosas ventajas a los aut\u00f3nomos. Normalmente, los aut\u00f3nomos no pueden acceder al seguro de desempleo y no est\u00e1n obligados a cotizar a planes de pensiones profesionales ni al seguro obligatorio de accidentes. Aunque pueden cotizar voluntariamente a planes de pensiones y seguros de accidentes, no existe para ellos ning\u00fan seguro de desempleo voluntario.  <\/p><p>Aqu\u00ed, el modelo de empleo aut\u00f3nomo cobra valor. La empresa de trabajo aut\u00f3nomo act\u00faa como empleador nominal, permitiendo a los aut\u00f3nomos acceder al seguro de desempleo, las pensiones profesionales y el seguro de accidentes. Al gestionar las cotizaciones a la seguridad social en nombre de los aut\u00f3nomos, la empresa convierte sus honorarios en salarios y gestiona las tareas administrativas habituales, como la facturaci\u00f3n a los clientes. Este acuerdo proporciona a los aut\u00f3nomos la seguridad social necesaria para desarrollar su actividad con tranquilidad.   <\/p><p>As\u00ed pues, el trabajo aut\u00f3nomo permite a los aut\u00f3nomos disfrutar de prestaciones por cuenta ajena, como seguridad social, vacaciones pagadas y seguro m\u00e9dico. Tambi\u00e9n aumenta su visibilidad y credibilidad ante los clientes y les proporciona cobertura de responsabilidad profesional. <\/p><p>Para las empresas, el empleo aut\u00f3nomo facilita la contrataci\u00f3n de trabajadores aut\u00f3nomos sin las molestias de la administraci\u00f3n directa del empleo. Permite a las empresas externalizar tareas y gestionar los recursos humanos con mayor flexibilidad. <\/p><h2>Cumplimiento de la ley<\/h2><p>En Suiza, aunque el modelo de trabajo aut\u00f3nomo est\u00e1 aceptado en Francia, no est\u00e1 reconocido como forma leg\u00edtima de empleo en la legislaci\u00f3n suiza sobre seguridad social. En consecuencia, los aut\u00f3nomos que se acojan a este modelo corren el riesgo de que se les denieguen las prestaciones por desempleo o accidente. Tambi\u00e9n pueden surgir problemas legales en relaci\u00f3n con las pensiones profesionales.  <\/p><p>Es fundamental comprender que recurrir al trabajo aut\u00f3nomo en Suiza puede acarrear riesgos jur\u00eddicos para los aut\u00f3nomos, como la denegaci\u00f3n de prestaciones de la seguridad social, como el desempleo o la indemnizaci\u00f3n por accidente, y complicaciones con las pensiones de jubilaci\u00f3n. Por tanto, es aconsejable explorar las opciones legales disponibles en Suiza y verificar si una empresa de contabilidad es una empresa fiduciaria, una empresa de arrendamiento de servicios o una empresa de trabajo aut\u00f3nomo. <\/p><h2>Funcionamiento del trabajo aut\u00f3nomo en Suiza<\/h2><p>El arrendamiento de servicios, tambi\u00e9n conocido como payrolling, est\u00e1 permitido en Suiza. En este modelo, un arrendador de servicios asume las responsabilidades del empleador, como el pago de salarios, las cotizaciones a la seguridad social y las declaraciones a las autoridades fiscales y de inmigraci\u00f3n de los empleados extranjeros. El arrendador de servicios alquila los servicios de una persona a una empresa contratante y transfiere la autoridad del empleador a dicha empresa. Las empresas que utilicen este modelo en Suiza deben obtener la autorizaci\u00f3n necesaria.   <\/p><p>A diferencia del trabajo por cuenta ajena, el arrendamiento de servicios est\u00e1 permitido en Suiza y proporciona a los aut\u00f3nomos las prestaciones sociales correspondientes. Sin embargo, como con cualquier contrato de trabajo, es importante asegurarse de que se cumplen las disposiciones legales y contractuales para evitar riesgos legales o financieros. <\/p><p>La Oficina Federal de la Seguridad Social (OFAS) ha publicado una hoja informativa para sensibilizar sobre los riesgos asociados al \u00abempleo ficticio\u00bb. Se recomienda verificar si una empresa de contabilidad es una empresa fiduciaria, una empresa de arrendamiento de servicios o una empresa de trabajo aut\u00f3nomo (esta \u00faltima no est\u00e1 autorizada en Suiza). <\/p>\t\t\t\t\t\t\t\t<\/div>\n\t\t\t\t<\/div>\n\t\t\t\t\t<\/div>\n\t\t<\/div>\n\t\t\t\t\t<\/div>\n\t\t<\/section>\n\t\t\t\t<section class=\"elementor-section elementor-top-section elementor-element elementor-element-3e2c21e8 elementor-section-full_width elementor-section-height-min-height elementor-section-items-stretch elementor-section-content-middle elementor-section-height-default\" data-id=\"3e2c21e8\" data-element_type=\"section\" data-e-type=\"section\" data-settings=\"{&quot;background_background&quot;:&quot;classic&quot;}\">\n\t\t\t\t\t\t<div class=\"elementor-container elementor-column-gap-no\">\n\t\t\t\t\t<div class=\"elementor-column elementor-col-50 elementor-top-column elementor-element elementor-element-4178feb\" data-id=\"4178feb\" data-element_type=\"column\" data-e-type=\"column\" data-settings=\"{&quot;background_background&quot;:&quot;classic&quot;}\">\n\t\t\t<div class=\"elementor-widget-wrap elementor-element-populated\">\n\t\t\t\t\t\t<div class=\"elementor-element elementor-element-35a6b16d elementor-widget elementor-widget-spacer\" data-id=\"35a6b16d\" data-element_type=\"widget\" data-e-type=\"widget\" data-widget_type=\"spacer.default\">\n\t\t\t\t<div class=\"elementor-widget-container\">\n\t\t\t\t\t\t\t<div class=\"elementor-spacer\">\n\t\t\t<div class=\"elementor-spacer-inner\"><\/div>\n\t\t<\/div>\n\t\t\t\t\t\t<\/div>\n\t\t\t\t<\/div>\n\t\t\t\t\t<\/div>\n\t\t<\/div>\n\t\t\t\t<div class=\"elementor-column elementor-col-50 elementor-top-column elementor-element elementor-element-53f892cb\" data-id=\"53f892cb\" data-element_type=\"column\" data-e-type=\"column\" data-settings=\"{&quot;background_background&quot;:&quot;classic&quot;}\">\n\t\t\t<div class=\"elementor-widget-wrap elementor-element-populated\">\n\t\t\t\t\t\t<div class=\"elementor-element elementor-element-3dfa362a elementor-widget elementor-widget-heading\" data-id=\"3dfa362a\" data-element_type=\"widget\" data-e-type=\"widget\" data-widget_type=\"heading.default\">\n\t\t\t\t<div class=\"elementor-widget-container\">\n\t\t\t\t\t<p class=\"elementor-heading-title elementor-size-default\">Consulta inicial  <\/p>\t\t\t\t<\/div>\n\t\t\t\t<\/div>\n\t\t\t\t<div class=\"elementor-element elementor-element-6fe0fca0 elementor-widget elementor-widget-heading\" data-id=\"6fe0fca0\" data-element_type=\"widget\" data-e-type=\"widget\" data-widget_type=\"heading.default\">\n\t\t\t\t<div class=\"elementor-widget-container\">\n\t\t\t\t\t<p class=\"elementor-heading-title elementor-size-default\">de 60 min a 220,00 CHF<\/p>\t\t\t\t<\/div>\n\t\t\t\t<\/div>\n\t\t\t\t<div class=\"elementor-element elementor-element-530c5be3 elementor-widget elementor-widget-text-editor\" data-id=\"530c5be3\" data-element_type=\"widget\" data-e-type=\"widget\" data-widget_type=\"text-editor.default\">\n\t\t\t\t<div class=\"elementor-widget-container\">\n\t\t\t\t\t\t\t\t\tDiscute tu situaci\u00f3n con un abogado especializado en Suiza.\n\t\t\t\t\t\t\t\t<\/div>\n\t\t\t\t<\/div>\n\t\t\t\t<div class=\"elementor-element elementor-element-c35f6bd elementor-widget-divider--view-line elementor-widget elementor-widget-divider\" data-id=\"c35f6bd\" data-element_type=\"widget\" data-e-type=\"widget\" data-widget_type=\"divider.default\">\n\t\t\t\t<div class=\"elementor-widget-container\">\n\t\t\t\t\t\t\t<div class=\"elementor-divider\">\n\t\t\t<span class=\"elementor-divider-separator\">\n\t\t\t\t\t\t<\/span>\n\t\t<\/div>\n\t\t\t\t\t\t<\/div>\n\t\t\t\t<\/div>\n\t\t\t\t<div class=\"elementor-element elementor-element-686c07f1 elementor-widget elementor-widget-text-editor\" data-id=\"686c07f1\" data-element_type=\"widget\" data-e-type=\"widget\" data-widget_type=\"text-editor.default\">\n\t\t\t\t<div class=\"elementor-widget-container\">\n\t\t\t\t\t\t\t\t\t<p>\u00bfS\u00f3lo buscas una cita para hacer algunas preguntas?<br>\u00bfNo est\u00e1s seguro de los procedimientos que deseas realizar?<br>\u00bfTu situaci\u00f3n no est\u00e1 clara?<\/p><p><strong>Opta por una primera consulta con un abogado en Ginebra.<\/strong><\/p><p>Entonces decidir\u00e1s si quieres seguir adelante y nuestros abogados te dar\u00e1n el coste del procedimiento seg\u00fan tu caso. Citas disponibles en persona o por videoconferencia. <strong><br><\/strong><\/p>\t\t\t\t\t\t\t\t<\/div>\n\t\t\t\t<\/div>\n\t\t\t\t<div class=\"elementor-element elementor-element-6fa0adf9 elementor-align-center elementor-widget elementor-widget-button\" data-id=\"6fa0adf9\" data-element_type=\"widget\" data-e-type=\"widget\" data-widget_type=\"button.default\">\n\t\t\t\t<div class=\"elementor-widget-container\">\n\t\t\t\t\t\t\t\t\t<div class=\"elementor-button-wrapper\">\n\t\t\t\t\t<a class=\"elementor-button elementor-button-link elementor-size-sm\" href=\"https:\/\/www.geneva-lawyers.com\/es\/contacto\/\">\n\t\t\t\t\t\t<span class=\"elementor-button-content-wrapper\">\n\t\t\t\t\t\t\t\t\t<span class=\"elementor-button-text\">Pide cita con un abogado<\/span>\n\t\t\t\t\t<\/span>\n\t\t\t\t\t<\/a>\n\t\t\t\t<\/div>\n\t\t\t\t\t\t\t\t<\/div>\n\t\t\t\t<\/div>\n\t\t\t\t\t<\/div>\n\t\t<\/div>\n\t\t\t\t\t<\/div>\n\t\t<\/section>\n\t\t\t\t<\/div>\n\t\t","protected":false},"excerpt":{"rendered":"<p>Pide cita con un abogado Trabajo aut\u00f3nomo en Suiza El trabajo aut\u00f3nomo es una modalidad cada vez m\u00e1s popular en Suiza. Ofrece una opci\u00f3n atractiva para los trabajadores independientes que desean las ventajas del empleo asalariado conservando cierta autonom\u00eda. Tambi\u00e9n ofrece a las empresas una forma de contratar aut\u00f3nomos sin tener que gestionar tareas administrativas. &#8230; <a title=\"Trabajo aut\u00f3nomo en Suiza\" class=\"read-more\" href=\"https:\/\/www.geneva-lawyers.com\/es\/trabajo-autonomo-suiza\/\" aria-label=\"Leer m\u00e1s sobre Trabajo aut\u00f3nomo en Suiza\">Leer m\u00e1s<\/a><\/p>\n","protected":false},"author":1,"featured_media":0,"parent":0,"menu_order":0,"comment_status":"closed","ping_status":"closed","template":"elementor_header_footer","meta":{"_acf_changed":false,"_seopress_robots_primary_cat":"","_seopress_titles_title":"","_seopress_titles_desc":"","_seopress_robots_index":"","footnotes":""},"class_list":["post-31572","page","type-page","status-publish"],"acf":[],"_links":{"self":[{"href":"https:\/\/www.geneva-lawyers.com\/es\/wp-json\/wp\/v2\/pages\/31572","targetHints":{"allow":["GET"]}}],"collection":[{"href":"https:\/\/www.geneva-lawyers.com\/es\/wp-json\/wp\/v2\/pages"}],"about":[{"href":"https:\/\/www.geneva-lawyers.com\/es\/wp-json\/wp\/v2\/types\/page"}],"author":[{"embeddable":true,"href":"https:\/\/www.geneva-lawyers.com\/es\/wp-json\/wp\/v2\/users\/1"}],"replies":[{"embeddable":true,"href":"https:\/\/www.geneva-lawyers.com\/es\/wp-json\/wp\/v2\/comments?post=31572"}],"version-history":[{"count":6,"href":"https:\/\/www.geneva-lawyers.com\/es\/wp-json\/wp\/v2\/pages\/31572\/revisions"}],"predecessor-version":[{"id":34151,"href":"https:\/\/www.geneva-lawyers.com\/es\/wp-json\/wp\/v2\/pages\/31572\/revisions\/34151"}],"wp:attachment":[{"href":"https:\/\/www.geneva-lawyers.com\/es\/wp-json\/wp\/v2\/media?parent=31572"}],"curies":[{"name":"wp","href":"https:\/\/api.w.org\/{rel}","templated":true}]}}