{"id":31588,"date":"2024-05-24T15:32:58","date_gmt":"2024-05-24T13:32:58","guid":{"rendered":"https:\/\/www.geneva-lawyers.com\/la-representacion-de-los-trabajadores-y-los-conflictos-laborales-en-suiza\/"},"modified":"2025-04-14T14:06:52","modified_gmt":"2025-04-14T12:06:52","slug":"representacion-trabajadores-conflictos-laborales-suiza","status":"publish","type":"page","link":"https:\/\/www.geneva-lawyers.com\/es\/representacion-trabajadores-conflictos-laborales-suiza\/","title":{"rendered":"La representaci\u00f3n de los trabajadores y los conflictos laborales en Suiza"},"content":{"rendered":"\t\t<div data-elementor-type=\"wp-page\" data-elementor-id=\"31588\" class=\"elementor elementor-31588 elementor-29477\" data-elementor-post-type=\"page\">\n\t\t\t\t\t\t<section class=\"elementor-section elementor-top-section elementor-element elementor-element-1a83bf3b elementor-section-boxed elementor-section-height-default elementor-section-height-default\" data-id=\"1a83bf3b\" data-element_type=\"section\" data-e-type=\"section\" data-settings=\"{&quot;background_background&quot;:&quot;classic&quot;}\">\n\t\t\t\t\t\t\t<div class=\"elementor-background-overlay\"><\/div>\n\t\t\t\t\t\t\t<div class=\"elementor-container elementor-column-gap-default\">\n\t\t\t\t\t<div class=\"elementor-column elementor-col-100 elementor-top-column elementor-element elementor-element-18079273\" data-id=\"18079273\" data-element_type=\"column\" data-e-type=\"column\">\n\t\t\t<div class=\"elementor-widget-wrap elementor-element-populated\">\n\t\t\t\t\t\t<div class=\"elementor-element elementor-element-5868d712 elementor-widget-divider--view-line elementor-widget elementor-widget-divider\" data-id=\"5868d712\" data-element_type=\"widget\" data-e-type=\"widget\" data-widget_type=\"divider.default\">\n\t\t\t\t<div class=\"elementor-widget-container\">\n\t\t\t\t\t\t\t<div class=\"elementor-divider\">\n\t\t\t<span class=\"elementor-divider-separator\">\n\t\t\t\t\t\t<\/span>\n\t\t<\/div>\n\t\t\t\t\t\t<\/div>\n\t\t\t\t<\/div>\n\t\t\t\t<div class=\"elementor-element elementor-element-1518c54a elementor-align-center elementor-widget elementor-widget-button\" data-id=\"1518c54a\" data-element_type=\"widget\" data-e-type=\"widget\" data-widget_type=\"button.default\">\n\t\t\t\t<div class=\"elementor-widget-container\">\n\t\t\t\t\t\t\t\t\t<div class=\"elementor-button-wrapper\">\n\t\t\t\t\t<a class=\"elementor-button elementor-button-link elementor-size-sm\" href=\"https:\/\/www.geneva-lawyers.com\/es\/contacto\/\">\n\t\t\t\t\t\t<span class=\"elementor-button-content-wrapper\">\n\t\t\t\t\t\t\t\t\t<span class=\"elementor-button-text\">Pide cita con un abogado<\/span>\n\t\t\t\t\t<\/span>\n\t\t\t\t\t<\/a>\n\t\t\t\t<\/div>\n\t\t\t\t\t\t\t\t<\/div>\n\t\t\t\t<\/div>\n\t\t\t\t\t<\/div>\n\t\t<\/div>\n\t\t\t\t\t<\/div>\n\t\t<\/section>\n\t\t\t\t<section class=\"elementor-section elementor-top-section elementor-element elementor-element-42f350d4 elementor-section-boxed elementor-section-height-default elementor-section-height-default\" data-id=\"42f350d4\" data-element_type=\"section\" data-e-type=\"section\">\n\t\t\t\t\t\t<div class=\"elementor-container elementor-column-gap-default\">\n\t\t\t\t\t<div class=\"elementor-column elementor-col-100 elementor-top-column elementor-element elementor-element-1d64a984\" data-id=\"1d64a984\" data-element_type=\"column\" data-e-type=\"column\">\n\t\t\t<div class=\"elementor-widget-wrap elementor-element-populated\">\n\t\t\t\t\t\t<div class=\"elementor-element elementor-element-727266f2 elementor-widget elementor-widget-heading\" data-id=\"727266f2\" data-element_type=\"widget\" data-e-type=\"widget\" data-widget_type=\"heading.default\">\n\t\t\t\t<div class=\"elementor-widget-container\">\n\t\t\t\t\t<h2 class=\"elementor-heading-title elementor-size-default\">La representaci\u00f3n de los trabajadores y los conflictos laborales en Suiza\n<\/h2>\t\t\t\t<\/div>\n\t\t\t\t<\/div>\n\t\t\t\t<div class=\"elementor-element elementor-element-76bcacd5 elementor-widget-divider--view-line elementor-widget elementor-widget-divider\" data-id=\"76bcacd5\" data-element_type=\"widget\" data-e-type=\"widget\" data-widget_type=\"divider.default\">\n\t\t\t\t<div class=\"elementor-widget-container\">\n\t\t\t\t\t\t\t<div class=\"elementor-divider\">\n\t\t\t<span class=\"elementor-divider-separator\">\n\t\t\t\t\t\t<\/span>\n\t\t<\/div>\n\t\t\t\t\t\t<\/div>\n\t\t\t\t<\/div>\n\t\t\t\t<div class=\"elementor-element elementor-element-4f808b57 elementor-widget elementor-widget-text-editor\" data-id=\"4f808b57\" data-element_type=\"widget\" data-e-type=\"widget\" data-widget_type=\"text-editor.default\">\n\t\t\t\t<div class=\"elementor-widget-container\">\n\t\t\t\t\t\t\t\t\t<p>La representaci\u00f3n de los trabajadores es un aspecto crucial tanto para las empresas como para los trabajadores en Suiza, ya que garantiza una comunicaci\u00f3n abierta y transparente y salvaguarda los derechos de los trabajadores. Seg\u00fan la Ley Federal de Informaci\u00f3n y Consulta de los Trabajadores en las Empresas (Ley de Participaci\u00f3n), las empresas con m\u00e1s de 50 empleados pueden crear un comit\u00e9 de personal (art. 3 de la Ley de Participaci\u00f3n). Este comit\u00e9 representa los intereses de los trabajadores ante el empresario y promueve el di\u00e1logo social. Puede ser consultado sobre cuestiones relacionadas con la salud y la seguridad en el trabajo, la formaci\u00f3n profesional, la jornada laboral y otras condiciones de trabajo.   <\/p><p>Los trabajadores tambi\u00e9n tienen derecho a organizarse y formar sindicatos para defender sus derechos. Los sindicatos son organizaciones independientes que representan a los trabajadores y negocian con los empresarios para garantizar unas condiciones de trabajo justas. En caso de conflicto en el lugar de trabajo, los trabajadores pueden pedir ayuda al comit\u00e9 de personal o a los sindicatos para que medien. Si fracasa la mediaci\u00f3n, el conflicto puede llevarse ante los tribunales laborales.   <\/p><h2>Sindicatos y convenios colectivos<\/h2><p>Los sindicatos desempe\u00f1an un papel importante en la defensa de los intereses de los trabajadores y en la negociaci\u00f3n de convenios colectivos en Suiza. El Convenio n\u00ba 87 de la Organizaci\u00f3n Internacional del Trabajo (OIT) defiende la libertad de asociaci\u00f3n y la protecci\u00f3n de los derechos sindicales. Los sindicatos representan a los trabajadores de un determinado sector o empresa, con el objetivo de mejorar las condiciones de trabajo y de vida. Ayudan a los trabajadores a negociar acuerdos con los empresarios y a resolver conflictos de manera informal. En caso de disputas legales, los sindicatos pueden representar a los trabajadores ante los tribunales laborales y otros \u00f3rganos judiciales.    <\/p><p>Los sindicatos negocian convenios colectivos con los empresarios, que definen las condiciones laborales, los salarios y las prestaciones sociales de los trabajadores. Estos convenios jur\u00eddicamente vinculantes regulan las condiciones de trabajo en una empresa o sector, cubriendo aspectos como la remuneraci\u00f3n, la jornada laboral, las vacaciones y las normas de salud y seguridad. <\/p><h2>Mediaci\u00f3n y conciliaci\u00f3n en los conflictos<\/h2><p>En Suiza, la mediaci\u00f3n y la conciliaci\u00f3n son medios informales de resolver conflictos laborales. La mediaci\u00f3n consiste en que un tercero neutral ayude a las partes en conflicto a alcanzar una soluci\u00f3n mutuamente aceptable. La conciliaci\u00f3n es similar, pero implica un enfoque m\u00e1s directivo de la parte neutral, que revisa los hechos y argumentos para ayudar a encontrar una soluci\u00f3n aceptable para ambas partes. Estos m\u00e9todos alternativos de resoluci\u00f3n de conflictos son menos costosos y m\u00e1s r\u00e1pidos que los procedimientos judiciales.   <\/p><p>Los trabajadores pueden acceder a la mediaci\u00f3n y la conciliaci\u00f3n a trav\u00e9s de las oficinas cantonales de conciliaci\u00f3n y las asociaciones de mediaci\u00f3n. Las asociaciones de mediaci\u00f3n, a menudo especializadas en derecho laboral y relaciones empresa-trabajador, ofrecen soluciones vinculantes. Las oficinas cantonales de conciliaci\u00f3n prestan servicios gratuitos para resolver conflictos relacionados con las condiciones de trabajo, la protecci\u00f3n contra el despido improcedente y la igualdad de trato. Aunque no pueden emitir decisiones jur\u00eddicamente vinculantes, su intervenci\u00f3n puede ayudar a las partes a alcanzar una soluci\u00f3n de mutuo acuerdo. A menudo es aconsejable consultar a un abogado para comprender los procedimientos y definir los l\u00edmites de una soluci\u00f3n aceptable.    <\/p><h2>Recurso a los tribunales laborales<\/h2><p>Si fracasa la mediaci\u00f3n o la conciliaci\u00f3n, los trabajadores pueden llevar sus conflictos a los tribunales laborales. Estos tribunales especializados se ocupan de los litigios relacionados con el derecho laboral, incluidos los despidos improcedentes, las condiciones de trabajo, la discriminaci\u00f3n y el acoso. Los tribunales laborales est\u00e1n presentes en todos los cantones suizos y suelen estar compuestos por jueces profesionales especializados en derecho laboral.  <\/p><p>Los trabajadores pueden presentar una denuncia ante los tribunales laborales presentando un formulario de solicitud de justicia, detallando los hechos del conflicto y los resultados deseados. Los tribunales laborales de Suiza son accesibles a todos los trabajadores, incluidos los extranjeros. Durante los procedimientos judiciales, los trabajadores pueden estar representados por un abogado o un sindicato. Los tribunales laborales tienen autoridad para dictar resoluciones jur\u00eddicamente vinculantes tanto para los empresarios como para los trabajadores.   <\/p><p>Aunque los tribunales laborales ofrecen una v\u00eda formal para la resoluci\u00f3n de conflictos, el proceso puede ser m\u00e1s costoso y llevar m\u00e1s tiempo que los m\u00e9todos alternativos. Sin embargo, en casos complejos o graves, puede ser necesaria la intervenci\u00f3n judicial. Es muy recomendable consultar a un abogado laboralista para cuestiones relacionadas con la representaci\u00f3n o los conflictos laborales, ya que defender tus derechos e intereses suele requerir atenerse a plazos y requisitos legales espec\u00edficos.  <\/p>\t\t\t\t\t\t\t\t<\/div>\n\t\t\t\t<\/div>\n\t\t\t\t\t<\/div>\n\t\t<\/div>\n\t\t\t\t\t<\/div>\n\t\t<\/section>\n\t\t\t\t<section class=\"elementor-section elementor-top-section elementor-element elementor-element-5b4187e7 elementor-section-full_width elementor-section-height-min-height elementor-section-items-stretch elementor-section-content-middle elementor-section-height-default\" data-id=\"5b4187e7\" data-element_type=\"section\" data-e-type=\"section\" data-settings=\"{&quot;background_background&quot;:&quot;classic&quot;}\">\n\t\t\t\t\t\t<div class=\"elementor-container elementor-column-gap-no\">\n\t\t\t\t\t<div class=\"elementor-column elementor-col-50 elementor-top-column elementor-element elementor-element-6f4a5e9f\" data-id=\"6f4a5e9f\" data-element_type=\"column\" data-e-type=\"column\" data-settings=\"{&quot;background_background&quot;:&quot;classic&quot;}\">\n\t\t\t<div class=\"elementor-widget-wrap elementor-element-populated\">\n\t\t\t\t\t\t<div class=\"elementor-element elementor-element-73e82807 elementor-widget elementor-widget-spacer\" data-id=\"73e82807\" data-element_type=\"widget\" data-e-type=\"widget\" data-widget_type=\"spacer.default\">\n\t\t\t\t<div class=\"elementor-widget-container\">\n\t\t\t\t\t\t\t<div class=\"elementor-spacer\">\n\t\t\t<div class=\"elementor-spacer-inner\"><\/div>\n\t\t<\/div>\n\t\t\t\t\t\t<\/div>\n\t\t\t\t<\/div>\n\t\t\t\t\t<\/div>\n\t\t<\/div>\n\t\t\t\t<div class=\"elementor-column elementor-col-50 elementor-top-column elementor-element elementor-element-3ecfb17f\" data-id=\"3ecfb17f\" data-element_type=\"column\" data-e-type=\"column\" data-settings=\"{&quot;background_background&quot;:&quot;classic&quot;}\">\n\t\t\t<div class=\"elementor-widget-wrap elementor-element-populated\">\n\t\t\t\t\t\t<div class=\"elementor-element elementor-element-b335967 elementor-widget elementor-widget-heading\" data-id=\"b335967\" data-element_type=\"widget\" data-e-type=\"widget\" data-widget_type=\"heading.default\">\n\t\t\t\t<div class=\"elementor-widget-container\">\n\t\t\t\t\t<p class=\"elementor-heading-title elementor-size-default\">Consulta inicial  <\/p>\t\t\t\t<\/div>\n\t\t\t\t<\/div>\n\t\t\t\t<div class=\"elementor-element elementor-element-3a91e2b9 elementor-widget elementor-widget-heading\" data-id=\"3a91e2b9\" data-element_type=\"widget\" data-e-type=\"widget\" data-widget_type=\"heading.default\">\n\t\t\t\t<div class=\"elementor-widget-container\">\n\t\t\t\t\t<p class=\"elementor-heading-title elementor-size-default\">de 60 min a 220,00 CHF<\/p>\t\t\t\t<\/div>\n\t\t\t\t<\/div>\n\t\t\t\t<div class=\"elementor-element elementor-element-12029ab8 elementor-widget elementor-widget-text-editor\" data-id=\"12029ab8\" data-element_type=\"widget\" data-e-type=\"widget\" data-widget_type=\"text-editor.default\">\n\t\t\t\t<div class=\"elementor-widget-container\">\n\t\t\t\t\t\t\t\t\tDiscute tu situaci\u00f3n con un abogado especializado en Suiza.\n\t\t\t\t\t\t\t\t<\/div>\n\t\t\t\t<\/div>\n\t\t\t\t<div class=\"elementor-element elementor-element-49506a8d elementor-widget-divider--view-line elementor-widget elementor-widget-divider\" data-id=\"49506a8d\" data-element_type=\"widget\" data-e-type=\"widget\" data-widget_type=\"divider.default\">\n\t\t\t\t<div class=\"elementor-widget-container\">\n\t\t\t\t\t\t\t<div class=\"elementor-divider\">\n\t\t\t<span class=\"elementor-divider-separator\">\n\t\t\t\t\t\t<\/span>\n\t\t<\/div>\n\t\t\t\t\t\t<\/div>\n\t\t\t\t<\/div>\n\t\t\t\t<div class=\"elementor-element elementor-element-19406d9d elementor-widget elementor-widget-text-editor\" data-id=\"19406d9d\" data-element_type=\"widget\" data-e-type=\"widget\" data-widget_type=\"text-editor.default\">\n\t\t\t\t<div class=\"elementor-widget-container\">\n\t\t\t\t\t\t\t\t\t<p>\u00bfS\u00f3lo buscas una cita para hacer algunas preguntas?<br>\u00bfNo est\u00e1s seguro de los procedimientos que deseas realizar?<br>\u00bfTu situaci\u00f3n no est\u00e1 clara?<\/p><p><strong>Opta por una primera consulta con un abogado en Ginebra.<\/strong><\/p><p>Entonces decidir\u00e1s si quieres seguir adelante y nuestros abogados te dar\u00e1n el coste del procedimiento seg\u00fan tu caso. Citas disponibles en persona o por videoconferencia. <strong><br><\/strong><\/p>\t\t\t\t\t\t\t\t<\/div>\n\t\t\t\t<\/div>\n\t\t\t\t<div class=\"elementor-element elementor-element-1695462b elementor-align-center elementor-widget elementor-widget-button\" data-id=\"1695462b\" data-element_type=\"widget\" data-e-type=\"widget\" data-widget_type=\"button.default\">\n\t\t\t\t<div class=\"elementor-widget-container\">\n\t\t\t\t\t\t\t\t\t<div class=\"elementor-button-wrapper\">\n\t\t\t\t\t<a class=\"elementor-button elementor-button-link elementor-size-sm\" href=\"https:\/\/www.geneva-lawyers.com\/es\/contacto\/\">\n\t\t\t\t\t\t<span class=\"elementor-button-content-wrapper\">\n\t\t\t\t\t\t\t\t\t<span class=\"elementor-button-text\">Pide cita con un abogado<\/span>\n\t\t\t\t\t<\/span>\n\t\t\t\t\t<\/a>\n\t\t\t\t<\/div>\n\t\t\t\t\t\t\t\t<\/div>\n\t\t\t\t<\/div>\n\t\t\t\t\t<\/div>\n\t\t<\/div>\n\t\t\t\t\t<\/div>\n\t\t<\/section>\n\t\t\t\t<\/div>\n\t\t","protected":false},"excerpt":{"rendered":"<p>Pide cita con un abogado La representaci\u00f3n de los trabajadores y los conflictos laborales en Suiza La representaci\u00f3n de los trabajadores es un aspecto crucial tanto para las empresas como para los trabajadores en Suiza, ya que garantiza una comunicaci\u00f3n abierta y transparente y salvaguarda los derechos de los trabajadores. Seg\u00fan la Ley Federal de &#8230; <a title=\"La representaci\u00f3n de los trabajadores y los conflictos laborales en Suiza\" class=\"read-more\" href=\"https:\/\/www.geneva-lawyers.com\/es\/representacion-trabajadores-conflictos-laborales-suiza\/\" aria-label=\"Leer m\u00e1s sobre La representaci\u00f3n de los trabajadores y los conflictos laborales en Suiza\">Leer m\u00e1s<\/a><\/p>\n","protected":false},"author":1,"featured_media":0,"parent":0,"menu_order":0,"comment_status":"closed","ping_status":"closed","template":"elementor_header_footer","meta":{"_acf_changed":false,"_seopress_robots_primary_cat":"","_seopress_titles_title":"","_seopress_titles_desc":"","_seopress_robots_index":"","footnotes":""},"class_list":["post-31588","page","type-page","status-publish"],"acf":[],"_links":{"self":[{"href":"https:\/\/www.geneva-lawyers.com\/es\/wp-json\/wp\/v2\/pages\/31588","targetHints":{"allow":["GET"]}}],"collection":[{"href":"https:\/\/www.geneva-lawyers.com\/es\/wp-json\/wp\/v2\/pages"}],"about":[{"href":"https:\/\/www.geneva-lawyers.com\/es\/wp-json\/wp\/v2\/types\/page"}],"author":[{"embeddable":true,"href":"https:\/\/www.geneva-lawyers.com\/es\/wp-json\/wp\/v2\/users\/1"}],"replies":[{"embeddable":true,"href":"https:\/\/www.geneva-lawyers.com\/es\/wp-json\/wp\/v2\/comments?post=31588"}],"version-history":[{"count":6,"href":"https:\/\/www.geneva-lawyers.com\/es\/wp-json\/wp\/v2\/pages\/31588\/revisions"}],"predecessor-version":[{"id":33660,"href":"https:\/\/www.geneva-lawyers.com\/es\/wp-json\/wp\/v2\/pages\/31588\/revisions\/33660"}],"wp:attachment":[{"href":"https:\/\/www.geneva-lawyers.com\/es\/wp-json\/wp\/v2\/media?parent=31588"}],"curies":[{"name":"wp","href":"https:\/\/api.w.org\/{rel}","templated":true}]}}