{"id":31596,"date":"2024-05-24T14:23:14","date_gmt":"2024-05-24T12:23:14","guid":{"rendered":"https:\/\/www.geneva-lawyers.com\/abandono-del-empleo-en-suiza\/"},"modified":"2025-04-14T15:39:45","modified_gmt":"2025-04-14T13:39:45","slug":"abandono-empleo-suiza","status":"publish","type":"page","link":"https:\/\/www.geneva-lawyers.com\/es\/abandono-empleo-suiza\/","title":{"rendered":"Abandono del empleo en Suiza"},"content":{"rendered":"\t\t<div data-elementor-type=\"wp-page\" data-elementor-id=\"31596\" class=\"elementor elementor-31596 elementor-29428\" data-elementor-post-type=\"page\">\n\t\t\t\t\t\t<section class=\"elementor-section elementor-top-section elementor-element elementor-element-16e11063 elementor-section-boxed elementor-section-height-default elementor-section-height-default\" data-id=\"16e11063\" data-element_type=\"section\" data-e-type=\"section\" data-settings=\"{&quot;background_background&quot;:&quot;classic&quot;}\">\n\t\t\t\t\t\t\t<div class=\"elementor-background-overlay\"><\/div>\n\t\t\t\t\t\t\t<div class=\"elementor-container elementor-column-gap-default\">\n\t\t\t\t\t<div class=\"elementor-column elementor-col-100 elementor-top-column elementor-element elementor-element-795da487\" data-id=\"795da487\" data-element_type=\"column\" data-e-type=\"column\">\n\t\t\t<div class=\"elementor-widget-wrap elementor-element-populated\">\n\t\t\t\t\t\t<div class=\"elementor-element elementor-element-3f0cacc7 elementor-widget-divider--view-line elementor-widget elementor-widget-divider\" data-id=\"3f0cacc7\" data-element_type=\"widget\" data-e-type=\"widget\" data-widget_type=\"divider.default\">\n\t\t\t\t<div class=\"elementor-widget-container\">\n\t\t\t\t\t\t\t<div class=\"elementor-divider\">\n\t\t\t<span class=\"elementor-divider-separator\">\n\t\t\t\t\t\t<\/span>\n\t\t<\/div>\n\t\t\t\t\t\t<\/div>\n\t\t\t\t<\/div>\n\t\t\t\t<div class=\"elementor-element elementor-element-23e430ee elementor-align-center elementor-widget elementor-widget-button\" data-id=\"23e430ee\" data-element_type=\"widget\" data-e-type=\"widget\" data-widget_type=\"button.default\">\n\t\t\t\t<div class=\"elementor-widget-container\">\n\t\t\t\t\t\t\t\t\t<div class=\"elementor-button-wrapper\">\n\t\t\t\t\t<a class=\"elementor-button elementor-button-link elementor-size-sm\" href=\"https:\/\/www.geneva-lawyers.com\/es\/contacto\/\">\n\t\t\t\t\t\t<span class=\"elementor-button-content-wrapper\">\n\t\t\t\t\t\t\t\t\t<span class=\"elementor-button-text\">Pide cita con un abogado<\/span>\n\t\t\t\t\t<\/span>\n\t\t\t\t\t<\/a>\n\t\t\t\t<\/div>\n\t\t\t\t\t\t\t\t<\/div>\n\t\t\t\t<\/div>\n\t\t\t\t\t<\/div>\n\t\t<\/div>\n\t\t\t\t\t<\/div>\n\t\t<\/section>\n\t\t\t\t<section class=\"elementor-section elementor-top-section elementor-element elementor-element-405ef4d3 elementor-section-boxed elementor-section-height-default elementor-section-height-default\" data-id=\"405ef4d3\" data-element_type=\"section\" data-e-type=\"section\">\n\t\t\t\t\t\t<div class=\"elementor-container elementor-column-gap-default\">\n\t\t\t\t\t<div class=\"elementor-column elementor-col-100 elementor-top-column elementor-element elementor-element-7fabf482\" data-id=\"7fabf482\" data-element_type=\"column\" data-e-type=\"column\">\n\t\t\t<div class=\"elementor-widget-wrap elementor-element-populated\">\n\t\t\t\t\t\t<div class=\"elementor-element elementor-element-4216941b elementor-widget elementor-widget-heading\" data-id=\"4216941b\" data-element_type=\"widget\" data-e-type=\"widget\" data-widget_type=\"heading.default\">\n\t\t\t\t<div class=\"elementor-widget-container\">\n\t\t\t\t\t<h2 class=\"elementor-heading-title elementor-size-default\">Abandono del empleo en Suiza<\/h2>\t\t\t\t<\/div>\n\t\t\t\t<\/div>\n\t\t\t\t<div class=\"elementor-element elementor-element-17e75642 elementor-widget-divider--view-line elementor-widget elementor-widget-divider\" data-id=\"17e75642\" data-element_type=\"widget\" data-e-type=\"widget\" data-widget_type=\"divider.default\">\n\t\t\t\t<div class=\"elementor-widget-container\">\n\t\t\t\t\t\t\t<div class=\"elementor-divider\">\n\t\t\t<span class=\"elementor-divider-separator\">\n\t\t\t\t\t\t<\/span>\n\t\t<\/div>\n\t\t\t\t\t\t<\/div>\n\t\t\t\t<\/div>\n\t\t\t\t<div class=\"elementor-element elementor-element-105b215b elementor-widget elementor-widget-text-editor\" data-id=\"105b215b\" data-element_type=\"widget\" data-e-type=\"widget\" data-widget_type=\"text-editor.default\">\n\t\t\t\t<div class=\"elementor-widget-container\">\n\t\t\t\t\t\t\t\t\t<p>En caso de abandono injustificado del trabajo o de no incorporaci\u00f3n al servicio, el empresario tiene derecho a una indemnizaci\u00f3n equivalente a una cuarta parte del salario mensual bruto del trabajador. Adem\u00e1s, el empresario puede reclamar una indemnizaci\u00f3n por da\u00f1os y perjuicios si puede demostrar que el abandono o la no incorporaci\u00f3n al trabajo le han causado m\u00e1s p\u00e9rdidas. En caso de abandono del puesto de trabajo, la relaci\u00f3n laboral finaliza inmediatamente, por lo que no es necesario el despido inmediato por parte del empresario. Sin embargo, el empresario debe asegurarse de que la salida del trabajador indica una intenci\u00f3n consciente, deliberada y definitiva de poner fin a la relaci\u00f3n laboral.   <\/p><h2>Comprender la intenci\u00f3n del trabajador<\/h2><p>La intenci\u00f3n del trabajador de abandonar su puesto de trabajo puede ser expl\u00edcita o impl\u00edcita, a menudo deducida de acciones concluyentes (por ejemplo, no presentarse al trabajo sin justificaci\u00f3n durante varios meses). En los raros casos en que la intenci\u00f3n se manifiesta expl\u00edcitamente, el empresario no tiene por qu\u00e9 rescindir el contrato de trabajo, pero debe reconocer que el trabajador ha abandonado su puesto de trabajo y que el contrato ha finalizado. <\/p><p>Cuando la intenci\u00f3n es impl\u00edcita, el empresario debe determinar objetivamente y de buena fe si el trabajador ten\u00eda intenci\u00f3n de abandonar definitivamente el trabajo. Si el trabajador se ausenta por motivos de salud sin certificado m\u00e9dico, el empresario no puede suponer el abandono del puesto de trabajo sin antes pedirle que se reincorpore al trabajo o presentarle un certificado m\u00e9dico. <\/p><h3>Ausencia de corta duraci\u00f3n<\/h3><p>Una ausencia de corta duraci\u00f3n no constituye autom\u00e1ticamente un abandono del puesto de trabajo. En cambio, puede representar un incumplimiento de las obligaciones contractuales del trabajador, que puede dar lugar a un despido inmediato por causa justificada en virtud del art\u00edculo 337 del C\u00f3digo Suizo de Obligaciones, previo apercibimiento. Por ejemplo, una negativa temporal a trabajar por enfado no se considera abandono del trabajo si el empresario puede discernir el car\u00e1cter temporal de la negativa.  <\/p><h3>Ausencia de larga duraci\u00f3n<\/h3><p>En los casos de ausencia prolongada, de varios meses, el empresario debe considerar que el trabajador se niega a continuar la relaci\u00f3n laboral, lo que constituye un abandono del puesto de trabajo. Esta ausencia prolongada indica la intenci\u00f3n del trabajador de poner fin definitivamente a su relaci\u00f3n laboral. <\/p>\t\t\t\t\t\t\t\t<\/div>\n\t\t\t\t<\/div>\n\t\t\t\t\t<\/div>\n\t\t<\/div>\n\t\t\t\t\t<\/div>\n\t\t<\/section>\n\t\t\t\t<section class=\"elementor-section elementor-top-section elementor-element elementor-element-711437e2 elementor-section-full_width elementor-section-height-min-height elementor-section-items-stretch elementor-section-content-middle elementor-section-height-default\" data-id=\"711437e2\" data-element_type=\"section\" data-e-type=\"section\" data-settings=\"{&quot;background_background&quot;:&quot;classic&quot;}\">\n\t\t\t\t\t\t<div class=\"elementor-container elementor-column-gap-no\">\n\t\t\t\t\t<div class=\"elementor-column elementor-col-50 elementor-top-column elementor-element elementor-element-71b45d66\" data-id=\"71b45d66\" data-element_type=\"column\" data-e-type=\"column\" data-settings=\"{&quot;background_background&quot;:&quot;classic&quot;}\">\n\t\t\t<div class=\"elementor-widget-wrap elementor-element-populated\">\n\t\t\t\t\t\t<div class=\"elementor-element elementor-element-4f5f3528 elementor-widget elementor-widget-spacer\" data-id=\"4f5f3528\" data-element_type=\"widget\" data-e-type=\"widget\" data-widget_type=\"spacer.default\">\n\t\t\t\t<div class=\"elementor-widget-container\">\n\t\t\t\t\t\t\t<div class=\"elementor-spacer\">\n\t\t\t<div class=\"elementor-spacer-inner\"><\/div>\n\t\t<\/div>\n\t\t\t\t\t\t<\/div>\n\t\t\t\t<\/div>\n\t\t\t\t\t<\/div>\n\t\t<\/div>\n\t\t\t\t<div class=\"elementor-column elementor-col-50 elementor-top-column elementor-element elementor-element-111d6b2d\" data-id=\"111d6b2d\" data-element_type=\"column\" data-e-type=\"column\" data-settings=\"{&quot;background_background&quot;:&quot;classic&quot;}\">\n\t\t\t<div class=\"elementor-widget-wrap elementor-element-populated\">\n\t\t\t\t\t\t<div class=\"elementor-element elementor-element-2dd41bda elementor-widget elementor-widget-heading\" data-id=\"2dd41bda\" data-element_type=\"widget\" data-e-type=\"widget\" data-widget_type=\"heading.default\">\n\t\t\t\t<div class=\"elementor-widget-container\">\n\t\t\t\t\t<p class=\"elementor-heading-title elementor-size-default\">Consulta inicial  <\/p>\t\t\t\t<\/div>\n\t\t\t\t<\/div>\n\t\t\t\t<div class=\"elementor-element elementor-element-48b50f2 elementor-widget elementor-widget-heading\" data-id=\"48b50f2\" data-element_type=\"widget\" data-e-type=\"widget\" data-widget_type=\"heading.default\">\n\t\t\t\t<div class=\"elementor-widget-container\">\n\t\t\t\t\t<p class=\"elementor-heading-title elementor-size-default\">de 60 min a 220,00 CHF<\/p>\t\t\t\t<\/div>\n\t\t\t\t<\/div>\n\t\t\t\t<div class=\"elementor-element elementor-element-fa2d2e3 elementor-widget elementor-widget-text-editor\" data-id=\"fa2d2e3\" data-element_type=\"widget\" data-e-type=\"widget\" data-widget_type=\"text-editor.default\">\n\t\t\t\t<div class=\"elementor-widget-container\">\n\t\t\t\t\t\t\t\t\tDiscute tu situaci\u00f3n con un abogado especializado en Suiza.\n\t\t\t\t\t\t\t\t<\/div>\n\t\t\t\t<\/div>\n\t\t\t\t<div class=\"elementor-element elementor-element-1eac2876 elementor-widget-divider--view-line elementor-widget elementor-widget-divider\" data-id=\"1eac2876\" data-element_type=\"widget\" data-e-type=\"widget\" data-widget_type=\"divider.default\">\n\t\t\t\t<div class=\"elementor-widget-container\">\n\t\t\t\t\t\t\t<div class=\"elementor-divider\">\n\t\t\t<span class=\"elementor-divider-separator\">\n\t\t\t\t\t\t<\/span>\n\t\t<\/div>\n\t\t\t\t\t\t<\/div>\n\t\t\t\t<\/div>\n\t\t\t\t<div class=\"elementor-element elementor-element-1a6101be elementor-widget elementor-widget-text-editor\" data-id=\"1a6101be\" data-element_type=\"widget\" data-e-type=\"widget\" data-widget_type=\"text-editor.default\">\n\t\t\t\t<div class=\"elementor-widget-container\">\n\t\t\t\t\t\t\t\t\t<p>\u00bfS\u00f3lo buscas una cita para hacer algunas preguntas?<br>\u00bfNo est\u00e1s seguro de los procedimientos que deseas realizar?<br>\u00bfTu situaci\u00f3n no est\u00e1 clara?<\/p><p><strong>Opta por una primera consulta con un abogado en Ginebra.<\/strong><\/p><p>Entonces decidir\u00e1s si quieres seguir adelante y nuestros abogados te dar\u00e1n el coste del procedimiento seg\u00fan tu caso. Citas disponibles en persona o por videoconferencia. <strong><br><\/strong><\/p>\t\t\t\t\t\t\t\t<\/div>\n\t\t\t\t<\/div>\n\t\t\t\t<div class=\"elementor-element elementor-element-2b4e32c4 elementor-align-center elementor-widget elementor-widget-button\" data-id=\"2b4e32c4\" data-element_type=\"widget\" data-e-type=\"widget\" data-widget_type=\"button.default\">\n\t\t\t\t<div class=\"elementor-widget-container\">\n\t\t\t\t\t\t\t\t\t<div class=\"elementor-button-wrapper\">\n\t\t\t\t\t<a class=\"elementor-button elementor-button-link elementor-size-sm\" href=\"https:\/\/www.geneva-lawyers.com\/es\/contacto\/\">\n\t\t\t\t\t\t<span class=\"elementor-button-content-wrapper\">\n\t\t\t\t\t\t\t\t\t<span class=\"elementor-button-text\">Pide cita con un abogado<\/span>\n\t\t\t\t\t<\/span>\n\t\t\t\t\t<\/a>\n\t\t\t\t<\/div>\n\t\t\t\t\t\t\t\t<\/div>\n\t\t\t\t<\/div>\n\t\t\t\t\t<\/div>\n\t\t<\/div>\n\t\t\t\t\t<\/div>\n\t\t<\/section>\n\t\t\t\t<\/div>\n\t\t","protected":false},"excerpt":{"rendered":"<p>Pide cita con un abogado Abandono del empleo en Suiza En caso de abandono injustificado del trabajo o de no incorporaci\u00f3n al servicio, el empresario tiene derecho a una indemnizaci\u00f3n equivalente a una cuarta parte del salario mensual bruto del trabajador. Adem\u00e1s, el empresario puede reclamar una indemnizaci\u00f3n por da\u00f1os y perjuicios si puede demostrar &#8230; <a title=\"Abandono del empleo en Suiza\" class=\"read-more\" href=\"https:\/\/www.geneva-lawyers.com\/es\/abandono-empleo-suiza\/\" aria-label=\"Leer m\u00e1s sobre Abandono del empleo en Suiza\">Leer m\u00e1s<\/a><\/p>\n","protected":false},"author":1,"featured_media":0,"parent":0,"menu_order":0,"comment_status":"closed","ping_status":"closed","template":"elementor_header_footer","meta":{"_acf_changed":false,"_seopress_robots_primary_cat":"","_seopress_titles_title":"","_seopress_titles_desc":"","_seopress_robots_index":"","footnotes":""},"class_list":["post-31596","page","type-page","status-publish"],"acf":[],"_links":{"self":[{"href":"https:\/\/www.geneva-lawyers.com\/es\/wp-json\/wp\/v2\/pages\/31596","targetHints":{"allow":["GET"]}}],"collection":[{"href":"https:\/\/www.geneva-lawyers.com\/es\/wp-json\/wp\/v2\/pages"}],"about":[{"href":"https:\/\/www.geneva-lawyers.com\/es\/wp-json\/wp\/v2\/types\/page"}],"author":[{"embeddable":true,"href":"https:\/\/www.geneva-lawyers.com\/es\/wp-json\/wp\/v2\/users\/1"}],"replies":[{"embeddable":true,"href":"https:\/\/www.geneva-lawyers.com\/es\/wp-json\/wp\/v2\/comments?post=31596"}],"version-history":[{"count":6,"href":"https:\/\/www.geneva-lawyers.com\/es\/wp-json\/wp\/v2\/pages\/31596\/revisions"}],"predecessor-version":[{"id":33975,"href":"https:\/\/www.geneva-lawyers.com\/es\/wp-json\/wp\/v2\/pages\/31596\/revisions\/33975"}],"wp:attachment":[{"href":"https:\/\/www.geneva-lawyers.com\/es\/wp-json\/wp\/v2\/media?parent=31596"}],"curies":[{"name":"wp","href":"https:\/\/api.w.org\/{rel}","templated":true}]}}