{"id":31603,"date":"2024-05-23T15:39:32","date_gmt":"2024-05-23T13:39:32","guid":{"rendered":"https:\/\/www.geneva-lawyers.com\/retirada-de-la-licencia-por-motivos-de-seguridad-en-suiza\/"},"modified":"2025-04-14T15:11:08","modified_gmt":"2025-04-14T13:11:08","slug":"retirada-licencia-motivos-seguridad-suiza","status":"publish","type":"page","link":"https:\/\/www.geneva-lawyers.com\/es\/retirada-licencia-motivos-seguridad-suiza\/","title":{"rendered":"Retirada de la licencia por motivos de seguridad en Suiza"},"content":{"rendered":"\t\t<div data-elementor-type=\"wp-page\" data-elementor-id=\"31603\" class=\"elementor elementor-31603 elementor-29374\" data-elementor-post-type=\"page\">\n\t\t\t\t\t\t<section class=\"elementor-section elementor-top-section elementor-element elementor-element-3e53b0e8 elementor-section-boxed elementor-section-height-default elementor-section-height-default\" data-id=\"3e53b0e8\" data-element_type=\"section\" data-e-type=\"section\" data-settings=\"{&quot;background_background&quot;:&quot;classic&quot;}\">\n\t\t\t\t\t\t\t<div class=\"elementor-background-overlay\"><\/div>\n\t\t\t\t\t\t\t<div class=\"elementor-container elementor-column-gap-default\">\n\t\t\t\t\t<div class=\"elementor-column elementor-col-100 elementor-top-column elementor-element elementor-element-5750d956\" data-id=\"5750d956\" data-element_type=\"column\" data-e-type=\"column\">\n\t\t\t<div class=\"elementor-widget-wrap elementor-element-populated\">\n\t\t\t\t\t\t<div class=\"elementor-element elementor-element-1fba8b7e elementor-widget-divider--view-line elementor-widget elementor-widget-divider\" data-id=\"1fba8b7e\" data-element_type=\"widget\" data-e-type=\"widget\" data-widget_type=\"divider.default\">\n\t\t\t\t<div class=\"elementor-widget-container\">\n\t\t\t\t\t\t\t<div class=\"elementor-divider\">\n\t\t\t<span class=\"elementor-divider-separator\">\n\t\t\t\t\t\t<\/span>\n\t\t<\/div>\n\t\t\t\t\t\t<\/div>\n\t\t\t\t<\/div>\n\t\t\t\t<div class=\"elementor-element elementor-element-44f3230f elementor-align-center elementor-widget elementor-widget-button\" data-id=\"44f3230f\" data-element_type=\"widget\" data-e-type=\"widget\" data-widget_type=\"button.default\">\n\t\t\t\t<div class=\"elementor-widget-container\">\n\t\t\t\t\t\t\t\t\t<div class=\"elementor-button-wrapper\">\n\t\t\t\t\t<a class=\"elementor-button elementor-button-link elementor-size-sm\" href=\"https:\/\/www.geneva-lawyers.com\/es\/contacto\/\">\n\t\t\t\t\t\t<span class=\"elementor-button-content-wrapper\">\n\t\t\t\t\t\t\t\t\t<span class=\"elementor-button-text\">Pide cita con un abogado<\/span>\n\t\t\t\t\t<\/span>\n\t\t\t\t\t<\/a>\n\t\t\t\t<\/div>\n\t\t\t\t\t\t\t\t<\/div>\n\t\t\t\t<\/div>\n\t\t\t\t\t<\/div>\n\t\t<\/div>\n\t\t\t\t\t<\/div>\n\t\t<\/section>\n\t\t\t\t<section class=\"elementor-section elementor-top-section elementor-element elementor-element-1bb1d2aa elementor-section-boxed elementor-section-height-default elementor-section-height-default\" data-id=\"1bb1d2aa\" data-element_type=\"section\" data-e-type=\"section\">\n\t\t\t\t\t\t<div class=\"elementor-container elementor-column-gap-default\">\n\t\t\t\t\t<div class=\"elementor-column elementor-col-100 elementor-top-column elementor-element elementor-element-40ce9461\" data-id=\"40ce9461\" data-element_type=\"column\" data-e-type=\"column\">\n\t\t\t<div class=\"elementor-widget-wrap elementor-element-populated\">\n\t\t\t\t\t\t<div class=\"elementor-element elementor-element-2eca1072 elementor-widget elementor-widget-heading\" data-id=\"2eca1072\" data-element_type=\"widget\" data-e-type=\"widget\" data-widget_type=\"heading.default\">\n\t\t\t\t<div class=\"elementor-widget-container\">\n\t\t\t\t\t<h2 class=\"elementor-heading-title elementor-size-default\">Retirada de la licencia por motivos de seguridad en Suiza<\/h2>\t\t\t\t<\/div>\n\t\t\t\t<\/div>\n\t\t\t\t<div class=\"elementor-element elementor-element-13f1c165 elementor-widget-divider--view-line elementor-widget elementor-widget-divider\" data-id=\"13f1c165\" data-element_type=\"widget\" data-e-type=\"widget\" data-widget_type=\"divider.default\">\n\t\t\t\t<div class=\"elementor-widget-container\">\n\t\t\t\t\t\t\t<div class=\"elementor-divider\">\n\t\t\t<span class=\"elementor-divider-separator\">\n\t\t\t\t\t\t<\/span>\n\t\t<\/div>\n\t\t\t\t\t\t<\/div>\n\t\t\t\t<\/div>\n\t\t\t\t<div class=\"elementor-element elementor-element-10fc3a52 elementor-widget elementor-widget-text-editor\" data-id=\"10fc3a52\" data-element_type=\"widget\" data-e-type=\"widget\" data-widget_type=\"text-editor.default\">\n\t\t\t\t<div class=\"elementor-widget-container\">\n\t\t\t\t\t\t\t\t\t<p>La revocaci\u00f3n del permiso por motivos de seguridad en Suiza es una medida administrativa o judicial destinada a suspender o revocar los privilegios de conducci\u00f3n de una persona. Con esta medida se pretende proteger a la comunidad impidiendo que conduzcan un veh\u00edculo las personas que suponen un riesgo significativo. Esta medida se basa en la necesidad imperiosa de seguridad vial y protecci\u00f3n de la vida humana.  <\/p><p>La aplicaci\u00f3n de la revocaci\u00f3n del permiso por motivos de seguridad es responsabilidad de las autoridades cantonales de tr\u00e1fico, que son las encargadas de expedir y revocar los permisos de conducir. Los tribunales tambi\u00e9n pueden ordenar la revocaci\u00f3n por motivos de seguridad durante procesos penales relacionados con infracciones de tr\u00e1fico graves. <\/p><h2>Tipos de revocaci\u00f3n relacionados con la seguridad<\/h2><p>Hay varios tipos de revocaciones relacionadas con la seguridad, que difieren seg\u00fan la naturaleza y gravedad de la infracci\u00f3n o la incapacidad de la persona. Las revocaciones temporales se utilizan para infracciones menos graves o problemas m\u00e9dicos tratables, a menudo con un periodo espec\u00edfico durante el cual el conductor tiene prohibido conducir. En casos extremos en los que se considera que un individuo est\u00e1 permanentemente incapacitado para conducir con seguridad, el permiso puede revocarse permanentemente.  <\/p><h2>Motivos de revocaci\u00f3n relacionados con la seguridad<\/h2><p><strong>1. Infracciones de tr\u00e1fico graves:<\/strong><br>Las infracciones graves de las leyes de tr\u00e1fico suponen un riesgo inmediato y sustancial para la seguridad de otros usuarios de la v\u00eda p\u00fablica y pueden justificar la retirada inmediata del permiso de conducir. Esto incluye conducir bajo los efectos del alcohol o las drogas, cuando el juicio y la coordinaci\u00f3n del conductor se ven significativamente afectados, poniendo en peligro la vida de los dem\u00e1s. Otras infracciones graves son el exceso de velocidad, saltarse sem\u00e1foros en rojo o la conducci\u00f3n agresiva.  <\/p><p><strong>2. Incapacidad m\u00e9dica:<\/strong><br>Conducir requiere unas capacidades mentales y f\u00edsicas espec\u00edficas, y determinadas afecciones m\u00e9dicas pueden mermar gravemente la capacidad de una persona para conducir con seguridad. Afecciones como trastornos neurol\u00f3gicos, deficiencias visuales o problemas de salud mental pueden incapacitar a un conductor para conducir. En estos casos, la retirada del permiso de conducir es necesaria para proteger la salud y la seguridad tanto del conductor como de los dem\u00e1s usuarios de la carretera.  <\/p><p><strong>3. Competencia insuficiente al volante:<\/strong><br>Aunque esta categor\u00eda puede parecer menos definida, hay casos en los que un conductor puede ser considerado incompetente para conducir con seguridad incluso sin haber cometido una infracci\u00f3n espec\u00edfica. Esto podr\u00eda incluir situaciones en las que el conductor no ha mantenido las habilidades de conducci\u00f3n necesarias o ha mostrado una falta de comprensi\u00f3n o respeto por las normas de tr\u00e1fico. <\/p><h2>Duraci\u00f3n de la revocaci\u00f3n relacionada con la seguridad<\/h2><p>La duraci\u00f3n de la revocaci\u00f3n relacionada con la seguridad es un aspecto crucial de la regulaci\u00f3n de la seguridad vial en Suiza. Debe ser proporcional a la naturaleza y gravedad de la infracci\u00f3n o incapacidad, garantizando que el conductor disponga del tiempo y los recursos necesarios para corregir el comportamiento o la condici\u00f3n que dieron lugar a la revocaci\u00f3n. <\/p><p><strong>Revocaci\u00f3n temporal:<\/strong><br>Para infracciones menos graves, el periodo de revocaci\u00f3n puede ser breve, como unos pocos meses. Esto puede bastar para transmitir la gravedad de la conducta del conductor sin afectar excesivamente a su vida cotidiana. Las infracciones leves por exceso de velocidad o por utilizar el tel\u00e9fono m\u00f3vil mientras se conduce pueden dar lugar a revocaciones temporales de este tipo.  <\/p><p><strong>Revocaci\u00f3n ampliada:<\/strong><br>Para los casos m\u00e1s graves, como conducir bajo la influencia de sustancias, el periodo de revocaci\u00f3n puede ser m\u00e1s largo, como uno o dos a\u00f1os. Este periodo ampliado refleja la gravedad del delito y la necesidad de una rehabilitaci\u00f3n y educaci\u00f3n significativas. <\/p><p><strong>Revocaci\u00f3n indefinida o permanente:<\/strong><br>En casos extremos, como infracciones reiteradas o afecciones m\u00e9dicas graves y permanentes, la revocaci\u00f3n puede ser indefinida o permanente. Esto significa que el conductor no podr\u00e1 volver a conducir nunca m\u00e1s o s\u00f3lo despu\u00e9s de cumplir unas condiciones muy estrictas. La revocaci\u00f3n permanente es una medida severa que se utiliza cuando las autoridades est\u00e1n convencidas de que el conductor supone un riesgo constante e incontrolable para la seguridad vial.  <\/p><h2>Procedimiento y recursos<\/h2><p>El procedimiento de revocaci\u00f3n por motivos de seguridad en Suiza comienza con la identificaci\u00f3n de la infracci\u00f3n o incapacidad por parte de la autoridad cantonal de tr\u00e1fico. A continuaci\u00f3n, esta autoridad examina el caso en detalle y decide la naturaleza y duraci\u00f3n de la revocaci\u00f3n. La decisi\u00f3n se notifica por escrito al conductor, con una explicaci\u00f3n clara de los motivos de la revocaci\u00f3n. Esta comunicaci\u00f3n escrita garantiza la transparencia y que el conductor est\u00e1 plenamente informado de la naturaleza de la infracci\u00f3n o incapacidad y de las consecuencias legales.   <\/p><p>Si un conductor no est\u00e1 de acuerdo con la decisi\u00f3n de revocaci\u00f3n, existen procedimientos de recurso claramente definidos. Normalmente, el conductor dispone de un plazo determinado para recurrir la decisi\u00f3n ante una autoridad judicial. Este recurso permite una revisi\u00f3n independiente y exhaustiva de la decisi\u00f3n, con la oportunidad de presentar pruebas adicionales o testimonios de expertos. Un abogado especializado tambi\u00e9n puede ayudar al conductor durante esta fase, aportando los conocimientos jur\u00eddicos necesarios para desenvolverse en el sistema judicial. El proceso de apelaci\u00f3n garantiza que se respeten plenamente los derechos del conductor y que la decisi\u00f3n de revocaci\u00f3n se tome tras una evaluaci\u00f3n exhaustiva y justa de los hechos.    <\/p><p>En Suiza, la retirada del carn\u00e9 por motivos de seguridad es una medida crucial para mantener la seguridad vial y proteger la salud p\u00fablica. El proceso est\u00e1 dise\u00f1ado para ser exhaustivo y justo, equilibrando la necesidad de seguridad p\u00fablica con los derechos de los conductores individuales. Al garantizar que s\u00f3lo se permite circular a conductores competentes y sanos, esta medida contribuye significativamente a la seguridad general del tr\u00e1fico en el pa\u00eds.  <\/p>\t\t\t\t\t\t\t\t<\/div>\n\t\t\t\t<\/div>\n\t\t\t\t\t<\/div>\n\t\t<\/div>\n\t\t\t\t\t<\/div>\n\t\t<\/section>\n\t\t\t\t<section class=\"elementor-section elementor-top-section elementor-element elementor-element-56f5a85d elementor-section-full_width elementor-section-height-min-height elementor-section-items-stretch elementor-section-content-middle elementor-section-height-default\" data-id=\"56f5a85d\" data-element_type=\"section\" data-e-type=\"section\" data-settings=\"{&quot;background_background&quot;:&quot;classic&quot;}\">\n\t\t\t\t\t\t<div class=\"elementor-container elementor-column-gap-no\">\n\t\t\t\t\t<div class=\"elementor-column elementor-col-50 elementor-top-column elementor-element elementor-element-60ea47e\" data-id=\"60ea47e\" data-element_type=\"column\" data-e-type=\"column\" data-settings=\"{&quot;background_background&quot;:&quot;classic&quot;}\">\n\t\t\t<div class=\"elementor-widget-wrap elementor-element-populated\">\n\t\t\t\t\t\t<div class=\"elementor-element elementor-element-2e49b629 elementor-widget elementor-widget-spacer\" data-id=\"2e49b629\" data-element_type=\"widget\" data-e-type=\"widget\" data-widget_type=\"spacer.default\">\n\t\t\t\t<div class=\"elementor-widget-container\">\n\t\t\t\t\t\t\t<div class=\"elementor-spacer\">\n\t\t\t<div class=\"elementor-spacer-inner\"><\/div>\n\t\t<\/div>\n\t\t\t\t\t\t<\/div>\n\t\t\t\t<\/div>\n\t\t\t\t\t<\/div>\n\t\t<\/div>\n\t\t\t\t<div class=\"elementor-column elementor-col-50 elementor-top-column elementor-element elementor-element-55a5d79f\" data-id=\"55a5d79f\" data-element_type=\"column\" data-e-type=\"column\" data-settings=\"{&quot;background_background&quot;:&quot;classic&quot;}\">\n\t\t\t<div class=\"elementor-widget-wrap elementor-element-populated\">\n\t\t\t\t\t\t<div class=\"elementor-element elementor-element-5dda1eb elementor-widget elementor-widget-heading\" data-id=\"5dda1eb\" data-element_type=\"widget\" data-e-type=\"widget\" data-widget_type=\"heading.default\">\n\t\t\t\t<div class=\"elementor-widget-container\">\n\t\t\t\t\t<p class=\"elementor-heading-title elementor-size-default\">Consulta inicial  <\/p>\t\t\t\t<\/div>\n\t\t\t\t<\/div>\n\t\t\t\t<div class=\"elementor-element elementor-element-41d8fa elementor-widget elementor-widget-heading\" data-id=\"41d8fa\" data-element_type=\"widget\" data-e-type=\"widget\" data-widget_type=\"heading.default\">\n\t\t\t\t<div class=\"elementor-widget-container\">\n\t\t\t\t\t<p class=\"elementor-heading-title elementor-size-default\">de 60 min a 220,00 CHF<\/p>\t\t\t\t<\/div>\n\t\t\t\t<\/div>\n\t\t\t\t<div class=\"elementor-element elementor-element-f298432 elementor-widget elementor-widget-text-editor\" data-id=\"f298432\" data-element_type=\"widget\" data-e-type=\"widget\" data-widget_type=\"text-editor.default\">\n\t\t\t\t<div class=\"elementor-widget-container\">\n\t\t\t\t\t\t\t\t\tDiscute tu situaci\u00f3n con un abogado especializado en Suiza.\n\t\t\t\t\t\t\t\t<\/div>\n\t\t\t\t<\/div>\n\t\t\t\t<div class=\"elementor-element elementor-element-308a27 elementor-widget-divider--view-line elementor-widget elementor-widget-divider\" data-id=\"308a27\" data-element_type=\"widget\" data-e-type=\"widget\" data-widget_type=\"divider.default\">\n\t\t\t\t<div class=\"elementor-widget-container\">\n\t\t\t\t\t\t\t<div class=\"elementor-divider\">\n\t\t\t<span class=\"elementor-divider-separator\">\n\t\t\t\t\t\t<\/span>\n\t\t<\/div>\n\t\t\t\t\t\t<\/div>\n\t\t\t\t<\/div>\n\t\t\t\t<div class=\"elementor-element elementor-element-5ffc1350 elementor-widget elementor-widget-text-editor\" data-id=\"5ffc1350\" data-element_type=\"widget\" data-e-type=\"widget\" data-widget_type=\"text-editor.default\">\n\t\t\t\t<div class=\"elementor-widget-container\">\n\t\t\t\t\t\t\t\t\t<p>\u00bfS\u00f3lo buscas una cita para hacer algunas preguntas?<br>\u00bfNo est\u00e1s seguro de los procedimientos que deseas realizar?<br>\u00bfTu situaci\u00f3n no est\u00e1 clara?<\/p><p><strong>Opta por una primera consulta con un abogado en Ginebra.<\/strong><\/p><p>Entonces decidir\u00e1s si quieres seguir adelante y nuestros abogados te dar\u00e1n el coste del procedimiento seg\u00fan tu caso. Citas disponibles en persona o por videoconferencia. <strong><br><\/strong><\/p>\t\t\t\t\t\t\t\t<\/div>\n\t\t\t\t<\/div>\n\t\t\t\t<div class=\"elementor-element elementor-element-f5fa311 elementor-align-center elementor-widget elementor-widget-button\" data-id=\"f5fa311\" data-element_type=\"widget\" data-e-type=\"widget\" data-widget_type=\"button.default\">\n\t\t\t\t<div class=\"elementor-widget-container\">\n\t\t\t\t\t\t\t\t\t<div class=\"elementor-button-wrapper\">\n\t\t\t\t\t<a class=\"elementor-button elementor-button-link elementor-size-sm\" href=\"https:\/\/www.geneva-lawyers.com\/es\/contacto\/\">\n\t\t\t\t\t\t<span class=\"elementor-button-content-wrapper\">\n\t\t\t\t\t\t\t\t\t<span class=\"elementor-button-text\">Pide cita con un abogado<\/span>\n\t\t\t\t\t<\/span>\n\t\t\t\t\t<\/a>\n\t\t\t\t<\/div>\n\t\t\t\t\t\t\t\t<\/div>\n\t\t\t\t<\/div>\n\t\t\t\t\t<\/div>\n\t\t<\/div>\n\t\t\t\t\t<\/div>\n\t\t<\/section>\n\t\t\t\t<\/div>\n\t\t","protected":false},"excerpt":{"rendered":"<p>Pide cita con un abogado Retirada de la licencia por motivos de seguridad en Suiza La revocaci\u00f3n del permiso por motivos de seguridad en Suiza es una medida administrativa o judicial destinada a suspender o revocar los privilegios de conducci\u00f3n de una persona. Con esta medida se pretende proteger a la comunidad impidiendo que conduzcan &#8230; <a title=\"Retirada de la licencia por motivos de seguridad en Suiza\" class=\"read-more\" href=\"https:\/\/www.geneva-lawyers.com\/es\/retirada-licencia-motivos-seguridad-suiza\/\" aria-label=\"Leer m\u00e1s sobre Retirada de la licencia por motivos de seguridad en Suiza\">Leer m\u00e1s<\/a><\/p>\n","protected":false},"author":1,"featured_media":0,"parent":0,"menu_order":0,"comment_status":"closed","ping_status":"closed","template":"elementor_header_footer","meta":{"_acf_changed":false,"_seopress_robots_primary_cat":"","_seopress_titles_title":"","_seopress_titles_desc":"","_seopress_robots_index":"","footnotes":""},"class_list":["post-31603","page","type-page","status-publish"],"acf":[],"_links":{"self":[{"href":"https:\/\/www.geneva-lawyers.com\/es\/wp-json\/wp\/v2\/pages\/31603","targetHints":{"allow":["GET"]}}],"collection":[{"href":"https:\/\/www.geneva-lawyers.com\/es\/wp-json\/wp\/v2\/pages"}],"about":[{"href":"https:\/\/www.geneva-lawyers.com\/es\/wp-json\/wp\/v2\/types\/page"}],"author":[{"embeddable":true,"href":"https:\/\/www.geneva-lawyers.com\/es\/wp-json\/wp\/v2\/users\/1"}],"replies":[{"embeddable":true,"href":"https:\/\/www.geneva-lawyers.com\/es\/wp-json\/wp\/v2\/comments?post=31603"}],"version-history":[{"count":6,"href":"https:\/\/www.geneva-lawyers.com\/es\/wp-json\/wp\/v2\/pages\/31603\/revisions"}],"predecessor-version":[{"id":33761,"href":"https:\/\/www.geneva-lawyers.com\/es\/wp-json\/wp\/v2\/pages\/31603\/revisions\/33761"}],"wp:attachment":[{"href":"https:\/\/www.geneva-lawyers.com\/es\/wp-json\/wp\/v2\/media?parent=31603"}],"curies":[{"name":"wp","href":"https:\/\/api.w.org\/{rel}","templated":true}]}}