{"id":31611,"date":"2024-05-23T16:26:04","date_gmt":"2024-05-23T14:26:04","guid":{"rendered":"https:\/\/www.geneva-lawyers.com\/programa-via-sicura\/"},"modified":"2025-04-14T14:45:22","modified_gmt":"2025-04-14T12:45:22","slug":"programa-via-sicura","status":"publish","type":"page","link":"https:\/\/www.geneva-lawyers.com\/es\/programa-via-sicura\/","title":{"rendered":"Programa V\u00eda Sicura"},"content":{"rendered":"\t\t<div data-elementor-type=\"wp-page\" data-elementor-id=\"31611\" class=\"elementor elementor-31611 elementor-29406\" data-elementor-post-type=\"page\">\n\t\t\t\t\t\t<section class=\"elementor-section elementor-top-section elementor-element elementor-element-4a325896 elementor-section-boxed elementor-section-height-default elementor-section-height-default\" data-id=\"4a325896\" data-element_type=\"section\" data-e-type=\"section\" data-settings=\"{&quot;background_background&quot;:&quot;classic&quot;}\">\n\t\t\t\t\t\t\t<div class=\"elementor-background-overlay\"><\/div>\n\t\t\t\t\t\t\t<div class=\"elementor-container elementor-column-gap-default\">\n\t\t\t\t\t<div class=\"elementor-column elementor-col-100 elementor-top-column elementor-element elementor-element-c7452d1\" data-id=\"c7452d1\" data-element_type=\"column\" data-e-type=\"column\">\n\t\t\t<div class=\"elementor-widget-wrap elementor-element-populated\">\n\t\t\t\t\t\t<div class=\"elementor-element elementor-element-161ebe8e elementor-widget-divider--view-line elementor-widget elementor-widget-divider\" data-id=\"161ebe8e\" data-element_type=\"widget\" data-e-type=\"widget\" data-widget_type=\"divider.default\">\n\t\t\t\t<div class=\"elementor-widget-container\">\n\t\t\t\t\t\t\t<div class=\"elementor-divider\">\n\t\t\t<span class=\"elementor-divider-separator\">\n\t\t\t\t\t\t<\/span>\n\t\t<\/div>\n\t\t\t\t\t\t<\/div>\n\t\t\t\t<\/div>\n\t\t\t\t<div class=\"elementor-element elementor-element-6698041f elementor-align-center elementor-widget elementor-widget-button\" data-id=\"6698041f\" data-element_type=\"widget\" data-e-type=\"widget\" data-widget_type=\"button.default\">\n\t\t\t\t<div class=\"elementor-widget-container\">\n\t\t\t\t\t\t\t\t\t<div class=\"elementor-button-wrapper\">\n\t\t\t\t\t<a class=\"elementor-button elementor-button-link elementor-size-sm\" href=\"https:\/\/www.geneva-lawyers.com\/es\/contacto\/\">\n\t\t\t\t\t\t<span class=\"elementor-button-content-wrapper\">\n\t\t\t\t\t\t\t\t\t<span class=\"elementor-button-text\">Pide cita con un abogado<\/span>\n\t\t\t\t\t<\/span>\n\t\t\t\t\t<\/a>\n\t\t\t\t<\/div>\n\t\t\t\t\t\t\t\t<\/div>\n\t\t\t\t<\/div>\n\t\t\t\t\t<\/div>\n\t\t<\/div>\n\t\t\t\t\t<\/div>\n\t\t<\/section>\n\t\t\t\t<section class=\"elementor-section elementor-top-section elementor-element elementor-element-7f28c66a elementor-section-boxed elementor-section-height-default elementor-section-height-default\" data-id=\"7f28c66a\" data-element_type=\"section\" data-e-type=\"section\">\n\t\t\t\t\t\t<div class=\"elementor-container elementor-column-gap-default\">\n\t\t\t\t\t<div class=\"elementor-column elementor-col-100 elementor-top-column elementor-element elementor-element-73c2200c\" data-id=\"73c2200c\" data-element_type=\"column\" data-e-type=\"column\">\n\t\t\t<div class=\"elementor-widget-wrap elementor-element-populated\">\n\t\t\t\t\t\t<div class=\"elementor-element elementor-element-379b64e8 elementor-widget elementor-widget-heading\" data-id=\"379b64e8\" data-element_type=\"widget\" data-e-type=\"widget\" data-widget_type=\"heading.default\">\n\t\t\t\t<div class=\"elementor-widget-container\">\n\t\t\t\t\t<h2 class=\"elementor-heading-title elementor-size-default\">El programa V\u00eda Sicura<\/h2>\t\t\t\t<\/div>\n\t\t\t\t<\/div>\n\t\t\t\t<div class=\"elementor-element elementor-element-7e4202cf elementor-widget-divider--view-line elementor-widget elementor-widget-divider\" data-id=\"7e4202cf\" data-element_type=\"widget\" data-e-type=\"widget\" data-widget_type=\"divider.default\">\n\t\t\t\t<div class=\"elementor-widget-container\">\n\t\t\t\t\t\t\t<div class=\"elementor-divider\">\n\t\t\t<span class=\"elementor-divider-separator\">\n\t\t\t\t\t\t<\/span>\n\t\t<\/div>\n\t\t\t\t\t\t<\/div>\n\t\t\t\t<\/div>\n\t\t\t\t<div class=\"elementor-element elementor-element-79c095c8 elementor-widget elementor-widget-text-editor\" data-id=\"79c095c8\" data-element_type=\"widget\" data-e-type=\"widget\" data-widget_type=\"text-editor.default\">\n\t\t\t\t<div class=\"elementor-widget-container\">\n\t\t\t\t\t\t\t\t\t<p>Via Sicura es un amplio y ambicioso programa de seguridad vial implantado en Suiza, puesto en marcha en virtud de la Ley Federal de Tr\u00e1fico por Carretera (LTR). Iniciado por la Oficina Federal de Carreteras (FEDRO) con el apoyo activo del gobierno suizo y la colaboraci\u00f3n de diversas autoridades cantonales, comunales y organizaciones de seguridad vial, el programa aborda la creciente preocupaci\u00f3n por los accidentes de tr\u00e1fico, las lesiones graves y las v\u00edctimas mortales. <\/p><p>A pesar del buen historial de seguridad vial de Suiza en Europa, las estad\u00edsticas mostraban un estancamiento o ligeros aumentos en determinadas categor\u00edas de accidentes. Esto llev\u00f3 a darse cuenta de que eran necesarias nuevas medidas para mantener y mejorar la seguridad vial. <\/p><p>Lanzado en 2013, Via Sicura comprende medidas legislativas, educativas y tecnol\u00f3gicas destinadas a reducir significativamente los accidentes de tr\u00e1fico mortales y graves en Suiza. El programa se desarroll\u00f3 a partir de un an\u00e1lisis detallado de las causas y factores que contribuyen a los accidentes de tr\u00e1fico, abordando estas cuestiones de forma sistem\u00e1tica y coordinada. <\/p><p>Via Sicura se gu\u00eda por la creencia de que la seguridad vial implica algo m\u00e1s que la mera regulaci\u00f3n y aplicaci\u00f3n de la ley; requiere un enfoque polifac\u00e9tico. El programa reconoce que la responsabilidad de la seguridad vial es compartida entre conductores, autoridades, planificadores e ingenieros, y se esfuerza por crear una cultura de la seguridad vial que implique a todas las partes interesadas. <\/p><h2>Objetivos y principios de V\u00eda Sicura<\/h2><p>Via Sicura pretende transformar radicalmente la seguridad vial en Suiza. Su aplicaci\u00f3n sigue varios principios y objetivos clave: <\/p><ol><li><p><strong>Reducir las muertes y lesiones graves:<\/strong> Uno de los principales objetivos es reducir dr\u00e1sticamente el n\u00famero de muertos y heridos graves en las carreteras suizas. Aunque Suiza ya ten\u00eda un buen historial de seguridad vial, el gobierno se propuso reducir a\u00fan m\u00e1s los accidentes y las v\u00edctimas mortales, sobre todo los causados por el exceso de velocidad, la conducci\u00f3n bajo los efectos del alcohol y otros comportamientos peligrosos. <\/p><\/li><li><p><strong>Mejorar la legislaci\u00f3n:<\/strong> V\u00eda Sicura se centra en mejorar y ampliar la legislaci\u00f3n existente. Se modific\u00f3 el RTA para reforzar las sanciones por infracciones graves e introducir nuevas medidas de seguridad. Esto incluye sanciones m\u00e1s duras por conducir bajo los efectos del alcohol, l\u00edmites de velocidad m\u00e1s estrictos en determinadas zonas y una mayor responsabilidad de los conductores profesionales.  <\/p><\/li><li><p><strong>Innovaci\u00f3n en Tecnolog\u00eda e Infraestructuras de Tr\u00e1fico:<\/strong> El programa promueve avances tecnol\u00f3gicos en la vigilancia del tr\u00e1fico, el control de la velocidad y el comportamiento al volante, as\u00ed como inversiones en infraestructuras viarias para hacer m\u00e1s seguras las carreteras y las intersecciones. Se fomenta la colaboraci\u00f3n con los fabricantes de veh\u00edculos, las autoridades reguladoras y los expertos en seguridad para integrar tecnolog\u00edas avanzadas en los nuevos veh\u00edculos. <\/p><\/li><li><p><strong>Educaci\u00f3n y concienciaci\u00f3n:<\/strong> Reconociendo que la legislaci\u00f3n y la tecnolog\u00eda por s\u00ed solas no pueden lograr la seguridad vial, V\u00eda Sicura incluye amplias campa\u00f1as de concienciaci\u00f3n para informar al p\u00fablico sobre los peligros de la conducci\u00f3n temeraria y la importancia de la seguridad vial. El programa pretende educar a los conductores sobre los riesgos y las consecuencias de sus acciones, promoviendo una cultura de seguridad vial y responsabilidad individual. <\/p><\/li><\/ol><h2>Medidas clave de Via Sicura<\/h2><p>Via Sicura introdujo un amplio conjunto de medidas en varios \u00e1mbitos, cada una de las cuales contribuye a diferentes aspectos de la seguridad vial:<\/p><ol><li><p><strong>Sanciones m\u00e1s estrictas para las infracciones graves:<\/strong> El programa impuso sanciones m\u00e1s severas por infracciones graves, como conducir bajo los efectos del alcohol, con exceso de velocidad o de forma temeraria. Esto incluye el aumento de las multas y la posibilidad de encarcelamiento para los reincidentes y los que cometan infracciones especialmente graves, con el objetivo de disuadir de los comportamientos de riesgo. <\/p><\/li><li><p><strong>Revocaci\u00f3n de permisos m\u00e1s f\u00e1cil y r\u00e1pida:<\/strong> El programa hizo m\u00e1s f\u00e1cil y r\u00e1pida la revocaci\u00f3n del permiso de conducir por conducta peligrosa. La suspensi\u00f3n del permiso puede aplicarse ahora con mayor rapidez y en m\u00e1s situaciones, con mecanismos que garanticen que los conductores a los que se revoque el permiso no puedan seguir conduciendo ilegalmente. Con ello se pretende retirar de las carreteras a los conductores peligrosos y garantizar una reevaluaci\u00f3n adecuada antes de que puedan volver a conducir.  <\/p><\/li><li><p><strong>Requisitos reforzados de formaci\u00f3n de conductores:<\/strong> V\u00eda Sicura reforz\u00f3 los requisitos de formaci\u00f3n de los conductores, incluyendo cursos obligatorios ampliados para los nuevos conductores con evaluaciones m\u00e1s rigurosas de sus aptitudes y comprensi\u00f3n de las normas viales. Tambi\u00e9n se fomentan los cursos de formaci\u00f3n continua, con incentivos para que los conductores mantengan al d\u00eda sus habilidades y conocimientos sobre seguridad vial. <\/p><\/li><li><p><strong>Aumento de los controles de tr\u00e1fico y la vigilancia:<\/strong> El programa proporcion\u00f3 recursos adicionales a las fuerzas del orden para aumentar la frecuencia y eficacia de los controles de tr\u00e1fico, centr\u00e1ndose en los comportamientos de alto riesgo, como la conducci\u00f3n bajo los efectos del alcohol y el exceso de velocidad. Se ampli\u00f3 el uso de tecnolog\u00eda, como c\u00e1maras de velocidad y vigilancia, para garantizar una aplicaci\u00f3n de la ley coherente e imparcial. <\/p><\/li><li><p><strong>Inversiones en infraestructura vial:<\/strong> Se realizaron importantes inversiones para mejorar la infraestructura de seguridad vial, como la mejora de la iluminaci\u00f3n, la se\u00f1alizaci\u00f3n y las intersecciones, y el dise\u00f1o de las carreteras para fomentar una conducci\u00f3n segura. La colaboraci\u00f3n con urbanistas e ingenieros de transporte ha sido crucial para crear un entorno vial que apoye activamente la seguridad. <\/p><\/li><\/ol><h2>Impacto de la V\u00eda Sicura<\/h2><p>Via Sicura ha tenido un impacto significativo y polifac\u00e9tico en la seguridad vial en Suiza desde su lanzamiento. El programa ha reducido notablemente el n\u00famero de accidentes graves y mortales haciendo hincapi\u00e9 en una legislaci\u00f3n m\u00e1s estricta, la educaci\u00f3n y las tecnolog\u00edas avanzadas. <\/p><ol><li><p><strong>Cambio de comportamiento entre los conductores:<\/strong> El endurecimiento de las sanciones por infracciones graves ha comunicado claramente que no se tolerar\u00e1 la conducci\u00f3n temeraria, contribuyendo a una cultura de mayor responsabilidad y cumplimiento de las normas de circulaci\u00f3n.<\/p><\/li><li><p><strong>Mejora de la formaci\u00f3n de los conductores:<\/strong> Los requisitos de formaci\u00f3n m\u00e1s estrictos para los nuevos conductores y el \u00e9nfasis en la formaci\u00f3n continua de los conductores experimentados han mejorado la competencia general de los conductores y su concienciaci\u00f3n sobre la seguridad vial, fomentando una conducci\u00f3n m\u00e1s segura y responsable.<\/p><\/li><li><p><strong>Avances positivos en infraestructuras:<\/strong> Las inversiones en mejoras de las infraestructuras viarias han creado un entorno de conducci\u00f3n m\u00e1s seguro. La mejora de la iluminaci\u00f3n, la se\u00f1alizaci\u00f3n y el dise\u00f1o de las carreteras ha tenido un impacto duradero en la seguridad vial, beneficiando a toda la comunidad. <\/p><\/li><li><p><strong>Influencia internacional:<\/strong> Via Sicura ha sido reconocida como ejemplo de buenas pr\u00e1cticas en seguridad vial, influyendo en la legislaci\u00f3n y la pol\u00edtica de otros pa\u00edses europeos. El enfoque global y coordinado de Suiza se ha considerado un modelo de integraci\u00f3n de la legislaci\u00f3n, la tecnolog\u00eda, la educaci\u00f3n y las infraestructuras para mejorar la seguridad vial. <\/p><\/li><\/ol><p>Aunque V\u00eda Sicura se ha enfrentado a algunas cr\u00edticas -como la preocupaci\u00f3n por la proporcionalidad del aumento de las sanciones y el hecho de que se centre en la tecnolog\u00eda y las infraestructuras, dejando potencialmente de lado los aspectos humanos y de comportamiento-, el programa ha logrado sus principales objetivos. Al fomentar un enfoque polifac\u00e9tico que incluye una legislaci\u00f3n m\u00e1s estricta, la innovaci\u00f3n tecnol\u00f3gica y la educaci\u00f3n p\u00fablica, V\u00eda Sicura ha mejorado significativamente la seguridad vial en Suiza y sirve de referencia para otros pa\u00edses que pretenden mejorar su historial de seguridad vial. <\/p>\t\t\t\t\t\t\t\t<\/div>\n\t\t\t\t<\/div>\n\t\t\t\t\t<\/div>\n\t\t<\/div>\n\t\t\t\t\t<\/div>\n\t\t<\/section>\n\t\t\t\t<section class=\"elementor-section elementor-top-section elementor-element elementor-element-75d1883e elementor-section-full_width elementor-section-height-min-height elementor-section-items-stretch elementor-section-content-middle elementor-section-height-default\" data-id=\"75d1883e\" data-element_type=\"section\" data-e-type=\"section\" data-settings=\"{&quot;background_background&quot;:&quot;classic&quot;}\">\n\t\t\t\t\t\t<div class=\"elementor-container elementor-column-gap-no\">\n\t\t\t\t\t<div class=\"elementor-column elementor-col-50 elementor-top-column elementor-element elementor-element-2710ea62\" data-id=\"2710ea62\" data-element_type=\"column\" data-e-type=\"column\" data-settings=\"{&quot;background_background&quot;:&quot;classic&quot;}\">\n\t\t\t<div class=\"elementor-widget-wrap elementor-element-populated\">\n\t\t\t\t\t\t<div class=\"elementor-element elementor-element-25071c37 elementor-widget elementor-widget-spacer\" data-id=\"25071c37\" data-element_type=\"widget\" data-e-type=\"widget\" data-widget_type=\"spacer.default\">\n\t\t\t\t<div class=\"elementor-widget-container\">\n\t\t\t\t\t\t\t<div class=\"elementor-spacer\">\n\t\t\t<div class=\"elementor-spacer-inner\"><\/div>\n\t\t<\/div>\n\t\t\t\t\t\t<\/div>\n\t\t\t\t<\/div>\n\t\t\t\t\t<\/div>\n\t\t<\/div>\n\t\t\t\t<div class=\"elementor-column elementor-col-50 elementor-top-column elementor-element elementor-element-545d5d5c\" data-id=\"545d5d5c\" data-element_type=\"column\" data-e-type=\"column\" data-settings=\"{&quot;background_background&quot;:&quot;classic&quot;}\">\n\t\t\t<div class=\"elementor-widget-wrap elementor-element-populated\">\n\t\t\t\t\t\t<div class=\"elementor-element elementor-element-5546a939 elementor-widget elementor-widget-heading\" data-id=\"5546a939\" data-element_type=\"widget\" data-e-type=\"widget\" data-widget_type=\"heading.default\">\n\t\t\t\t<div class=\"elementor-widget-container\">\n\t\t\t\t\t<p class=\"elementor-heading-title elementor-size-default\">Consulta inicial  <\/p>\t\t\t\t<\/div>\n\t\t\t\t<\/div>\n\t\t\t\t<div class=\"elementor-element elementor-element-636a62e2 elementor-widget elementor-widget-heading\" data-id=\"636a62e2\" data-element_type=\"widget\" data-e-type=\"widget\" data-widget_type=\"heading.default\">\n\t\t\t\t<div class=\"elementor-widget-container\">\n\t\t\t\t\t<p class=\"elementor-heading-title elementor-size-default\">de 60 min a 220,00 CHF<\/p>\t\t\t\t<\/div>\n\t\t\t\t<\/div>\n\t\t\t\t<div class=\"elementor-element elementor-element-17ccd555 elementor-widget elementor-widget-text-editor\" data-id=\"17ccd555\" data-element_type=\"widget\" data-e-type=\"widget\" data-widget_type=\"text-editor.default\">\n\t\t\t\t<div class=\"elementor-widget-container\">\n\t\t\t\t\t\t\t\t\tDiscute tu situaci\u00f3n con un abogado especializado en Suiza.\n\t\t\t\t\t\t\t\t<\/div>\n\t\t\t\t<\/div>\n\t\t\t\t<div class=\"elementor-element elementor-element-296e4d6a elementor-widget-divider--view-line elementor-widget elementor-widget-divider\" data-id=\"296e4d6a\" data-element_type=\"widget\" data-e-type=\"widget\" data-widget_type=\"divider.default\">\n\t\t\t\t<div class=\"elementor-widget-container\">\n\t\t\t\t\t\t\t<div class=\"elementor-divider\">\n\t\t\t<span class=\"elementor-divider-separator\">\n\t\t\t\t\t\t<\/span>\n\t\t<\/div>\n\t\t\t\t\t\t<\/div>\n\t\t\t\t<\/div>\n\t\t\t\t<div class=\"elementor-element elementor-element-5f8ead65 elementor-widget elementor-widget-text-editor\" data-id=\"5f8ead65\" data-element_type=\"widget\" data-e-type=\"widget\" data-widget_type=\"text-editor.default\">\n\t\t\t\t<div class=\"elementor-widget-container\">\n\t\t\t\t\t\t\t\t\t<p>\u00bfS\u00f3lo buscas una cita para hacer algunas preguntas?<br>\u00bfNo est\u00e1s seguro de los procedimientos que deseas realizar?<br>\u00bfTu situaci\u00f3n no est\u00e1 clara?<\/p><p><strong>Opta por una primera consulta con un abogado en Ginebra.<\/strong><\/p><p>Entonces decidir\u00e1s si quieres seguir adelante y nuestros abogados te dar\u00e1n el coste del procedimiento seg\u00fan tu caso. Citas disponibles en persona o por videoconferencia. <strong><br><\/strong><\/p>\t\t\t\t\t\t\t\t<\/div>\n\t\t\t\t<\/div>\n\t\t\t\t<div class=\"elementor-element elementor-element-39c1ec5d elementor-align-center elementor-widget elementor-widget-button\" data-id=\"39c1ec5d\" data-element_type=\"widget\" data-e-type=\"widget\" data-widget_type=\"button.default\">\n\t\t\t\t<div class=\"elementor-widget-container\">\n\t\t\t\t\t\t\t\t\t<div class=\"elementor-button-wrapper\">\n\t\t\t\t\t<a class=\"elementor-button elementor-button-link elementor-size-sm\" href=\"https:\/\/www.geneva-lawyers.com\/es\/contacto\/\">\n\t\t\t\t\t\t<span class=\"elementor-button-content-wrapper\">\n\t\t\t\t\t\t\t\t\t<span class=\"elementor-button-text\">Pide cita con un abogado<\/span>\n\t\t\t\t\t<\/span>\n\t\t\t\t\t<\/a>\n\t\t\t\t<\/div>\n\t\t\t\t\t\t\t\t<\/div>\n\t\t\t\t<\/div>\n\t\t\t\t\t<\/div>\n\t\t<\/div>\n\t\t\t\t\t<\/div>\n\t\t<\/section>\n\t\t\t\t<\/div>\n\t\t","protected":false},"excerpt":{"rendered":"<p>Pide cita con un abogado El programa V\u00eda Sicura Via Sicura es un amplio y ambicioso programa de seguridad vial implantado en Suiza, puesto en marcha en virtud de la Ley Federal de Tr\u00e1fico por Carretera (LTR). Iniciado por la Oficina Federal de Carreteras (FEDRO) con el apoyo activo del gobierno suizo y la colaboraci\u00f3n &#8230; <a title=\"Programa V\u00eda Sicura\" class=\"read-more\" href=\"https:\/\/www.geneva-lawyers.com\/es\/programa-via-sicura\/\" aria-label=\"Leer m\u00e1s sobre Programa V\u00eda Sicura\">Leer m\u00e1s<\/a><\/p>\n","protected":false},"author":1,"featured_media":0,"parent":0,"menu_order":0,"comment_status":"closed","ping_status":"closed","template":"elementor_header_footer","meta":{"_acf_changed":false,"_seopress_robots_primary_cat":"","_seopress_titles_title":"","_seopress_titles_desc":"","_seopress_robots_index":"","footnotes":""},"class_list":["post-31611","page","type-page","status-publish"],"acf":[],"_links":{"self":[{"href":"https:\/\/www.geneva-lawyers.com\/es\/wp-json\/wp\/v2\/pages\/31611","targetHints":{"allow":["GET"]}}],"collection":[{"href":"https:\/\/www.geneva-lawyers.com\/es\/wp-json\/wp\/v2\/pages"}],"about":[{"href":"https:\/\/www.geneva-lawyers.com\/es\/wp-json\/wp\/v2\/types\/page"}],"author":[{"embeddable":true,"href":"https:\/\/www.geneva-lawyers.com\/es\/wp-json\/wp\/v2\/users\/1"}],"replies":[{"embeddable":true,"href":"https:\/\/www.geneva-lawyers.com\/es\/wp-json\/wp\/v2\/comments?post=31611"}],"version-history":[{"count":6,"href":"https:\/\/www.geneva-lawyers.com\/es\/wp-json\/wp\/v2\/pages\/31611\/revisions"}],"predecessor-version":[{"id":33729,"href":"https:\/\/www.geneva-lawyers.com\/es\/wp-json\/wp\/v2\/pages\/31611\/revisions\/33729"}],"wp:attachment":[{"href":"https:\/\/www.geneva-lawyers.com\/es\/wp-json\/wp\/v2\/media?parent=31611"}],"curies":[{"name":"wp","href":"https:\/\/api.w.org\/{rel}","templated":true}]}}