{"id":31634,"date":"2024-05-23T13:47:08","date_gmt":"2024-05-23T11:47:08","guid":{"rendered":"https:\/\/www.geneva-lawyers.com\/iva-suizo\/"},"modified":"2025-04-14T15:29:57","modified_gmt":"2025-04-14T13:29:57","slug":"iva-suizo","status":"publish","type":"page","link":"https:\/\/www.geneva-lawyers.com\/es\/iva-suizo\/","title":{"rendered":"IVA suizo"},"content":{"rendered":"\t\t<div data-elementor-type=\"wp-page\" data-elementor-id=\"31634\" class=\"elementor elementor-31634 elementor-29294\" data-elementor-post-type=\"page\">\n\t\t\t\t\t\t<section class=\"elementor-section elementor-top-section elementor-element elementor-element-426dab10 elementor-section-boxed elementor-section-height-default elementor-section-height-default\" data-id=\"426dab10\" data-element_type=\"section\" data-e-type=\"section\" data-settings=\"{&quot;background_background&quot;:&quot;classic&quot;}\">\n\t\t\t\t\t\t\t<div class=\"elementor-background-overlay\"><\/div>\n\t\t\t\t\t\t\t<div class=\"elementor-container elementor-column-gap-default\">\n\t\t\t\t\t<div class=\"elementor-column elementor-col-100 elementor-top-column elementor-element elementor-element-2d590872\" data-id=\"2d590872\" data-element_type=\"column\" data-e-type=\"column\">\n\t\t\t<div class=\"elementor-widget-wrap elementor-element-populated\">\n\t\t\t\t\t\t<div class=\"elementor-element elementor-element-46497b52 elementor-widget-divider--view-line elementor-widget elementor-widget-divider\" data-id=\"46497b52\" data-element_type=\"widget\" data-e-type=\"widget\" data-widget_type=\"divider.default\">\n\t\t\t\t<div class=\"elementor-widget-container\">\n\t\t\t\t\t\t\t<div class=\"elementor-divider\">\n\t\t\t<span class=\"elementor-divider-separator\">\n\t\t\t\t\t\t<\/span>\n\t\t<\/div>\n\t\t\t\t\t\t<\/div>\n\t\t\t\t<\/div>\n\t\t\t\t<div class=\"elementor-element elementor-element-196d866a elementor-align-center elementor-widget elementor-widget-button\" data-id=\"196d866a\" data-element_type=\"widget\" data-e-type=\"widget\" data-widget_type=\"button.default\">\n\t\t\t\t<div class=\"elementor-widget-container\">\n\t\t\t\t\t\t\t\t\t<div class=\"elementor-button-wrapper\">\n\t\t\t\t\t<a class=\"elementor-button elementor-button-link elementor-size-sm\" href=\"https:\/\/www.geneva-lawyers.com\/es\/contacto\/\">\n\t\t\t\t\t\t<span class=\"elementor-button-content-wrapper\">\n\t\t\t\t\t\t\t\t\t<span class=\"elementor-button-text\">Pide cita con un abogado<\/span>\n\t\t\t\t\t<\/span>\n\t\t\t\t\t<\/a>\n\t\t\t\t<\/div>\n\t\t\t\t\t\t\t\t<\/div>\n\t\t\t\t<\/div>\n\t\t\t\t\t<\/div>\n\t\t<\/div>\n\t\t\t\t\t<\/div>\n\t\t<\/section>\n\t\t\t\t<section class=\"elementor-section elementor-top-section elementor-element elementor-element-21865a92 elementor-section-boxed elementor-section-height-default elementor-section-height-default\" data-id=\"21865a92\" data-element_type=\"section\" data-e-type=\"section\">\n\t\t\t\t\t\t<div class=\"elementor-container elementor-column-gap-default\">\n\t\t\t\t\t<div class=\"elementor-column elementor-col-100 elementor-top-column elementor-element elementor-element-1270fc16\" data-id=\"1270fc16\" data-element_type=\"column\" data-e-type=\"column\">\n\t\t\t<div class=\"elementor-widget-wrap elementor-element-populated\">\n\t\t\t\t\t\t<div class=\"elementor-element elementor-element-a58f86b elementor-widget elementor-widget-heading\" data-id=\"a58f86b\" data-element_type=\"widget\" data-e-type=\"widget\" data-widget_type=\"heading.default\">\n\t\t\t\t<div class=\"elementor-widget-container\">\n\t\t\t\t\t<h2 class=\"elementor-heading-title elementor-size-default\">IVA suizo<\/h2>\t\t\t\t<\/div>\n\t\t\t\t<\/div>\n\t\t\t\t<div class=\"elementor-element elementor-element-497411f6 elementor-widget-divider--view-line elementor-widget elementor-widget-divider\" data-id=\"497411f6\" data-element_type=\"widget\" data-e-type=\"widget\" data-widget_type=\"divider.default\">\n\t\t\t\t<div class=\"elementor-widget-container\">\n\t\t\t\t\t\t\t<div class=\"elementor-divider\">\n\t\t\t<span class=\"elementor-divider-separator\">\n\t\t\t\t\t\t<\/span>\n\t\t<\/div>\n\t\t\t\t\t\t<\/div>\n\t\t\t\t<\/div>\n\t\t\t\t<div class=\"elementor-element elementor-element-6ce32e02 elementor-widget elementor-widget-text-editor\" data-id=\"6ce32e02\" data-element_type=\"widget\" data-e-type=\"widget\" data-widget_type=\"text-editor.default\">\n\t\t\t\t<div class=\"elementor-widget-container\">\n\t\t\t\t\t\t\t\t\t<p>El IVA suizo (Impuesto sobre el Valor A\u00f1adido) es un impuesto indirecto sobre el consumo que grava los bienes y servicios vendidos en Suiza. Introducido en 1995 para sustituir al antiguo sistema del impuesto sobre el volumen de negocios, el sistema del IVA suizo es sencillo. Las empresas que venden bienes o servicios deben recaudar el IVA de sus clientes y remitirlo a las autoridades fiscales suizas. El IVA se calcula sobre la base del tipo aplicable a los bienes o servicios vendidos. Todas las empresas con un volumen de negocios anual superior a 100.000 CHF deben cumplir la normativa suiza sobre el IVA (art. 10 de la Ley del IVA). Las empresas con un volumen de negocios inferior pueden inscribirse voluntariamente en el IVA para beneficiarse de determinadas deducciones fiscales o para satisfacer las exigencias de sus clientes. Las empresas extranjeras que realicen negocios en Suiza tambi\u00e9n deben cumplir con el IVA suizo, a menos que est\u00e9n exentas en virtud de un tratado fiscal internacional o s\u00f3lo realicen operaciones exentas de IVA en Suiza. La normativa vigente se recoge en la Ley Federal del Impuesto sobre el Valor A\u00f1adido (Ley del IVA) y su ordenanza (Ordenanza del IVA).       <\/p><h2>Tipos de IVA suizos<\/h2><p>Suiza tiene tres tipos de IVA diferentes: el tipo normal, el tipo reducido y el tipo especial.<\/p><ol><li><strong>Tipo normal<\/strong>: 7,7%, aplicado a la mayor\u00eda de bienes y servicios.<\/li><li><strong>Tipo reducido<\/strong>: 2,5%, aplicado a bienes de primera necesidad como alimentos, medicinas y libros.<\/li><li><strong>Tarifa especial<\/strong>: 3,7%, aplicado a los servicios de alojamiento.<\/li><\/ol><p>A partir del 1 de enero de 2024, estas tarifas cambiar\u00e1n a:<\/p><ul><li>Tipo normal: 8.1%<\/li><li>Tipo reducido: 2.6%<\/li><li>Tarifa especial para alojamiento: 3.8%<\/li><\/ul><p>Adem\u00e1s, algunas operaciones est\u00e1n exentas de IVA, como la exportaci\u00f3n de mercanc\u00edas. Los bienes importados est\u00e1n sujetos al IVA a la importaci\u00f3n (art. 50 y ss de la Ley del IVA). Los servicios prestados fuera de Suiza no est\u00e1n sujetos al IVA suizo, mientras que los servicios prestados dentro de Suiza suelen estar sujetos al IVA, independientemente de la nacionalidad del prestador. Algunos bienes y servicios, como los servicios m\u00e9dicos, las operaciones bancarias, el alquiler de inmuebles y los seguros, est\u00e1n exentos de IVA. Los servicios culturales, como espect\u00e1culos, conciertos y exposiciones, tambi\u00e9n pueden estar exentos del IVA. Para art\u00edculos espec\u00edficos como los turismos, el tipo de IVA aplicable depende de su uso: un tipo reducido del 3,7% para uso profesional y el tipo normal para uso privado. Del mismo modo, las comidas en restaurantes est\u00e1n sujetas al tipo normal, mientras que los servicios de restauraci\u00f3n colectiva est\u00e1n sujetos al tipo reducido. Comprender estos tipos y exenciones es crucial para el cumplimiento de la normativa.       <\/p><h2>Obligaciones de cumplimiento del IVA<\/h2><p>Las empresas que venden bienes o servicios sujetos al IVA deben cumplir las obligaciones relacionadas con el IVA, como la facturaci\u00f3n, la declaraci\u00f3n del IVA y la recuperaci\u00f3n del IVA.<\/p><ul><li><strong>Facturaci\u00f3n<\/strong>: Las empresas deben emitir facturas de acuerdo con las normas suizas sobre el IVA, incluyendo informaci\u00f3n obligatoria como los n\u00fameros de IVA del proveedor y del cliente.<\/li><li><strong>Declaraci\u00f3n del IVA<\/strong>: Las empresas deben declarar el IVA recaudado en las ventas y el IVA pagado en las compras. Si el IVA recaudado supera el IVA pagado, la empresa debe remitir la diferencia a las autoridades fiscales suizas. <\/li><li><strong>Recuperaci\u00f3n del IVA<\/strong>: Las empresas pueden recuperar el IVA de las compras relacionadas con la empresa, siempre que dispongan de la documentaci\u00f3n de compra necesaria y cumplan las normas de deducci\u00f3n del IVA.<\/li><\/ul><h2>Ventajas e inconvenientes del IVA suizo<\/h2><p>El IVA suizo ofrece varias ventajas:<\/p><ol><li><strong>Simplificaci\u00f3n<\/strong>: Simplifica la fiscalidad evitando m\u00faltiples impuestos.<\/li><li><strong>Deducci\u00f3n fiscal<\/strong>: Permite a las empresas deducir el IVA pagado en las compras empresariales, reduciendo su carga fiscal.<\/li><li><strong>Generaci\u00f3n de ingresos<\/strong>: Proporciona importantes ingresos al Estado, financiando los servicios p\u00fablicos.<\/li><\/ol><p>Sin embargo, tambi\u00e9n hay inconvenientes:<\/p><ol><li><strong>Aumento del coste de la vida<\/strong>: Aumenta el coste de la vida para los consumidores, que pagan el IVA sobre todos los bienes y servicios adquiridos.<\/li><li><strong>Complejidad para las peque\u00f1as entidades<\/strong>: Puede suponer un reto para los particulares y las peque\u00f1as empresas que no est\u00e9n familiarizados con las obligaciones fiscales.<\/li><li><strong>Carga administrativa<\/strong>: Impone responsabilidades administrativas a las empresas para cumplir los requisitos del IVA.<\/li><\/ol><p>Comprendiendo y gestionando estos aspectos, las empresas pueden navegar eficazmente por el sistema suizo del IVA, garantizando el cumplimiento y optimizando su posici\u00f3n fiscal.<\/p>\t\t\t\t\t\t\t\t<\/div>\n\t\t\t\t<\/div>\n\t\t\t\t\t<\/div>\n\t\t<\/div>\n\t\t\t\t\t<\/div>\n\t\t<\/section>\n\t\t\t\t<section class=\"elementor-section elementor-top-section elementor-element elementor-element-219f72d8 elementor-section-full_width elementor-section-height-min-height elementor-section-items-stretch elementor-section-content-middle elementor-section-height-default\" data-id=\"219f72d8\" data-element_type=\"section\" data-e-type=\"section\" data-settings=\"{&quot;background_background&quot;:&quot;classic&quot;}\">\n\t\t\t\t\t\t<div class=\"elementor-container elementor-column-gap-no\">\n\t\t\t\t\t<div class=\"elementor-column elementor-col-50 elementor-top-column elementor-element elementor-element-6567a488\" data-id=\"6567a488\" data-element_type=\"column\" data-e-type=\"column\" data-settings=\"{&quot;background_background&quot;:&quot;classic&quot;}\">\n\t\t\t<div class=\"elementor-widget-wrap elementor-element-populated\">\n\t\t\t\t\t\t<div class=\"elementor-element elementor-element-53694671 elementor-widget elementor-widget-spacer\" data-id=\"53694671\" data-element_type=\"widget\" data-e-type=\"widget\" data-widget_type=\"spacer.default\">\n\t\t\t\t<div class=\"elementor-widget-container\">\n\t\t\t\t\t\t\t<div class=\"elementor-spacer\">\n\t\t\t<div class=\"elementor-spacer-inner\"><\/div>\n\t\t<\/div>\n\t\t\t\t\t\t<\/div>\n\t\t\t\t<\/div>\n\t\t\t\t\t<\/div>\n\t\t<\/div>\n\t\t\t\t<div class=\"elementor-column elementor-col-50 elementor-top-column elementor-element elementor-element-7d1fcdc5\" data-id=\"7d1fcdc5\" data-element_type=\"column\" data-e-type=\"column\" data-settings=\"{&quot;background_background&quot;:&quot;classic&quot;}\">\n\t\t\t<div class=\"elementor-widget-wrap elementor-element-populated\">\n\t\t\t\t\t\t<div class=\"elementor-element elementor-element-c56a13e elementor-widget elementor-widget-heading\" data-id=\"c56a13e\" data-element_type=\"widget\" data-e-type=\"widget\" data-widget_type=\"heading.default\">\n\t\t\t\t<div class=\"elementor-widget-container\">\n\t\t\t\t\t<p class=\"elementor-heading-title elementor-size-default\">Consulta inicial  <\/p>\t\t\t\t<\/div>\n\t\t\t\t<\/div>\n\t\t\t\t<div class=\"elementor-element elementor-element-6336861b elementor-widget elementor-widget-heading\" data-id=\"6336861b\" data-element_type=\"widget\" data-e-type=\"widget\" data-widget_type=\"heading.default\">\n\t\t\t\t<div class=\"elementor-widget-container\">\n\t\t\t\t\t<p class=\"elementor-heading-title elementor-size-default\">de 60 min a 220,00 CHF<\/p>\t\t\t\t<\/div>\n\t\t\t\t<\/div>\n\t\t\t\t<div class=\"elementor-element elementor-element-731db4ca elementor-widget elementor-widget-text-editor\" data-id=\"731db4ca\" data-element_type=\"widget\" data-e-type=\"widget\" data-widget_type=\"text-editor.default\">\n\t\t\t\t<div class=\"elementor-widget-container\">\n\t\t\t\t\t\t\t\t\tDiscute tu situaci\u00f3n con un abogado especializado en Suiza.\n\t\t\t\t\t\t\t\t<\/div>\n\t\t\t\t<\/div>\n\t\t\t\t<div class=\"elementor-element elementor-element-59d862e6 elementor-widget-divider--view-line elementor-widget elementor-widget-divider\" data-id=\"59d862e6\" data-element_type=\"widget\" data-e-type=\"widget\" data-widget_type=\"divider.default\">\n\t\t\t\t<div class=\"elementor-widget-container\">\n\t\t\t\t\t\t\t<div class=\"elementor-divider\">\n\t\t\t<span class=\"elementor-divider-separator\">\n\t\t\t\t\t\t<\/span>\n\t\t<\/div>\n\t\t\t\t\t\t<\/div>\n\t\t\t\t<\/div>\n\t\t\t\t<div class=\"elementor-element elementor-element-7f7cd081 elementor-widget elementor-widget-text-editor\" data-id=\"7f7cd081\" data-element_type=\"widget\" data-e-type=\"widget\" data-widget_type=\"text-editor.default\">\n\t\t\t\t<div class=\"elementor-widget-container\">\n\t\t\t\t\t\t\t\t\t<p>\u00bfS\u00f3lo buscas una cita para hacer algunas preguntas?<br>\u00bfNo est\u00e1s seguro de los procedimientos que deseas realizar?<br>\u00bfTu situaci\u00f3n no est\u00e1 clara?<\/p><p><strong>Opta por una primera consulta con un abogado en Ginebra.<\/strong><\/p><p>Entonces decidir\u00e1s si quieres seguir adelante y nuestros abogados te dar\u00e1n el coste del procedimiento seg\u00fan tu caso. Citas disponibles en persona o por videoconferencia. <strong><br><\/strong><\/p>\t\t\t\t\t\t\t\t<\/div>\n\t\t\t\t<\/div>\n\t\t\t\t<div class=\"elementor-element elementor-element-402abecf elementor-align-center elementor-widget elementor-widget-button\" data-id=\"402abecf\" data-element_type=\"widget\" data-e-type=\"widget\" data-widget_type=\"button.default\">\n\t\t\t\t<div class=\"elementor-widget-container\">\n\t\t\t\t\t\t\t\t\t<div class=\"elementor-button-wrapper\">\n\t\t\t\t\t<a class=\"elementor-button elementor-button-link elementor-size-sm\" href=\"https:\/\/www.geneva-lawyers.com\/es\/contacto\/\">\n\t\t\t\t\t\t<span class=\"elementor-button-content-wrapper\">\n\t\t\t\t\t\t\t\t\t<span class=\"elementor-button-text\">Pide cita con un abogado<\/span>\n\t\t\t\t\t<\/span>\n\t\t\t\t\t<\/a>\n\t\t\t\t<\/div>\n\t\t\t\t\t\t\t\t<\/div>\n\t\t\t\t<\/div>\n\t\t\t\t\t<\/div>\n\t\t<\/div>\n\t\t\t\t\t<\/div>\n\t\t<\/section>\n\t\t\t\t<\/div>\n\t\t","protected":false},"excerpt":{"rendered":"<p>Pide cita con un abogado IVA suizo El IVA suizo (Impuesto sobre el Valor A\u00f1adido) es un impuesto indirecto sobre el consumo que grava los bienes y servicios vendidos en Suiza. Introducido en 1995 para sustituir al antiguo sistema del impuesto sobre el volumen de negocios, el sistema del IVA suizo es sencillo. Las empresas &#8230; <a title=\"IVA suizo\" class=\"read-more\" href=\"https:\/\/www.geneva-lawyers.com\/es\/iva-suizo\/\" aria-label=\"Leer m\u00e1s sobre IVA suizo\">Leer m\u00e1s<\/a><\/p>\n","protected":false},"author":1,"featured_media":0,"parent":0,"menu_order":0,"comment_status":"closed","ping_status":"closed","template":"elementor_header_footer","meta":{"_acf_changed":false,"_seopress_robots_primary_cat":"","_seopress_titles_title":"","_seopress_titles_desc":"","_seopress_robots_index":"","footnotes":""},"class_list":["post-31634","page","type-page","status-publish"],"acf":[],"_links":{"self":[{"href":"https:\/\/www.geneva-lawyers.com\/es\/wp-json\/wp\/v2\/pages\/31634","targetHints":{"allow":["GET"]}}],"collection":[{"href":"https:\/\/www.geneva-lawyers.com\/es\/wp-json\/wp\/v2\/pages"}],"about":[{"href":"https:\/\/www.geneva-lawyers.com\/es\/wp-json\/wp\/v2\/types\/page"}],"author":[{"embeddable":true,"href":"https:\/\/www.geneva-lawyers.com\/es\/wp-json\/wp\/v2\/users\/1"}],"replies":[{"embeddable":true,"href":"https:\/\/www.geneva-lawyers.com\/es\/wp-json\/wp\/v2\/comments?post=31634"}],"version-history":[{"count":6,"href":"https:\/\/www.geneva-lawyers.com\/es\/wp-json\/wp\/v2\/pages\/31634\/revisions"}],"predecessor-version":[{"id":33876,"href":"https:\/\/www.geneva-lawyers.com\/es\/wp-json\/wp\/v2\/pages\/31634\/revisions\/33876"}],"wp:attachment":[{"href":"https:\/\/www.geneva-lawyers.com\/es\/wp-json\/wp\/v2\/media?parent=31634"}],"curies":[{"name":"wp","href":"https:\/\/api.w.org\/{rel}","templated":true}]}}