{"id":31635,"date":"2024-05-23T14:25:08","date_gmt":"2024-05-23T12:25:08","guid":{"rendered":"https:\/\/www.geneva-lawyers.com\/conducir-bajo-los-efectos-del-alcohol-en-suiza\/"},"modified":"2025-04-14T15:55:40","modified_gmt":"2025-04-14T13:55:40","slug":"conducir-bajo-efectos-alcohol-suiza","status":"publish","type":"page","link":"https:\/\/www.geneva-lawyers.com\/es\/conducir-bajo-efectos-alcohol-suiza\/","title":{"rendered":"Conducir bajo los efectos del alcohol en Suiza"},"content":{"rendered":"\t\t<div data-elementor-type=\"wp-page\" data-elementor-id=\"31635\" class=\"elementor elementor-31635 elementor-29338\" data-elementor-post-type=\"page\">\n\t\t\t\t\t\t<section class=\"elementor-section elementor-top-section elementor-element elementor-element-79ace847 elementor-section-boxed elementor-section-height-default elementor-section-height-default\" data-id=\"79ace847\" data-element_type=\"section\" data-e-type=\"section\" data-settings=\"{&quot;background_background&quot;:&quot;classic&quot;}\">\n\t\t\t\t\t\t\t<div class=\"elementor-background-overlay\"><\/div>\n\t\t\t\t\t\t\t<div class=\"elementor-container elementor-column-gap-default\">\n\t\t\t\t\t<div class=\"elementor-column elementor-col-100 elementor-top-column elementor-element elementor-element-3f7e935c\" data-id=\"3f7e935c\" data-element_type=\"column\" data-e-type=\"column\">\n\t\t\t<div class=\"elementor-widget-wrap elementor-element-populated\">\n\t\t\t\t\t\t<div class=\"elementor-element elementor-element-e34e593 elementor-widget-divider--view-line elementor-widget elementor-widget-divider\" data-id=\"e34e593\" data-element_type=\"widget\" data-e-type=\"widget\" data-widget_type=\"divider.default\">\n\t\t\t\t<div class=\"elementor-widget-container\">\n\t\t\t\t\t\t\t<div class=\"elementor-divider\">\n\t\t\t<span class=\"elementor-divider-separator\">\n\t\t\t\t\t\t<\/span>\n\t\t<\/div>\n\t\t\t\t\t\t<\/div>\n\t\t\t\t<\/div>\n\t\t\t\t<div class=\"elementor-element elementor-element-1f6c4a51 elementor-align-center elementor-widget elementor-widget-button\" data-id=\"1f6c4a51\" data-element_type=\"widget\" data-e-type=\"widget\" data-widget_type=\"button.default\">\n\t\t\t\t<div class=\"elementor-widget-container\">\n\t\t\t\t\t\t\t\t\t<div class=\"elementor-button-wrapper\">\n\t\t\t\t\t<a class=\"elementor-button elementor-button-link elementor-size-sm\" href=\"https:\/\/www.geneva-lawyers.com\/es\/contacto\/\">\n\t\t\t\t\t\t<span class=\"elementor-button-content-wrapper\">\n\t\t\t\t\t\t\t\t\t<span class=\"elementor-button-text\">Pide cita con un abogado<\/span>\n\t\t\t\t\t<\/span>\n\t\t\t\t\t<\/a>\n\t\t\t\t<\/div>\n\t\t\t\t\t\t\t\t<\/div>\n\t\t\t\t<\/div>\n\t\t\t\t\t<\/div>\n\t\t<\/div>\n\t\t\t\t\t<\/div>\n\t\t<\/section>\n\t\t\t\t<section class=\"elementor-section elementor-top-section elementor-element elementor-element-14d25c8 elementor-section-boxed elementor-section-height-default elementor-section-height-default\" data-id=\"14d25c8\" data-element_type=\"section\" data-e-type=\"section\">\n\t\t\t\t\t\t<div class=\"elementor-container elementor-column-gap-default\">\n\t\t\t\t\t<div class=\"elementor-column elementor-col-100 elementor-top-column elementor-element elementor-element-51f191c5\" data-id=\"51f191c5\" data-element_type=\"column\" data-e-type=\"column\">\n\t\t\t<div class=\"elementor-widget-wrap elementor-element-populated\">\n\t\t\t\t\t\t<div class=\"elementor-element elementor-element-1dc22767 elementor-widget elementor-widget-heading\" data-id=\"1dc22767\" data-element_type=\"widget\" data-e-type=\"widget\" data-widget_type=\"heading.default\">\n\t\t\t\t<div class=\"elementor-widget-container\">\n\t\t\t\t\t<h2 class=\"elementor-heading-title elementor-size-default\">Conducir bajo los efectos del alcohol en Suiza<\/h2>\t\t\t\t<\/div>\n\t\t\t\t<\/div>\n\t\t\t\t<div class=\"elementor-element elementor-element-5dc5a267 elementor-widget-divider--view-line elementor-widget elementor-widget-divider\" data-id=\"5dc5a267\" data-element_type=\"widget\" data-e-type=\"widget\" data-widget_type=\"divider.default\">\n\t\t\t\t<div class=\"elementor-widget-container\">\n\t\t\t\t\t\t\t<div class=\"elementor-divider\">\n\t\t\t<span class=\"elementor-divider-separator\">\n\t\t\t\t\t\t<\/span>\n\t\t<\/div>\n\t\t\t\t\t\t<\/div>\n\t\t\t\t<\/div>\n\t\t\t\t<div class=\"elementor-element elementor-element-457680b8 elementor-widget elementor-widget-text-editor\" data-id=\"457680b8\" data-element_type=\"widget\" data-e-type=\"widget\" data-widget_type=\"text-editor.default\">\n\t\t\t\t<div class=\"elementor-widget-container\">\n\t\t\t\t\t\t\t\t\t<p>Conducir bajo los efectos del alcohol supone una importante amenaza para la seguridad vial en Suiza. Incluso peque\u00f1as cantidades de alcohol pueden mermar la capacidad de conducci\u00f3n y provocar accidentes mortales. Los efectos del alcohol incluyen la disminuci\u00f3n de la atenci\u00f3n, visi\u00f3n borrosa, tiempos de reacci\u00f3n m\u00e1s lentos, mayor asunci\u00f3n de riesgos y fatiga. En Suiza, los l\u00edmites legales de alcohol var\u00edan seg\u00fan la categor\u00eda del conductor:   <\/p><ul><li><strong>Tolerancia cero (0,0 \u2030)<\/strong> para conductores noveles, conductores profesionales y profesores de autoescuela.<\/li><li><strong>0,5 \u2030<\/strong> para conductores experimentados.<\/li><\/ul><p>Sin embargo, los conductores con una tasa de alcohol superior a 0,1 \u2030 pueden ser sancionados si se considera que no est\u00e1n en condiciones de conducir. Las infracciones de las leyes sobre conducci\u00f3n bajo los efectos del alcohol en Suiza tienen graves consecuencias legales, como multas, suspensi\u00f3n del permiso de conducir y penas de prisi\u00f3n, dependiendo de la gravedad del delito. Los conductores tambi\u00e9n pueden ser considerados responsables de los da\u00f1os causados en accidentes.  <\/p><h2>Metabolismo del alcohol y conducci\u00f3n<\/h2><p>El alcohol se elimina lentamente del organismo, a un ritmo de 0,1 a 0,15 \u2030 por hora. Los remedios como el caf\u00e9 o los pepinillos no aceleran este proceso. Por lo tanto, es aconsejable no consumir alcohol antes de conducir. Comprender los peligros de conducir bajo los efectos del alcohol y las graves consecuencias legales en Suiza es esencial para todos los conductores. Respetar los l\u00edmites legales de alcohol y evitar conducir despu\u00e9s de beber es crucial para la seguridad tanto del conductor como de los dem\u00e1s usuarios de la carretera.    <\/p><h2>Sanciones por conducir ebrio en Suiza<\/h2><p>Conducir bajo los efectos del alcohol es un delito grave en Suiza, con penas que var\u00edan en funci\u00f3n de la concentraci\u00f3n de alcohol en sangre (alcoholemia) y de la reincidencia. La ley define tres niveles de gravedad: <\/p><ol><li><p><strong>Tasa de alcoholemia de 0,5 a 0,79 \u2030:<\/strong><\/p><ul><li>Multa elevada o advertencia.<\/li><li>Reincidencia en el plazo de dos a\u00f1os o comisi\u00f3n de otro delito: suspensi\u00f3n m\u00ednima del permiso de conducir durante un mes, multa o sanci\u00f3n econ\u00f3mica, y hasta tres a\u00f1os de prisi\u00f3n en los casos graves.<\/li><\/ul><\/li><li><p><strong>alcoholemia igual o superior a 0,8 \u2030:<\/strong><\/p><ul><li>Incautaci\u00f3n inmediata de la licencia.<\/li><li>M\u00ednimo de tres meses de suspensi\u00f3n de la licencia, multa o sanci\u00f3n econ\u00f3mica, y hasta tres a\u00f1os de prisi\u00f3n, con o sin libertad condicional.<\/li><li>Sanciones m\u00e1s duras por reincidencia, incluida la suspensi\u00f3n m\u00e1s prolongada de la licencia o la revocaci\u00f3n indefinida.<\/li><\/ul><\/li><li><p><strong>Nuevos conductores<\/strong>:<\/p><ul><li>Normativa m\u00e1s estricta.<\/li><li>La primera suspensi\u00f3n del permiso ampl\u00eda el periodo de prueba en un a\u00f1o, adem\u00e1s de las penas normales.<\/li><li>Una segunda suspensi\u00f3n durante el periodo de prueba conlleva la anulaci\u00f3n de la licencia provisional.<\/li><\/ul><\/li><\/ol><h2>Consecuencias jur\u00eddicas y financieras<\/h2><p>Conducir ebrio puede acarrear importantes repercusiones legales y econ\u00f3micas. Adem\u00e1s de las multas y la suspensi\u00f3n del carn\u00e9, los conductores pueden ser responsables de los da\u00f1os causados en accidentes. Las compa\u00f1\u00edas de seguros pueden negarse a cubrir los da\u00f1os causados por infracciones graves como conducir ebrio. Los costes adicionales pueden incluir los honorarios de abogados y las costas judiciales, lo que puede acarrear graves consecuencias econ\u00f3micas para el infractor.   <\/p><h2>Medidas preventivas<\/h2><p>Suiza ha puesto en marcha varias medidas para prevenir la conducci\u00f3n bajo los efectos del alcohol:<\/p><ol><li><strong>Mayores controles en carretera<\/strong>: La polic\u00eda realiza pruebas aleatorias de alcoholemia para detectar la tasa de alcohol en los conductores en cualquier momento.<\/li><li><strong>Campa\u00f1as de sensibilizaci\u00f3n<\/strong>: Las campa\u00f1as p\u00fablicas educan a los conductores sobre los peligros de conducir ebrio y fomentan el cumplimiento de los l\u00edmites legales.<\/li><li><strong>Autoescuelas<\/strong>: Las escuelas hacen hincapi\u00e9 en la importancia de no conducir bajo los efectos del alcohol y ense\u00f1an pr\u00e1cticas de conducci\u00f3n seguras.<\/li><\/ol><p>Conducir bajo los efectos del alcohol es un delito grave en Suiza, con graves consecuencias jur\u00eddicas y econ\u00f3micas. Los l\u00edmites legales de alcohol est\u00e1n claramente definidos, y su cumplimiento es crucial para la seguridad vial. Las medidas preventivas, como los controles de carretera, las campa\u00f1as de concienciaci\u00f3n y la educaci\u00f3n, ayudan a reducir la incidencia de la conducci\u00f3n bajo los efectos del alcohol. Respetar estos l\u00edmites es esencial para proteger la vida de los conductores y de los dem\u00e1s usuarios de la carretera. El comportamiento responsable y el respeto de los l\u00edmites legales de alcoholemia son imperativos para garantizar la seguridad en las carreteras suizas.    <\/p>\t\t\t\t\t\t\t\t<\/div>\n\t\t\t\t<\/div>\n\t\t\t\t\t<\/div>\n\t\t<\/div>\n\t\t\t\t\t<\/div>\n\t\t<\/section>\n\t\t\t\t<section class=\"elementor-section elementor-top-section elementor-element elementor-element-387c752a elementor-section-full_width elementor-section-height-min-height elementor-section-items-stretch elementor-section-content-middle elementor-section-height-default\" data-id=\"387c752a\" data-element_type=\"section\" data-e-type=\"section\" data-settings=\"{&quot;background_background&quot;:&quot;classic&quot;}\">\n\t\t\t\t\t\t<div class=\"elementor-container elementor-column-gap-no\">\n\t\t\t\t\t<div class=\"elementor-column elementor-col-50 elementor-top-column elementor-element elementor-element-4580cf79\" data-id=\"4580cf79\" data-element_type=\"column\" data-e-type=\"column\" data-settings=\"{&quot;background_background&quot;:&quot;classic&quot;}\">\n\t\t\t<div class=\"elementor-widget-wrap elementor-element-populated\">\n\t\t\t\t\t\t<div class=\"elementor-element elementor-element-53f1b2db elementor-widget elementor-widget-spacer\" data-id=\"53f1b2db\" data-element_type=\"widget\" data-e-type=\"widget\" data-widget_type=\"spacer.default\">\n\t\t\t\t<div class=\"elementor-widget-container\">\n\t\t\t\t\t\t\t<div class=\"elementor-spacer\">\n\t\t\t<div class=\"elementor-spacer-inner\"><\/div>\n\t\t<\/div>\n\t\t\t\t\t\t<\/div>\n\t\t\t\t<\/div>\n\t\t\t\t\t<\/div>\n\t\t<\/div>\n\t\t\t\t<div class=\"elementor-column elementor-col-50 elementor-top-column elementor-element elementor-element-737ccbf7\" data-id=\"737ccbf7\" data-element_type=\"column\" data-e-type=\"column\" data-settings=\"{&quot;background_background&quot;:&quot;classic&quot;}\">\n\t\t\t<div class=\"elementor-widget-wrap elementor-element-populated\">\n\t\t\t\t\t\t<div class=\"elementor-element elementor-element-28762d3b elementor-widget elementor-widget-heading\" data-id=\"28762d3b\" data-element_type=\"widget\" data-e-type=\"widget\" data-widget_type=\"heading.default\">\n\t\t\t\t<div class=\"elementor-widget-container\">\n\t\t\t\t\t<p class=\"elementor-heading-title elementor-size-default\">Consulta inicial  <\/p>\t\t\t\t<\/div>\n\t\t\t\t<\/div>\n\t\t\t\t<div class=\"elementor-element elementor-element-41424fb5 elementor-widget elementor-widget-heading\" data-id=\"41424fb5\" data-element_type=\"widget\" data-e-type=\"widget\" data-widget_type=\"heading.default\">\n\t\t\t\t<div class=\"elementor-widget-container\">\n\t\t\t\t\t<p class=\"elementor-heading-title elementor-size-default\">de 60 min a 220,00 CHF<\/p>\t\t\t\t<\/div>\n\t\t\t\t<\/div>\n\t\t\t\t<div class=\"elementor-element elementor-element-38551c37 elementor-widget elementor-widget-text-editor\" data-id=\"38551c37\" data-element_type=\"widget\" data-e-type=\"widget\" data-widget_type=\"text-editor.default\">\n\t\t\t\t<div class=\"elementor-widget-container\">\n\t\t\t\t\t\t\t\t\tDiscute tu situaci\u00f3n con un abogado especializado en Suiza.\n\t\t\t\t\t\t\t\t<\/div>\n\t\t\t\t<\/div>\n\t\t\t\t<div class=\"elementor-element elementor-element-301c0e6b elementor-widget-divider--view-line elementor-widget elementor-widget-divider\" data-id=\"301c0e6b\" data-element_type=\"widget\" data-e-type=\"widget\" data-widget_type=\"divider.default\">\n\t\t\t\t<div class=\"elementor-widget-container\">\n\t\t\t\t\t\t\t<div class=\"elementor-divider\">\n\t\t\t<span class=\"elementor-divider-separator\">\n\t\t\t\t\t\t<\/span>\n\t\t<\/div>\n\t\t\t\t\t\t<\/div>\n\t\t\t\t<\/div>\n\t\t\t\t<div class=\"elementor-element elementor-element-14fe0267 elementor-widget elementor-widget-text-editor\" data-id=\"14fe0267\" data-element_type=\"widget\" data-e-type=\"widget\" data-widget_type=\"text-editor.default\">\n\t\t\t\t<div class=\"elementor-widget-container\">\n\t\t\t\t\t\t\t\t\t<p>\u00bfS\u00f3lo buscas una cita para hacer algunas preguntas?<br>\u00bfNo est\u00e1s seguro de los procedimientos que deseas realizar?<br>\u00bfTu situaci\u00f3n no est\u00e1 clara?<\/p><p><strong>Opta por una primera consulta con un abogado en Ginebra.<\/strong><\/p><p>Entonces decidir\u00e1s si quieres seguir adelante y nuestros abogados te dar\u00e1n el coste del procedimiento seg\u00fan tu caso. Citas disponibles en persona o por videoconferencia. <strong><br><\/strong><\/p>\t\t\t\t\t\t\t\t<\/div>\n\t\t\t\t<\/div>\n\t\t\t\t<div class=\"elementor-element elementor-element-5842cece elementor-align-center elementor-widget elementor-widget-button\" data-id=\"5842cece\" data-element_type=\"widget\" data-e-type=\"widget\" data-widget_type=\"button.default\">\n\t\t\t\t<div class=\"elementor-widget-container\">\n\t\t\t\t\t\t\t\t\t<div class=\"elementor-button-wrapper\">\n\t\t\t\t\t<a class=\"elementor-button elementor-button-link elementor-size-sm\" href=\"https:\/\/www.geneva-lawyers.com\/es\/contacto\/\">\n\t\t\t\t\t\t<span class=\"elementor-button-content-wrapper\">\n\t\t\t\t\t\t\t\t\t<span class=\"elementor-button-text\">Pide cita con un abogado<\/span>\n\t\t\t\t\t<\/span>\n\t\t\t\t\t<\/a>\n\t\t\t\t<\/div>\n\t\t\t\t\t\t\t\t<\/div>\n\t\t\t\t<\/div>\n\t\t\t\t\t<\/div>\n\t\t<\/div>\n\t\t\t\t\t<\/div>\n\t\t<\/section>\n\t\t\t\t<\/div>\n\t\t","protected":false},"excerpt":{"rendered":"<p>Pide cita con un abogado Conducir bajo los efectos del alcohol en Suiza Conducir bajo los efectos del alcohol supone una importante amenaza para la seguridad vial en Suiza. Incluso peque\u00f1as cantidades de alcohol pueden mermar la capacidad de conducci\u00f3n y provocar accidentes mortales. Los efectos del alcohol incluyen la disminuci\u00f3n de la atenci\u00f3n, visi\u00f3n &#8230; <a title=\"Conducir bajo los efectos del alcohol en Suiza\" class=\"read-more\" href=\"https:\/\/www.geneva-lawyers.com\/es\/conducir-bajo-efectos-alcohol-suiza\/\" aria-label=\"Leer m\u00e1s sobre Conducir bajo los efectos del alcohol en Suiza\">Leer m\u00e1s<\/a><\/p>\n","protected":false},"author":1,"featured_media":0,"parent":0,"menu_order":0,"comment_status":"closed","ping_status":"closed","template":"elementor_header_footer","meta":{"_acf_changed":false,"_seopress_robots_primary_cat":"","_seopress_titles_title":"","_seopress_titles_desc":"","_seopress_robots_index":"","footnotes":""},"class_list":["post-31635","page","type-page","status-publish"],"acf":[],"_links":{"self":[{"href":"https:\/\/www.geneva-lawyers.com\/es\/wp-json\/wp\/v2\/pages\/31635","targetHints":{"allow":["GET"]}}],"collection":[{"href":"https:\/\/www.geneva-lawyers.com\/es\/wp-json\/wp\/v2\/pages"}],"about":[{"href":"https:\/\/www.geneva-lawyers.com\/es\/wp-json\/wp\/v2\/types\/page"}],"author":[{"embeddable":true,"href":"https:\/\/www.geneva-lawyers.com\/es\/wp-json\/wp\/v2\/users\/1"}],"replies":[{"embeddable":true,"href":"https:\/\/www.geneva-lawyers.com\/es\/wp-json\/wp\/v2\/comments?post=31635"}],"version-history":[{"count":6,"href":"https:\/\/www.geneva-lawyers.com\/es\/wp-json\/wp\/v2\/pages\/31635\/revisions"}],"predecessor-version":[{"id":34066,"href":"https:\/\/www.geneva-lawyers.com\/es\/wp-json\/wp\/v2\/pages\/31635\/revisions\/34066"}],"wp:attachment":[{"href":"https:\/\/www.geneva-lawyers.com\/es\/wp-json\/wp\/v2\/media?parent=31635"}],"curies":[{"name":"wp","href":"https:\/\/api.w.org\/{rel}","templated":true}]}}