{"id":31640,"date":"2024-05-23T14:22:07","date_gmt":"2024-05-23T12:22:07","guid":{"rendered":"https:\/\/www.geneva-lawyers.com\/conducir-bajo-los-efectos-de-las-drogas-en-suiza\/"},"modified":"2025-04-14T15:55:40","modified_gmt":"2025-04-14T13:55:40","slug":"conducir-bajo-efectos-drogas-suiza","status":"publish","type":"page","link":"https:\/\/www.geneva-lawyers.com\/es\/conducir-bajo-efectos-drogas-suiza\/","title":{"rendered":"Conducir bajo los efectos de las drogas en Suiza"},"content":{"rendered":"\t\t<div data-elementor-type=\"wp-page\" data-elementor-id=\"31640\" class=\"elementor elementor-31640 elementor-29331\" data-elementor-post-type=\"page\">\n\t\t\t\t\t\t<section class=\"elementor-section elementor-top-section elementor-element elementor-element-23c8ea01 elementor-section-boxed elementor-section-height-default elementor-section-height-default\" data-id=\"23c8ea01\" data-element_type=\"section\" data-e-type=\"section\" data-settings=\"{&quot;background_background&quot;:&quot;classic&quot;}\">\n\t\t\t\t\t\t\t<div class=\"elementor-background-overlay\"><\/div>\n\t\t\t\t\t\t\t<div class=\"elementor-container elementor-column-gap-default\">\n\t\t\t\t\t<div class=\"elementor-column elementor-col-100 elementor-top-column elementor-element elementor-element-7546f5cf\" data-id=\"7546f5cf\" data-element_type=\"column\" data-e-type=\"column\">\n\t\t\t<div class=\"elementor-widget-wrap elementor-element-populated\">\n\t\t\t\t\t\t<div class=\"elementor-element elementor-element-571ffe34 elementor-widget-divider--view-line elementor-widget elementor-widget-divider\" data-id=\"571ffe34\" data-element_type=\"widget\" data-e-type=\"widget\" data-widget_type=\"divider.default\">\n\t\t\t\t<div class=\"elementor-widget-container\">\n\t\t\t\t\t\t\t<div class=\"elementor-divider\">\n\t\t\t<span class=\"elementor-divider-separator\">\n\t\t\t\t\t\t<\/span>\n\t\t<\/div>\n\t\t\t\t\t\t<\/div>\n\t\t\t\t<\/div>\n\t\t\t\t<div class=\"elementor-element elementor-element-46251caf elementor-align-center elementor-widget elementor-widget-button\" data-id=\"46251caf\" data-element_type=\"widget\" data-e-type=\"widget\" data-widget_type=\"button.default\">\n\t\t\t\t<div class=\"elementor-widget-container\">\n\t\t\t\t\t\t\t\t\t<div class=\"elementor-button-wrapper\">\n\t\t\t\t\t<a class=\"elementor-button elementor-button-link elementor-size-sm\" href=\"https:\/\/www.geneva-lawyers.com\/es\/contacto\/\">\n\t\t\t\t\t\t<span class=\"elementor-button-content-wrapper\">\n\t\t\t\t\t\t\t\t\t<span class=\"elementor-button-text\">Pide cita con un abogado<\/span>\n\t\t\t\t\t<\/span>\n\t\t\t\t\t<\/a>\n\t\t\t\t<\/div>\n\t\t\t\t\t\t\t\t<\/div>\n\t\t\t\t<\/div>\n\t\t\t\t\t<\/div>\n\t\t<\/div>\n\t\t\t\t\t<\/div>\n\t\t<\/section>\n\t\t\t\t<section class=\"elementor-section elementor-top-section elementor-element elementor-element-3593e799 elementor-section-boxed elementor-section-height-default elementor-section-height-default\" data-id=\"3593e799\" data-element_type=\"section\" data-e-type=\"section\">\n\t\t\t\t\t\t<div class=\"elementor-container elementor-column-gap-default\">\n\t\t\t\t\t<div class=\"elementor-column elementor-col-100 elementor-top-column elementor-element elementor-element-1cb0a443\" data-id=\"1cb0a443\" data-element_type=\"column\" data-e-type=\"column\">\n\t\t\t<div class=\"elementor-widget-wrap elementor-element-populated\">\n\t\t\t\t\t\t<div class=\"elementor-element elementor-element-54565d95 elementor-widget elementor-widget-heading\" data-id=\"54565d95\" data-element_type=\"widget\" data-e-type=\"widget\" data-widget_type=\"heading.default\">\n\t\t\t\t<div class=\"elementor-widget-container\">\n\t\t\t\t\t<h2 class=\"elementor-heading-title elementor-size-default\">Conducir bajo los efectos de las drogas en Suiza<\/h2>\t\t\t\t<\/div>\n\t\t\t\t<\/div>\n\t\t\t\t<div class=\"elementor-element elementor-element-71d20d95 elementor-widget-divider--view-line elementor-widget elementor-widget-divider\" data-id=\"71d20d95\" data-element_type=\"widget\" data-e-type=\"widget\" data-widget_type=\"divider.default\">\n\t\t\t\t<div class=\"elementor-widget-container\">\n\t\t\t\t\t\t\t<div class=\"elementor-divider\">\n\t\t\t<span class=\"elementor-divider-separator\">\n\t\t\t\t\t\t<\/span>\n\t\t<\/div>\n\t\t\t\t\t\t<\/div>\n\t\t\t\t<\/div>\n\t\t\t\t<div class=\"elementor-element elementor-element-4c5b936f elementor-widget elementor-widget-text-editor\" data-id=\"4c5b936f\" data-element_type=\"widget\" data-e-type=\"widget\" data-widget_type=\"text-editor.default\">\n\t\t\t\t<div class=\"elementor-widget-container\">\n\t\t\t\t\t\t\t\t\t<p>Conducir bajo los efectos de las drogas es un delito grave que puede tener consecuencias desastrosas para la seguridad vial. A pesar de los riesgos, muchos individuos siguen conduciendo tras consumir sustancias il\u00edcitas, poniendo en peligro sus vidas y las de otros usuarios de la carretera. Este art\u00edculo examina las consecuencias legales de conducir bajo los efectos de las drogas, los riesgos para la seguridad vial y las medidas adoptadas por las autoridades para combatir este problema.  <\/p><h2>Marco jur\u00eddico y gravedad del delito<\/h2><p>Conducir bajo los efectos de las drogas se considera un delito grave seg\u00fan la legislaci\u00f3n suiza. Seg\u00fan el art\u00edculo 31 de la Ley Federal de Tr\u00e1fico por Carretera (LCR), \u00abes punible el conductor que, bajo los efectos del alcohol, las drogas o los medicamentos, ya no sea capaz de conducir con la prudencia requerida\u00bb. El t\u00e9rmino \u00abdrogas\u00bb incluye todas las sustancias il\u00edcitas, como cannabis, coca\u00edna, hero\u00edna, anfetaminas, MDMA y otras drogas sint\u00e9ticas.  <\/p><p>Este delito puede detectarse de varias formas. La polic\u00eda puede detener a un conductor sospechoso de estar bajo los efectos de las drogas, exigi\u00e9ndole que se someta a una prueba de drogas para confirmar el consumo de sustancias il\u00edcitas. Adem\u00e1s, si se produce un accidente de tr\u00e1fico, se realiza una prueba de drogas para determinar si el conductor estaba bajo los efectos en el momento del accidente.  <\/p><h2>Consecuencias jur\u00eddicas y penales<\/h2><p>En Suiza, conducir bajo los efectos de las drogas est\u00e1 severamente castigado. Las penas van desde multas a penas de prisi\u00f3n, dependiendo de la gravedad del delito. <\/p><ul><li><strong>Multas y suspensi\u00f3n del permiso<\/strong>: Los infractores se enfrentan a multas de hasta varios miles de francos y a una suspensi\u00f3n m\u00ednima del permiso de conducir de tres meses. La duraci\u00f3n de la suspensi\u00f3n puede prolongarse varios a\u00f1os en funci\u00f3n de la gravedad de la infracci\u00f3n y del comportamiento del conductor. <\/li><li><strong>Reincidencia<\/strong>: Los reincidentes se enfrentan a penas m\u00e1s duras, como prisi\u00f3n, multas m\u00e1s elevadas y suspensiones m\u00e1s largas del permiso de conducir. En caso de accidente de tr\u00e1fico, el conductor tambi\u00e9n puede ser responsable de los da\u00f1os a terceros y de la indemnizaci\u00f3n a las v\u00edctimas. <\/li><li><strong>Costes adicionales<\/strong>: Los infractores tambi\u00e9n deben correr con los gastos procesales, como las tasas judiciales, los honorarios de los abogados y los honorarios de las pericias toxicol\u00f3gicas, que pueden ascender a varios miles de francos, lo que tiene graves consecuencias econ\u00f3micas.<\/li><\/ul><h2>Medidas preventivas<\/h2><p>Para prevenir la conducci\u00f3n bajo los efectos de las drogas, las autoridades suizas han puesto en marcha varias medidas:<\/p><ul><li><strong>Mayores controles en carretera<\/strong>: La polic\u00eda est\u00e1 equipada con pruebas de saliva para detectar la presencia de drogas en la sangre de los conductores, realizadas aleatoriamente en cualquier momento.<\/li><li><strong>Campa\u00f1as de sensibilizaci\u00f3n<\/strong>: Las campa\u00f1as informan a los conductores sobre los peligros de la conducci\u00f3n bajo los efectos de las drogas, con el objetivo de sensibilizar y desincentivar la conducci\u00f3n tras el consumo de drogas.<\/li><li><strong>Autoescuelas<\/strong>: Las escuelas desempe\u00f1an un papel crucial en la educaci\u00f3n de los conductores sobre los riesgos y la importancia de respetar las leyes de tr\u00e1fico.<\/li><\/ul><p>Conducir bajo los efectos de las drogas es un delito grave con graves repercusiones legales y econ\u00f3micas para los conductores, los pasajeros y otros usuarios de la carretera. A pesar de que las leyes var\u00edan de un pa\u00eds a otro, la conducci\u00f3n bajo los efectos de las drogas se reconoce universalmente como peligrosa e ilegal. <\/p><h2>Asistencia jur\u00eddica<\/h2><p>Como abogado, es mi responsabilidad proteger los derechos de mis clientes y guiarles a trav\u00e9s del sistema legal. Si te acusan de conducir bajo los efectos de las drogas, ponerte en contacto con un abogado especializado en estos casos es crucial para comprender tus opciones y defender tus derechos. Juntos, podemos trabajar para minimizar las consecuencias negativas y ayudarte a recuperar el control de tu vida.  <\/p>\t\t\t\t\t\t\t\t<\/div>\n\t\t\t\t<\/div>\n\t\t\t\t\t<\/div>\n\t\t<\/div>\n\t\t\t\t\t<\/div>\n\t\t<\/section>\n\t\t\t\t<section class=\"elementor-section elementor-top-section elementor-element elementor-element-44dbab1d elementor-section-full_width elementor-section-height-min-height elementor-section-items-stretch elementor-section-content-middle elementor-section-height-default\" data-id=\"44dbab1d\" data-element_type=\"section\" data-e-type=\"section\" data-settings=\"{&quot;background_background&quot;:&quot;classic&quot;}\">\n\t\t\t\t\t\t<div class=\"elementor-container elementor-column-gap-no\">\n\t\t\t\t\t<div class=\"elementor-column elementor-col-50 elementor-top-column elementor-element elementor-element-576dee42\" data-id=\"576dee42\" data-element_type=\"column\" data-e-type=\"column\" data-settings=\"{&quot;background_background&quot;:&quot;classic&quot;}\">\n\t\t\t<div class=\"elementor-widget-wrap elementor-element-populated\">\n\t\t\t\t\t\t<div class=\"elementor-element elementor-element-2b08601 elementor-widget elementor-widget-spacer\" data-id=\"2b08601\" data-element_type=\"widget\" data-e-type=\"widget\" data-widget_type=\"spacer.default\">\n\t\t\t\t<div class=\"elementor-widget-container\">\n\t\t\t\t\t\t\t<div class=\"elementor-spacer\">\n\t\t\t<div class=\"elementor-spacer-inner\"><\/div>\n\t\t<\/div>\n\t\t\t\t\t\t<\/div>\n\t\t\t\t<\/div>\n\t\t\t\t\t<\/div>\n\t\t<\/div>\n\t\t\t\t<div class=\"elementor-column elementor-col-50 elementor-top-column elementor-element elementor-element-53dc502a\" data-id=\"53dc502a\" data-element_type=\"column\" data-e-type=\"column\" data-settings=\"{&quot;background_background&quot;:&quot;classic&quot;}\">\n\t\t\t<div class=\"elementor-widget-wrap elementor-element-populated\">\n\t\t\t\t\t\t<div class=\"elementor-element elementor-element-b5d62c8 elementor-widget elementor-widget-heading\" data-id=\"b5d62c8\" data-element_type=\"widget\" data-e-type=\"widget\" data-widget_type=\"heading.default\">\n\t\t\t\t<div class=\"elementor-widget-container\">\n\t\t\t\t\t<p class=\"elementor-heading-title elementor-size-default\">Consulta inicial  <\/p>\t\t\t\t<\/div>\n\t\t\t\t<\/div>\n\t\t\t\t<div class=\"elementor-element elementor-element-45096083 elementor-widget elementor-widget-heading\" data-id=\"45096083\" data-element_type=\"widget\" data-e-type=\"widget\" data-widget_type=\"heading.default\">\n\t\t\t\t<div class=\"elementor-widget-container\">\n\t\t\t\t\t<p class=\"elementor-heading-title elementor-size-default\">de 60 min a 220,00 CHF<\/p>\t\t\t\t<\/div>\n\t\t\t\t<\/div>\n\t\t\t\t<div class=\"elementor-element elementor-element-4aa408b2 elementor-widget elementor-widget-text-editor\" data-id=\"4aa408b2\" data-element_type=\"widget\" data-e-type=\"widget\" data-widget_type=\"text-editor.default\">\n\t\t\t\t<div class=\"elementor-widget-container\">\n\t\t\t\t\t\t\t\t\tDiscute tu situaci\u00f3n con un abogado especializado en Suiza.\n\t\t\t\t\t\t\t\t<\/div>\n\t\t\t\t<\/div>\n\t\t\t\t<div class=\"elementor-element elementor-element-95b869e elementor-widget-divider--view-line elementor-widget elementor-widget-divider\" data-id=\"95b869e\" data-element_type=\"widget\" data-e-type=\"widget\" data-widget_type=\"divider.default\">\n\t\t\t\t<div class=\"elementor-widget-container\">\n\t\t\t\t\t\t\t<div class=\"elementor-divider\">\n\t\t\t<span class=\"elementor-divider-separator\">\n\t\t\t\t\t\t<\/span>\n\t\t<\/div>\n\t\t\t\t\t\t<\/div>\n\t\t\t\t<\/div>\n\t\t\t\t<div class=\"elementor-element elementor-element-64e8d45b elementor-widget elementor-widget-text-editor\" data-id=\"64e8d45b\" data-element_type=\"widget\" data-e-type=\"widget\" data-widget_type=\"text-editor.default\">\n\t\t\t\t<div class=\"elementor-widget-container\">\n\t\t\t\t\t\t\t\t\t<p>\u00bfS\u00f3lo buscas una cita para hacer algunas preguntas?<br>\u00bfNo est\u00e1s seguro de los procedimientos que deseas realizar?<br>\u00bfTu situaci\u00f3n no est\u00e1 clara?<\/p><p><strong>Opta por una primera consulta con un abogado en Ginebra.<\/strong><\/p><p>Entonces decidir\u00e1s si quieres seguir adelante y nuestros abogados te dar\u00e1n el coste del procedimiento seg\u00fan tu caso. Citas disponibles en persona o por videoconferencia. <strong><br><\/strong><\/p>\t\t\t\t\t\t\t\t<\/div>\n\t\t\t\t<\/div>\n\t\t\t\t<div class=\"elementor-element elementor-element-57e24d41 elementor-align-center elementor-widget elementor-widget-button\" data-id=\"57e24d41\" data-element_type=\"widget\" data-e-type=\"widget\" data-widget_type=\"button.default\">\n\t\t\t\t<div class=\"elementor-widget-container\">\n\t\t\t\t\t\t\t\t\t<div class=\"elementor-button-wrapper\">\n\t\t\t\t\t<a class=\"elementor-button elementor-button-link elementor-size-sm\" href=\"https:\/\/www.geneva-lawyers.com\/es\/contacto\/\">\n\t\t\t\t\t\t<span class=\"elementor-button-content-wrapper\">\n\t\t\t\t\t\t\t\t\t<span class=\"elementor-button-text\">Pide cita con un abogado<\/span>\n\t\t\t\t\t<\/span>\n\t\t\t\t\t<\/a>\n\t\t\t\t<\/div>\n\t\t\t\t\t\t\t\t<\/div>\n\t\t\t\t<\/div>\n\t\t\t\t\t<\/div>\n\t\t<\/div>\n\t\t\t\t\t<\/div>\n\t\t<\/section>\n\t\t\t\t<\/div>\n\t\t","protected":false},"excerpt":{"rendered":"<p>Pide cita con un abogado Conducir bajo los efectos de las drogas en Suiza Conducir bajo los efectos de las drogas es un delito grave que puede tener consecuencias desastrosas para la seguridad vial. A pesar de los riesgos, muchos individuos siguen conduciendo tras consumir sustancias il\u00edcitas, poniendo en peligro sus vidas y las de &#8230; <a title=\"Conducir bajo los efectos de las drogas en Suiza\" class=\"read-more\" href=\"https:\/\/www.geneva-lawyers.com\/es\/conducir-bajo-efectos-drogas-suiza\/\" aria-label=\"Leer m\u00e1s sobre Conducir bajo los efectos de las drogas en Suiza\">Leer m\u00e1s<\/a><\/p>\n","protected":false},"author":1,"featured_media":0,"parent":0,"menu_order":0,"comment_status":"closed","ping_status":"closed","template":"elementor_header_footer","meta":{"_acf_changed":false,"_seopress_robots_primary_cat":"","_seopress_titles_title":"","_seopress_titles_desc":"","_seopress_robots_index":"","footnotes":""},"class_list":["post-31640","page","type-page","status-publish"],"acf":[],"_links":{"self":[{"href":"https:\/\/www.geneva-lawyers.com\/es\/wp-json\/wp\/v2\/pages\/31640","targetHints":{"allow":["GET"]}}],"collection":[{"href":"https:\/\/www.geneva-lawyers.com\/es\/wp-json\/wp\/v2\/pages"}],"about":[{"href":"https:\/\/www.geneva-lawyers.com\/es\/wp-json\/wp\/v2\/types\/page"}],"author":[{"embeddable":true,"href":"https:\/\/www.geneva-lawyers.com\/es\/wp-json\/wp\/v2\/users\/1"}],"replies":[{"embeddable":true,"href":"https:\/\/www.geneva-lawyers.com\/es\/wp-json\/wp\/v2\/comments?post=31640"}],"version-history":[{"count":6,"href":"https:\/\/www.geneva-lawyers.com\/es\/wp-json\/wp\/v2\/pages\/31640\/revisions"}],"predecessor-version":[{"id":34059,"href":"https:\/\/www.geneva-lawyers.com\/es\/wp-json\/wp\/v2\/pages\/31640\/revisions\/34059"}],"wp:attachment":[{"href":"https:\/\/www.geneva-lawyers.com\/es\/wp-json\/wp\/v2\/media?parent=31640"}],"curies":[{"name":"wp","href":"https:\/\/api.w.org\/{rel}","templated":true}]}}