{"id":31641,"date":"2024-05-23T13:43:39","date_gmt":"2024-05-23T11:43:39","guid":{"rendered":"https:\/\/www.geneva-lawyers.com\/deducciones-fiscales-en-suiza\/"},"modified":"2025-04-14T15:29:49","modified_gmt":"2025-04-14T13:29:49","slug":"deducciones-fiscales-suiza","status":"publish","type":"page","link":"https:\/\/www.geneva-lawyers.com\/es\/deducciones-fiscales-suiza\/","title":{"rendered":"Deducciones fiscales en Suiza"},"content":{"rendered":"\t\t<div data-elementor-type=\"wp-page\" data-elementor-id=\"31641\" class=\"elementor elementor-31641 elementor-29287\" data-elementor-post-type=\"page\">\n\t\t\t\t\t\t<section class=\"elementor-section elementor-top-section elementor-element elementor-element-2724a6fd elementor-section-boxed elementor-section-height-default elementor-section-height-default\" data-id=\"2724a6fd\" data-element_type=\"section\" data-e-type=\"section\" data-settings=\"{&quot;background_background&quot;:&quot;classic&quot;}\">\n\t\t\t\t\t\t\t<div class=\"elementor-background-overlay\"><\/div>\n\t\t\t\t\t\t\t<div class=\"elementor-container elementor-column-gap-default\">\n\t\t\t\t\t<div class=\"elementor-column elementor-col-100 elementor-top-column elementor-element elementor-element-1a3c0364\" data-id=\"1a3c0364\" data-element_type=\"column\" data-e-type=\"column\">\n\t\t\t<div class=\"elementor-widget-wrap elementor-element-populated\">\n\t\t\t\t\t\t<div class=\"elementor-element elementor-element-336d721f elementor-widget-divider--view-line elementor-widget elementor-widget-divider\" data-id=\"336d721f\" data-element_type=\"widget\" data-e-type=\"widget\" data-widget_type=\"divider.default\">\n\t\t\t\t<div class=\"elementor-widget-container\">\n\t\t\t\t\t\t\t<div class=\"elementor-divider\">\n\t\t\t<span class=\"elementor-divider-separator\">\n\t\t\t\t\t\t<\/span>\n\t\t<\/div>\n\t\t\t\t\t\t<\/div>\n\t\t\t\t<\/div>\n\t\t\t\t<div class=\"elementor-element elementor-element-43775e45 elementor-align-center elementor-widget elementor-widget-button\" data-id=\"43775e45\" data-element_type=\"widget\" data-e-type=\"widget\" data-widget_type=\"button.default\">\n\t\t\t\t<div class=\"elementor-widget-container\">\n\t\t\t\t\t\t\t\t\t<div class=\"elementor-button-wrapper\">\n\t\t\t\t\t<a class=\"elementor-button elementor-button-link elementor-size-sm\" href=\"https:\/\/www.geneva-lawyers.com\/es\/contacto\/\">\n\t\t\t\t\t\t<span class=\"elementor-button-content-wrapper\">\n\t\t\t\t\t\t\t\t\t<span class=\"elementor-button-text\">Pide cita con un abogado<\/span>\n\t\t\t\t\t<\/span>\n\t\t\t\t\t<\/a>\n\t\t\t\t<\/div>\n\t\t\t\t\t\t\t\t<\/div>\n\t\t\t\t<\/div>\n\t\t\t\t\t<\/div>\n\t\t<\/div>\n\t\t\t\t\t<\/div>\n\t\t<\/section>\n\t\t\t\t<section class=\"elementor-section elementor-top-section elementor-element elementor-element-2c285b96 elementor-section-boxed elementor-section-height-default elementor-section-height-default\" data-id=\"2c285b96\" data-element_type=\"section\" data-e-type=\"section\">\n\t\t\t\t\t\t<div class=\"elementor-container elementor-column-gap-default\">\n\t\t\t\t\t<div class=\"elementor-column elementor-col-100 elementor-top-column elementor-element elementor-element-2dacf181\" data-id=\"2dacf181\" data-element_type=\"column\" data-e-type=\"column\">\n\t\t\t<div class=\"elementor-widget-wrap elementor-element-populated\">\n\t\t\t\t\t\t<div class=\"elementor-element elementor-element-65d084f elementor-widget elementor-widget-heading\" data-id=\"65d084f\" data-element_type=\"widget\" data-e-type=\"widget\" data-widget_type=\"heading.default\">\n\t\t\t\t<div class=\"elementor-widget-container\">\n\t\t\t\t\t<h2 class=\"elementor-heading-title elementor-size-default\">Deducciones fiscales en Suiza\n<\/h2>\t\t\t\t<\/div>\n\t\t\t\t<\/div>\n\t\t\t\t<div class=\"elementor-element elementor-element-117ad461 elementor-widget-divider--view-line elementor-widget elementor-widget-divider\" data-id=\"117ad461\" data-element_type=\"widget\" data-e-type=\"widget\" data-widget_type=\"divider.default\">\n\t\t\t\t<div class=\"elementor-widget-container\">\n\t\t\t\t\t\t\t<div class=\"elementor-divider\">\n\t\t\t<span class=\"elementor-divider-separator\">\n\t\t\t\t\t\t<\/span>\n\t\t<\/div>\n\t\t\t\t\t\t<\/div>\n\t\t\t\t<\/div>\n\t\t\t\t<div class=\"elementor-element elementor-element-f533ae6 elementor-widget elementor-widget-text-editor\" data-id=\"f533ae6\" data-element_type=\"widget\" data-e-type=\"widget\" data-widget_type=\"text-editor.default\">\n\t\t\t\t<div class=\"elementor-widget-container\">\n\t\t\t\t\t\t\t\t\t<p>Las deducciones fiscales ofrecen un alivio financiero al permitir a las empresas reducir su renta imponible. En Suiza, estas deducciones est\u00e1n disponibles tanto para particulares como para empresas, sujetas a condiciones espec\u00edficas. Las normas para las deducciones fiscales de las empresas se recogen principalmente en la Ley Federal de Impuestos Federales Directos (LIFD) y en la Ley Federal de Armonizaci\u00f3n de los Impuestos Directos Cantonales y Comunales (LHID).  <\/p><h2>Tipos de deducciones fiscales para empresas en Suiza<\/h2><p>Las empresas suizas pueden beneficiarse de diversas deducciones fiscales. Todos los gastos justificados por el uso comercial son deducibles (art. 59 LIFD; 13 LIPM). Los principales tipos de deducciones son:  <\/p><ol><li><strong>Gastos profesionales (art. 26 y ss LIFD)<\/strong>: Son los gastos fundamentales necesarios para el funcionamiento de la empresa, incluidos los intereses pasivos, los salarios y los alquileres.<\/li><li><strong>Amortizaci\u00f3n (Art. 28 LIFD)<\/strong>: Permite a las empresas reducir el valor de los activos fijos a lo largo del tiempo debido al desgaste, la obsolescencia u otras razones v\u00e1lidas.<\/li><li><strong>Provisiones (Art. 29 LIFD)<\/strong>: Son gastos deducibles reservados para cubrir probables p\u00e9rdidas o responsabilidades futuras, cuyo importe exacto o impacto no puede determinarse con certeza.<\/li><li><strong>Gastos de Investigaci\u00f3n y Desarrollo (I+D) (Art. 63 al. 1 let. d LIFD)<\/strong>: Los gastos de I+D subcontratados a terceros suelen ser deducibles. Algunas leyes cantonales pueden ofrecer deducciones adicionales para estos gastos (Art. 25a LHID). <\/li><li><strong>Deducci\u00f3n de intereses nocionales<\/strong>: En determinadas condiciones, los intereses nocionales sobre los fondos propios de seguridad pueden ser deducibles a nivel cantonal.<\/li><li><strong>Compensaci\u00f3n de bases imponibles negativas (Art. 31 y 67 LIFD)<\/strong>: Las empresas pueden deducir la base imponible actual con las p\u00e9rdidas fiscales pasadas incurridas en los siete ejercicios fiscales anteriores, siempre que no se hayan contabilizado previamente.<\/li><li><strong>Impuestos (art. 59 LIFD)<\/strong>: Los impuestos federales, cantonales y comunales pagados por la empresa son deducibles, excepto las multas fiscales.<\/li><\/ol><h2>C\u00f3mo pueden beneficiarse las empresas de las deducciones fiscales en Suiza<\/h2><p>Para beneficiarse de las deducciones fiscales, las empresas deben cumplir unos criterios espec\u00edficos. Deben estar registradas en Suiza y sujetas al impuesto de sociedades. Adem\u00e1s, las empresas deben cumplir las condiciones de cada tipo de deducci\u00f3n:  <\/p><ul><li><strong>Gastos profesionales<\/strong>: Las empresas deben demostrar que estos gastos son necesarios para sus operaciones y proporcionales a los ingresos generados. Tambi\u00e9n deben conservar pruebas y recibos de los gastos realizados. <\/li><li><strong>Amortizaciones<\/strong>: Se calcula en funci\u00f3n de la vida econ\u00f3mica de cada inmovilizado, siguiendo los m\u00e9todos aceptados por las normas contables suizas (art. 62 LIFD). Las empresas deben llevar un plan de amortizaci\u00f3n e incluirlo en sus declaraciones fiscales anuales. <\/li><li><strong>Provisiones<\/strong>: Se calculan en funci\u00f3n del alcance estimado de las p\u00e9rdidas o gastos futuros probables, sin cubrir las p\u00e9rdidas o gastos ya incurridos o conocidos en el momento de la constituci\u00f3n de la provisi\u00f3n. Las condiciones espec\u00edficas se enumeran en el Art. 63 LIFD. <\/li><li><strong>Arrastre de p\u00e9rdidas fiscales<\/strong>: Las empresas pueden deducir las p\u00e9rdidas de los siete ejercicios fiscales anteriores si no las han utilizado ya (Art. 67 LIFD).<\/li><\/ul><h2>Ejemplos pr\u00e1cticos de deducciones fiscales para empresas en Suiza<\/h2><ul><li><strong>Gastos profesionales<\/strong>: Una empresa de marketing puede deducir los gastos de publicidad para un cliente y los gastos de viaje por visitas a clientes.<\/li><li><strong>Amortizaci\u00f3n<\/strong>: Una empresa que compra una m\u00e1quina por 100.000 CHF con una vida \u00fatil de 10 a\u00f1os y un valor residual de 10.000 CHF puede deducir una amortizaci\u00f3n anual de 9.000 CHF (90.000 CHF \/ 10 a\u00f1os).<\/li><li><strong>Provisiones<\/strong>: Una empresa que vende productos puede constituir una provisi\u00f3n para posibles retiradas de productos por defectos de calidad. Si la probabilidad de retirada es del 5% y el coste estimado es de 50.000 CHF, la empresa puede constituir una provisi\u00f3n de 2.500 CHF (5% de 50.000 CHF). <\/li><\/ul><h2>Consejos para maximizar las deducciones fiscales de las empresas en Suiza<\/h2><p>Para maximizar las deducciones fiscales, las empresas deben:<\/p><ol><li><strong>Mant\u00e9n registros detallados<\/strong>: Mant\u00e9n una documentaci\u00f3n exhaustiva de todos los gastos de la empresa, incluidas facturas, recibos y contratos.<\/li><li><strong>Planificaci\u00f3n fiscal<\/strong>: Considera la posibilidad de aplazar ingresos o gastos para optimizar la situaci\u00f3n fiscal. Esto puede ayudar a aprovechar al m\u00e1ximo las deducciones disponibles. <\/li><li><strong>Consulta a un asesor fiscal<\/strong>: Consulta regularmente a un asesor fiscal para mantenerte informado sobre los cambios en las leyes fiscales y garantizar el cumplimiento de todas las condiciones para las deducciones fiscales.<\/li><li><strong>Evaluaci\u00f3n continua<\/strong>: Revisa peri\u00f3dicamente la situaci\u00f3n fiscal de la empresa y las deducciones disponibles para asegurarte de que se maximizan. Esto podr\u00eda revelar oportunidades para nuevas deducciones o ajustes en las estrategias fiscales existentes. <\/li><\/ol><p>Siguiendo estos pasos, las empresas pueden gestionar eficazmente sus obligaciones fiscales y maximizar su eficiencia financiera.<\/p>\t\t\t\t\t\t\t\t<\/div>\n\t\t\t\t<\/div>\n\t\t\t\t\t<\/div>\n\t\t<\/div>\n\t\t\t\t\t<\/div>\n\t\t<\/section>\n\t\t\t\t<section class=\"elementor-section elementor-top-section elementor-element elementor-element-6f20ccbd elementor-section-full_width elementor-section-height-min-height elementor-section-items-stretch elementor-section-content-middle elementor-section-height-default\" data-id=\"6f20ccbd\" data-element_type=\"section\" data-e-type=\"section\" data-settings=\"{&quot;background_background&quot;:&quot;classic&quot;}\">\n\t\t\t\t\t\t<div class=\"elementor-container elementor-column-gap-no\">\n\t\t\t\t\t<div class=\"elementor-column elementor-col-50 elementor-top-column elementor-element elementor-element-3f140e87\" data-id=\"3f140e87\" data-element_type=\"column\" data-e-type=\"column\" data-settings=\"{&quot;background_background&quot;:&quot;classic&quot;}\">\n\t\t\t<div class=\"elementor-widget-wrap elementor-element-populated\">\n\t\t\t\t\t\t<div class=\"elementor-element elementor-element-24b40502 elementor-widget elementor-widget-spacer\" data-id=\"24b40502\" data-element_type=\"widget\" data-e-type=\"widget\" data-widget_type=\"spacer.default\">\n\t\t\t\t<div class=\"elementor-widget-container\">\n\t\t\t\t\t\t\t<div class=\"elementor-spacer\">\n\t\t\t<div class=\"elementor-spacer-inner\"><\/div>\n\t\t<\/div>\n\t\t\t\t\t\t<\/div>\n\t\t\t\t<\/div>\n\t\t\t\t\t<\/div>\n\t\t<\/div>\n\t\t\t\t<div class=\"elementor-column elementor-col-50 elementor-top-column elementor-element elementor-element-5b4775bf\" data-id=\"5b4775bf\" data-element_type=\"column\" data-e-type=\"column\" data-settings=\"{&quot;background_background&quot;:&quot;classic&quot;}\">\n\t\t\t<div class=\"elementor-widget-wrap elementor-element-populated\">\n\t\t\t\t\t\t<div class=\"elementor-element elementor-element-40a5fee1 elementor-widget elementor-widget-heading\" data-id=\"40a5fee1\" data-element_type=\"widget\" data-e-type=\"widget\" data-widget_type=\"heading.default\">\n\t\t\t\t<div class=\"elementor-widget-container\">\n\t\t\t\t\t<p class=\"elementor-heading-title elementor-size-default\">Consulta inicial  <\/p>\t\t\t\t<\/div>\n\t\t\t\t<\/div>\n\t\t\t\t<div class=\"elementor-element elementor-element-1a8889ae elementor-widget elementor-widget-heading\" data-id=\"1a8889ae\" data-element_type=\"widget\" data-e-type=\"widget\" data-widget_type=\"heading.default\">\n\t\t\t\t<div class=\"elementor-widget-container\">\n\t\t\t\t\t<p class=\"elementor-heading-title elementor-size-default\">de 60 min a 220,00 CHF<\/p>\t\t\t\t<\/div>\n\t\t\t\t<\/div>\n\t\t\t\t<div class=\"elementor-element elementor-element-6d4be294 elementor-widget elementor-widget-text-editor\" data-id=\"6d4be294\" data-element_type=\"widget\" data-e-type=\"widget\" data-widget_type=\"text-editor.default\">\n\t\t\t\t<div class=\"elementor-widget-container\">\n\t\t\t\t\t\t\t\t\tDiscute tu situaci\u00f3n con un abogado especializado en Suiza.\n\t\t\t\t\t\t\t\t<\/div>\n\t\t\t\t<\/div>\n\t\t\t\t<div class=\"elementor-element elementor-element-79725f88 elementor-widget-divider--view-line elementor-widget elementor-widget-divider\" data-id=\"79725f88\" data-element_type=\"widget\" data-e-type=\"widget\" data-widget_type=\"divider.default\">\n\t\t\t\t<div class=\"elementor-widget-container\">\n\t\t\t\t\t\t\t<div class=\"elementor-divider\">\n\t\t\t<span class=\"elementor-divider-separator\">\n\t\t\t\t\t\t<\/span>\n\t\t<\/div>\n\t\t\t\t\t\t<\/div>\n\t\t\t\t<\/div>\n\t\t\t\t<div class=\"elementor-element elementor-element-c6c4401 elementor-widget elementor-widget-text-editor\" data-id=\"c6c4401\" data-element_type=\"widget\" data-e-type=\"widget\" data-widget_type=\"text-editor.default\">\n\t\t\t\t<div class=\"elementor-widget-container\">\n\t\t\t\t\t\t\t\t\t<p>\u00bfS\u00f3lo buscas una cita para hacer algunas preguntas?<br>\u00bfNo est\u00e1s seguro de los procedimientos que deseas realizar?<br>\u00bfTu situaci\u00f3n no est\u00e1 clara?<\/p><p><strong>Opta por una primera consulta con un abogado en Ginebra.<\/strong><\/p><p>Entonces decidir\u00e1s si quieres seguir adelante y nuestros abogados te dar\u00e1n el coste del procedimiento seg\u00fan tu caso. Citas disponibles en persona o por videoconferencia. <strong><br><\/strong><\/p>\t\t\t\t\t\t\t\t<\/div>\n\t\t\t\t<\/div>\n\t\t\t\t<div class=\"elementor-element elementor-element-391b7e31 elementor-align-center elementor-widget elementor-widget-button\" data-id=\"391b7e31\" data-element_type=\"widget\" data-e-type=\"widget\" data-widget_type=\"button.default\">\n\t\t\t\t<div class=\"elementor-widget-container\">\n\t\t\t\t\t\t\t\t\t<div class=\"elementor-button-wrapper\">\n\t\t\t\t\t<a class=\"elementor-button elementor-button-link elementor-size-sm\" href=\"https:\/\/www.geneva-lawyers.com\/es\/contacto\/\">\n\t\t\t\t\t\t<span class=\"elementor-button-content-wrapper\">\n\t\t\t\t\t\t\t\t\t<span class=\"elementor-button-text\">Pide cita con un abogado<\/span>\n\t\t\t\t\t<\/span>\n\t\t\t\t\t<\/a>\n\t\t\t\t<\/div>\n\t\t\t\t\t\t\t\t<\/div>\n\t\t\t\t<\/div>\n\t\t\t\t\t<\/div>\n\t\t<\/div>\n\t\t\t\t\t<\/div>\n\t\t<\/section>\n\t\t\t\t<\/div>\n\t\t","protected":false},"excerpt":{"rendered":"<p>Pide cita con un abogado Deducciones fiscales en Suiza Las deducciones fiscales ofrecen un alivio financiero al permitir a las empresas reducir su renta imponible. En Suiza, estas deducciones est\u00e1n disponibles tanto para particulares como para empresas, sujetas a condiciones espec\u00edficas. Las normas para las deducciones fiscales de las empresas se recogen principalmente en la &#8230; <a title=\"Deducciones fiscales en Suiza\" class=\"read-more\" href=\"https:\/\/www.geneva-lawyers.com\/es\/deducciones-fiscales-suiza\/\" aria-label=\"Leer m\u00e1s sobre Deducciones fiscales en Suiza\">Leer m\u00e1s<\/a><\/p>\n","protected":false},"author":1,"featured_media":0,"parent":0,"menu_order":0,"comment_status":"closed","ping_status":"closed","template":"elementor_header_footer","meta":{"_acf_changed":false,"_seopress_robots_primary_cat":"","_seopress_titles_title":"","_seopress_titles_desc":"","_seopress_robots_index":"","footnotes":""},"class_list":["post-31641","page","type-page","status-publish"],"acf":[],"_links":{"self":[{"href":"https:\/\/www.geneva-lawyers.com\/es\/wp-json\/wp\/v2\/pages\/31641","targetHints":{"allow":["GET"]}}],"collection":[{"href":"https:\/\/www.geneva-lawyers.com\/es\/wp-json\/wp\/v2\/pages"}],"about":[{"href":"https:\/\/www.geneva-lawyers.com\/es\/wp-json\/wp\/v2\/types\/page"}],"author":[{"embeddable":true,"href":"https:\/\/www.geneva-lawyers.com\/es\/wp-json\/wp\/v2\/users\/1"}],"replies":[{"embeddable":true,"href":"https:\/\/www.geneva-lawyers.com\/es\/wp-json\/wp\/v2\/comments?post=31641"}],"version-history":[{"count":6,"href":"https:\/\/www.geneva-lawyers.com\/es\/wp-json\/wp\/v2\/pages\/31641\/revisions"}],"predecessor-version":[{"id":33870,"href":"https:\/\/www.geneva-lawyers.com\/es\/wp-json\/wp\/v2\/pages\/31641\/revisions\/33870"}],"wp:attachment":[{"href":"https:\/\/www.geneva-lawyers.com\/es\/wp-json\/wp\/v2\/media?parent=31641"}],"curies":[{"name":"wp","href":"https:\/\/api.w.org\/{rel}","templated":true}]}}