{"id":31648,"date":"2024-05-23T14:13:03","date_gmt":"2024-05-23T12:13:03","guid":{"rendered":"https:\/\/www.geneva-lawyers.com\/exceso-de-velocidad-en-suiza\/"},"modified":"2025-04-14T15:21:23","modified_gmt":"2025-04-14T13:21:23","slug":"exceso-velocidad-suiza","status":"publish","type":"page","link":"https:\/\/www.geneva-lawyers.com\/es\/exceso-velocidad-suiza\/","title":{"rendered":"Exceso de velocidad en Suiza"},"content":{"rendered":"\t\t<div data-elementor-type=\"wp-page\" data-elementor-id=\"31648\" class=\"elementor elementor-31648 elementor-29321\" data-elementor-post-type=\"page\">\n\t\t\t\t\t\t<section class=\"elementor-section elementor-top-section elementor-element elementor-element-71ea3776 elementor-section-boxed elementor-section-height-default elementor-section-height-default\" data-id=\"71ea3776\" data-element_type=\"section\" data-e-type=\"section\" data-settings=\"{&quot;background_background&quot;:&quot;classic&quot;}\">\n\t\t\t\t\t\t\t<div class=\"elementor-background-overlay\"><\/div>\n\t\t\t\t\t\t\t<div class=\"elementor-container elementor-column-gap-default\">\n\t\t\t\t\t<div class=\"elementor-column elementor-col-100 elementor-top-column elementor-element elementor-element-51ca123a\" data-id=\"51ca123a\" data-element_type=\"column\" data-e-type=\"column\">\n\t\t\t<div class=\"elementor-widget-wrap elementor-element-populated\">\n\t\t\t\t\t\t<div class=\"elementor-element elementor-element-7e75079c elementor-widget-divider--view-line elementor-widget elementor-widget-divider\" data-id=\"7e75079c\" data-element_type=\"widget\" data-e-type=\"widget\" data-widget_type=\"divider.default\">\n\t\t\t\t<div class=\"elementor-widget-container\">\n\t\t\t\t\t\t\t<div class=\"elementor-divider\">\n\t\t\t<span class=\"elementor-divider-separator\">\n\t\t\t\t\t\t<\/span>\n\t\t<\/div>\n\t\t\t\t\t\t<\/div>\n\t\t\t\t<\/div>\n\t\t\t\t<div class=\"elementor-element elementor-element-7c33f95c elementor-align-center elementor-widget elementor-widget-button\" data-id=\"7c33f95c\" data-element_type=\"widget\" data-e-type=\"widget\" data-widget_type=\"button.default\">\n\t\t\t\t<div class=\"elementor-widget-container\">\n\t\t\t\t\t\t\t\t\t<div class=\"elementor-button-wrapper\">\n\t\t\t\t\t<a class=\"elementor-button elementor-button-link elementor-size-sm\" href=\"https:\/\/www.geneva-lawyers.com\/es\/contacto\/\">\n\t\t\t\t\t\t<span class=\"elementor-button-content-wrapper\">\n\t\t\t\t\t\t\t\t\t<span class=\"elementor-button-text\">Pide cita con un abogado<\/span>\n\t\t\t\t\t<\/span>\n\t\t\t\t\t<\/a>\n\t\t\t\t<\/div>\n\t\t\t\t\t\t\t\t<\/div>\n\t\t\t\t<\/div>\n\t\t\t\t\t<\/div>\n\t\t<\/div>\n\t\t\t\t\t<\/div>\n\t\t<\/section>\n\t\t\t\t<section class=\"elementor-section elementor-top-section elementor-element elementor-element-2c23ef43 elementor-section-boxed elementor-section-height-default elementor-section-height-default\" data-id=\"2c23ef43\" data-element_type=\"section\" data-e-type=\"section\">\n\t\t\t\t\t\t<div class=\"elementor-container elementor-column-gap-default\">\n\t\t\t\t\t<div class=\"elementor-column elementor-col-100 elementor-top-column elementor-element elementor-element-65752bb5\" data-id=\"65752bb5\" data-element_type=\"column\" data-e-type=\"column\">\n\t\t\t<div class=\"elementor-widget-wrap elementor-element-populated\">\n\t\t\t\t\t\t<div class=\"elementor-element elementor-element-e4ab7a6 elementor-widget elementor-widget-heading\" data-id=\"e4ab7a6\" data-element_type=\"widget\" data-e-type=\"widget\" data-widget_type=\"heading.default\">\n\t\t\t\t<div class=\"elementor-widget-container\">\n\t\t\t\t\t<h2 class=\"elementor-heading-title elementor-size-default\">Exceso de velocidad en Suiza<\/h2>\t\t\t\t<\/div>\n\t\t\t\t<\/div>\n\t\t\t\t<div class=\"elementor-element elementor-element-13e694b2 elementor-widget-divider--view-line elementor-widget elementor-widget-divider\" data-id=\"13e694b2\" data-element_type=\"widget\" data-e-type=\"widget\" data-widget_type=\"divider.default\">\n\t\t\t\t<div class=\"elementor-widget-container\">\n\t\t\t\t\t\t\t<div class=\"elementor-divider\">\n\t\t\t<span class=\"elementor-divider-separator\">\n\t\t\t\t\t\t<\/span>\n\t\t<\/div>\n\t\t\t\t\t\t<\/div>\n\t\t\t\t<\/div>\n\t\t\t\t<div class=\"elementor-element elementor-element-293e7d4b elementor-widget elementor-widget-text-editor\" data-id=\"293e7d4b\" data-element_type=\"widget\" data-e-type=\"widget\" data-widget_type=\"text-editor.default\">\n\t\t\t\t<div class=\"elementor-widget-container\">\n\t\t\t\t\t\t\t\t\t<p>El exceso de velocidad es una de las principales causas de accidentes de tr\u00e1fico en Suiza. Aunque el exceso de velocidad pueda parecer trivial, puede tener graves consecuencias, sobre todo aumentar la gravedad de los accidentes. Este art\u00edculo examina las leyes suizas sobre el exceso de velocidad, las sanciones por infracci\u00f3n y las consecuencias jur\u00eddicas y econ\u00f3micas para los conductores.  <\/p><h2>L\u00edmites de velocidad en Suiza<\/h2><p>Respetar los l\u00edmites de velocidad es crucial para garantizar la seguridad vial en Suiza. Los accidentes relacionados con la velocidad son una de las principales causas de muerte en carretera, por lo que la vigilancia y el cumplimiento de los l\u00edmites de velocidad son imperativos. Los l\u00edmites de velocidad en Suiza var\u00edan seg\u00fan el tipo de carretera, las condiciones del tr\u00e1fico y las zonas geogr\u00e1ficas, y los conductores deben prestar atenci\u00f3n a las se\u00f1ales de tr\u00e1fico que indican los l\u00edmites de velocidad aplicables. Los l\u00edmites m\u00e1ximos de velocidad en Suiza son los siguientes:   <\/p><ul><li><strong>120 km\/h en autopista<\/strong><\/li><li><strong>100 km\/h en semiautopistas<\/strong><\/li><li><strong>80 km\/h fuera de las zonas urbanas<\/strong><\/li><li><strong>50 km\/h en zonas urbanas<\/strong><\/li><li><strong>30 km\/h en 30 zonas<\/strong><\/li><li><strong>20 km\/h en zonas peatonales<\/strong><\/li><\/ul><p>Las autopistas suizas est\u00e1n equipadas con sistemas de control de velocidad para detectar las infracciones. Las sanciones por exceso de velocidad son estrictas y pueden incluir multas, puntos en el carn\u00e9 de conducir, suspensi\u00f3n del carn\u00e9 e incluso prisi\u00f3n para los reincidentes. <\/p><p>Es importante tener en cuenta que los l\u00edmites de velocidad suizos suelen ser m\u00e1s bajos que los de muchos otros pa\u00edses. Esto se debe a la topograf\u00eda de Suiza, que incluye muchas curvas, carreteras sinuosas y monta\u00f1as escarpadas, que requieren velocidades m\u00e1s bajas para una conducci\u00f3n segura. <\/p><p>Adem\u00e1s, los l\u00edmites de velocidad pueden ajustarse en funci\u00f3n de las condiciones meteorol\u00f3gicas. Por ejemplo, los l\u00edmites pueden reducirse en condiciones de nieve o hielo para garantizar la seguridad vial, indic\u00e1ndolo mediante se\u00f1ales de tr\u00e1fico modificadas que muestren los l\u00edmites reducidos. <\/p><p>Respetar los l\u00edmites de velocidad es esencial para la seguridad de los conductores y de los dem\u00e1s usuarios de la carretera. El exceso de velocidad no s\u00f3lo conlleva sanciones econ\u00f3micas y legales, sino que tambi\u00e9n aumenta considerablemente el riesgo de accidentes graves o mortales. Los conductores deben conocer y respetar los l\u00edmites de velocidad en todo momento para garantizar su propia seguridad y la de los dem\u00e1s.  <\/p><h2>Sanciones por exceso de velocidad: Multas, Advertencias, Suspensi\u00f3n del Permiso o Prisi\u00f3n<\/h2><h3>Multas y advertencias<\/h3><p>Superar los l\u00edmites de velocidad en Suiza puede dar lugar a multas o a una denuncia formal. El importe de la multa o la decisi\u00f3n de denunciar depende del alcance de la infracci\u00f3n del l\u00edmite de velocidad, como se indica a continuaci\u00f3n: <\/p><p><strong>Dentro de las zonas urbanas:<\/strong><\/p><ul><li>1-5 km\/h de m\u00e1s: 40 CHF<\/li><li>6-10 km\/h m\u00e1s: 120 CHF<\/li><li>11-15 km\/h m\u00e1s: 250 CHF<\/li><li>16-20 km\/h de m\u00e1s: Informe<\/li><li>21-25 km\/h de m\u00e1s: Informe<\/li><li>M\u00e1s de 25 km\/h: Informe<\/li><\/ul><p><strong>Fuera de las zonas urbanas (incluidas las semiautopistas):<\/strong><\/p><ul><li>1-5 km\/h de m\u00e1s: 40 CHF<\/li><li>6-10 km\/h de m\u00e1s: 100 CHF<\/li><li>11-15 km\/h m\u00e1s: 160 CHF<\/li><li>16-20 km\/h m\u00e1s: 240 CHF<\/li><li>21-25 km\/h de m\u00e1s: Informe<\/li><li>M\u00e1s de 25 km\/h: Informe<\/li><\/ul><p><strong>En autopista:<\/strong><\/p><ul><li>1-5 km\/h de m\u00e1s: 20 CHF<\/li><li>6-10 km\/h m\u00e1s: 60 CHF<\/li><li>11-15 km\/h m\u00e1s: 120 CHF<\/li><li>16-20 km\/h m\u00e1s: 180 CHF<\/li><li>21-25 km\/h m\u00e1s: 260 CHF<\/li><li>M\u00e1s de 25 km\/h: Informe<\/li><\/ul><h3>Suspensi\u00f3n de la licencia<\/h3><p>En caso de denuncia formal por exceso de velocidad, el conductor tambi\u00e9n puede enfrentarse a la suspensi\u00f3n del permiso de conducir. Las sanciones var\u00edan en funci\u00f3n del alcance de la infracci\u00f3n del l\u00edmite de velocidad y de la zona: <\/p><p><strong>Dentro de las zonas urbanas:<\/strong><\/p><ul><li>16-20 km\/h de m\u00e1s: Advertencia<\/li><li>21-24 km\/h de m\u00e1s: Suspensi\u00f3n m\u00ednima de 1 mes<\/li><li>M\u00e1s de 25 km\/h: Suspensi\u00f3n m\u00ednima de 3 meses<\/li><\/ul><p><strong>Fuera de las zonas urbanas:<\/strong><\/p><ul><li>21-25 km\/h por encima: Advertencia<\/li><li>26-29 km\/h de m\u00e1s: Suspensi\u00f3n m\u00ednima de 1 mes<\/li><li>M\u00e1s de 30 km\/h: Suspensi\u00f3n m\u00ednima de 3 meses<\/li><\/ul><p><strong>En autopista:<\/strong><\/p><ul><li>26-30 km\/h por encima: Advertencia<\/li><li>31-34 km\/h de m\u00e1s: Suspensi\u00f3n m\u00ednima de 1 mes<\/li><li>M\u00e1s de 35 km\/h: Suspensi\u00f3n m\u00ednima de 3 meses<\/li><\/ul><p>Una advertencia act\u00faa como una tarjeta amarilla, advirtiendo al conductor para que evite futuras infracciones. Los reincidentes en un plazo de dos a\u00f1os se enfrentan a la suspensi\u00f3n de la licencia. El exceso de velocidad peligroso puede dar lugar a la suspensi\u00f3n inmediata del permiso, lo que obliga al conductor a someterse a una evaluaci\u00f3n psicol\u00f3gica de tr\u00e1fico. Las graves consecuencias legales, incluidas multas, penas de prisi\u00f3n y suspensi\u00f3n del permiso, subrayan la importancia de respetar los l\u00edmites de velocidad por motivos de seguridad.   <\/p><h3>Exceso de velocidad y encarcelamiento<\/h3><p>Conducir a velocidad excesiva supone riesgos importantes para la seguridad vial. En Suiza, un conductor es clasificado como infractor grave si supera el l\u00edmite de velocidad en al menos: <\/p><ul><li>40 km\/h en zonas urbanas<\/li><li>60 km\/h fuera de las zonas urbanas<\/li><li>80 km\/h en autopista<\/li><\/ul><p>Los infractores graves se enfrentan a penas severas, como multas elevadas, prisi\u00f3n de uno a cuatro a\u00f1os y suspensi\u00f3n del permiso de conducir durante un m\u00ednimo de dos a\u00f1os, lo que exige un examen psicol\u00f3gico de tr\u00e1fico para su reincorporaci\u00f3n. Los veh\u00edculos tambi\u00e9n pueden ser confiscados, vendidos o destruidos. <\/p><h2>Consecuencias jur\u00eddicas y econ\u00f3micas para los conductores<\/h2><p>Las infracciones por exceso de velocidad pueden acarrear importantes repercusiones legales y econ\u00f3micas. Adem\u00e1s de las sanciones mencionadas, los conductores pueden ser responsables de los da\u00f1os causados en accidentes. Las compa\u00f1\u00edas de seguros pueden negarse a cubrir los da\u00f1os causados por infracciones graves, como un exceso de velocidad significativo.  <\/p><p>Los conductores tambi\u00e9n pueden incurrir en gastos adicionales, como honorarios de abogados. El impago de las multas puede dar lugar a procedimientos judiciales, con penas m\u00e1s severas, incluida la prisi\u00f3n. <\/p><h2>Medidas para evitar el exceso de velocidad<\/h2><p>En Suiza existen varias medidas para prevenir el exceso de velocidad, como el uso de radares fijos y controles peri\u00f3dicos de velocidad para disuadir de cometer infracciones. Las campa\u00f1as de concienciaci\u00f3n educan a los conductores sobre los peligros del exceso de velocidad y la importancia de respetar los l\u00edmites de velocidad. Las autoescuelas hacen hincapi\u00e9 en las buenas pr\u00e1cticas de conducci\u00f3n y en la importancia de respetar los l\u00edmites de velocidad.  <\/p><p>En conclusi\u00f3n, el exceso de velocidad es una infracci\u00f3n grave en Suiza, con importantes consecuencias jur\u00eddicas y econ\u00f3micas. Los l\u00edmites de velocidad est\u00e1n claramente definidos, y su cumplimiento es responsabilidad de cada conductor. Los radares fijos, las campa\u00f1as de concienciaci\u00f3n y la educaci\u00f3n de los conductores ayudan a prevenir el exceso de velocidad y a mejorar la seguridad vial. Respetar los l\u00edmites de velocidad es esencial para proteger la vida de los conductores y de los dem\u00e1s usuarios de la v\u00eda p\u00fablica.   <\/p>\t\t\t\t\t\t\t\t<\/div>\n\t\t\t\t<\/div>\n\t\t\t\t\t<\/div>\n\t\t<\/div>\n\t\t\t\t\t<\/div>\n\t\t<\/section>\n\t\t\t\t<section class=\"elementor-section elementor-top-section elementor-element elementor-element-10d00110 elementor-section-full_width elementor-section-height-min-height elementor-section-items-stretch elementor-section-content-middle elementor-section-height-default\" data-id=\"10d00110\" data-element_type=\"section\" data-e-type=\"section\" data-settings=\"{&quot;background_background&quot;:&quot;classic&quot;}\">\n\t\t\t\t\t\t<div class=\"elementor-container elementor-column-gap-no\">\n\t\t\t\t\t<div class=\"elementor-column elementor-col-50 elementor-top-column elementor-element elementor-element-17df3f3d\" data-id=\"17df3f3d\" data-element_type=\"column\" data-e-type=\"column\" data-settings=\"{&quot;background_background&quot;:&quot;classic&quot;}\">\n\t\t\t<div class=\"elementor-widget-wrap elementor-element-populated\">\n\t\t\t\t\t\t<div class=\"elementor-element elementor-element-46fd544f elementor-widget elementor-widget-spacer\" data-id=\"46fd544f\" data-element_type=\"widget\" data-e-type=\"widget\" data-widget_type=\"spacer.default\">\n\t\t\t\t<div class=\"elementor-widget-container\">\n\t\t\t\t\t\t\t<div class=\"elementor-spacer\">\n\t\t\t<div class=\"elementor-spacer-inner\"><\/div>\n\t\t<\/div>\n\t\t\t\t\t\t<\/div>\n\t\t\t\t<\/div>\n\t\t\t\t\t<\/div>\n\t\t<\/div>\n\t\t\t\t<div class=\"elementor-column elementor-col-50 elementor-top-column elementor-element elementor-element-460591a7\" data-id=\"460591a7\" data-element_type=\"column\" data-e-type=\"column\" data-settings=\"{&quot;background_background&quot;:&quot;classic&quot;}\">\n\t\t\t<div class=\"elementor-widget-wrap elementor-element-populated\">\n\t\t\t\t\t\t<div class=\"elementor-element elementor-element-b461f01 elementor-widget elementor-widget-heading\" data-id=\"b461f01\" data-element_type=\"widget\" data-e-type=\"widget\" data-widget_type=\"heading.default\">\n\t\t\t\t<div class=\"elementor-widget-container\">\n\t\t\t\t\t<p class=\"elementor-heading-title elementor-size-default\">Consulta inicial  <\/p>\t\t\t\t<\/div>\n\t\t\t\t<\/div>\n\t\t\t\t<div class=\"elementor-element elementor-element-6bbced55 elementor-widget elementor-widget-heading\" data-id=\"6bbced55\" data-element_type=\"widget\" data-e-type=\"widget\" data-widget_type=\"heading.default\">\n\t\t\t\t<div class=\"elementor-widget-container\">\n\t\t\t\t\t<p class=\"elementor-heading-title elementor-size-default\">de 60 min a 220,00 CHF<\/p>\t\t\t\t<\/div>\n\t\t\t\t<\/div>\n\t\t\t\t<div class=\"elementor-element elementor-element-1e09e014 elementor-widget elementor-widget-text-editor\" data-id=\"1e09e014\" data-element_type=\"widget\" data-e-type=\"widget\" data-widget_type=\"text-editor.default\">\n\t\t\t\t<div class=\"elementor-widget-container\">\n\t\t\t\t\t\t\t\t\tDiscute tu situaci\u00f3n con un abogado especializado en Suiza.\n\t\t\t\t\t\t\t\t<\/div>\n\t\t\t\t<\/div>\n\t\t\t\t<div class=\"elementor-element elementor-element-7105bff elementor-widget-divider--view-line elementor-widget elementor-widget-divider\" data-id=\"7105bff\" data-element_type=\"widget\" data-e-type=\"widget\" data-widget_type=\"divider.default\">\n\t\t\t\t<div class=\"elementor-widget-container\">\n\t\t\t\t\t\t\t<div class=\"elementor-divider\">\n\t\t\t<span class=\"elementor-divider-separator\">\n\t\t\t\t\t\t<\/span>\n\t\t<\/div>\n\t\t\t\t\t\t<\/div>\n\t\t\t\t<\/div>\n\t\t\t\t<div class=\"elementor-element elementor-element-32d8a812 elementor-widget elementor-widget-text-editor\" data-id=\"32d8a812\" data-element_type=\"widget\" data-e-type=\"widget\" data-widget_type=\"text-editor.default\">\n\t\t\t\t<div class=\"elementor-widget-container\">\n\t\t\t\t\t\t\t\t\t<p>\u00bfS\u00f3lo buscas una cita para hacer algunas preguntas?<br>\u00bfNo est\u00e1s seguro de los procedimientos que deseas realizar?<br>\u00bfTu situaci\u00f3n no est\u00e1 clara?<\/p><p><strong>Opta por una primera consulta con un abogado en Ginebra.<\/strong><\/p><p>Entonces decidir\u00e1s si quieres seguir adelante y nuestros abogados te dar\u00e1n el coste del procedimiento seg\u00fan tu caso. Citas disponibles en persona o por videoconferencia. <strong><br><\/strong><\/p>\t\t\t\t\t\t\t\t<\/div>\n\t\t\t\t<\/div>\n\t\t\t\t<div class=\"elementor-element elementor-element-2ddcd9ce elementor-align-center elementor-widget elementor-widget-button\" data-id=\"2ddcd9ce\" data-element_type=\"widget\" data-e-type=\"widget\" data-widget_type=\"button.default\">\n\t\t\t\t<div class=\"elementor-widget-container\">\n\t\t\t\t\t\t\t\t\t<div class=\"elementor-button-wrapper\">\n\t\t\t\t\t<a class=\"elementor-button elementor-button-link elementor-size-sm\" href=\"https:\/\/www.geneva-lawyers.com\/es\/contacto\/\">\n\t\t\t\t\t\t<span class=\"elementor-button-content-wrapper\">\n\t\t\t\t\t\t\t\t\t<span class=\"elementor-button-text\">Pide cita con un abogado<\/span>\n\t\t\t\t\t<\/span>\n\t\t\t\t\t<\/a>\n\t\t\t\t<\/div>\n\t\t\t\t\t\t\t\t<\/div>\n\t\t\t\t<\/div>\n\t\t\t\t\t<\/div>\n\t\t<\/div>\n\t\t\t\t\t<\/div>\n\t\t<\/section>\n\t\t\t\t<\/div>\n\t\t","protected":false},"excerpt":{"rendered":"<p>Pide cita con un abogado Exceso de velocidad en Suiza El exceso de velocidad es una de las principales causas de accidentes de tr\u00e1fico en Suiza. Aunque el exceso de velocidad pueda parecer trivial, puede tener graves consecuencias, sobre todo aumentar la gravedad de los accidentes. Este art\u00edculo examina las leyes suizas sobre el exceso &#8230; <a title=\"Exceso de velocidad en Suiza\" class=\"read-more\" href=\"https:\/\/www.geneva-lawyers.com\/es\/exceso-velocidad-suiza\/\" aria-label=\"Leer m\u00e1s sobre Exceso de velocidad en Suiza\">Leer m\u00e1s<\/a><\/p>\n","protected":false},"author":1,"featured_media":0,"parent":0,"menu_order":0,"comment_status":"closed","ping_status":"closed","template":"elementor_header_footer","meta":{"_acf_changed":false,"_seopress_robots_primary_cat":"","_seopress_titles_title":"","_seopress_titles_desc":"","_seopress_robots_index":"","footnotes":""},"class_list":["post-31648","page","type-page","status-publish"],"acf":[],"_links":{"self":[{"href":"https:\/\/www.geneva-lawyers.com\/es\/wp-json\/wp\/v2\/pages\/31648","targetHints":{"allow":["GET"]}}],"collection":[{"href":"https:\/\/www.geneva-lawyers.com\/es\/wp-json\/wp\/v2\/pages"}],"about":[{"href":"https:\/\/www.geneva-lawyers.com\/es\/wp-json\/wp\/v2\/types\/page"}],"author":[{"embeddable":true,"href":"https:\/\/www.geneva-lawyers.com\/es\/wp-json\/wp\/v2\/users\/1"}],"replies":[{"embeddable":true,"href":"https:\/\/www.geneva-lawyers.com\/es\/wp-json\/wp\/v2\/comments?post=31648"}],"version-history":[{"count":6,"href":"https:\/\/www.geneva-lawyers.com\/es\/wp-json\/wp\/v2\/pages\/31648\/revisions"}],"predecessor-version":[{"id":33821,"href":"https:\/\/www.geneva-lawyers.com\/es\/wp-json\/wp\/v2\/pages\/31648\/revisions\/33821"}],"wp:attachment":[{"href":"https:\/\/www.geneva-lawyers.com\/es\/wp-json\/wp\/v2\/media?parent=31648"}],"curies":[{"name":"wp","href":"https:\/\/api.w.org\/{rel}","templated":true}]}}