{"id":31664,"date":"2024-05-23T13:51:16","date_gmt":"2024-05-23T11:51:16","guid":{"rendered":"https:\/\/www.geneva-lawyers.com\/impuesto-sobre-el-patrimonio-en-suiza\/"},"modified":"2025-04-14T14:37:09","modified_gmt":"2025-04-14T12:37:09","slug":"impuesto-sobre-patrimonio-suiza","status":"publish","type":"page","link":"https:\/\/www.geneva-lawyers.com\/es\/impuesto-sobre-patrimonio-suiza\/","title":{"rendered":"Impuesto sobre el patrimonio en Suiza"},"content":{"rendered":"\t\t<div data-elementor-type=\"wp-page\" data-elementor-id=\"31664\" class=\"elementor elementor-31664 elementor-29305\" data-elementor-post-type=\"page\">\n\t\t\t\t\t\t<section class=\"elementor-section elementor-top-section elementor-element elementor-element-2b4e83b8 elementor-section-boxed elementor-section-height-default elementor-section-height-default\" data-id=\"2b4e83b8\" data-element_type=\"section\" data-e-type=\"section\" data-settings=\"{&quot;background_background&quot;:&quot;classic&quot;}\">\n\t\t\t\t\t\t\t<div class=\"elementor-background-overlay\"><\/div>\n\t\t\t\t\t\t\t<div class=\"elementor-container elementor-column-gap-default\">\n\t\t\t\t\t<div class=\"elementor-column elementor-col-100 elementor-top-column elementor-element elementor-element-1db2d0d1\" data-id=\"1db2d0d1\" data-element_type=\"column\" data-e-type=\"column\">\n\t\t\t<div class=\"elementor-widget-wrap elementor-element-populated\">\n\t\t\t\t\t\t<div class=\"elementor-element elementor-element-4762150a elementor-widget-divider--view-line elementor-widget elementor-widget-divider\" data-id=\"4762150a\" data-element_type=\"widget\" data-e-type=\"widget\" data-widget_type=\"divider.default\">\n\t\t\t\t<div class=\"elementor-widget-container\">\n\t\t\t\t\t\t\t<div class=\"elementor-divider\">\n\t\t\t<span class=\"elementor-divider-separator\">\n\t\t\t\t\t\t<\/span>\n\t\t<\/div>\n\t\t\t\t\t\t<\/div>\n\t\t\t\t<\/div>\n\t\t\t\t<div class=\"elementor-element elementor-element-4ac83952 elementor-align-center elementor-widget elementor-widget-button\" data-id=\"4ac83952\" data-element_type=\"widget\" data-e-type=\"widget\" data-widget_type=\"button.default\">\n\t\t\t\t<div class=\"elementor-widget-container\">\n\t\t\t\t\t\t\t\t\t<div class=\"elementor-button-wrapper\">\n\t\t\t\t\t<a class=\"elementor-button elementor-button-link elementor-size-sm\" href=\"https:\/\/www.geneva-lawyers.com\/es\/contacto\/\">\n\t\t\t\t\t\t<span class=\"elementor-button-content-wrapper\">\n\t\t\t\t\t\t\t\t\t<span class=\"elementor-button-text\">Pide cita con un abogado<\/span>\n\t\t\t\t\t<\/span>\n\t\t\t\t\t<\/a>\n\t\t\t\t<\/div>\n\t\t\t\t\t\t\t\t<\/div>\n\t\t\t\t<\/div>\n\t\t\t\t\t<\/div>\n\t\t<\/div>\n\t\t\t\t\t<\/div>\n\t\t<\/section>\n\t\t\t\t<section class=\"elementor-section elementor-top-section elementor-element elementor-element-49d45626 elementor-section-boxed elementor-section-height-default elementor-section-height-default\" data-id=\"49d45626\" data-element_type=\"section\" data-e-type=\"section\">\n\t\t\t\t\t\t<div class=\"elementor-container elementor-column-gap-default\">\n\t\t\t\t\t<div class=\"elementor-column elementor-col-100 elementor-top-column elementor-element elementor-element-eab7b57\" data-id=\"eab7b57\" data-element_type=\"column\" data-e-type=\"column\">\n\t\t\t<div class=\"elementor-widget-wrap elementor-element-populated\">\n\t\t\t\t\t\t<div class=\"elementor-element elementor-element-35196123 elementor-widget elementor-widget-heading\" data-id=\"35196123\" data-element_type=\"widget\" data-e-type=\"widget\" data-widget_type=\"heading.default\">\n\t\t\t\t<div class=\"elementor-widget-container\">\n\t\t\t\t\t<h2 class=\"elementor-heading-title elementor-size-default\">Impuesto sobre el patrimonio en Suiza\n<\/h2>\t\t\t\t<\/div>\n\t\t\t\t<\/div>\n\t\t\t\t<div class=\"elementor-element elementor-element-29d6d742 elementor-widget-divider--view-line elementor-widget elementor-widget-divider\" data-id=\"29d6d742\" data-element_type=\"widget\" data-e-type=\"widget\" data-widget_type=\"divider.default\">\n\t\t\t\t<div class=\"elementor-widget-container\">\n\t\t\t\t\t\t\t<div class=\"elementor-divider\">\n\t\t\t<span class=\"elementor-divider-separator\">\n\t\t\t\t\t\t<\/span>\n\t\t<\/div>\n\t\t\t\t\t\t<\/div>\n\t\t\t\t<\/div>\n\t\t\t\t<div class=\"elementor-element elementor-element-6f5882b6 elementor-widget elementor-widget-text-editor\" data-id=\"6f5882b6\" data-element_type=\"widget\" data-e-type=\"widget\" data-widget_type=\"text-editor.default\">\n\t\t\t\t<div class=\"elementor-widget-container\">\n\t\t\t\t\t\t\t\t\t<p>El impuesto sobre el patrimonio es un gravamen sobre el valor total de los bienes de un individuo. En Suiza, este impuesto es una cuesti\u00f3n cantonal, lo que significa que las normas y los tipos var\u00edan de un cant\u00f3n a otro. Sin embargo, todos los cantones aplican un tipo impositivo progresivo, lo que significa que cuanto mayor es el patrimonio de un individuo, mayor es el tipo impositivo. El objetivo principal del impuesto sobre el patrimonio es garantizar una distribuci\u00f3n equitativa de la riqueza en la sociedad suiza y animar a la gente a invertir su dinero.   <\/p><h2>Obligaci\u00f3n tributaria<\/h2><p>En Suiza, la obligaci\u00f3n de pagar el impuesto sobre el patrimonio depende del valor neto de los bienes del contribuyente. Las personas f\u00edsicas con un patrimonio neto superior a un determinado umbral est\u00e1n sujetas a este impuesto. Este umbral var\u00eda seg\u00fan el cant\u00f3n y tambi\u00e9n puede depender de la situaci\u00f3n familiar del contribuyente. Seg\u00fan el Art. 3 p\u00e1rr. 1 de la LHID, las personas f\u00edsicas est\u00e1n sujetas al impuesto sobre el patrimonio si est\u00e1n domiciliadas en el cant\u00f3n o si han residido en \u00e9l de forma continuada durante al menos 30 d\u00edas mientras trabajaban, o 90 d\u00edas sin trabajar. Esto se conoce como vinculaci\u00f3n personal. Se considera que una persona est\u00e1 domiciliada en el cant\u00f3n si vive en \u00e9l con la intenci\u00f3n de establecer una residencia permanente (art. 3, apdo. 2, LHID). Las personas que no est\u00e1n domiciliadas ni residen en el cant\u00f3n est\u00e1n sujetas al impuesto sobre el patrimonio si explotan una empresa, mantienen un establecimiento permanente, poseen bienes inmuebles, disfrutan de bienes inmuebles o se dedican al comercio de bienes inmuebles en el cant\u00f3n. Esto se conoce como vinculaci\u00f3n econ\u00f3mica.        <\/p><h2>C\u00e1lculo del impuesto sobre el patrimonio<\/h2><p>Seg\u00fan el Art. 13 p\u00e1rr. 1 LHID, el patrimonio neto de una persona f\u00edsica constituye la base imponible del impuesto sobre el patrimonio. El c\u00e1lculo se basa en una escala progresiva, que var\u00eda seg\u00fan el cant\u00f3n. En general, cuanto mayor es el patrimonio neto de un contribuyente, mayor es el tipo impositivo. El c\u00e1lculo tambi\u00e9n tiene en cuenta ciertos elementos deducibles o no imponibles del patrimonio. El impuesto sobre el patrimonio suele calcularse anualmente, por lo que los contribuyentes deben declarar cada a\u00f1o el valor de sus bienes a la autoridad fiscal de su cant\u00f3n.     <\/p><p>El concepto de patrimonio incluye todos los bienes y derechos de propiedad, como bienes inmuebles, acciones, bonos, cuentas bancarias, veh\u00edculos y objetos de valor. Todos estos componentes del patrimonio de un individuo se tienen en cuenta para calcular el impuesto sobre el patrimonio. El valor suele estimarse a valor de mercado, aunque tambi\u00e9n puede considerarse el valor de rendimiento (art. 14 LHID).  <\/p><h2>Activos no imponibles<\/h2><p>El impuesto sobre el patrimonio es un impuesto cantonal y comunal en Suiza, lo que significa que su aplicaci\u00f3n var\u00eda seg\u00fan el cant\u00f3n. En general, el impuesto se calcula sobre la base del valor neto del patrimonio del contribuyente, menos las deudas y los gastos deducibles. Sin embargo, determinados activos est\u00e1n expl\u00edcitamente excluidos del c\u00e1lculo del impuesto, bien porque la ley los considera no imponibles, bien porque est\u00e1n exentos en virtud de un tratado fiscal internacional. Estos activos siguen teni\u00e9ndose en cuenta a la hora de determinar el tipo impositivo aplicable.   <\/p><p>Los activos no imponibles en Suiza suelen incluir:<\/p><ol><li><strong>Bienes muebles e inmuebles en el extranjero<\/strong>: Bienes situados fuera de Suiza.<\/li><li><strong>Objetos cotidianos<\/strong>: Art\u00edculos dom\u00e9sticos como muebles.<\/li><li><strong>Prestaciones de jubilaci\u00f3n<\/strong>: Activos de pensiones.<\/li><\/ol><p>Dada la complejidad de las leyes fiscales y la naturaleza \u00fanica de cada caso, se recomienda encarecidamente consultar a un abogado fiscal suizo para obtener asesoramiento personalizado sobre la optimizaci\u00f3n fiscal y la gesti\u00f3n del patrimonio.<\/p><h2>Posibles deducciones<\/h2><p>Adem\u00e1s de los bienes no imponibles, pueden deducirse ciertas cantidades del patrimonio total para calcular el impuesto sobre el patrimonio. Estas deducciones suelen incluir: <\/p><ol><li><strong>Deudas<\/strong>: Las deudas pueden restarse del valor neto del patrimonio de un individuo.<\/li><li><strong>Gastos familiares<\/strong>: Pueden deducirse gastos como la pensi\u00f3n alimenticia, los gastos de guarder\u00eda y los gastos de educaci\u00f3n.<\/li><li><strong>Donaciones<\/strong>: Las aportaciones a organizaciones sin \u00e1nimo de lucro pueden deducirse, aunque las normas para las donaciones deducibles var\u00edan seg\u00fan el cant\u00f3n.<\/li><\/ol><p>Comprender y utilizar estas deducciones puede reducir significativamente la carga fiscal sobre el patrimonio. Consultar a un profesional fiscal puede ayudar a garantizar que se reclaman todas las deducciones admisibles. <\/p>\t\t\t\t\t\t\t\t<\/div>\n\t\t\t\t<\/div>\n\t\t\t\t\t<\/div>\n\t\t<\/div>\n\t\t\t\t\t<\/div>\n\t\t<\/section>\n\t\t\t\t<section class=\"elementor-section elementor-top-section elementor-element elementor-element-609765b2 elementor-section-full_width elementor-section-height-min-height elementor-section-items-stretch elementor-section-content-middle elementor-section-height-default\" data-id=\"609765b2\" data-element_type=\"section\" data-e-type=\"section\" data-settings=\"{&quot;background_background&quot;:&quot;classic&quot;}\">\n\t\t\t\t\t\t<div class=\"elementor-container elementor-column-gap-no\">\n\t\t\t\t\t<div class=\"elementor-column elementor-col-50 elementor-top-column elementor-element elementor-element-58284ea7\" data-id=\"58284ea7\" data-element_type=\"column\" data-e-type=\"column\" data-settings=\"{&quot;background_background&quot;:&quot;classic&quot;}\">\n\t\t\t<div class=\"elementor-widget-wrap elementor-element-populated\">\n\t\t\t\t\t\t<div class=\"elementor-element elementor-element-13cbe044 elementor-widget elementor-widget-spacer\" data-id=\"13cbe044\" data-element_type=\"widget\" data-e-type=\"widget\" data-widget_type=\"spacer.default\">\n\t\t\t\t<div class=\"elementor-widget-container\">\n\t\t\t\t\t\t\t<div class=\"elementor-spacer\">\n\t\t\t<div class=\"elementor-spacer-inner\"><\/div>\n\t\t<\/div>\n\t\t\t\t\t\t<\/div>\n\t\t\t\t<\/div>\n\t\t\t\t\t<\/div>\n\t\t<\/div>\n\t\t\t\t<div class=\"elementor-column elementor-col-50 elementor-top-column elementor-element elementor-element-4f490d2b\" data-id=\"4f490d2b\" data-element_type=\"column\" data-e-type=\"column\" data-settings=\"{&quot;background_background&quot;:&quot;classic&quot;}\">\n\t\t\t<div class=\"elementor-widget-wrap elementor-element-populated\">\n\t\t\t\t\t\t<div class=\"elementor-element elementor-element-670e93d0 elementor-widget elementor-widget-heading\" data-id=\"670e93d0\" data-element_type=\"widget\" data-e-type=\"widget\" data-widget_type=\"heading.default\">\n\t\t\t\t<div class=\"elementor-widget-container\">\n\t\t\t\t\t<p class=\"elementor-heading-title elementor-size-default\">Consulta inicial  <\/p>\t\t\t\t<\/div>\n\t\t\t\t<\/div>\n\t\t\t\t<div class=\"elementor-element elementor-element-5d62b90a elementor-widget elementor-widget-heading\" data-id=\"5d62b90a\" data-element_type=\"widget\" data-e-type=\"widget\" data-widget_type=\"heading.default\">\n\t\t\t\t<div class=\"elementor-widget-container\">\n\t\t\t\t\t<p class=\"elementor-heading-title elementor-size-default\">de 60 min a 220,00 CHF<\/p>\t\t\t\t<\/div>\n\t\t\t\t<\/div>\n\t\t\t\t<div class=\"elementor-element elementor-element-4be33aff elementor-widget elementor-widget-text-editor\" data-id=\"4be33aff\" data-element_type=\"widget\" data-e-type=\"widget\" data-widget_type=\"text-editor.default\">\n\t\t\t\t<div class=\"elementor-widget-container\">\n\t\t\t\t\t\t\t\t\tDiscute tu situaci\u00f3n con un abogado especializado en Suiza.\n\t\t\t\t\t\t\t\t<\/div>\n\t\t\t\t<\/div>\n\t\t\t\t<div class=\"elementor-element elementor-element-60d2b9be elementor-widget-divider--view-line elementor-widget elementor-widget-divider\" data-id=\"60d2b9be\" data-element_type=\"widget\" data-e-type=\"widget\" data-widget_type=\"divider.default\">\n\t\t\t\t<div class=\"elementor-widget-container\">\n\t\t\t\t\t\t\t<div class=\"elementor-divider\">\n\t\t\t<span class=\"elementor-divider-separator\">\n\t\t\t\t\t\t<\/span>\n\t\t<\/div>\n\t\t\t\t\t\t<\/div>\n\t\t\t\t<\/div>\n\t\t\t\t<div class=\"elementor-element elementor-element-62dd7c72 elementor-widget elementor-widget-text-editor\" data-id=\"62dd7c72\" data-element_type=\"widget\" data-e-type=\"widget\" data-widget_type=\"text-editor.default\">\n\t\t\t\t<div class=\"elementor-widget-container\">\n\t\t\t\t\t\t\t\t\t<p>\u00bfS\u00f3lo buscas una cita para hacer algunas preguntas?<br>\u00bfNo est\u00e1s seguro de los procedimientos que deseas realizar?<br>\u00bfTu situaci\u00f3n no est\u00e1 clara?<\/p><p><strong>Opta por una primera consulta con un abogado en Ginebra.<\/strong><\/p><p>Entonces decidir\u00e1s si quieres seguir adelante y nuestros abogados te dar\u00e1n el coste del procedimiento seg\u00fan tu caso. Citas disponibles en persona o por videoconferencia. <strong><br><\/strong><\/p>\t\t\t\t\t\t\t\t<\/div>\n\t\t\t\t<\/div>\n\t\t\t\t<div class=\"elementor-element elementor-element-53731dad elementor-align-center elementor-widget elementor-widget-button\" data-id=\"53731dad\" data-element_type=\"widget\" data-e-type=\"widget\" data-widget_type=\"button.default\">\n\t\t\t\t<div class=\"elementor-widget-container\">\n\t\t\t\t\t\t\t\t\t<div class=\"elementor-button-wrapper\">\n\t\t\t\t\t<a class=\"elementor-button elementor-button-link elementor-size-sm\" href=\"https:\/\/www.geneva-lawyers.com\/es\/contacto\/\">\n\t\t\t\t\t\t<span class=\"elementor-button-content-wrapper\">\n\t\t\t\t\t\t\t\t\t<span class=\"elementor-button-text\">Pide cita con un abogado<\/span>\n\t\t\t\t\t<\/span>\n\t\t\t\t\t<\/a>\n\t\t\t\t<\/div>\n\t\t\t\t\t\t\t\t<\/div>\n\t\t\t\t<\/div>\n\t\t\t\t\t<\/div>\n\t\t<\/div>\n\t\t\t\t\t<\/div>\n\t\t<\/section>\n\t\t\t\t<\/div>\n\t\t","protected":false},"excerpt":{"rendered":"<p>Pide cita con un abogado Impuesto sobre el patrimonio en Suiza El impuesto sobre el patrimonio es un gravamen sobre el valor total de los bienes de un individuo. En Suiza, este impuesto es una cuesti\u00f3n cantonal, lo que significa que las normas y los tipos var\u00edan de un cant\u00f3n a otro. Sin embargo, todos &#8230; <a title=\"Impuesto sobre el patrimonio en Suiza\" class=\"read-more\" href=\"https:\/\/www.geneva-lawyers.com\/es\/impuesto-sobre-patrimonio-suiza\/\" aria-label=\"Leer m\u00e1s sobre Impuesto sobre el patrimonio en Suiza\">Leer m\u00e1s<\/a><\/p>\n","protected":false},"author":1,"featured_media":0,"parent":0,"menu_order":0,"comment_status":"closed","ping_status":"closed","template":"elementor_header_footer","meta":{"_acf_changed":false,"_seopress_robots_primary_cat":"","_seopress_titles_title":"","_seopress_titles_desc":"","_seopress_robots_index":"","footnotes":""},"class_list":["post-31664","page","type-page","status-publish"],"acf":[],"_links":{"self":[{"href":"https:\/\/www.geneva-lawyers.com\/es\/wp-json\/wp\/v2\/pages\/31664","targetHints":{"allow":["GET"]}}],"collection":[{"href":"https:\/\/www.geneva-lawyers.com\/es\/wp-json\/wp\/v2\/pages"}],"about":[{"href":"https:\/\/www.geneva-lawyers.com\/es\/wp-json\/wp\/v2\/types\/page"}],"author":[{"embeddable":true,"href":"https:\/\/www.geneva-lawyers.com\/es\/wp-json\/wp\/v2\/users\/1"}],"replies":[{"embeddable":true,"href":"https:\/\/www.geneva-lawyers.com\/es\/wp-json\/wp\/v2\/comments?post=31664"}],"version-history":[{"count":8,"href":"https:\/\/www.geneva-lawyers.com\/es\/wp-json\/wp\/v2\/pages\/31664\/revisions"}],"predecessor-version":[{"id":33719,"href":"https:\/\/www.geneva-lawyers.com\/es\/wp-json\/wp\/v2\/pages\/31664\/revisions\/33719"}],"wp:attachment":[{"href":"https:\/\/www.geneva-lawyers.com\/es\/wp-json\/wp\/v2\/media?parent=31664"}],"curies":[{"name":"wp","href":"https:\/\/api.w.org\/{rel}","templated":true}]}}