{"id":31666,"date":"2024-05-23T13:28:32","date_gmt":"2024-05-23T11:28:32","guid":{"rendered":"https:\/\/www.geneva-lawyers.com\/impuesto-sobre-la-distribucion-de-dividendos-en-suiza\/"},"modified":"2025-04-14T15:55:51","modified_gmt":"2025-04-14T13:55:51","slug":"impuesto-distribucion-dividendos-suiza","status":"publish","type":"page","link":"https:\/\/www.geneva-lawyers.com\/es\/impuesto-distribucion-dividendos-suiza\/","title":{"rendered":"Impuesto sobre la distribuci\u00f3n de dividendos en Suiza"},"content":{"rendered":"\t\t<div data-elementor-type=\"wp-page\" data-elementor-id=\"31666\" class=\"elementor elementor-31666 elementor-29264\" data-elementor-post-type=\"page\">\n\t\t\t\t\t\t<section class=\"elementor-section elementor-top-section elementor-element elementor-element-644768cd elementor-section-boxed elementor-section-height-default elementor-section-height-default\" data-id=\"644768cd\" data-element_type=\"section\" data-e-type=\"section\" data-settings=\"{&quot;background_background&quot;:&quot;classic&quot;}\">\n\t\t\t\t\t\t\t<div class=\"elementor-background-overlay\"><\/div>\n\t\t\t\t\t\t\t<div class=\"elementor-container elementor-column-gap-default\">\n\t\t\t\t\t<div class=\"elementor-column elementor-col-100 elementor-top-column elementor-element elementor-element-7a95f2c5\" data-id=\"7a95f2c5\" data-element_type=\"column\" data-e-type=\"column\">\n\t\t\t<div class=\"elementor-widget-wrap elementor-element-populated\">\n\t\t\t\t\t\t<div class=\"elementor-element elementor-element-1ae23e45 elementor-widget-divider--view-line elementor-widget elementor-widget-divider\" data-id=\"1ae23e45\" data-element_type=\"widget\" data-e-type=\"widget\" data-widget_type=\"divider.default\">\n\t\t\t\t<div class=\"elementor-widget-container\">\n\t\t\t\t\t\t\t<div class=\"elementor-divider\">\n\t\t\t<span class=\"elementor-divider-separator\">\n\t\t\t\t\t\t<\/span>\n\t\t<\/div>\n\t\t\t\t\t\t<\/div>\n\t\t\t\t<\/div>\n\t\t\t\t<div class=\"elementor-element elementor-element-27dd20f1 elementor-align-center elementor-widget elementor-widget-button\" data-id=\"27dd20f1\" data-element_type=\"widget\" data-e-type=\"widget\" data-widget_type=\"button.default\">\n\t\t\t\t<div class=\"elementor-widget-container\">\n\t\t\t\t\t\t\t\t\t<div class=\"elementor-button-wrapper\">\n\t\t\t\t\t<a class=\"elementor-button elementor-button-link elementor-size-sm\" href=\"https:\/\/www.geneva-lawyers.com\/es\/contacto\/\">\n\t\t\t\t\t\t<span class=\"elementor-button-content-wrapper\">\n\t\t\t\t\t\t\t\t\t<span class=\"elementor-button-text\">Pide cita con un abogado<\/span>\n\t\t\t\t\t<\/span>\n\t\t\t\t\t<\/a>\n\t\t\t\t<\/div>\n\t\t\t\t\t\t\t\t<\/div>\n\t\t\t\t<\/div>\n\t\t\t\t\t<\/div>\n\t\t<\/div>\n\t\t\t\t\t<\/div>\n\t\t<\/section>\n\t\t\t\t<section class=\"elementor-section elementor-top-section elementor-element elementor-element-57cc74c6 elementor-section-boxed elementor-section-height-default elementor-section-height-default\" data-id=\"57cc74c6\" data-element_type=\"section\" data-e-type=\"section\">\n\t\t\t\t\t\t<div class=\"elementor-container elementor-column-gap-default\">\n\t\t\t\t\t<div class=\"elementor-column elementor-col-100 elementor-top-column elementor-element elementor-element-47c74329\" data-id=\"47c74329\" data-element_type=\"column\" data-e-type=\"column\">\n\t\t\t<div class=\"elementor-widget-wrap elementor-element-populated\">\n\t\t\t\t\t\t<div class=\"elementor-element elementor-element-808d281 elementor-widget elementor-widget-heading\" data-id=\"808d281\" data-element_type=\"widget\" data-e-type=\"widget\" data-widget_type=\"heading.default\">\n\t\t\t\t<div class=\"elementor-widget-container\">\n\t\t\t\t\t<h2 class=\"elementor-heading-title elementor-size-default\">Impuesto sobre la distribuci\u00f3n de dividendos en Suiza\n<\/h2>\t\t\t\t<\/div>\n\t\t\t\t<\/div>\n\t\t\t\t<div class=\"elementor-element elementor-element-78b60d4e elementor-widget-divider--view-line elementor-widget elementor-widget-divider\" data-id=\"78b60d4e\" data-element_type=\"widget\" data-e-type=\"widget\" data-widget_type=\"divider.default\">\n\t\t\t\t<div class=\"elementor-widget-container\">\n\t\t\t\t\t\t\t<div class=\"elementor-divider\">\n\t\t\t<span class=\"elementor-divider-separator\">\n\t\t\t\t\t\t<\/span>\n\t\t<\/div>\n\t\t\t\t\t\t<\/div>\n\t\t\t\t<\/div>\n\t\t\t\t<div class=\"elementor-element elementor-element-68ad1d0f elementor-widget elementor-widget-text-editor\" data-id=\"68ad1d0f\" data-element_type=\"widget\" data-e-type=\"widget\" data-widget_type=\"text-editor.default\">\n\t\t\t\t<div class=\"elementor-widget-container\">\n\t\t\t\t\t\t\t\t\t<p>En Suiza, el impuesto sobre la distribuci\u00f3n de dividendos grava a las empresas que distribuyen dividendos a sus accionistas, lo que suele denominarse impuesto sobre los dividendos. La legislaci\u00f3n suiza obliga a las empresas a pagar este impuesto para garantizar la tributaci\u00f3n de los ingresos procedentes de estas distribuciones. El impuesto sobre la distribuci\u00f3n de dividendos es un impuesto federal regulado por la Ley Federal de Retenciones Fiscales (LIA), que tambi\u00e9n regula otros impuestos indirectos, como los impuestos sobre los intereses y las plusval\u00edas. Este impuesto se aplica a las empresas suizas y a las empresas extranjeras con sucursal en Suiza. Sin embargo, las empresas extranjeras pueden estar exentas del impuesto sobre los dividendos si existe un convenio de doble imposici\u00f3n entre su pa\u00eds de origen y Suiza.    <\/p><h2>Tipos de empresas sujetas al impuesto sobre los dividendos<\/h2><p>Todas las empresas suizas est\u00e1n sujetas al impuesto sobre los dividendos, pero el tipo var\u00eda seg\u00fan el tipo de empresa. Las sociedades de responsabilidad limitada (GmbH) y las sociedades an\u00f3nimas (AG) son las formas m\u00e1s comunes en Suiza y ambas est\u00e1n sujetas a este impuesto. Tambi\u00e9n est\u00e1n sujetas las sociedades comanditarias simples (KG) y las sociedades comanditarias por acciones (KGaA). Sin embargo, las sociedades colectivas (OHG) no lo est\u00e1n, ya que no se consideran entidades imponibles separadas; los beneficios se gravan directamente a los beneficiarios.   <\/p><h2>C\u00e1lculo del impuesto sobre dividendos<\/h2><p>El c\u00e1lculo del impuesto sobre dividendos se basa en el beneficio distribuible de una empresa, que se determina deduciendo los gastos deducibles de los ingresos de la empresa. A continuaci\u00f3n, el beneficio distribuible est\u00e1 sujeto al impuesto de sociedades al tipo aplicable. Tras calcular el impuesto de sociedades, la empresa determina el importe de los dividendos que debe distribuir a los accionistas. Una vez determinado este importe, la empresa debe retener el impuesto de distribuci\u00f3n de dividendos al tipo aplicable antes de pagar los dividendos a los accionistas. El tipo impositivo var\u00eda en funci\u00f3n de las circunstancias de la empresa y del accionista. Los accionistas extranjeros tambi\u00e9n est\u00e1n sujetos al impuesto sobre los dividendos, pero el tipo puede reducirse en virtud de un convenio de doble imposici\u00f3n entre Suiza y su pa\u00eds de residencia. Adem\u00e1s, los dividendos percibidos por las empresas no est\u00e1n sujetos al impuesto sobre el reparto de dividendos. Las empresas pueden deducir los dividendos recibidos de su beneficio imponible, reduciendo su carga fiscal total.       <\/p><h2>Reg\u00edmenes fiscales ventajosos para las empresas suizas<\/h2><p>Las empresas suizas pueden beneficiarse de reg\u00edmenes fiscales favorables que ayudan a reducir su carga fiscal sobre los dividendos. Entre los reg\u00edmenes favorables m\u00e1s comunes se encuentran el r\u00e9gimen de sociedad holding y la desgravaci\u00f3n por participaci\u00f3n. El r\u00e9gimen de sociedad holding permite a las empresas suizas poseer acciones de empresas extranjeras y beneficiarse de un tipo impositivo favorable sobre los dividendos recibidos. Adem\u00e1s, pueden deducir determinados gastos de sus ingresos imponibles, reduciendo a\u00fan m\u00e1s su carga fiscal.   <\/p><h2>Ayuda a la participaci\u00f3n<\/h2><p>La desgravaci\u00f3n por participaci\u00f3n es un r\u00e9gimen fiscal beneficioso para las empresas que poseen una participaci\u00f3n significativa en otra empresa. Este r\u00e9gimen permite a las empresas reducir su carga fiscal sobre los dividendos percibidos en funci\u00f3n del porcentaje de participaci\u00f3n que posean. Para beneficiarse de la desgravaci\u00f3n por participaci\u00f3n, una empresa debe poseer al menos el 10% del capital social de la empresa emisora durante al menos un a\u00f1o. La desgravaci\u00f3n por participaci\u00f3n se introdujo para fomentar las inversiones a largo plazo y facilitar las fusiones y adquisiciones. Permite a las empresas reducir su carga fiscal sobre los dividendos percibidos, aumentando su capacidad de inversi\u00f3n. Sin embargo, la desgravaci\u00f3n por participaci\u00f3n est\u00e1 sujeta a ciertos l\u00edmites y condiciones y debe ser solicitada por la empresa; no se concede autom\u00e1ticamente.     <\/p>\t\t\t\t\t\t\t\t<\/div>\n\t\t\t\t<\/div>\n\t\t\t\t\t<\/div>\n\t\t<\/div>\n\t\t\t\t\t<\/div>\n\t\t<\/section>\n\t\t\t\t<section class=\"elementor-section elementor-top-section elementor-element elementor-element-7a811df5 elementor-section-full_width elementor-section-height-min-height elementor-section-items-stretch elementor-section-content-middle elementor-section-height-default\" data-id=\"7a811df5\" data-element_type=\"section\" data-e-type=\"section\" data-settings=\"{&quot;background_background&quot;:&quot;classic&quot;}\">\n\t\t\t\t\t\t<div class=\"elementor-container elementor-column-gap-no\">\n\t\t\t\t\t<div class=\"elementor-column elementor-col-50 elementor-top-column elementor-element elementor-element-485e02f9\" data-id=\"485e02f9\" data-element_type=\"column\" data-e-type=\"column\" data-settings=\"{&quot;background_background&quot;:&quot;classic&quot;}\">\n\t\t\t<div class=\"elementor-widget-wrap elementor-element-populated\">\n\t\t\t\t\t\t<div class=\"elementor-element elementor-element-58065baa elementor-widget elementor-widget-spacer\" data-id=\"58065baa\" data-element_type=\"widget\" data-e-type=\"widget\" data-widget_type=\"spacer.default\">\n\t\t\t\t<div class=\"elementor-widget-container\">\n\t\t\t\t\t\t\t<div class=\"elementor-spacer\">\n\t\t\t<div class=\"elementor-spacer-inner\"><\/div>\n\t\t<\/div>\n\t\t\t\t\t\t<\/div>\n\t\t\t\t<\/div>\n\t\t\t\t\t<\/div>\n\t\t<\/div>\n\t\t\t\t<div class=\"elementor-column elementor-col-50 elementor-top-column elementor-element elementor-element-17137880\" data-id=\"17137880\" data-element_type=\"column\" data-e-type=\"column\" data-settings=\"{&quot;background_background&quot;:&quot;classic&quot;}\">\n\t\t\t<div class=\"elementor-widget-wrap elementor-element-populated\">\n\t\t\t\t\t\t<div class=\"elementor-element elementor-element-30e8ebc6 elementor-widget elementor-widget-heading\" data-id=\"30e8ebc6\" data-element_type=\"widget\" data-e-type=\"widget\" data-widget_type=\"heading.default\">\n\t\t\t\t<div class=\"elementor-widget-container\">\n\t\t\t\t\t<p class=\"elementor-heading-title elementor-size-default\">Consulta inicial  <\/p>\t\t\t\t<\/div>\n\t\t\t\t<\/div>\n\t\t\t\t<div class=\"elementor-element elementor-element-570360e3 elementor-widget elementor-widget-heading\" data-id=\"570360e3\" data-element_type=\"widget\" data-e-type=\"widget\" data-widget_type=\"heading.default\">\n\t\t\t\t<div class=\"elementor-widget-container\">\n\t\t\t\t\t<p class=\"elementor-heading-title elementor-size-default\">de 60 min a 220,00 CHF<\/p>\t\t\t\t<\/div>\n\t\t\t\t<\/div>\n\t\t\t\t<div class=\"elementor-element elementor-element-6c6530b2 elementor-widget elementor-widget-text-editor\" data-id=\"6c6530b2\" data-element_type=\"widget\" data-e-type=\"widget\" data-widget_type=\"text-editor.default\">\n\t\t\t\t<div class=\"elementor-widget-container\">\n\t\t\t\t\t\t\t\t\tDiscute tu situaci\u00f3n con un abogado especializado en Suiza.\n\t\t\t\t\t\t\t\t<\/div>\n\t\t\t\t<\/div>\n\t\t\t\t<div class=\"elementor-element elementor-element-3c6a925f elementor-widget-divider--view-line elementor-widget elementor-widget-divider\" data-id=\"3c6a925f\" data-element_type=\"widget\" data-e-type=\"widget\" data-widget_type=\"divider.default\">\n\t\t\t\t<div class=\"elementor-widget-container\">\n\t\t\t\t\t\t\t<div class=\"elementor-divider\">\n\t\t\t<span class=\"elementor-divider-separator\">\n\t\t\t\t\t\t<\/span>\n\t\t<\/div>\n\t\t\t\t\t\t<\/div>\n\t\t\t\t<\/div>\n\t\t\t\t<div class=\"elementor-element elementor-element-761ec1b7 elementor-widget elementor-widget-text-editor\" data-id=\"761ec1b7\" data-element_type=\"widget\" data-e-type=\"widget\" data-widget_type=\"text-editor.default\">\n\t\t\t\t<div class=\"elementor-widget-container\">\n\t\t\t\t\t\t\t\t\t<p>\u00bfS\u00f3lo buscas una cita para hacer algunas preguntas?<br>\u00bfNo est\u00e1s seguro de los procedimientos que deseas realizar?<br>\u00bfTu situaci\u00f3n no est\u00e1 clara?<\/p><p><strong>Opta por una primera consulta con un abogado en Ginebra.<\/strong><\/p><p>Entonces decidir\u00e1s si quieres seguir adelante y nuestros abogados te dar\u00e1n el coste del procedimiento seg\u00fan tu caso. Citas disponibles en persona o por videoconferencia. <strong><br><\/strong><\/p>\t\t\t\t\t\t\t\t<\/div>\n\t\t\t\t<\/div>\n\t\t\t\t<div class=\"elementor-element elementor-element-7d3ab9e9 elementor-align-center elementor-widget elementor-widget-button\" data-id=\"7d3ab9e9\" data-element_type=\"widget\" data-e-type=\"widget\" data-widget_type=\"button.default\">\n\t\t\t\t<div class=\"elementor-widget-container\">\n\t\t\t\t\t\t\t\t\t<div class=\"elementor-button-wrapper\">\n\t\t\t\t\t<a class=\"elementor-button elementor-button-link elementor-size-sm\" href=\"https:\/\/www.geneva-lawyers.com\/es\/contacto\/\">\n\t\t\t\t\t\t<span class=\"elementor-button-content-wrapper\">\n\t\t\t\t\t\t\t\t\t<span class=\"elementor-button-text\">Pide cita con un abogado<\/span>\n\t\t\t\t\t<\/span>\n\t\t\t\t\t<\/a>\n\t\t\t\t<\/div>\n\t\t\t\t\t\t\t\t<\/div>\n\t\t\t\t<\/div>\n\t\t\t\t\t<\/div>\n\t\t<\/div>\n\t\t\t\t\t<\/div>\n\t\t<\/section>\n\t\t\t\t<\/div>\n\t\t","protected":false},"excerpt":{"rendered":"<p>Pide cita con un abogado Impuesto sobre la distribuci\u00f3n de dividendos en Suiza En Suiza, el impuesto sobre la distribuci\u00f3n de dividendos grava a las empresas que distribuyen dividendos a sus accionistas, lo que suele denominarse impuesto sobre los dividendos. La legislaci\u00f3n suiza obliga a las empresas a pagar este impuesto para garantizar la tributaci\u00f3n &#8230; <a title=\"Impuesto sobre la distribuci\u00f3n de dividendos en Suiza\" class=\"read-more\" href=\"https:\/\/www.geneva-lawyers.com\/es\/impuesto-distribucion-dividendos-suiza\/\" aria-label=\"Leer m\u00e1s sobre Impuesto sobre la distribuci\u00f3n de dividendos en Suiza\">Leer m\u00e1s<\/a><\/p>\n","protected":false},"author":1,"featured_media":0,"parent":0,"menu_order":0,"comment_status":"closed","ping_status":"closed","template":"elementor_header_footer","meta":{"_acf_changed":false,"_seopress_robots_primary_cat":"","_seopress_titles_title":"","_seopress_titles_desc":"","_seopress_robots_index":"","footnotes":""},"class_list":["post-31666","page","type-page","status-publish"],"acf":[],"_links":{"self":[{"href":"https:\/\/www.geneva-lawyers.com\/es\/wp-json\/wp\/v2\/pages\/31666","targetHints":{"allow":["GET"]}}],"collection":[{"href":"https:\/\/www.geneva-lawyers.com\/es\/wp-json\/wp\/v2\/pages"}],"about":[{"href":"https:\/\/www.geneva-lawyers.com\/es\/wp-json\/wp\/v2\/types\/page"}],"author":[{"embeddable":true,"href":"https:\/\/www.geneva-lawyers.com\/es\/wp-json\/wp\/v2\/users\/1"}],"replies":[{"embeddable":true,"href":"https:\/\/www.geneva-lawyers.com\/es\/wp-json\/wp\/v2\/comments?post=31666"}],"version-history":[{"count":6,"href":"https:\/\/www.geneva-lawyers.com\/es\/wp-json\/wp\/v2\/pages\/31666\/revisions"}],"predecessor-version":[{"id":34070,"href":"https:\/\/www.geneva-lawyers.com\/es\/wp-json\/wp\/v2\/pages\/31666\/revisions\/34070"}],"wp:attachment":[{"href":"https:\/\/www.geneva-lawyers.com\/es\/wp-json\/wp\/v2\/media?parent=31666"}],"curies":[{"name":"wp","href":"https:\/\/api.w.org\/{rel}","templated":true}]}}