{"id":31696,"date":"2024-05-22T15:40:10","date_gmt":"2024-05-22T13:40:10","guid":{"rendered":"https:\/\/www.geneva-lawyers.com\/el-impuesto-de-sociedades-en-suiza-2\/"},"modified":"2025-04-14T16:16:16","modified_gmt":"2025-04-14T14:16:16","slug":"el-impuesto-sociedades-suiza","status":"publish","type":"page","link":"https:\/\/www.geneva-lawyers.com\/es\/el-impuesto-sociedades-suiza\/","title":{"rendered":"El impuesto de sociedades en Suiza"},"content":{"rendered":"\t\t<div data-elementor-type=\"wp-page\" data-elementor-id=\"31696\" class=\"elementor elementor-31696 elementor-29232\" data-elementor-post-type=\"page\">\n\t\t\t\t\t\t<section class=\"elementor-section elementor-top-section elementor-element elementor-element-1e68702b elementor-section-boxed elementor-section-height-default elementor-section-height-default\" data-id=\"1e68702b\" data-element_type=\"section\" data-e-type=\"section\" data-settings=\"{&quot;background_background&quot;:&quot;classic&quot;}\">\n\t\t\t\t\t\t\t<div class=\"elementor-background-overlay\"><\/div>\n\t\t\t\t\t\t\t<div class=\"elementor-container elementor-column-gap-default\">\n\t\t\t\t\t<div class=\"elementor-column elementor-col-100 elementor-top-column elementor-element elementor-element-5b3d3cba\" data-id=\"5b3d3cba\" data-element_type=\"column\" data-e-type=\"column\">\n\t\t\t<div class=\"elementor-widget-wrap elementor-element-populated\">\n\t\t\t\t\t\t<div class=\"elementor-element elementor-element-170a9080 elementor-widget-divider--view-line elementor-widget elementor-widget-divider\" data-id=\"170a9080\" data-element_type=\"widget\" data-e-type=\"widget\" data-widget_type=\"divider.default\">\n\t\t\t\t<div class=\"elementor-widget-container\">\n\t\t\t\t\t\t\t<div class=\"elementor-divider\">\n\t\t\t<span class=\"elementor-divider-separator\">\n\t\t\t\t\t\t<\/span>\n\t\t<\/div>\n\t\t\t\t\t\t<\/div>\n\t\t\t\t<\/div>\n\t\t\t\t<div class=\"elementor-element elementor-element-4e0fe79 elementor-align-center elementor-widget elementor-widget-button\" data-id=\"4e0fe79\" data-element_type=\"widget\" data-e-type=\"widget\" data-widget_type=\"button.default\">\n\t\t\t\t<div class=\"elementor-widget-container\">\n\t\t\t\t\t\t\t\t\t<div class=\"elementor-button-wrapper\">\n\t\t\t\t\t<a class=\"elementor-button elementor-button-link elementor-size-sm\" href=\"https:\/\/www.geneva-lawyers.com\/es\/contacto\/\">\n\t\t\t\t\t\t<span class=\"elementor-button-content-wrapper\">\n\t\t\t\t\t\t\t\t\t<span class=\"elementor-button-text\">Pide cita con un abogado<\/span>\n\t\t\t\t\t<\/span>\n\t\t\t\t\t<\/a>\n\t\t\t\t<\/div>\n\t\t\t\t\t\t\t\t<\/div>\n\t\t\t\t<\/div>\n\t\t\t\t\t<\/div>\n\t\t<\/div>\n\t\t\t\t\t<\/div>\n\t\t<\/section>\n\t\t\t\t<section class=\"elementor-section elementor-top-section elementor-element elementor-element-31abf96d elementor-section-boxed elementor-section-height-default elementor-section-height-default\" data-id=\"31abf96d\" data-element_type=\"section\" data-e-type=\"section\">\n\t\t\t\t\t\t<div class=\"elementor-container elementor-column-gap-default\">\n\t\t\t\t\t<div class=\"elementor-column elementor-col-100 elementor-top-column elementor-element elementor-element-3dafcc83\" data-id=\"3dafcc83\" data-element_type=\"column\" data-e-type=\"column\">\n\t\t\t<div class=\"elementor-widget-wrap elementor-element-populated\">\n\t\t\t\t\t\t<div class=\"elementor-element elementor-element-20929764 elementor-widget elementor-widget-heading\" data-id=\"20929764\" data-element_type=\"widget\" data-e-type=\"widget\" data-widget_type=\"heading.default\">\n\t\t\t\t<div class=\"elementor-widget-container\">\n\t\t\t\t\t<h2 class=\"elementor-heading-title elementor-size-default\">Impuesto de sociedades<\/h2>\t\t\t\t<\/div>\n\t\t\t\t<\/div>\n\t\t\t\t<div class=\"elementor-element elementor-element-8fbc65c elementor-widget-divider--view-line elementor-widget elementor-widget-divider\" data-id=\"8fbc65c\" data-element_type=\"widget\" data-e-type=\"widget\" data-widget_type=\"divider.default\">\n\t\t\t\t<div class=\"elementor-widget-container\">\n\t\t\t\t\t\t\t<div class=\"elementor-divider\">\n\t\t\t<span class=\"elementor-divider-separator\">\n\t\t\t\t\t\t<\/span>\n\t\t<\/div>\n\t\t\t\t\t\t<\/div>\n\t\t\t\t<\/div>\n\t\t\t\t<div class=\"elementor-element elementor-element-68cd0347 elementor-widget elementor-widget-text-editor\" data-id=\"68cd0347\" data-element_type=\"widget\" data-e-type=\"widget\" data-widget_type=\"text-editor.default\">\n\t\t\t\t<div class=\"elementor-widget-container\">\n\t\t\t\t\t\t\t\t\t<p>Seg\u00fan la legislaci\u00f3n suiza, el t\u00e9rmino \u00abentidad corporativa\u00bb engloba a las empresas organizadas y a determinadas instituciones con un fin espec\u00edfico y personalidad jur\u00eddica, lo que les permite ejercer derechos y asumir obligaciones de forma independiente, de acuerdo con el C\u00f3digo Civil. El derecho fiscal reconoce a las entidades corporativas como sujetos fiscales independientes, separados de sus miembros y \u00f3rganos administrativos, debido a su capacidad econ\u00f3mica diferenciada. <\/p><h2>Responsabilidad fiscal de las personas jur\u00eddicas en Suiza<\/h2><p>De forma similar a la fiscalidad individual, las personas jur\u00eddicas se enfrentan a dos tipos de obligaciones fiscales:<\/p><ol><li><strong>Responsabilidad fiscal ilimitada<\/strong>: Se aplica a las personas jur\u00eddicas con domicilio social o administraci\u00f3n efectiva en Suiza. Sus rentas mundiales (beneficios) y los activos correspondientes (capital) est\u00e1n sujetos, en general, a la jurisdicci\u00f3n personal. Sin embargo, esto no se extiende a las empresas extranjeras, los establecimientos permanentes o los bienes inmuebles situados en el extranjero.  <ul><li>La sede social viene determinada por los estatutos de las entidades privadas, mientras que la de las entidades p\u00fablicas o eclesi\u00e1sticas se basa en las disposiciones legales que les otorgan personalidad jur\u00eddica.<\/li><li>La responsabilidad fiscal ilimitada comienza con el establecimiento de la empresa en Suiza o en un cant\u00f3n y termina con su disoluci\u00f3n o traslado.<\/li><\/ul><\/li><li><strong>Responsabilidad fiscal limitada<\/strong>: Se aplica a las personas jur\u00eddicas no residentes con domicilio social o administraci\u00f3n efectiva en el extranjero o fuera del cant\u00f3n, pero que poseen capital o fuentes de ingresos en Suiza o en un cant\u00f3n concreto. S\u00f3lo tributan por estos bienes o fuentes de ingresos espec\u00edficos bajo jurisdicci\u00f3n econ\u00f3mica. <ul><li>La responsabilidad fiscal limitada surge cuando se produce un hecho imponible en Suiza o en el cant\u00f3n, como la adquisici\u00f3n de bienes inmuebles o la apertura de un establecimiento permanente.<\/li><li>Este pasivo finaliza cuando cesan las condiciones imponibles, por ejemplo, al vender el activo imponible o al cerrar el establecimiento permanente en Suiza.<\/li><\/ul><\/li><\/ol><p>Nuestro abogado fiscal puede ayudarte a establecer tu empresa en un cant\u00f3n con condiciones fiscales favorables.<\/p><h2>El impuesto de sociedades en Suiza<\/h2><p>Las personas jur\u00eddicas est\u00e1n sujetas a un impuesto sobre los beneficios netos y, a nivel cantonal, a un impuesto adicional sobre el capital y las reservas.<\/p><ul><li><strong>Impuesto sobre el Beneficio<\/strong> Neto: La base imponible es el beneficio neto, que incluye todos los beneficios o ingresos realizados por una empresa durante un ejercicio fiscal, menos todos los gastos y cargas. Las p\u00e9rdidas de los siete a\u00f1os anteriores pueden deducirse del beneficio imponible. <ul><li>Si la contabilidad de la empresa se lleva con regularidad, este beneficio se deriva de la cuenta de resultados, o de las cuentas anuales, elaboradas seg\u00fan el derecho mercantil. Esta conexi\u00f3n entre la determinaci\u00f3n del beneficio imponible y las cuentas del derecho mercantil se conoce como principio de autoridad del balance. <\/li><li>El beneficio imponible determinado por el derecho mercantil se verifica y se ajusta si es necesario, seg\u00fan las normas de determinaci\u00f3n del beneficio imponible.<\/li><li>Las legislaciones federal y cantonal suelen tener prescripciones similares para calcular el beneficio neto imponible.<\/li><\/ul><\/li><\/ul><h2>Impuesto sobre el capital de las personas jur\u00eddicas en Suiza<\/h2><p>Todas las leyes cantonales incluyen disposiciones sobre el impuesto sobre el capital de las sociedades. Este impuesto se dirige a los fondos propios de las empresas. <\/p><ul><li><strong>Impuesto sobre el capital<\/strong>: El objeto imponible son los fondos propios de la empresa.<ul><li>En los cantones, hay variaciones en la determinaci\u00f3n del capital imponible para las asociaciones, fundaciones y otras entidades corporativas, en las que el patrimonio neto se calcula seg\u00fan las disposiciones aplicables a las personas f\u00edsicas.<\/li><\/ul><\/li><\/ul><p>Nuestro abogado fiscal puede ayudarte a navegar por las distintas normativas cantonales y optimizar la situaci\u00f3n fiscal de tu empresa en Suiza.<\/p>\t\t\t\t\t\t\t\t<\/div>\n\t\t\t\t<\/div>\n\t\t\t\t\t<\/div>\n\t\t<\/div>\n\t\t\t\t\t<\/div>\n\t\t<\/section>\n\t\t\t\t<section class=\"elementor-section elementor-top-section elementor-element elementor-element-3220d043 elementor-section-full_width elementor-section-height-min-height elementor-section-items-stretch elementor-section-content-middle elementor-section-height-default\" data-id=\"3220d043\" data-element_type=\"section\" data-e-type=\"section\" data-settings=\"{&quot;background_background&quot;:&quot;classic&quot;}\">\n\t\t\t\t\t\t<div class=\"elementor-container elementor-column-gap-no\">\n\t\t\t\t\t<div class=\"elementor-column elementor-col-50 elementor-top-column elementor-element elementor-element-5c85cb30\" data-id=\"5c85cb30\" data-element_type=\"column\" data-e-type=\"column\" data-settings=\"{&quot;background_background&quot;:&quot;classic&quot;}\">\n\t\t\t<div class=\"elementor-widget-wrap elementor-element-populated\">\n\t\t\t\t\t\t<div class=\"elementor-element elementor-element-35f66b02 elementor-widget elementor-widget-spacer\" data-id=\"35f66b02\" data-element_type=\"widget\" data-e-type=\"widget\" data-widget_type=\"spacer.default\">\n\t\t\t\t<div class=\"elementor-widget-container\">\n\t\t\t\t\t\t\t<div class=\"elementor-spacer\">\n\t\t\t<div class=\"elementor-spacer-inner\"><\/div>\n\t\t<\/div>\n\t\t\t\t\t\t<\/div>\n\t\t\t\t<\/div>\n\t\t\t\t\t<\/div>\n\t\t<\/div>\n\t\t\t\t<div class=\"elementor-column elementor-col-50 elementor-top-column elementor-element elementor-element-5fed8a3\" data-id=\"5fed8a3\" data-element_type=\"column\" data-e-type=\"column\" data-settings=\"{&quot;background_background&quot;:&quot;classic&quot;}\">\n\t\t\t<div class=\"elementor-widget-wrap elementor-element-populated\">\n\t\t\t\t\t\t<div class=\"elementor-element elementor-element-44c0afde elementor-widget elementor-widget-heading\" data-id=\"44c0afde\" data-element_type=\"widget\" data-e-type=\"widget\" data-widget_type=\"heading.default\">\n\t\t\t\t<div class=\"elementor-widget-container\">\n\t\t\t\t\t<p class=\"elementor-heading-title elementor-size-default\">Consulta inicial  <\/p>\t\t\t\t<\/div>\n\t\t\t\t<\/div>\n\t\t\t\t<div class=\"elementor-element elementor-element-686e9e7e elementor-widget elementor-widget-heading\" data-id=\"686e9e7e\" data-element_type=\"widget\" data-e-type=\"widget\" data-widget_type=\"heading.default\">\n\t\t\t\t<div class=\"elementor-widget-container\">\n\t\t\t\t\t<p class=\"elementor-heading-title elementor-size-default\">de 60 min a 220,00 CHF<\/p>\t\t\t\t<\/div>\n\t\t\t\t<\/div>\n\t\t\t\t<div class=\"elementor-element elementor-element-3e86acf0 elementor-widget elementor-widget-text-editor\" data-id=\"3e86acf0\" data-element_type=\"widget\" data-e-type=\"widget\" data-widget_type=\"text-editor.default\">\n\t\t\t\t<div class=\"elementor-widget-container\">\n\t\t\t\t\t\t\t\t\tDiscute tu situaci\u00f3n con un abogado especializado en Suiza.\n\t\t\t\t\t\t\t\t<\/div>\n\t\t\t\t<\/div>\n\t\t\t\t<div class=\"elementor-element elementor-element-8dbf6d3 elementor-widget-divider--view-line elementor-widget elementor-widget-divider\" data-id=\"8dbf6d3\" data-element_type=\"widget\" data-e-type=\"widget\" data-widget_type=\"divider.default\">\n\t\t\t\t<div class=\"elementor-widget-container\">\n\t\t\t\t\t\t\t<div class=\"elementor-divider\">\n\t\t\t<span class=\"elementor-divider-separator\">\n\t\t\t\t\t\t<\/span>\n\t\t<\/div>\n\t\t\t\t\t\t<\/div>\n\t\t\t\t<\/div>\n\t\t\t\t<div class=\"elementor-element elementor-element-577632ad elementor-widget elementor-widget-text-editor\" data-id=\"577632ad\" data-element_type=\"widget\" data-e-type=\"widget\" data-widget_type=\"text-editor.default\">\n\t\t\t\t<div class=\"elementor-widget-container\">\n\t\t\t\t\t\t\t\t\t<p>\u00bfS\u00f3lo buscas una cita para hacer algunas preguntas?<br>\u00bfNo est\u00e1s seguro de los procedimientos que deseas realizar?<br>\u00bfTu situaci\u00f3n no est\u00e1 clara?<\/p><p><strong>Opta por una primera consulta con un abogado en Ginebra.<\/strong><\/p><p>Entonces decidir\u00e1s si quieres seguir adelante y nuestros abogados te dar\u00e1n el coste del procedimiento seg\u00fan tu caso. Citas disponibles en persona o por videoconferencia. <strong><br><\/strong><\/p>\t\t\t\t\t\t\t\t<\/div>\n\t\t\t\t<\/div>\n\t\t\t\t<div class=\"elementor-element elementor-element-706dd8c2 elementor-align-center elementor-widget elementor-widget-button\" data-id=\"706dd8c2\" data-element_type=\"widget\" data-e-type=\"widget\" data-widget_type=\"button.default\">\n\t\t\t\t<div class=\"elementor-widget-container\">\n\t\t\t\t\t\t\t\t\t<div class=\"elementor-button-wrapper\">\n\t\t\t\t\t<a class=\"elementor-button elementor-button-link elementor-size-sm\" href=\"https:\/\/www.geneva-lawyers.com\/es\/contacto\/\">\n\t\t\t\t\t\t<span class=\"elementor-button-content-wrapper\">\n\t\t\t\t\t\t\t\t\t<span class=\"elementor-button-text\">Pide cita con un abogado<\/span>\n\t\t\t\t\t<\/span>\n\t\t\t\t\t<\/a>\n\t\t\t\t<\/div>\n\t\t\t\t\t\t\t\t<\/div>\n\t\t\t\t<\/div>\n\t\t\t\t\t<\/div>\n\t\t<\/div>\n\t\t\t\t\t<\/div>\n\t\t<\/section>\n\t\t\t\t<\/div>\n\t\t","protected":false},"excerpt":{"rendered":"<p>Pide cita con un abogado Impuesto de sociedades Seg\u00fan la legislaci\u00f3n suiza, el t\u00e9rmino \u00abentidad corporativa\u00bb engloba a las empresas organizadas y a determinadas instituciones con un fin espec\u00edfico y personalidad jur\u00eddica, lo que les permite ejercer derechos y asumir obligaciones de forma independiente, de acuerdo con el C\u00f3digo Civil. El derecho fiscal reconoce a &#8230; <a title=\"El impuesto de sociedades en Suiza\" class=\"read-more\" href=\"https:\/\/www.geneva-lawyers.com\/es\/el-impuesto-sociedades-suiza\/\" aria-label=\"Leer m\u00e1s sobre El impuesto de sociedades en Suiza\">Leer m\u00e1s<\/a><\/p>\n","protected":false},"author":1,"featured_media":0,"parent":0,"menu_order":0,"comment_status":"closed","ping_status":"closed","template":"elementor_header_footer","meta":{"_acf_changed":false,"_seopress_robots_primary_cat":"","_seopress_titles_title":"","_seopress_titles_desc":"","_seopress_robots_index":"","footnotes":""},"class_list":["post-31696","page","type-page","status-publish"],"acf":[],"_links":{"self":[{"href":"https:\/\/www.geneva-lawyers.com\/es\/wp-json\/wp\/v2\/pages\/31696","targetHints":{"allow":["GET"]}}],"collection":[{"href":"https:\/\/www.geneva-lawyers.com\/es\/wp-json\/wp\/v2\/pages"}],"about":[{"href":"https:\/\/www.geneva-lawyers.com\/es\/wp-json\/wp\/v2\/types\/page"}],"author":[{"embeddable":true,"href":"https:\/\/www.geneva-lawyers.com\/es\/wp-json\/wp\/v2\/users\/1"}],"replies":[{"embeddable":true,"href":"https:\/\/www.geneva-lawyers.com\/es\/wp-json\/wp\/v2\/comments?post=31696"}],"version-history":[{"count":6,"href":"https:\/\/www.geneva-lawyers.com\/es\/wp-json\/wp\/v2\/pages\/31696\/revisions"}],"predecessor-version":[{"id":34280,"href":"https:\/\/www.geneva-lawyers.com\/es\/wp-json\/wp\/v2\/pages\/31696\/revisions\/34280"}],"wp:attachment":[{"href":"https:\/\/www.geneva-lawyers.com\/es\/wp-json\/wp\/v2\/media?parent=31696"}],"curies":[{"name":"wp","href":"https:\/\/api.w.org\/{rel}","templated":true}]}}