{"id":31702,"date":"2024-05-22T13:52:43","date_gmt":"2024-05-22T11:52:43","guid":{"rendered":"https:\/\/www.geneva-lawyers.com\/abogado-de-derecho-inmobiliario-en-suiza\/"},"modified":"2025-04-14T15:45:39","modified_gmt":"2025-04-14T13:45:39","slug":"abogado-derecho-inmobiliario-suiza","status":"publish","type":"page","link":"https:\/\/www.geneva-lawyers.com\/es\/abogado-derecho-inmobiliario-suiza\/","title":{"rendered":"Abogado de derecho inmobiliario en Suiza"},"content":{"rendered":"\t\t<div data-elementor-type=\"wp-page\" data-elementor-id=\"31702\" class=\"elementor elementor-31702 elementor-29174\" data-elementor-post-type=\"page\">\n\t\t\t\t\t\t<section class=\"elementor-section elementor-top-section elementor-element elementor-element-3ce81ee1 elementor-section-boxed elementor-section-height-default elementor-section-height-default\" data-id=\"3ce81ee1\" data-element_type=\"section\" data-e-type=\"section\" data-settings=\"{&quot;background_background&quot;:&quot;classic&quot;}\">\n\t\t\t\t\t\t\t<div class=\"elementor-background-overlay\"><\/div>\n\t\t\t\t\t\t\t<div class=\"elementor-container elementor-column-gap-default\">\n\t\t\t\t\t<div class=\"elementor-column elementor-col-100 elementor-top-column elementor-element elementor-element-4ca4b5c0\" data-id=\"4ca4b5c0\" data-element_type=\"column\" data-e-type=\"column\">\n\t\t\t<div class=\"elementor-widget-wrap elementor-element-populated\">\n\t\t\t\t\t\t<div class=\"elementor-element elementor-element-60b32f10 elementor-widget-divider--view-line elementor-widget elementor-widget-divider\" data-id=\"60b32f10\" data-element_type=\"widget\" data-e-type=\"widget\" data-widget_type=\"divider.default\">\n\t\t\t\t<div class=\"elementor-widget-container\">\n\t\t\t\t\t\t\t<div class=\"elementor-divider\">\n\t\t\t<span class=\"elementor-divider-separator\">\n\t\t\t\t\t\t<\/span>\n\t\t<\/div>\n\t\t\t\t\t\t<\/div>\n\t\t\t\t<\/div>\n\t\t\t\t<div class=\"elementor-element elementor-element-4928c9e elementor-align-center elementor-widget elementor-widget-button\" data-id=\"4928c9e\" data-element_type=\"widget\" data-e-type=\"widget\" data-widget_type=\"button.default\">\n\t\t\t\t<div class=\"elementor-widget-container\">\n\t\t\t\t\t\t\t\t\t<div class=\"elementor-button-wrapper\">\n\t\t\t\t\t<a class=\"elementor-button elementor-button-link elementor-size-sm\" href=\"https:\/\/www.geneva-lawyers.com\/es\/contacto\/\">\n\t\t\t\t\t\t<span class=\"elementor-button-content-wrapper\">\n\t\t\t\t\t\t\t\t\t<span class=\"elementor-button-text\">Pide cita con un abogado<\/span>\n\t\t\t\t\t<\/span>\n\t\t\t\t\t<\/a>\n\t\t\t\t<\/div>\n\t\t\t\t\t\t\t\t<\/div>\n\t\t\t\t<\/div>\n\t\t\t\t\t<\/div>\n\t\t<\/div>\n\t\t\t\t\t<\/div>\n\t\t<\/section>\n\t\t\t\t<section class=\"elementor-section elementor-top-section elementor-element elementor-element-62f9fa82 elementor-section-boxed elementor-section-height-default elementor-section-height-default\" data-id=\"62f9fa82\" data-element_type=\"section\" data-e-type=\"section\">\n\t\t\t\t\t\t<div class=\"elementor-container elementor-column-gap-default\">\n\t\t\t\t\t<div class=\"elementor-column elementor-col-100 elementor-top-column elementor-element elementor-element-2c085c04\" data-id=\"2c085c04\" data-element_type=\"column\" data-e-type=\"column\">\n\t\t\t<div class=\"elementor-widget-wrap elementor-element-populated\">\n\t\t\t\t\t\t<div class=\"elementor-element elementor-element-c998a6b elementor-widget elementor-widget-heading\" data-id=\"c998a6b\" data-element_type=\"widget\" data-e-type=\"widget\" data-widget_type=\"heading.default\">\n\t\t\t\t<div class=\"elementor-widget-container\">\n\t\t\t\t\t<h2 class=\"elementor-heading-title elementor-size-default\">Abogado inmobiliario en Ginebra\n<\/h2>\t\t\t\t<\/div>\n\t\t\t\t<\/div>\n\t\t\t\t<div class=\"elementor-element elementor-element-3d4ab7f elementor-widget-divider--view-line elementor-widget elementor-widget-divider\" data-id=\"3d4ab7f\" data-element_type=\"widget\" data-e-type=\"widget\" data-widget_type=\"divider.default\">\n\t\t\t\t<div class=\"elementor-widget-container\">\n\t\t\t\t\t\t\t<div class=\"elementor-divider\">\n\t\t\t<span class=\"elementor-divider-separator\">\n\t\t\t\t\t\t<\/span>\n\t\t<\/div>\n\t\t\t\t\t\t<\/div>\n\t\t\t\t<\/div>\n\t\t\t\t<div class=\"elementor-element elementor-element-6dc87367 elementor-widget elementor-widget-text-editor\" data-id=\"6dc87367\" data-element_type=\"widget\" data-e-type=\"widget\" data-widget_type=\"text-editor.default\">\n\t\t\t\t<div class=\"elementor-widget-container\">\n\t\t\t\t\t\t\t\t\t<p>El derecho inmobiliario engloba todas las disposiciones legales y reglamentarias relacionadas con la construcci\u00f3n y ocupaci\u00f3n de edificios. Para los particulares, esta rama del derecho define las condiciones en que pueden construirse, ocuparse, mantenerse o alquilarse los inmuebles que ocupan o poseen. <\/p><p>Cuando una persona desea construir una casa, las condiciones para obtener un permiso de construcci\u00f3n est\u00e1n establecidas por las leyes cantonales y federales, que incluyen disposiciones espec\u00edficas del derecho inmobiliario. Adem\u00e1s, el derecho inmobiliario describe las obligaciones del arquitecto y el constructor que contrates para tu proyecto. <\/p><h2>Papel de un abogado inmobiliario<\/h2><p>Si compras un piso a un promotor, la ley inmobiliaria especifica las garant\u00edas que debe ofrecer el promotor. Las disposiciones legales que rigen el condominio del que formar\u00e1s parte tambi\u00e9n est\u00e1n definidas por la legislaci\u00f3n inmobiliaria. <\/p><p>Adem\u00e1s, si alquilas un piso o pretendes comprar uno para alquilarlo, la relaci\u00f3n entre el propietario y el inquilino est\u00e1 regulada por la legislaci\u00f3n inmobiliaria.<\/p><h2>\u00bfPor qu\u00e9 contratar a un abogado inmobiliario en Suiza?<\/h2><p>Un abogado inmobiliario est\u00e1 plenamente capacitado para defender tus intereses si tienes problemas con un inquilino problem\u00e1tico. Tambi\u00e9n pueden ayudarte si eres v\u00edctima de un promotor deshonesto o adquieres una propiedad con defectos ocultos intencionadamente por el vendedor. Del mismo modo, si el constructor que contrataste para la construcci\u00f3n de tu casa incumple sus obligaciones contractuales o legales, un abogado inmobiliario puede proporcionarte el apoyo jur\u00eddico necesario.  <\/p><h2>Contacta con nosotros<\/h2><p>Para obtener asesoramiento jur\u00eddico experto y representaci\u00f3n en asuntos inmobiliarios en Ginebra, ponte en contacto con nosotros. Nuestros abogados se comprometen a prestar una asistencia completa y eficaz para garantizar la protecci\u00f3n de tus derechos e intereses patrimoniales. <\/p>\t\t\t\t\t\t\t\t<\/div>\n\t\t\t\t<\/div>\n\t\t\t\t\t<\/div>\n\t\t<\/div>\n\t\t\t\t\t<\/div>\n\t\t<\/section>\n\t\t\t\t<section class=\"elementor-section elementor-top-section elementor-element elementor-element-25c8eac0 elementor-section-full_width elementor-section-height-min-height elementor-section-items-stretch elementor-section-content-middle elementor-section-height-default\" data-id=\"25c8eac0\" data-element_type=\"section\" data-e-type=\"section\" data-settings=\"{&quot;background_background&quot;:&quot;classic&quot;}\">\n\t\t\t\t\t\t<div class=\"elementor-container elementor-column-gap-no\">\n\t\t\t\t\t<div class=\"elementor-column elementor-col-50 elementor-top-column elementor-element elementor-element-42d8fb66\" data-id=\"42d8fb66\" data-element_type=\"column\" data-e-type=\"column\" data-settings=\"{&quot;background_background&quot;:&quot;classic&quot;}\">\n\t\t\t<div class=\"elementor-widget-wrap elementor-element-populated\">\n\t\t\t\t\t\t<div class=\"elementor-element elementor-element-4e172931 elementor-widget elementor-widget-spacer\" data-id=\"4e172931\" data-element_type=\"widget\" data-e-type=\"widget\" data-widget_type=\"spacer.default\">\n\t\t\t\t<div class=\"elementor-widget-container\">\n\t\t\t\t\t\t\t<div class=\"elementor-spacer\">\n\t\t\t<div class=\"elementor-spacer-inner\"><\/div>\n\t\t<\/div>\n\t\t\t\t\t\t<\/div>\n\t\t\t\t<\/div>\n\t\t\t\t\t<\/div>\n\t\t<\/div>\n\t\t\t\t<div class=\"elementor-column elementor-col-50 elementor-top-column elementor-element elementor-element-26bc4366\" data-id=\"26bc4366\" data-element_type=\"column\" data-e-type=\"column\" data-settings=\"{&quot;background_background&quot;:&quot;classic&quot;}\">\n\t\t\t<div class=\"elementor-widget-wrap elementor-element-populated\">\n\t\t\t\t\t\t<div class=\"elementor-element elementor-element-1a6306b9 elementor-widget elementor-widget-heading\" data-id=\"1a6306b9\" data-element_type=\"widget\" data-e-type=\"widget\" data-widget_type=\"heading.default\">\n\t\t\t\t<div class=\"elementor-widget-container\">\n\t\t\t\t\t<p class=\"elementor-heading-title elementor-size-default\">Consulta inicial  <\/p>\t\t\t\t<\/div>\n\t\t\t\t<\/div>\n\t\t\t\t<div class=\"elementor-element elementor-element-3605ae2e elementor-widget elementor-widget-heading\" data-id=\"3605ae2e\" data-element_type=\"widget\" data-e-type=\"widget\" data-widget_type=\"heading.default\">\n\t\t\t\t<div class=\"elementor-widget-container\">\n\t\t\t\t\t<p class=\"elementor-heading-title elementor-size-default\">de 60 min a 220,00 CHF<\/p>\t\t\t\t<\/div>\n\t\t\t\t<\/div>\n\t\t\t\t<div class=\"elementor-element elementor-element-79bd6855 elementor-widget elementor-widget-text-editor\" data-id=\"79bd6855\" data-element_type=\"widget\" data-e-type=\"widget\" data-widget_type=\"text-editor.default\">\n\t\t\t\t<div class=\"elementor-widget-container\">\n\t\t\t\t\t\t\t\t\tDiscute tu situaci\u00f3n con un abogado especializado en Suiza.\n\t\t\t\t\t\t\t\t<\/div>\n\t\t\t\t<\/div>\n\t\t\t\t<div class=\"elementor-element elementor-element-7634dccb elementor-widget-divider--view-line elementor-widget elementor-widget-divider\" data-id=\"7634dccb\" data-element_type=\"widget\" data-e-type=\"widget\" data-widget_type=\"divider.default\">\n\t\t\t\t<div class=\"elementor-widget-container\">\n\t\t\t\t\t\t\t<div class=\"elementor-divider\">\n\t\t\t<span class=\"elementor-divider-separator\">\n\t\t\t\t\t\t<\/span>\n\t\t<\/div>\n\t\t\t\t\t\t<\/div>\n\t\t\t\t<\/div>\n\t\t\t\t<div class=\"elementor-element elementor-element-5e48f671 elementor-widget elementor-widget-text-editor\" data-id=\"5e48f671\" data-element_type=\"widget\" data-e-type=\"widget\" data-widget_type=\"text-editor.default\">\n\t\t\t\t<div class=\"elementor-widget-container\">\n\t\t\t\t\t\t\t\t\t<p>\u00bfS\u00f3lo buscas una cita para hacer algunas preguntas?<br>\u00bfNo est\u00e1s seguro de los procedimientos que deseas realizar?<br>\u00bfTu situaci\u00f3n no est\u00e1 clara?<\/p><p><strong>Opta por una primera consulta con un abogado en Ginebra.<\/strong><\/p><p>Entonces decidir\u00e1s si quieres seguir adelante y nuestros abogados te dar\u00e1n el coste del procedimiento seg\u00fan tu caso. Citas disponibles en persona o por videoconferencia. <strong><br><\/strong><\/p>\t\t\t\t\t\t\t\t<\/div>\n\t\t\t\t<\/div>\n\t\t\t\t<div class=\"elementor-element elementor-element-7a30892a elementor-align-center elementor-widget elementor-widget-button\" data-id=\"7a30892a\" data-element_type=\"widget\" data-e-type=\"widget\" data-widget_type=\"button.default\">\n\t\t\t\t<div class=\"elementor-widget-container\">\n\t\t\t\t\t\t\t\t\t<div class=\"elementor-button-wrapper\">\n\t\t\t\t\t<a class=\"elementor-button elementor-button-link elementor-size-sm\" href=\"https:\/\/www.geneva-lawyers.com\/es\/contacto\/\">\n\t\t\t\t\t\t<span class=\"elementor-button-content-wrapper\">\n\t\t\t\t\t\t\t\t\t<span class=\"elementor-button-text\">Pide cita con un abogado<\/span>\n\t\t\t\t\t<\/span>\n\t\t\t\t\t<\/a>\n\t\t\t\t<\/div>\n\t\t\t\t\t\t\t\t<\/div>\n\t\t\t\t<\/div>\n\t\t\t\t\t<\/div>\n\t\t<\/div>\n\t\t\t\t\t<\/div>\n\t\t<\/section>\n\t\t\t\t<\/div>\n\t\t","protected":false},"excerpt":{"rendered":"<p>Pide cita con un abogado Abogado inmobiliario en Ginebra El derecho inmobiliario engloba todas las disposiciones legales y reglamentarias relacionadas con la construcci\u00f3n y ocupaci\u00f3n de edificios. Para los particulares, esta rama del derecho define las condiciones en que pueden construirse, ocuparse, mantenerse o alquilarse los inmuebles que ocupan o poseen. Cuando una persona desea &#8230; <a title=\"Abogado de derecho inmobiliario en Suiza\" class=\"read-more\" href=\"https:\/\/www.geneva-lawyers.com\/es\/abogado-derecho-inmobiliario-suiza\/\" aria-label=\"Leer m\u00e1s sobre Abogado de derecho inmobiliario en Suiza\">Leer m\u00e1s<\/a><\/p>\n","protected":false},"author":1,"featured_media":0,"parent":0,"menu_order":0,"comment_status":"closed","ping_status":"closed","template":"elementor_header_footer","meta":{"_acf_changed":false,"_seopress_robots_primary_cat":"","_seopress_titles_title":"","_seopress_titles_desc":"","_seopress_robots_index":"","footnotes":""},"class_list":["post-31702","page","type-page","status-publish"],"acf":[],"_links":{"self":[{"href":"https:\/\/www.geneva-lawyers.com\/es\/wp-json\/wp\/v2\/pages\/31702","targetHints":{"allow":["GET"]}}],"collection":[{"href":"https:\/\/www.geneva-lawyers.com\/es\/wp-json\/wp\/v2\/pages"}],"about":[{"href":"https:\/\/www.geneva-lawyers.com\/es\/wp-json\/wp\/v2\/types\/page"}],"author":[{"embeddable":true,"href":"https:\/\/www.geneva-lawyers.com\/es\/wp-json\/wp\/v2\/users\/1"}],"replies":[{"embeddable":true,"href":"https:\/\/www.geneva-lawyers.com\/es\/wp-json\/wp\/v2\/comments?post=31702"}],"version-history":[{"count":6,"href":"https:\/\/www.geneva-lawyers.com\/es\/wp-json\/wp\/v2\/pages\/31702\/revisions"}],"predecessor-version":[{"id":34008,"href":"https:\/\/www.geneva-lawyers.com\/es\/wp-json\/wp\/v2\/pages\/31702\/revisions\/34008"}],"wp:attachment":[{"href":"https:\/\/www.geneva-lawyers.com\/es\/wp-json\/wp\/v2\/media?parent=31702"}],"curies":[{"name":"wp","href":"https:\/\/api.w.org\/{rel}","templated":true}]}}