{"id":31703,"date":"2024-05-22T15:35:20","date_gmt":"2024-05-22T13:35:20","guid":{"rendered":"https:\/\/www.geneva-lawyers.com\/fiscalidad-de-las-personas-fisicas-en-suiza\/"},"modified":"2025-04-14T15:29:44","modified_gmt":"2025-04-14T13:29:44","slug":"fiscalidad-personas-fisicas-suiza","status":"publish","type":"page","link":"https:\/\/www.geneva-lawyers.com\/es\/fiscalidad-personas-fisicas-suiza\/","title":{"rendered":"Fiscalidad de las personas f\u00edsicas en Suiza"},"content":{"rendered":"\t\t<div data-elementor-type=\"wp-page\" data-elementor-id=\"31703\" class=\"elementor elementor-31703 elementor-29225\" data-elementor-post-type=\"page\">\n\t\t\t\t\t\t<section class=\"elementor-section elementor-top-section elementor-element elementor-element-24bf6d4d elementor-section-boxed elementor-section-height-default elementor-section-height-default\" data-id=\"24bf6d4d\" data-element_type=\"section\" data-e-type=\"section\" data-settings=\"{&quot;background_background&quot;:&quot;classic&quot;}\">\n\t\t\t\t\t\t\t<div class=\"elementor-background-overlay\"><\/div>\n\t\t\t\t\t\t\t<div class=\"elementor-container elementor-column-gap-default\">\n\t\t\t\t\t<div class=\"elementor-column elementor-col-100 elementor-top-column elementor-element elementor-element-41fbc2e4\" data-id=\"41fbc2e4\" data-element_type=\"column\" data-e-type=\"column\">\n\t\t\t<div class=\"elementor-widget-wrap elementor-element-populated\">\n\t\t\t\t\t\t<div class=\"elementor-element elementor-element-64344d73 elementor-widget-divider--view-line elementor-widget elementor-widget-divider\" data-id=\"64344d73\" data-element_type=\"widget\" data-e-type=\"widget\" data-widget_type=\"divider.default\">\n\t\t\t\t<div class=\"elementor-widget-container\">\n\t\t\t\t\t\t\t<div class=\"elementor-divider\">\n\t\t\t<span class=\"elementor-divider-separator\">\n\t\t\t\t\t\t<\/span>\n\t\t<\/div>\n\t\t\t\t\t\t<\/div>\n\t\t\t\t<\/div>\n\t\t\t\t<div class=\"elementor-element elementor-element-47409637 elementor-align-center elementor-widget elementor-widget-button\" data-id=\"47409637\" data-element_type=\"widget\" data-e-type=\"widget\" data-widget_type=\"button.default\">\n\t\t\t\t<div class=\"elementor-widget-container\">\n\t\t\t\t\t\t\t\t\t<div class=\"elementor-button-wrapper\">\n\t\t\t\t\t<a class=\"elementor-button elementor-button-link elementor-size-sm\" href=\"https:\/\/www.geneva-lawyers.com\/es\/contacto\/\">\n\t\t\t\t\t\t<span class=\"elementor-button-content-wrapper\">\n\t\t\t\t\t\t\t\t\t<span class=\"elementor-button-text\">Pide cita con un abogado<\/span>\n\t\t\t\t\t<\/span>\n\t\t\t\t\t<\/a>\n\t\t\t\t<\/div>\n\t\t\t\t\t\t\t\t<\/div>\n\t\t\t\t<\/div>\n\t\t\t\t\t<\/div>\n\t\t<\/div>\n\t\t\t\t\t<\/div>\n\t\t<\/section>\n\t\t\t\t<section class=\"elementor-section elementor-top-section elementor-element elementor-element-2e9ecee2 elementor-section-boxed elementor-section-height-default elementor-section-height-default\" data-id=\"2e9ecee2\" data-element_type=\"section\" data-e-type=\"section\">\n\t\t\t\t\t\t<div class=\"elementor-container elementor-column-gap-default\">\n\t\t\t\t\t<div class=\"elementor-column elementor-col-100 elementor-top-column elementor-element elementor-element-3b6c5523\" data-id=\"3b6c5523\" data-element_type=\"column\" data-e-type=\"column\">\n\t\t\t<div class=\"elementor-widget-wrap elementor-element-populated\">\n\t\t\t\t\t\t<div class=\"elementor-element elementor-element-3865b72a elementor-widget elementor-widget-heading\" data-id=\"3865b72a\" data-element_type=\"widget\" data-e-type=\"widget\" data-widget_type=\"heading.default\">\n\t\t\t\t<div class=\"elementor-widget-container\">\n\t\t\t\t\t<h2 class=\"elementor-heading-title elementor-size-default\">Obligaci\u00f3n tributaria individual<\/h2>\t\t\t\t<\/div>\n\t\t\t\t<\/div>\n\t\t\t\t<div class=\"elementor-element elementor-element-5f80058 elementor-widget-divider--view-line elementor-widget elementor-widget-divider\" data-id=\"5f80058\" data-element_type=\"widget\" data-e-type=\"widget\" data-widget_type=\"divider.default\">\n\t\t\t\t<div class=\"elementor-widget-container\">\n\t\t\t\t\t\t\t<div class=\"elementor-divider\">\n\t\t\t<span class=\"elementor-divider-separator\">\n\t\t\t\t\t\t<\/span>\n\t\t<\/div>\n\t\t\t\t\t\t<\/div>\n\t\t\t\t<\/div>\n\t\t\t\t<div class=\"elementor-element elementor-element-201ea57f elementor-widget elementor-widget-text-editor\" data-id=\"201ea57f\" data-element_type=\"widget\" data-e-type=\"widget\" data-widget_type=\"text-editor.default\">\n\t\t\t\t<div class=\"elementor-widget-container\">\n\t\t\t\t\t\t\t\t\t<p>La obligaci\u00f3n tributaria se refiere a la situaci\u00f3n en la que una persona est\u00e1 legalmente obligada a realizar aportaciones econ\u00f3micas a un fondo p\u00fablico en virtud de una ley o una norma administrativa. Es el primer paso para evaluar la situaci\u00f3n fiscal de una persona y puede ser limitada o ilimitada. Si una persona reside en Suiza, est\u00e1 sujeta a una responsabilidad fiscal ilimitada. Esta responsabilidad ilimitada tambi\u00e9n se aplica a quienes permanezcan en Suiza durante al menos 30 d\u00edas con un empleo remunerado, o durante 90 d\u00edas sin empleo.   <\/p><p>Nuestro abogado fiscal puede explicarte c\u00f3mo afecta la responsabilidad fiscal a tu tributaci\u00f3n y explorar las opciones disponibles.<\/p><h2>Impuesto sobre la renta de las personas f\u00edsicas en Suiza<\/h2><p>El impuesto sobre la renta de las personas f\u00edsicas incluye los impuestos que gravan la renta neta (renta bruta menos las deducciones fiscales permitidas) y las plusval\u00edas. Este impuesto es una importante fuente de ingresos para el Estado. <\/p><p>El impuesto sobre la renta puede ser el resultado de una obligaci\u00f3n tributaria limitada o ilimitada, similar al impuesto sobre el patrimonio de las personas f\u00edsicas.<\/p><p>El gobierno federal, todos los cantones y los municipios recaudan un impuesto general sobre la renta. Generalmente se calcula sobre la renta total del contribuyente, independientemente de su origen. El impuesto tiene en cuenta la capacidad econ\u00f3mica del contribuyente, incluida la cuant\u00eda de los ingresos, los gastos de adquisici\u00f3n necesarios, las cargas familiares, el nivel de vida, las deducciones generales y sociales, etc.  <\/p><p>Los impuestos municipales sobre la renta se basan en las leyes fiscales cantonales y se determinan mediante la misma evaluaci\u00f3n utilizada para los impuestos cantonales.<\/p><p>Algunas rentas est\u00e1n exentas de impuestos a nivel federal y cantonal. Sin embargo, estas rentas exentas pueden estar sujetas a otros impuestos, como el de sucesiones o donaciones. <\/p><p>La legislaci\u00f3n fiscal suiza prev\u00e9 diversas deducciones, que pueden clasificarse en gastos, deducciones generales y deducciones sociales. Estas deducciones se aplican a todos los niveles y pueden variar entre cantones. Se restan de los ingresos, reduciendo la carga fiscal anual.  <\/p><p>Nuestro abogado fiscal puede evaluar tu situaci\u00f3n y asesorarte sobre las deducciones fiscales autorizadas.<\/p><h2>Impuesto sobre el patrimonio de las personas f\u00edsicas en Suiza<\/h2><p>Desde 1959, el gobierno federal ya no impone un impuesto sobre el patrimonio a las personas f\u00edsicas, porque combinarlo con los impuestos cantonales y municipales sobre el patrimonio dar\u00eda lugar a una presi\u00f3n fiscal excesiva.<\/p><p>El impuesto sobre el patrimonio es, por tanto, un impuesto cantonal, que da lugar a 26 legislaciones diferentes. Nuestro abogado fiscal puede guiarte a trav\u00e9s de estas distintas normativas. <\/p><p>Unos 2.200 municipios suizos tienen soberan\u00eda fiscal delegada y tambi\u00e9n recaudan impuestos, incluido el impuesto sobre el patrimonio. Normalmente, los municipios utilizan la misma base jur\u00eddica que su cant\u00f3n, pero con tipos diferentes, a veces utilizando sus propias tarifas, pero a menudo mediante m\u00faltiplos de las escalas cantonales o del impuesto cantonal debido. <\/p><p>Los impuestos municipales suelen ser tan altos o m\u00e1s que los cantonales.<\/p><p>Sin embargo, existe una cierta armonizaci\u00f3n a nivel cantonal en lo que respecta a las escalas impositivas, los tipos y los importes exentos, que siguen siendo competencia de los cantones.<\/p><p>Algunos bienes est\u00e1n exentos y no se incluyen en el c\u00e1lculo del impuesto sobre el patrimonio.<\/p><p>Al igual que el impuesto sobre la renta, el impuesto sobre el patrimonio puede derivarse de una obligaci\u00f3n tributaria limitada o ilimitada.<\/p><p>Las leyes fiscales suizas prev\u00e9n varias deducciones, clasificadas generalmente en deducciones por deudas y deducciones sociales. El impuesto sobre el patrimonio grava el patrimonio neto del contribuyente, no el importe bruto. <\/p><p>Nuestro abogado fiscal puede ayudarte a navegar por estas deducciones.<\/p>\t\t\t\t\t\t\t\t<\/div>\n\t\t\t\t<\/div>\n\t\t\t\t\t<\/div>\n\t\t<\/div>\n\t\t\t\t\t<\/div>\n\t\t<\/section>\n\t\t\t\t<section class=\"elementor-section elementor-top-section elementor-element elementor-element-67bd74c8 elementor-section-full_width elementor-section-height-min-height elementor-section-items-stretch elementor-section-content-middle elementor-section-height-default\" data-id=\"67bd74c8\" data-element_type=\"section\" data-e-type=\"section\" data-settings=\"{&quot;background_background&quot;:&quot;classic&quot;}\">\n\t\t\t\t\t\t<div class=\"elementor-container elementor-column-gap-no\">\n\t\t\t\t\t<div class=\"elementor-column elementor-col-50 elementor-top-column elementor-element elementor-element-45dce8a4\" data-id=\"45dce8a4\" data-element_type=\"column\" data-e-type=\"column\" data-settings=\"{&quot;background_background&quot;:&quot;classic&quot;}\">\n\t\t\t<div class=\"elementor-widget-wrap elementor-element-populated\">\n\t\t\t\t\t\t<div class=\"elementor-element elementor-element-6774a1d5 elementor-widget elementor-widget-spacer\" data-id=\"6774a1d5\" data-element_type=\"widget\" data-e-type=\"widget\" data-widget_type=\"spacer.default\">\n\t\t\t\t<div class=\"elementor-widget-container\">\n\t\t\t\t\t\t\t<div class=\"elementor-spacer\">\n\t\t\t<div class=\"elementor-spacer-inner\"><\/div>\n\t\t<\/div>\n\t\t\t\t\t\t<\/div>\n\t\t\t\t<\/div>\n\t\t\t\t\t<\/div>\n\t\t<\/div>\n\t\t\t\t<div class=\"elementor-column elementor-col-50 elementor-top-column elementor-element elementor-element-63ae02df\" data-id=\"63ae02df\" data-element_type=\"column\" data-e-type=\"column\" data-settings=\"{&quot;background_background&quot;:&quot;classic&quot;}\">\n\t\t\t<div class=\"elementor-widget-wrap elementor-element-populated\">\n\t\t\t\t\t\t<div class=\"elementor-element elementor-element-83bfc18 elementor-widget elementor-widget-heading\" data-id=\"83bfc18\" data-element_type=\"widget\" data-e-type=\"widget\" data-widget_type=\"heading.default\">\n\t\t\t\t<div class=\"elementor-widget-container\">\n\t\t\t\t\t<p class=\"elementor-heading-title elementor-size-default\">Consulta inicial  <\/p>\t\t\t\t<\/div>\n\t\t\t\t<\/div>\n\t\t\t\t<div class=\"elementor-element elementor-element-4b9b5c2a elementor-widget elementor-widget-heading\" data-id=\"4b9b5c2a\" data-element_type=\"widget\" data-e-type=\"widget\" data-widget_type=\"heading.default\">\n\t\t\t\t<div class=\"elementor-widget-container\">\n\t\t\t\t\t<p class=\"elementor-heading-title elementor-size-default\">de 60 min a 220,00 CHF<\/p>\t\t\t\t<\/div>\n\t\t\t\t<\/div>\n\t\t\t\t<div class=\"elementor-element elementor-element-7cb45a38 elementor-widget elementor-widget-text-editor\" data-id=\"7cb45a38\" data-element_type=\"widget\" data-e-type=\"widget\" data-widget_type=\"text-editor.default\">\n\t\t\t\t<div class=\"elementor-widget-container\">\n\t\t\t\t\t\t\t\t\tDiscute tu situaci\u00f3n con un abogado especializado en Suiza.\n\t\t\t\t\t\t\t\t<\/div>\n\t\t\t\t<\/div>\n\t\t\t\t<div class=\"elementor-element elementor-element-58652545 elementor-widget-divider--view-line elementor-widget elementor-widget-divider\" data-id=\"58652545\" data-element_type=\"widget\" data-e-type=\"widget\" data-widget_type=\"divider.default\">\n\t\t\t\t<div class=\"elementor-widget-container\">\n\t\t\t\t\t\t\t<div class=\"elementor-divider\">\n\t\t\t<span class=\"elementor-divider-separator\">\n\t\t\t\t\t\t<\/span>\n\t\t<\/div>\n\t\t\t\t\t\t<\/div>\n\t\t\t\t<\/div>\n\t\t\t\t<div class=\"elementor-element elementor-element-11862e11 elementor-widget elementor-widget-text-editor\" data-id=\"11862e11\" data-element_type=\"widget\" data-e-type=\"widget\" data-widget_type=\"text-editor.default\">\n\t\t\t\t<div class=\"elementor-widget-container\">\n\t\t\t\t\t\t\t\t\t<p>\u00bfS\u00f3lo buscas una cita para hacer algunas preguntas?<br>\u00bfNo est\u00e1s seguro de los procedimientos que deseas realizar?<br>\u00bfTu situaci\u00f3n no est\u00e1 clara?<\/p><p><strong>Opta por una primera consulta con un abogado en Ginebra.<\/strong><\/p><p>Entonces decidir\u00e1s si quieres seguir adelante y nuestros abogados te dar\u00e1n el coste del procedimiento seg\u00fan tu caso. Citas disponibles en persona o por videoconferencia. <strong><br><\/strong><\/p>\t\t\t\t\t\t\t\t<\/div>\n\t\t\t\t<\/div>\n\t\t\t\t<div class=\"elementor-element elementor-element-f136d6b elementor-align-center elementor-widget elementor-widget-button\" data-id=\"f136d6b\" data-element_type=\"widget\" data-e-type=\"widget\" data-widget_type=\"button.default\">\n\t\t\t\t<div class=\"elementor-widget-container\">\n\t\t\t\t\t\t\t\t\t<div class=\"elementor-button-wrapper\">\n\t\t\t\t\t<a class=\"elementor-button elementor-button-link elementor-size-sm\" href=\"https:\/\/www.geneva-lawyers.com\/es\/contacto\/\">\n\t\t\t\t\t\t<span class=\"elementor-button-content-wrapper\">\n\t\t\t\t\t\t\t\t\t<span class=\"elementor-button-text\">Pide cita con un abogado<\/span>\n\t\t\t\t\t<\/span>\n\t\t\t\t\t<\/a>\n\t\t\t\t<\/div>\n\t\t\t\t\t\t\t\t<\/div>\n\t\t\t\t<\/div>\n\t\t\t\t\t<\/div>\n\t\t<\/div>\n\t\t\t\t\t<\/div>\n\t\t<\/section>\n\t\t\t\t<\/div>\n\t\t","protected":false},"excerpt":{"rendered":"<p>Pide cita con un abogado Obligaci\u00f3n tributaria individual La obligaci\u00f3n tributaria se refiere a la situaci\u00f3n en la que una persona est\u00e1 legalmente obligada a realizar aportaciones econ\u00f3micas a un fondo p\u00fablico en virtud de una ley o una norma administrativa. Es el primer paso para evaluar la situaci\u00f3n fiscal de una persona y puede &#8230; <a title=\"Fiscalidad de las personas f\u00edsicas en Suiza\" class=\"read-more\" href=\"https:\/\/www.geneva-lawyers.com\/es\/fiscalidad-personas-fisicas-suiza\/\" aria-label=\"Leer m\u00e1s sobre Fiscalidad de las personas f\u00edsicas en Suiza\">Leer m\u00e1s<\/a><\/p>\n","protected":false},"author":1,"featured_media":0,"parent":0,"menu_order":0,"comment_status":"closed","ping_status":"closed","template":"elementor_header_footer","meta":{"_acf_changed":false,"_seopress_robots_primary_cat":"","_seopress_titles_title":"","_seopress_titles_desc":"","_seopress_robots_index":"","footnotes":""},"class_list":["post-31703","page","type-page","status-publish"],"acf":[],"_links":{"self":[{"href":"https:\/\/www.geneva-lawyers.com\/es\/wp-json\/wp\/v2\/pages\/31703","targetHints":{"allow":["GET"]}}],"collection":[{"href":"https:\/\/www.geneva-lawyers.com\/es\/wp-json\/wp\/v2\/pages"}],"about":[{"href":"https:\/\/www.geneva-lawyers.com\/es\/wp-json\/wp\/v2\/types\/page"}],"author":[{"embeddable":true,"href":"https:\/\/www.geneva-lawyers.com\/es\/wp-json\/wp\/v2\/users\/1"}],"replies":[{"embeddable":true,"href":"https:\/\/www.geneva-lawyers.com\/es\/wp-json\/wp\/v2\/comments?post=31703"}],"version-history":[{"count":6,"href":"https:\/\/www.geneva-lawyers.com\/es\/wp-json\/wp\/v2\/pages\/31703\/revisions"}],"predecessor-version":[{"id":33865,"href":"https:\/\/www.geneva-lawyers.com\/es\/wp-json\/wp\/v2\/pages\/31703\/revisions\/33865"}],"wp:attachment":[{"href":"https:\/\/www.geneva-lawyers.com\/es\/wp-json\/wp\/v2\/media?parent=31703"}],"curies":[{"name":"wp","href":"https:\/\/api.w.org\/{rel}","templated":true}]}}