{"id":31732,"date":"2024-05-21T15:32:18","date_gmt":"2024-05-21T13:32:18","guid":{"rendered":"https:\/\/www.geneva-lawyers.com\/abogado-de-trafico-en-suiza\/"},"modified":"2025-04-14T15:11:08","modified_gmt":"2025-04-14T13:11:08","slug":"abogado-trafico-suiza","status":"publish","type":"page","link":"https:\/\/www.geneva-lawyers.com\/es\/abogado-trafico-suiza\/","title":{"rendered":"Abogado de tr\u00e1fico en Suiza"},"content":{"rendered":"\t\t<div data-elementor-type=\"wp-page\" data-elementor-id=\"31732\" class=\"elementor elementor-31732 elementor-29094\" data-elementor-post-type=\"page\">\n\t\t\t\t\t\t<section class=\"elementor-section elementor-top-section elementor-element elementor-element-6df5c357 elementor-section-boxed elementor-section-height-default elementor-section-height-default\" data-id=\"6df5c357\" data-element_type=\"section\" data-e-type=\"section\" data-settings=\"{&quot;background_background&quot;:&quot;classic&quot;}\">\n\t\t\t\t\t\t\t<div class=\"elementor-background-overlay\"><\/div>\n\t\t\t\t\t\t\t<div class=\"elementor-container elementor-column-gap-default\">\n\t\t\t\t\t<div class=\"elementor-column elementor-col-100 elementor-top-column elementor-element elementor-element-7500f917\" data-id=\"7500f917\" data-element_type=\"column\" data-e-type=\"column\">\n\t\t\t<div class=\"elementor-widget-wrap elementor-element-populated\">\n\t\t\t\t\t\t<div class=\"elementor-element elementor-element-b724a38 elementor-widget-divider--view-line elementor-widget elementor-widget-divider\" data-id=\"b724a38\" data-element_type=\"widget\" data-e-type=\"widget\" data-widget_type=\"divider.default\">\n\t\t\t\t<div class=\"elementor-widget-container\">\n\t\t\t\t\t\t\t<div class=\"elementor-divider\">\n\t\t\t<span class=\"elementor-divider-separator\">\n\t\t\t\t\t\t<\/span>\n\t\t<\/div>\n\t\t\t\t\t\t<\/div>\n\t\t\t\t<\/div>\n\t\t\t\t<div class=\"elementor-element elementor-element-436e19e9 elementor-align-center elementor-widget elementor-widget-button\" data-id=\"436e19e9\" data-element_type=\"widget\" data-e-type=\"widget\" data-widget_type=\"button.default\">\n\t\t\t\t<div class=\"elementor-widget-container\">\n\t\t\t\t\t\t\t\t\t<div class=\"elementor-button-wrapper\">\n\t\t\t\t\t<a class=\"elementor-button elementor-button-link elementor-size-sm\" href=\"https:\/\/www.geneva-lawyers.com\/es\/contacto\/\">\n\t\t\t\t\t\t<span class=\"elementor-button-content-wrapper\">\n\t\t\t\t\t\t\t\t\t<span class=\"elementor-button-text\">Pide cita con un abogado<\/span>\n\t\t\t\t\t<\/span>\n\t\t\t\t\t<\/a>\n\t\t\t\t<\/div>\n\t\t\t\t\t\t\t\t<\/div>\n\t\t\t\t<\/div>\n\t\t\t\t\t<\/div>\n\t\t<\/div>\n\t\t\t\t\t<\/div>\n\t\t<\/section>\n\t\t\t\t<section class=\"elementor-section elementor-top-section elementor-element elementor-element-701bbb53 elementor-section-boxed elementor-section-height-default elementor-section-height-default\" data-id=\"701bbb53\" data-element_type=\"section\" data-e-type=\"section\">\n\t\t\t\t\t\t<div class=\"elementor-container elementor-column-gap-default\">\n\t\t\t\t\t<div class=\"elementor-column elementor-col-100 elementor-top-column elementor-element elementor-element-78a03bf1\" data-id=\"78a03bf1\" data-element_type=\"column\" data-e-type=\"column\">\n\t\t\t<div class=\"elementor-widget-wrap elementor-element-populated\">\n\t\t\t\t\t\t<div class=\"elementor-element elementor-element-425415ac elementor-widget elementor-widget-heading\" data-id=\"425415ac\" data-element_type=\"widget\" data-e-type=\"widget\" data-widget_type=\"heading.default\">\n\t\t\t\t<div class=\"elementor-widget-container\">\n\t\t\t\t\t<h2 class=\"elementor-heading-title elementor-size-default\">Derecho de circulaci\u00f3n en Suiza\n<\/h2>\t\t\t\t<\/div>\n\t\t\t\t<\/div>\n\t\t\t\t<div class=\"elementor-element elementor-element-7e37ad7 elementor-widget-divider--view-line elementor-widget elementor-widget-divider\" data-id=\"7e37ad7\" data-element_type=\"widget\" data-e-type=\"widget\" data-widget_type=\"divider.default\">\n\t\t\t\t<div class=\"elementor-widget-container\">\n\t\t\t\t\t\t\t<div class=\"elementor-divider\">\n\t\t\t<span class=\"elementor-divider-separator\">\n\t\t\t\t\t\t<\/span>\n\t\t<\/div>\n\t\t\t\t\t\t<\/div>\n\t\t\t\t<\/div>\n\t\t\t\t<div class=\"elementor-element elementor-element-27258ee elementor-widget elementor-widget-text-editor\" data-id=\"27258ee\" data-element_type=\"widget\" data-e-type=\"widget\" data-widget_type=\"text-editor.default\">\n\t\t\t\t<div class=\"elementor-widget-container\">\n\t\t\t\t\t\t\t\t\t<p>El Derecho de la Circulaci\u00f3n es intr\u00ednsecamente multidisciplinar.<\/p><p>Cualquier infracci\u00f3n de la Ley Federal de Circulaci\u00f3n (LCR) conlleva inevitablemente una sanci\u00f3n penal (v\u00e9ase el apartado B).<\/p><p>En funci\u00f3n de la gravedad de la infracci\u00f3n de la LCR, tambi\u00e9n puede dar lugar a una sanci\u00f3n administrativa (v\u00e9ase el apartado C).<\/p><p>Adem\u00e1s, la LCR tiene importantes implicaciones en el derecho civil, sobre todo en materia de responsabilidad.<\/p><p>En particular, el apartado 1 del art\u00edculo 58 del C\u00f3digo de Obligaciones suizo (CO) establece una presunci\u00f3n de responsabilidad civil para el propietario del veh\u00edculo si su uso provoca la muerte, lesiones o da\u00f1os materiales.<\/p><p>El art\u00edculo 58, apartado 3 CO especifica que el propietario del veh\u00edculo es responsable de las faltas del conductor y de los ayudantes como si fueran propias.<\/p><p>El significado del Art\u00edculo 58, p\u00e1rrafo 3 CO debe entenderse en conjunci\u00f3n con el Art\u00edculo 63 CO, que exige un seguro de responsabilidad civil para los veh\u00edculos que circulen legalmente por las v\u00edas p\u00fablicas.<\/p><p>Este seguro obligatorio cubre la responsabilidad civil del propietario y de las personas a su cargo en virtud de la LCR.<\/p><p>Adem\u00e1s, el art\u00edculo 65 LCR otorga a las v\u00edctimas el derecho a demandar directamente a la aseguradora, garantizando que puedan reclamar una indemnizaci\u00f3n a una entidad solvente.<\/p><p>Asimismo, el art\u00edculo 74 LCR crea la Oficina Nacional de Seguros (BNA).<\/p><p>La BNA est\u00e1 formada y gestionada por compa\u00f1\u00edas de seguros autorizadas a realizar seguros de responsabilidad civil para veh\u00edculos en Suiza.<\/p><p>El objetivo principal del BNA es cubrir los da\u00f1os causados por veh\u00edculos o remolques extranjeros en Suiza.<\/p><p>As\u00ed, una v\u00edctima de un accidente en Suiza puede demandar al BNA si el veh\u00edculo responsable est\u00e1 matriculado en el extranjero.<\/p><h2>Aspecto penal:<\/h2><p>Una infracci\u00f3n de la LCR conlleva una sanci\u00f3n penal, que puede incluir una multa, una contravenci\u00f3n, una sanci\u00f3n econ\u00f3mica o incluso prisi\u00f3n.<\/p><p>La autoridad penal competente depende de la gravedad de la infracci\u00f3n.<\/p><p>Las infracciones de la LCR se persiguen de oficio.<\/p><p>En los casos de accidentes con lesiones, una infracci\u00f3n de la LCR puede combinarse con otros delitos (por ejemplo, da\u00f1os materiales, lesiones corporales por negligencia, homicidio por negligencia).<\/p><p>Si el delito adicional tambi\u00e9n se persigue de oficio (por ejemplo, lesiones corporales simples), la v\u00edctima puede retirar su denuncia o decidir no presentarla.<\/p><p>Sin embargo, el proceso penal por la violaci\u00f3n de la LCR continuar\u00e1, ya que es una prerrogativa estatal.<\/p><p>El proceso penal determinar\u00e1 los hechos para el proceso administrativo.<\/p><p>Hay que tener en cuenta que los procedimientos penales y administrativos los llevan a cabo autoridades distintas y se desarrollan simult\u00e1neamente.<\/p><p>Por ello, es habitual solicitar la suspensi\u00f3n del proceso administrativo hasta que se dicte sentencia penal.<\/p><p>Esto permite al demandado asegurarse de que los hechos favorables se tienen en cuenta en el procedimiento administrativo.<\/p><p>El juez penal no decide sobre las sanciones del permiso de conducir, por lo que la necesidad personal o profesional del acusado de obtener el permiso no influye en la sanci\u00f3n penal.<\/p><h2>Aspecto administrativo:<\/h2><p>Aparte de los procedimientos relativos a la aptitud de un conductor para conducir, el inicio de un procedimiento administrativo presupone una infracci\u00f3n penal de la LCR.<\/p><p>Si se impugna la violaci\u00f3n en s\u00ed, esto debe abordarse dentro del proceso penal (v\u00e9ase el apartado B).<\/p><p>El procedimiento administrativo se ocupa de las sanciones relacionadas con la autorizaci\u00f3n para conducir.<\/p><p>Estas sanciones pueden ir desde una advertencia hasta la retirada definitiva del permiso de conducir.<\/p><p>Hay que distinguir entre una retirada de advertencia y una retirada de seguridad del permiso de conducir.<\/p><p>Una retirada de advertencia sirve para castigar al individuo por cometer una infracci\u00f3n de la LCR.<\/p><p>La duraci\u00f3n de la suspensi\u00f3n del permiso depende de la gravedad de la infracci\u00f3n, de las circunstancias y del historial de la persona.<\/p><p>Una retirada de seguridad tiene por objeto retirar a un conductor considerado peligroso para los dem\u00e1s usuarios de la carretera.<\/p><p>Tanto las retiradas preventivas como las permanentes persiguen el mismo objetivo.<\/p><p>El restablecimiento del permiso tras una retirada de seguridad requiere que la persona demuestre que es apta para volver a conducir.<\/p><p>Normalmente, esta evaluaci\u00f3n se produce tras un periodo de prueba y se basa en una evaluaci\u00f3n m\u00e9dica forense favorable.<\/p>\t\t\t\t\t\t\t\t<\/div>\n\t\t\t\t<\/div>\n\t\t\t\t\t<\/div>\n\t\t<\/div>\n\t\t\t\t\t<\/div>\n\t\t<\/section>\n\t\t\t\t<section class=\"elementor-section elementor-top-section elementor-element elementor-element-5af5a175 elementor-section-full_width elementor-section-height-min-height elementor-section-items-stretch elementor-section-content-middle elementor-section-height-default\" data-id=\"5af5a175\" data-element_type=\"section\" data-e-type=\"section\" data-settings=\"{&quot;background_background&quot;:&quot;classic&quot;}\">\n\t\t\t\t\t\t<div class=\"elementor-container elementor-column-gap-no\">\n\t\t\t\t\t<div class=\"elementor-column elementor-col-50 elementor-top-column elementor-element elementor-element-2d14c2b7\" data-id=\"2d14c2b7\" data-element_type=\"column\" data-e-type=\"column\" data-settings=\"{&quot;background_background&quot;:&quot;classic&quot;}\">\n\t\t\t<div class=\"elementor-widget-wrap elementor-element-populated\">\n\t\t\t\t\t\t<div class=\"elementor-element elementor-element-3da5b6b1 elementor-widget elementor-widget-spacer\" data-id=\"3da5b6b1\" data-element_type=\"widget\" data-e-type=\"widget\" data-widget_type=\"spacer.default\">\n\t\t\t\t<div class=\"elementor-widget-container\">\n\t\t\t\t\t\t\t<div class=\"elementor-spacer\">\n\t\t\t<div class=\"elementor-spacer-inner\"><\/div>\n\t\t<\/div>\n\t\t\t\t\t\t<\/div>\n\t\t\t\t<\/div>\n\t\t\t\t\t<\/div>\n\t\t<\/div>\n\t\t\t\t<div class=\"elementor-column elementor-col-50 elementor-top-column elementor-element elementor-element-6f45bf72\" data-id=\"6f45bf72\" data-element_type=\"column\" data-e-type=\"column\" data-settings=\"{&quot;background_background&quot;:&quot;classic&quot;}\">\n\t\t\t<div class=\"elementor-widget-wrap elementor-element-populated\">\n\t\t\t\t\t\t<div class=\"elementor-element elementor-element-785329a2 elementor-widget elementor-widget-heading\" data-id=\"785329a2\" data-element_type=\"widget\" data-e-type=\"widget\" data-widget_type=\"heading.default\">\n\t\t\t\t<div class=\"elementor-widget-container\">\n\t\t\t\t\t<p class=\"elementor-heading-title elementor-size-default\">Consulta inicial  <\/p>\t\t\t\t<\/div>\n\t\t\t\t<\/div>\n\t\t\t\t<div class=\"elementor-element elementor-element-3a4b69cc elementor-widget elementor-widget-heading\" data-id=\"3a4b69cc\" data-element_type=\"widget\" data-e-type=\"widget\" data-widget_type=\"heading.default\">\n\t\t\t\t<div class=\"elementor-widget-container\">\n\t\t\t\t\t<p class=\"elementor-heading-title elementor-size-default\">de 60 min a 220,00 CHF<\/p>\t\t\t\t<\/div>\n\t\t\t\t<\/div>\n\t\t\t\t<div class=\"elementor-element elementor-element-2d2f8e5b elementor-widget elementor-widget-text-editor\" data-id=\"2d2f8e5b\" data-element_type=\"widget\" data-e-type=\"widget\" data-widget_type=\"text-editor.default\">\n\t\t\t\t<div class=\"elementor-widget-container\">\n\t\t\t\t\t\t\t\t\tDiscute tu situaci\u00f3n con un abogado especializado en Suiza.\n\t\t\t\t\t\t\t\t<\/div>\n\t\t\t\t<\/div>\n\t\t\t\t<div class=\"elementor-element elementor-element-428968b2 elementor-widget-divider--view-line elementor-widget elementor-widget-divider\" data-id=\"428968b2\" data-element_type=\"widget\" data-e-type=\"widget\" data-widget_type=\"divider.default\">\n\t\t\t\t<div class=\"elementor-widget-container\">\n\t\t\t\t\t\t\t<div class=\"elementor-divider\">\n\t\t\t<span class=\"elementor-divider-separator\">\n\t\t\t\t\t\t<\/span>\n\t\t<\/div>\n\t\t\t\t\t\t<\/div>\n\t\t\t\t<\/div>\n\t\t\t\t<div class=\"elementor-element elementor-element-36d0e76 elementor-widget elementor-widget-text-editor\" data-id=\"36d0e76\" data-element_type=\"widget\" data-e-type=\"widget\" data-widget_type=\"text-editor.default\">\n\t\t\t\t<div class=\"elementor-widget-container\">\n\t\t\t\t\t\t\t\t\t<p>\u00bfS\u00f3lo buscas una cita para hacer algunas preguntas?<br>\u00bfNo est\u00e1s seguro de los procedimientos que deseas realizar?<br>\u00bfTu situaci\u00f3n no est\u00e1 clara?<\/p><p><strong>Opta por una primera consulta con un abogado en Ginebra.<\/strong><\/p><p>Entonces decidir\u00e1s si quieres seguir adelante y nuestros abogados te dar\u00e1n el coste del procedimiento seg\u00fan tu caso. Citas disponibles en persona o por videoconferencia. <strong><br><\/strong><\/p>\t\t\t\t\t\t\t\t<\/div>\n\t\t\t\t<\/div>\n\t\t\t\t<div class=\"elementor-element elementor-element-183e593e elementor-align-center elementor-widget elementor-widget-button\" data-id=\"183e593e\" data-element_type=\"widget\" data-e-type=\"widget\" data-widget_type=\"button.default\">\n\t\t\t\t<div class=\"elementor-widget-container\">\n\t\t\t\t\t\t\t\t\t<div class=\"elementor-button-wrapper\">\n\t\t\t\t\t<a class=\"elementor-button elementor-button-link elementor-size-sm\" href=\"https:\/\/www.geneva-lawyers.com\/es\/contacto\/\">\n\t\t\t\t\t\t<span class=\"elementor-button-content-wrapper\">\n\t\t\t\t\t\t\t\t\t<span class=\"elementor-button-text\">Pide cita con un abogado<\/span>\n\t\t\t\t\t<\/span>\n\t\t\t\t\t<\/a>\n\t\t\t\t<\/div>\n\t\t\t\t\t\t\t\t<\/div>\n\t\t\t\t<\/div>\n\t\t\t\t\t<\/div>\n\t\t<\/div>\n\t\t\t\t\t<\/div>\n\t\t<\/section>\n\t\t\t\t<\/div>\n\t\t","protected":false},"excerpt":{"rendered":"<p>Pide cita con un abogado Derecho de circulaci\u00f3n en Suiza El Derecho de la Circulaci\u00f3n es intr\u00ednsecamente multidisciplinar. Cualquier infracci\u00f3n de la Ley Federal de Circulaci\u00f3n (LCR) conlleva inevitablemente una sanci\u00f3n penal (v\u00e9ase el apartado B). En funci\u00f3n de la gravedad de la infracci\u00f3n de la LCR, tambi\u00e9n puede dar lugar a una sanci\u00f3n administrativa &#8230; <a title=\"Abogado de tr\u00e1fico en Suiza\" class=\"read-more\" href=\"https:\/\/www.geneva-lawyers.com\/es\/abogado-trafico-suiza\/\" aria-label=\"Leer m\u00e1s sobre Abogado de tr\u00e1fico en Suiza\">Leer m\u00e1s<\/a><\/p>\n","protected":false},"author":1,"featured_media":0,"parent":0,"menu_order":0,"comment_status":"closed","ping_status":"closed","template":"elementor_header_footer","meta":{"_acf_changed":false,"_seopress_robots_primary_cat":"","_seopress_titles_title":"","_seopress_titles_desc":"","_seopress_robots_index":"","footnotes":""},"class_list":["post-31732","page","type-page","status-publish"],"acf":[],"_links":{"self":[{"href":"https:\/\/www.geneva-lawyers.com\/es\/wp-json\/wp\/v2\/pages\/31732","targetHints":{"allow":["GET"]}}],"collection":[{"href":"https:\/\/www.geneva-lawyers.com\/es\/wp-json\/wp\/v2\/pages"}],"about":[{"href":"https:\/\/www.geneva-lawyers.com\/es\/wp-json\/wp\/v2\/types\/page"}],"author":[{"embeddable":true,"href":"https:\/\/www.geneva-lawyers.com\/es\/wp-json\/wp\/v2\/users\/1"}],"replies":[{"embeddable":true,"href":"https:\/\/www.geneva-lawyers.com\/es\/wp-json\/wp\/v2\/comments?post=31732"}],"version-history":[{"count":6,"href":"https:\/\/www.geneva-lawyers.com\/es\/wp-json\/wp\/v2\/pages\/31732\/revisions"}],"predecessor-version":[{"id":33769,"href":"https:\/\/www.geneva-lawyers.com\/es\/wp-json\/wp\/v2\/pages\/31732\/revisions\/33769"}],"wp:attachment":[{"href":"https:\/\/www.geneva-lawyers.com\/es\/wp-json\/wp\/v2\/media?parent=31732"}],"curies":[{"name":"wp","href":"https:\/\/api.w.org\/{rel}","templated":true}]}}