{"id":30443,"date":"2024-05-27T10:36:43","date_gmt":"2024-05-27T08:36:43","guid":{"rendered":"https:\/\/www.geneva-lawyers.com\/richiesta-di-prosecuzione-del-recupero-crediti-in-svizzera\/"},"modified":"2025-04-14T14:58:33","modified_gmt":"2025-04-14T12:58:33","slug":"richiesta-prosecuzione-recupero-crediti-svizzera","status":"publish","type":"page","link":"https:\/\/www.geneva-lawyers.com\/it\/richiesta-prosecuzione-recupero-crediti-svizzera\/","title":{"rendered":"Richiesta di prosecuzione del recupero crediti in Svizzera"},"content":{"rendered":"\t\t<div data-elementor-type=\"wp-page\" data-elementor-id=\"30443\" class=\"elementor elementor-30443 elementor-29630\" data-elementor-post-type=\"page\">\n\t\t\t\t\t\t<section class=\"elementor-section elementor-top-section elementor-element elementor-element-d25e7b1 elementor-section-boxed elementor-section-height-default elementor-section-height-default\" data-id=\"d25e7b1\" data-element_type=\"section\" data-e-type=\"section\" data-settings=\"{&quot;background_background&quot;:&quot;classic&quot;}\">\n\t\t\t\t\t\t\t<div class=\"elementor-background-overlay\"><\/div>\n\t\t\t\t\t\t\t<div class=\"elementor-container elementor-column-gap-default\">\n\t\t\t\t\t<div class=\"elementor-column elementor-col-100 elementor-top-column elementor-element elementor-element-6d6f9d64\" data-id=\"6d6f9d64\" data-element_type=\"column\" data-e-type=\"column\">\n\t\t\t<div class=\"elementor-widget-wrap elementor-element-populated\">\n\t\t\t\t\t\t<div class=\"elementor-element elementor-element-7124f12 elementor-widget-divider--view-line elementor-widget elementor-widget-divider\" data-id=\"7124f12\" data-element_type=\"widget\" data-e-type=\"widget\" data-widget_type=\"divider.default\">\n\t\t\t\t<div class=\"elementor-widget-container\">\n\t\t\t\t\t\t\t<div class=\"elementor-divider\">\n\t\t\t<span class=\"elementor-divider-separator\">\n\t\t\t\t\t\t<\/span>\n\t\t<\/div>\n\t\t\t\t\t\t<\/div>\n\t\t\t\t<\/div>\n\t\t\t\t<div class=\"elementor-element elementor-element-3173fe48 elementor-align-center elementor-widget elementor-widget-button\" data-id=\"3173fe48\" data-element_type=\"widget\" data-e-type=\"widget\" data-widget_type=\"button.default\">\n\t\t\t\t<div class=\"elementor-widget-container\">\n\t\t\t\t\t\t\t\t\t<div class=\"elementor-button-wrapper\">\n\t\t\t\t\t<a class=\"elementor-button elementor-button-link elementor-size-sm\" href=\"https:\/\/www.geneva-lawyers.com\/it\/contatto\/\">\n\t\t\t\t\t\t<span class=\"elementor-button-content-wrapper\">\n\t\t\t\t\t\t\t\t\t<span class=\"elementor-button-text\">Fissa un appuntamento con un avvocato<\/span>\n\t\t\t\t\t<\/span>\n\t\t\t\t\t<\/a>\n\t\t\t\t<\/div>\n\t\t\t\t\t\t\t\t<\/div>\n\t\t\t\t<\/div>\n\t\t\t\t\t<\/div>\n\t\t<\/div>\n\t\t\t\t\t<\/div>\n\t\t<\/section>\n\t\t\t\t<section class=\"elementor-section elementor-top-section elementor-element elementor-element-4d8a168c elementor-section-boxed elementor-section-height-default elementor-section-height-default\" data-id=\"4d8a168c\" data-element_type=\"section\" data-e-type=\"section\">\n\t\t\t\t\t\t<div class=\"elementor-container elementor-column-gap-default\">\n\t\t\t\t\t<div class=\"elementor-column elementor-col-100 elementor-top-column elementor-element elementor-element-74708eb3\" data-id=\"74708eb3\" data-element_type=\"column\" data-e-type=\"column\">\n\t\t\t<div class=\"elementor-widget-wrap elementor-element-populated\">\n\t\t\t\t\t\t<div class=\"elementor-element elementor-element-6c6add70 elementor-widget elementor-widget-heading\" data-id=\"6c6add70\" data-element_type=\"widget\" data-e-type=\"widget\" data-widget_type=\"heading.default\">\n\t\t\t\t<div class=\"elementor-widget-container\">\n\t\t\t\t\t<h2 class=\"elementor-heading-title elementor-size-default\">La richiesta di continuare il recupero crediti in Svizzera<\/h2>\t\t\t\t<\/div>\n\t\t\t\t<\/div>\n\t\t\t\t<div class=\"elementor-element elementor-element-226d8c97 elementor-widget-divider--view-line elementor-widget elementor-widget-divider\" data-id=\"226d8c97\" data-element_type=\"widget\" data-e-type=\"widget\" data-widget_type=\"divider.default\">\n\t\t\t\t<div class=\"elementor-widget-container\">\n\t\t\t\t\t\t\t<div class=\"elementor-divider\">\n\t\t\t<span class=\"elementor-divider-separator\">\n\t\t\t\t\t\t<\/span>\n\t\t<\/div>\n\t\t\t\t\t\t<\/div>\n\t\t\t\t<\/div>\n\t\t\t\t<div class=\"elementor-element elementor-element-2f7c35ca elementor-widget elementor-widget-text-editor\" data-id=\"2f7c35ca\" data-element_type=\"widget\" data-e-type=\"widget\" data-widget_type=\"text-editor.default\">\n\t\t\t\t<div class=\"elementor-widget-container\">\n\t\t\t\t\t\t\t\t\t<p>La richiesta di continuare il recupero crediti, o &#8220;r\u00e9quisition de continuer la poursuite&#8221;, \u00e8 una componente fondamentale della legge sull&#8217;esecuzione in Svizzera. Svolge un ruolo centrale nella realizzazione dei crediti e nella tutela dei diritti dei creditori. In un sistema giuridico che d\u00e0 valore alla prevedibilit\u00e0 e all&#8217;efficienza, la richiesta di prosecuzione del recupero crediti \u00e8 uno strumento indispensabile per i creditori che cercano di recuperare i crediti insoluti.  <\/p><p>La richiesta di prosecuzione del recupero crediti \u00e8 una richiesta formale fatta da un creditore per procedere con il processo di recupero nei confronti di un debitore dopo che le fasi preliminari, come l&#8217;avviso formale e il tentativo di conciliazione, sono fallite. Questa richiesta deve essere presentata in conformit\u00e0 con la legge federale sul recupero crediti e sul fallimento (LP) e segue l&#8217;annuncio ufficiale dell&#8217;avvio di una procedura esecutiva. La richiesta attiva la fase successiva del processo, consentendo al creditore di far valere i propri diritti con maggiore forza.  <\/p><p>Lo scopo della richiesta di prosecuzione del recupero crediti \u00e8 quello di garantire al creditore l&#8217;accesso ai mezzi legali necessari per recuperare il credito. In un sistema legale complesso in cui gli interessi dei creditori e dei debitori devono essere bilanciati, la richiesta funge da meccanismo regolatore, garantendo che il processo di esecuzione non si blocchi. Rappresenta un passo fondamentale che consente al creditore di avanzare il caso se il debitore non adempie ai suoi obblighi, rispettando i diritti e le tutele legali garantite al debitore.  <\/p><h2>Relazione con altri elementi della legge sulle esecuzioni<\/h2><p>La richiesta di continuare il recupero crediti nel diritto svizzero non pu\u00f2 essere compresa appieno senza esaminare il suo rapporto con altri elementi chiave del diritto dell&#8217;esecuzione, in particolare l&#8217;opposizione, la liberazione del credito e altri aspetti del processo di recupero.<\/p><p>L&#8217;<strong>opposizione<\/strong> \u00e8 un meccanismo con cui il debitore pu\u00f2 contestare un&#8217;azione esecutiva. Dopo aver ricevuto un&#8217;ingiunzione di pagamento, il debitore ha 10 giorni di tempo per presentare opposizione. Se l&#8217;opposizione viene presentata, il creditore deve presentare una richiesta di prosecuzione del recupero crediti per far avanzare il processo. Questo passaggio richiede solitamente l&#8217;ottenimento di una decisione esecutiva che dimostri la validit\u00e0 del credito. Pertanto, l&#8217;opposizione e la richiesta di prosecuzione del recupero crediti sono strettamente collegate e spesso l&#8217;una fa scattare l&#8217;altra nel processo di recupero.    <\/p><p>La <strong>liberazione del debito<\/strong> \u00e8 una procedura attraverso la quale il creditore cerca di eliminare l&#8217;opposizione fatta dal debitore. Esistono due tipi principali di liberazione del debito: provvisoria e definitiva. La liberazione provvisoria pu\u00f2 essere richiesta quando il creditore detiene un titolo di credito, mentre quella definitiva richiede una decisione giudiziaria. La richiesta di prosecuzione del recupero crediti \u00e8 strettamente correlata alla liberazione del debito, in quanto consente al creditore di proseguire il processo di recupero nonostante l&#8217;opposizione, lavorando parallelamente o consecutivamente alla procedura di liberazione del debito.   <\/p><p>Anche altri aspetti della legge sull&#8217;esecuzione dei debiti interagiscono con la richiesta di prosecuzione del recupero crediti. Ad esempio, le norme relative al pignoramento e alla liquidazione dei beni del debitore, al fallimento e alla conciliazione sono tutte collegate alla richiesta e possono influenzarne l&#8217;andamento e l&#8217;esito. <\/p><h2>Condizioni per la presentazione di una richiesta di prosecuzione del recupero crediti<\/h2><p>Una delle condizioni fondamentali per presentare una richiesta di prosecuzione del recupero crediti \u00e8 l&#8217;esistenza di un credito accertato ed esigibile. Il creditore deve avere un credito chiaramente definito e dovuto nei confronti del debitore. Questo credito deve essere ben documentato, in genere attraverso un contratto scritto, un riconoscimento del debito, una fattura non pagata o altre prove simili. In assenza di questo credito fondamentale, la richiesta sarebbe ingiustificata e potrebbe essere respinta dalle autorit\u00e0 competenti.   <\/p><p>Inoltre, la richiesta di continuare il recupero crediti richiede che le fasi preliminari del processo di recupero siano state eseguite correttamente. Ci\u00f2 include l&#8217;emissione di un avviso formale, il tentativo di conciliazione e l&#8217;ottenimento di una decisione esecutiva, se necessario. Ogni fase deve essere eseguita nel rispetto delle regole e delle scadenze previste dalla legge, in quanto qualsiasi deviazione potrebbe comportare ritardi o addirittura l&#8217;annullamento della richiesta.  <\/p><p>Anche la procedura di presentazione della richiesta di prosecuzione del recupero crediti deve essere seguita con attenzione. La richiesta deve essere depositata presso l&#8217;ufficio di esecuzione competente e deve contenere tutte le informazioni richieste dalla legge, compresi i dettagli del credito, l&#8217;identit\u00e0 del debitore e i riferimenti alle fasi preliminari del processo esecutivo. \u00c8 inoltre necessario pagare le relative tasse e la richiesta deve essere presentata entro i termini previsti, spesso entro 10 giorni dal ricevimento dell&#8217;avviso di opposizione o della decisione esecutiva.  <\/p><h3>Procedura e scadenze<\/h3><p>La procedura per presentare una richiesta di prosecuzione del recupero crediti in Svizzera \u00e8 guidata da una serie di regole e scadenze rigorose, che riflettono l&#8217;importanza attribuita alla regolarit\u00e0 e all&#8217;equit\u00e0 del processo di recupero.<\/p><p>In primo luogo, \u00e8 importante notare che la richiesta di prosecuzione del recupero crediti deve essere presentata all&#8217;ufficio di esecuzione competente. La competenza \u00e8 generalmente determinata dal luogo di residenza o di attivit\u00e0 del debitore. La scelta dell&#8217;ufficio corretto \u00e8 fondamentale, poich\u00e9 un errore in questa fase pu\u00f2 comportare il rifiuto della richiesta o inutili ritardi.  <\/p><p>Per quanto riguarda il contenuto della richiesta, questa deve essere formulata in modo attento e preciso, indicando chiaramente le informazioni essenziali come l&#8217;identit\u00e0 del creditore e del debitore, l&#8217;importo del credito e qualsiasi riferimento pertinente alle fasi preliminari del processo di recupero. \u00c8 inoltre indispensabile fornire tutti i documenti di supporto necessari, come una copia della sentenza esecutiva o del titolo di credito. <\/p><p>Le scadenze giocano un ruolo fondamentale nella procedura di richiesta di prosecuzione del recupero crediti. In genere, la richiesta deve essere presentata entro un determinato periodo di tempo dal ricevimento dell&#8217;avviso di opposizione o della decisione esecutiva, spesso entro 10 giorni. Se questa scadenza non viene rispettata, la richiesta pu\u00f2 essere respinta e il creditore pu\u00f2 perdere il diritto di procedere con il processo.  <\/p><p>Infine, non bisogna dimenticare che la richiesta di prosecuzione del recupero crediti \u00e8 anche soggetta a tasse che devono essere pagate al momento della presentazione. Queste tasse sono fissate in base a una tabella stabilita dalla legge e devono essere pagate affinch\u00e9 la richiesta venga accettata. Il mancato pagamento di queste tasse entro i termini previsti pu\u00f2 comportare il rifiuto della richiesta.  <\/p><p>La richiesta di prosecuzione del recupero crediti in Svizzera \u00e8 una procedura fondamentale che bilancia i diritti dei creditori e dei debitori. Comprendere le condizioni, le procedure e le scadenze associate a questa richiesta \u00e8 essenziale per navigare efficacemente nel processo di recupero crediti. Sia i creditori che i debitori devono essere consapevoli dei loro diritti e dei loro obblighi per proteggere i loro interessi all&#8217;interno del quadro giuridico dell&#8217;esecuzione forzata in Svizzera.  <\/p>\t\t\t\t\t\t\t\t<\/div>\n\t\t\t\t<\/div>\n\t\t\t\t\t<\/div>\n\t\t<\/div>\n\t\t\t\t\t<\/div>\n\t\t<\/section>\n\t\t\t\t<section class=\"elementor-section elementor-top-section elementor-element elementor-element-26e3dcb2 elementor-section-full_width elementor-section-height-min-height elementor-section-items-stretch elementor-section-content-middle elementor-section-height-default\" data-id=\"26e3dcb2\" data-element_type=\"section\" data-e-type=\"section\" data-settings=\"{&quot;background_background&quot;:&quot;classic&quot;}\">\n\t\t\t\t\t\t<div class=\"elementor-container elementor-column-gap-no\">\n\t\t\t\t\t<div class=\"elementor-column elementor-col-50 elementor-top-column elementor-element elementor-element-4b021901\" data-id=\"4b021901\" data-element_type=\"column\" data-e-type=\"column\" data-settings=\"{&quot;background_background&quot;:&quot;classic&quot;}\">\n\t\t\t<div class=\"elementor-widget-wrap elementor-element-populated\">\n\t\t\t\t\t\t<div class=\"elementor-element elementor-element-77af8617 elementor-widget elementor-widget-spacer\" data-id=\"77af8617\" data-element_type=\"widget\" data-e-type=\"widget\" data-widget_type=\"spacer.default\">\n\t\t\t\t<div class=\"elementor-widget-container\">\n\t\t\t\t\t\t\t<div class=\"elementor-spacer\">\n\t\t\t<div class=\"elementor-spacer-inner\"><\/div>\n\t\t<\/div>\n\t\t\t\t\t\t<\/div>\n\t\t\t\t<\/div>\n\t\t\t\t\t<\/div>\n\t\t<\/div>\n\t\t\t\t<div class=\"elementor-column elementor-col-50 elementor-top-column elementor-element elementor-element-25e8c770\" data-id=\"25e8c770\" data-element_type=\"column\" data-e-type=\"column\" data-settings=\"{&quot;background_background&quot;:&quot;classic&quot;}\">\n\t\t\t<div class=\"elementor-widget-wrap elementor-element-populated\">\n\t\t\t\t\t\t<div class=\"elementor-element elementor-element-5c31e18f elementor-widget elementor-widget-heading\" data-id=\"5c31e18f\" data-element_type=\"widget\" data-e-type=\"widget\" data-widget_type=\"heading.default\">\n\t\t\t\t<div class=\"elementor-widget-container\">\n\t\t\t\t\t<p class=\"elementor-heading-title elementor-size-default\">Consultazione iniziale  <\/p>\t\t\t\t<\/div>\n\t\t\t\t<\/div>\n\t\t\t\t<div class=\"elementor-element elementor-element-7712a6b9 elementor-widget elementor-widget-heading\" data-id=\"7712a6b9\" data-element_type=\"widget\" data-e-type=\"widget\" data-widget_type=\"heading.default\">\n\t\t\t\t<div class=\"elementor-widget-container\">\n\t\t\t\t\t<p class=\"elementor-heading-title elementor-size-default\">da 60 min a CHF 220,00<\/p>\t\t\t\t<\/div>\n\t\t\t\t<\/div>\n\t\t\t\t<div class=\"elementor-element elementor-element-280769b6 elementor-widget elementor-widget-text-editor\" data-id=\"280769b6\" data-element_type=\"widget\" data-e-type=\"widget\" data-widget_type=\"text-editor.default\">\n\t\t\t\t<div class=\"elementor-widget-container\">\n\t\t\t\t\t\t\t\t\tDiscuti la tua situazione con un avvocato specializzato in Svizzera.\n\t\t\t\t\t\t\t\t<\/div>\n\t\t\t\t<\/div>\n\t\t\t\t<div class=\"elementor-element elementor-element-4660963a elementor-widget-divider--view-line elementor-widget elementor-widget-divider\" data-id=\"4660963a\" data-element_type=\"widget\" data-e-type=\"widget\" data-widget_type=\"divider.default\">\n\t\t\t\t<div class=\"elementor-widget-container\">\n\t\t\t\t\t\t\t<div class=\"elementor-divider\">\n\t\t\t<span class=\"elementor-divider-separator\">\n\t\t\t\t\t\t<\/span>\n\t\t<\/div>\n\t\t\t\t\t\t<\/div>\n\t\t\t\t<\/div>\n\t\t\t\t<div class=\"elementor-element elementor-element-3ea0da17 elementor-widget elementor-widget-text-editor\" data-id=\"3ea0da17\" data-element_type=\"widget\" data-e-type=\"widget\" data-widget_type=\"text-editor.default\">\n\t\t\t\t<div class=\"elementor-widget-container\">\n\t\t\t\t\t\t\t\t\t<p>Stai cercando un appuntamento solo per fare qualche domanda?<br>Non sei sicuro delle procedure che vuoi intraprendere?<br>La tua situazione non \u00e8 chiara?<\/p><p><strong>Opta per una prima consultazione con un avvocato a Ginevra.<\/strong><\/p><p>Deciderai quindi se procedere e i nostri avvocati ti indicheranno il costo della procedura in base al tuo caso. Appuntamenti disponibili di persona o in videoconferenza. <strong><br><\/strong><\/p>\t\t\t\t\t\t\t\t<\/div>\n\t\t\t\t<\/div>\n\t\t\t\t<div class=\"elementor-element elementor-element-30f93ace elementor-align-center elementor-widget elementor-widget-button\" data-id=\"30f93ace\" data-element_type=\"widget\" data-e-type=\"widget\" data-widget_type=\"button.default\">\n\t\t\t\t<div class=\"elementor-widget-container\">\n\t\t\t\t\t\t\t\t\t<div class=\"elementor-button-wrapper\">\n\t\t\t\t\t<a class=\"elementor-button elementor-button-link elementor-size-sm\" href=\"https:\/\/www.geneva-lawyers.com\/it\/contatto\/\">\n\t\t\t\t\t\t<span class=\"elementor-button-content-wrapper\">\n\t\t\t\t\t\t\t\t\t<span class=\"elementor-button-text\">Prendi un appuntamento con un avvocato<\/span>\n\t\t\t\t\t<\/span>\n\t\t\t\t\t<\/a>\n\t\t\t\t<\/div>\n\t\t\t\t\t\t\t\t<\/div>\n\t\t\t\t<\/div>\n\t\t\t\t\t<\/div>\n\t\t<\/div>\n\t\t\t\t\t<\/div>\n\t\t<\/section>\n\t\t\t\t<\/div>\n\t\t","protected":false},"excerpt":{"rendered":"<p>Fissa un appuntamento con un avvocato La richiesta di continuare il recupero crediti in Svizzera La richiesta di continuare il recupero crediti, o &#8220;r\u00e9quisition de continuer la poursuite&#8221;, \u00e8 una componente fondamentale della legge sull&#8217;esecuzione in Svizzera. Svolge un ruolo centrale nella realizzazione dei crediti e nella tutela dei diritti dei creditori. In un sistema &#8230; <a title=\"Richiesta di prosecuzione del recupero crediti in Svizzera\" class=\"read-more\" href=\"https:\/\/www.geneva-lawyers.com\/it\/richiesta-prosecuzione-recupero-crediti-svizzera\/\" aria-label=\"Per saperne di pi\u00f9 su Richiesta di prosecuzione del recupero crediti in Svizzera\">Leggi tutto<\/a><\/p>\n","protected":false},"author":1,"featured_media":0,"parent":0,"menu_order":0,"comment_status":"closed","ping_status":"closed","template":"elementor_header_footer","meta":{"_acf_changed":false,"_seopress_robots_primary_cat":"","_seopress_titles_title":"","_seopress_titles_desc":"","_seopress_robots_index":"","footnotes":""},"class_list":["post-30443","page","type-page","status-publish"],"acf":[],"_links":{"self":[{"href":"https:\/\/www.geneva-lawyers.com\/it\/wp-json\/wp\/v2\/pages\/30443","targetHints":{"allow":["GET"]}}],"collection":[{"href":"https:\/\/www.geneva-lawyers.com\/it\/wp-json\/wp\/v2\/pages"}],"about":[{"href":"https:\/\/www.geneva-lawyers.com\/it\/wp-json\/wp\/v2\/types\/page"}],"author":[{"embeddable":true,"href":"https:\/\/www.geneva-lawyers.com\/it\/wp-json\/wp\/v2\/users\/1"}],"replies":[{"embeddable":true,"href":"https:\/\/www.geneva-lawyers.com\/it\/wp-json\/wp\/v2\/comments?post=30443"}],"version-history":[{"count":6,"href":"https:\/\/www.geneva-lawyers.com\/it\/wp-json\/wp\/v2\/pages\/30443\/revisions"}],"predecessor-version":[{"id":33742,"href":"https:\/\/www.geneva-lawyers.com\/it\/wp-json\/wp\/v2\/pages\/30443\/revisions\/33742"}],"wp:attachment":[{"href":"https:\/\/www.geneva-lawyers.com\/it\/wp-json\/wp\/v2\/media?parent=30443"}],"curies":[{"name":"wp","href":"https:\/\/api.w.org\/{rel}","templated":true}]}}