{"id":30461,"date":"2024-05-27T09:16:16","date_gmt":"2024-05-27T07:16:16","guid":{"rendered":"https:\/\/www.geneva-lawyers.com\/filiale-di-unazienda-straniera\/"},"modified":"2025-04-14T16:12:39","modified_gmt":"2025-04-14T14:12:39","slug":"filiale-unazienda-straniera","status":"publish","type":"page","link":"https:\/\/www.geneva-lawyers.com\/it\/filiale-unazienda-straniera\/","title":{"rendered":"Filiale di un&#8217;azienda straniera"},"content":{"rendered":"\t\t<div data-elementor-type=\"wp-page\" data-elementor-id=\"30461\" class=\"elementor elementor-30461 elementor-29574\" data-elementor-post-type=\"page\">\n\t\t\t\t\t\t<section class=\"elementor-section elementor-top-section elementor-element elementor-element-60ed72c8 elementor-section-boxed elementor-section-height-default elementor-section-height-default\" data-id=\"60ed72c8\" data-element_type=\"section\" data-e-type=\"section\" data-settings=\"{&quot;background_background&quot;:&quot;classic&quot;}\">\n\t\t\t\t\t\t\t<div class=\"elementor-background-overlay\"><\/div>\n\t\t\t\t\t\t\t<div class=\"elementor-container elementor-column-gap-default\">\n\t\t\t\t\t<div class=\"elementor-column elementor-col-100 elementor-top-column elementor-element elementor-element-2a506ff0\" data-id=\"2a506ff0\" data-element_type=\"column\" data-e-type=\"column\">\n\t\t\t<div class=\"elementor-widget-wrap elementor-element-populated\">\n\t\t\t\t\t\t<div class=\"elementor-element elementor-element-19376c1e elementor-widget-divider--view-line elementor-widget elementor-widget-divider\" data-id=\"19376c1e\" data-element_type=\"widget\" data-e-type=\"widget\" data-widget_type=\"divider.default\">\n\t\t\t\t<div class=\"elementor-widget-container\">\n\t\t\t\t\t\t\t<div class=\"elementor-divider\">\n\t\t\t<span class=\"elementor-divider-separator\">\n\t\t\t\t\t\t<\/span>\n\t\t<\/div>\n\t\t\t\t\t\t<\/div>\n\t\t\t\t<\/div>\n\t\t\t\t<div class=\"elementor-element elementor-element-1d1c0adf elementor-align-center elementor-widget elementor-widget-button\" data-id=\"1d1c0adf\" data-element_type=\"widget\" data-e-type=\"widget\" data-widget_type=\"button.default\">\n\t\t\t\t<div class=\"elementor-widget-container\">\n\t\t\t\t\t\t\t\t\t<div class=\"elementor-button-wrapper\">\n\t\t\t\t\t<a class=\"elementor-button elementor-button-link elementor-size-sm\" href=\"https:\/\/www.geneva-lawyers.com\/it\/contatto\/\">\n\t\t\t\t\t\t<span class=\"elementor-button-content-wrapper\">\n\t\t\t\t\t\t\t\t\t<span class=\"elementor-button-text\">Fissa un appuntamento con un avvocato<\/span>\n\t\t\t\t\t<\/span>\n\t\t\t\t\t<\/a>\n\t\t\t\t<\/div>\n\t\t\t\t\t\t\t\t<\/div>\n\t\t\t\t<\/div>\n\t\t\t\t\t<\/div>\n\t\t<\/div>\n\t\t\t\t\t<\/div>\n\t\t<\/section>\n\t\t\t\t<section class=\"elementor-section elementor-top-section elementor-element elementor-element-17034aa1 elementor-section-boxed elementor-section-height-default elementor-section-height-default\" data-id=\"17034aa1\" data-element_type=\"section\" data-e-type=\"section\">\n\t\t\t\t\t\t<div class=\"elementor-container elementor-column-gap-default\">\n\t\t\t\t\t<div class=\"elementor-column elementor-col-100 elementor-top-column elementor-element elementor-element-1218e03c\" data-id=\"1218e03c\" data-element_type=\"column\" data-e-type=\"column\">\n\t\t\t<div class=\"elementor-widget-wrap elementor-element-populated\">\n\t\t\t\t\t\t<div class=\"elementor-element elementor-element-2848bc61 elementor-widget elementor-widget-heading\" data-id=\"2848bc61\" data-element_type=\"widget\" data-e-type=\"widget\" data-widget_type=\"heading.default\">\n\t\t\t\t<div class=\"elementor-widget-container\">\n\t\t\t\t\t<h2 class=\"elementor-heading-title elementor-size-default\">Filiale di un'azienda straniera in Svizzera<\/h2>\t\t\t\t<\/div>\n\t\t\t\t<\/div>\n\t\t\t\t<div class=\"elementor-element elementor-element-3d3bd6fd elementor-widget-divider--view-line elementor-widget elementor-widget-divider\" data-id=\"3d3bd6fd\" data-element_type=\"widget\" data-e-type=\"widget\" data-widget_type=\"divider.default\">\n\t\t\t\t<div class=\"elementor-widget-container\">\n\t\t\t\t\t\t\t<div class=\"elementor-divider\">\n\t\t\t<span class=\"elementor-divider-separator\">\n\t\t\t\t\t\t<\/span>\n\t\t<\/div>\n\t\t\t\t\t\t<\/div>\n\t\t\t\t<\/div>\n\t\t\t\t<div class=\"elementor-element elementor-element-28a63075 elementor-widget elementor-widget-text-editor\" data-id=\"28a63075\" data-element_type=\"widget\" data-e-type=\"widget\" data-widget_type=\"text-editor.default\">\n\t\t\t\t<div class=\"elementor-widget-container\">\n\t\t\t\t\t\t\t\t\t<p>Quando un&#8217;azienda straniera desidera svolgere attivit\u00e0 commerciali in Svizzera, ha la possibilit\u00e0 di aprire una filiale nel Paese. Una filiale \u00e8 uno stabilimento commerciale che opera senza essere considerato un&#8217;entit\u00e0 legale separata dalla sua societ\u00e0 madre. Pertanto, la forma giuridica della filiale \u00e8 simile a quella dell&#8217;azienda principale. Questo testo esamina le principali caratteristiche di una filiale in Svizzera, tra cui le procedure di costituzione, la gestione, gli obblighi legali e fiscali, il processo di scioglimento e i vantaggi e gli svantaggi di questo tipo di struttura.   <\/p><h2>Costituzione e gestione di una filiale di un&#8217;azienda straniera<\/h2><p>Stabilire una filiale in Svizzera comporta diverse fasi e formalit\u00e0. Innanzitutto, l&#8217;azienda straniera deve nominare un rappresentante in Svizzera che agisca per suo conto e gestisca gli affari della filiale. Il rappresentante non deve essere necessariamente un cittadino svizzero, ma deve essere domiciliato in Svizzera. La societ\u00e0 straniera deve quindi iscriversi al Registro di Commercio svizzero, fornendo documenti come lo statuto della societ\u00e0, un estratto del registro di commercio estero e una procura che autorizzi il rappresentante svizzero ad agire per suo conto (articoli 113-114 ORC).   <\/p><p>La gestione di una filiale svizzera \u00e8 regolata dalle norme stabilite dalla societ\u00e0 estera. L&#8217;azienda pu\u00f2 determinare il potere decisionale del rappresentante svizzero, gestire i conti bancari e assegnare i compiti all&#8217;interno della filiale. L&#8217;azienda straniera pu\u00f2 anche nominare un consiglio di amministrazione per la filiale svizzera, che pu\u00f2 facilitare il processo decisionale.  <\/p><h2>Obblighi legali e fiscali<\/h2><p>Una filiale svizzera \u00e8 soggetta agli stessi obblighi legali e fiscali di una societ\u00e0 locale. Ci\u00f2 include la tenuta di una contabilit\u00e0 conforme agli standard svizzeri, la presentazione di dichiarazioni fiscali annuali e il pagamento delle imposte sui profitti generati in Svizzera. La filiale deve inoltre rispettare le leggi e i regolamenti svizzeri, in particolare quelli relativi alla protezione dei lavoratori e alla sicurezza sul posto di lavoro.  <\/p><p>La filiale \u00e8 soggetta alla tassazione svizzera, il che pu\u00f2 complicare l&#8217;ottimizzazione delle imposte poich\u00e9 le autorit\u00e0 fiscali hanno una visione d&#8217;insieme delle attivit\u00e0 della societ\u00e0 madre in Svizzera.<\/p><h2>Scioglimento<\/h2><p>Lo scioglimento di una filiale svizzera di una societ\u00e0 estera \u00e8 possibile e pu\u00f2 essere effettuato secondo specifiche procedure legali. Queste procedure variano a seconda della forma giuridica della filiale e della scelta della societ\u00e0 straniera di sciogliere la filiale. Il processo di scioglimento \u00e8 simile a quello di creazione e prevede la chiusura dei conti, il pagamento di eventuali debiti e tasse e la cancellazione della filiale dal registro delle imprese (articolo 115 ORC). I rappresentanti della filiale devono presentare una richiesta di cancellazione al registro delle imprese e fornire i documenti che giustificano lo scioglimento. Se la societ\u00e0 madre viene cancellata, la filiale viene automaticamente cancellata.    <\/p><h2>Vantaggi<\/h2><p>Stabilire una filiale svizzera di un&#8217;azienda straniera pu\u00f2 offrire diversi vantaggi, tra cui l&#8217;accesso al mercato svizzero. Creando una filiale in Svizzera, un&#8217;azienda straniera pu\u00f2 entrare in uno dei mercati pi\u00f9 stabili e prosperi del mondo. La presenza di una filiale in Svizzera pu\u00f2 anche migliorare l&#8217;immagine del marchio dell&#8217;azienda straniera, in quanto la Svizzera \u00e8 nota per i suoi elevati standard di qualit\u00e0 e per il rispetto delle norme e dei regolamenti. Inoltre, le filiali svizzere possono beneficiare di interessanti aliquote fiscali e di altri incentivi fiscali, come quelli per le attivit\u00e0 di ricerca e sviluppo. La filiale pu\u00f2 essere organizzata per soddisfare le esigenze specifiche dell&#8217;azienda straniera e dei suoi clienti.    <\/p><h2>Svantaggi<\/h2><p>La creazione di una filiale in Svizzera pu\u00f2 essere costosa a causa delle spese di costituzione, dei costi amministrativi e delle spese per il personale. Inoltre, le filiali sono considerate estensioni della societ\u00e0 madre e non sono entit\u00e0 legali separate. Ci\u00f2 significa che la societ\u00e0 madre pu\u00f2 essere ritenuta responsabile per tutte le attivit\u00e0 e i debiti della filiale svizzera. Anche le fluttuazioni valutarie possono avere un impatto sulla redditivit\u00e0 della filiale. Inoltre, le aziende straniere che operano in Svizzera possono trovarsi in conflitto con le leggi svizzere e quelle del paese d&#8217;origine. Infine, la Svizzera \u00e8 un mercato altamente competitivo con molte aziende locali e internazionali.     <\/p><p>Stabilire una filiale in Svizzera per un&#8217;azienda straniera pu\u00f2 offrire sia vantaggi che svantaggi. Le aziende devono valutare questi fattori e seguire le procedure necessarie in collaborazione con i professionisti locali per garantire la conformit\u00e0 legale. Si consiglia vivamente alle aziende straniere di consultare un avvocato per ottenere una consulenza personalizzata sui passi da compiere per la creazione di una filiale in Svizzera.  <\/p>\t\t\t\t\t\t\t\t<\/div>\n\t\t\t\t<\/div>\n\t\t\t\t\t<\/div>\n\t\t<\/div>\n\t\t\t\t\t<\/div>\n\t\t<\/section>\n\t\t\t\t<section class=\"elementor-section elementor-top-section elementor-element elementor-element-15f0d050 elementor-section-full_width elementor-section-height-min-height elementor-section-items-stretch elementor-section-content-middle elementor-section-height-default\" data-id=\"15f0d050\" data-element_type=\"section\" data-e-type=\"section\" data-settings=\"{&quot;background_background&quot;:&quot;classic&quot;}\">\n\t\t\t\t\t\t<div class=\"elementor-container elementor-column-gap-no\">\n\t\t\t\t\t<div class=\"elementor-column elementor-col-50 elementor-top-column elementor-element elementor-element-28b05e64\" data-id=\"28b05e64\" data-element_type=\"column\" data-e-type=\"column\" data-settings=\"{&quot;background_background&quot;:&quot;classic&quot;}\">\n\t\t\t<div class=\"elementor-widget-wrap elementor-element-populated\">\n\t\t\t\t\t\t<div class=\"elementor-element elementor-element-6fc2b97f elementor-widget elementor-widget-spacer\" data-id=\"6fc2b97f\" data-element_type=\"widget\" data-e-type=\"widget\" data-widget_type=\"spacer.default\">\n\t\t\t\t<div class=\"elementor-widget-container\">\n\t\t\t\t\t\t\t<div class=\"elementor-spacer\">\n\t\t\t<div class=\"elementor-spacer-inner\"><\/div>\n\t\t<\/div>\n\t\t\t\t\t\t<\/div>\n\t\t\t\t<\/div>\n\t\t\t\t\t<\/div>\n\t\t<\/div>\n\t\t\t\t<div class=\"elementor-column elementor-col-50 elementor-top-column elementor-element elementor-element-2077d7d2\" data-id=\"2077d7d2\" data-element_type=\"column\" data-e-type=\"column\" data-settings=\"{&quot;background_background&quot;:&quot;classic&quot;}\">\n\t\t\t<div class=\"elementor-widget-wrap elementor-element-populated\">\n\t\t\t\t\t\t<div class=\"elementor-element elementor-element-6088915d elementor-widget elementor-widget-heading\" data-id=\"6088915d\" data-element_type=\"widget\" data-e-type=\"widget\" data-widget_type=\"heading.default\">\n\t\t\t\t<div class=\"elementor-widget-container\">\n\t\t\t\t\t<p class=\"elementor-heading-title elementor-size-default\">Consultazione iniziale  <\/p>\t\t\t\t<\/div>\n\t\t\t\t<\/div>\n\t\t\t\t<div class=\"elementor-element elementor-element-454cb792 elementor-widget elementor-widget-heading\" data-id=\"454cb792\" data-element_type=\"widget\" data-e-type=\"widget\" data-widget_type=\"heading.default\">\n\t\t\t\t<div class=\"elementor-widget-container\">\n\t\t\t\t\t<p class=\"elementor-heading-title elementor-size-default\">da 60 min a CHF 220,00<\/p>\t\t\t\t<\/div>\n\t\t\t\t<\/div>\n\t\t\t\t<div class=\"elementor-element elementor-element-275d8e73 elementor-widget elementor-widget-text-editor\" data-id=\"275d8e73\" data-element_type=\"widget\" data-e-type=\"widget\" data-widget_type=\"text-editor.default\">\n\t\t\t\t<div class=\"elementor-widget-container\">\n\t\t\t\t\t\t\t\t\tDiscuti la tua situazione con un avvocato specializzato in Svizzera.\n\t\t\t\t\t\t\t\t<\/div>\n\t\t\t\t<\/div>\n\t\t\t\t<div class=\"elementor-element elementor-element-62d1a2dc elementor-widget-divider--view-line elementor-widget elementor-widget-divider\" data-id=\"62d1a2dc\" data-element_type=\"widget\" data-e-type=\"widget\" data-widget_type=\"divider.default\">\n\t\t\t\t<div class=\"elementor-widget-container\">\n\t\t\t\t\t\t\t<div class=\"elementor-divider\">\n\t\t\t<span class=\"elementor-divider-separator\">\n\t\t\t\t\t\t<\/span>\n\t\t<\/div>\n\t\t\t\t\t\t<\/div>\n\t\t\t\t<\/div>\n\t\t\t\t<div class=\"elementor-element elementor-element-5d85f024 elementor-widget elementor-widget-text-editor\" data-id=\"5d85f024\" data-element_type=\"widget\" data-e-type=\"widget\" data-widget_type=\"text-editor.default\">\n\t\t\t\t<div class=\"elementor-widget-container\">\n\t\t\t\t\t\t\t\t\t<p>Stai cercando un appuntamento solo per fare qualche domanda?<br>Non sei sicuro delle procedure che vuoi intraprendere?<br>La tua situazione non \u00e8 chiara?<\/p><p><strong>Opta per una prima consultazione con un avvocato a Ginevra.<\/strong><\/p><p>Deciderai quindi se procedere e i nostri avvocati ti indicheranno il costo della procedura in base al tuo caso. Appuntamenti disponibili di persona o in videoconferenza. <strong><br><\/strong><\/p>\t\t\t\t\t\t\t\t<\/div>\n\t\t\t\t<\/div>\n\t\t\t\t<div class=\"elementor-element elementor-element-3f860feb elementor-align-center elementor-widget elementor-widget-button\" data-id=\"3f860feb\" data-element_type=\"widget\" data-e-type=\"widget\" data-widget_type=\"button.default\">\n\t\t\t\t<div class=\"elementor-widget-container\">\n\t\t\t\t\t\t\t\t\t<div class=\"elementor-button-wrapper\">\n\t\t\t\t\t<a class=\"elementor-button elementor-button-link elementor-size-sm\" href=\"https:\/\/www.geneva-lawyers.com\/it\/contatto\/\">\n\t\t\t\t\t\t<span class=\"elementor-button-content-wrapper\">\n\t\t\t\t\t\t\t\t\t<span class=\"elementor-button-text\">Prendi un appuntamento con un avvocato<\/span>\n\t\t\t\t\t<\/span>\n\t\t\t\t\t<\/a>\n\t\t\t\t<\/div>\n\t\t\t\t\t\t\t\t<\/div>\n\t\t\t\t<\/div>\n\t\t\t\t\t<\/div>\n\t\t<\/div>\n\t\t\t\t\t<\/div>\n\t\t<\/section>\n\t\t\t\t<\/div>\n\t\t","protected":false},"excerpt":{"rendered":"<p>Fissa un appuntamento con un avvocato Filiale di un&#8217;azienda straniera in Svizzera Quando un&#8217;azienda straniera desidera svolgere attivit\u00e0 commerciali in Svizzera, ha la possibilit\u00e0 di aprire una filiale nel Paese. Una filiale \u00e8 uno stabilimento commerciale che opera senza essere considerato un&#8217;entit\u00e0 legale separata dalla sua societ\u00e0 madre. Pertanto, la forma giuridica della filiale \u00e8 &#8230; <a title=\"Filiale di un&#8217;azienda straniera\" class=\"read-more\" href=\"https:\/\/www.geneva-lawyers.com\/it\/filiale-unazienda-straniera\/\" aria-label=\"Per saperne di pi\u00f9 su Filiale di un&#8217;azienda straniera\">Leggi tutto<\/a><\/p>\n","protected":false},"author":1,"featured_media":0,"parent":0,"menu_order":0,"comment_status":"closed","ping_status":"closed","template":"elementor_header_footer","meta":{"_acf_changed":false,"_seopress_robots_primary_cat":"","_seopress_titles_title":"","_seopress_titles_desc":"","_seopress_robots_index":"","footnotes":""},"class_list":["post-30461","page","type-page","status-publish"],"acf":[],"_links":{"self":[{"href":"https:\/\/www.geneva-lawyers.com\/it\/wp-json\/wp\/v2\/pages\/30461","targetHints":{"allow":["GET"]}}],"collection":[{"href":"https:\/\/www.geneva-lawyers.com\/it\/wp-json\/wp\/v2\/pages"}],"about":[{"href":"https:\/\/www.geneva-lawyers.com\/it\/wp-json\/wp\/v2\/types\/page"}],"author":[{"embeddable":true,"href":"https:\/\/www.geneva-lawyers.com\/it\/wp-json\/wp\/v2\/users\/1"}],"replies":[{"embeddable":true,"href":"https:\/\/www.geneva-lawyers.com\/it\/wp-json\/wp\/v2\/comments?post=30461"}],"version-history":[{"count":6,"href":"https:\/\/www.geneva-lawyers.com\/it\/wp-json\/wp\/v2\/pages\/30461\/revisions"}],"predecessor-version":[{"id":34226,"href":"https:\/\/www.geneva-lawyers.com\/it\/wp-json\/wp\/v2\/pages\/30461\/revisions\/34226"}],"wp:attachment":[{"href":"https:\/\/www.geneva-lawyers.com\/it\/wp-json\/wp\/v2\/media?parent=30461"}],"curies":[{"name":"wp","href":"https:\/\/api.w.org\/{rel}","templated":true}]}}