{"id":30469,"date":"2024-05-27T08:54:45","date_gmt":"2024-05-27T06:54:45","guid":{"rendered":"https:\/\/www.geneva-lawyers.com\/filiale-di-una-societa-svizzera\/"},"modified":"2025-04-14T16:12:40","modified_gmt":"2025-04-14T14:12:40","slug":"filiale-societa-svizzera","status":"publish","type":"page","link":"https:\/\/www.geneva-lawyers.com\/it\/filiale-societa-svizzera\/","title":{"rendered":"Filiale di una societ\u00e0 svizzera"},"content":{"rendered":"\t\t<div data-elementor-type=\"wp-page\" data-elementor-id=\"30469\" class=\"elementor elementor-30469 elementor-29565\" data-elementor-post-type=\"page\">\n\t\t\t\t\t\t<section class=\"elementor-section elementor-top-section elementor-element elementor-element-4e544076 elementor-section-boxed elementor-section-height-default elementor-section-height-default\" data-id=\"4e544076\" data-element_type=\"section\" data-e-type=\"section\" data-settings=\"{&quot;background_background&quot;:&quot;classic&quot;}\">\n\t\t\t\t\t\t\t<div class=\"elementor-background-overlay\"><\/div>\n\t\t\t\t\t\t\t<div class=\"elementor-container elementor-column-gap-default\">\n\t\t\t\t\t<div class=\"elementor-column elementor-col-100 elementor-top-column elementor-element elementor-element-34495b6f\" data-id=\"34495b6f\" data-element_type=\"column\" data-e-type=\"column\">\n\t\t\t<div class=\"elementor-widget-wrap elementor-element-populated\">\n\t\t\t\t\t\t<div class=\"elementor-element elementor-element-54a21d92 elementor-widget-divider--view-line elementor-widget elementor-widget-divider\" data-id=\"54a21d92\" data-element_type=\"widget\" data-e-type=\"widget\" data-widget_type=\"divider.default\">\n\t\t\t\t<div class=\"elementor-widget-container\">\n\t\t\t\t\t\t\t<div class=\"elementor-divider\">\n\t\t\t<span class=\"elementor-divider-separator\">\n\t\t\t\t\t\t<\/span>\n\t\t<\/div>\n\t\t\t\t\t\t<\/div>\n\t\t\t\t<\/div>\n\t\t\t\t<div class=\"elementor-element elementor-element-23ee5ceb elementor-align-center elementor-widget elementor-widget-button\" data-id=\"23ee5ceb\" data-element_type=\"widget\" data-e-type=\"widget\" data-widget_type=\"button.default\">\n\t\t\t\t<div class=\"elementor-widget-container\">\n\t\t\t\t\t\t\t\t\t<div class=\"elementor-button-wrapper\">\n\t\t\t\t\t<a class=\"elementor-button elementor-button-link elementor-size-sm\" href=\"https:\/\/www.geneva-lawyers.com\/it\/contatto\/\">\n\t\t\t\t\t\t<span class=\"elementor-button-content-wrapper\">\n\t\t\t\t\t\t\t\t\t<span class=\"elementor-button-text\">Fissa un appuntamento con un avvocato<\/span>\n\t\t\t\t\t<\/span>\n\t\t\t\t\t<\/a>\n\t\t\t\t<\/div>\n\t\t\t\t\t\t\t\t<\/div>\n\t\t\t\t<\/div>\n\t\t\t\t\t<\/div>\n\t\t<\/div>\n\t\t\t\t\t<\/div>\n\t\t<\/section>\n\t\t\t\t<section class=\"elementor-section elementor-top-section elementor-element elementor-element-402a9a24 elementor-section-boxed elementor-section-height-default elementor-section-height-default\" data-id=\"402a9a24\" data-element_type=\"section\" data-e-type=\"section\">\n\t\t\t\t\t\t<div class=\"elementor-container elementor-column-gap-default\">\n\t\t\t\t\t<div class=\"elementor-column elementor-col-100 elementor-top-column elementor-element elementor-element-4cadb33d\" data-id=\"4cadb33d\" data-element_type=\"column\" data-e-type=\"column\">\n\t\t\t<div class=\"elementor-widget-wrap elementor-element-populated\">\n\t\t\t\t\t\t<div class=\"elementor-element elementor-element-72ae515 elementor-widget elementor-widget-heading\" data-id=\"72ae515\" data-element_type=\"widget\" data-e-type=\"widget\" data-widget_type=\"heading.default\">\n\t\t\t\t<div class=\"elementor-widget-container\">\n\t\t\t\t\t<h2 class=\"elementor-heading-title elementor-size-default\">Filiale di una societ\u00e0 svizzera<\/h2>\t\t\t\t<\/div>\n\t\t\t\t<\/div>\n\t\t\t\t<div class=\"elementor-element elementor-element-665e19d2 elementor-widget-divider--view-line elementor-widget elementor-widget-divider\" data-id=\"665e19d2\" data-element_type=\"widget\" data-e-type=\"widget\" data-widget_type=\"divider.default\">\n\t\t\t\t<div class=\"elementor-widget-container\">\n\t\t\t\t\t\t\t<div class=\"elementor-divider\">\n\t\t\t<span class=\"elementor-divider-separator\">\n\t\t\t\t\t\t<\/span>\n\t\t<\/div>\n\t\t\t\t\t\t<\/div>\n\t\t\t\t<\/div>\n\t\t\t\t<div class=\"elementor-element elementor-element-47c323d7 elementor-widget elementor-widget-text-editor\" data-id=\"47c323d7\" data-element_type=\"widget\" data-e-type=\"widget\" data-widget_type=\"text-editor.default\">\n\t\t\t\t<div class=\"elementor-widget-container\">\n\t\t\t\t\t\t\t\t\t<p>La filiale di una societ\u00e0 svizzera \u00e8 uno stabilimento commerciale che dipende dalla societ\u00e0 madre. Pu\u00f2 essere costituita sia in Svizzera che all&#8217;estero. Le aziende con sede in Svizzera hanno la possibilit\u00e0 di aprire filiali in tutto il paese. La filiale di una persona giuridica con sede in Svizzera \u00e8 disciplinata dal Codice delle Obbligazioni e dall&#8217;Ordinanza sul Registro di Commercio (articoli 109-112 ORC). Questo testo illustra le principali caratteristiche, gli obblighi legali e fiscali, la procedura di scioglimento e i vantaggi e gli svantaggi di una filiale di una societ\u00e0 svizzera.    <\/p><h2>Caratteristiche di un ramo<\/h2><p>Una filiale consente a un&#8217;azienda di svolgere le proprie attivit\u00e0 in un luogo diverso dalla sede centrale. \u00c8 considerata un&#8217;estensione delle operazioni dell&#8217;azienda in un&#8217;altra area geografica. La filiale dipende legalmente dalla casa madre ed \u00e8 finanziariamente e commercialmente legata ad essa. La filiale deve svolgere attivit\u00e0 simili a quelle della casa madre per un periodo prolungato, ma deve operare in locali separati.   <\/p><p>La filiale non ha una personalit\u00e0 giuridica distinta dalla societ\u00e0 madre. \u00c8 parte integrante della societ\u00e0 madre ed \u00e8 soggetta agli stessi obblighi legali e fiscali. Ci\u00f2 significa che la societ\u00e0 madre \u00e8 responsabile delle azioni della filiale e qualsiasi passivit\u00e0 o debito contratto dalla filiale \u00e8 attribuibile alla societ\u00e0 madre. Tuttavia, la filiale gode di una certa indipendenza nella gestione e nella direzione delle proprie attivit\u00e0. Il rappresentante della filiale deve risiedere in Svizzera e avere potere di firma.    <\/p><h2>Obblighi legali e fiscali<\/h2><p>La filiale deve rispettare diversi obblighi legali in Svizzera. Uno dei requisiti principali \u00e8 l&#8217;iscrizione della filiale presso il registro delle imprese del luogo in cui si trova (articolo 931 comma 2 CO) attraverso una richiesta. La forma autentica e la certificazione notarile non sono necessarie.  <\/p><p>La registrazione \u00e8 dichiarativa e deve includere informazioni quali la sede, la ragione sociale e la forma giuridica della societ\u00e0 madre, il numero di identificazione della sede principale, lo scopo, l&#8217;indirizzo e gli obiettivi della filiale, nonch\u00e9 i suoi rappresentanti. Potrebbero essere richiesti anche altri documenti, come uno statuto certificato. <\/p><p>La filiale \u00e8 soggetta alle stesse norme fiscali della societ\u00e0 madre. Deve rispettare le leggi fiscali svizzere e pagare le imposte locali, cantonali e federali applicabili alle sue operazioni. La filiale \u00e8 considerata una stabile organizzazione e viene tassata nel luogo in cui si trova. Deve inoltre tenere una contabilit\u00e0 separata da quella della casa madre, che le consenta di rendicontare le proprie entrate e uscite in modo indipendente. Gli utili generati dalla filiale possono essere trasferiti alla societ\u00e0 madre senza subire una doppia imposizione, grazie ai trattati fiscali internazionali che la Svizzera ha stipulato con molti paesi.    <\/p><h2>Vantaggi di una filiale<\/h2><p>La creazione di una filiale permette all&#8217;azienda di espandere le proprie attivit\u00e0 in un nuovo territorio senza dover creare una nuova entit\u00e0 legale. Inoltre, avere una filiale in un altro paese pu\u00f2 migliorare l&#8217;immagine del marchio dell&#8217;azienda presso i clienti locali e consentirle di partecipare a gare d&#8217;appalto locali altrimenti inaccessibili. La filiale beneficia anche di un certo grado di indipendenza gestionale e operativa, facilitando la gestione locale.  <\/p><h2>Svantaggi di una filiale<\/h2><p>In caso di controversia o di cattiva condotta da parte della filiale, la casa madre pu\u00f2 essere ritenuta responsabile, mettendo potenzialmente a rischio la sua reputazione e le sue finanze. Inoltre, la distanza geografica e le differenze culturali possono creare problemi di comunicazione tra la casa madre e la filiale. <\/p><h2>Scioglimento di una filiale<\/h2><p>Lo scioglimento di una filiale pu\u00f2 avvenire per diversi motivi, come il completamento dell&#8217;attivit\u00e0 per cui \u00e8 stata creata, la fusione con un&#8217;altra entit\u00e0 o la vendita della filiale. Il processo di scioglimento \u00e8 simile a quello della creazione della filiale e prevede la chiusura dei conti, il pagamento dei debiti e delle tasse e la cancellazione della filiale dal registro delle imprese. <\/p><p>I rappresentanti delle filiali devono presentare una richiesta di cancellazione presso il registro delle imprese e fornire i documenti che giustificano lo scioglimento. La cancellazione ha effetto a partire dalla pubblicazione sulla Gazzetta Ufficiale del Commercio svizzero. <\/p><p>In caso di cancellazione della societ\u00e0 madre, la filiale viene automaticamente cancellata.<\/p><p>In conclusione, la filiale \u00e8 una struttura legale pratica per le aziende svizzere che desiderano espandere le proprie attivit\u00e0 all&#8217;estero o all&#8217;interno del mercato svizzero. Offre una notevole flessibilit\u00e0 organizzativa e permette all&#8217;azienda di sfruttare l&#8217;esperienza e le risorse della casa madre. Stabilire una filiale in Svizzera \u00e8 relativamente semplice e veloce, ma richiede un&#8217;attenta considerazione di vari aspetti legali, fiscali e contabili.  <\/p>\t\t\t\t\t\t\t\t<\/div>\n\t\t\t\t<\/div>\n\t\t\t\t\t<\/div>\n\t\t<\/div>\n\t\t\t\t\t<\/div>\n\t\t<\/section>\n\t\t\t\t<section class=\"elementor-section elementor-top-section elementor-element elementor-element-164f6555 elementor-section-full_width elementor-section-height-min-height elementor-section-items-stretch elementor-section-content-middle elementor-section-height-default\" data-id=\"164f6555\" data-element_type=\"section\" data-e-type=\"section\" data-settings=\"{&quot;background_background&quot;:&quot;classic&quot;}\">\n\t\t\t\t\t\t<div class=\"elementor-container elementor-column-gap-no\">\n\t\t\t\t\t<div class=\"elementor-column elementor-col-50 elementor-top-column elementor-element elementor-element-50cb5805\" data-id=\"50cb5805\" data-element_type=\"column\" data-e-type=\"column\" data-settings=\"{&quot;background_background&quot;:&quot;classic&quot;}\">\n\t\t\t<div class=\"elementor-widget-wrap elementor-element-populated\">\n\t\t\t\t\t\t<div class=\"elementor-element elementor-element-415d29e3 elementor-widget elementor-widget-spacer\" data-id=\"415d29e3\" data-element_type=\"widget\" data-e-type=\"widget\" data-widget_type=\"spacer.default\">\n\t\t\t\t<div class=\"elementor-widget-container\">\n\t\t\t\t\t\t\t<div class=\"elementor-spacer\">\n\t\t\t<div class=\"elementor-spacer-inner\"><\/div>\n\t\t<\/div>\n\t\t\t\t\t\t<\/div>\n\t\t\t\t<\/div>\n\t\t\t\t\t<\/div>\n\t\t<\/div>\n\t\t\t\t<div class=\"elementor-column elementor-col-50 elementor-top-column elementor-element elementor-element-6c6326d1\" data-id=\"6c6326d1\" data-element_type=\"column\" data-e-type=\"column\" data-settings=\"{&quot;background_background&quot;:&quot;classic&quot;}\">\n\t\t\t<div class=\"elementor-widget-wrap elementor-element-populated\">\n\t\t\t\t\t\t<div class=\"elementor-element elementor-element-19b7aa68 elementor-widget elementor-widget-heading\" data-id=\"19b7aa68\" data-element_type=\"widget\" data-e-type=\"widget\" data-widget_type=\"heading.default\">\n\t\t\t\t<div class=\"elementor-widget-container\">\n\t\t\t\t\t<p class=\"elementor-heading-title elementor-size-default\">Consultazione iniziale  <\/p>\t\t\t\t<\/div>\n\t\t\t\t<\/div>\n\t\t\t\t<div class=\"elementor-element elementor-element-7fe159fd elementor-widget elementor-widget-heading\" data-id=\"7fe159fd\" data-element_type=\"widget\" data-e-type=\"widget\" data-widget_type=\"heading.default\">\n\t\t\t\t<div class=\"elementor-widget-container\">\n\t\t\t\t\t<p class=\"elementor-heading-title elementor-size-default\">da 60 min a CHF 220,00<\/p>\t\t\t\t<\/div>\n\t\t\t\t<\/div>\n\t\t\t\t<div class=\"elementor-element elementor-element-4aaf9012 elementor-widget elementor-widget-text-editor\" data-id=\"4aaf9012\" data-element_type=\"widget\" data-e-type=\"widget\" data-widget_type=\"text-editor.default\">\n\t\t\t\t<div class=\"elementor-widget-container\">\n\t\t\t\t\t\t\t\t\tDiscuti la tua situazione con un avvocato specializzato in Svizzera.\n\t\t\t\t\t\t\t\t<\/div>\n\t\t\t\t<\/div>\n\t\t\t\t<div class=\"elementor-element elementor-element-6923b7f elementor-widget-divider--view-line elementor-widget elementor-widget-divider\" data-id=\"6923b7f\" data-element_type=\"widget\" data-e-type=\"widget\" data-widget_type=\"divider.default\">\n\t\t\t\t<div class=\"elementor-widget-container\">\n\t\t\t\t\t\t\t<div class=\"elementor-divider\">\n\t\t\t<span class=\"elementor-divider-separator\">\n\t\t\t\t\t\t<\/span>\n\t\t<\/div>\n\t\t\t\t\t\t<\/div>\n\t\t\t\t<\/div>\n\t\t\t\t<div class=\"elementor-element elementor-element-684cfe9a elementor-widget elementor-widget-text-editor\" data-id=\"684cfe9a\" data-element_type=\"widget\" data-e-type=\"widget\" data-widget_type=\"text-editor.default\">\n\t\t\t\t<div class=\"elementor-widget-container\">\n\t\t\t\t\t\t\t\t\t<p>Stai cercando un appuntamento solo per fare qualche domanda?<br>Non sei sicuro delle procedure che vuoi intraprendere?<br>La tua situazione non \u00e8 chiara?<\/p><p><strong>Opta per una prima consultazione con un avvocato a Ginevra.<\/strong><\/p><p>Deciderai quindi se procedere e i nostri avvocati ti indicheranno il costo della procedura in base al tuo caso. Appuntamenti disponibili di persona o in videoconferenza. <strong><br><\/strong><\/p>\t\t\t\t\t\t\t\t<\/div>\n\t\t\t\t<\/div>\n\t\t\t\t<div class=\"elementor-element elementor-element-5790326c elementor-align-center elementor-widget elementor-widget-button\" data-id=\"5790326c\" data-element_type=\"widget\" data-e-type=\"widget\" data-widget_type=\"button.default\">\n\t\t\t\t<div class=\"elementor-widget-container\">\n\t\t\t\t\t\t\t\t\t<div class=\"elementor-button-wrapper\">\n\t\t\t\t\t<a class=\"elementor-button elementor-button-link elementor-size-sm\" href=\"https:\/\/www.geneva-lawyers.com\/it\/contatto\/\">\n\t\t\t\t\t\t<span class=\"elementor-button-content-wrapper\">\n\t\t\t\t\t\t\t\t\t<span class=\"elementor-button-text\">Prendi un appuntamento con un avvocato<\/span>\n\t\t\t\t\t<\/span>\n\t\t\t\t\t<\/a>\n\t\t\t\t<\/div>\n\t\t\t\t\t\t\t\t<\/div>\n\t\t\t\t<\/div>\n\t\t\t\t\t<\/div>\n\t\t<\/div>\n\t\t\t\t\t<\/div>\n\t\t<\/section>\n\t\t\t\t<\/div>\n\t\t","protected":false},"excerpt":{"rendered":"<p>Fissa un appuntamento con un avvocato Filiale di una societ\u00e0 svizzera La filiale di una societ\u00e0 svizzera \u00e8 uno stabilimento commerciale che dipende dalla societ\u00e0 madre. Pu\u00f2 essere costituita sia in Svizzera che all&#8217;estero. Le aziende con sede in Svizzera hanno la possibilit\u00e0 di aprire filiali in tutto il paese. La filiale di una persona &#8230; <a title=\"Filiale di una societ\u00e0 svizzera\" class=\"read-more\" href=\"https:\/\/www.geneva-lawyers.com\/it\/filiale-societa-svizzera\/\" aria-label=\"Per saperne di pi\u00f9 su Filiale di una societ\u00e0 svizzera\">Leggi tutto<\/a><\/p>\n","protected":false},"author":1,"featured_media":0,"parent":0,"menu_order":0,"comment_status":"closed","ping_status":"closed","template":"elementor_header_footer","meta":{"_acf_changed":false,"_seopress_robots_primary_cat":"","_seopress_titles_title":"","_seopress_titles_desc":"","_seopress_robots_index":"","footnotes":""},"class_list":["post-30469","page","type-page","status-publish"],"acf":[],"_links":{"self":[{"href":"https:\/\/www.geneva-lawyers.com\/it\/wp-json\/wp\/v2\/pages\/30469","targetHints":{"allow":["GET"]}}],"collection":[{"href":"https:\/\/www.geneva-lawyers.com\/it\/wp-json\/wp\/v2\/pages"}],"about":[{"href":"https:\/\/www.geneva-lawyers.com\/it\/wp-json\/wp\/v2\/types\/page"}],"author":[{"embeddable":true,"href":"https:\/\/www.geneva-lawyers.com\/it\/wp-json\/wp\/v2\/users\/1"}],"replies":[{"embeddable":true,"href":"https:\/\/www.geneva-lawyers.com\/it\/wp-json\/wp\/v2\/comments?post=30469"}],"version-history":[{"count":6,"href":"https:\/\/www.geneva-lawyers.com\/it\/wp-json\/wp\/v2\/pages\/30469\/revisions"}],"predecessor-version":[{"id":34233,"href":"https:\/\/www.geneva-lawyers.com\/it\/wp-json\/wp\/v2\/pages\/30469\/revisions\/34233"}],"wp:attachment":[{"href":"https:\/\/www.geneva-lawyers.com\/it\/wp-json\/wp\/v2\/media?parent=30469"}],"curies":[{"name":"wp","href":"https:\/\/api.w.org\/{rel}","templated":true}]}}