{"id":30475,"date":"2024-05-27T08:51:12","date_gmt":"2024-05-27T06:51:12","guid":{"rendered":"https:\/\/www.geneva-lawyers.com\/partnership-semplice\/"},"modified":"2025-04-14T15:21:22","modified_gmt":"2025-04-14T13:21:22","slug":"partnership-semplice","status":"publish","type":"page","link":"https:\/\/www.geneva-lawyers.com\/it\/partnership-semplice\/","title":{"rendered":"Partnership semplice"},"content":{"rendered":"\t\t<div data-elementor-type=\"wp-page\" data-elementor-id=\"30475\" class=\"elementor elementor-30475 elementor-29558\" data-elementor-post-type=\"page\">\n\t\t\t\t\t\t<section class=\"elementor-section elementor-top-section elementor-element elementor-element-5f260eb8 elementor-section-boxed elementor-section-height-default elementor-section-height-default\" data-id=\"5f260eb8\" data-element_type=\"section\" data-e-type=\"section\" data-settings=\"{&quot;background_background&quot;:&quot;classic&quot;}\">\n\t\t\t\t\t\t\t<div class=\"elementor-background-overlay\"><\/div>\n\t\t\t\t\t\t\t<div class=\"elementor-container elementor-column-gap-default\">\n\t\t\t\t\t<div class=\"elementor-column elementor-col-100 elementor-top-column elementor-element elementor-element-1b0dbfcc\" data-id=\"1b0dbfcc\" data-element_type=\"column\" data-e-type=\"column\">\n\t\t\t<div class=\"elementor-widget-wrap elementor-element-populated\">\n\t\t\t\t\t\t<div class=\"elementor-element elementor-element-760f6616 elementor-widget-divider--view-line elementor-widget elementor-widget-divider\" data-id=\"760f6616\" data-element_type=\"widget\" data-e-type=\"widget\" data-widget_type=\"divider.default\">\n\t\t\t\t<div class=\"elementor-widget-container\">\n\t\t\t\t\t\t\t<div class=\"elementor-divider\">\n\t\t\t<span class=\"elementor-divider-separator\">\n\t\t\t\t\t\t<\/span>\n\t\t<\/div>\n\t\t\t\t\t\t<\/div>\n\t\t\t\t<\/div>\n\t\t\t\t<div class=\"elementor-element elementor-element-39f96487 elementor-align-center elementor-widget elementor-widget-button\" data-id=\"39f96487\" data-element_type=\"widget\" data-e-type=\"widget\" data-widget_type=\"button.default\">\n\t\t\t\t<div class=\"elementor-widget-container\">\n\t\t\t\t\t\t\t\t\t<div class=\"elementor-button-wrapper\">\n\t\t\t\t\t<a class=\"elementor-button elementor-button-link elementor-size-sm\" href=\"https:\/\/www.geneva-lawyers.com\/it\/contatto\/\">\n\t\t\t\t\t\t<span class=\"elementor-button-content-wrapper\">\n\t\t\t\t\t\t\t\t\t<span class=\"elementor-button-text\">Fissa un appuntamento con un avvocato<\/span>\n\t\t\t\t\t<\/span>\n\t\t\t\t\t<\/a>\n\t\t\t\t<\/div>\n\t\t\t\t\t\t\t\t<\/div>\n\t\t\t\t<\/div>\n\t\t\t\t\t<\/div>\n\t\t<\/div>\n\t\t\t\t\t<\/div>\n\t\t<\/section>\n\t\t\t\t<section class=\"elementor-section elementor-top-section elementor-element elementor-element-556a15c6 elementor-section-boxed elementor-section-height-default elementor-section-height-default\" data-id=\"556a15c6\" data-element_type=\"section\" data-e-type=\"section\">\n\t\t\t\t\t\t<div class=\"elementor-container elementor-column-gap-default\">\n\t\t\t\t\t<div class=\"elementor-column elementor-col-100 elementor-top-column elementor-element elementor-element-49fb9f88\" data-id=\"49fb9f88\" data-element_type=\"column\" data-e-type=\"column\">\n\t\t\t<div class=\"elementor-widget-wrap elementor-element-populated\">\n\t\t\t\t\t\t<div class=\"elementor-element elementor-element-26644e83 elementor-widget elementor-widget-heading\" data-id=\"26644e83\" data-element_type=\"widget\" data-e-type=\"widget\" data-widget_type=\"heading.default\">\n\t\t\t\t<div class=\"elementor-widget-container\">\n\t\t\t\t\t<h2 class=\"elementor-heading-title elementor-size-default\">Societ\u00e0 semplice in Svizzera<\/h2>\t\t\t\t<\/div>\n\t\t\t\t<\/div>\n\t\t\t\t<div class=\"elementor-element elementor-element-124c4586 elementor-widget-divider--view-line elementor-widget elementor-widget-divider\" data-id=\"124c4586\" data-element_type=\"widget\" data-e-type=\"widget\" data-widget_type=\"divider.default\">\n\t\t\t\t<div class=\"elementor-widget-container\">\n\t\t\t\t\t\t\t<div class=\"elementor-divider\">\n\t\t\t<span class=\"elementor-divider-separator\">\n\t\t\t\t\t\t<\/span>\n\t\t<\/div>\n\t\t\t\t\t\t<\/div>\n\t\t\t\t<\/div>\n\t\t\t\t<div class=\"elementor-element elementor-element-61204ae4 elementor-widget elementor-widget-text-editor\" data-id=\"61204ae4\" data-element_type=\"widget\" data-e-type=\"widget\" data-widget_type=\"text-editor.default\">\n\t\t\t\t<div class=\"elementor-widget-container\">\n\t\t\t\t\t\t\t\t\t<p>La societ\u00e0 semplice in Svizzera \u00e8 la forma pi\u00f9 elementare di societ\u00e0, disciplinata dal Codice delle obbligazioni svizzero (articoli 530-551 CO). Si forma attraverso un accordo tra due o pi\u00f9 persone che mettono in comune le proprie risorse e competenze per raggiungere un obiettivo comune (articolo 530 comma 1 CO). A differenza di altri tipi di societ\u00e0, la societ\u00e0 semplice \u00e8 considerata un contratto piuttosto che una societ\u00e0 formale, anche se \u00e8 alla base di tutte le altre forme di partnership. In particolare, un&#8217;entit\u00e0 pu\u00f2 essere considerata una societ\u00e0 semplice solo se non soddisfa le condizioni di un altro tipo di societ\u00e0 (articolo 530 comma 2 CO).   <\/p><h2>I vantaggi di una partnership semplice<\/h2><p>La societ\u00e0 semplice offre ai soci una notevole libert\u00e0 nel determinare i termini della loro collaborazione e la distribuzione degli utili e delle perdite. A differenza di altre forme di societ\u00e0, la costituzione di una societ\u00e0 semplice \u00e8 semplice e poco costosa. Non richiede la registrazione presso il Registro delle Imprese, consentendo ai soci di mantenere la riservatezza.  <\/p><h2>Svantaggi di una societ\u00e0 semplice<\/h2><p>I soci di una societ\u00e0 semplice sono responsabili in solido per i debiti della societ\u00e0 senza limitazioni. Ci\u00f2 significa che ogni socio \u00e8 responsabile dell&#8217;intero debito della societ\u00e0 e i creditori possono chiedere il pagamento a tutti o a ciascuno dei soci. Inoltre, una societ\u00e0 semplice non ha personalit\u00e0 giuridica, ovvero i soci sono identificati personalmente con la societ\u00e0. Questo pu\u00f2 creare problemi per la successione o il trasferimento delle quote di propriet\u00e0. Inoltre, una societ\u00e0 semplice pu\u00f2 avere difficolt\u00e0 a ottenere finanziamenti significativi perch\u00e9 non pu\u00f2 emettere titoli azionari.    <\/p><h2>Formazione e gestione di una societ\u00e0 semplice<\/h2><p>In genere, le partnership semplici hanno una durata limitata, come i consorzi edilizi che si sciolgono una volta completato il progetto. Vengono percepite all&#8217;esterno come comunit\u00e0 di interessi economici e mancano di personalit\u00e0 giuridica e di un nome ufficiale, spesso si formano senza che i partecipanti ne siano esplicitamente consapevoli, il che \u00e8 noto come &#8220;partnership di fatto&#8221;. <\/p><p>La costituzione di una societ\u00e0 semplice in Svizzera non richiede particolari formalit\u00e0. Non pu\u00f2 essere registrata presso il Registro delle Imprese. Tuttavia, \u00e8 consigliabile redigere un accordo di partnership firmato da tutti i partner, che possa delineare le regole di gestione della partnership, la distribuzione dei compiti e le responsabilit\u00e0.  <\/p><p>Ogni socio deve apportare un contributo alla societ\u00e0 semplice, che pu\u00f2 essere in denaro, in un credito o in un bene (articolo 531 comma 1 CO). Se non diversamente specificato nel contratto di societ\u00e0, ogni socio ha uguale diritto agli utili e uguale responsabilit\u00e0 per le perdite, indipendentemente dalla natura e dal valore del suo contributo (articolo 533 comma 1 CO). <\/p><p>La gestione di una societ\u00e0 semplice \u00e8 affidata ai soci, con decisioni prese di comune accordo (articolo 534 comma 1 CO). Tuttavia, i soci possono nominare uno o pi\u00f9 manager che gestiscano la societ\u00e0 per loro conto, che possono essere soci o terzi. La nomina e la revoca dei manager devono essere decise dai soci. I manager sono responsabili delle operazioni quotidiane della societ\u00e0 semplice, devono agire nell&#8217;interesse della societ\u00e0 e dei soci, rispettare i requisiti di legge e tenere informati i soci sulla situazione finanziaria della societ\u00e0.   <\/p><p>Ai soci \u00e8 vietato intraprendere attivit\u00e0 che siano in conflitto con gli obiettivi della partnership o che li danneggino a proprio vantaggio (articolo 536 CO).<\/p><h2>Tassazione<\/h2><p>In Svizzera, le societ\u00e0 semplici sono soggette alle imposte sul reddito e sul capitale, come le altre forme di societ\u00e0. Poich\u00e9 una societ\u00e0 semplice non ha una personalit\u00e0 giuridica separata, i suoi profitti sono tassati direttamente a livello dei soci in base alle loro rispettive quote. Inoltre, i soci sono soggetti all&#8217;imposta sul patrimonio, che viene calcolata sul loro patrimonio totale, compresa la loro quota nella societ\u00e0 semplice.  <\/p><p>Una societ\u00e0 semplice \u00e8 facile da costituire e offre vantaggi fiscali, ma comporta anche rischi significativi di responsabilit\u00e0 e potenziali conflitti tra i soci. I potenziali soci dovrebbero comprendere appieno i vantaggi e gli svantaggi di una societ\u00e0 semplice. \u00c8 consigliabile consultare un avvocato per garantire il rispetto di tutti i requisiti legali nella costituzione di una societ\u00e0 semplice.  <\/p>\t\t\t\t\t\t\t\t<\/div>\n\t\t\t\t<\/div>\n\t\t\t\t\t<\/div>\n\t\t<\/div>\n\t\t\t\t\t<\/div>\n\t\t<\/section>\n\t\t\t\t<section class=\"elementor-section elementor-top-section elementor-element elementor-element-33db7e23 elementor-section-full_width elementor-section-height-min-height elementor-section-items-stretch elementor-section-content-middle elementor-section-height-default\" data-id=\"33db7e23\" data-element_type=\"section\" data-e-type=\"section\" data-settings=\"{&quot;background_background&quot;:&quot;classic&quot;}\">\n\t\t\t\t\t\t<div class=\"elementor-container elementor-column-gap-no\">\n\t\t\t\t\t<div class=\"elementor-column elementor-col-50 elementor-top-column elementor-element elementor-element-744aadaf\" data-id=\"744aadaf\" data-element_type=\"column\" data-e-type=\"column\" data-settings=\"{&quot;background_background&quot;:&quot;classic&quot;}\">\n\t\t\t<div class=\"elementor-widget-wrap elementor-element-populated\">\n\t\t\t\t\t\t<div class=\"elementor-element elementor-element-e9a7af2 elementor-widget elementor-widget-spacer\" data-id=\"e9a7af2\" data-element_type=\"widget\" data-e-type=\"widget\" data-widget_type=\"spacer.default\">\n\t\t\t\t<div class=\"elementor-widget-container\">\n\t\t\t\t\t\t\t<div class=\"elementor-spacer\">\n\t\t\t<div class=\"elementor-spacer-inner\"><\/div>\n\t\t<\/div>\n\t\t\t\t\t\t<\/div>\n\t\t\t\t<\/div>\n\t\t\t\t\t<\/div>\n\t\t<\/div>\n\t\t\t\t<div class=\"elementor-column elementor-col-50 elementor-top-column elementor-element elementor-element-677fc869\" data-id=\"677fc869\" data-element_type=\"column\" data-e-type=\"column\" data-settings=\"{&quot;background_background&quot;:&quot;classic&quot;}\">\n\t\t\t<div class=\"elementor-widget-wrap elementor-element-populated\">\n\t\t\t\t\t\t<div class=\"elementor-element elementor-element-69959364 elementor-widget elementor-widget-heading\" data-id=\"69959364\" data-element_type=\"widget\" data-e-type=\"widget\" data-widget_type=\"heading.default\">\n\t\t\t\t<div class=\"elementor-widget-container\">\n\t\t\t\t\t<p class=\"elementor-heading-title elementor-size-default\">Consultazione iniziale  <\/p>\t\t\t\t<\/div>\n\t\t\t\t<\/div>\n\t\t\t\t<div class=\"elementor-element elementor-element-cde27e2 elementor-widget elementor-widget-heading\" data-id=\"cde27e2\" data-element_type=\"widget\" data-e-type=\"widget\" data-widget_type=\"heading.default\">\n\t\t\t\t<div class=\"elementor-widget-container\">\n\t\t\t\t\t<p class=\"elementor-heading-title elementor-size-default\">da 60 min a CHF 220,00<\/p>\t\t\t\t<\/div>\n\t\t\t\t<\/div>\n\t\t\t\t<div class=\"elementor-element elementor-element-5e5fb499 elementor-widget elementor-widget-text-editor\" data-id=\"5e5fb499\" data-element_type=\"widget\" data-e-type=\"widget\" data-widget_type=\"text-editor.default\">\n\t\t\t\t<div class=\"elementor-widget-container\">\n\t\t\t\t\t\t\t\t\tDiscuti la tua situazione con un avvocato specializzato in Svizzera.\n\t\t\t\t\t\t\t\t<\/div>\n\t\t\t\t<\/div>\n\t\t\t\t<div class=\"elementor-element elementor-element-4e9f063a elementor-widget-divider--view-line elementor-widget elementor-widget-divider\" data-id=\"4e9f063a\" data-element_type=\"widget\" data-e-type=\"widget\" data-widget_type=\"divider.default\">\n\t\t\t\t<div class=\"elementor-widget-container\">\n\t\t\t\t\t\t\t<div class=\"elementor-divider\">\n\t\t\t<span class=\"elementor-divider-separator\">\n\t\t\t\t\t\t<\/span>\n\t\t<\/div>\n\t\t\t\t\t\t<\/div>\n\t\t\t\t<\/div>\n\t\t\t\t<div class=\"elementor-element elementor-element-4160f05d elementor-widget elementor-widget-text-editor\" data-id=\"4160f05d\" data-element_type=\"widget\" data-e-type=\"widget\" data-widget_type=\"text-editor.default\">\n\t\t\t\t<div class=\"elementor-widget-container\">\n\t\t\t\t\t\t\t\t\t<p>Stai cercando un appuntamento solo per fare qualche domanda?<br>Non sei sicuro delle procedure che vuoi intraprendere?<br>La tua situazione non \u00e8 chiara?<\/p><p><strong>Opta per una prima consultazione con un avvocato a Ginevra.<\/strong><\/p><p>Deciderai quindi se procedere e i nostri avvocati ti indicheranno il costo della procedura in base al tuo caso. Appuntamenti disponibili di persona o in videoconferenza. <strong><br><\/strong><\/p>\t\t\t\t\t\t\t\t<\/div>\n\t\t\t\t<\/div>\n\t\t\t\t<div class=\"elementor-element elementor-element-28b093ec elementor-align-center elementor-widget elementor-widget-button\" data-id=\"28b093ec\" data-element_type=\"widget\" data-e-type=\"widget\" data-widget_type=\"button.default\">\n\t\t\t\t<div class=\"elementor-widget-container\">\n\t\t\t\t\t\t\t\t\t<div class=\"elementor-button-wrapper\">\n\t\t\t\t\t<a class=\"elementor-button elementor-button-link elementor-size-sm\" href=\"https:\/\/www.geneva-lawyers.com\/it\/contatto\/\">\n\t\t\t\t\t\t<span class=\"elementor-button-content-wrapper\">\n\t\t\t\t\t\t\t\t\t<span class=\"elementor-button-text\">Prendi un appuntamento con un avvocato<\/span>\n\t\t\t\t\t<\/span>\n\t\t\t\t\t<\/a>\n\t\t\t\t<\/div>\n\t\t\t\t\t\t\t\t<\/div>\n\t\t\t\t<\/div>\n\t\t\t\t\t<\/div>\n\t\t<\/div>\n\t\t\t\t\t<\/div>\n\t\t<\/section>\n\t\t\t\t<\/div>\n\t\t","protected":false},"excerpt":{"rendered":"<p>Fissa un appuntamento con un avvocato Societ\u00e0 semplice in Svizzera La societ\u00e0 semplice in Svizzera \u00e8 la forma pi\u00f9 elementare di societ\u00e0, disciplinata dal Codice delle obbligazioni svizzero (articoli 530-551 CO). Si forma attraverso un accordo tra due o pi\u00f9 persone che mettono in comune le proprie risorse e competenze per raggiungere un obiettivo comune &#8230; <a title=\"Partnership semplice\" class=\"read-more\" href=\"https:\/\/www.geneva-lawyers.com\/it\/partnership-semplice\/\" aria-label=\"Per saperne di pi\u00f9 su Partnership semplice\">Leggi tutto<\/a><\/p>\n","protected":false},"author":1,"featured_media":0,"parent":0,"menu_order":0,"comment_status":"closed","ping_status":"closed","template":"elementor_header_footer","meta":{"_acf_changed":false,"_seopress_robots_primary_cat":"","_seopress_titles_title":"","_seopress_titles_desc":"","_seopress_robots_index":"","footnotes":""},"class_list":["post-30475","page","type-page","status-publish"],"acf":[],"_links":{"self":[{"href":"https:\/\/www.geneva-lawyers.com\/it\/wp-json\/wp\/v2\/pages\/30475","targetHints":{"allow":["GET"]}}],"collection":[{"href":"https:\/\/www.geneva-lawyers.com\/it\/wp-json\/wp\/v2\/pages"}],"about":[{"href":"https:\/\/www.geneva-lawyers.com\/it\/wp-json\/wp\/v2\/types\/page"}],"author":[{"embeddable":true,"href":"https:\/\/www.geneva-lawyers.com\/it\/wp-json\/wp\/v2\/users\/1"}],"replies":[{"embeddable":true,"href":"https:\/\/www.geneva-lawyers.com\/it\/wp-json\/wp\/v2\/comments?post=30475"}],"version-history":[{"count":6,"href":"https:\/\/www.geneva-lawyers.com\/it\/wp-json\/wp\/v2\/pages\/30475\/revisions"}],"predecessor-version":[{"id":33820,"href":"https:\/\/www.geneva-lawyers.com\/it\/wp-json\/wp\/v2\/pages\/30475\/revisions\/33820"}],"wp:attachment":[{"href":"https:\/\/www.geneva-lawyers.com\/it\/wp-json\/wp\/v2\/media?parent=30475"}],"curies":[{"name":"wp","href":"https:\/\/api.w.org\/{rel}","templated":true}]}}