{"id":30589,"date":"2024-05-23T13:28:32","date_gmt":"2024-05-23T11:28:32","guid":{"rendered":"https:\/\/www.geneva-lawyers.com\/imposta-sulla-distribuzione-dei-dividendi-in-svizzera\/"},"modified":"2025-04-14T15:55:51","modified_gmt":"2025-04-14T13:55:51","slug":"imposta-distribuzione-dividendi-svizzera","status":"publish","type":"page","link":"https:\/\/www.geneva-lawyers.com\/it\/imposta-distribuzione-dividendi-svizzera\/","title":{"rendered":"Imposta sulla distribuzione dei dividendi in Svizzera"},"content":{"rendered":"\t\t<div data-elementor-type=\"wp-page\" data-elementor-id=\"30589\" class=\"elementor elementor-30589 elementor-29264\" data-elementor-post-type=\"page\">\n\t\t\t\t\t\t<section class=\"elementor-section elementor-top-section elementor-element elementor-element-644768cd elementor-section-boxed elementor-section-height-default elementor-section-height-default\" data-id=\"644768cd\" data-element_type=\"section\" data-e-type=\"section\" data-settings=\"{&quot;background_background&quot;:&quot;classic&quot;}\">\n\t\t\t\t\t\t\t<div class=\"elementor-background-overlay\"><\/div>\n\t\t\t\t\t\t\t<div class=\"elementor-container elementor-column-gap-default\">\n\t\t\t\t\t<div class=\"elementor-column elementor-col-100 elementor-top-column elementor-element elementor-element-7a95f2c5\" data-id=\"7a95f2c5\" data-element_type=\"column\" data-e-type=\"column\">\n\t\t\t<div class=\"elementor-widget-wrap elementor-element-populated\">\n\t\t\t\t\t\t<div class=\"elementor-element elementor-element-1ae23e45 elementor-widget-divider--view-line elementor-widget elementor-widget-divider\" data-id=\"1ae23e45\" data-element_type=\"widget\" data-e-type=\"widget\" data-widget_type=\"divider.default\">\n\t\t\t\t<div class=\"elementor-widget-container\">\n\t\t\t\t\t\t\t<div class=\"elementor-divider\">\n\t\t\t<span class=\"elementor-divider-separator\">\n\t\t\t\t\t\t<\/span>\n\t\t<\/div>\n\t\t\t\t\t\t<\/div>\n\t\t\t\t<\/div>\n\t\t\t\t<div class=\"elementor-element elementor-element-27dd20f1 elementor-align-center elementor-widget elementor-widget-button\" data-id=\"27dd20f1\" data-element_type=\"widget\" data-e-type=\"widget\" data-widget_type=\"button.default\">\n\t\t\t\t<div class=\"elementor-widget-container\">\n\t\t\t\t\t\t\t\t\t<div class=\"elementor-button-wrapper\">\n\t\t\t\t\t<a class=\"elementor-button elementor-button-link elementor-size-sm\" href=\"https:\/\/www.geneva-lawyers.com\/it\/contatto\/\">\n\t\t\t\t\t\t<span class=\"elementor-button-content-wrapper\">\n\t\t\t\t\t\t\t\t\t<span class=\"elementor-button-text\">Fissa un appuntamento con un avvocato<\/span>\n\t\t\t\t\t<\/span>\n\t\t\t\t\t<\/a>\n\t\t\t\t<\/div>\n\t\t\t\t\t\t\t\t<\/div>\n\t\t\t\t<\/div>\n\t\t\t\t\t<\/div>\n\t\t<\/div>\n\t\t\t\t\t<\/div>\n\t\t<\/section>\n\t\t\t\t<section class=\"elementor-section elementor-top-section elementor-element elementor-element-57cc74c6 elementor-section-boxed elementor-section-height-default elementor-section-height-default\" data-id=\"57cc74c6\" data-element_type=\"section\" data-e-type=\"section\">\n\t\t\t\t\t\t<div class=\"elementor-container elementor-column-gap-default\">\n\t\t\t\t\t<div class=\"elementor-column elementor-col-100 elementor-top-column elementor-element elementor-element-47c74329\" data-id=\"47c74329\" data-element_type=\"column\" data-e-type=\"column\">\n\t\t\t<div class=\"elementor-widget-wrap elementor-element-populated\">\n\t\t\t\t\t\t<div class=\"elementor-element elementor-element-808d281 elementor-widget elementor-widget-heading\" data-id=\"808d281\" data-element_type=\"widget\" data-e-type=\"widget\" data-widget_type=\"heading.default\">\n\t\t\t\t<div class=\"elementor-widget-container\">\n\t\t\t\t\t<h2 class=\"elementor-heading-title elementor-size-default\">Imposta sulla distribuzione dei dividendi in Svizzera\n<\/h2>\t\t\t\t<\/div>\n\t\t\t\t<\/div>\n\t\t\t\t<div class=\"elementor-element elementor-element-78b60d4e elementor-widget-divider--view-line elementor-widget elementor-widget-divider\" data-id=\"78b60d4e\" data-element_type=\"widget\" data-e-type=\"widget\" data-widget_type=\"divider.default\">\n\t\t\t\t<div class=\"elementor-widget-container\">\n\t\t\t\t\t\t\t<div class=\"elementor-divider\">\n\t\t\t<span class=\"elementor-divider-separator\">\n\t\t\t\t\t\t<\/span>\n\t\t<\/div>\n\t\t\t\t\t\t<\/div>\n\t\t\t\t<\/div>\n\t\t\t\t<div class=\"elementor-element elementor-element-68ad1d0f elementor-widget elementor-widget-text-editor\" data-id=\"68ad1d0f\" data-element_type=\"widget\" data-e-type=\"widget\" data-widget_type=\"text-editor.default\">\n\t\t\t\t<div class=\"elementor-widget-container\">\n\t\t\t\t\t\t\t\t\t<p>In Svizzera, l&#8217;imposta sulla distribuzione dei dividendi viene applicata alle societ\u00e0 che distribuiscono dividendi ai propri azionisti e viene spesso chiamata &#8220;imposta sui dividendi&#8221;. La legislazione svizzera prevede che le societ\u00e0 paghino questa imposta per garantire che il reddito derivante da queste distribuzioni sia tassato. L&#8217;imposta sulla distribuzione dei dividendi \u00e8 un&#8217;imposta federale disciplinata dalla Legge federale sull&#8217;imposta alla fonte (LIA), che regola anche altre imposte indirette come quelle sugli interessi e sulle plusvalenze. Questa imposta si applica alle societ\u00e0 svizzere e alle societ\u00e0 straniere con una filiale in Svizzera. Tuttavia, le societ\u00e0 straniere possono essere esentate dall&#8217;imposta sui dividendi se esiste un trattato sulla doppia imposizione tra il loro paese e la Svizzera.    <\/p><h2>Tipi di societ\u00e0 soggette all&#8217;imposta sui dividendi<\/h2><p>Tutte le societ\u00e0 svizzere sono soggette all&#8217;imposta sui dividendi, ma l&#8217;aliquota varia a seconda del tipo di societ\u00e0. Le societ\u00e0 a responsabilit\u00e0 limitata (GmbH) e le societ\u00e0 per azioni (AG) sono le forme pi\u00f9 comuni in Svizzera e sono entrambe soggette a questa imposta. Anche le societ\u00e0 semplici (KG) e le societ\u00e0 in accomandita per azioni (KGaA) sono soggette a questa imposta. Tuttavia, le societ\u00e0 in nome collettivo (OHG) non lo sono, in quanto non sono considerate entit\u00e0 imponibili separate; gli utili vengono tassati direttamente sui beneficiari.   <\/p><h2>Calcolo dell&#8217;imposta sui dividendi<\/h2><p>Il calcolo dell&#8217;imposta sui dividendi si basa sull&#8217;utile distribuibile di una societ\u00e0, determinato deducendo le spese deducibili dai ricavi della societ\u00e0. L&#8217;utile distribuibile \u00e8 quindi soggetto all&#8217;imposta sul reddito delle societ\u00e0 secondo l&#8217;aliquota applicabile. Dopo aver calcolato l&#8217;imposta sul reddito societario, la societ\u00e0 determina l&#8217;importo dei dividendi da distribuire agli azionisti. Una volta determinato l&#8217;importo, la societ\u00e0 deve trattenere l&#8217;imposta sulla distribuzione dei dividendi all&#8217;aliquota applicabile prima di distribuire i dividendi agli azionisti. L&#8217;aliquota varia a seconda della situazione della societ\u00e0 e dell&#8217;azionista. Anche gli azionisti stranieri sono soggetti all&#8217;imposta sui dividendi, ma l&#8217;aliquota pu\u00f2 essere ridotta in base a un trattato di doppia imposizione tra la Svizzera e il loro paese di residenza. Inoltre, i dividendi ricevuti dalle societ\u00e0 non sono soggetti all&#8217;imposta sulla distribuzione dei dividendi. Le societ\u00e0 possono dedurre i dividendi ricevuti dal loro utile imponibile, riducendo cos\u00ec il loro carico fiscale complessivo.       <\/p><h2>Regimi fiscali vantaggiosi per le aziende svizzere<\/h2><p>Le societ\u00e0 svizzere possono beneficiare di regimi fiscali favorevoli che aiutano a ridurre l&#8217;onere fiscale sui dividendi. Tra i regimi vantaggiosi pi\u00f9 comuni ci sono il regime di holding e lo sgravio di partecipazione. Il regime delle holding consente alle societ\u00e0 svizzere di detenere azioni di societ\u00e0 estere e di beneficiare di un&#8217;aliquota fiscale favorevole sui dividendi ricevuti. Inoltre, possono dedurre alcune spese dal loro reddito imponibile, riducendo ulteriormente il loro carico fiscale.   <\/p><h2>Sgravi per la partecipazione<\/h2><p>Lo sgravio sulle partecipazioni \u00e8 un regime fiscale vantaggioso per le societ\u00e0 che detengono una partecipazione significativa in un&#8217;altra societ\u00e0. Questo regime consente alle aziende di ridurre il carico fiscale sui dividendi ricevuti in base alla percentuale di partecipazione detenuta. Per poter beneficiare dello sgravio sulle partecipazioni, una societ\u00e0 deve detenere almeno il 10% del capitale sociale della societ\u00e0 emittente per almeno un anno. Lo sgravio sulla partecipazione \u00e8 stato introdotto per incoraggiare gli investimenti a lungo termine e facilitare le fusioni e le acquisizioni. Permette alle aziende di ridurre il carico fiscale sui dividendi ricevuti, migliorando la loro capacit\u00e0 di investimento. Tuttavia, la participation relief \u00e8 soggetta a determinati limiti e condizioni e deve essere richiesta dalla societ\u00e0; non viene concessa automaticamente.     <\/p>\t\t\t\t\t\t\t\t<\/div>\n\t\t\t\t<\/div>\n\t\t\t\t\t<\/div>\n\t\t<\/div>\n\t\t\t\t\t<\/div>\n\t\t<\/section>\n\t\t\t\t<section class=\"elementor-section elementor-top-section elementor-element elementor-element-7a811df5 elementor-section-full_width elementor-section-height-min-height elementor-section-items-stretch elementor-section-content-middle elementor-section-height-default\" data-id=\"7a811df5\" data-element_type=\"section\" data-e-type=\"section\" data-settings=\"{&quot;background_background&quot;:&quot;classic&quot;}\">\n\t\t\t\t\t\t<div class=\"elementor-container elementor-column-gap-no\">\n\t\t\t\t\t<div class=\"elementor-column elementor-col-50 elementor-top-column elementor-element elementor-element-485e02f9\" data-id=\"485e02f9\" data-element_type=\"column\" data-e-type=\"column\" data-settings=\"{&quot;background_background&quot;:&quot;classic&quot;}\">\n\t\t\t<div class=\"elementor-widget-wrap elementor-element-populated\">\n\t\t\t\t\t\t<div class=\"elementor-element elementor-element-58065baa elementor-widget elementor-widget-spacer\" data-id=\"58065baa\" data-element_type=\"widget\" data-e-type=\"widget\" data-widget_type=\"spacer.default\">\n\t\t\t\t<div class=\"elementor-widget-container\">\n\t\t\t\t\t\t\t<div class=\"elementor-spacer\">\n\t\t\t<div class=\"elementor-spacer-inner\"><\/div>\n\t\t<\/div>\n\t\t\t\t\t\t<\/div>\n\t\t\t\t<\/div>\n\t\t\t\t\t<\/div>\n\t\t<\/div>\n\t\t\t\t<div class=\"elementor-column elementor-col-50 elementor-top-column elementor-element elementor-element-17137880\" data-id=\"17137880\" data-element_type=\"column\" data-e-type=\"column\" data-settings=\"{&quot;background_background&quot;:&quot;classic&quot;}\">\n\t\t\t<div class=\"elementor-widget-wrap elementor-element-populated\">\n\t\t\t\t\t\t<div class=\"elementor-element elementor-element-30e8ebc6 elementor-widget elementor-widget-heading\" data-id=\"30e8ebc6\" data-element_type=\"widget\" data-e-type=\"widget\" data-widget_type=\"heading.default\">\n\t\t\t\t<div class=\"elementor-widget-container\">\n\t\t\t\t\t<p class=\"elementor-heading-title elementor-size-default\">Consultazione iniziale  <\/p>\t\t\t\t<\/div>\n\t\t\t\t<\/div>\n\t\t\t\t<div class=\"elementor-element elementor-element-570360e3 elementor-widget elementor-widget-heading\" data-id=\"570360e3\" data-element_type=\"widget\" data-e-type=\"widget\" data-widget_type=\"heading.default\">\n\t\t\t\t<div class=\"elementor-widget-container\">\n\t\t\t\t\t<p class=\"elementor-heading-title elementor-size-default\">da 60 min a CHF 220,00<\/p>\t\t\t\t<\/div>\n\t\t\t\t<\/div>\n\t\t\t\t<div class=\"elementor-element elementor-element-6c6530b2 elementor-widget elementor-widget-text-editor\" data-id=\"6c6530b2\" data-element_type=\"widget\" data-e-type=\"widget\" data-widget_type=\"text-editor.default\">\n\t\t\t\t<div class=\"elementor-widget-container\">\n\t\t\t\t\t\t\t\t\tDiscuti la tua situazione con un avvocato specializzato in Svizzera.\n\t\t\t\t\t\t\t\t<\/div>\n\t\t\t\t<\/div>\n\t\t\t\t<div class=\"elementor-element elementor-element-3c6a925f elementor-widget-divider--view-line elementor-widget elementor-widget-divider\" data-id=\"3c6a925f\" data-element_type=\"widget\" data-e-type=\"widget\" data-widget_type=\"divider.default\">\n\t\t\t\t<div class=\"elementor-widget-container\">\n\t\t\t\t\t\t\t<div class=\"elementor-divider\">\n\t\t\t<span class=\"elementor-divider-separator\">\n\t\t\t\t\t\t<\/span>\n\t\t<\/div>\n\t\t\t\t\t\t<\/div>\n\t\t\t\t<\/div>\n\t\t\t\t<div class=\"elementor-element elementor-element-761ec1b7 elementor-widget elementor-widget-text-editor\" data-id=\"761ec1b7\" data-element_type=\"widget\" data-e-type=\"widget\" data-widget_type=\"text-editor.default\">\n\t\t\t\t<div class=\"elementor-widget-container\">\n\t\t\t\t\t\t\t\t\t<p>Stai cercando un appuntamento solo per fare qualche domanda?<br>Non sei sicuro delle procedure che vuoi intraprendere?<br>La tua situazione non \u00e8 chiara?<\/p><p><strong>Opta per una prima consultazione con un avvocato a Ginevra.<\/strong><\/p><p>Deciderai quindi se procedere e i nostri avvocati ti indicheranno il costo della procedura in base al tuo caso. Appuntamenti disponibili di persona o in videoconferenza. <strong><br><\/strong><\/p>\t\t\t\t\t\t\t\t<\/div>\n\t\t\t\t<\/div>\n\t\t\t\t<div class=\"elementor-element elementor-element-7d3ab9e9 elementor-align-center elementor-widget elementor-widget-button\" data-id=\"7d3ab9e9\" data-element_type=\"widget\" data-e-type=\"widget\" data-widget_type=\"button.default\">\n\t\t\t\t<div class=\"elementor-widget-container\">\n\t\t\t\t\t\t\t\t\t<div class=\"elementor-button-wrapper\">\n\t\t\t\t\t<a class=\"elementor-button elementor-button-link elementor-size-sm\" href=\"https:\/\/www.geneva-lawyers.com\/it\/contatto\/\">\n\t\t\t\t\t\t<span class=\"elementor-button-content-wrapper\">\n\t\t\t\t\t\t\t\t\t<span class=\"elementor-button-text\">Prendi un appuntamento con un avvocato<\/span>\n\t\t\t\t\t<\/span>\n\t\t\t\t\t<\/a>\n\t\t\t\t<\/div>\n\t\t\t\t\t\t\t\t<\/div>\n\t\t\t\t<\/div>\n\t\t\t\t\t<\/div>\n\t\t<\/div>\n\t\t\t\t\t<\/div>\n\t\t<\/section>\n\t\t\t\t<\/div>\n\t\t","protected":false},"excerpt":{"rendered":"<p>Fissa un appuntamento con un avvocato Imposta sulla distribuzione dei dividendi in Svizzera In Svizzera, l&#8217;imposta sulla distribuzione dei dividendi viene applicata alle societ\u00e0 che distribuiscono dividendi ai propri azionisti e viene spesso chiamata &#8220;imposta sui dividendi&#8221;. La legislazione svizzera prevede che le societ\u00e0 paghino questa imposta per garantire che il reddito derivante da queste &#8230; <a title=\"Imposta sulla distribuzione dei dividendi in Svizzera\" class=\"read-more\" href=\"https:\/\/www.geneva-lawyers.com\/it\/imposta-distribuzione-dividendi-svizzera\/\" aria-label=\"Per saperne di pi\u00f9 su Imposta sulla distribuzione dei dividendi in Svizzera\">Leggi tutto<\/a><\/p>\n","protected":false},"author":1,"featured_media":0,"parent":0,"menu_order":0,"comment_status":"closed","ping_status":"closed","template":"elementor_header_footer","meta":{"_acf_changed":false,"_seopress_robots_primary_cat":"","_seopress_titles_title":"","_seopress_titles_desc":"","_seopress_robots_index":"","footnotes":""},"class_list":["post-30589","page","type-page","status-publish"],"acf":[],"_links":{"self":[{"href":"https:\/\/www.geneva-lawyers.com\/it\/wp-json\/wp\/v2\/pages\/30589","targetHints":{"allow":["GET"]}}],"collection":[{"href":"https:\/\/www.geneva-lawyers.com\/it\/wp-json\/wp\/v2\/pages"}],"about":[{"href":"https:\/\/www.geneva-lawyers.com\/it\/wp-json\/wp\/v2\/types\/page"}],"author":[{"embeddable":true,"href":"https:\/\/www.geneva-lawyers.com\/it\/wp-json\/wp\/v2\/users\/1"}],"replies":[{"embeddable":true,"href":"https:\/\/www.geneva-lawyers.com\/it\/wp-json\/wp\/v2\/comments?post=30589"}],"version-history":[{"count":6,"href":"https:\/\/www.geneva-lawyers.com\/it\/wp-json\/wp\/v2\/pages\/30589\/revisions"}],"predecessor-version":[{"id":34074,"href":"https:\/\/www.geneva-lawyers.com\/it\/wp-json\/wp\/v2\/pages\/30589\/revisions\/34074"}],"wp:attachment":[{"href":"https:\/\/www.geneva-lawyers.com\/it\/wp-json\/wp\/v2\/media?parent=30589"}],"curies":[{"name":"wp","href":"https:\/\/api.w.org\/{rel}","templated":true}]}}