{"id":30590,"date":"2024-05-23T13:51:16","date_gmt":"2024-05-23T11:51:16","guid":{"rendered":"https:\/\/www.geneva-lawyers.com\/imposta-sul-patrimonio-in-svizzera\/"},"modified":"2025-04-14T14:29:37","modified_gmt":"2025-04-14T12:29:37","slug":"imposta-patrimonio-svizzera","status":"publish","type":"page","link":"https:\/\/www.geneva-lawyers.com\/it\/imposta-patrimonio-svizzera\/","title":{"rendered":"Imposta sul patrimonio in Svizzera"},"content":{"rendered":"\t\t<div data-elementor-type=\"wp-page\" data-elementor-id=\"30590\" class=\"elementor elementor-30590 elementor-29305\" data-elementor-post-type=\"page\">\n\t\t\t\t\t\t<section class=\"elementor-section elementor-top-section elementor-element elementor-element-2b4e83b8 elementor-section-boxed elementor-section-height-default elementor-section-height-default\" data-id=\"2b4e83b8\" data-element_type=\"section\" data-e-type=\"section\" data-settings=\"{&quot;background_background&quot;:&quot;classic&quot;}\">\n\t\t\t\t\t\t\t<div class=\"elementor-background-overlay\"><\/div>\n\t\t\t\t\t\t\t<div class=\"elementor-container elementor-column-gap-default\">\n\t\t\t\t\t<div class=\"elementor-column elementor-col-100 elementor-top-column elementor-element elementor-element-1db2d0d1\" data-id=\"1db2d0d1\" data-element_type=\"column\" data-e-type=\"column\">\n\t\t\t<div class=\"elementor-widget-wrap elementor-element-populated\">\n\t\t\t\t\t\t<div class=\"elementor-element elementor-element-4762150a elementor-widget-divider--view-line elementor-widget elementor-widget-divider\" data-id=\"4762150a\" data-element_type=\"widget\" data-e-type=\"widget\" data-widget_type=\"divider.default\">\n\t\t\t\t<div class=\"elementor-widget-container\">\n\t\t\t\t\t\t\t<div class=\"elementor-divider\">\n\t\t\t<span class=\"elementor-divider-separator\">\n\t\t\t\t\t\t<\/span>\n\t\t<\/div>\n\t\t\t\t\t\t<\/div>\n\t\t\t\t<\/div>\n\t\t\t\t<div class=\"elementor-element elementor-element-4ac83952 elementor-align-center elementor-widget elementor-widget-button\" data-id=\"4ac83952\" data-element_type=\"widget\" data-e-type=\"widget\" data-widget_type=\"button.default\">\n\t\t\t\t<div class=\"elementor-widget-container\">\n\t\t\t\t\t\t\t\t\t<div class=\"elementor-button-wrapper\">\n\t\t\t\t\t<a class=\"elementor-button elementor-button-link elementor-size-sm\" href=\"https:\/\/www.geneva-lawyers.com\/it\/contatto\/\">\n\t\t\t\t\t\t<span class=\"elementor-button-content-wrapper\">\n\t\t\t\t\t\t\t\t\t<span class=\"elementor-button-text\">Fissa un appuntamento con un avvocato<\/span>\n\t\t\t\t\t<\/span>\n\t\t\t\t\t<\/a>\n\t\t\t\t<\/div>\n\t\t\t\t\t\t\t\t<\/div>\n\t\t\t\t<\/div>\n\t\t\t\t\t<\/div>\n\t\t<\/div>\n\t\t\t\t\t<\/div>\n\t\t<\/section>\n\t\t\t\t<section class=\"elementor-section elementor-top-section elementor-element elementor-element-49d45626 elementor-section-boxed elementor-section-height-default elementor-section-height-default\" data-id=\"49d45626\" data-element_type=\"section\" data-e-type=\"section\">\n\t\t\t\t\t\t<div class=\"elementor-container elementor-column-gap-default\">\n\t\t\t\t\t<div class=\"elementor-column elementor-col-100 elementor-top-column elementor-element elementor-element-eab7b57\" data-id=\"eab7b57\" data-element_type=\"column\" data-e-type=\"column\">\n\t\t\t<div class=\"elementor-widget-wrap elementor-element-populated\">\n\t\t\t\t\t\t<div class=\"elementor-element elementor-element-35196123 elementor-widget elementor-widget-heading\" data-id=\"35196123\" data-element_type=\"widget\" data-e-type=\"widget\" data-widget_type=\"heading.default\">\n\t\t\t\t<div class=\"elementor-widget-container\">\n\t\t\t\t\t<h2 class=\"elementor-heading-title elementor-size-default\">Imposta sul patrimonio in Svizzera\n<\/h2>\t\t\t\t<\/div>\n\t\t\t\t<\/div>\n\t\t\t\t<div class=\"elementor-element elementor-element-29d6d742 elementor-widget-divider--view-line elementor-widget elementor-widget-divider\" data-id=\"29d6d742\" data-element_type=\"widget\" data-e-type=\"widget\" data-widget_type=\"divider.default\">\n\t\t\t\t<div class=\"elementor-widget-container\">\n\t\t\t\t\t\t\t<div class=\"elementor-divider\">\n\t\t\t<span class=\"elementor-divider-separator\">\n\t\t\t\t\t\t<\/span>\n\t\t<\/div>\n\t\t\t\t\t\t<\/div>\n\t\t\t\t<\/div>\n\t\t\t\t<div class=\"elementor-element elementor-element-6f5882b6 elementor-widget elementor-widget-text-editor\" data-id=\"6f5882b6\" data-element_type=\"widget\" data-e-type=\"widget\" data-widget_type=\"text-editor.default\">\n\t\t\t\t<div class=\"elementor-widget-container\">\n\t\t\t\t\t\t\t\t\t<p>L&#8217;imposta sul patrimonio \u00e8 un prelievo sul valore totale del patrimonio di una persona. In Svizzera, questa imposta \u00e8 di competenza cantonale, il che significa che le regole e le aliquote variano da cantone a cantone. Tuttavia, tutti i cantoni applicano un&#8217;aliquota d&#8217;imposta progressiva, il che significa che pi\u00f9 alto \u00e8 il patrimonio di un individuo, pi\u00f9 alta \u00e8 l&#8217;aliquota d&#8217;imposta. Lo scopo principale dell&#8217;imposta sul patrimonio \u00e8 quello di garantire una distribuzione equa della ricchezza all&#8217;interno della societ\u00e0 svizzera e di incoraggiare le persone a investire il proprio denaro.   <\/p><h2>Responsabilit\u00e0 fiscale<\/h2><p>In Svizzera, l&#8217;imposta sul patrimonio dipende dal valore netto del patrimonio del contribuente. Gli individui con un patrimonio netto superiore a una certa soglia sono soggetti a questa imposta. Tale soglia varia a seconda dei cantoni e pu\u00f2 dipendere anche dalla situazione familiare del contribuente. Ai sensi dell&#8217;Art. 3 par. 1 LHID, le persone fisiche sono soggette all&#8217;imposta sul patrimonio se sono domiciliate nel cantone o se vi hanno risieduto ininterrottamente per almeno 30 giorni durante l&#8217;attivit\u00e0 lavorativa o per 90 giorni senza lavorare. Questo \u00e8 noto come attaccamento personale. Una persona \u00e8 considerata domiciliata nel cantone se vi risiede con l&#8217;intenzione di stabilirvi una residenza permanente (art. 3 comma 2 LHID). Le persone che non sono n\u00e9 domiciliate n\u00e9 residenti nel cantone sono soggette all&#8217;imposta sulla ricchezza se gestiscono un&#8217;attivit\u00e0 commerciale, mantengono una stabile organizzazione, possiedono beni immobili, godono di beni immobili o svolgono attivit\u00e0 di compravendita immobiliare nel cantone. Si tratta del cosiddetto &#8220;vincolo economico&#8221;.        <\/p><h2>Calcolo dell&#8217;imposta sul patrimonio<\/h2><p>Ai sensi dell&#8217;art. 13 par. 1 LHID, la ricchezza netta di una persona fisica costituisce la base imponibile dell&#8217;imposta sul patrimonio. Il calcolo si basa su una scala progressiva che varia a seconda dei cantoni. In generale, pi\u00f9 alta \u00e8 la ricchezza netta di un contribuente, pi\u00f9 alta \u00e8 l&#8217;aliquota d&#8217;imposta. Il calcolo tiene conto anche di alcuni elementi deducibili o non tassabili della ricchezza. L&#8217;imposta sul patrimonio \u00e8 generalmente applicata annualmente e richiede ai contribuenti di dichiarare ogni anno il valore dei loro beni alle autorit\u00e0 fiscali cantonali.     <\/p><p>Il concetto di ricchezza comprende tutti i beni e i diritti di propriet\u00e0, come immobili, azioni, obbligazioni, conti bancari, veicoli e oggetti di valore. Tutte queste componenti del patrimonio di un individuo vengono considerate nel calcolo dell&#8217;imposta sul patrimonio. Il valore \u00e8 solitamente stimato al valore di mercato, ma pu\u00f2 essere considerato anche il valore di rendimento (art. 14 LHID).  <\/p><h2>Attivit\u00e0 non imponibili<\/h2><p>L&#8217;imposta sul patrimonio \u00e8 un&#8217;imposta cantonale e comunale in Svizzera, il che significa che la sua applicazione varia a seconda del cantone. In generale, l&#8217;imposta viene calcolata in base al valore netto dei beni del contribuente, meno i debiti e le spese deducibili. Tuttavia, alcuni beni sono esplicitamente esclusi dal calcolo dell&#8217;imposta perch\u00e9 considerati non imponibili dalla legge o perch\u00e9 esenti in base a un trattato fiscale internazionale. Questi beni vengono comunque presi in considerazione per determinare l&#8217;aliquota fiscale applicabile.   <\/p><p>I beni non imponibili in Svizzera includono tipicamente:<\/p><ol><li><strong>Beni mobili e immobili all&#8217;estero<\/strong>: Propriet\u00e0 situate al di fuori della Svizzera.<\/li><li><strong>Articoli di uso quotidiano<\/strong>: Articoli per la casa come i mobili.<\/li><li><strong>Prestazioni pensionistiche<\/strong>: Attivit\u00e0 pensionistiche.<\/li><\/ol><p>Data la complessit\u00e0 delle leggi fiscali e l&#8217;unicit\u00e0 di ogni caso, si consiglia vivamente di consultare un avvocato tributarista svizzero per una consulenza personalizzata sull&#8217;ottimizzazione fiscale e la gestione del patrimonio.<\/p><h2>Possibili detrazioni<\/h2><p>Oltre ai beni non tassabili, alcuni importi possono essere dedotti dal patrimonio totale per il calcolo dell&#8217;imposta sul patrimonio. Queste deduzioni includono in genere: <\/p><ol><li><strong>Debiti<\/strong>: I debiti possono essere sottratti dal valore netto della ricchezza di un individuo.<\/li><li><strong>Spese familiari<\/strong>: \u00c8 possibile detrarre spese come gli alimenti, le spese per l&#8217;assistenza ai bambini e le spese per l&#8217;istruzione.<\/li><li><strong>Donazioni<\/strong>: I contributi alle organizzazioni no-profit possono essere dedotti, anche se le regole per le donazioni deducibili variano a seconda del cantone.<\/li><\/ol><p>La comprensione e l&#8217;utilizzo di queste detrazioni possono ridurre in modo significativo l&#8217;onere fiscale sul patrimonio. Rivolgersi a un professionista fiscale pu\u00f2 aiutare a garantire che tutte le detrazioni ammissibili vengano richieste. <\/p>\t\t\t\t\t\t\t\t<\/div>\n\t\t\t\t<\/div>\n\t\t\t\t\t<\/div>\n\t\t<\/div>\n\t\t\t\t\t<\/div>\n\t\t<\/section>\n\t\t\t\t<section class=\"elementor-section elementor-top-section elementor-element elementor-element-609765b2 elementor-section-full_width elementor-section-height-min-height elementor-section-items-stretch elementor-section-content-middle elementor-section-height-default\" data-id=\"609765b2\" data-element_type=\"section\" data-e-type=\"section\" data-settings=\"{&quot;background_background&quot;:&quot;classic&quot;}\">\n\t\t\t\t\t\t<div class=\"elementor-container elementor-column-gap-no\">\n\t\t\t\t\t<div class=\"elementor-column elementor-col-50 elementor-top-column elementor-element elementor-element-58284ea7\" data-id=\"58284ea7\" data-element_type=\"column\" data-e-type=\"column\" data-settings=\"{&quot;background_background&quot;:&quot;classic&quot;}\">\n\t\t\t<div class=\"elementor-widget-wrap elementor-element-populated\">\n\t\t\t\t\t\t<div class=\"elementor-element elementor-element-13cbe044 elementor-widget elementor-widget-spacer\" data-id=\"13cbe044\" data-element_type=\"widget\" data-e-type=\"widget\" data-widget_type=\"spacer.default\">\n\t\t\t\t<div class=\"elementor-widget-container\">\n\t\t\t\t\t\t\t<div class=\"elementor-spacer\">\n\t\t\t<div class=\"elementor-spacer-inner\"><\/div>\n\t\t<\/div>\n\t\t\t\t\t\t<\/div>\n\t\t\t\t<\/div>\n\t\t\t\t\t<\/div>\n\t\t<\/div>\n\t\t\t\t<div class=\"elementor-column elementor-col-50 elementor-top-column elementor-element elementor-element-4f490d2b\" data-id=\"4f490d2b\" data-element_type=\"column\" data-e-type=\"column\" data-settings=\"{&quot;background_background&quot;:&quot;classic&quot;}\">\n\t\t\t<div class=\"elementor-widget-wrap elementor-element-populated\">\n\t\t\t\t\t\t<div class=\"elementor-element elementor-element-670e93d0 elementor-widget elementor-widget-heading\" data-id=\"670e93d0\" data-element_type=\"widget\" data-e-type=\"widget\" data-widget_type=\"heading.default\">\n\t\t\t\t<div class=\"elementor-widget-container\">\n\t\t\t\t\t<p class=\"elementor-heading-title elementor-size-default\">Consultazione iniziale  <\/p>\t\t\t\t<\/div>\n\t\t\t\t<\/div>\n\t\t\t\t<div class=\"elementor-element elementor-element-5d62b90a elementor-widget elementor-widget-heading\" data-id=\"5d62b90a\" data-element_type=\"widget\" data-e-type=\"widget\" data-widget_type=\"heading.default\">\n\t\t\t\t<div class=\"elementor-widget-container\">\n\t\t\t\t\t<p class=\"elementor-heading-title elementor-size-default\">da 60 min a CHF 220,00<\/p>\t\t\t\t<\/div>\n\t\t\t\t<\/div>\n\t\t\t\t<div class=\"elementor-element elementor-element-4be33aff elementor-widget elementor-widget-text-editor\" data-id=\"4be33aff\" data-element_type=\"widget\" data-e-type=\"widget\" data-widget_type=\"text-editor.default\">\n\t\t\t\t<div class=\"elementor-widget-container\">\n\t\t\t\t\t\t\t\t\tDiscuti la tua situazione con un avvocato specializzato in Svizzera.\n\t\t\t\t\t\t\t\t<\/div>\n\t\t\t\t<\/div>\n\t\t\t\t<div class=\"elementor-element elementor-element-60d2b9be elementor-widget-divider--view-line elementor-widget elementor-widget-divider\" data-id=\"60d2b9be\" data-element_type=\"widget\" data-e-type=\"widget\" data-widget_type=\"divider.default\">\n\t\t\t\t<div class=\"elementor-widget-container\">\n\t\t\t\t\t\t\t<div class=\"elementor-divider\">\n\t\t\t<span class=\"elementor-divider-separator\">\n\t\t\t\t\t\t<\/span>\n\t\t<\/div>\n\t\t\t\t\t\t<\/div>\n\t\t\t\t<\/div>\n\t\t\t\t<div class=\"elementor-element elementor-element-62dd7c72 elementor-widget elementor-widget-text-editor\" data-id=\"62dd7c72\" data-element_type=\"widget\" data-e-type=\"widget\" data-widget_type=\"text-editor.default\">\n\t\t\t\t<div class=\"elementor-widget-container\">\n\t\t\t\t\t\t\t\t\t<p>Stai cercando un appuntamento solo per fare qualche domanda?<br>Non sei sicuro delle procedure che vuoi intraprendere?<br>La tua situazione non \u00e8 chiara?<\/p><p><strong>Opta per una prima consultazione con un avvocato a Ginevra.<\/strong><\/p><p>Deciderai quindi se procedere e i nostri avvocati ti indicheranno il costo della procedura in base al tuo caso. Appuntamenti disponibili di persona o in videoconferenza. <strong><br><\/strong><\/p>\t\t\t\t\t\t\t\t<\/div>\n\t\t\t\t<\/div>\n\t\t\t\t<div class=\"elementor-element elementor-element-53731dad elementor-align-center elementor-widget elementor-widget-button\" data-id=\"53731dad\" data-element_type=\"widget\" data-e-type=\"widget\" data-widget_type=\"button.default\">\n\t\t\t\t<div class=\"elementor-widget-container\">\n\t\t\t\t\t\t\t\t\t<div class=\"elementor-button-wrapper\">\n\t\t\t\t\t<a class=\"elementor-button elementor-button-link elementor-size-sm\" href=\"https:\/\/www.geneva-lawyers.com\/it\/contatto\/\">\n\t\t\t\t\t\t<span class=\"elementor-button-content-wrapper\">\n\t\t\t\t\t\t\t\t\t<span class=\"elementor-button-text\">Prendi un appuntamento con un avvocato<\/span>\n\t\t\t\t\t<\/span>\n\t\t\t\t\t<\/a>\n\t\t\t\t<\/div>\n\t\t\t\t\t\t\t\t<\/div>\n\t\t\t\t<\/div>\n\t\t\t\t\t<\/div>\n\t\t<\/div>\n\t\t\t\t\t<\/div>\n\t\t<\/section>\n\t\t\t\t<\/div>\n\t\t","protected":false},"excerpt":{"rendered":"<p>Fissa un appuntamento con un avvocato Imposta sul patrimonio in Svizzera L&#8217;imposta sul patrimonio \u00e8 un prelievo sul valore totale del patrimonio di una persona. In Svizzera, questa imposta \u00e8 di competenza cantonale, il che significa che le regole e le aliquote variano da cantone a cantone. Tuttavia, tutti i cantoni applicano un&#8217;aliquota d&#8217;imposta progressiva, &#8230; <a title=\"Imposta sul patrimonio in Svizzera\" class=\"read-more\" href=\"https:\/\/www.geneva-lawyers.com\/it\/imposta-patrimonio-svizzera\/\" aria-label=\"Per saperne di pi\u00f9 su Imposta sul patrimonio in Svizzera\">Leggi tutto<\/a><\/p>\n","protected":false},"author":1,"featured_media":0,"parent":0,"menu_order":0,"comment_status":"closed","ping_status":"closed","template":"elementor_header_footer","meta":{"_acf_changed":false,"_seopress_robots_primary_cat":"","_seopress_titles_title":"","_seopress_titles_desc":"","_seopress_robots_index":"","footnotes":""},"class_list":["post-30590","page","type-page","status-publish"],"acf":[],"_links":{"self":[{"href":"https:\/\/www.geneva-lawyers.com\/it\/wp-json\/wp\/v2\/pages\/30590","targetHints":{"allow":["GET"]}}],"collection":[{"href":"https:\/\/www.geneva-lawyers.com\/it\/wp-json\/wp\/v2\/pages"}],"about":[{"href":"https:\/\/www.geneva-lawyers.com\/it\/wp-json\/wp\/v2\/types\/page"}],"author":[{"embeddable":true,"href":"https:\/\/www.geneva-lawyers.com\/it\/wp-json\/wp\/v2\/users\/1"}],"replies":[{"embeddable":true,"href":"https:\/\/www.geneva-lawyers.com\/it\/wp-json\/wp\/v2\/comments?post=30590"}],"version-history":[{"count":6,"href":"https:\/\/www.geneva-lawyers.com\/it\/wp-json\/wp\/v2\/pages\/30590\/revisions"}],"predecessor-version":[{"id":33699,"href":"https:\/\/www.geneva-lawyers.com\/it\/wp-json\/wp\/v2\/pages\/30590\/revisions\/33699"}],"wp:attachment":[{"href":"https:\/\/www.geneva-lawyers.com\/it\/wp-json\/wp\/v2\/media?parent=30590"}],"curies":[{"name":"wp","href":"https:\/\/api.w.org\/{rel}","templated":true}]}}