{"id":30595,"date":"2024-05-23T13:25:19","date_gmt":"2024-05-23T11:25:19","guid":{"rendered":"https:\/\/www.geneva-lawyers.com\/imposta-sul-capitale-in-svizzera\/"},"modified":"2025-04-14T16:12:48","modified_gmt":"2025-04-14T14:12:48","slug":"imposta-capitale-svizzera","status":"publish","type":"page","link":"https:\/\/www.geneva-lawyers.com\/it\/imposta-capitale-svizzera\/","title":{"rendered":"Imposta sul capitale in Svizzera"},"content":{"rendered":"\t\t<div data-elementor-type=\"wp-page\" data-elementor-id=\"30595\" class=\"elementor elementor-30595 elementor-29257\" data-elementor-post-type=\"page\">\n\t\t\t\t\t\t<section class=\"elementor-section elementor-top-section elementor-element elementor-element-17d72a2e elementor-section-boxed elementor-section-height-default elementor-section-height-default\" data-id=\"17d72a2e\" data-element_type=\"section\" data-e-type=\"section\" data-settings=\"{&quot;background_background&quot;:&quot;classic&quot;}\">\n\t\t\t\t\t\t\t<div class=\"elementor-background-overlay\"><\/div>\n\t\t\t\t\t\t\t<div class=\"elementor-container elementor-column-gap-default\">\n\t\t\t\t\t<div class=\"elementor-column elementor-col-100 elementor-top-column elementor-element elementor-element-cd4d0d7\" data-id=\"cd4d0d7\" data-element_type=\"column\" data-e-type=\"column\">\n\t\t\t<div class=\"elementor-widget-wrap elementor-element-populated\">\n\t\t\t\t\t\t<div class=\"elementor-element elementor-element-1beb82fe elementor-widget-divider--view-line elementor-widget elementor-widget-divider\" data-id=\"1beb82fe\" data-element_type=\"widget\" data-e-type=\"widget\" data-widget_type=\"divider.default\">\n\t\t\t\t<div class=\"elementor-widget-container\">\n\t\t\t\t\t\t\t<div class=\"elementor-divider\">\n\t\t\t<span class=\"elementor-divider-separator\">\n\t\t\t\t\t\t<\/span>\n\t\t<\/div>\n\t\t\t\t\t\t<\/div>\n\t\t\t\t<\/div>\n\t\t\t\t<div class=\"elementor-element elementor-element-23b1f03d elementor-align-center elementor-widget elementor-widget-button\" data-id=\"23b1f03d\" data-element_type=\"widget\" data-e-type=\"widget\" data-widget_type=\"button.default\">\n\t\t\t\t<div class=\"elementor-widget-container\">\n\t\t\t\t\t\t\t\t\t<div class=\"elementor-button-wrapper\">\n\t\t\t\t\t<a class=\"elementor-button elementor-button-link elementor-size-sm\" href=\"https:\/\/www.geneva-lawyers.com\/it\/contatto\/\">\n\t\t\t\t\t\t<span class=\"elementor-button-content-wrapper\">\n\t\t\t\t\t\t\t\t\t<span class=\"elementor-button-text\">Fissa un appuntamento con un avvocato<\/span>\n\t\t\t\t\t<\/span>\n\t\t\t\t\t<\/a>\n\t\t\t\t<\/div>\n\t\t\t\t\t\t\t\t<\/div>\n\t\t\t\t<\/div>\n\t\t\t\t\t<\/div>\n\t\t<\/div>\n\t\t\t\t\t<\/div>\n\t\t<\/section>\n\t\t\t\t<section class=\"elementor-section elementor-top-section elementor-element elementor-element-73433788 elementor-section-boxed elementor-section-height-default elementor-section-height-default\" data-id=\"73433788\" data-element_type=\"section\" data-e-type=\"section\">\n\t\t\t\t\t\t<div class=\"elementor-container elementor-column-gap-default\">\n\t\t\t\t\t<div class=\"elementor-column elementor-col-100 elementor-top-column elementor-element elementor-element-1ec474c4\" data-id=\"1ec474c4\" data-element_type=\"column\" data-e-type=\"column\">\n\t\t\t<div class=\"elementor-widget-wrap elementor-element-populated\">\n\t\t\t\t\t\t<div class=\"elementor-element elementor-element-3a927f30 elementor-widget elementor-widget-heading\" data-id=\"3a927f30\" data-element_type=\"widget\" data-e-type=\"widget\" data-widget_type=\"heading.default\">\n\t\t\t\t<div class=\"elementor-widget-container\">\n\t\t\t\t\t<h2 class=\"elementor-heading-title elementor-size-default\">Imposta sul capitale in Svizzera<\/h2>\t\t\t\t<\/div>\n\t\t\t\t<\/div>\n\t\t\t\t<div class=\"elementor-element elementor-element-7e8082d elementor-widget-divider--view-line elementor-widget elementor-widget-divider\" data-id=\"7e8082d\" data-element_type=\"widget\" data-e-type=\"widget\" data-widget_type=\"divider.default\">\n\t\t\t\t<div class=\"elementor-widget-container\">\n\t\t\t\t\t\t\t<div class=\"elementor-divider\">\n\t\t\t<span class=\"elementor-divider-separator\">\n\t\t\t\t\t\t<\/span>\n\t\t<\/div>\n\t\t\t\t\t\t<\/div>\n\t\t\t\t<\/div>\n\t\t\t\t<div class=\"elementor-element elementor-element-59c25e4d elementor-widget elementor-widget-text-editor\" data-id=\"59c25e4d\" data-element_type=\"widget\" data-e-type=\"widget\" data-widget_type=\"text-editor.default\">\n\t\t\t\t<div class=\"elementor-widget-container\">\n\t\t\t\t\t\t\t\t\t<p>L&#8217;imposta sul capitale \u00e8 un&#8217;importante tassa in Svizzera, imposta sia dal governo cantonale che da quello federale. Questa imposta diretta colpisce il patrimonio dei contribuenti, sia persone fisiche che giuridiche. Il calcolo dell&#8217;imposta si basa sul valore netto dei beni del contribuente, come immobili, investimenti e attivit\u00e0 finanziarie. Le aliquote d&#8217;imposta variano a seconda dei cantoni e della categoria di contribuente (persona fisica o giuridica). Le persone fisiche sono generalmente tassate nel cantone di residenza, mentre le societ\u00e0 sono tassate nel cantone in cui si trova la loro sede legale.    <\/p><h2>Tassazione delle societ\u00e0 in Svizzera<\/h2><p>Le societ\u00e0, comprese le societ\u00e0 per azioni (AG), le societ\u00e0 a responsabilit\u00e0 limitata (GmbH), le societ\u00e0 in accomandita per azioni (KGaA) e le societ\u00e0 in nome collettivo (OHG), sono soggette all&#8217;imposta sul capitale in Svizzera. Questa imposta viene solitamente calcolata in base al patrimonio netto dell&#8217;azienda, che viene determinato sottraendo le passivit\u00e0 dal valore totale delle attivit\u00e0. Le aliquote variano a seconda dei cantoni e dipendono dal valore netto dell&#8217;azienda. Oltre all&#8217;imposta sul capitale, le societ\u00e0 sono soggette anche all&#8217;imposta sugli utili, un&#8217;imposta diretta sul reddito societario calcolata in base agli utili realizzati durante l&#8217;anno fiscale.   <\/p><h2>Tassazione di associazioni, fondazioni e altre persone giuridiche<\/h2><p>Anche le associazioni, le fondazioni e altre persone giuridiche sono soggette all&#8217;imposta sul capitale in Svizzera. Queste entit\u00e0 sono generalmente tassate nel cantone in cui sono domiciliate e l&#8217;obbligo fiscale dipende dalla loro forma giuridica e dalle loro attivit\u00e0. In genere, le associazioni e le fondazioni sono soggette all&#8217;imposta sul capitale se il loro capitale o patrimonio netto supera una certa soglia, che varia a seconda del cantone. Il capitale \u00e8 definito come il patrimonio netto dell&#8217;entit\u00e0, ovvero la differenza tra le attivit\u00e0 e le passivit\u00e0. Il patrimonio netto corrisponde al valore totale delle attivit\u00e0 meno il totale dei debiti. La soglia per l&#8217;imposta sul capitale \u00e8 solitamente pi\u00f9 alta per le associazioni e le fondazioni rispetto alle societ\u00e0 di capitali. Inoltre, le aliquote fiscali per queste entit\u00e0 possono variare in base al loro scopo e alla loro natura. Anche le associazioni e le fondazioni sono soggette all&#8217;imposta sui profitti, anche se le aliquote sono generalmente inferiori a quelle delle societ\u00e0. Alcune entit\u00e0 possono beneficiare di esenzioni fiscali in base ai loro obiettivi e alle loro attivit\u00e0 sociali, quindi \u00e8 fondamentale comprendere le norme fiscali specifiche applicabili a ciascuna entit\u00e0.        <\/p><h2>Calcolo dell&#8217;imposta sul capitale per le aziende<\/h2><p>Il calcolo dell&#8217;imposta sul capitale per le societ\u00e0 in Svizzera dipende dal cantone in cui la societ\u00e0 \u00e8 stabilita. In genere, l&#8217;imposta viene calcolata in base al valore fiscale del capitale dell&#8217;azienda, determinato dalle sue attivit\u00e0 e passivit\u00e0. Il valore fiscale \u00e8 spesso inferiore al valore effettivo delle attivit\u00e0 dell&#8217;azienda, il che pu\u00f2 essere vantaggioso per le imprese. Anche l&#8217;aliquota fiscale varia a seconda dei cantoni: alcuni applicano un&#8217;aliquota fissa, mentre altri utilizzano un&#8217;aliquota progressiva basata sul valore del capitale. In alcuni casi, i cantoni possono applicare aliquote diverse per le aziende straniere e per quelle nazionali. Le imprese possono anche beneficiare di sgravi fiscali, come le deduzioni per le perdite di capitale o gli investimenti in beni immateriali come brevetti e marchi. Inoltre, le aziende possono beneficiare di aliquote fiscali ridotte per gli utili reinvestiti nell&#8217;azienda.      <\/p><h2>Regimi fiscali speciali per le aziende<\/h2><p>La Svizzera offre regimi fiscali speciali per le aziende che stabiliscono la propria sede o le attivit\u00e0 di R&amp;S all&#8217;interno del Paese, promuovendo gli investimenti e l&#8217;innovazione. Le aziende innovative e ad alta tecnologia possono beneficiare di aliquote fiscali ridotte sugli utili reinvestiti e di sgravi fiscali per gli investimenti in R&amp;S in alcune citt\u00e0 e cantoni. Questi regimi mirano a stimolare le economie locali e a migliorare la competitivit\u00e0 della Svizzera incoraggiando la creazione di nuove imprese e l&#8217;innovazione. Le aziende che stabiliscono la loro sede o le loro attivit\u00e0 di R&amp;S in Svizzera possono quindi godere di condizioni fiscali favorevoli, che ne supportano la crescita e il successo a lungo termine.   <\/p>\t\t\t\t\t\t\t\t<\/div>\n\t\t\t\t<\/div>\n\t\t\t\t\t<\/div>\n\t\t<\/div>\n\t\t\t\t\t<\/div>\n\t\t<\/section>\n\t\t\t\t<section class=\"elementor-section elementor-top-section elementor-element elementor-element-69bbeb07 elementor-section-full_width elementor-section-height-min-height elementor-section-items-stretch elementor-section-content-middle elementor-section-height-default\" data-id=\"69bbeb07\" data-element_type=\"section\" data-e-type=\"section\" data-settings=\"{&quot;background_background&quot;:&quot;classic&quot;}\">\n\t\t\t\t\t\t<div class=\"elementor-container elementor-column-gap-no\">\n\t\t\t\t\t<div class=\"elementor-column elementor-col-50 elementor-top-column elementor-element elementor-element-7d4d8323\" data-id=\"7d4d8323\" data-element_type=\"column\" data-e-type=\"column\" data-settings=\"{&quot;background_background&quot;:&quot;classic&quot;}\">\n\t\t\t<div class=\"elementor-widget-wrap elementor-element-populated\">\n\t\t\t\t\t\t<div class=\"elementor-element elementor-element-299ec355 elementor-widget elementor-widget-spacer\" data-id=\"299ec355\" data-element_type=\"widget\" data-e-type=\"widget\" data-widget_type=\"spacer.default\">\n\t\t\t\t<div class=\"elementor-widget-container\">\n\t\t\t\t\t\t\t<div class=\"elementor-spacer\">\n\t\t\t<div class=\"elementor-spacer-inner\"><\/div>\n\t\t<\/div>\n\t\t\t\t\t\t<\/div>\n\t\t\t\t<\/div>\n\t\t\t\t\t<\/div>\n\t\t<\/div>\n\t\t\t\t<div class=\"elementor-column elementor-col-50 elementor-top-column elementor-element elementor-element-40a420ba\" data-id=\"40a420ba\" data-element_type=\"column\" data-e-type=\"column\" data-settings=\"{&quot;background_background&quot;:&quot;classic&quot;}\">\n\t\t\t<div class=\"elementor-widget-wrap elementor-element-populated\">\n\t\t\t\t\t\t<div class=\"elementor-element elementor-element-429845e0 elementor-widget elementor-widget-heading\" data-id=\"429845e0\" data-element_type=\"widget\" data-e-type=\"widget\" data-widget_type=\"heading.default\">\n\t\t\t\t<div class=\"elementor-widget-container\">\n\t\t\t\t\t<p class=\"elementor-heading-title elementor-size-default\">Consultazione iniziale  <\/p>\t\t\t\t<\/div>\n\t\t\t\t<\/div>\n\t\t\t\t<div class=\"elementor-element elementor-element-47966f6c elementor-widget elementor-widget-heading\" data-id=\"47966f6c\" data-element_type=\"widget\" data-e-type=\"widget\" data-widget_type=\"heading.default\">\n\t\t\t\t<div class=\"elementor-widget-container\">\n\t\t\t\t\t<p class=\"elementor-heading-title elementor-size-default\">da 60 min a CHF 220,00<\/p>\t\t\t\t<\/div>\n\t\t\t\t<\/div>\n\t\t\t\t<div class=\"elementor-element elementor-element-67f96efe elementor-widget elementor-widget-text-editor\" data-id=\"67f96efe\" data-element_type=\"widget\" data-e-type=\"widget\" data-widget_type=\"text-editor.default\">\n\t\t\t\t<div class=\"elementor-widget-container\">\n\t\t\t\t\t\t\t\t\tDiscuti la tua situazione con un avvocato specializzato in Svizzera.\n\t\t\t\t\t\t\t\t<\/div>\n\t\t\t\t<\/div>\n\t\t\t\t<div class=\"elementor-element elementor-element-3826446f elementor-widget-divider--view-line elementor-widget elementor-widget-divider\" data-id=\"3826446f\" data-element_type=\"widget\" data-e-type=\"widget\" data-widget_type=\"divider.default\">\n\t\t\t\t<div class=\"elementor-widget-container\">\n\t\t\t\t\t\t\t<div class=\"elementor-divider\">\n\t\t\t<span class=\"elementor-divider-separator\">\n\t\t\t\t\t\t<\/span>\n\t\t<\/div>\n\t\t\t\t\t\t<\/div>\n\t\t\t\t<\/div>\n\t\t\t\t<div class=\"elementor-element elementor-element-ce40d87 elementor-widget elementor-widget-text-editor\" data-id=\"ce40d87\" data-element_type=\"widget\" data-e-type=\"widget\" data-widget_type=\"text-editor.default\">\n\t\t\t\t<div class=\"elementor-widget-container\">\n\t\t\t\t\t\t\t\t\t<p>Stai cercando un appuntamento solo per fare qualche domanda?<br>Non sei sicuro delle procedure che vuoi intraprendere?<br>La tua situazione non \u00e8 chiara?<\/p><p><strong>Opta per una prima consultazione con un avvocato a Ginevra.<\/strong><\/p><p>Deciderai quindi se procedere e i nostri avvocati ti indicheranno il costo della procedura in base al tuo caso. Appuntamenti disponibili di persona o in videoconferenza. <strong><br><\/strong><\/p>\t\t\t\t\t\t\t\t<\/div>\n\t\t\t\t<\/div>\n\t\t\t\t<div class=\"elementor-element elementor-element-784399a9 elementor-align-center elementor-widget elementor-widget-button\" data-id=\"784399a9\" data-element_type=\"widget\" data-e-type=\"widget\" data-widget_type=\"button.default\">\n\t\t\t\t<div class=\"elementor-widget-container\">\n\t\t\t\t\t\t\t\t\t<div class=\"elementor-button-wrapper\">\n\t\t\t\t\t<a class=\"elementor-button elementor-button-link elementor-size-sm\" href=\"https:\/\/www.geneva-lawyers.com\/it\/contatto\/\">\n\t\t\t\t\t\t<span class=\"elementor-button-content-wrapper\">\n\t\t\t\t\t\t\t\t\t<span class=\"elementor-button-text\">Prendi un appuntamento con un avvocato<\/span>\n\t\t\t\t\t<\/span>\n\t\t\t\t\t<\/a>\n\t\t\t\t<\/div>\n\t\t\t\t\t\t\t\t<\/div>\n\t\t\t\t<\/div>\n\t\t\t\t\t<\/div>\n\t\t<\/div>\n\t\t\t\t\t<\/div>\n\t\t<\/section>\n\t\t\t\t<\/div>\n\t\t","protected":false},"excerpt":{"rendered":"<p>Fissa un appuntamento con un avvocato Imposta sul capitale in Svizzera L&#8217;imposta sul capitale \u00e8 un&#8217;importante tassa in Svizzera, imposta sia dal governo cantonale che da quello federale. Questa imposta diretta colpisce il patrimonio dei contribuenti, sia persone fisiche che giuridiche. Il calcolo dell&#8217;imposta si basa sul valore netto dei beni del contribuente, come immobili, &#8230; <a title=\"Imposta sul capitale in Svizzera\" class=\"read-more\" href=\"https:\/\/www.geneva-lawyers.com\/it\/imposta-capitale-svizzera\/\" aria-label=\"Per saperne di pi\u00f9 su Imposta sul capitale in Svizzera\">Leggi tutto<\/a><\/p>\n","protected":false},"author":1,"featured_media":0,"parent":0,"menu_order":0,"comment_status":"closed","ping_status":"closed","template":"elementor_header_footer","meta":{"_acf_changed":false,"_seopress_robots_primary_cat":"","_seopress_titles_title":"","_seopress_titles_desc":"","_seopress_robots_index":"","footnotes":""},"class_list":["post-30595","page","type-page","status-publish"],"acf":[],"_links":{"self":[{"href":"https:\/\/www.geneva-lawyers.com\/it\/wp-json\/wp\/v2\/pages\/30595","targetHints":{"allow":["GET"]}}],"collection":[{"href":"https:\/\/www.geneva-lawyers.com\/it\/wp-json\/wp\/v2\/pages"}],"about":[{"href":"https:\/\/www.geneva-lawyers.com\/it\/wp-json\/wp\/v2\/types\/page"}],"author":[{"embeddable":true,"href":"https:\/\/www.geneva-lawyers.com\/it\/wp-json\/wp\/v2\/users\/1"}],"replies":[{"embeddable":true,"href":"https:\/\/www.geneva-lawyers.com\/it\/wp-json\/wp\/v2\/comments?post=30595"}],"version-history":[{"count":6,"href":"https:\/\/www.geneva-lawyers.com\/it\/wp-json\/wp\/v2\/pages\/30595\/revisions"}],"predecessor-version":[{"id":34236,"href":"https:\/\/www.geneva-lawyers.com\/it\/wp-json\/wp\/v2\/pages\/30595\/revisions\/34236"}],"wp:attachment":[{"href":"https:\/\/www.geneva-lawyers.com\/it\/wp-json\/wp\/v2\/media?parent=30595"}],"curies":[{"name":"wp","href":"https:\/\/api.w.org\/{rel}","templated":true}]}}