{"id":30605,"date":"2024-05-23T13:43:39","date_gmt":"2024-05-23T11:43:39","guid":{"rendered":"https:\/\/www.geneva-lawyers.com\/detrazioni-fiscali-in-svizzera\/"},"modified":"2025-04-14T15:29:57","modified_gmt":"2025-04-14T13:29:57","slug":"detrazioni-fiscali-svizzera","status":"publish","type":"page","link":"https:\/\/www.geneva-lawyers.com\/it\/detrazioni-fiscali-svizzera\/","title":{"rendered":"Detrazioni fiscali in Svizzera"},"content":{"rendered":"\t\t<div data-elementor-type=\"wp-page\" data-elementor-id=\"30605\" class=\"elementor elementor-30605 elementor-29287\" data-elementor-post-type=\"page\">\n\t\t\t\t\t\t<section class=\"elementor-section elementor-top-section elementor-element elementor-element-2724a6fd elementor-section-boxed elementor-section-height-default elementor-section-height-default\" data-id=\"2724a6fd\" data-element_type=\"section\" data-e-type=\"section\" data-settings=\"{&quot;background_background&quot;:&quot;classic&quot;}\">\n\t\t\t\t\t\t\t<div class=\"elementor-background-overlay\"><\/div>\n\t\t\t\t\t\t\t<div class=\"elementor-container elementor-column-gap-default\">\n\t\t\t\t\t<div class=\"elementor-column elementor-col-100 elementor-top-column elementor-element elementor-element-1a3c0364\" data-id=\"1a3c0364\" data-element_type=\"column\" data-e-type=\"column\">\n\t\t\t<div class=\"elementor-widget-wrap elementor-element-populated\">\n\t\t\t\t\t\t<div class=\"elementor-element elementor-element-336d721f elementor-widget-divider--view-line elementor-widget elementor-widget-divider\" data-id=\"336d721f\" data-element_type=\"widget\" data-e-type=\"widget\" data-widget_type=\"divider.default\">\n\t\t\t\t<div class=\"elementor-widget-container\">\n\t\t\t\t\t\t\t<div class=\"elementor-divider\">\n\t\t\t<span class=\"elementor-divider-separator\">\n\t\t\t\t\t\t<\/span>\n\t\t<\/div>\n\t\t\t\t\t\t<\/div>\n\t\t\t\t<\/div>\n\t\t\t\t<div class=\"elementor-element elementor-element-43775e45 elementor-align-center elementor-widget elementor-widget-button\" data-id=\"43775e45\" data-element_type=\"widget\" data-e-type=\"widget\" data-widget_type=\"button.default\">\n\t\t\t\t<div class=\"elementor-widget-container\">\n\t\t\t\t\t\t\t\t\t<div class=\"elementor-button-wrapper\">\n\t\t\t\t\t<a class=\"elementor-button elementor-button-link elementor-size-sm\" href=\"https:\/\/www.geneva-lawyers.com\/it\/contatto\/\">\n\t\t\t\t\t\t<span class=\"elementor-button-content-wrapper\">\n\t\t\t\t\t\t\t\t\t<span class=\"elementor-button-text\">Fissa un appuntamento con un avvocato<\/span>\n\t\t\t\t\t<\/span>\n\t\t\t\t\t<\/a>\n\t\t\t\t<\/div>\n\t\t\t\t\t\t\t\t<\/div>\n\t\t\t\t<\/div>\n\t\t\t\t\t<\/div>\n\t\t<\/div>\n\t\t\t\t\t<\/div>\n\t\t<\/section>\n\t\t\t\t<section class=\"elementor-section elementor-top-section elementor-element elementor-element-2c285b96 elementor-section-boxed elementor-section-height-default elementor-section-height-default\" data-id=\"2c285b96\" data-element_type=\"section\" data-e-type=\"section\">\n\t\t\t\t\t\t<div class=\"elementor-container elementor-column-gap-default\">\n\t\t\t\t\t<div class=\"elementor-column elementor-col-100 elementor-top-column elementor-element elementor-element-2dacf181\" data-id=\"2dacf181\" data-element_type=\"column\" data-e-type=\"column\">\n\t\t\t<div class=\"elementor-widget-wrap elementor-element-populated\">\n\t\t\t\t\t\t<div class=\"elementor-element elementor-element-65d084f elementor-widget elementor-widget-heading\" data-id=\"65d084f\" data-element_type=\"widget\" data-e-type=\"widget\" data-widget_type=\"heading.default\">\n\t\t\t\t<div class=\"elementor-widget-container\">\n\t\t\t\t\t<h2 class=\"elementor-heading-title elementor-size-default\">Detrazioni fiscali in Svizzera\n<\/h2>\t\t\t\t<\/div>\n\t\t\t\t<\/div>\n\t\t\t\t<div class=\"elementor-element elementor-element-117ad461 elementor-widget-divider--view-line elementor-widget elementor-widget-divider\" data-id=\"117ad461\" data-element_type=\"widget\" data-e-type=\"widget\" data-widget_type=\"divider.default\">\n\t\t\t\t<div class=\"elementor-widget-container\">\n\t\t\t\t\t\t\t<div class=\"elementor-divider\">\n\t\t\t<span class=\"elementor-divider-separator\">\n\t\t\t\t\t\t<\/span>\n\t\t<\/div>\n\t\t\t\t\t\t<\/div>\n\t\t\t\t<\/div>\n\t\t\t\t<div class=\"elementor-element elementor-element-f533ae6 elementor-widget elementor-widget-text-editor\" data-id=\"f533ae6\" data-element_type=\"widget\" data-e-type=\"widget\" data-widget_type=\"text-editor.default\">\n\t\t\t\t<div class=\"elementor-widget-container\">\n\t\t\t\t\t\t\t\t\t<p>Le detrazioni fiscali offrono un&#8217;agevolazione finanziaria consentendo alle aziende di ridurre il proprio reddito imponibile. In Svizzera, queste detrazioni sono disponibili sia per le persone fisiche che per le societ\u00e0, a condizioni specifiche. Le regole per le detrazioni fiscali delle aziende sono principalmente delineate nella Legge federale sull&#8217;imposta federale diretta (LIFD) e nella Legge federale sull&#8217;armonizzazione delle imposte dirette cantonali e comunali (LHID).  <\/p><h2>Tipi di detrazioni fiscali per le aziende in Svizzera<\/h2><p>Le imprese svizzere possono beneficiare di una serie di detrazioni fiscali. Tutte le spese giustificate dall&#8217;uso commerciale sono deducibili (art. 59 LIFD; 13 LIPM). I principali tipi di detrazioni includono:  <\/p><ol><li><strong>Spese professionali (Art. 26 e seguenti LIFD)<\/strong>: Si tratta di spese fondamentali necessarie per il funzionamento dell&#8217;azienda, tra cui interessi passivi, stipendi e affitti.<\/li><li><strong>Ammortamento (Art. 28 LIFD)<\/strong>: Consente alle aziende di ridurre il valore delle immobilizzazioni nel tempo a causa dell&#8217;usura, dell&#8217;obsolescenza o di altri motivi validi.<\/li><li><strong>Accantonamenti (Art. 29 LIFD)<\/strong>: Si tratta di spese deducibili accantonate per coprire probabili perdite o passivit\u00e0 future, il cui esatto ammontare o impatto non pu\u00f2 essere determinato con certezza.<\/li><li><strong>Spese di Ricerca e Sviluppo (R&amp;S) (Art. 63 al. 1 let. d LIFD)<\/strong>: I costi sostenuti per la ricerca e lo sviluppo affidati a terzi sono generalmente deducibili. Alcune leggi cantonali possono offrire ulteriori detrazioni per queste spese (Art. 25a LHID). <\/li><li><strong>Deduzione degli interessi nozionali<\/strong>: A determinate condizioni, gli interessi figurativi sul capitale di sicurezza possono essere deducibili a livello cantonale.<\/li><li><strong>Riporto delle perdite fiscali (Art. 31 e 67 LIFD)<\/strong>: Le aziende possono dedurre il reddito imponibile corrente con le perdite fiscali pregresse sostenute nei sette anni fiscali precedenti, a condizione che non siano state precedentemente contabilizzate.<\/li><li><strong>Imposte (Art. 59 LIFD)<\/strong>: Le imposte federali, cantonali e comunali pagate dall&#8217;azienda sono deducibili, ad eccezione delle multe fiscali.<\/li><\/ol><h2>Come le aziende possono beneficiare delle detrazioni fiscali in Svizzera<\/h2><p>Per beneficiare delle detrazioni fiscali, le aziende devono soddisfare determinati criteri. Devono essere registrate in Svizzera e soggette all&#8217;imposta sulle societ\u00e0. Inoltre, le aziende devono rispettare le condizioni previste per ogni tipo di detrazione:  <\/p><ul><li><strong>Spese professionali<\/strong>: Le aziende devono dimostrare che queste spese sono necessarie per le loro attivit\u00e0 e proporzionate al reddito generato. Devono inoltre conservare le prove e le ricevute delle spese sostenute. <\/li><li><strong>Ammortamento<\/strong>: Calcolato in base alla vita economica di ogni immobilizzazione, seguendo i metodi accettati dai principi contabili svizzeri (art. 62 LIFD). Le aziende devono tenere un piano di ammortamento e includerlo nella dichiarazione dei redditi annuale. <\/li><li><strong>Accantonamenti<\/strong>: Calcolati in base alla stima delle probabili perdite o spese future, senza coprire le perdite o le spese gi\u00e0 sostenute o note al momento della costituzione dell&#8217;accantonamento. Le condizioni specifiche sono elencate nell&#8217;Art. 63 LIFD. <\/li><li><strong>Riporto delle perdite fiscali<\/strong>: Le aziende possono dedurre le perdite dei sette anni fiscali precedenti se non sono gi\u00e0 state utilizzate (Art. 67 LIFD).<\/li><\/ul><h2>Esempi pratici di detrazioni fiscali per le aziende in Svizzera<\/h2><ul><li><strong>Spese professionali<\/strong>: Una societ\u00e0 di marketing pu\u00f2 detrarre le spese di pubblicit\u00e0 per un cliente e le spese di viaggio per le visite ai clienti.<\/li><li><strong>Ammortamento<\/strong>: Un&#8217;azienda che acquista un macchinario per 100.000 franchi svizzeri con una vita utile di 10 anni e un valore residuo di 10.000 franchi svizzeri pu\u00f2 dedurre un ammortamento annuale di 9.000 franchi svizzeri (90.000 franchi svizzeri \/ 10 anni).<\/li><li><strong>Accantonamenti<\/strong>: Un&#8217;azienda che vende prodotti pu\u00f2 accantonare un fondo per potenziali richiami di prodotti a causa di difetti di qualit\u00e0. Se la probabilit\u00e0 di ritiro \u00e8 del 5% e il costo stimato \u00e8 di 50.000 franchi, l&#8217;azienda pu\u00f2 creare un accantonamento di 2.500 franchi (5% di 50.000 franchi). <\/li><\/ul><h2>Consigli per massimizzare le detrazioni fiscali per le aziende in Svizzera<\/h2><p>Per massimizzare le detrazioni fiscali, le aziende dovrebbero:<\/p><ol><li><strong>Tieni una documentazione dettagliata<\/strong>: Mantieni una documentazione accurata per tutte le spese aziendali, incluse fatture, ricevute e contratti.<\/li><li><strong>Pianificazione fiscale<\/strong>: Considera la possibilit\u00e0 di rinviare le entrate o le spese per ottimizzare la posizione fiscale. Questo pu\u00f2 aiutare a sfruttare appieno le detrazioni disponibili. <\/li><li><strong>Consulta un consulente fiscale<\/strong>: Consulta regolarmente un consulente fiscale per essere sempre informato sui cambiamenti delle leggi fiscali e per garantire il rispetto di tutte le condizioni per le detrazioni fiscali.<\/li><li><strong>Valutazione continua<\/strong>: Esamina regolarmente la situazione fiscale dell&#8217;azienda e le detrazioni disponibili per assicurarti che vengano massimizzate. Questo potrebbe rivelare l&#8217;opportunit\u00e0 di nuove deduzioni o di modifiche alle strategie fiscali esistenti. <\/li><\/ol><p>Seguendo questi accorgimenti, le aziende possono gestire in modo efficace i loro obblighi fiscali e massimizzare la loro efficienza finanziaria.<\/p>\t\t\t\t\t\t\t\t<\/div>\n\t\t\t\t<\/div>\n\t\t\t\t\t<\/div>\n\t\t<\/div>\n\t\t\t\t\t<\/div>\n\t\t<\/section>\n\t\t\t\t<section class=\"elementor-section elementor-top-section elementor-element elementor-element-6f20ccbd elementor-section-full_width elementor-section-height-min-height elementor-section-items-stretch elementor-section-content-middle elementor-section-height-default\" data-id=\"6f20ccbd\" data-element_type=\"section\" data-e-type=\"section\" data-settings=\"{&quot;background_background&quot;:&quot;classic&quot;}\">\n\t\t\t\t\t\t<div class=\"elementor-container elementor-column-gap-no\">\n\t\t\t\t\t<div class=\"elementor-column elementor-col-50 elementor-top-column elementor-element elementor-element-3f140e87\" data-id=\"3f140e87\" data-element_type=\"column\" data-e-type=\"column\" data-settings=\"{&quot;background_background&quot;:&quot;classic&quot;}\">\n\t\t\t<div class=\"elementor-widget-wrap elementor-element-populated\">\n\t\t\t\t\t\t<div class=\"elementor-element elementor-element-24b40502 elementor-widget elementor-widget-spacer\" data-id=\"24b40502\" data-element_type=\"widget\" data-e-type=\"widget\" data-widget_type=\"spacer.default\">\n\t\t\t\t<div class=\"elementor-widget-container\">\n\t\t\t\t\t\t\t<div class=\"elementor-spacer\">\n\t\t\t<div class=\"elementor-spacer-inner\"><\/div>\n\t\t<\/div>\n\t\t\t\t\t\t<\/div>\n\t\t\t\t<\/div>\n\t\t\t\t\t<\/div>\n\t\t<\/div>\n\t\t\t\t<div class=\"elementor-column elementor-col-50 elementor-top-column elementor-element elementor-element-5b4775bf\" data-id=\"5b4775bf\" data-element_type=\"column\" data-e-type=\"column\" data-settings=\"{&quot;background_background&quot;:&quot;classic&quot;}\">\n\t\t\t<div class=\"elementor-widget-wrap elementor-element-populated\">\n\t\t\t\t\t\t<div class=\"elementor-element elementor-element-40a5fee1 elementor-widget elementor-widget-heading\" data-id=\"40a5fee1\" data-element_type=\"widget\" data-e-type=\"widget\" data-widget_type=\"heading.default\">\n\t\t\t\t<div class=\"elementor-widget-container\">\n\t\t\t\t\t<p class=\"elementor-heading-title elementor-size-default\">Consultazione iniziale  <\/p>\t\t\t\t<\/div>\n\t\t\t\t<\/div>\n\t\t\t\t<div class=\"elementor-element elementor-element-1a8889ae elementor-widget elementor-widget-heading\" data-id=\"1a8889ae\" data-element_type=\"widget\" data-e-type=\"widget\" data-widget_type=\"heading.default\">\n\t\t\t\t<div class=\"elementor-widget-container\">\n\t\t\t\t\t<p class=\"elementor-heading-title elementor-size-default\">da 60 min a CHF 220,00<\/p>\t\t\t\t<\/div>\n\t\t\t\t<\/div>\n\t\t\t\t<div class=\"elementor-element elementor-element-6d4be294 elementor-widget elementor-widget-text-editor\" data-id=\"6d4be294\" data-element_type=\"widget\" data-e-type=\"widget\" data-widget_type=\"text-editor.default\">\n\t\t\t\t<div class=\"elementor-widget-container\">\n\t\t\t\t\t\t\t\t\tDiscuti la tua situazione con un avvocato specializzato in Svizzera.\n\t\t\t\t\t\t\t\t<\/div>\n\t\t\t\t<\/div>\n\t\t\t\t<div class=\"elementor-element elementor-element-79725f88 elementor-widget-divider--view-line elementor-widget elementor-widget-divider\" data-id=\"79725f88\" data-element_type=\"widget\" data-e-type=\"widget\" data-widget_type=\"divider.default\">\n\t\t\t\t<div class=\"elementor-widget-container\">\n\t\t\t\t\t\t\t<div class=\"elementor-divider\">\n\t\t\t<span class=\"elementor-divider-separator\">\n\t\t\t\t\t\t<\/span>\n\t\t<\/div>\n\t\t\t\t\t\t<\/div>\n\t\t\t\t<\/div>\n\t\t\t\t<div class=\"elementor-element elementor-element-c6c4401 elementor-widget elementor-widget-text-editor\" data-id=\"c6c4401\" data-element_type=\"widget\" data-e-type=\"widget\" data-widget_type=\"text-editor.default\">\n\t\t\t\t<div class=\"elementor-widget-container\">\n\t\t\t\t\t\t\t\t\t<p>Stai cercando un appuntamento solo per fare qualche domanda?<br>Non sei sicuro delle procedure che vuoi intraprendere?<br>La tua situazione non \u00e8 chiara?<\/p><p><strong>Opta per una prima consultazione con un avvocato a Ginevra.<\/strong><\/p><p>Deciderai quindi se procedere e i nostri avvocati ti indicheranno il costo della procedura in base al tuo caso. Appuntamenti disponibili di persona o in videoconferenza. <strong><br><\/strong><\/p>\t\t\t\t\t\t\t\t<\/div>\n\t\t\t\t<\/div>\n\t\t\t\t<div class=\"elementor-element elementor-element-391b7e31 elementor-align-center elementor-widget elementor-widget-button\" data-id=\"391b7e31\" data-element_type=\"widget\" data-e-type=\"widget\" data-widget_type=\"button.default\">\n\t\t\t\t<div class=\"elementor-widget-container\">\n\t\t\t\t\t\t\t\t\t<div class=\"elementor-button-wrapper\">\n\t\t\t\t\t<a class=\"elementor-button elementor-button-link elementor-size-sm\" href=\"https:\/\/www.geneva-lawyers.com\/it\/contatto\/\">\n\t\t\t\t\t\t<span class=\"elementor-button-content-wrapper\">\n\t\t\t\t\t\t\t\t\t<span class=\"elementor-button-text\">Prendi un appuntamento con un avvocato<\/span>\n\t\t\t\t\t<\/span>\n\t\t\t\t\t<\/a>\n\t\t\t\t<\/div>\n\t\t\t\t\t\t\t\t<\/div>\n\t\t\t\t<\/div>\n\t\t\t\t\t<\/div>\n\t\t<\/div>\n\t\t\t\t\t<\/div>\n\t\t<\/section>\n\t\t\t\t<\/div>\n\t\t","protected":false},"excerpt":{"rendered":"<p>Fissa un appuntamento con un avvocato Detrazioni fiscali in Svizzera Le detrazioni fiscali offrono un&#8217;agevolazione finanziaria consentendo alle aziende di ridurre il proprio reddito imponibile. In Svizzera, queste detrazioni sono disponibili sia per le persone fisiche che per le societ\u00e0, a condizioni specifiche. Le regole per le detrazioni fiscali delle aziende sono principalmente delineate nella &#8230; <a title=\"Detrazioni fiscali in Svizzera\" class=\"read-more\" href=\"https:\/\/www.geneva-lawyers.com\/it\/detrazioni-fiscali-svizzera\/\" aria-label=\"Per saperne di pi\u00f9 su Detrazioni fiscali in Svizzera\">Leggi tutto<\/a><\/p>\n","protected":false},"author":1,"featured_media":0,"parent":0,"menu_order":0,"comment_status":"closed","ping_status":"closed","template":"elementor_header_footer","meta":{"_acf_changed":false,"_seopress_robots_primary_cat":"","_seopress_titles_title":"","_seopress_titles_desc":"","_seopress_robots_index":"","footnotes":""},"class_list":["post-30605","page","type-page","status-publish"],"acf":[],"_links":{"self":[{"href":"https:\/\/www.geneva-lawyers.com\/it\/wp-json\/wp\/v2\/pages\/30605","targetHints":{"allow":["GET"]}}],"collection":[{"href":"https:\/\/www.geneva-lawyers.com\/it\/wp-json\/wp\/v2\/pages"}],"about":[{"href":"https:\/\/www.geneva-lawyers.com\/it\/wp-json\/wp\/v2\/types\/page"}],"author":[{"embeddable":true,"href":"https:\/\/www.geneva-lawyers.com\/it\/wp-json\/wp\/v2\/users\/1"}],"replies":[{"embeddable":true,"href":"https:\/\/www.geneva-lawyers.com\/it\/wp-json\/wp\/v2\/comments?post=30605"}],"version-history":[{"count":6,"href":"https:\/\/www.geneva-lawyers.com\/it\/wp-json\/wp\/v2\/pages\/30605\/revisions"}],"predecessor-version":[{"id":33875,"href":"https:\/\/www.geneva-lawyers.com\/it\/wp-json\/wp\/v2\/pages\/30605\/revisions\/33875"}],"wp:attachment":[{"href":"https:\/\/www.geneva-lawyers.com\/it\/wp-json\/wp\/v2\/media?parent=30605"}],"curies":[{"name":"wp","href":"https:\/\/api.w.org\/{rel}","templated":true}]}}