{"id":30620,"date":"2024-05-22T15:40:10","date_gmt":"2024-05-22T13:40:10","guid":{"rendered":"https:\/\/www.geneva-lawyers.com\/tassazione-delle-imprese-in-svizzera\/"},"modified":"2025-04-14T16:16:16","modified_gmt":"2025-04-14T14:16:16","slug":"tassazione-imprese-svizzera","status":"publish","type":"page","link":"https:\/\/www.geneva-lawyers.com\/it\/tassazione-imprese-svizzera\/","title":{"rendered":"Tassazione delle imprese in Svizzera"},"content":{"rendered":"\t\t<div data-elementor-type=\"wp-page\" data-elementor-id=\"30620\" class=\"elementor elementor-30620 elementor-29232\" data-elementor-post-type=\"page\">\n\t\t\t\t\t\t<section class=\"elementor-section elementor-top-section elementor-element elementor-element-1e68702b elementor-section-boxed elementor-section-height-default elementor-section-height-default\" data-id=\"1e68702b\" data-element_type=\"section\" data-e-type=\"section\" data-settings=\"{&quot;background_background&quot;:&quot;classic&quot;}\">\n\t\t\t\t\t\t\t<div class=\"elementor-background-overlay\"><\/div>\n\t\t\t\t\t\t\t<div class=\"elementor-container elementor-column-gap-default\">\n\t\t\t\t\t<div class=\"elementor-column elementor-col-100 elementor-top-column elementor-element elementor-element-5b3d3cba\" data-id=\"5b3d3cba\" data-element_type=\"column\" data-e-type=\"column\">\n\t\t\t<div class=\"elementor-widget-wrap elementor-element-populated\">\n\t\t\t\t\t\t<div class=\"elementor-element elementor-element-170a9080 elementor-widget-divider--view-line elementor-widget elementor-widget-divider\" data-id=\"170a9080\" data-element_type=\"widget\" data-e-type=\"widget\" data-widget_type=\"divider.default\">\n\t\t\t\t<div class=\"elementor-widget-container\">\n\t\t\t\t\t\t\t<div class=\"elementor-divider\">\n\t\t\t<span class=\"elementor-divider-separator\">\n\t\t\t\t\t\t<\/span>\n\t\t<\/div>\n\t\t\t\t\t\t<\/div>\n\t\t\t\t<\/div>\n\t\t\t\t<div class=\"elementor-element elementor-element-4e0fe79 elementor-align-center elementor-widget elementor-widget-button\" data-id=\"4e0fe79\" data-element_type=\"widget\" data-e-type=\"widget\" data-widget_type=\"button.default\">\n\t\t\t\t<div class=\"elementor-widget-container\">\n\t\t\t\t\t\t\t\t\t<div class=\"elementor-button-wrapper\">\n\t\t\t\t\t<a class=\"elementor-button elementor-button-link elementor-size-sm\" href=\"https:\/\/www.geneva-lawyers.com\/it\/contatto\/\">\n\t\t\t\t\t\t<span class=\"elementor-button-content-wrapper\">\n\t\t\t\t\t\t\t\t\t<span class=\"elementor-button-text\">Fissa un appuntamento con un avvocato<\/span>\n\t\t\t\t\t<\/span>\n\t\t\t\t\t<\/a>\n\t\t\t\t<\/div>\n\t\t\t\t\t\t\t\t<\/div>\n\t\t\t\t<\/div>\n\t\t\t\t\t<\/div>\n\t\t<\/div>\n\t\t\t\t\t<\/div>\n\t\t<\/section>\n\t\t\t\t<section class=\"elementor-section elementor-top-section elementor-element elementor-element-31abf96d elementor-section-boxed elementor-section-height-default elementor-section-height-default\" data-id=\"31abf96d\" data-element_type=\"section\" data-e-type=\"section\">\n\t\t\t\t\t\t<div class=\"elementor-container elementor-column-gap-default\">\n\t\t\t\t\t<div class=\"elementor-column elementor-col-100 elementor-top-column elementor-element elementor-element-3dafcc83\" data-id=\"3dafcc83\" data-element_type=\"column\" data-e-type=\"column\">\n\t\t\t<div class=\"elementor-widget-wrap elementor-element-populated\">\n\t\t\t\t\t\t<div class=\"elementor-element elementor-element-20929764 elementor-widget elementor-widget-heading\" data-id=\"20929764\" data-element_type=\"widget\" data-e-type=\"widget\" data-widget_type=\"heading.default\">\n\t\t\t\t<div class=\"elementor-widget-container\">\n\t\t\t\t\t<h2 class=\"elementor-heading-title elementor-size-default\">Tassazione delle imprese<\/h2>\t\t\t\t<\/div>\n\t\t\t\t<\/div>\n\t\t\t\t<div class=\"elementor-element elementor-element-8fbc65c elementor-widget-divider--view-line elementor-widget elementor-widget-divider\" data-id=\"8fbc65c\" data-element_type=\"widget\" data-e-type=\"widget\" data-widget_type=\"divider.default\">\n\t\t\t\t<div class=\"elementor-widget-container\">\n\t\t\t\t\t\t\t<div class=\"elementor-divider\">\n\t\t\t<span class=\"elementor-divider-separator\">\n\t\t\t\t\t\t<\/span>\n\t\t<\/div>\n\t\t\t\t\t\t<\/div>\n\t\t\t\t<\/div>\n\t\t\t\t<div class=\"elementor-element elementor-element-68cd0347 elementor-widget elementor-widget-text-editor\" data-id=\"68cd0347\" data-element_type=\"widget\" data-e-type=\"widget\" data-widget_type=\"text-editor.default\">\n\t\t\t\t<div class=\"elementor-widget-container\">\n\t\t\t\t\t\t\t\t\t<p>Secondo la legge svizzera, il termine &#8220;persona giuridica&#8221; comprende le societ\u00e0 organizzate e alcune istituzioni con uno scopo specifico e una personalit\u00e0 giuridica che consente loro di esercitare diritti e assumere obblighi in modo indipendente, come previsto dal Codice Civile. Il diritto tributario riconosce le persone giuridiche come soggetti fiscali indipendenti, distinti dai loro soci e dagli organi amministrativi, in virt\u00f9 della loro distinta capacit\u00e0 economica. <\/p><h2>Responsabilit\u00e0 fiscale per le persone giuridiche in Svizzera<\/h2><p>Analogamente alla tassazione individuale, le persone giuridiche devono affrontare due tipi di responsabilit\u00e0 fiscale:<\/p><ol><li><strong>Responsabilit\u00e0 fiscale illimitata<\/strong>: Si applica alle persone giuridiche con sede legale o amministrazione effettiva in Svizzera. Il loro reddito mondiale (profitto) e le attivit\u00e0 corrispondenti (capitale) sono generalmente imponibili sotto la giurisdizione personale. Tuttavia, ci\u00f2 non si estende alle imprese straniere, alle stabili organizzazioni o ai beni immobili situati all&#8217;estero.  <ul><li>La sede legale \u00e8 determinata dall&#8217;atto costitutivo per gli enti privati, mentre la sede degli enti pubblici o ecclesiastici si basa sulle disposizioni di legge che conferiscono loro la personalit\u00e0 giuridica.<\/li><li>L&#8217;obbligo fiscale illimitato inizia con la costituzione della societ\u00e0 in Svizzera o in un cantone e termina con il suo scioglimento o trasferimento.<\/li><\/ul><\/li><li><strong>Responsabilit\u00e0 fiscale limitata<\/strong>: Si applica alle entit\u00e0 societarie non residenti con sede o amministrazione effettiva all&#8217;estero o al di fuori del cantone, ma che possiedono capitali o fonti di reddito in Svizzera o in un cantone specifico. Sono tassate solo su questi specifici beni o fonti di reddito sotto la giurisdizione economica. <ul><li>La responsabilit\u00e0 fiscale limitata sorge quando si verifica un evento imponibile in Svizzera o nel cantone, come l&#8217;acquisto di un immobile o l&#8217;apertura di una stabile organizzazione.<\/li><li>Questa passivit\u00e0 termina quando le condizioni di tassazione cessano, ad esempio con la vendita dell&#8217;attivit\u00e0 imponibile o la chiusura della stabile organizzazione in Svizzera.<\/li><\/ul><\/li><\/ol><p>Il nostro avvocato fiscalista pu\u00f2 assisterti nella creazione della tua attivit\u00e0 in un cantone con condizioni fiscali favorevoli.<\/p><h2>Imposta sugli utili delle societ\u00e0 in Svizzera<\/h2><p>Le persone giuridiche sono soggette a un&#8217;imposta sull&#8217;utile netto e, a livello cantonale, a un&#8217;imposta aggiuntiva sul capitale e sulle riserve.<\/p><ul><li><strong>Imposta sull&#8217;utile netto<\/strong>: L&#8217;oggetto imponibile \u00e8 il profitto netto, che comprende tutti i profitti o i ricavi realizzati da una societ\u00e0 durante un anno fiscale, meno tutte le spese e gli oneri. Le perdite dei sette anni precedenti possono essere dedotte dal profitto imponibile. <ul><li>Se la contabilit\u00e0 dell&#8217;azienda viene tenuta regolarmente, questo profitto viene ricavato dal conto economico, o dal bilancio annuale, redatto secondo il diritto commerciale. Questo collegamento tra la determinazione dell&#8217;utile imponibile e la contabilit\u00e0 di diritto commerciale \u00e8 noto come principio di autorit\u00e0 del bilancio. <\/li><li>L&#8217;utile imponibile determinato dal diritto commerciale viene verificato e rettificato, se necessario, in base alle regole di determinazione dell&#8217;utile imponibile.<\/li><li>Le legislazioni federali e cantonali hanno generalmente prescrizioni simili per il calcolo dell&#8217;utile netto imponibile.<\/li><\/ul><\/li><\/ul><h2>Imposta sul capitale per le persone giuridiche in Svizzera<\/h2><p>Tutte le leggi cantonali prevedono disposizioni per l&#8217;imposta sul capitale delle persone giuridiche. Questa imposta riguarda il patrimonio netto delle societ\u00e0. <\/p><ul><li><strong>Imposta sul capitale<\/strong>: L&#8217;oggetto imponibile \u00e8 il capitale della societ\u00e0.<ul><li>Nei cantoni esistono variazioni nella determinazione del capitale imponibile per le associazioni, le fondazioni e altre entit\u00e0 societarie, dove il patrimonio netto viene calcolato in base alle disposizioni applicabili alle persone fisiche.<\/li><\/ul><\/li><\/ul><p>Il nostro avvocato fiscale pu\u00f2 aiutarti a districarti tra le diverse normative cantonali e a ottimizzare la situazione fiscale della tua azienda in Svizzera.<\/p>\t\t\t\t\t\t\t\t<\/div>\n\t\t\t\t<\/div>\n\t\t\t\t\t<\/div>\n\t\t<\/div>\n\t\t\t\t\t<\/div>\n\t\t<\/section>\n\t\t\t\t<section class=\"elementor-section elementor-top-section elementor-element elementor-element-3220d043 elementor-section-full_width elementor-section-height-min-height elementor-section-items-stretch elementor-section-content-middle elementor-section-height-default\" data-id=\"3220d043\" data-element_type=\"section\" data-e-type=\"section\" data-settings=\"{&quot;background_background&quot;:&quot;classic&quot;}\">\n\t\t\t\t\t\t<div class=\"elementor-container elementor-column-gap-no\">\n\t\t\t\t\t<div class=\"elementor-column elementor-col-50 elementor-top-column elementor-element elementor-element-5c85cb30\" data-id=\"5c85cb30\" data-element_type=\"column\" data-e-type=\"column\" data-settings=\"{&quot;background_background&quot;:&quot;classic&quot;}\">\n\t\t\t<div class=\"elementor-widget-wrap elementor-element-populated\">\n\t\t\t\t\t\t<div class=\"elementor-element elementor-element-35f66b02 elementor-widget elementor-widget-spacer\" data-id=\"35f66b02\" data-element_type=\"widget\" data-e-type=\"widget\" data-widget_type=\"spacer.default\">\n\t\t\t\t<div class=\"elementor-widget-container\">\n\t\t\t\t\t\t\t<div class=\"elementor-spacer\">\n\t\t\t<div class=\"elementor-spacer-inner\"><\/div>\n\t\t<\/div>\n\t\t\t\t\t\t<\/div>\n\t\t\t\t<\/div>\n\t\t\t\t\t<\/div>\n\t\t<\/div>\n\t\t\t\t<div class=\"elementor-column elementor-col-50 elementor-top-column elementor-element elementor-element-5fed8a3\" data-id=\"5fed8a3\" data-element_type=\"column\" data-e-type=\"column\" data-settings=\"{&quot;background_background&quot;:&quot;classic&quot;}\">\n\t\t\t<div class=\"elementor-widget-wrap elementor-element-populated\">\n\t\t\t\t\t\t<div class=\"elementor-element elementor-element-44c0afde elementor-widget elementor-widget-heading\" data-id=\"44c0afde\" data-element_type=\"widget\" data-e-type=\"widget\" data-widget_type=\"heading.default\">\n\t\t\t\t<div class=\"elementor-widget-container\">\n\t\t\t\t\t<p class=\"elementor-heading-title elementor-size-default\">Consultazione iniziale  <\/p>\t\t\t\t<\/div>\n\t\t\t\t<\/div>\n\t\t\t\t<div class=\"elementor-element elementor-element-686e9e7e elementor-widget elementor-widget-heading\" data-id=\"686e9e7e\" data-element_type=\"widget\" data-e-type=\"widget\" data-widget_type=\"heading.default\">\n\t\t\t\t<div class=\"elementor-widget-container\">\n\t\t\t\t\t<p class=\"elementor-heading-title elementor-size-default\">da 60 min a CHF 220,00<\/p>\t\t\t\t<\/div>\n\t\t\t\t<\/div>\n\t\t\t\t<div class=\"elementor-element elementor-element-3e86acf0 elementor-widget elementor-widget-text-editor\" data-id=\"3e86acf0\" data-element_type=\"widget\" data-e-type=\"widget\" data-widget_type=\"text-editor.default\">\n\t\t\t\t<div class=\"elementor-widget-container\">\n\t\t\t\t\t\t\t\t\tDiscuti la tua situazione con un avvocato specializzato in Svizzera.\n\t\t\t\t\t\t\t\t<\/div>\n\t\t\t\t<\/div>\n\t\t\t\t<div class=\"elementor-element elementor-element-8dbf6d3 elementor-widget-divider--view-line elementor-widget elementor-widget-divider\" data-id=\"8dbf6d3\" data-element_type=\"widget\" data-e-type=\"widget\" data-widget_type=\"divider.default\">\n\t\t\t\t<div class=\"elementor-widget-container\">\n\t\t\t\t\t\t\t<div class=\"elementor-divider\">\n\t\t\t<span class=\"elementor-divider-separator\">\n\t\t\t\t\t\t<\/span>\n\t\t<\/div>\n\t\t\t\t\t\t<\/div>\n\t\t\t\t<\/div>\n\t\t\t\t<div class=\"elementor-element elementor-element-577632ad elementor-widget elementor-widget-text-editor\" data-id=\"577632ad\" data-element_type=\"widget\" data-e-type=\"widget\" data-widget_type=\"text-editor.default\">\n\t\t\t\t<div class=\"elementor-widget-container\">\n\t\t\t\t\t\t\t\t\t<p>Stai cercando un appuntamento solo per fare qualche domanda?<br>Non sei sicuro delle procedure che vuoi intraprendere?<br>La tua situazione non \u00e8 chiara?<\/p><p><strong>Opta per una prima consultazione con un avvocato a Ginevra.<\/strong><\/p><p>Deciderai quindi se procedere e i nostri avvocati ti indicheranno il costo della procedura in base al tuo caso. Appuntamenti disponibili di persona o in videoconferenza. <strong><br><\/strong><\/p>\t\t\t\t\t\t\t\t<\/div>\n\t\t\t\t<\/div>\n\t\t\t\t<div class=\"elementor-element elementor-element-706dd8c2 elementor-align-center elementor-widget elementor-widget-button\" data-id=\"706dd8c2\" data-element_type=\"widget\" data-e-type=\"widget\" data-widget_type=\"button.default\">\n\t\t\t\t<div class=\"elementor-widget-container\">\n\t\t\t\t\t\t\t\t\t<div class=\"elementor-button-wrapper\">\n\t\t\t\t\t<a class=\"elementor-button elementor-button-link elementor-size-sm\" href=\"https:\/\/www.geneva-lawyers.com\/it\/contatto\/\">\n\t\t\t\t\t\t<span class=\"elementor-button-content-wrapper\">\n\t\t\t\t\t\t\t\t\t<span class=\"elementor-button-text\">Prendi un appuntamento con un avvocato<\/span>\n\t\t\t\t\t<\/span>\n\t\t\t\t\t<\/a>\n\t\t\t\t<\/div>\n\t\t\t\t\t\t\t\t<\/div>\n\t\t\t\t<\/div>\n\t\t\t\t\t<\/div>\n\t\t<\/div>\n\t\t\t\t\t<\/div>\n\t\t<\/section>\n\t\t\t\t<\/div>\n\t\t","protected":false},"excerpt":{"rendered":"<p>Fissa un appuntamento con un avvocato Tassazione delle imprese Secondo la legge svizzera, il termine &#8220;persona giuridica&#8221; comprende le societ\u00e0 organizzate e alcune istituzioni con uno scopo specifico e una personalit\u00e0 giuridica che consente loro di esercitare diritti e assumere obblighi in modo indipendente, come previsto dal Codice Civile. Il diritto tributario riconosce le persone &#8230; <a title=\"Tassazione delle imprese in Svizzera\" class=\"read-more\" href=\"https:\/\/www.geneva-lawyers.com\/it\/tassazione-imprese-svizzera\/\" aria-label=\"Per saperne di pi\u00f9 su Tassazione delle imprese in Svizzera\">Leggi tutto<\/a><\/p>\n","protected":false},"author":1,"featured_media":0,"parent":0,"menu_order":0,"comment_status":"closed","ping_status":"closed","template":"elementor_header_footer","meta":{"_acf_changed":false,"_seopress_robots_primary_cat":"","_seopress_titles_title":"","_seopress_titles_desc":"","_seopress_robots_index":"","footnotes":""},"class_list":["post-30620","page","type-page","status-publish"],"acf":[],"_links":{"self":[{"href":"https:\/\/www.geneva-lawyers.com\/it\/wp-json\/wp\/v2\/pages\/30620","targetHints":{"allow":["GET"]}}],"collection":[{"href":"https:\/\/www.geneva-lawyers.com\/it\/wp-json\/wp\/v2\/pages"}],"about":[{"href":"https:\/\/www.geneva-lawyers.com\/it\/wp-json\/wp\/v2\/types\/page"}],"author":[{"embeddable":true,"href":"https:\/\/www.geneva-lawyers.com\/it\/wp-json\/wp\/v2\/users\/1"}],"replies":[{"embeddable":true,"href":"https:\/\/www.geneva-lawyers.com\/it\/wp-json\/wp\/v2\/comments?post=30620"}],"version-history":[{"count":6,"href":"https:\/\/www.geneva-lawyers.com\/it\/wp-json\/wp\/v2\/pages\/30620\/revisions"}],"predecessor-version":[{"id":34283,"href":"https:\/\/www.geneva-lawyers.com\/it\/wp-json\/wp\/v2\/pages\/30620\/revisions\/34283"}],"wp:attachment":[{"href":"https:\/\/www.geneva-lawyers.com\/it\/wp-json\/wp\/v2\/media?parent=30620"}],"curies":[{"name":"wp","href":"https:\/\/api.w.org\/{rel}","templated":true}]}}