{"id":30627,"date":"2024-05-22T15:35:20","date_gmt":"2024-05-22T13:35:20","guid":{"rendered":"https:\/\/www.geneva-lawyers.com\/tassazione-delle-persone-fisiche-in-svizzera\/"},"modified":"2025-04-14T15:29:44","modified_gmt":"2025-04-14T13:29:44","slug":"tassazione-persone-fisiche-svizzera","status":"publish","type":"page","link":"https:\/\/www.geneva-lawyers.com\/it\/tassazione-persone-fisiche-svizzera\/","title":{"rendered":"Tassazione delle persone fisiche in Svizzera"},"content":{"rendered":"\t\t<div data-elementor-type=\"wp-page\" data-elementor-id=\"30627\" class=\"elementor elementor-30627 elementor-29225\" data-elementor-post-type=\"page\">\n\t\t\t\t\t\t<section class=\"elementor-section elementor-top-section elementor-element elementor-element-24bf6d4d elementor-section-boxed elementor-section-height-default elementor-section-height-default\" data-id=\"24bf6d4d\" data-element_type=\"section\" data-e-type=\"section\" data-settings=\"{&quot;background_background&quot;:&quot;classic&quot;}\">\n\t\t\t\t\t\t\t<div class=\"elementor-background-overlay\"><\/div>\n\t\t\t\t\t\t\t<div class=\"elementor-container elementor-column-gap-default\">\n\t\t\t\t\t<div class=\"elementor-column elementor-col-100 elementor-top-column elementor-element elementor-element-41fbc2e4\" data-id=\"41fbc2e4\" data-element_type=\"column\" data-e-type=\"column\">\n\t\t\t<div class=\"elementor-widget-wrap elementor-element-populated\">\n\t\t\t\t\t\t<div class=\"elementor-element elementor-element-64344d73 elementor-widget-divider--view-line elementor-widget elementor-widget-divider\" data-id=\"64344d73\" data-element_type=\"widget\" data-e-type=\"widget\" data-widget_type=\"divider.default\">\n\t\t\t\t<div class=\"elementor-widget-container\">\n\t\t\t\t\t\t\t<div class=\"elementor-divider\">\n\t\t\t<span class=\"elementor-divider-separator\">\n\t\t\t\t\t\t<\/span>\n\t\t<\/div>\n\t\t\t\t\t\t<\/div>\n\t\t\t\t<\/div>\n\t\t\t\t<div class=\"elementor-element elementor-element-47409637 elementor-align-center elementor-widget elementor-widget-button\" data-id=\"47409637\" data-element_type=\"widget\" data-e-type=\"widget\" data-widget_type=\"button.default\">\n\t\t\t\t<div class=\"elementor-widget-container\">\n\t\t\t\t\t\t\t\t\t<div class=\"elementor-button-wrapper\">\n\t\t\t\t\t<a class=\"elementor-button elementor-button-link elementor-size-sm\" href=\"https:\/\/www.geneva-lawyers.com\/it\/contatto\/\">\n\t\t\t\t\t\t<span class=\"elementor-button-content-wrapper\">\n\t\t\t\t\t\t\t\t\t<span class=\"elementor-button-text\">Fissa un appuntamento con un avvocato<\/span>\n\t\t\t\t\t<\/span>\n\t\t\t\t\t<\/a>\n\t\t\t\t<\/div>\n\t\t\t\t\t\t\t\t<\/div>\n\t\t\t\t<\/div>\n\t\t\t\t\t<\/div>\n\t\t<\/div>\n\t\t\t\t\t<\/div>\n\t\t<\/section>\n\t\t\t\t<section class=\"elementor-section elementor-top-section elementor-element elementor-element-2e9ecee2 elementor-section-boxed elementor-section-height-default elementor-section-height-default\" data-id=\"2e9ecee2\" data-element_type=\"section\" data-e-type=\"section\">\n\t\t\t\t\t\t<div class=\"elementor-container elementor-column-gap-default\">\n\t\t\t\t\t<div class=\"elementor-column elementor-col-100 elementor-top-column elementor-element elementor-element-3b6c5523\" data-id=\"3b6c5523\" data-element_type=\"column\" data-e-type=\"column\">\n\t\t\t<div class=\"elementor-widget-wrap elementor-element-populated\">\n\t\t\t\t\t\t<div class=\"elementor-element elementor-element-3865b72a elementor-widget elementor-widget-heading\" data-id=\"3865b72a\" data-element_type=\"widget\" data-e-type=\"widget\" data-widget_type=\"heading.default\">\n\t\t\t\t<div class=\"elementor-widget-container\">\n\t\t\t\t\t<h2 class=\"elementor-heading-title elementor-size-default\">Responsabilit\u00e0 fiscale individuale<\/h2>\t\t\t\t<\/div>\n\t\t\t\t<\/div>\n\t\t\t\t<div class=\"elementor-element elementor-element-5f80058 elementor-widget-divider--view-line elementor-widget elementor-widget-divider\" data-id=\"5f80058\" data-element_type=\"widget\" data-e-type=\"widget\" data-widget_type=\"divider.default\">\n\t\t\t\t<div class=\"elementor-widget-container\">\n\t\t\t\t\t\t\t<div class=\"elementor-divider\">\n\t\t\t<span class=\"elementor-divider-separator\">\n\t\t\t\t\t\t<\/span>\n\t\t<\/div>\n\t\t\t\t\t\t<\/div>\n\t\t\t\t<\/div>\n\t\t\t\t<div class=\"elementor-element elementor-element-201ea57f elementor-widget elementor-widget-text-editor\" data-id=\"201ea57f\" data-element_type=\"widget\" data-e-type=\"widget\" data-widget_type=\"text-editor.default\">\n\t\t\t\t<div class=\"elementor-widget-container\">\n\t\t\t\t\t\t\t\t\t<p>La responsabilit\u00e0 fiscale si riferisce alla situazione in cui un individuo \u00e8 legalmente obbligato a versare contributi finanziari a un fondo pubblico in base a una legge o a un regolamento amministrativo. Questo \u00e8 il primo passo per valutare la propria situazione fiscale e pu\u00f2 essere limitato o illimitato. Se una persona risiede in Svizzera, \u00e8 soggetta a un obbligo fiscale illimitato. Questa responsabilit\u00e0 illimitata si applica anche a chi soggiorna in Svizzera per almeno 30 giorni con un&#8217;attivit\u00e0 lavorativa o per 90 giorni senza occupazione.   <\/p><p>Il nostro avvocato tributarista pu\u00f2 spiegarti in che modo la responsabilit\u00e0 fiscale influisce sulla tua tassazione ed esplorare le opzioni disponibili.<\/p><h2>Imposta sul reddito delle persone fisiche in Svizzera<\/h2><p>L&#8217;imposta sul reddito delle persone fisiche comprende le imposte sul reddito netto (reddito lordo meno le detrazioni fiscali consentite) e sui guadagni in conto capitale. Questa imposta \u00e8 una fonte di entrate significativa per lo Stato. <\/p><p>L&#8217;imposta sul reddito pu\u00f2 essere limitata o illimitata, come l&#8217;imposta sul patrimonio per le persone fisiche.<\/p><p>Il governo federale, tutti i cantoni e i comuni applicano un&#8217;imposta generale sul reddito. In genere viene calcolata sul reddito totale del contribuente, indipendentemente dalla sua fonte. L&#8217;imposta tiene conto della capacit\u00e0 economica del contribuente, tra cui l&#8217;ammontare del reddito, i costi di acquisizione necessari, le responsabilit\u00e0 familiari, il tenore di vita, le detrazioni generali e sociali, ecc.  <\/p><p>Le imposte comunali sul reddito si basano sulle leggi fiscali cantonali e sono determinate attraverso la stessa valutazione utilizzata per le imposte cantonali.<\/p><p>Alcuni redditi sono esenti da imposte a livello federale e cantonale. Tuttavia, questi redditi esenti potrebbero essere soggetti ad altre imposte, come quelle di successione o di donazione. <\/p><p>Le leggi fiscali svizzere prevedono diverse detrazioni, che possono essere classificate come spese, detrazioni generali e detrazioni sociali. Queste detrazioni si applicano a tutti i livelli e possono variare da un cantone all&#8217;altro. Vengono sottratte dal reddito, riducendo l&#8217;onere fiscale annuale.  <\/p><p>Il nostro avvocato fiscale pu\u00f2 valutare la tua situazione e consigliarti sulle detrazioni fiscali autorizzate.<\/p><h2>Imposta sul patrimonio per le persone fisiche in Svizzera<\/h2><p>Dal 1959, il governo federale non impone pi\u00f9 un&#8217;imposta sul patrimonio alle persone fisiche perch\u00e9 combinarla con le imposte sul patrimonio cantonali e comunali porterebbe a un carico fiscale eccessivo.<\/p><p>L&#8217;imposta sul patrimonio \u00e8 quindi un&#8217;imposta cantonale, che d\u00e0 luogo a 26 legislazioni diverse. Il nostro avvocato fiscale pu\u00f2 guidarti attraverso queste diverse normative. <\/p><p>Circa 2.200 comuni svizzeri hanno la sovranit\u00e0 fiscale delegata e riscuotono anche le tasse, compresa l&#8217;imposta sul patrimonio. Di solito, i comuni utilizzano la stessa base giuridica del loro cantone ma con aliquote diverse, a volte utilizzando le proprie tariffe, ma spesso attraverso multipli degli scaglioni cantonali o dell&#8217;imposta cantonale dovuta. <\/p><p>Le tasse comunali sono spesso pari o superiori a quelle cantonali.<\/p><p>Esiste tuttavia una certa armonizzazione a livello cantonale per quanto riguarda gli scaglioni, le aliquote e gli importi esenti, che rimangono di competenza dei cantoni.<\/p><p>Alcuni beni sono esenti e non rientrano nel calcolo dell&#8217;imposta sul patrimonio.<\/p><p>Come l&#8217;imposta sul reddito, anche l&#8217;imposta sul patrimonio pu\u00f2 essere limitata o illimitata.<\/p><p>Le leggi fiscali svizzere prevedono varie detrazioni, generalmente classificate in detrazioni per debiti e detrazioni sociali. L&#8217;imposta sul patrimonio viene applicata sulla ricchezza netta del contribuente, non sull&#8217;importo lordo. <\/p><p>Il nostro avvocato fiscalista pu\u00f2 assisterti nella gestione di queste detrazioni.<\/p>\t\t\t\t\t\t\t\t<\/div>\n\t\t\t\t<\/div>\n\t\t\t\t\t<\/div>\n\t\t<\/div>\n\t\t\t\t\t<\/div>\n\t\t<\/section>\n\t\t\t\t<section class=\"elementor-section elementor-top-section elementor-element elementor-element-67bd74c8 elementor-section-full_width elementor-section-height-min-height elementor-section-items-stretch elementor-section-content-middle elementor-section-height-default\" data-id=\"67bd74c8\" data-element_type=\"section\" data-e-type=\"section\" data-settings=\"{&quot;background_background&quot;:&quot;classic&quot;}\">\n\t\t\t\t\t\t<div class=\"elementor-container elementor-column-gap-no\">\n\t\t\t\t\t<div class=\"elementor-column elementor-col-50 elementor-top-column elementor-element elementor-element-45dce8a4\" data-id=\"45dce8a4\" data-element_type=\"column\" data-e-type=\"column\" data-settings=\"{&quot;background_background&quot;:&quot;classic&quot;}\">\n\t\t\t<div class=\"elementor-widget-wrap elementor-element-populated\">\n\t\t\t\t\t\t<div class=\"elementor-element elementor-element-6774a1d5 elementor-widget elementor-widget-spacer\" data-id=\"6774a1d5\" data-element_type=\"widget\" data-e-type=\"widget\" data-widget_type=\"spacer.default\">\n\t\t\t\t<div class=\"elementor-widget-container\">\n\t\t\t\t\t\t\t<div class=\"elementor-spacer\">\n\t\t\t<div class=\"elementor-spacer-inner\"><\/div>\n\t\t<\/div>\n\t\t\t\t\t\t<\/div>\n\t\t\t\t<\/div>\n\t\t\t\t\t<\/div>\n\t\t<\/div>\n\t\t\t\t<div class=\"elementor-column elementor-col-50 elementor-top-column elementor-element elementor-element-63ae02df\" data-id=\"63ae02df\" data-element_type=\"column\" data-e-type=\"column\" data-settings=\"{&quot;background_background&quot;:&quot;classic&quot;}\">\n\t\t\t<div class=\"elementor-widget-wrap elementor-element-populated\">\n\t\t\t\t\t\t<div class=\"elementor-element elementor-element-83bfc18 elementor-widget elementor-widget-heading\" data-id=\"83bfc18\" data-element_type=\"widget\" data-e-type=\"widget\" data-widget_type=\"heading.default\">\n\t\t\t\t<div class=\"elementor-widget-container\">\n\t\t\t\t\t<p class=\"elementor-heading-title elementor-size-default\">Consultazione iniziale  <\/p>\t\t\t\t<\/div>\n\t\t\t\t<\/div>\n\t\t\t\t<div class=\"elementor-element elementor-element-4b9b5c2a elementor-widget elementor-widget-heading\" data-id=\"4b9b5c2a\" data-element_type=\"widget\" data-e-type=\"widget\" data-widget_type=\"heading.default\">\n\t\t\t\t<div class=\"elementor-widget-container\">\n\t\t\t\t\t<p class=\"elementor-heading-title elementor-size-default\">da 60 min a CHF 220,00<\/p>\t\t\t\t<\/div>\n\t\t\t\t<\/div>\n\t\t\t\t<div class=\"elementor-element elementor-element-7cb45a38 elementor-widget elementor-widget-text-editor\" data-id=\"7cb45a38\" data-element_type=\"widget\" data-e-type=\"widget\" data-widget_type=\"text-editor.default\">\n\t\t\t\t<div class=\"elementor-widget-container\">\n\t\t\t\t\t\t\t\t\tDiscuti la tua situazione con un avvocato specializzato in Svizzera.\n\t\t\t\t\t\t\t\t<\/div>\n\t\t\t\t<\/div>\n\t\t\t\t<div class=\"elementor-element elementor-element-58652545 elementor-widget-divider--view-line elementor-widget elementor-widget-divider\" data-id=\"58652545\" data-element_type=\"widget\" data-e-type=\"widget\" data-widget_type=\"divider.default\">\n\t\t\t\t<div class=\"elementor-widget-container\">\n\t\t\t\t\t\t\t<div class=\"elementor-divider\">\n\t\t\t<span class=\"elementor-divider-separator\">\n\t\t\t\t\t\t<\/span>\n\t\t<\/div>\n\t\t\t\t\t\t<\/div>\n\t\t\t\t<\/div>\n\t\t\t\t<div class=\"elementor-element elementor-element-11862e11 elementor-widget elementor-widget-text-editor\" data-id=\"11862e11\" data-element_type=\"widget\" data-e-type=\"widget\" data-widget_type=\"text-editor.default\">\n\t\t\t\t<div class=\"elementor-widget-container\">\n\t\t\t\t\t\t\t\t\t<p>Stai cercando un appuntamento solo per fare qualche domanda?<br>Non sei sicuro delle procedure che vuoi intraprendere?<br>La tua situazione non \u00e8 chiara?<\/p><p><strong>Opta per una prima consultazione con un avvocato a Ginevra.<\/strong><\/p><p>Deciderai quindi se procedere e i nostri avvocati ti indicheranno il costo della procedura in base al tuo caso. Appuntamenti disponibili di persona o in videoconferenza. <strong><br><\/strong><\/p>\t\t\t\t\t\t\t\t<\/div>\n\t\t\t\t<\/div>\n\t\t\t\t<div class=\"elementor-element elementor-element-f136d6b elementor-align-center elementor-widget elementor-widget-button\" data-id=\"f136d6b\" data-element_type=\"widget\" data-e-type=\"widget\" data-widget_type=\"button.default\">\n\t\t\t\t<div class=\"elementor-widget-container\">\n\t\t\t\t\t\t\t\t\t<div class=\"elementor-button-wrapper\">\n\t\t\t\t\t<a class=\"elementor-button elementor-button-link elementor-size-sm\" href=\"https:\/\/www.geneva-lawyers.com\/it\/contatto\/\">\n\t\t\t\t\t\t<span class=\"elementor-button-content-wrapper\">\n\t\t\t\t\t\t\t\t\t<span class=\"elementor-button-text\">Prendi un appuntamento con un avvocato<\/span>\n\t\t\t\t\t<\/span>\n\t\t\t\t\t<\/a>\n\t\t\t\t<\/div>\n\t\t\t\t\t\t\t\t<\/div>\n\t\t\t\t<\/div>\n\t\t\t\t\t<\/div>\n\t\t<\/div>\n\t\t\t\t\t<\/div>\n\t\t<\/section>\n\t\t\t\t<\/div>\n\t\t","protected":false},"excerpt":{"rendered":"<p>Fissa un appuntamento con un avvocato Responsabilit\u00e0 fiscale individuale La responsabilit\u00e0 fiscale si riferisce alla situazione in cui un individuo \u00e8 legalmente obbligato a versare contributi finanziari a un fondo pubblico in base a una legge o a un regolamento amministrativo. Questo \u00e8 il primo passo per valutare la propria situazione fiscale e pu\u00f2 essere &#8230; <a title=\"Tassazione delle persone fisiche in Svizzera\" class=\"read-more\" href=\"https:\/\/www.geneva-lawyers.com\/it\/tassazione-persone-fisiche-svizzera\/\" aria-label=\"Per saperne di pi\u00f9 su Tassazione delle persone fisiche in Svizzera\">Leggi tutto<\/a><\/p>\n","protected":false},"author":1,"featured_media":0,"parent":0,"menu_order":0,"comment_status":"closed","ping_status":"closed","template":"elementor_header_footer","meta":{"_acf_changed":false,"_seopress_robots_primary_cat":"","_seopress_titles_title":"","_seopress_titles_desc":"","_seopress_robots_index":"","footnotes":""},"class_list":["post-30627","page","type-page","status-publish"],"acf":[],"_links":{"self":[{"href":"https:\/\/www.geneva-lawyers.com\/it\/wp-json\/wp\/v2\/pages\/30627","targetHints":{"allow":["GET"]}}],"collection":[{"href":"https:\/\/www.geneva-lawyers.com\/it\/wp-json\/wp\/v2\/pages"}],"about":[{"href":"https:\/\/www.geneva-lawyers.com\/it\/wp-json\/wp\/v2\/types\/page"}],"author":[{"embeddable":true,"href":"https:\/\/www.geneva-lawyers.com\/it\/wp-json\/wp\/v2\/users\/1"}],"replies":[{"embeddable":true,"href":"https:\/\/www.geneva-lawyers.com\/it\/wp-json\/wp\/v2\/comments?post=30627"}],"version-history":[{"count":6,"href":"https:\/\/www.geneva-lawyers.com\/it\/wp-json\/wp\/v2\/pages\/30627\/revisions"}],"predecessor-version":[{"id":33868,"href":"https:\/\/www.geneva-lawyers.com\/it\/wp-json\/wp\/v2\/pages\/30627\/revisions\/33868"}],"wp:attachment":[{"href":"https:\/\/www.geneva-lawyers.com\/it\/wp-json\/wp\/v2\/media?parent=30627"}],"curies":[{"name":"wp","href":"https:\/\/api.w.org\/{rel}","templated":true}]}}