{"id":30649,"date":"2024-05-22T14:09:25","date_gmt":"2024-05-22T12:09:25","guid":{"rendered":"https:\/\/www.geneva-lawyers.com\/avvocato-per-il-recupero-crediti-in-svizzera\/"},"modified":"2025-04-14T16:02:27","modified_gmt":"2025-04-14T14:02:27","slug":"avvocato-recupero-crediti-svizzera","status":"publish","type":"page","link":"https:\/\/www.geneva-lawyers.com\/it\/avvocato-recupero-crediti-svizzera\/","title":{"rendered":"Avvocato per il recupero crediti in Svizzera"},"content":{"rendered":"\t\t<div data-elementor-type=\"wp-page\" data-elementor-id=\"30649\" class=\"elementor elementor-30649 elementor-29200\" data-elementor-post-type=\"page\">\n\t\t\t\t\t\t<section class=\"elementor-section elementor-top-section elementor-element elementor-element-199954ab elementor-section-boxed elementor-section-height-default elementor-section-height-default\" data-id=\"199954ab\" data-element_type=\"section\" data-e-type=\"section\" data-settings=\"{&quot;background_background&quot;:&quot;classic&quot;}\">\n\t\t\t\t\t\t\t<div class=\"elementor-background-overlay\"><\/div>\n\t\t\t\t\t\t\t<div class=\"elementor-container elementor-column-gap-default\">\n\t\t\t\t\t<div class=\"elementor-column elementor-col-100 elementor-top-column elementor-element elementor-element-5e269a55\" data-id=\"5e269a55\" data-element_type=\"column\" data-e-type=\"column\">\n\t\t\t<div class=\"elementor-widget-wrap elementor-element-populated\">\n\t\t\t\t\t\t<div class=\"elementor-element elementor-element-7d6fb99a elementor-widget-divider--view-line elementor-widget elementor-widget-divider\" data-id=\"7d6fb99a\" data-element_type=\"widget\" data-e-type=\"widget\" data-widget_type=\"divider.default\">\n\t\t\t\t<div class=\"elementor-widget-container\">\n\t\t\t\t\t\t\t<div class=\"elementor-divider\">\n\t\t\t<span class=\"elementor-divider-separator\">\n\t\t\t\t\t\t<\/span>\n\t\t<\/div>\n\t\t\t\t\t\t<\/div>\n\t\t\t\t<\/div>\n\t\t\t\t<div class=\"elementor-element elementor-element-530e8ff1 elementor-align-center elementor-widget elementor-widget-button\" data-id=\"530e8ff1\" data-element_type=\"widget\" data-e-type=\"widget\" data-widget_type=\"button.default\">\n\t\t\t\t<div class=\"elementor-widget-container\">\n\t\t\t\t\t\t\t\t\t<div class=\"elementor-button-wrapper\">\n\t\t\t\t\t<a class=\"elementor-button elementor-button-link elementor-size-sm\" href=\"https:\/\/www.geneva-lawyers.com\/it\/contatto\/\">\n\t\t\t\t\t\t<span class=\"elementor-button-content-wrapper\">\n\t\t\t\t\t\t\t\t\t<span class=\"elementor-button-text\">Fissa un appuntamento con un avvocato<\/span>\n\t\t\t\t\t<\/span>\n\t\t\t\t\t<\/a>\n\t\t\t\t<\/div>\n\t\t\t\t\t\t\t\t<\/div>\n\t\t\t\t<\/div>\n\t\t\t\t\t<\/div>\n\t\t<\/div>\n\t\t\t\t\t<\/div>\n\t\t<\/section>\n\t\t\t\t<section class=\"elementor-section elementor-top-section elementor-element elementor-element-7aae99b0 elementor-section-boxed elementor-section-height-default elementor-section-height-default\" data-id=\"7aae99b0\" data-element_type=\"section\" data-e-type=\"section\">\n\t\t\t\t\t\t<div class=\"elementor-container elementor-column-gap-default\">\n\t\t\t\t\t<div class=\"elementor-column elementor-col-100 elementor-top-column elementor-element elementor-element-7b87b82d\" data-id=\"7b87b82d\" data-element_type=\"column\" data-e-type=\"column\">\n\t\t\t<div class=\"elementor-widget-wrap elementor-element-populated\">\n\t\t\t\t\t\t<div class=\"elementor-element elementor-element-1b144a78 elementor-widget elementor-widget-heading\" data-id=\"1b144a78\" data-element_type=\"widget\" data-e-type=\"widget\" data-widget_type=\"heading.default\">\n\t\t\t\t<div class=\"elementor-widget-container\">\n\t\t\t\t\t<h2 class=\"elementor-heading-title elementor-size-default\">Avvocato per il recupero crediti a Ginevra\n<\/h2>\t\t\t\t<\/div>\n\t\t\t\t<\/div>\n\t\t\t\t<div class=\"elementor-element elementor-element-261e47ef elementor-widget-divider--view-line elementor-widget elementor-widget-divider\" data-id=\"261e47ef\" data-element_type=\"widget\" data-e-type=\"widget\" data-widget_type=\"divider.default\">\n\t\t\t\t<div class=\"elementor-widget-container\">\n\t\t\t\t\t\t\t<div class=\"elementor-divider\">\n\t\t\t<span class=\"elementor-divider-separator\">\n\t\t\t\t\t\t<\/span>\n\t\t<\/div>\n\t\t\t\t\t\t<\/div>\n\t\t\t\t<\/div>\n\t\t\t\t<div class=\"elementor-element elementor-element-729b9911 elementor-widget elementor-widget-text-editor\" data-id=\"729b9911\" data-element_type=\"widget\" data-e-type=\"widget\" data-widget_type=\"text-editor.default\">\n\t\t\t\t<div class=\"elementor-widget-container\">\n\t\t\t\t\t\t\t\t\t<p>La legge sul recupero crediti comprende tutte le norme che regolano le procedure che ogni cittadino deve avviare se \u00e8 vittima di un illecito che potrebbe portare a una sentenza civile o a un reato penale.<\/p><p>Il contenzioso civile \u00e8 regolato dalla Legge Federale sul Recupero Crediti e sul Fallimento (LP). Inoltre, il Codice di Procedura Civile delinea le procedure di appello contro le decisioni dei tribunali di grado inferiore e specifica i tipi di prove che ciascuna parte pu\u00f2 utilizzare a sostegno delle proprie richieste. <\/p><h2>Avvocato per il recupero crediti a Ginevra<\/h2><p>Se sei una vittima, i passi da compiere per sporgere denuncia sono regolati dal Codice di Procedura Penale. Per prima cosa devi presentare una denuncia al pubblico ministero, che decider\u00e0 come procedere. Il procuratore pu\u00f2 archiviare il caso se ritiene che il presunto reato non sia sufficientemente provato, oppure pu\u00f2 convocare l&#8217;imputato per un ulteriore procedimento.  <\/p><p>Il Codice di Procedura Penale dettaglia anche le condizioni in cui l&#8217;imputato o la parte civile possono appellarsi a una decisione di primo grado. Il coinvolgimento di un avvocato per il recupero crediti pu\u00f2 essere fondamentale in tribunale. \u00c8 importante scegliere un avvocato che conosca bene l&#8217;area specifica della legge relativa al tuo problema.  <\/p><h2>Contattaci<\/h2><p>Per una consulenza e una rappresentanza legale esperta in materia di recupero crediti a Ginevra, contattaci. I nostri avvocati si impegnano a fornire un&#8217;assistenza approfondita ed efficace per garantire la piena tutela dei tuoi diritti e interessi. <\/p>\t\t\t\t\t\t\t\t<\/div>\n\t\t\t\t<\/div>\n\t\t\t\t\t<\/div>\n\t\t<\/div>\n\t\t\t\t\t<\/div>\n\t\t<\/section>\n\t\t\t\t<section class=\"elementor-section elementor-top-section elementor-element elementor-element-2a6ab456 elementor-section-full_width elementor-section-height-min-height elementor-section-items-stretch elementor-section-content-middle elementor-section-height-default\" data-id=\"2a6ab456\" data-element_type=\"section\" data-e-type=\"section\" data-settings=\"{&quot;background_background&quot;:&quot;classic&quot;}\">\n\t\t\t\t\t\t<div class=\"elementor-container elementor-column-gap-no\">\n\t\t\t\t\t<div class=\"elementor-column elementor-col-50 elementor-top-column elementor-element elementor-element-47ea4dd7\" data-id=\"47ea4dd7\" data-element_type=\"column\" data-e-type=\"column\" data-settings=\"{&quot;background_background&quot;:&quot;classic&quot;}\">\n\t\t\t<div class=\"elementor-widget-wrap elementor-element-populated\">\n\t\t\t\t\t\t<div class=\"elementor-element elementor-element-67cdd480 elementor-widget elementor-widget-spacer\" data-id=\"67cdd480\" data-element_type=\"widget\" data-e-type=\"widget\" data-widget_type=\"spacer.default\">\n\t\t\t\t<div class=\"elementor-widget-container\">\n\t\t\t\t\t\t\t<div class=\"elementor-spacer\">\n\t\t\t<div class=\"elementor-spacer-inner\"><\/div>\n\t\t<\/div>\n\t\t\t\t\t\t<\/div>\n\t\t\t\t<\/div>\n\t\t\t\t\t<\/div>\n\t\t<\/div>\n\t\t\t\t<div class=\"elementor-column elementor-col-50 elementor-top-column elementor-element elementor-element-39682d56\" data-id=\"39682d56\" data-element_type=\"column\" data-e-type=\"column\" data-settings=\"{&quot;background_background&quot;:&quot;classic&quot;}\">\n\t\t\t<div class=\"elementor-widget-wrap elementor-element-populated\">\n\t\t\t\t\t\t<div class=\"elementor-element elementor-element-4b8087b6 elementor-widget elementor-widget-heading\" data-id=\"4b8087b6\" data-element_type=\"widget\" data-e-type=\"widget\" data-widget_type=\"heading.default\">\n\t\t\t\t<div class=\"elementor-widget-container\">\n\t\t\t\t\t<p class=\"elementor-heading-title elementor-size-default\">Consultazione iniziale  <\/p>\t\t\t\t<\/div>\n\t\t\t\t<\/div>\n\t\t\t\t<div class=\"elementor-element elementor-element-30baa281 elementor-widget elementor-widget-heading\" data-id=\"30baa281\" data-element_type=\"widget\" data-e-type=\"widget\" data-widget_type=\"heading.default\">\n\t\t\t\t<div class=\"elementor-widget-container\">\n\t\t\t\t\t<p class=\"elementor-heading-title elementor-size-default\">da 60 min a CHF 220,00<\/p>\t\t\t\t<\/div>\n\t\t\t\t<\/div>\n\t\t\t\t<div class=\"elementor-element elementor-element-d6dc193 elementor-widget elementor-widget-text-editor\" data-id=\"d6dc193\" data-element_type=\"widget\" data-e-type=\"widget\" data-widget_type=\"text-editor.default\">\n\t\t\t\t<div class=\"elementor-widget-container\">\n\t\t\t\t\t\t\t\t\tDiscuti la tua situazione con un avvocato specializzato in Svizzera.\n\t\t\t\t\t\t\t\t<\/div>\n\t\t\t\t<\/div>\n\t\t\t\t<div class=\"elementor-element elementor-element-50fa7fa5 elementor-widget-divider--view-line elementor-widget elementor-widget-divider\" data-id=\"50fa7fa5\" data-element_type=\"widget\" data-e-type=\"widget\" data-widget_type=\"divider.default\">\n\t\t\t\t<div class=\"elementor-widget-container\">\n\t\t\t\t\t\t\t<div class=\"elementor-divider\">\n\t\t\t<span class=\"elementor-divider-separator\">\n\t\t\t\t\t\t<\/span>\n\t\t<\/div>\n\t\t\t\t\t\t<\/div>\n\t\t\t\t<\/div>\n\t\t\t\t<div class=\"elementor-element elementor-element-afe4161 elementor-widget elementor-widget-text-editor\" data-id=\"afe4161\" data-element_type=\"widget\" data-e-type=\"widget\" data-widget_type=\"text-editor.default\">\n\t\t\t\t<div class=\"elementor-widget-container\">\n\t\t\t\t\t\t\t\t\t<p>Stai cercando un appuntamento solo per fare qualche domanda?<br>Non sei sicuro delle procedure che vuoi intraprendere?<br>La tua situazione non \u00e8 chiara?<\/p><p><strong>Opta per una prima consultazione con un avvocato a Ginevra.<\/strong><\/p><p>Deciderai quindi se procedere e i nostri avvocati ti indicheranno il costo della procedura in base al tuo caso. Appuntamenti disponibili di persona o in videoconferenza. <strong><br><\/strong><\/p>\t\t\t\t\t\t\t\t<\/div>\n\t\t\t\t<\/div>\n\t\t\t\t<div class=\"elementor-element elementor-element-336d6376 elementor-align-center elementor-widget elementor-widget-button\" data-id=\"336d6376\" data-element_type=\"widget\" data-e-type=\"widget\" data-widget_type=\"button.default\">\n\t\t\t\t<div class=\"elementor-widget-container\">\n\t\t\t\t\t\t\t\t\t<div class=\"elementor-button-wrapper\">\n\t\t\t\t\t<a class=\"elementor-button elementor-button-link elementor-size-sm\" href=\"https:\/\/www.geneva-lawyers.com\/it\/contatto\/\">\n\t\t\t\t\t\t<span class=\"elementor-button-content-wrapper\">\n\t\t\t\t\t\t\t\t\t<span class=\"elementor-button-text\">Prendi un appuntamento con un avvocato<\/span>\n\t\t\t\t\t<\/span>\n\t\t\t\t\t<\/a>\n\t\t\t\t<\/div>\n\t\t\t\t\t\t\t\t<\/div>\n\t\t\t\t<\/div>\n\t\t\t\t\t<\/div>\n\t\t<\/div>\n\t\t\t\t\t<\/div>\n\t\t<\/section>\n\t\t\t\t<\/div>\n\t\t","protected":false},"excerpt":{"rendered":"<p>Fissa un appuntamento con un avvocato Avvocato per il recupero crediti a Ginevra La legge sul recupero crediti comprende tutte le norme che regolano le procedure che ogni cittadino deve avviare se \u00e8 vittima di un illecito che potrebbe portare a una sentenza civile o a un reato penale. Il contenzioso civile \u00e8 regolato dalla &#8230; <a title=\"Avvocato per il recupero crediti in Svizzera\" class=\"read-more\" href=\"https:\/\/www.geneva-lawyers.com\/it\/avvocato-recupero-crediti-svizzera\/\" aria-label=\"Per saperne di pi\u00f9 su Avvocato per il recupero crediti in Svizzera\">Leggi tutto<\/a><\/p>\n","protected":false},"author":1,"featured_media":0,"parent":0,"menu_order":0,"comment_status":"closed","ping_status":"closed","template":"elementor_header_footer","meta":{"_acf_changed":false,"_seopress_robots_primary_cat":"","_seopress_titles_title":"","_seopress_titles_desc":"","_seopress_robots_index":"","footnotes":""},"class_list":["post-30649","page","type-page","status-publish"],"acf":[],"_links":{"self":[{"href":"https:\/\/www.geneva-lawyers.com\/it\/wp-json\/wp\/v2\/pages\/30649","targetHints":{"allow":["GET"]}}],"collection":[{"href":"https:\/\/www.geneva-lawyers.com\/it\/wp-json\/wp\/v2\/pages"}],"about":[{"href":"https:\/\/www.geneva-lawyers.com\/it\/wp-json\/wp\/v2\/types\/page"}],"author":[{"embeddable":true,"href":"https:\/\/www.geneva-lawyers.com\/it\/wp-json\/wp\/v2\/users\/1"}],"replies":[{"embeddable":true,"href":"https:\/\/www.geneva-lawyers.com\/it\/wp-json\/wp\/v2\/comments?post=30649"}],"version-history":[{"count":6,"href":"https:\/\/www.geneva-lawyers.com\/it\/wp-json\/wp\/v2\/pages\/30649\/revisions"}],"predecessor-version":[{"id":34128,"href":"https:\/\/www.geneva-lawyers.com\/it\/wp-json\/wp\/v2\/pages\/30649\/revisions\/34128"}],"wp:attachment":[{"href":"https:\/\/www.geneva-lawyers.com\/it\/wp-json\/wp\/v2\/media?parent=30649"}],"curies":[{"name":"wp","href":"https:\/\/api.w.org\/{rel}","templated":true}]}}